{"id":1871,"date":"2018-09-05T15:04:33","date_gmt":"2018-10-10T08:06:23","guid":{"rendered":"https:\/\/ptmsrl.com\/?post_type=product&#038;p=1871"},"modified":"2020-02-27T17:37:33","modified_gmt":"2020-02-27T16:37:33","slug":"advance-usb","status":"publish","type":"product","link":"https:\/\/ptmsrl.com\/de\/prodotto\/advance-usb\/","title":{"rendered":"Advance USB"},"content":{"rendered":"<ul>\n<li>Gut lesbar auch bei geringen oder sehr hellen licht<\/li>\n<li>Intuitive graphische schnittstelle<\/li>\n<li>Bediener freundliche alphanumerische tastatur<\/li>\n<li>Multilink system<\/li>\n<\/ul>\n","protected":false},"excerpt":{"rendered":"<h3 align=\"justify\"><strong>Die Wiegecomputer der Serie ADVANCE \u2013 UNIFEED sind zur Verwaltung von Beund Entladungen bei Unifeed Mischwagen konzipiert.<\/strong><\/h3>\n<p align=\"justify\">Die Hardware und Software ist ausgelegt um bis zu 150 Rezepten mit max. 99 Komponenten, von denen 30 je Rezept, zu programmieren und zu verwalten. Die Wiegecomputer sind mit einem \u00fcbersichtlichen graphischen 5,7 Zoll Display und einer bedienerfreundlichen Tastatur ausgestattet.<\/p>\n<p align=\"justify\">Das intuitive Navigationsmen\u00fc macht die Programmierung und die Ausf\u00fchrung auch der schwierigsten Rezepte sehr einfach und schnell. Die Wiegecomputer von dieser Serie k\u00f6nnen in Verbindung mit den Software Super Data Mix 5, Data Mix Card 3.50 und PTM Managements verwendet werden.<\/p>\n<p align=\"justify\">Durch das \u201cPTM Multilink\u201d Anschlusssystem, k\u00f6nnen mehrere Peripherieger\u00e4ten gleichzeitig angeschlossen werden (z.B. Drucker, Zusatzanzeige, Fernbedienung, zus\u00e4tzliche Relais f\u00fcr Topcut, Mixer, etc . Alle peripheren Steckverbindungen sind bei der Serie Advance sind mit Goldkontakten ausgestattet. Weitere Merkmale sind, ein stabiles beschichtetes Aluminiumgeh\u00e4use, \u00dcberspannungsschutz und Verpolungschutz am Eingang der Versorgungsspannung durch eine elektronische \u00dcberstromsicherung.<\/p>\n","protected":false},"featured_media":9293,"template":"","meta":{"inline_featured_image":false},"product_brand":[],"product_cat":[],"product_tag":[],"class_list":{"0":"post-1871","1":"product","2":"type-product","3":"status-publish","4":"has-post-thumbnail","7":"first","8":"instock","9":"downloadable","10":"shipping-taxable","11":"product-type-simple"},"yoast_head":"<!-- This site is optimized with the Yoast SEO plugin v25.3 - https:\/\/yoast.com\/wordpress\/plugins\/seo\/ -->\n<title>PTM Srl | Advance USB<\/title>\n<meta name=\"robots\" content=\"index, follow, max-snippet:-1, max-image-preview:large, max-video-preview:-1\" \/>\n<link rel=\"canonical\" href=\"https:\/\/ptmsrl.com\/de\/prodotto\/advance-usb\/\" \/>\n<meta property=\"og:locale\" content=\"de_DE\" \/>\n<meta property=\"og:type\" content=\"article\" \/>\n<meta property=\"og:title\" content=\"PTM Srl | Advance USB\" \/>\n<meta property=\"og:description\" content=\"Die Wiegecomputer der Serie ADVANCE \u2013 UNIFEED sind zur Verwaltung von Beund Entladungen bei Unifeed Mischwagen konzipiert. Die Hardware und Software ist ausgelegt um bis zu 150 Rezepten mit max. 99 Komponenten, von denen 30 je Rezept, zu programmieren und zu verwalten. Die Wiegecomputer sind mit einem \u00fcbersichtlichen graphischen 5,7 Zoll Display und einer bedienerfreundlichen Tastatur ausgestattet. Das intuitive Navigationsmen\u00fc macht die Programmierung und die Ausf\u00fchrung auch der schwierigsten Rezepte sehr einfach und schnell. Die Wiegecomputer von dieser Serie k\u00f6nnen in Verbindung mit den Software Super Data Mix 5, Data Mix Card 3.50 und PTM Managements verwendet werden. Durch das \u201cPTM Multilink\u201d Anschlusssystem, k\u00f6nnen mehrere Peripherieger\u00e4ten gleichzeitig angeschlossen werden (z.B. Drucker, Zusatzanzeige, Fernbedienung, zus\u00e4tzliche Relais f\u00fcr Topcut, Mixer, etc . Alle peripheren Steckverbindungen sind bei der Serie Advance sind mit Goldkontakten ausgestattet. Weitere Merkmale sind, ein stabiles beschichtetes Aluminiumgeh\u00e4use, \u00dcberspannungsschutz und Verpolungschutz am Eingang der Versorgungsspannung durch eine elektronische \u00dcberstromsicherung.\" \/>\n<meta property=\"og:url\" content=\"https:\/\/ptmsrl.com\/de\/prodotto\/advance-usb\/\" \/>\n<meta property=\"og:site_name\" content=\"PTM Srl\" \/>\n<meta property=\"article:publisher\" content=\"https:\/\/www.facebook.com\/believingintechnology\/\" \/>\n<meta property=\"article:modified_time\" content=\"2020-02-27T16:37:33+00:00\" \/>\n<meta property=\"og:image\" content=\"https:\/\/ptmsrl.com\/wp-content\/uploads\/2018\/09\/ADVANCE-USB-FGCEADVUSB01-2.jpg\" \/>\n\t<meta property=\"og:image:width\" content=\"1024\" \/>\n\t<meta property=\"og:image:height\" content=\"1024\" \/>\n\t<meta property=\"og:image:type\" content=\"image\/jpeg\" \/>\n<meta name=\"twitter:card\" content=\"summary_large_image\" \/>\n<meta name=\"twitter:site\" content=\"@ptm\" \/>\n<script type=\"application\/ld+json\" class=\"yoast-schema-graph\">{\"@context\":\"https:\/\/schema.org\",\"@graph\":[{\"@type\":\"WebPage\",\"@id\":\"https:\/\/ptmsrl.com\/de\/prodotto\/advance-usb\/\",\"url\":\"https:\/\/ptmsrl.com\/de\/prodotto\/advance-usb\/\",\"name\":\"PTM Srl | Advance USB\",\"isPartOf\":{\"@id\":\"https:\/\/ptmsrl.com\/#website\"},\"primaryImageOfPage\":{\"@id\":\"https:\/\/ptmsrl.com\/de\/prodotto\/advance-usb\/#primaryimage\"},\"image\":{\"@id\":\"https:\/\/ptmsrl.com\/de\/prodotto\/advance-usb\/#primaryimage\"},\"thumbnailUrl\":\"https:\/\/ptmsrl.com\/wp-content\/uploads\/2018\/09\/ADVANCE-USB-FGCEADVUSB01-2.jpg\",\"datePublished\":\"2018-10-10T08:06:23+00:00\",\"dateModified\":\"2020-02-27T16:37:33+00:00\",\"breadcrumb\":{\"@id\":\"https:\/\/ptmsrl.com\/de\/prodotto\/advance-usb\/#breadcrumb\"},\"inLanguage\":\"de\",\"potentialAction\":[{\"@type\":\"ReadAction\",\"target\":[\"https:\/\/ptmsrl.com\/de\/prodotto\/advance-usb\/\"]}]},{\"@type\":\"ImageObject\",\"inLanguage\":\"de\",\"@id\":\"https:\/\/ptmsrl.com\/de\/prodotto\/advance-usb\/#primaryimage\",\"url\":\"https:\/\/ptmsrl.com\/wp-content\/uploads\/2018\/09\/ADVANCE-USB-FGCEADVUSB01-2.jpg\",\"contentUrl\":\"https:\/\/ptmsrl.com\/wp-content\/uploads\/2018\/09\/ADVANCE-USB-FGCEADVUSB01-2.jpg\",\"width\":1024,\"height\":1024,\"caption\":\"advance-usb-fgceadvusb01\"},{\"@type\":\"BreadcrumbList\",\"@id\":\"https:\/\/ptmsrl.com\/de\/prodotto\/advance-usb\/#breadcrumb\",\"itemListElement\":[{\"@type\":\"ListItem\",\"position\":1,\"name\":\"Home\",\"item\":\"https:\/\/ptmsrl.com\/de\/\"},{\"@type\":\"ListItem\",\"position\":2,\"name\":\"Shop\",\"item\":\"https:\/\/ptmsrl.com\/shop\/\"},{\"@type\":\"ListItem\",\"position\":3,\"name\":\"Advance USB\"}]},{\"@type\":\"WebSite\",\"@id\":\"https:\/\/ptmsrl.com\/#website\",\"url\":\"https:\/\/ptmsrl.com\/\",\"name\":\"PTM Srl\",\"description\":\"\u041c\u042b \u041f\u0420\u041e\u0418\u0417\u0412\u041e\u0414\u0418\u041c \u041a\u0410\u0427\u0415\u0421\u0422\u0412\u041e, \u041a\u041e\u0422\u041e\u0420\u041e\u0415 \u0418\u041c\u0415\u0415\u0422 \u041e\u0421\u041e\u0411\u042b\u0419 \u0412\u0415\u0421\",\"publisher\":{\"@id\":\"https:\/\/ptmsrl.com\/#organization\"},\"potentialAction\":[{\"@type\":\"SearchAction\",\"target\":{\"@type\":\"EntryPoint\",\"urlTemplate\":\"https:\/\/ptmsrl.com\/?s={search_term_string}\"},\"query-input\":{\"@type\":\"PropertyValueSpecification\",\"valueRequired\":true,\"valueName\":\"search_term_string\"}}],\"inLanguage\":\"de\"},{\"@type\":\"Organization\",\"@id\":\"https:\/\/ptmsrl.com\/#organization\",\"name\":\"PTM srl\",\"url\":\"https:\/\/ptmsrl.com\/\",\"logo\":{\"@type\":\"ImageObject\",\"inLanguage\":\"de\",\"@id\":\"https:\/\/ptmsrl.com\/#\/schema\/logo\/image\/\",\"url\":\"https:\/\/ptmsrl.com\/wp-content\/uploads\/2018\/10\/LOGO-PTM.png\",\"contentUrl\":\"https:\/\/ptmsrl.com\/wp-content\/uploads\/2018\/10\/LOGO-PTM.png\",\"width\":1000,\"height\":500,\"caption\":\"PTM srl\"},\"image\":{\"@id\":\"https:\/\/ptmsrl.com\/#\/schema\/logo\/image\/\"},\"sameAs\":[\"https:\/\/www.facebook.com\/believingintechnology\/\",\"https:\/\/x.com\/ptm\",\"https:\/\/www.linkedin.com\/company\/ptm-s-r-l\/\",\"https:\/\/www.youtube.com\/channel\/UCPSOS0MaR-4jDkAD3HkAC7A\"]}]}<\/script>\n<!-- \/ Yoast SEO plugin. -->","yoast_head_json":{"title":"PTM Srl | Advance USB","robots":{"index":"index","follow":"follow","max-snippet":"max-snippet:-1","max-image-preview":"max-image-preview:large","max-video-preview":"max-video-preview:-1"},"canonical":"https:\/\/ptmsrl.com\/de\/prodotto\/advance-usb\/","og_locale":"de_DE","og_type":"article","og_title":"PTM Srl | Advance USB","og_description":"Die Wiegecomputer der Serie ADVANCE \u2013 UNIFEED sind zur Verwaltung von Beund Entladungen bei Unifeed Mischwagen konzipiert. Die Hardware und Software ist ausgelegt um bis zu 150 Rezepten mit max. 99 Komponenten, von denen 30 je Rezept, zu programmieren und zu verwalten. Die Wiegecomputer sind mit einem \u00fcbersichtlichen graphischen 5,7 Zoll Display und einer bedienerfreundlichen Tastatur ausgestattet. Das intuitive Navigationsmen\u00fc macht die Programmierung und die Ausf\u00fchrung auch der schwierigsten Rezepte sehr einfach und schnell. Die Wiegecomputer von dieser Serie k\u00f6nnen in Verbindung mit den Software Super Data Mix 5, Data Mix Card 3.50 und PTM Managements verwendet werden. Durch das \u201cPTM Multilink\u201d Anschlusssystem, k\u00f6nnen mehrere Peripherieger\u00e4ten gleichzeitig angeschlossen werden (z.B. Drucker, Zusatzanzeige, Fernbedienung, zus\u00e4tzliche Relais f\u00fcr Topcut, Mixer, etc . Alle peripheren Steckverbindungen sind bei der Serie Advance sind mit Goldkontakten ausgestattet. Weitere Merkmale sind, ein stabiles beschichtetes Aluminiumgeh\u00e4use, \u00dcberspannungsschutz und Verpolungschutz am Eingang der Versorgungsspannung durch eine elektronische \u00dcberstromsicherung.","og_url":"https:\/\/ptmsrl.com\/de\/prodotto\/advance-usb\/","og_site_name":"PTM Srl","article_publisher":"https:\/\/www.facebook.com\/believingintechnology\/","article_modified_time":"2020-02-27T16:37:33+00:00","og_image":[{"width":1024,"height":1024,"url":"https:\/\/ptmsrl.com\/wp-content\/uploads\/2018\/09\/ADVANCE-USB-FGCEADVUSB01-2.jpg","type":"image\/jpeg"}],"twitter_card":"summary_large_image","twitter_site":"@ptm","schema":{"@context":"https:\/\/schema.org","@graph":[{"@type":"WebPage","@id":"https:\/\/ptmsrl.com\/de\/prodotto\/advance-usb\/","url":"https:\/\/ptmsrl.com\/de\/prodotto\/advance-usb\/","name":"PTM Srl | Advance USB","isPartOf":{"@id":"https:\/\/ptmsrl.com\/#website"},"primaryImageOfPage":{"@id":"https:\/\/ptmsrl.com\/de\/prodotto\/advance-usb\/#primaryimage"},"image":{"@id":"https:\/\/ptmsrl.com\/de\/prodotto\/advance-usb\/#primaryimage"},"thumbnailUrl":"https:\/\/ptmsrl.com\/wp-content\/uploads\/2018\/09\/ADVANCE-USB-FGCEADVUSB01-2.jpg","datePublished":"2018-10-10T08:06:23+00:00","dateModified":"2020-02-27T16:37:33+00:00","breadcrumb":{"@id":"https:\/\/ptmsrl.com\/de\/prodotto\/advance-usb\/#breadcrumb"},"inLanguage":"de","potentialAction":[{"@type":"ReadAction","target":["https:\/\/ptmsrl.com\/de\/prodotto\/advance-usb\/"]}]},{"@type":"ImageObject","inLanguage":"de","@id":"https:\/\/ptmsrl.com\/de\/prodotto\/advance-usb\/#primaryimage","url":"https:\/\/ptmsrl.com\/wp-content\/uploads\/2018\/09\/ADVANCE-USB-FGCEADVUSB01-2.jpg","contentUrl":"https:\/\/ptmsrl.com\/wp-content\/uploads\/2018\/09\/ADVANCE-USB-FGCEADVUSB01-2.jpg","width":1024,"height":1024,"caption":"advance-usb-fgceadvusb01"},{"@type":"BreadcrumbList","@id":"https:\/\/ptmsrl.com\/de\/prodotto\/advance-usb\/#breadcrumb","itemListElement":[{"@type":"ListItem","position":1,"name":"Home","item":"https:\/\/ptmsrl.com\/de\/"},{"@type":"ListItem","position":2,"name":"Shop","item":"https:\/\/ptmsrl.com\/shop\/"},{"@type":"ListItem","position":3,"name":"Advance USB"}]},{"@type":"WebSite","@id":"https:\/\/ptmsrl.com\/#website","url":"https:\/\/ptmsrl.com\/","name":"PTM Srl","description":"\u041c\u042b \u041f\u0420\u041e\u0418\u0417\u0412\u041e\u0414\u0418\u041c \u041a\u0410\u0427\u0415\u0421\u0422\u0412\u041e, \u041a\u041e\u0422\u041e\u0420\u041e\u0415 \u0418\u041c\u0415\u0415\u0422 \u041e\u0421\u041e\u0411\u042b\u0419 \u0412\u0415\u0421","publisher":{"@id":"https:\/\/ptmsrl.com\/#organization"},"potentialAction":[{"@type":"SearchAction","target":{"@type":"EntryPoint","urlTemplate":"https:\/\/ptmsrl.com\/?s={search_term_string}"},"query-input":{"@type":"PropertyValueSpecification","valueRequired":true,"valueName":"search_term_string"}}],"inLanguage":"de"},{"@type":"Organization","@id":"https:\/\/ptmsrl.com\/#organization","name":"PTM srl","url":"https:\/\/ptmsrl.com\/","logo":{"@type":"ImageObject","inLanguage":"de","@id":"https:\/\/ptmsrl.com\/#\/schema\/logo\/image\/","url":"https:\/\/ptmsrl.com\/wp-content\/uploads\/2018\/10\/LOGO-PTM.png","contentUrl":"https:\/\/ptmsrl.com\/wp-content\/uploads\/2018\/10\/LOGO-PTM.png","width":1000,"height":500,"caption":"PTM srl"},"image":{"@id":"https:\/\/ptmsrl.com\/#\/schema\/logo\/image\/"},"sameAs":["https:\/\/www.facebook.com\/believingintechnology\/","https:\/\/x.com\/ptm","https:\/\/www.linkedin.com\/company\/ptm-s-r-l\/","https:\/\/www.youtube.com\/channel\/UCPSOS0MaR-4jDkAD3HkAC7A"]}]}},"_links":{"self":[{"href":"https:\/\/ptmsrl.com\/de\/wp-json\/wp\/v2\/product\/1871","targetHints":{"allow":["GET"]}}],"collection":[{"href":"https:\/\/ptmsrl.com\/de\/wp-json\/wp\/v2\/product"}],"about":[{"href":"https:\/\/ptmsrl.com\/de\/wp-json\/wp\/v2\/types\/product"}],"wp:featuredmedia":[{"embeddable":true,"href":"https:\/\/ptmsrl.com\/de\/wp-json\/wp\/v2\/media\/9293"}],"wp:attachment":[{"href":"https:\/\/ptmsrl.com\/de\/wp-json\/wp\/v2\/media?parent=1871"}],"wp:term":[{"taxonomy":"product_brand","embeddable":true,"href":"https:\/\/ptmsrl.com\/de\/wp-json\/wp\/v2\/product_brand?post=1871"},{"taxonomy":"product_cat","embeddable":true,"href":"https:\/\/ptmsrl.com\/de\/wp-json\/wp\/v2\/product_cat?post=1871"},{"taxonomy":"product_tag","embeddable":true,"href":"https:\/\/ptmsrl.com\/de\/wp-json\/wp\/v2\/product_tag?post=1871"}],"curies":[{"name":"wp","href":"https:\/\/api.w.org\/{rel}","templated":true}]}}