{"id":1895,"date":"2018-09-05T15:27:32","date_gmt":"2018-10-10T13:16:21","guid":{"rendered":"https:\/\/ptmsrl.com\/?post_type=product&#038;p=1895"},"modified":"2020-10-02T16:48:54","modified_gmt":"2020-10-02T14:48:54","slug":"advance-sc1500-usb","status":"publish","type":"product","link":"https:\/\/ptmsrl.com\/de\/prodotto\/advance-sc1500-usb\/","title":{"rendered":"Advance SC1500 USB"},"content":{"rendered":"<ul>\n<li>Gut lesbar auch bei geringen oder sehr hellen licht<\/li>\n<li>Intuitive graphische schnittstelle<\/li>\n<li>Windows &#8211; oberfl\u00e4che<\/li>\n<li>Bediener freundliche alphanumerische tastatur<\/li>\n<li>Vielseitig und personalisierbar<\/li>\n<li>Multilink system<\/li>\n<\/ul>\n","protected":false},"excerpt":{"rendered":"<h3 align=\"justify\"><strong>Die Wiegecomputer ADVANCE, die zu dieser Serie geh\u00f6ren, sind zur Verwaltung von Be- und Entladungen bei Milchtanks, Beh\u00e4lter, Tanks und Silos mit statischer und dynamischer Wiegung (Achsen) geeignet.<\/strong><\/h3>\n<p align=\"justify\">Die Wiegecomputer sind mit einem \u00fcbersichtlichen graphischen <strong>5,7 Zoll<\/strong> Display und einer bedienerfreundlichen Tastatur ausgestattet.<br \/>\nDas <strong>intuitive Navigationsmen\u00fc<\/strong> macht die Verwendung sehr einfach und schnell. Durch das \u201c<strong>PTM Multilink<\/strong>\u201d Anschlusssystem, k\u00f6nnen <strong>mehrere Peripherieger\u00e4ten gleichzeitig angeschlossen<\/strong> werden (z.B. Drucker, Zusatzanzeige, Fernbedienung, zus\u00e4tzliche Relais zur Steuerung von Motoren, Schnecken, etc.). Alle peripheren Steckverbindungen sind bei der Serie Advance sind mit Goldkontakten ausgestattet. Weitere Merkmale sind, ein stabiles beschichtetes Aluminiumgeh\u00e4use, \u00dcberspannungsschutz und Verpolungschutz am Eingang der Versorgungsspannung durch eine elektronische \u00dcberstromsicherung.<\/p>\n","protected":false},"featured_media":4405,"template":"","meta":{"inline_featured_image":false},"product_brand":[],"product_cat":[144],"product_tag":[],"class_list":{"0":"post-1895","1":"product","2":"type-product","3":"status-publish","4":"has-post-thumbnail","6":"product_cat-linie-advance","8":"first","9":"instock","10":"downloadable","11":"shipping-taxable","12":"product-type-simple"},"yoast_head":"<!-- This site is optimized with the Yoast SEO plugin v25.3 - https:\/\/yoast.com\/wordpress\/plugins\/seo\/ -->\n<title>PTM Srl | Advance SC1500 USB<\/title>\n<meta name=\"robots\" content=\"index, follow, max-snippet:-1, max-image-preview:large, max-video-preview:-1\" \/>\n<link rel=\"canonical\" href=\"https:\/\/ptmsrl.com\/de\/prodotto\/advance-sc1500-usb\/\" \/>\n<meta property=\"og:locale\" content=\"de_DE\" \/>\n<meta property=\"og:type\" content=\"article\" \/>\n<meta property=\"og:title\" content=\"PTM Srl | Advance SC1500 USB\" \/>\n<meta property=\"og:description\" content=\"Die Wiegecomputer ADVANCE, die zu dieser Serie geh\u00f6ren, sind zur Verwaltung von Be- und Entladungen bei Milchtanks, Beh\u00e4lter, Tanks und Silos mit statischer und dynamischer Wiegung (Achsen) geeignet. Die Wiegecomputer sind mit einem \u00fcbersichtlichen graphischen 5,7 Zoll Display und einer bedienerfreundlichen Tastatur ausgestattet. Das intuitive Navigationsmen\u00fc macht die Verwendung sehr einfach und schnell. Durch das \u201cPTM Multilink\u201d Anschlusssystem, k\u00f6nnen mehrere Peripherieger\u00e4ten gleichzeitig angeschlossen werden (z.B. Drucker, Zusatzanzeige, Fernbedienung, zus\u00e4tzliche Relais zur Steuerung von Motoren, Schnecken, etc.). Alle peripheren Steckverbindungen sind bei der Serie Advance sind mit Goldkontakten ausgestattet. Weitere Merkmale sind, ein stabiles beschichtetes Aluminiumgeh\u00e4use, \u00dcberspannungsschutz und Verpolungschutz am Eingang der Versorgungsspannung durch eine elektronische \u00dcberstromsicherung.\" \/>\n<meta property=\"og:url\" content=\"https:\/\/ptmsrl.com\/de\/prodotto\/advance-sc1500-usb\/\" \/>\n<meta property=\"og:site_name\" content=\"PTM Srl\" \/>\n<meta property=\"article:publisher\" content=\"https:\/\/www.facebook.com\/believingintechnology\/\" \/>\n<meta property=\"article:modified_time\" content=\"2020-10-02T14:48:54+00:00\" \/>\n<meta property=\"og:image\" content=\"https:\/\/ptmsrl.com\/wp-content\/uploads\/2018\/09\/ADVANCE-1500.jpg\" \/>\n\t<meta property=\"og:image:width\" content=\"1024\" \/>\n\t<meta property=\"og:image:height\" content=\"1024\" \/>\n\t<meta property=\"og:image:type\" content=\"image\/jpeg\" \/>\n<meta name=\"twitter:card\" content=\"summary_large_image\" \/>\n<meta name=\"twitter:site\" content=\"@ptm\" \/>\n<script type=\"application\/ld+json\" class=\"yoast-schema-graph\">{\"@context\":\"https:\/\/schema.org\",\"@graph\":[{\"@type\":\"WebPage\",\"@id\":\"https:\/\/ptmsrl.com\/de\/prodotto\/advance-sc1500-usb\/\",\"url\":\"https:\/\/ptmsrl.com\/de\/prodotto\/advance-sc1500-usb\/\",\"name\":\"PTM Srl | Advance SC1500 USB\",\"isPartOf\":{\"@id\":\"https:\/\/ptmsrl.com\/#website\"},\"primaryImageOfPage\":{\"@id\":\"https:\/\/ptmsrl.com\/de\/prodotto\/advance-sc1500-usb\/#primaryimage\"},\"image\":{\"@id\":\"https:\/\/ptmsrl.com\/de\/prodotto\/advance-sc1500-usb\/#primaryimage\"},\"thumbnailUrl\":\"https:\/\/ptmsrl.com\/wp-content\/uploads\/2018\/09\/ADVANCE-1500.jpg\",\"datePublished\":\"2018-10-10T13:16:21+00:00\",\"dateModified\":\"2020-10-02T14:48:54+00:00\",\"breadcrumb\":{\"@id\":\"https:\/\/ptmsrl.com\/de\/prodotto\/advance-sc1500-usb\/#breadcrumb\"},\"inLanguage\":\"de\",\"potentialAction\":[{\"@type\":\"ReadAction\",\"target\":[\"https:\/\/ptmsrl.com\/de\/prodotto\/advance-sc1500-usb\/\"]}]},{\"@type\":\"ImageObject\",\"inLanguage\":\"de\",\"@id\":\"https:\/\/ptmsrl.com\/de\/prodotto\/advance-sc1500-usb\/#primaryimage\",\"url\":\"https:\/\/ptmsrl.com\/wp-content\/uploads\/2018\/09\/ADVANCE-1500.jpg\",\"contentUrl\":\"https:\/\/ptmsrl.com\/wp-content\/uploads\/2018\/09\/ADVANCE-1500.jpg\",\"width\":1024,\"height\":1024,\"caption\":\"advance-1500\"},{\"@type\":\"BreadcrumbList\",\"@id\":\"https:\/\/ptmsrl.com\/de\/prodotto\/advance-sc1500-usb\/#breadcrumb\",\"itemListElement\":[{\"@type\":\"ListItem\",\"position\":1,\"name\":\"Home\",\"item\":\"https:\/\/ptmsrl.com\/de\/\"},{\"@type\":\"ListItem\",\"position\":2,\"name\":\"Shop\",\"item\":\"https:\/\/ptmsrl.com\/shop\/\"},{\"@type\":\"ListItem\",\"position\":3,\"name\":\"Advance SC1500 USB\"}]},{\"@type\":\"WebSite\",\"@id\":\"https:\/\/ptmsrl.com\/#website\",\"url\":\"https:\/\/ptmsrl.com\/\",\"name\":\"PTM Srl\",\"description\":\"\u041c\u042b \u041f\u0420\u041e\u0418\u0417\u0412\u041e\u0414\u0418\u041c \u041a\u0410\u0427\u0415\u0421\u0422\u0412\u041e, \u041a\u041e\u0422\u041e\u0420\u041e\u0415 \u0418\u041c\u0415\u0415\u0422 \u041e\u0421\u041e\u0411\u042b\u0419 \u0412\u0415\u0421\",\"publisher\":{\"@id\":\"https:\/\/ptmsrl.com\/#organization\"},\"potentialAction\":[{\"@type\":\"SearchAction\",\"target\":{\"@type\":\"EntryPoint\",\"urlTemplate\":\"https:\/\/ptmsrl.com\/?s={search_term_string}\"},\"query-input\":{\"@type\":\"PropertyValueSpecification\",\"valueRequired\":true,\"valueName\":\"search_term_string\"}}],\"inLanguage\":\"de\"},{\"@type\":\"Organization\",\"@id\":\"https:\/\/ptmsrl.com\/#organization\",\"name\":\"PTM srl\",\"url\":\"https:\/\/ptmsrl.com\/\",\"logo\":{\"@type\":\"ImageObject\",\"inLanguage\":\"de\",\"@id\":\"https:\/\/ptmsrl.com\/#\/schema\/logo\/image\/\",\"url\":\"https:\/\/ptmsrl.com\/wp-content\/uploads\/2018\/10\/LOGO-PTM.png\",\"contentUrl\":\"https:\/\/ptmsrl.com\/wp-content\/uploads\/2018\/10\/LOGO-PTM.png\",\"width\":1000,\"height\":500,\"caption\":\"PTM srl\"},\"image\":{\"@id\":\"https:\/\/ptmsrl.com\/#\/schema\/logo\/image\/\"},\"sameAs\":[\"https:\/\/www.facebook.com\/believingintechnology\/\",\"https:\/\/x.com\/ptm\",\"https:\/\/www.linkedin.com\/company\/ptm-s-r-l\/\",\"https:\/\/www.youtube.com\/channel\/UCPSOS0MaR-4jDkAD3HkAC7A\"]}]}<\/script>\n<!-- \/ Yoast SEO plugin. -->","yoast_head_json":{"title":"PTM Srl | Advance SC1500 USB","robots":{"index":"index","follow":"follow","max-snippet":"max-snippet:-1","max-image-preview":"max-image-preview:large","max-video-preview":"max-video-preview:-1"},"canonical":"https:\/\/ptmsrl.com\/de\/prodotto\/advance-sc1500-usb\/","og_locale":"de_DE","og_type":"article","og_title":"PTM Srl | Advance SC1500 USB","og_description":"Die Wiegecomputer ADVANCE, die zu dieser Serie geh\u00f6ren, sind zur Verwaltung von Be- und Entladungen bei Milchtanks, Beh\u00e4lter, Tanks und Silos mit statischer und dynamischer Wiegung (Achsen) geeignet. Die Wiegecomputer sind mit einem \u00fcbersichtlichen graphischen 5,7 Zoll Display und einer bedienerfreundlichen Tastatur ausgestattet. Das intuitive Navigationsmen\u00fc macht die Verwendung sehr einfach und schnell. Durch das \u201cPTM Multilink\u201d Anschlusssystem, k\u00f6nnen mehrere Peripherieger\u00e4ten gleichzeitig angeschlossen werden (z.B. Drucker, Zusatzanzeige, Fernbedienung, zus\u00e4tzliche Relais zur Steuerung von Motoren, Schnecken, etc.). Alle peripheren Steckverbindungen sind bei der Serie Advance sind mit Goldkontakten ausgestattet. Weitere Merkmale sind, ein stabiles beschichtetes Aluminiumgeh\u00e4use, \u00dcberspannungsschutz und Verpolungschutz am Eingang der Versorgungsspannung durch eine elektronische \u00dcberstromsicherung.","og_url":"https:\/\/ptmsrl.com\/de\/prodotto\/advance-sc1500-usb\/","og_site_name":"PTM Srl","article_publisher":"https:\/\/www.facebook.com\/believingintechnology\/","article_modified_time":"2020-10-02T14:48:54+00:00","og_image":[{"width":1024,"height":1024,"url":"https:\/\/ptmsrl.com\/wp-content\/uploads\/2018\/09\/ADVANCE-1500.jpg","type":"image\/jpeg"}],"twitter_card":"summary_large_image","twitter_site":"@ptm","schema":{"@context":"https:\/\/schema.org","@graph":[{"@type":"WebPage","@id":"https:\/\/ptmsrl.com\/de\/prodotto\/advance-sc1500-usb\/","url":"https:\/\/ptmsrl.com\/de\/prodotto\/advance-sc1500-usb\/","name":"PTM Srl | Advance SC1500 USB","isPartOf":{"@id":"https:\/\/ptmsrl.com\/#website"},"primaryImageOfPage":{"@id":"https:\/\/ptmsrl.com\/de\/prodotto\/advance-sc1500-usb\/#primaryimage"},"image":{"@id":"https:\/\/ptmsrl.com\/de\/prodotto\/advance-sc1500-usb\/#primaryimage"},"thumbnailUrl":"https:\/\/ptmsrl.com\/wp-content\/uploads\/2018\/09\/ADVANCE-1500.jpg","datePublished":"2018-10-10T13:16:21+00:00","dateModified":"2020-10-02T14:48:54+00:00","breadcrumb":{"@id":"https:\/\/ptmsrl.com\/de\/prodotto\/advance-sc1500-usb\/#breadcrumb"},"inLanguage":"de","potentialAction":[{"@type":"ReadAction","target":["https:\/\/ptmsrl.com\/de\/prodotto\/advance-sc1500-usb\/"]}]},{"@type":"ImageObject","inLanguage":"de","@id":"https:\/\/ptmsrl.com\/de\/prodotto\/advance-sc1500-usb\/#primaryimage","url":"https:\/\/ptmsrl.com\/wp-content\/uploads\/2018\/09\/ADVANCE-1500.jpg","contentUrl":"https:\/\/ptmsrl.com\/wp-content\/uploads\/2018\/09\/ADVANCE-1500.jpg","width":1024,"height":1024,"caption":"advance-1500"},{"@type":"BreadcrumbList","@id":"https:\/\/ptmsrl.com\/de\/prodotto\/advance-sc1500-usb\/#breadcrumb","itemListElement":[{"@type":"ListItem","position":1,"name":"Home","item":"https:\/\/ptmsrl.com\/de\/"},{"@type":"ListItem","position":2,"name":"Shop","item":"https:\/\/ptmsrl.com\/shop\/"},{"@type":"ListItem","position":3,"name":"Advance SC1500 USB"}]},{"@type":"WebSite","@id":"https:\/\/ptmsrl.com\/#website","url":"https:\/\/ptmsrl.com\/","name":"PTM Srl","description":"\u041c\u042b \u041f\u0420\u041e\u0418\u0417\u0412\u041e\u0414\u0418\u041c \u041a\u0410\u0427\u0415\u0421\u0422\u0412\u041e, \u041a\u041e\u0422\u041e\u0420\u041e\u0415 \u0418\u041c\u0415\u0415\u0422 \u041e\u0421\u041e\u0411\u042b\u0419 \u0412\u0415\u0421","publisher":{"@id":"https:\/\/ptmsrl.com\/#organization"},"potentialAction":[{"@type":"SearchAction","target":{"@type":"EntryPoint","urlTemplate":"https:\/\/ptmsrl.com\/?s={search_term_string}"},"query-input":{"@type":"PropertyValueSpecification","valueRequired":true,"valueName":"search_term_string"}}],"inLanguage":"de"},{"@type":"Organization","@id":"https:\/\/ptmsrl.com\/#organization","name":"PTM srl","url":"https:\/\/ptmsrl.com\/","logo":{"@type":"ImageObject","inLanguage":"de","@id":"https:\/\/ptmsrl.com\/#\/schema\/logo\/image\/","url":"https:\/\/ptmsrl.com\/wp-content\/uploads\/2018\/10\/LOGO-PTM.png","contentUrl":"https:\/\/ptmsrl.com\/wp-content\/uploads\/2018\/10\/LOGO-PTM.png","width":1000,"height":500,"caption":"PTM srl"},"image":{"@id":"https:\/\/ptmsrl.com\/#\/schema\/logo\/image\/"},"sameAs":["https:\/\/www.facebook.com\/believingintechnology\/","https:\/\/x.com\/ptm","https:\/\/www.linkedin.com\/company\/ptm-s-r-l\/","https:\/\/www.youtube.com\/channel\/UCPSOS0MaR-4jDkAD3HkAC7A"]}]}},"_links":{"self":[{"href":"https:\/\/ptmsrl.com\/de\/wp-json\/wp\/v2\/product\/1895","targetHints":{"allow":["GET"]}}],"collection":[{"href":"https:\/\/ptmsrl.com\/de\/wp-json\/wp\/v2\/product"}],"about":[{"href":"https:\/\/ptmsrl.com\/de\/wp-json\/wp\/v2\/types\/product"}],"wp:featuredmedia":[{"embeddable":true,"href":"https:\/\/ptmsrl.com\/de\/wp-json\/wp\/v2\/media\/4405"}],"wp:attachment":[{"href":"https:\/\/ptmsrl.com\/de\/wp-json\/wp\/v2\/media?parent=1895"}],"wp:term":[{"taxonomy":"product_brand","embeddable":true,"href":"https:\/\/ptmsrl.com\/de\/wp-json\/wp\/v2\/product_brand?post=1895"},{"taxonomy":"product_cat","embeddable":true,"href":"https:\/\/ptmsrl.com\/de\/wp-json\/wp\/v2\/product_cat?post=1895"},{"taxonomy":"product_tag","embeddable":true,"href":"https:\/\/ptmsrl.com\/de\/wp-json\/wp\/v2\/product_tag?post=1895"}],"curies":[{"name":"wp","href":"https:\/\/api.w.org\/{rel}","templated":true}]}}