{"id":1935,"date":"2018-09-05T17:14:46","date_gmt":"2018-10-10T15:42:19","guid":{"rendered":"https:\/\/ptmsrl.com\/?post_type=product&#038;p=1935"},"modified":"2019-07-17T09:27:25","modified_gmt":"2019-07-17T07:27:25","slug":"advance-bio-usb-bio-usb-twin","status":"publish","type":"product","link":"https:\/\/ptmsrl.com\/de\/prodotto\/advance-bio-usb-bio-usb-twin\/","title":{"rendered":"Advance Bio USB &#8211; Bio USB Twin"},"content":{"rendered":"","protected":false},"excerpt":{"rendered":"<ul>\n<li>Wiegecomputer zur Verwendung in Biogas und Industrieanlagen, der das angezeigte Gewicht in Ausgang 4-20mA konvertiert.<\/li>\n<li>Sie k\u00f6nnen einen optionalen Modul anschlie\u00dfen, die den Ausgang der Gewichtsdaten \u00fcber den PROFIBUS erlaubt.<\/li>\n<li>Durch einen zus\u00e4tzlichen Multilinkmodul, kann man alle Ein-und Ausgangsfunktionen verwalten.<\/li>\n<li>Durch das Multilinksystem kann man, mittels der Verbindung von Kabel oder RF-Zusatzanzeigen, die Gewichtswerte fern visualisieren.<\/li>\n<li>M\u00f6glichkeit 1 bis 3 automatische Ausladungen durch Eing\u00e4nge und Ausg\u00e4nge von DRIVE 7.6 Platine durchzuf\u00fchren.<\/li>\n<li>Die TWIN Version verf\u00fcgt \u00fcber zwei separate Eing\u00e4nge, die das Gewicht von zwei Gruppen von Sensoren erfassen; die beide erfasste Gewichte werden dann in einem einzigen Gesamtgewicht aufsummiert. In diesem Fall, in \u00e4hnlicher Weise mit dem PROFIBUS-Ausgang, werden die beiden Gewichte in zwei 4-20mA Ausg\u00e4ngen umgewandelt.<\/li>\n<li>Speicherkapazit\u00e4t bis 40 Komponente Namen.<\/li>\n<li>Rezeptenladung Modus \u2192 F\u00e4higkeit bis zu 80 Rezepte zu speichern, jeweils bestehend aus 20 Komponenten. Sie k\u00f6nnen die programmierten Ladungen der verschiedenen Rezepte ausf\u00fchren und die t\u00e4gliche beladene Menge auf dem Display ansehen.<\/li>\n<li>Handbeladung Modus \u2192 M\u00f6glichkeit eine liste von maximal 20 Komponenten zu programmieren und danach sie zu laden durch Auswahl von der Liste. Die Ladung ist frei von jeder Gewichtsbindung, so k\u00f6nnen Sie eine gew\u00fcnschte Menge der Komponente laden; au\u00dferdem kann man die t\u00e4gliche beladene Menge auf dem Display ansehen.<\/li>\n<li>M\u00f6glichkeit, den Wiegecomputer mittels USB an Biomix Verwaltungssoftware zu verbinden.<\/li>\n<li>M\u00f6glichkeit CSV Format Digitaldrucke der Komponentenverbr\u00e4uche , der t\u00e4glichen Verbr\u00e4uche und der Ladungsoperationen auszuf\u00fchren.<\/li>\n<li>M\u00f6glichkeit die t\u00e4gliche geladene Menge der Komponenten bis zu einem Maximum von 30 Tagen zu \u00fcberwachen.<\/li>\n<li>M\u00f6glichkeit den Lager zu verwalten durch \u00dcberpr\u00fcfung der verbrauchten und lieferbaren Menge jeder Komponente.<\/li>\n<\/ul>\n","protected":false},"featured_media":9349,"template":"","meta":{"inline_featured_image":false},"product_brand":[],"product_cat":[146],"product_tag":[],"class_list":{"0":"post-1935","1":"product","2":"type-product","3":"status-publish","4":"has-post-thumbnail","6":"product_cat-linie-advance-bio","8":"first","9":"instock","10":"downloadable","11":"shipping-taxable","12":"product-type-simple"},"yoast_head":"<!-- This site is optimized with the Yoast SEO plugin v25.3 - https:\/\/yoast.com\/wordpress\/plugins\/seo\/ -->\n<title>PTM Srl | Advance Bio USB - Bio USB Twin<\/title>\n<meta name=\"robots\" content=\"index, follow, max-snippet:-1, max-image-preview:large, max-video-preview:-1\" \/>\n<link rel=\"canonical\" href=\"https:\/\/ptmsrl.com\/de\/prodotto\/advance-bio-usb-bio-usb-twin\/\" \/>\n<meta property=\"og:locale\" content=\"de_DE\" \/>\n<meta property=\"og:type\" content=\"article\" \/>\n<meta property=\"og:title\" content=\"PTM Srl | Advance Bio USB - Bio USB Twin\" \/>\n<meta property=\"og:description\" content=\"Wiegecomputer zur Verwendung in Biogas und Industrieanlagen, der das angezeigte Gewicht in Ausgang 4-20mA konvertiert.  Sie k\u00f6nnen einen optionalen Modul anschlie\u00dfen, die den Ausgang der Gewichtsdaten \u00fcber den PROFIBUS erlaubt.  Durch einen zus\u00e4tzlichen Multilinkmodul, kann man alle Ein-und Ausgangsfunktionen verwalten.  Durch das Multilinksystem kann man, mittels der Verbindung von Kabel oder RF-Zusatzanzeigen, die Gewichtswerte fern visualisieren.  M\u00f6glichkeit 1 bis 3 automatische Ausladungen durch Eing\u00e4nge und Ausg\u00e4nge von DRIVE 7.6 Platine durchzuf\u00fchren.  Die TWIN Version verf\u00fcgt \u00fcber zwei separate Eing\u00e4nge, die das Gewicht von zwei Gruppen von Sensoren erfassen; die beide erfasste Gewichte werden dann in einem einzigen Gesamtgewicht aufsummiert. In diesem Fall, in \u00e4hnlicher Weise mit dem PROFIBUS-Ausgang, werden die beiden Gewichte in zwei 4-20mA Ausg\u00e4ngen umgewandelt.  Speicherkapazit\u00e4t bis 40 Komponente Namen.  Rezeptenladung Modus \u2192 F\u00e4higkeit bis zu 80 Rezepte zu speichern, jeweils bestehend aus 20 Komponenten. Sie k\u00f6nnen die programmierten Ladungen der verschiedenen Rezepte ausf\u00fchren und die t\u00e4gliche beladene Menge auf dem Display ansehen.  Handbeladung Modus \u2192 M\u00f6glichkeit eine liste von maximal 20 Komponenten zu programmieren und danach sie zu laden durch Auswahl von der Liste. Die Ladung ist frei von jeder Gewichtsbindung, so k\u00f6nnen Sie eine gew\u00fcnschte Menge der Komponente laden; au\u00dferdem kann man die t\u00e4gliche beladene Menge auf dem Display ansehen.  M\u00f6glichkeit, den Wiegecomputer mittels USB an Biomix Verwaltungssoftware zu verbinden.  M\u00f6glichkeit CSV Format Digitaldrucke der Komponentenverbr\u00e4uche , der t\u00e4glichen Verbr\u00e4uche und der Ladungsoperationen auszuf\u00fchren.  M\u00f6glichkeit die t\u00e4gliche geladene Menge der Komponenten bis zu einem Maximum von 30 Tagen zu \u00fcberwachen.  M\u00f6glichkeit den Lager zu verwalten durch \u00dcberpr\u00fcfung der verbrauchten und lieferbaren Menge jeder Komponente.\" \/>\n<meta property=\"og:url\" content=\"https:\/\/ptmsrl.com\/de\/prodotto\/advance-bio-usb-bio-usb-twin\/\" \/>\n<meta property=\"og:site_name\" content=\"PTM Srl\" \/>\n<meta property=\"article:publisher\" content=\"https:\/\/www.facebook.com\/believingintechnology\/\" \/>\n<meta property=\"article:modified_time\" content=\"2019-07-17T07:27:25+00:00\" \/>\n<meta property=\"og:image\" content=\"https:\/\/ptmsrl.com\/wp-content\/uploads\/2018\/09\/Advance-Bio2.jpg\" \/>\n\t<meta property=\"og:image:width\" content=\"1024\" \/>\n\t<meta property=\"og:image:height\" content=\"1024\" \/>\n\t<meta property=\"og:image:type\" content=\"image\/jpeg\" \/>\n<meta name=\"twitter:card\" content=\"summary_large_image\" \/>\n<meta name=\"twitter:site\" content=\"@ptm\" \/>\n<script type=\"application\/ld+json\" class=\"yoast-schema-graph\">{\"@context\":\"https:\/\/schema.org\",\"@graph\":[{\"@type\":\"WebPage\",\"@id\":\"https:\/\/ptmsrl.com\/de\/prodotto\/advance-bio-usb-bio-usb-twin\/\",\"url\":\"https:\/\/ptmsrl.com\/de\/prodotto\/advance-bio-usb-bio-usb-twin\/\",\"name\":\"PTM Srl | Advance Bio USB - Bio USB Twin\",\"isPartOf\":{\"@id\":\"https:\/\/ptmsrl.com\/#website\"},\"primaryImageOfPage\":{\"@id\":\"https:\/\/ptmsrl.com\/de\/prodotto\/advance-bio-usb-bio-usb-twin\/#primaryimage\"},\"image\":{\"@id\":\"https:\/\/ptmsrl.com\/de\/prodotto\/advance-bio-usb-bio-usb-twin\/#primaryimage\"},\"thumbnailUrl\":\"https:\/\/ptmsrl.com\/wp-content\/uploads\/2018\/09\/Advance-Bio2.jpg\",\"datePublished\":\"2018-10-10T15:42:19+00:00\",\"dateModified\":\"2019-07-17T07:27:25+00:00\",\"breadcrumb\":{\"@id\":\"https:\/\/ptmsrl.com\/de\/prodotto\/advance-bio-usb-bio-usb-twin\/#breadcrumb\"},\"inLanguage\":\"de\",\"potentialAction\":[{\"@type\":\"ReadAction\",\"target\":[\"https:\/\/ptmsrl.com\/de\/prodotto\/advance-bio-usb-bio-usb-twin\/\"]}]},{\"@type\":\"ImageObject\",\"inLanguage\":\"de\",\"@id\":\"https:\/\/ptmsrl.com\/de\/prodotto\/advance-bio-usb-bio-usb-twin\/#primaryimage\",\"url\":\"https:\/\/ptmsrl.com\/wp-content\/uploads\/2018\/09\/Advance-Bio2.jpg\",\"contentUrl\":\"https:\/\/ptmsrl.com\/wp-content\/uploads\/2018\/09\/Advance-Bio2.jpg\",\"width\":1024,\"height\":1024,\"caption\":\"advance-bio2\"},{\"@type\":\"BreadcrumbList\",\"@id\":\"https:\/\/ptmsrl.com\/de\/prodotto\/advance-bio-usb-bio-usb-twin\/#breadcrumb\",\"itemListElement\":[{\"@type\":\"ListItem\",\"position\":1,\"name\":\"Home\",\"item\":\"https:\/\/ptmsrl.com\/de\/\"},{\"@type\":\"ListItem\",\"position\":2,\"name\":\"Shop\",\"item\":\"https:\/\/ptmsrl.com\/shop\/\"},{\"@type\":\"ListItem\",\"position\":3,\"name\":\"Advance Bio USB &#8211; Bio USB Twin\"}]},{\"@type\":\"WebSite\",\"@id\":\"https:\/\/ptmsrl.com\/#website\",\"url\":\"https:\/\/ptmsrl.com\/\",\"name\":\"PTM Srl\",\"description\":\"\u041c\u042b \u041f\u0420\u041e\u0418\u0417\u0412\u041e\u0414\u0418\u041c \u041a\u0410\u0427\u0415\u0421\u0422\u0412\u041e, \u041a\u041e\u0422\u041e\u0420\u041e\u0415 \u0418\u041c\u0415\u0415\u0422 \u041e\u0421\u041e\u0411\u042b\u0419 \u0412\u0415\u0421\",\"publisher\":{\"@id\":\"https:\/\/ptmsrl.com\/#organization\"},\"potentialAction\":[{\"@type\":\"SearchAction\",\"target\":{\"@type\":\"EntryPoint\",\"urlTemplate\":\"https:\/\/ptmsrl.com\/?s={search_term_string}\"},\"query-input\":{\"@type\":\"PropertyValueSpecification\",\"valueRequired\":true,\"valueName\":\"search_term_string\"}}],\"inLanguage\":\"de\"},{\"@type\":\"Organization\",\"@id\":\"https:\/\/ptmsrl.com\/#organization\",\"name\":\"PTM srl\",\"url\":\"https:\/\/ptmsrl.com\/\",\"logo\":{\"@type\":\"ImageObject\",\"inLanguage\":\"de\",\"@id\":\"https:\/\/ptmsrl.com\/#\/schema\/logo\/image\/\",\"url\":\"https:\/\/ptmsrl.com\/wp-content\/uploads\/2018\/10\/LOGO-PTM.png\",\"contentUrl\":\"https:\/\/ptmsrl.com\/wp-content\/uploads\/2018\/10\/LOGO-PTM.png\",\"width\":1000,\"height\":500,\"caption\":\"PTM srl\"},\"image\":{\"@id\":\"https:\/\/ptmsrl.com\/#\/schema\/logo\/image\/\"},\"sameAs\":[\"https:\/\/www.facebook.com\/believingintechnology\/\",\"https:\/\/x.com\/ptm\",\"https:\/\/www.linkedin.com\/company\/ptm-s-r-l\/\",\"https:\/\/www.youtube.com\/channel\/UCPSOS0MaR-4jDkAD3HkAC7A\"]}]}<\/script>\n<!-- \/ Yoast SEO plugin. -->","yoast_head_json":{"title":"PTM Srl | Advance Bio USB - Bio USB Twin","robots":{"index":"index","follow":"follow","max-snippet":"max-snippet:-1","max-image-preview":"max-image-preview:large","max-video-preview":"max-video-preview:-1"},"canonical":"https:\/\/ptmsrl.com\/de\/prodotto\/advance-bio-usb-bio-usb-twin\/","og_locale":"de_DE","og_type":"article","og_title":"PTM Srl | Advance Bio USB - Bio USB Twin","og_description":"Wiegecomputer zur Verwendung in Biogas und Industrieanlagen, der das angezeigte Gewicht in Ausgang 4-20mA konvertiert.  Sie k\u00f6nnen einen optionalen Modul anschlie\u00dfen, die den Ausgang der Gewichtsdaten \u00fcber den PROFIBUS erlaubt.  Durch einen zus\u00e4tzlichen Multilinkmodul, kann man alle Ein-und Ausgangsfunktionen verwalten.  Durch das Multilinksystem kann man, mittels der Verbindung von Kabel oder RF-Zusatzanzeigen, die Gewichtswerte fern visualisieren.  M\u00f6glichkeit 1 bis 3 automatische Ausladungen durch Eing\u00e4nge und Ausg\u00e4nge von DRIVE 7.6 Platine durchzuf\u00fchren.  Die TWIN Version verf\u00fcgt \u00fcber zwei separate Eing\u00e4nge, die das Gewicht von zwei Gruppen von Sensoren erfassen; die beide erfasste Gewichte werden dann in einem einzigen Gesamtgewicht aufsummiert. In diesem Fall, in \u00e4hnlicher Weise mit dem PROFIBUS-Ausgang, werden die beiden Gewichte in zwei 4-20mA Ausg\u00e4ngen umgewandelt.  Speicherkapazit\u00e4t bis 40 Komponente Namen.  Rezeptenladung Modus \u2192 F\u00e4higkeit bis zu 80 Rezepte zu speichern, jeweils bestehend aus 20 Komponenten. Sie k\u00f6nnen die programmierten Ladungen der verschiedenen Rezepte ausf\u00fchren und die t\u00e4gliche beladene Menge auf dem Display ansehen.  Handbeladung Modus \u2192 M\u00f6glichkeit eine liste von maximal 20 Komponenten zu programmieren und danach sie zu laden durch Auswahl von der Liste. Die Ladung ist frei von jeder Gewichtsbindung, so k\u00f6nnen Sie eine gew\u00fcnschte Menge der Komponente laden; au\u00dferdem kann man die t\u00e4gliche beladene Menge auf dem Display ansehen.  M\u00f6glichkeit, den Wiegecomputer mittels USB an Biomix Verwaltungssoftware zu verbinden.  M\u00f6glichkeit CSV Format Digitaldrucke der Komponentenverbr\u00e4uche , der t\u00e4glichen Verbr\u00e4uche und der Ladungsoperationen auszuf\u00fchren.  M\u00f6glichkeit die t\u00e4gliche geladene Menge der Komponenten bis zu einem Maximum von 30 Tagen zu \u00fcberwachen.  M\u00f6glichkeit den Lager zu verwalten durch \u00dcberpr\u00fcfung der verbrauchten und lieferbaren Menge jeder Komponente.","og_url":"https:\/\/ptmsrl.com\/de\/prodotto\/advance-bio-usb-bio-usb-twin\/","og_site_name":"PTM Srl","article_publisher":"https:\/\/www.facebook.com\/believingintechnology\/","article_modified_time":"2019-07-17T07:27:25+00:00","og_image":[{"width":1024,"height":1024,"url":"https:\/\/ptmsrl.com\/wp-content\/uploads\/2018\/09\/Advance-Bio2.jpg","type":"image\/jpeg"}],"twitter_card":"summary_large_image","twitter_site":"@ptm","schema":{"@context":"https:\/\/schema.org","@graph":[{"@type":"WebPage","@id":"https:\/\/ptmsrl.com\/de\/prodotto\/advance-bio-usb-bio-usb-twin\/","url":"https:\/\/ptmsrl.com\/de\/prodotto\/advance-bio-usb-bio-usb-twin\/","name":"PTM Srl | Advance Bio USB - Bio USB Twin","isPartOf":{"@id":"https:\/\/ptmsrl.com\/#website"},"primaryImageOfPage":{"@id":"https:\/\/ptmsrl.com\/de\/prodotto\/advance-bio-usb-bio-usb-twin\/#primaryimage"},"image":{"@id":"https:\/\/ptmsrl.com\/de\/prodotto\/advance-bio-usb-bio-usb-twin\/#primaryimage"},"thumbnailUrl":"https:\/\/ptmsrl.com\/wp-content\/uploads\/2018\/09\/Advance-Bio2.jpg","datePublished":"2018-10-10T15:42:19+00:00","dateModified":"2019-07-17T07:27:25+00:00","breadcrumb":{"@id":"https:\/\/ptmsrl.com\/de\/prodotto\/advance-bio-usb-bio-usb-twin\/#breadcrumb"},"inLanguage":"de","potentialAction":[{"@type":"ReadAction","target":["https:\/\/ptmsrl.com\/de\/prodotto\/advance-bio-usb-bio-usb-twin\/"]}]},{"@type":"ImageObject","inLanguage":"de","@id":"https:\/\/ptmsrl.com\/de\/prodotto\/advance-bio-usb-bio-usb-twin\/#primaryimage","url":"https:\/\/ptmsrl.com\/wp-content\/uploads\/2018\/09\/Advance-Bio2.jpg","contentUrl":"https:\/\/ptmsrl.com\/wp-content\/uploads\/2018\/09\/Advance-Bio2.jpg","width":1024,"height":1024,"caption":"advance-bio2"},{"@type":"BreadcrumbList","@id":"https:\/\/ptmsrl.com\/de\/prodotto\/advance-bio-usb-bio-usb-twin\/#breadcrumb","itemListElement":[{"@type":"ListItem","position":1,"name":"Home","item":"https:\/\/ptmsrl.com\/de\/"},{"@type":"ListItem","position":2,"name":"Shop","item":"https:\/\/ptmsrl.com\/shop\/"},{"@type":"ListItem","position":3,"name":"Advance Bio USB &#8211; Bio USB Twin"}]},{"@type":"WebSite","@id":"https:\/\/ptmsrl.com\/#website","url":"https:\/\/ptmsrl.com\/","name":"PTM Srl","description":"\u041c\u042b \u041f\u0420\u041e\u0418\u0417\u0412\u041e\u0414\u0418\u041c \u041a\u0410\u0427\u0415\u0421\u0422\u0412\u041e, \u041a\u041e\u0422\u041e\u0420\u041e\u0415 \u0418\u041c\u0415\u0415\u0422 \u041e\u0421\u041e\u0411\u042b\u0419 \u0412\u0415\u0421","publisher":{"@id":"https:\/\/ptmsrl.com\/#organization"},"potentialAction":[{"@type":"SearchAction","target":{"@type":"EntryPoint","urlTemplate":"https:\/\/ptmsrl.com\/?s={search_term_string}"},"query-input":{"@type":"PropertyValueSpecification","valueRequired":true,"valueName":"search_term_string"}}],"inLanguage":"de"},{"@type":"Organization","@id":"https:\/\/ptmsrl.com\/#organization","name":"PTM srl","url":"https:\/\/ptmsrl.com\/","logo":{"@type":"ImageObject","inLanguage":"de","@id":"https:\/\/ptmsrl.com\/#\/schema\/logo\/image\/","url":"https:\/\/ptmsrl.com\/wp-content\/uploads\/2018\/10\/LOGO-PTM.png","contentUrl":"https:\/\/ptmsrl.com\/wp-content\/uploads\/2018\/10\/LOGO-PTM.png","width":1000,"height":500,"caption":"PTM srl"},"image":{"@id":"https:\/\/ptmsrl.com\/#\/schema\/logo\/image\/"},"sameAs":["https:\/\/www.facebook.com\/believingintechnology\/","https:\/\/x.com\/ptm","https:\/\/www.linkedin.com\/company\/ptm-s-r-l\/","https:\/\/www.youtube.com\/channel\/UCPSOS0MaR-4jDkAD3HkAC7A"]}]}},"_links":{"self":[{"href":"https:\/\/ptmsrl.com\/de\/wp-json\/wp\/v2\/product\/1935","targetHints":{"allow":["GET"]}}],"collection":[{"href":"https:\/\/ptmsrl.com\/de\/wp-json\/wp\/v2\/product"}],"about":[{"href":"https:\/\/ptmsrl.com\/de\/wp-json\/wp\/v2\/types\/product"}],"wp:featuredmedia":[{"embeddable":true,"href":"https:\/\/ptmsrl.com\/de\/wp-json\/wp\/v2\/media\/9349"}],"wp:attachment":[{"href":"https:\/\/ptmsrl.com\/de\/wp-json\/wp\/v2\/media?parent=1935"}],"wp:term":[{"taxonomy":"product_brand","embeddable":true,"href":"https:\/\/ptmsrl.com\/de\/wp-json\/wp\/v2\/product_brand?post=1935"},{"taxonomy":"product_cat","embeddable":true,"href":"https:\/\/ptmsrl.com\/de\/wp-json\/wp\/v2\/product_cat?post=1935"},{"taxonomy":"product_tag","embeddable":true,"href":"https:\/\/ptmsrl.com\/de\/wp-json\/wp\/v2\/product_tag?post=1935"}],"curies":[{"name":"wp","href":"https:\/\/api.w.org\/{rel}","templated":true}]}}