{"id":1945,"date":"2018-09-05T18:16:41","date_gmt":"2018-10-11T11:02:23","guid":{"rendered":"https:\/\/ptmsrl.com\/?post_type=product&#038;p=1945"},"modified":"2023-07-18T11:40:41","modified_gmt":"2023-07-18T09:40:41","slug":"hl-10-hl-15","status":"publish","type":"product","link":"https:\/\/ptmsrl.com\/de\/prodotto\/hl-10-hl-15\/","title":{"rendered":"HL 10 &#8211; HL 15"},"content":{"rendered":"","protected":false},"excerpt":{"rendered":"<h3>Wiegecomputer f\u00fcr Anwendungen mit kleinem Raumbedarf, bequem und praktisch f\u00fcr den Einbau auf Schlepper<\/h3>\n<p>Die Wiegecomputer HL10 und HL15 wurden zur Wiegung bei Anlagen entwickelt, wo der verf\u00fcgbare Raum zum Einbau der Waage begrenzt ist.<\/p>\n<p>Diese Waage haben einen kleinen Gesamtmass und sind sehr einfach zum Bedienen. Sie sind mit den folgenden Eigenschaften ausgestattet: hochbeleuchtetem LED Display mit 16 Segmenten und 6 Digits, Steckern mit goldenen Kontakten, Schutz gegen Versorgungsumpolungen und \u00dcberstrom dank selbstwiederherstellbaren Sicherungen. Die Version HL10 erlaubt die Funktion von Gesamt &#8211; und Teilgewicht; die Version HL15 erlaubt auch die Einstellung von max. 15 Rezepten und 20 Komponenten nach Tieren oder Gesamtgewicht, mit der M\u00f6glichkeit, den Namen des Rezeptes selbst zu \u00e4ndern. Der Alarm zum Signalisieren das Ende der Ladungsoperation kann direkt im Wiegecomputer oder durch externe Hupe integriert werden.<\/p>\n<p>Die Wiegecomputer sind mit mehrsprachigem System, Garantie\u00fcberwachung und Registrierung von Datum und Uhrzeit von m\u00f6glichen \u00dcberladungen ausgestattet.<\/p>\n<p>Der Artikel ist nicht mehr in Produktion.<br \/>\nIm folgenden Link geben wir das aktuellste Produktionsprodukt mit den gleichen Funktionen an.<\/p>\n<a href=\"https:\/\/ptmsrl.com\/de\/prodotti\/centraline\/hl-10-15-series\/\" target=\"Blank\" class=\"button primary is-primary is-medium\"  >\n\t\t<span>HL 10-15 SERIES<\/span>\n\t<\/a>\n\n<p>&nbsp;<\/p>\n","protected":false},"featured_media":9357,"template":"","meta":{"inline_featured_image":false},"product_brand":[],"product_cat":[143,161],"product_tag":[],"class_list":{"0":"post-1945","1":"product","2":"type-product","3":"status-publish","4":"has-post-thumbnail","6":"product_cat-wiegecomputer","7":"product_cat-aktualisieren-sie-ihr-produkt","9":"first","10":"instock","11":"downloadable","12":"shipping-taxable","13":"product-type-simple"},"yoast_head":"<!-- This site is optimized with the Yoast SEO plugin v25.3 - https:\/\/yoast.com\/wordpress\/plugins\/seo\/ -->\n<title>PTM Srl | HL 10 - HL 15<\/title>\n<meta name=\"robots\" content=\"index, follow, max-snippet:-1, max-image-preview:large, max-video-preview:-1\" \/>\n<link rel=\"canonical\" href=\"https:\/\/ptmsrl.com\/de\/prodotto\/hl-10-hl-15\/\" \/>\n<meta property=\"og:locale\" content=\"de_DE\" \/>\n<meta property=\"og:type\" content=\"article\" \/>\n<meta property=\"og:title\" content=\"PTM Srl | HL 10 - HL 15\" \/>\n<meta property=\"og:description\" content=\"Wiegecomputer f\u00fcr Anwendungen mit kleinem Raumbedarf, bequem und praktisch f\u00fcr den Einbau auf Schlepper Die Wiegecomputer HL10 und HL15 wurden zur Wiegung bei Anlagen entwickelt, wo der verf\u00fcgbare Raum zum Einbau der Waage begrenzt ist.  Diese Waage haben einen kleinen Gesamtmass und sind sehr einfach zum Bedienen. Sie sind mit den folgenden Eigenschaften ausgestattet: hochbeleuchtetem LED Display mit 16 Segmenten und 6 Digits, Steckern mit goldenen Kontakten, Schutz gegen Versorgungsumpolungen und \u00dcberstrom dank selbstwiederherstellbaren Sicherungen. Die Version HL10 erlaubt die Funktion von Gesamt - und Teilgewicht; die Version HL15 erlaubt auch die Einstellung von max. 15 Rezepten und 20 Komponenten nach Tieren oder Gesamtgewicht, mit der M\u00f6glichkeit, den Namen des Rezeptes selbst zu \u00e4ndern. Der Alarm zum Signalisieren das Ende der Ladungsoperation kann direkt im Wiegecomputer oder durch externe Hupe integriert werden.  Die Wiegecomputer sind mit mehrsprachigem System, Garantie\u00fcberwachung und Registrierung von Datum und Uhrzeit von m\u00f6glichen \u00dcberladungen ausgestattet.  Der Artikel ist nicht mehr in Produktion. Im folgenden Link geben wir das aktuellste Produktionsprodukt mit den gleichen Funktionen an.    &nbsp;\" \/>\n<meta property=\"og:url\" content=\"https:\/\/ptmsrl.com\/de\/prodotto\/hl-10-hl-15\/\" \/>\n<meta property=\"og:site_name\" content=\"PTM Srl\" \/>\n<meta property=\"article:publisher\" content=\"https:\/\/www.facebook.com\/believingintechnology\/\" \/>\n<meta property=\"article:modified_time\" content=\"2023-07-18T09:40:41+00:00\" \/>\n<meta property=\"og:image\" content=\"https:\/\/ptmsrl.com\/wp-content\/uploads\/2018\/09\/HL15-con-mascherina.jpg\" \/>\n\t<meta property=\"og:image:width\" content=\"1024\" \/>\n\t<meta property=\"og:image:height\" content=\"1024\" \/>\n\t<meta property=\"og:image:type\" content=\"image\/jpeg\" \/>\n<meta name=\"twitter:card\" content=\"summary_large_image\" \/>\n<meta name=\"twitter:site\" content=\"@ptm\" \/>\n<script type=\"application\/ld+json\" class=\"yoast-schema-graph\">{\"@context\":\"https:\/\/schema.org\",\"@graph\":[{\"@type\":\"WebPage\",\"@id\":\"https:\/\/ptmsrl.com\/de\/prodotto\/hl-10-hl-15\/\",\"url\":\"https:\/\/ptmsrl.com\/de\/prodotto\/hl-10-hl-15\/\",\"name\":\"PTM Srl | HL 10 - HL 15\",\"isPartOf\":{\"@id\":\"https:\/\/ptmsrl.com\/#website\"},\"primaryImageOfPage\":{\"@id\":\"https:\/\/ptmsrl.com\/de\/prodotto\/hl-10-hl-15\/#primaryimage\"},\"image\":{\"@id\":\"https:\/\/ptmsrl.com\/de\/prodotto\/hl-10-hl-15\/#primaryimage\"},\"thumbnailUrl\":\"https:\/\/ptmsrl.com\/wp-content\/uploads\/2018\/09\/HL15-con-mascherina.jpg\",\"datePublished\":\"2018-10-11T11:02:23+00:00\",\"dateModified\":\"2023-07-18T09:40:41+00:00\",\"breadcrumb\":{\"@id\":\"https:\/\/ptmsrl.com\/de\/prodotto\/hl-10-hl-15\/#breadcrumb\"},\"inLanguage\":\"de\",\"potentialAction\":[{\"@type\":\"ReadAction\",\"target\":[\"https:\/\/ptmsrl.com\/de\/prodotto\/hl-10-hl-15\/\"]}]},{\"@type\":\"ImageObject\",\"inLanguage\":\"de\",\"@id\":\"https:\/\/ptmsrl.com\/de\/prodotto\/hl-10-hl-15\/#primaryimage\",\"url\":\"https:\/\/ptmsrl.com\/wp-content\/uploads\/2018\/09\/HL15-con-mascherina.jpg\",\"contentUrl\":\"https:\/\/ptmsrl.com\/wp-content\/uploads\/2018\/09\/HL15-con-mascherina.jpg\",\"width\":1024,\"height\":1024,\"caption\":\"hl15-con-mascherina\"},{\"@type\":\"BreadcrumbList\",\"@id\":\"https:\/\/ptmsrl.com\/de\/prodotto\/hl-10-hl-15\/#breadcrumb\",\"itemListElement\":[{\"@type\":\"ListItem\",\"position\":1,\"name\":\"Home\",\"item\":\"https:\/\/ptmsrl.com\/de\/\"},{\"@type\":\"ListItem\",\"position\":2,\"name\":\"Shop\",\"item\":\"https:\/\/ptmsrl.com\/shop\/\"},{\"@type\":\"ListItem\",\"position\":3,\"name\":\"HL 10 &#8211; HL 15\"}]},{\"@type\":\"WebSite\",\"@id\":\"https:\/\/ptmsrl.com\/#website\",\"url\":\"https:\/\/ptmsrl.com\/\",\"name\":\"PTM Srl\",\"description\":\"\u041c\u042b \u041f\u0420\u041e\u0418\u0417\u0412\u041e\u0414\u0418\u041c \u041a\u0410\u0427\u0415\u0421\u0422\u0412\u041e, \u041a\u041e\u0422\u041e\u0420\u041e\u0415 \u0418\u041c\u0415\u0415\u0422 \u041e\u0421\u041e\u0411\u042b\u0419 \u0412\u0415\u0421\",\"publisher\":{\"@id\":\"https:\/\/ptmsrl.com\/#organization\"},\"potentialAction\":[{\"@type\":\"SearchAction\",\"target\":{\"@type\":\"EntryPoint\",\"urlTemplate\":\"https:\/\/ptmsrl.com\/?s={search_term_string}\"},\"query-input\":{\"@type\":\"PropertyValueSpecification\",\"valueRequired\":true,\"valueName\":\"search_term_string\"}}],\"inLanguage\":\"de\"},{\"@type\":\"Organization\",\"@id\":\"https:\/\/ptmsrl.com\/#organization\",\"name\":\"PTM srl\",\"url\":\"https:\/\/ptmsrl.com\/\",\"logo\":{\"@type\":\"ImageObject\",\"inLanguage\":\"de\",\"@id\":\"https:\/\/ptmsrl.com\/#\/schema\/logo\/image\/\",\"url\":\"https:\/\/ptmsrl.com\/wp-content\/uploads\/2018\/10\/LOGO-PTM.png\",\"contentUrl\":\"https:\/\/ptmsrl.com\/wp-content\/uploads\/2018\/10\/LOGO-PTM.png\",\"width\":1000,\"height\":500,\"caption\":\"PTM srl\"},\"image\":{\"@id\":\"https:\/\/ptmsrl.com\/#\/schema\/logo\/image\/\"},\"sameAs\":[\"https:\/\/www.facebook.com\/believingintechnology\/\",\"https:\/\/x.com\/ptm\",\"https:\/\/www.linkedin.com\/company\/ptm-s-r-l\/\",\"https:\/\/www.youtube.com\/channel\/UCPSOS0MaR-4jDkAD3HkAC7A\"]}]}<\/script>\n<!-- \/ Yoast SEO plugin. -->","yoast_head_json":{"title":"PTM Srl | HL 10 - HL 15","robots":{"index":"index","follow":"follow","max-snippet":"max-snippet:-1","max-image-preview":"max-image-preview:large","max-video-preview":"max-video-preview:-1"},"canonical":"https:\/\/ptmsrl.com\/de\/prodotto\/hl-10-hl-15\/","og_locale":"de_DE","og_type":"article","og_title":"PTM Srl | HL 10 - HL 15","og_description":"Wiegecomputer f\u00fcr Anwendungen mit kleinem Raumbedarf, bequem und praktisch f\u00fcr den Einbau auf Schlepper Die Wiegecomputer HL10 und HL15 wurden zur Wiegung bei Anlagen entwickelt, wo der verf\u00fcgbare Raum zum Einbau der Waage begrenzt ist.  Diese Waage haben einen kleinen Gesamtmass und sind sehr einfach zum Bedienen. Sie sind mit den folgenden Eigenschaften ausgestattet: hochbeleuchtetem LED Display mit 16 Segmenten und 6 Digits, Steckern mit goldenen Kontakten, Schutz gegen Versorgungsumpolungen und \u00dcberstrom dank selbstwiederherstellbaren Sicherungen. Die Version HL10 erlaubt die Funktion von Gesamt - und Teilgewicht; die Version HL15 erlaubt auch die Einstellung von max. 15 Rezepten und 20 Komponenten nach Tieren oder Gesamtgewicht, mit der M\u00f6glichkeit, den Namen des Rezeptes selbst zu \u00e4ndern. Der Alarm zum Signalisieren das Ende der Ladungsoperation kann direkt im Wiegecomputer oder durch externe Hupe integriert werden.  Die Wiegecomputer sind mit mehrsprachigem System, Garantie\u00fcberwachung und Registrierung von Datum und Uhrzeit von m\u00f6glichen \u00dcberladungen ausgestattet.  Der Artikel ist nicht mehr in Produktion. Im folgenden Link geben wir das aktuellste Produktionsprodukt mit den gleichen Funktionen an.    &nbsp;","og_url":"https:\/\/ptmsrl.com\/de\/prodotto\/hl-10-hl-15\/","og_site_name":"PTM Srl","article_publisher":"https:\/\/www.facebook.com\/believingintechnology\/","article_modified_time":"2023-07-18T09:40:41+00:00","og_image":[{"width":1024,"height":1024,"url":"https:\/\/ptmsrl.com\/wp-content\/uploads\/2018\/09\/HL15-con-mascherina.jpg","type":"image\/jpeg"}],"twitter_card":"summary_large_image","twitter_site":"@ptm","schema":{"@context":"https:\/\/schema.org","@graph":[{"@type":"WebPage","@id":"https:\/\/ptmsrl.com\/de\/prodotto\/hl-10-hl-15\/","url":"https:\/\/ptmsrl.com\/de\/prodotto\/hl-10-hl-15\/","name":"PTM Srl | HL 10 - HL 15","isPartOf":{"@id":"https:\/\/ptmsrl.com\/#website"},"primaryImageOfPage":{"@id":"https:\/\/ptmsrl.com\/de\/prodotto\/hl-10-hl-15\/#primaryimage"},"image":{"@id":"https:\/\/ptmsrl.com\/de\/prodotto\/hl-10-hl-15\/#primaryimage"},"thumbnailUrl":"https:\/\/ptmsrl.com\/wp-content\/uploads\/2018\/09\/HL15-con-mascherina.jpg","datePublished":"2018-10-11T11:02:23+00:00","dateModified":"2023-07-18T09:40:41+00:00","breadcrumb":{"@id":"https:\/\/ptmsrl.com\/de\/prodotto\/hl-10-hl-15\/#breadcrumb"},"inLanguage":"de","potentialAction":[{"@type":"ReadAction","target":["https:\/\/ptmsrl.com\/de\/prodotto\/hl-10-hl-15\/"]}]},{"@type":"ImageObject","inLanguage":"de","@id":"https:\/\/ptmsrl.com\/de\/prodotto\/hl-10-hl-15\/#primaryimage","url":"https:\/\/ptmsrl.com\/wp-content\/uploads\/2018\/09\/HL15-con-mascherina.jpg","contentUrl":"https:\/\/ptmsrl.com\/wp-content\/uploads\/2018\/09\/HL15-con-mascherina.jpg","width":1024,"height":1024,"caption":"hl15-con-mascherina"},{"@type":"BreadcrumbList","@id":"https:\/\/ptmsrl.com\/de\/prodotto\/hl-10-hl-15\/#breadcrumb","itemListElement":[{"@type":"ListItem","position":1,"name":"Home","item":"https:\/\/ptmsrl.com\/de\/"},{"@type":"ListItem","position":2,"name":"Shop","item":"https:\/\/ptmsrl.com\/shop\/"},{"@type":"ListItem","position":3,"name":"HL 10 &#8211; HL 15"}]},{"@type":"WebSite","@id":"https:\/\/ptmsrl.com\/#website","url":"https:\/\/ptmsrl.com\/","name":"PTM Srl","description":"\u041c\u042b \u041f\u0420\u041e\u0418\u0417\u0412\u041e\u0414\u0418\u041c \u041a\u0410\u0427\u0415\u0421\u0422\u0412\u041e, \u041a\u041e\u0422\u041e\u0420\u041e\u0415 \u0418\u041c\u0415\u0415\u0422 \u041e\u0421\u041e\u0411\u042b\u0419 \u0412\u0415\u0421","publisher":{"@id":"https:\/\/ptmsrl.com\/#organization"},"potentialAction":[{"@type":"SearchAction","target":{"@type":"EntryPoint","urlTemplate":"https:\/\/ptmsrl.com\/?s={search_term_string}"},"query-input":{"@type":"PropertyValueSpecification","valueRequired":true,"valueName":"search_term_string"}}],"inLanguage":"de"},{"@type":"Organization","@id":"https:\/\/ptmsrl.com\/#organization","name":"PTM srl","url":"https:\/\/ptmsrl.com\/","logo":{"@type":"ImageObject","inLanguage":"de","@id":"https:\/\/ptmsrl.com\/#\/schema\/logo\/image\/","url":"https:\/\/ptmsrl.com\/wp-content\/uploads\/2018\/10\/LOGO-PTM.png","contentUrl":"https:\/\/ptmsrl.com\/wp-content\/uploads\/2018\/10\/LOGO-PTM.png","width":1000,"height":500,"caption":"PTM srl"},"image":{"@id":"https:\/\/ptmsrl.com\/#\/schema\/logo\/image\/"},"sameAs":["https:\/\/www.facebook.com\/believingintechnology\/","https:\/\/x.com\/ptm","https:\/\/www.linkedin.com\/company\/ptm-s-r-l\/","https:\/\/www.youtube.com\/channel\/UCPSOS0MaR-4jDkAD3HkAC7A"]}]}},"_links":{"self":[{"href":"https:\/\/ptmsrl.com\/de\/wp-json\/wp\/v2\/product\/1945","targetHints":{"allow":["GET"]}}],"collection":[{"href":"https:\/\/ptmsrl.com\/de\/wp-json\/wp\/v2\/product"}],"about":[{"href":"https:\/\/ptmsrl.com\/de\/wp-json\/wp\/v2\/types\/product"}],"wp:featuredmedia":[{"embeddable":true,"href":"https:\/\/ptmsrl.com\/de\/wp-json\/wp\/v2\/media\/9357"}],"wp:attachment":[{"href":"https:\/\/ptmsrl.com\/de\/wp-json\/wp\/v2\/media?parent=1945"}],"wp:term":[{"taxonomy":"product_brand","embeddable":true,"href":"https:\/\/ptmsrl.com\/de\/wp-json\/wp\/v2\/product_brand?post=1945"},{"taxonomy":"product_cat","embeddable":true,"href":"https:\/\/ptmsrl.com\/de\/wp-json\/wp\/v2\/product_cat?post=1945"},{"taxonomy":"product_tag","embeddable":true,"href":"https:\/\/ptmsrl.com\/de\/wp-json\/wp\/v2\/product_tag?post=1945"}],"curies":[{"name":"wp","href":"https:\/\/api.w.org\/{rel}","templated":true}]}}