{"id":19551,"date":"2021-03-19T17:46:28","date_gmt":"2021-03-22T16:31:43","guid":{"rendered":"https:\/\/ptmsrl.com\/?post_type=product&#038;p=19551"},"modified":"2025-03-31T18:09:18","modified_gmt":"2025-03-31T16:09:18","slug":"hl-50-420-series","status":"publish","type":"product","link":"https:\/\/ptmsrl.com\/de\/prodotto\/hl-50-420-series\/","title":{"rendered":"HL 50-420 SERIES"},"content":{"rendered":"<ul>\n<li>LCD-Grafikdisplay mit automatischer Helligkeit<\/li>\n<li>Einfach zu gebrauchen mit Funktionssymbolen<\/li>\n<li>Geh\u00e4use aus pulverbeschichtetem Aluminiumguss<\/li>\n<li>Zubeh\u00f6ren-Stecker f\u00fcr alle Modelle der HL-Serie<\/li>\n<li>Personalisierung mit Benutzerlogo auf dem Wiegeindikator<\/li>\n<li>\u201cPTM Multilink\u201d Anschlusssystem<\/li>\n<\/ul>\n","protected":false},"excerpt":{"rendered":"<p>Der Wiegecomputer HL 50-420 SERIES wurde zur Umwandlung des erfassten Gewichtswerts in einen 4-20mA Stromausgang entwickelt, der f\u00fcr SPS geeignet ist.<br \/>\nDer Wiegecomputer HL420 zeigt das durch die Wiegesensoren erfasste Gewicht an, hat die Funktionen Gesamt- und Teilgewicht, kann die auf dem Display angezeigten Werte ausdrucken, und wandelt den Gesamtgewichtswert in einen 4-20mA Stromausgang um. Dazu kann der Stromausgang \u00fcber Tastatur reguliert werden, indem man die Gewichtswerte einstellt, die 4mA und 20mA entsprechen.<\/p>\n<p>Dank der Auswahl unter verschiedenen Zusatzanzeigen und Fernbedienungen kann der Wiegecomputer auch fern kontrolliert und verwaltet werden. Das verbessert die Leistung des Bedieners und die Vielf\u00e4ltigkeit des Wiegecomputers selbst.<\/p>\n<p>Die Steckverbindungen an dieser Elektronik sind mit goldenen oxydierungsbest\u00e4ndigen Kontakten serienm\u00e4 \u03b2ig ausgestattet. Weitere Merkmale sind ein Stecker zum Anschluss von Zubeh\u00f6r, Aluminiumgeh\u00e4use, Verpolungs- und \u00dcberspannungsschutz durch wiederherstellende Sicherungen.<\/p>\n","protected":false},"featured_media":19504,"template":"","meta":{"inline_featured_image":false},"product_brand":[],"product_cat":[485],"product_tag":[],"class_list":{"0":"post-19551","1":"product","2":"type-product","3":"status-publish","4":"has-post-thumbnail","6":"product_cat-hl-50-420-series-de","8":"first","9":"instock","10":"downloadable","11":"shipping-taxable","12":"product-type-simple"},"yoast_head":"<!-- This site is optimized with the Yoast SEO plugin v25.3 - https:\/\/yoast.com\/wordpress\/plugins\/seo\/ -->\n<title>PTM Srl | HL 50-420 SERIES<\/title>\n<meta name=\"robots\" content=\"index, follow, max-snippet:-1, max-image-preview:large, max-video-preview:-1\" \/>\n<link rel=\"canonical\" href=\"https:\/\/ptmsrl.com\/de\/prodotto\/hl-50-420-series\/\" \/>\n<meta property=\"og:locale\" content=\"de_DE\" \/>\n<meta property=\"og:type\" content=\"article\" \/>\n<meta property=\"og:title\" content=\"PTM Srl | HL 50-420 SERIES\" \/>\n<meta property=\"og:description\" content=\"Der Wiegecomputer HL 50-420 SERIES wurde zur Umwandlung des erfassten Gewichtswerts in einen 4-20mA Stromausgang entwickelt, der f\u00fcr SPS geeignet ist. Der Wiegecomputer HL420 zeigt das durch die Wiegesensoren erfasste Gewicht an, hat die Funktionen Gesamt- und Teilgewicht, kann die auf dem Display angezeigten Werte ausdrucken, und wandelt den Gesamtgewichtswert in einen 4-20mA Stromausgang um. Dazu kann der Stromausgang \u00fcber Tastatur reguliert werden, indem man die Gewichtswerte einstellt, die 4mA und 20mA entsprechen.  Dank der Auswahl unter verschiedenen Zusatzanzeigen und Fernbedienungen kann der Wiegecomputer auch fern kontrolliert und verwaltet werden. Das verbessert die Leistung des Bedieners und die Vielf\u00e4ltigkeit des Wiegecomputers selbst.  Die Steckverbindungen an dieser Elektronik sind mit goldenen oxydierungsbest\u00e4ndigen Kontakten serienm\u00e4 \u03b2ig ausgestattet. Weitere Merkmale sind ein Stecker zum Anschluss von Zubeh\u00f6r, Aluminiumgeh\u00e4use, Verpolungs- und \u00dcberspannungsschutz durch wiederherstellende Sicherungen.\" \/>\n<meta property=\"og:url\" content=\"https:\/\/ptmsrl.com\/de\/prodotto\/hl-50-420-series\/\" \/>\n<meta property=\"og:site_name\" content=\"PTM Srl\" \/>\n<meta property=\"article:publisher\" content=\"https:\/\/www.facebook.com\/believingintechnology\/\" \/>\n<meta property=\"article:modified_time\" content=\"2025-03-31T16:09:18+00:00\" \/>\n<meta property=\"og:image\" content=\"https:\/\/ptmsrl.com\/wp-content\/uploads\/2021\/03\/PTM-HL-50-420-SERIES-1.jpg\" \/>\n\t<meta property=\"og:image:width\" content=\"617\" \/>\n\t<meta property=\"og:image:height\" content=\"600\" \/>\n\t<meta property=\"og:image:type\" content=\"image\/jpeg\" \/>\n<meta name=\"twitter:card\" content=\"summary_large_image\" \/>\n<meta name=\"twitter:site\" content=\"@ptm\" \/>\n<meta name=\"twitter:label1\" content=\"Gesch\u00e4tzte Lesezeit\" \/>\n\t<meta name=\"twitter:data1\" content=\"1\u00a0Minute\" \/>\n<script type=\"application\/ld+json\" class=\"yoast-schema-graph\">{\"@context\":\"https:\/\/schema.org\",\"@graph\":[{\"@type\":\"WebPage\",\"@id\":\"https:\/\/ptmsrl.com\/de\/prodotto\/hl-50-420-series\/\",\"url\":\"https:\/\/ptmsrl.com\/de\/prodotto\/hl-50-420-series\/\",\"name\":\"PTM Srl | HL 50-420 SERIES\",\"isPartOf\":{\"@id\":\"https:\/\/ptmsrl.com\/#website\"},\"primaryImageOfPage\":{\"@id\":\"https:\/\/ptmsrl.com\/de\/prodotto\/hl-50-420-series\/#primaryimage\"},\"image\":{\"@id\":\"https:\/\/ptmsrl.com\/de\/prodotto\/hl-50-420-series\/#primaryimage\"},\"thumbnailUrl\":\"https:\/\/ptmsrl.com\/wp-content\/uploads\/2021\/03\/PTM-HL-50-420-SERIES-1.jpg\",\"datePublished\":\"2021-03-22T16:31:43+00:00\",\"dateModified\":\"2025-03-31T16:09:18+00:00\",\"breadcrumb\":{\"@id\":\"https:\/\/ptmsrl.com\/de\/prodotto\/hl-50-420-series\/#breadcrumb\"},\"inLanguage\":\"de\",\"potentialAction\":[{\"@type\":\"ReadAction\",\"target\":[\"https:\/\/ptmsrl.com\/de\/prodotto\/hl-50-420-series\/\"]}]},{\"@type\":\"ImageObject\",\"inLanguage\":\"de\",\"@id\":\"https:\/\/ptmsrl.com\/de\/prodotto\/hl-50-420-series\/#primaryimage\",\"url\":\"https:\/\/ptmsrl.com\/wp-content\/uploads\/2021\/03\/PTM-HL-50-420-SERIES-1.jpg\",\"contentUrl\":\"https:\/\/ptmsrl.com\/wp-content\/uploads\/2021\/03\/PTM-HL-50-420-SERIES-1.jpg\",\"width\":617,\"height\":600,\"caption\":\"ptm-hl-50-420-series-1\"},{\"@type\":\"BreadcrumbList\",\"@id\":\"https:\/\/ptmsrl.com\/de\/prodotto\/hl-50-420-series\/#breadcrumb\",\"itemListElement\":[{\"@type\":\"ListItem\",\"position\":1,\"name\":\"Home\",\"item\":\"https:\/\/ptmsrl.com\/de\/\"},{\"@type\":\"ListItem\",\"position\":2,\"name\":\"Shop\",\"item\":\"https:\/\/ptmsrl.com\/shop\/\"},{\"@type\":\"ListItem\",\"position\":3,\"name\":\"HL 50-420 SERIES\"}]},{\"@type\":\"WebSite\",\"@id\":\"https:\/\/ptmsrl.com\/#website\",\"url\":\"https:\/\/ptmsrl.com\/\",\"name\":\"PTM Srl\",\"description\":\"\u041c\u042b \u041f\u0420\u041e\u0418\u0417\u0412\u041e\u0414\u0418\u041c \u041a\u0410\u0427\u0415\u0421\u0422\u0412\u041e, \u041a\u041e\u0422\u041e\u0420\u041e\u0415 \u0418\u041c\u0415\u0415\u0422 \u041e\u0421\u041e\u0411\u042b\u0419 \u0412\u0415\u0421\",\"publisher\":{\"@id\":\"https:\/\/ptmsrl.com\/#organization\"},\"potentialAction\":[{\"@type\":\"SearchAction\",\"target\":{\"@type\":\"EntryPoint\",\"urlTemplate\":\"https:\/\/ptmsrl.com\/?s={search_term_string}\"},\"query-input\":{\"@type\":\"PropertyValueSpecification\",\"valueRequired\":true,\"valueName\":\"search_term_string\"}}],\"inLanguage\":\"de\"},{\"@type\":\"Organization\",\"@id\":\"https:\/\/ptmsrl.com\/#organization\",\"name\":\"PTM srl\",\"url\":\"https:\/\/ptmsrl.com\/\",\"logo\":{\"@type\":\"ImageObject\",\"inLanguage\":\"de\",\"@id\":\"https:\/\/ptmsrl.com\/#\/schema\/logo\/image\/\",\"url\":\"https:\/\/ptmsrl.com\/wp-content\/uploads\/2018\/10\/LOGO-PTM.png\",\"contentUrl\":\"https:\/\/ptmsrl.com\/wp-content\/uploads\/2018\/10\/LOGO-PTM.png\",\"width\":1000,\"height\":500,\"caption\":\"PTM srl\"},\"image\":{\"@id\":\"https:\/\/ptmsrl.com\/#\/schema\/logo\/image\/\"},\"sameAs\":[\"https:\/\/www.facebook.com\/believingintechnology\/\",\"https:\/\/x.com\/ptm\",\"https:\/\/www.linkedin.com\/company\/ptm-s-r-l\/\",\"https:\/\/www.youtube.com\/channel\/UCPSOS0MaR-4jDkAD3HkAC7A\"]}]}<\/script>\n<!-- \/ Yoast SEO plugin. -->","yoast_head_json":{"title":"PTM Srl | HL 50-420 SERIES","robots":{"index":"index","follow":"follow","max-snippet":"max-snippet:-1","max-image-preview":"max-image-preview:large","max-video-preview":"max-video-preview:-1"},"canonical":"https:\/\/ptmsrl.com\/de\/prodotto\/hl-50-420-series\/","og_locale":"de_DE","og_type":"article","og_title":"PTM Srl | HL 50-420 SERIES","og_description":"Der Wiegecomputer HL 50-420 SERIES wurde zur Umwandlung des erfassten Gewichtswerts in einen 4-20mA Stromausgang entwickelt, der f\u00fcr SPS geeignet ist. Der Wiegecomputer HL420 zeigt das durch die Wiegesensoren erfasste Gewicht an, hat die Funktionen Gesamt- und Teilgewicht, kann die auf dem Display angezeigten Werte ausdrucken, und wandelt den Gesamtgewichtswert in einen 4-20mA Stromausgang um. Dazu kann der Stromausgang \u00fcber Tastatur reguliert werden, indem man die Gewichtswerte einstellt, die 4mA und 20mA entsprechen.  Dank der Auswahl unter verschiedenen Zusatzanzeigen und Fernbedienungen kann der Wiegecomputer auch fern kontrolliert und verwaltet werden. Das verbessert die Leistung des Bedieners und die Vielf\u00e4ltigkeit des Wiegecomputers selbst.  Die Steckverbindungen an dieser Elektronik sind mit goldenen oxydierungsbest\u00e4ndigen Kontakten serienm\u00e4 \u03b2ig ausgestattet. Weitere Merkmale sind ein Stecker zum Anschluss von Zubeh\u00f6r, Aluminiumgeh\u00e4use, Verpolungs- und \u00dcberspannungsschutz durch wiederherstellende Sicherungen.","og_url":"https:\/\/ptmsrl.com\/de\/prodotto\/hl-50-420-series\/","og_site_name":"PTM Srl","article_publisher":"https:\/\/www.facebook.com\/believingintechnology\/","article_modified_time":"2025-03-31T16:09:18+00:00","og_image":[{"width":617,"height":600,"url":"https:\/\/ptmsrl.com\/wp-content\/uploads\/2021\/03\/PTM-HL-50-420-SERIES-1.jpg","type":"image\/jpeg"}],"twitter_card":"summary_large_image","twitter_site":"@ptm","twitter_misc":{"Gesch\u00e4tzte Lesezeit":"1\u00a0Minute"},"schema":{"@context":"https:\/\/schema.org","@graph":[{"@type":"WebPage","@id":"https:\/\/ptmsrl.com\/de\/prodotto\/hl-50-420-series\/","url":"https:\/\/ptmsrl.com\/de\/prodotto\/hl-50-420-series\/","name":"PTM Srl | HL 50-420 SERIES","isPartOf":{"@id":"https:\/\/ptmsrl.com\/#website"},"primaryImageOfPage":{"@id":"https:\/\/ptmsrl.com\/de\/prodotto\/hl-50-420-series\/#primaryimage"},"image":{"@id":"https:\/\/ptmsrl.com\/de\/prodotto\/hl-50-420-series\/#primaryimage"},"thumbnailUrl":"https:\/\/ptmsrl.com\/wp-content\/uploads\/2021\/03\/PTM-HL-50-420-SERIES-1.jpg","datePublished":"2021-03-22T16:31:43+00:00","dateModified":"2025-03-31T16:09:18+00:00","breadcrumb":{"@id":"https:\/\/ptmsrl.com\/de\/prodotto\/hl-50-420-series\/#breadcrumb"},"inLanguage":"de","potentialAction":[{"@type":"ReadAction","target":["https:\/\/ptmsrl.com\/de\/prodotto\/hl-50-420-series\/"]}]},{"@type":"ImageObject","inLanguage":"de","@id":"https:\/\/ptmsrl.com\/de\/prodotto\/hl-50-420-series\/#primaryimage","url":"https:\/\/ptmsrl.com\/wp-content\/uploads\/2021\/03\/PTM-HL-50-420-SERIES-1.jpg","contentUrl":"https:\/\/ptmsrl.com\/wp-content\/uploads\/2021\/03\/PTM-HL-50-420-SERIES-1.jpg","width":617,"height":600,"caption":"ptm-hl-50-420-series-1"},{"@type":"BreadcrumbList","@id":"https:\/\/ptmsrl.com\/de\/prodotto\/hl-50-420-series\/#breadcrumb","itemListElement":[{"@type":"ListItem","position":1,"name":"Home","item":"https:\/\/ptmsrl.com\/de\/"},{"@type":"ListItem","position":2,"name":"Shop","item":"https:\/\/ptmsrl.com\/shop\/"},{"@type":"ListItem","position":3,"name":"HL 50-420 SERIES"}]},{"@type":"WebSite","@id":"https:\/\/ptmsrl.com\/#website","url":"https:\/\/ptmsrl.com\/","name":"PTM Srl","description":"\u041c\u042b \u041f\u0420\u041e\u0418\u0417\u0412\u041e\u0414\u0418\u041c \u041a\u0410\u0427\u0415\u0421\u0422\u0412\u041e, \u041a\u041e\u0422\u041e\u0420\u041e\u0415 \u0418\u041c\u0415\u0415\u0422 \u041e\u0421\u041e\u0411\u042b\u0419 \u0412\u0415\u0421","publisher":{"@id":"https:\/\/ptmsrl.com\/#organization"},"potentialAction":[{"@type":"SearchAction","target":{"@type":"EntryPoint","urlTemplate":"https:\/\/ptmsrl.com\/?s={search_term_string}"},"query-input":{"@type":"PropertyValueSpecification","valueRequired":true,"valueName":"search_term_string"}}],"inLanguage":"de"},{"@type":"Organization","@id":"https:\/\/ptmsrl.com\/#organization","name":"PTM srl","url":"https:\/\/ptmsrl.com\/","logo":{"@type":"ImageObject","inLanguage":"de","@id":"https:\/\/ptmsrl.com\/#\/schema\/logo\/image\/","url":"https:\/\/ptmsrl.com\/wp-content\/uploads\/2018\/10\/LOGO-PTM.png","contentUrl":"https:\/\/ptmsrl.com\/wp-content\/uploads\/2018\/10\/LOGO-PTM.png","width":1000,"height":500,"caption":"PTM srl"},"image":{"@id":"https:\/\/ptmsrl.com\/#\/schema\/logo\/image\/"},"sameAs":["https:\/\/www.facebook.com\/believingintechnology\/","https:\/\/x.com\/ptm","https:\/\/www.linkedin.com\/company\/ptm-s-r-l\/","https:\/\/www.youtube.com\/channel\/UCPSOS0MaR-4jDkAD3HkAC7A"]}]}},"_links":{"self":[{"href":"https:\/\/ptmsrl.com\/de\/wp-json\/wp\/v2\/product\/19551","targetHints":{"allow":["GET"]}}],"collection":[{"href":"https:\/\/ptmsrl.com\/de\/wp-json\/wp\/v2\/product"}],"about":[{"href":"https:\/\/ptmsrl.com\/de\/wp-json\/wp\/v2\/types\/product"}],"wp:featuredmedia":[{"embeddable":true,"href":"https:\/\/ptmsrl.com\/de\/wp-json\/wp\/v2\/media\/19504"}],"wp:attachment":[{"href":"https:\/\/ptmsrl.com\/de\/wp-json\/wp\/v2\/media?parent=19551"}],"wp:term":[{"taxonomy":"product_brand","embeddable":true,"href":"https:\/\/ptmsrl.com\/de\/wp-json\/wp\/v2\/product_brand?post=19551"},{"taxonomy":"product_cat","embeddable":true,"href":"https:\/\/ptmsrl.com\/de\/wp-json\/wp\/v2\/product_cat?post=19551"},{"taxonomy":"product_tag","embeddable":true,"href":"https:\/\/ptmsrl.com\/de\/wp-json\/wp\/v2\/product_tag?post=19551"}],"curies":[{"name":"wp","href":"https:\/\/api.w.org\/{rel}","templated":true}]}}