{"id":1977,"date":"2018-09-06T10:02:56","date_gmt":"2018-10-11T13:32:30","guid":{"rendered":"https:\/\/ptmsrl.com\/?post_type=product&#038;p=1977"},"modified":"2024-07-02T12:13:43","modified_gmt":"2024-07-02T10:13:43","slug":"hl-420","status":"publish","type":"product","link":"https:\/\/ptmsrl.com\/de\/prodotto\/hl-420\/","title":{"rendered":"HL 420"},"content":{"rendered":"<ul>\n<li>Gesamtgewicht<\/li>\n<li>Teilgewicht<\/li>\n<li>Stromausgang 4-20 mA<\/li>\n<li>Druckm\u00f6glichkeit<\/li>\n<li>Gewichtssperrung m\u00f6glich<\/li>\n<li>Manuelle Verwaltung von Ladung und Entladung<\/li>\n<\/ul>\n","protected":false},"excerpt":{"rendered":"<p>Der Artikel ist nicht mehr in Produktion.<br \/>\nIm folgenden Link geben wir das aktuellste Produktionsprodukt mit den gleichen Funktionen an.<\/p>\n<a href=\"https:\/\/ptmsrl.com\/de\/prodotto\/hl-50-420-series\/\" target=\"Blank\" class=\"button primary is-primary is-medium\"  >\n\t\t<span>HL 420 SERIES<\/span>\n\t<\/a>\n\n<hr>\n<p>Der Wiegecomputer HL420 wurde zur Umwandlung des erfassten Gewichtswerts in einen 4-20mA Stromausgang entwickelt, der f\u00fcr SPS geeignet ist.<br \/>\nDer Wiegecomputer HL420 zeigt das durch die Wiegesensoren erfasste Gewicht an, hat die Funktionen Gesamt- und Teilgewicht, kann die auf dem Display angezeigten Werte ausdrucken, und wandelt den Gesamtgewichtswert in einen 4-20mA Stromausgang um. Dazu kann der Stromausgang \u00fcber Tastatur reguliert werden, indem man die Gewichtswerte einstellt, die 4mA und 20mA entsprechen.<\/p>\n<p>Dank der Auswahl unter verschiedenen Zusatzanzeigen und Fernbedienungen kann der Wiegecomputer auch fern kontrolliert und verwaltet werden. Das verbessert die Leistung des Bedieners und die Vielf\u00e4ltigkeit des Wiegecomputers selbst.<\/p>\n<p>Die Steckverbindungen an dieser Elektronik sind mit goldenen oxydierungsbest\u00e4ndigen Kontakten serienm\u00e4 \u03b2ig ausgestattet. Weitere Merkmale sind ein Stecker zum Anschluss von Zubeh\u00f6r, Aluminiumgeh\u00e4use, Verpolungs- und \u00dcberspannungsschutz durch wiederherstellende Sicherungen; au\u03b2erdem ist der Wiegecomputer mit Doppeldisplay ausgestattet: einem hinterbeleuchteten LCD-Display zur Anzeige von Informationen und Men\u00fcs, und einem 5-digit LED-Display mit hoher Beleuchtung und Sichtbarkeit zur Angeige der Gewichte.<\/p>\n","protected":false},"featured_media":9397,"template":"","meta":{"inline_featured_image":false},"product_brand":[],"product_cat":[161],"product_tag":[],"class_list":{"0":"post-1977","1":"product","2":"type-product","3":"status-publish","4":"has-post-thumbnail","6":"product_cat-aktualisieren-sie-ihr-produkt","8":"first","9":"instock","10":"downloadable","11":"shipping-taxable","12":"product-type-simple"},"yoast_head":"<!-- This site is optimized with the Yoast SEO plugin v25.3 - https:\/\/yoast.com\/wordpress\/plugins\/seo\/ -->\n<title>PTM Srl | HL 420<\/title>\n<meta name=\"robots\" content=\"index, follow, max-snippet:-1, max-image-preview:large, max-video-preview:-1\" \/>\n<link rel=\"canonical\" href=\"https:\/\/ptmsrl.com\/de\/prodotto\/hl-420\/\" \/>\n<meta property=\"og:locale\" content=\"de_DE\" \/>\n<meta property=\"og:type\" content=\"article\" \/>\n<meta property=\"og:title\" content=\"PTM Srl | HL 420\" \/>\n<meta property=\"og:description\" content=\"Der Artikel ist nicht mehr in Produktion. Im folgenden Link geben wir das aktuellste Produktionsprodukt mit den gleichen Funktionen an.     Der Wiegecomputer HL420 wurde zur Umwandlung des erfassten Gewichtswerts in einen 4-20mA Stromausgang entwickelt, der f\u00fcr SPS geeignet ist. Der Wiegecomputer HL420 zeigt das durch die Wiegesensoren erfasste Gewicht an, hat die Funktionen Gesamt- und Teilgewicht, kann die auf dem Display angezeigten Werte ausdrucken, und wandelt den Gesamtgewichtswert in einen 4-20mA Stromausgang um. Dazu kann der Stromausgang \u00fcber Tastatur reguliert werden, indem man die Gewichtswerte einstellt, die 4mA und 20mA entsprechen.  Dank der Auswahl unter verschiedenen Zusatzanzeigen und Fernbedienungen kann der Wiegecomputer auch fern kontrolliert und verwaltet werden. Das verbessert die Leistung des Bedieners und die Vielf\u00e4ltigkeit des Wiegecomputers selbst.  Die Steckverbindungen an dieser Elektronik sind mit goldenen oxydierungsbest\u00e4ndigen Kontakten serienm\u00e4 \u03b2ig ausgestattet. Weitere Merkmale sind ein Stecker zum Anschluss von Zubeh\u00f6r, Aluminiumgeh\u00e4use, Verpolungs- und \u00dcberspannungsschutz durch wiederherstellende Sicherungen; au\u03b2erdem ist der Wiegecomputer mit Doppeldisplay ausgestattet: einem hinterbeleuchteten LCD-Display zur Anzeige von Informationen und Men\u00fcs, und einem 5-digit LED-Display mit hoher Beleuchtung und Sichtbarkeit zur Angeige der Gewichte.\" \/>\n<meta property=\"og:url\" content=\"https:\/\/ptmsrl.com\/de\/prodotto\/hl-420\/\" \/>\n<meta property=\"og:site_name\" content=\"PTM Srl\" \/>\n<meta property=\"article:publisher\" content=\"https:\/\/www.facebook.com\/believingintechnology\/\" \/>\n<meta property=\"article:modified_time\" content=\"2024-07-02T10:13:43+00:00\" \/>\n<meta property=\"og:image\" content=\"https:\/\/ptmsrl.com\/wp-content\/uploads\/2018\/09\/HL420.jpg\" \/>\n\t<meta property=\"og:image:width\" content=\"1024\" \/>\n\t<meta property=\"og:image:height\" content=\"1024\" \/>\n\t<meta property=\"og:image:type\" content=\"image\/jpeg\" \/>\n<meta name=\"twitter:card\" content=\"summary_large_image\" \/>\n<meta name=\"twitter:site\" content=\"@ptm\" \/>\n<meta name=\"twitter:label1\" content=\"Gesch\u00e4tzte Lesezeit\" \/>\n\t<meta name=\"twitter:data1\" content=\"1\u00a0Minute\" \/>\n<script type=\"application\/ld+json\" class=\"yoast-schema-graph\">{\"@context\":\"https:\/\/schema.org\",\"@graph\":[{\"@type\":\"WebPage\",\"@id\":\"https:\/\/ptmsrl.com\/de\/prodotto\/hl-420\/\",\"url\":\"https:\/\/ptmsrl.com\/de\/prodotto\/hl-420\/\",\"name\":\"PTM Srl | HL 420\",\"isPartOf\":{\"@id\":\"https:\/\/ptmsrl.com\/#website\"},\"primaryImageOfPage\":{\"@id\":\"https:\/\/ptmsrl.com\/de\/prodotto\/hl-420\/#primaryimage\"},\"image\":{\"@id\":\"https:\/\/ptmsrl.com\/de\/prodotto\/hl-420\/#primaryimage\"},\"thumbnailUrl\":\"https:\/\/ptmsrl.com\/wp-content\/uploads\/2018\/09\/HL420.jpg\",\"datePublished\":\"2018-10-11T13:32:30+00:00\",\"dateModified\":\"2024-07-02T10:13:43+00:00\",\"breadcrumb\":{\"@id\":\"https:\/\/ptmsrl.com\/de\/prodotto\/hl-420\/#breadcrumb\"},\"inLanguage\":\"de\",\"potentialAction\":[{\"@type\":\"ReadAction\",\"target\":[\"https:\/\/ptmsrl.com\/de\/prodotto\/hl-420\/\"]}]},{\"@type\":\"ImageObject\",\"inLanguage\":\"de\",\"@id\":\"https:\/\/ptmsrl.com\/de\/prodotto\/hl-420\/#primaryimage\",\"url\":\"https:\/\/ptmsrl.com\/wp-content\/uploads\/2018\/09\/HL420.jpg\",\"contentUrl\":\"https:\/\/ptmsrl.com\/wp-content\/uploads\/2018\/09\/HL420.jpg\",\"width\":1024,\"height\":1024,\"caption\":\"hl420\"},{\"@type\":\"BreadcrumbList\",\"@id\":\"https:\/\/ptmsrl.com\/de\/prodotto\/hl-420\/#breadcrumb\",\"itemListElement\":[{\"@type\":\"ListItem\",\"position\":1,\"name\":\"Home\",\"item\":\"https:\/\/ptmsrl.com\/de\/\"},{\"@type\":\"ListItem\",\"position\":2,\"name\":\"Shop\",\"item\":\"https:\/\/ptmsrl.com\/shop\/\"},{\"@type\":\"ListItem\",\"position\":3,\"name\":\"HL 420\"}]},{\"@type\":\"WebSite\",\"@id\":\"https:\/\/ptmsrl.com\/#website\",\"url\":\"https:\/\/ptmsrl.com\/\",\"name\":\"PTM Srl\",\"description\":\"\u041c\u042b \u041f\u0420\u041e\u0418\u0417\u0412\u041e\u0414\u0418\u041c \u041a\u0410\u0427\u0415\u0421\u0422\u0412\u041e, \u041a\u041e\u0422\u041e\u0420\u041e\u0415 \u0418\u041c\u0415\u0415\u0422 \u041e\u0421\u041e\u0411\u042b\u0419 \u0412\u0415\u0421\",\"publisher\":{\"@id\":\"https:\/\/ptmsrl.com\/#organization\"},\"potentialAction\":[{\"@type\":\"SearchAction\",\"target\":{\"@type\":\"EntryPoint\",\"urlTemplate\":\"https:\/\/ptmsrl.com\/?s={search_term_string}\"},\"query-input\":{\"@type\":\"PropertyValueSpecification\",\"valueRequired\":true,\"valueName\":\"search_term_string\"}}],\"inLanguage\":\"de\"},{\"@type\":\"Organization\",\"@id\":\"https:\/\/ptmsrl.com\/#organization\",\"name\":\"PTM srl\",\"url\":\"https:\/\/ptmsrl.com\/\",\"logo\":{\"@type\":\"ImageObject\",\"inLanguage\":\"de\",\"@id\":\"https:\/\/ptmsrl.com\/#\/schema\/logo\/image\/\",\"url\":\"https:\/\/ptmsrl.com\/wp-content\/uploads\/2018\/10\/LOGO-PTM.png\",\"contentUrl\":\"https:\/\/ptmsrl.com\/wp-content\/uploads\/2018\/10\/LOGO-PTM.png\",\"width\":1000,\"height\":500,\"caption\":\"PTM srl\"},\"image\":{\"@id\":\"https:\/\/ptmsrl.com\/#\/schema\/logo\/image\/\"},\"sameAs\":[\"https:\/\/www.facebook.com\/believingintechnology\/\",\"https:\/\/x.com\/ptm\",\"https:\/\/www.linkedin.com\/company\/ptm-s-r-l\/\",\"https:\/\/www.youtube.com\/channel\/UCPSOS0MaR-4jDkAD3HkAC7A\"]}]}<\/script>\n<!-- \/ Yoast SEO plugin. -->","yoast_head_json":{"title":"PTM Srl | HL 420","robots":{"index":"index","follow":"follow","max-snippet":"max-snippet:-1","max-image-preview":"max-image-preview:large","max-video-preview":"max-video-preview:-1"},"canonical":"https:\/\/ptmsrl.com\/de\/prodotto\/hl-420\/","og_locale":"de_DE","og_type":"article","og_title":"PTM Srl | HL 420","og_description":"Der Artikel ist nicht mehr in Produktion. Im folgenden Link geben wir das aktuellste Produktionsprodukt mit den gleichen Funktionen an.     Der Wiegecomputer HL420 wurde zur Umwandlung des erfassten Gewichtswerts in einen 4-20mA Stromausgang entwickelt, der f\u00fcr SPS geeignet ist. Der Wiegecomputer HL420 zeigt das durch die Wiegesensoren erfasste Gewicht an, hat die Funktionen Gesamt- und Teilgewicht, kann die auf dem Display angezeigten Werte ausdrucken, und wandelt den Gesamtgewichtswert in einen 4-20mA Stromausgang um. Dazu kann der Stromausgang \u00fcber Tastatur reguliert werden, indem man die Gewichtswerte einstellt, die 4mA und 20mA entsprechen.  Dank der Auswahl unter verschiedenen Zusatzanzeigen und Fernbedienungen kann der Wiegecomputer auch fern kontrolliert und verwaltet werden. Das verbessert die Leistung des Bedieners und die Vielf\u00e4ltigkeit des Wiegecomputers selbst.  Die Steckverbindungen an dieser Elektronik sind mit goldenen oxydierungsbest\u00e4ndigen Kontakten serienm\u00e4 \u03b2ig ausgestattet. Weitere Merkmale sind ein Stecker zum Anschluss von Zubeh\u00f6r, Aluminiumgeh\u00e4use, Verpolungs- und \u00dcberspannungsschutz durch wiederherstellende Sicherungen; au\u03b2erdem ist der Wiegecomputer mit Doppeldisplay ausgestattet: einem hinterbeleuchteten LCD-Display zur Anzeige von Informationen und Men\u00fcs, und einem 5-digit LED-Display mit hoher Beleuchtung und Sichtbarkeit zur Angeige der Gewichte.","og_url":"https:\/\/ptmsrl.com\/de\/prodotto\/hl-420\/","og_site_name":"PTM Srl","article_publisher":"https:\/\/www.facebook.com\/believingintechnology\/","article_modified_time":"2024-07-02T10:13:43+00:00","og_image":[{"width":1024,"height":1024,"url":"https:\/\/ptmsrl.com\/wp-content\/uploads\/2018\/09\/HL420.jpg","type":"image\/jpeg"}],"twitter_card":"summary_large_image","twitter_site":"@ptm","twitter_misc":{"Gesch\u00e4tzte Lesezeit":"1\u00a0Minute"},"schema":{"@context":"https:\/\/schema.org","@graph":[{"@type":"WebPage","@id":"https:\/\/ptmsrl.com\/de\/prodotto\/hl-420\/","url":"https:\/\/ptmsrl.com\/de\/prodotto\/hl-420\/","name":"PTM Srl | HL 420","isPartOf":{"@id":"https:\/\/ptmsrl.com\/#website"},"primaryImageOfPage":{"@id":"https:\/\/ptmsrl.com\/de\/prodotto\/hl-420\/#primaryimage"},"image":{"@id":"https:\/\/ptmsrl.com\/de\/prodotto\/hl-420\/#primaryimage"},"thumbnailUrl":"https:\/\/ptmsrl.com\/wp-content\/uploads\/2018\/09\/HL420.jpg","datePublished":"2018-10-11T13:32:30+00:00","dateModified":"2024-07-02T10:13:43+00:00","breadcrumb":{"@id":"https:\/\/ptmsrl.com\/de\/prodotto\/hl-420\/#breadcrumb"},"inLanguage":"de","potentialAction":[{"@type":"ReadAction","target":["https:\/\/ptmsrl.com\/de\/prodotto\/hl-420\/"]}]},{"@type":"ImageObject","inLanguage":"de","@id":"https:\/\/ptmsrl.com\/de\/prodotto\/hl-420\/#primaryimage","url":"https:\/\/ptmsrl.com\/wp-content\/uploads\/2018\/09\/HL420.jpg","contentUrl":"https:\/\/ptmsrl.com\/wp-content\/uploads\/2018\/09\/HL420.jpg","width":1024,"height":1024,"caption":"hl420"},{"@type":"BreadcrumbList","@id":"https:\/\/ptmsrl.com\/de\/prodotto\/hl-420\/#breadcrumb","itemListElement":[{"@type":"ListItem","position":1,"name":"Home","item":"https:\/\/ptmsrl.com\/de\/"},{"@type":"ListItem","position":2,"name":"Shop","item":"https:\/\/ptmsrl.com\/shop\/"},{"@type":"ListItem","position":3,"name":"HL 420"}]},{"@type":"WebSite","@id":"https:\/\/ptmsrl.com\/#website","url":"https:\/\/ptmsrl.com\/","name":"PTM Srl","description":"\u041c\u042b \u041f\u0420\u041e\u0418\u0417\u0412\u041e\u0414\u0418\u041c \u041a\u0410\u0427\u0415\u0421\u0422\u0412\u041e, \u041a\u041e\u0422\u041e\u0420\u041e\u0415 \u0418\u041c\u0415\u0415\u0422 \u041e\u0421\u041e\u0411\u042b\u0419 \u0412\u0415\u0421","publisher":{"@id":"https:\/\/ptmsrl.com\/#organization"},"potentialAction":[{"@type":"SearchAction","target":{"@type":"EntryPoint","urlTemplate":"https:\/\/ptmsrl.com\/?s={search_term_string}"},"query-input":{"@type":"PropertyValueSpecification","valueRequired":true,"valueName":"search_term_string"}}],"inLanguage":"de"},{"@type":"Organization","@id":"https:\/\/ptmsrl.com\/#organization","name":"PTM srl","url":"https:\/\/ptmsrl.com\/","logo":{"@type":"ImageObject","inLanguage":"de","@id":"https:\/\/ptmsrl.com\/#\/schema\/logo\/image\/","url":"https:\/\/ptmsrl.com\/wp-content\/uploads\/2018\/10\/LOGO-PTM.png","contentUrl":"https:\/\/ptmsrl.com\/wp-content\/uploads\/2018\/10\/LOGO-PTM.png","width":1000,"height":500,"caption":"PTM srl"},"image":{"@id":"https:\/\/ptmsrl.com\/#\/schema\/logo\/image\/"},"sameAs":["https:\/\/www.facebook.com\/believingintechnology\/","https:\/\/x.com\/ptm","https:\/\/www.linkedin.com\/company\/ptm-s-r-l\/","https:\/\/www.youtube.com\/channel\/UCPSOS0MaR-4jDkAD3HkAC7A"]}]}},"_links":{"self":[{"href":"https:\/\/ptmsrl.com\/de\/wp-json\/wp\/v2\/product\/1977","targetHints":{"allow":["GET"]}}],"collection":[{"href":"https:\/\/ptmsrl.com\/de\/wp-json\/wp\/v2\/product"}],"about":[{"href":"https:\/\/ptmsrl.com\/de\/wp-json\/wp\/v2\/types\/product"}],"wp:featuredmedia":[{"embeddable":true,"href":"https:\/\/ptmsrl.com\/de\/wp-json\/wp\/v2\/media\/9397"}],"wp:attachment":[{"href":"https:\/\/ptmsrl.com\/de\/wp-json\/wp\/v2\/media?parent=1977"}],"wp:term":[{"taxonomy":"product_brand","embeddable":true,"href":"https:\/\/ptmsrl.com\/de\/wp-json\/wp\/v2\/product_brand?post=1977"},{"taxonomy":"product_cat","embeddable":true,"href":"https:\/\/ptmsrl.com\/de\/wp-json\/wp\/v2\/product_cat?post=1977"},{"taxonomy":"product_tag","embeddable":true,"href":"https:\/\/ptmsrl.com\/de\/wp-json\/wp\/v2\/product_tag?post=1977"}],"curies":[{"name":"wp","href":"https:\/\/api.w.org\/{rel}","templated":true}]}}