{"id":2000,"date":"2018-09-06T10:52:21","date_gmt":"2018-10-11T15:28:49","guid":{"rendered":"https:\/\/ptmsrl.com\/?post_type=product&#038;p=2000"},"modified":"2023-07-04T14:56:14","modified_gmt":"2023-07-04T12:56:14","slug":"gpa50","status":"publish","type":"product","link":"https:\/\/ptmsrl.com\/de\/prodotto\/gpa50\/","title":{"rendered":"GPA50"},"content":{"rendered":"<ul>\n<li>Programmierung und Speicherung von bis zu 99 Mixturen mit maximal 50 Komponenten je Mixtur<\/li>\n<li>Ausf\u00fchrung einer Rezeptabfolge \u00fcber Zeitsteuerung<\/li>\n<li>Verbrauchs\u00fcberwachung pro Komponente oder Rezept<\/li>\n<li>Lager\u00fcberwachung<\/li>\n<li>Datenexportier auf USB-Stick (auf Wunsch)<\/li>\n<li>Produkt Nachlauf pro einzelne Komponente einstellbar, als<\/li>\n<li>Festwert oder durch autom. Ermittlung bei jeder Dosierung<\/li>\n<li>Ver\u00e4nderbare Zykluszeiten und \/ oder zyklischen Wiederholungen f\u00fcr jedes Rezept<\/li>\n<li>Fein- und Grobdosierung<\/li>\n<li>Verwaltung von Transportstrecken, Ansteuerung von M\u00fchle, Schnecke, Vibratoren, Mischer, etc.<\/li>\n<li>\u00dcberwachung der dosierten Mengen<\/li>\n<li>Manuelle zu Dosierung (Handzugaben) von einzelnen<\/li>\n<li>Komponenten nach Gewicht und nach Zeit<\/li>\n<li>Dosieren von Zusatzkomponenten<\/li>\n<li>Dosiermodus einzelne Komponente (auf Wunsch)<\/li>\n<li>Manuelle oder automatische Entleerung und Nullstellung<\/li>\n<li>Start, Nullstellung, Unterbrechung der Dosierung \u00fcber externen<\/li>\n<li>Signaleingang oder Tastatur einstellbar<\/li>\n<li>Rezepte und Komponenten alphanumerisch programmierbar<\/li>\n<li>Belegung der potentialfreien Kontakte frei programmierbar<\/li>\n<li>Zus\u00e4tzliche I\/O-Module erweiterbar<\/li>\n<li>Anschluss von verschiedenem Zubeh\u00f6r (z.B. Drucker, Zusatzdisplay, etc.)<\/li>\n<li>\u00dcberlastkontrolle<\/li>\n<li>Uhrzeit und Datum<\/li>\n<li>Mehrsprachig<\/li>\n<\/ul>\n","protected":false},"excerpt":{"rendered":"<h3><strong>Die Wiege und Dosiercomputer der GSA-GPA Serie sind leistungsf\u00e4hige, kompakte Steuerungseinheiten f\u00fcr automatische\/manuelle Mahl, Misch und Dosieranlagen geeignet.<br \/>\nMit der Hard- und Software k\u00f6nnen bis zu 99 Mixturen mit maximal 50 Komponenten programmiert und verwaltet werden.<\/strong><\/h3>\n<p>Eine Rezeptur abh\u00e4ngige Ansteuerung von F\u00f6rderstr\u00e4ngen, M\u00fchlen, Pumpen, Mischern, Vibratoren, etc. ist m\u00f6glich, sowie nach Abschluss der Bef\u00fcllung die automatische Entleerung des Beh\u00e4lters.<\/p>\n<p>Mit dem gro\u00dfen, \u00fcbersichtlichen Graphischen Display, der anwenderfreundlichen Tastatur und der logischen Men\u00fcf\u00fchrung ist es problemlos und intuitiv m\u00f6glich, komplexe Mixturen zu programmieren und t\u00e4glich anzufertigen. Die Mixturen und die Antriebe k\u00f6nnen sowohl \u00fcber eine Zeitsteuerung im Automatikmodus, als auch im Handbetrieb gestartet und verwaltet werden.<\/p>\n<p>Das modular aufgebaute System kann je nach Ausf\u00fchrung mit bis zu 124 potentialfreien Kontakten zur Ansteuerung von Motoren, Ventilen, etc. ausger\u00fcstet und geliefert werden.<\/p>\n","protected":false},"featured_media":9435,"template":"","meta":{"inline_featured_image":false},"product_brand":[],"product_cat":[151],"product_tag":[],"class_list":{"0":"post-2000","1":"product","2":"type-product","3":"status-publish","4":"has-post-thumbnail","6":"product_cat-linie-gsa-gpa-de","8":"first","9":"instock","10":"downloadable","11":"shipping-taxable","12":"product-type-simple"},"yoast_head":"<!-- This site is optimized with the Yoast SEO plugin v25.3 - https:\/\/yoast.com\/wordpress\/plugins\/seo\/ -->\n<title>PTM Srl | GPA50<\/title>\n<meta name=\"robots\" content=\"index, follow, max-snippet:-1, max-image-preview:large, max-video-preview:-1\" \/>\n<link rel=\"canonical\" href=\"https:\/\/ptmsrl.com\/de\/prodotto\/gpa50\/\" \/>\n<meta property=\"og:locale\" content=\"de_DE\" \/>\n<meta property=\"og:type\" content=\"article\" \/>\n<meta property=\"og:title\" content=\"PTM Srl | GPA50\" \/>\n<meta property=\"og:description\" content=\"Die Wiege und Dosiercomputer der GSA-GPA Serie sind leistungsf\u00e4hige, kompakte Steuerungseinheiten f\u00fcr automatische\/manuelle Mahl, Misch und Dosieranlagen geeignet. Mit der Hard- und Software k\u00f6nnen bis zu 99 Mixturen mit maximal 50 Komponenten programmiert und verwaltet werden. Eine Rezeptur abh\u00e4ngige Ansteuerung von F\u00f6rderstr\u00e4ngen, M\u00fchlen, Pumpen, Mischern, Vibratoren, etc. ist m\u00f6glich, sowie nach Abschluss der Bef\u00fcllung die automatische Entleerung des Beh\u00e4lters.  Mit dem gro\u00dfen, \u00fcbersichtlichen Graphischen Display, der anwenderfreundlichen Tastatur und der logischen Men\u00fcf\u00fchrung ist es problemlos und intuitiv m\u00f6glich, komplexe Mixturen zu programmieren und t\u00e4glich anzufertigen. Die Mixturen und die Antriebe k\u00f6nnen sowohl \u00fcber eine Zeitsteuerung im Automatikmodus, als auch im Handbetrieb gestartet und verwaltet werden.  Das modular aufgebaute System kann je nach Ausf\u00fchrung mit bis zu 124 potentialfreien Kontakten zur Ansteuerung von Motoren, Ventilen, etc. ausger\u00fcstet und geliefert werden.\" \/>\n<meta property=\"og:url\" content=\"https:\/\/ptmsrl.com\/de\/prodotto\/gpa50\/\" \/>\n<meta property=\"og:site_name\" content=\"PTM Srl\" \/>\n<meta property=\"article:publisher\" content=\"https:\/\/www.facebook.com\/believingintechnology\/\" \/>\n<meta property=\"article:modified_time\" content=\"2023-07-04T12:56:14+00:00\" \/>\n<meta property=\"og:image\" content=\"https:\/\/ptmsrl.com\/wp-content\/uploads\/2018\/09\/GPA15-FGCEGPA15001.jpg\" \/>\n\t<meta property=\"og:image:width\" content=\"1024\" \/>\n\t<meta property=\"og:image:height\" content=\"1024\" \/>\n\t<meta property=\"og:image:type\" content=\"image\/jpeg\" \/>\n<meta name=\"twitter:card\" content=\"summary_large_image\" \/>\n<meta name=\"twitter:site\" content=\"@ptm\" \/>\n<meta name=\"twitter:label1\" content=\"Gesch\u00e4tzte Lesezeit\" \/>\n\t<meta name=\"twitter:data1\" content=\"1\u00a0Minute\" \/>\n<script type=\"application\/ld+json\" class=\"yoast-schema-graph\">{\"@context\":\"https:\/\/schema.org\",\"@graph\":[{\"@type\":\"WebPage\",\"@id\":\"https:\/\/ptmsrl.com\/de\/prodotto\/gpa50\/\",\"url\":\"https:\/\/ptmsrl.com\/de\/prodotto\/gpa50\/\",\"name\":\"PTM Srl | GPA50\",\"isPartOf\":{\"@id\":\"https:\/\/ptmsrl.com\/#website\"},\"primaryImageOfPage\":{\"@id\":\"https:\/\/ptmsrl.com\/de\/prodotto\/gpa50\/#primaryimage\"},\"image\":{\"@id\":\"https:\/\/ptmsrl.com\/de\/prodotto\/gpa50\/#primaryimage\"},\"thumbnailUrl\":\"https:\/\/ptmsrl.com\/wp-content\/uploads\/2018\/09\/GPA15-FGCEGPA15001.jpg\",\"datePublished\":\"2018-10-11T15:28:49+00:00\",\"dateModified\":\"2023-07-04T12:56:14+00:00\",\"breadcrumb\":{\"@id\":\"https:\/\/ptmsrl.com\/de\/prodotto\/gpa50\/#breadcrumb\"},\"inLanguage\":\"de\",\"potentialAction\":[{\"@type\":\"ReadAction\",\"target\":[\"https:\/\/ptmsrl.com\/de\/prodotto\/gpa50\/\"]}]},{\"@type\":\"ImageObject\",\"inLanguage\":\"de\",\"@id\":\"https:\/\/ptmsrl.com\/de\/prodotto\/gpa50\/#primaryimage\",\"url\":\"https:\/\/ptmsrl.com\/wp-content\/uploads\/2018\/09\/GPA15-FGCEGPA15001.jpg\",\"contentUrl\":\"https:\/\/ptmsrl.com\/wp-content\/uploads\/2018\/09\/GPA15-FGCEGPA15001.jpg\",\"width\":1024,\"height\":1024,\"caption\":\"gpa15-fgcegpa15001\"},{\"@type\":\"BreadcrumbList\",\"@id\":\"https:\/\/ptmsrl.com\/de\/prodotto\/gpa50\/#breadcrumb\",\"itemListElement\":[{\"@type\":\"ListItem\",\"position\":1,\"name\":\"Home\",\"item\":\"https:\/\/ptmsrl.com\/de\/\"},{\"@type\":\"ListItem\",\"position\":2,\"name\":\"Shop\",\"item\":\"https:\/\/ptmsrl.com\/shop\/\"},{\"@type\":\"ListItem\",\"position\":3,\"name\":\"GPA50\"}]},{\"@type\":\"WebSite\",\"@id\":\"https:\/\/ptmsrl.com\/#website\",\"url\":\"https:\/\/ptmsrl.com\/\",\"name\":\"PTM Srl\",\"description\":\"\u041c\u042b \u041f\u0420\u041e\u0418\u0417\u0412\u041e\u0414\u0418\u041c \u041a\u0410\u0427\u0415\u0421\u0422\u0412\u041e, \u041a\u041e\u0422\u041e\u0420\u041e\u0415 \u0418\u041c\u0415\u0415\u0422 \u041e\u0421\u041e\u0411\u042b\u0419 \u0412\u0415\u0421\",\"publisher\":{\"@id\":\"https:\/\/ptmsrl.com\/#organization\"},\"potentialAction\":[{\"@type\":\"SearchAction\",\"target\":{\"@type\":\"EntryPoint\",\"urlTemplate\":\"https:\/\/ptmsrl.com\/?s={search_term_string}\"},\"query-input\":{\"@type\":\"PropertyValueSpecification\",\"valueRequired\":true,\"valueName\":\"search_term_string\"}}],\"inLanguage\":\"de\"},{\"@type\":\"Organization\",\"@id\":\"https:\/\/ptmsrl.com\/#organization\",\"name\":\"PTM srl\",\"url\":\"https:\/\/ptmsrl.com\/\",\"logo\":{\"@type\":\"ImageObject\",\"inLanguage\":\"de\",\"@id\":\"https:\/\/ptmsrl.com\/#\/schema\/logo\/image\/\",\"url\":\"https:\/\/ptmsrl.com\/wp-content\/uploads\/2018\/10\/LOGO-PTM.png\",\"contentUrl\":\"https:\/\/ptmsrl.com\/wp-content\/uploads\/2018\/10\/LOGO-PTM.png\",\"width\":1000,\"height\":500,\"caption\":\"PTM srl\"},\"image\":{\"@id\":\"https:\/\/ptmsrl.com\/#\/schema\/logo\/image\/\"},\"sameAs\":[\"https:\/\/www.facebook.com\/believingintechnology\/\",\"https:\/\/x.com\/ptm\",\"https:\/\/www.linkedin.com\/company\/ptm-s-r-l\/\",\"https:\/\/www.youtube.com\/channel\/UCPSOS0MaR-4jDkAD3HkAC7A\"]}]}<\/script>\n<!-- \/ Yoast SEO plugin. -->","yoast_head_json":{"title":"PTM Srl | GPA50","robots":{"index":"index","follow":"follow","max-snippet":"max-snippet:-1","max-image-preview":"max-image-preview:large","max-video-preview":"max-video-preview:-1"},"canonical":"https:\/\/ptmsrl.com\/de\/prodotto\/gpa50\/","og_locale":"de_DE","og_type":"article","og_title":"PTM Srl | GPA50","og_description":"Die Wiege und Dosiercomputer der GSA-GPA Serie sind leistungsf\u00e4hige, kompakte Steuerungseinheiten f\u00fcr automatische\/manuelle Mahl, Misch und Dosieranlagen geeignet. Mit der Hard- und Software k\u00f6nnen bis zu 99 Mixturen mit maximal 50 Komponenten programmiert und verwaltet werden. Eine Rezeptur abh\u00e4ngige Ansteuerung von F\u00f6rderstr\u00e4ngen, M\u00fchlen, Pumpen, Mischern, Vibratoren, etc. ist m\u00f6glich, sowie nach Abschluss der Bef\u00fcllung die automatische Entleerung des Beh\u00e4lters.  Mit dem gro\u00dfen, \u00fcbersichtlichen Graphischen Display, der anwenderfreundlichen Tastatur und der logischen Men\u00fcf\u00fchrung ist es problemlos und intuitiv m\u00f6glich, komplexe Mixturen zu programmieren und t\u00e4glich anzufertigen. Die Mixturen und die Antriebe k\u00f6nnen sowohl \u00fcber eine Zeitsteuerung im Automatikmodus, als auch im Handbetrieb gestartet und verwaltet werden.  Das modular aufgebaute System kann je nach Ausf\u00fchrung mit bis zu 124 potentialfreien Kontakten zur Ansteuerung von Motoren, Ventilen, etc. ausger\u00fcstet und geliefert werden.","og_url":"https:\/\/ptmsrl.com\/de\/prodotto\/gpa50\/","og_site_name":"PTM Srl","article_publisher":"https:\/\/www.facebook.com\/believingintechnology\/","article_modified_time":"2023-07-04T12:56:14+00:00","og_image":[{"width":1024,"height":1024,"url":"https:\/\/ptmsrl.com\/wp-content\/uploads\/2018\/09\/GPA15-FGCEGPA15001.jpg","type":"image\/jpeg"}],"twitter_card":"summary_large_image","twitter_site":"@ptm","twitter_misc":{"Gesch\u00e4tzte Lesezeit":"1\u00a0Minute"},"schema":{"@context":"https:\/\/schema.org","@graph":[{"@type":"WebPage","@id":"https:\/\/ptmsrl.com\/de\/prodotto\/gpa50\/","url":"https:\/\/ptmsrl.com\/de\/prodotto\/gpa50\/","name":"PTM Srl | GPA50","isPartOf":{"@id":"https:\/\/ptmsrl.com\/#website"},"primaryImageOfPage":{"@id":"https:\/\/ptmsrl.com\/de\/prodotto\/gpa50\/#primaryimage"},"image":{"@id":"https:\/\/ptmsrl.com\/de\/prodotto\/gpa50\/#primaryimage"},"thumbnailUrl":"https:\/\/ptmsrl.com\/wp-content\/uploads\/2018\/09\/GPA15-FGCEGPA15001.jpg","datePublished":"2018-10-11T15:28:49+00:00","dateModified":"2023-07-04T12:56:14+00:00","breadcrumb":{"@id":"https:\/\/ptmsrl.com\/de\/prodotto\/gpa50\/#breadcrumb"},"inLanguage":"de","potentialAction":[{"@type":"ReadAction","target":["https:\/\/ptmsrl.com\/de\/prodotto\/gpa50\/"]}]},{"@type":"ImageObject","inLanguage":"de","@id":"https:\/\/ptmsrl.com\/de\/prodotto\/gpa50\/#primaryimage","url":"https:\/\/ptmsrl.com\/wp-content\/uploads\/2018\/09\/GPA15-FGCEGPA15001.jpg","contentUrl":"https:\/\/ptmsrl.com\/wp-content\/uploads\/2018\/09\/GPA15-FGCEGPA15001.jpg","width":1024,"height":1024,"caption":"gpa15-fgcegpa15001"},{"@type":"BreadcrumbList","@id":"https:\/\/ptmsrl.com\/de\/prodotto\/gpa50\/#breadcrumb","itemListElement":[{"@type":"ListItem","position":1,"name":"Home","item":"https:\/\/ptmsrl.com\/de\/"},{"@type":"ListItem","position":2,"name":"Shop","item":"https:\/\/ptmsrl.com\/shop\/"},{"@type":"ListItem","position":3,"name":"GPA50"}]},{"@type":"WebSite","@id":"https:\/\/ptmsrl.com\/#website","url":"https:\/\/ptmsrl.com\/","name":"PTM Srl","description":"\u041c\u042b \u041f\u0420\u041e\u0418\u0417\u0412\u041e\u0414\u0418\u041c \u041a\u0410\u0427\u0415\u0421\u0422\u0412\u041e, \u041a\u041e\u0422\u041e\u0420\u041e\u0415 \u0418\u041c\u0415\u0415\u0422 \u041e\u0421\u041e\u0411\u042b\u0419 \u0412\u0415\u0421","publisher":{"@id":"https:\/\/ptmsrl.com\/#organization"},"potentialAction":[{"@type":"SearchAction","target":{"@type":"EntryPoint","urlTemplate":"https:\/\/ptmsrl.com\/?s={search_term_string}"},"query-input":{"@type":"PropertyValueSpecification","valueRequired":true,"valueName":"search_term_string"}}],"inLanguage":"de"},{"@type":"Organization","@id":"https:\/\/ptmsrl.com\/#organization","name":"PTM srl","url":"https:\/\/ptmsrl.com\/","logo":{"@type":"ImageObject","inLanguage":"de","@id":"https:\/\/ptmsrl.com\/#\/schema\/logo\/image\/","url":"https:\/\/ptmsrl.com\/wp-content\/uploads\/2018\/10\/LOGO-PTM.png","contentUrl":"https:\/\/ptmsrl.com\/wp-content\/uploads\/2018\/10\/LOGO-PTM.png","width":1000,"height":500,"caption":"PTM srl"},"image":{"@id":"https:\/\/ptmsrl.com\/#\/schema\/logo\/image\/"},"sameAs":["https:\/\/www.facebook.com\/believingintechnology\/","https:\/\/x.com\/ptm","https:\/\/www.linkedin.com\/company\/ptm-s-r-l\/","https:\/\/www.youtube.com\/channel\/UCPSOS0MaR-4jDkAD3HkAC7A"]}]}},"_links":{"self":[{"href":"https:\/\/ptmsrl.com\/de\/wp-json\/wp\/v2\/product\/2000","targetHints":{"allow":["GET"]}}],"collection":[{"href":"https:\/\/ptmsrl.com\/de\/wp-json\/wp\/v2\/product"}],"about":[{"href":"https:\/\/ptmsrl.com\/de\/wp-json\/wp\/v2\/types\/product"}],"wp:featuredmedia":[{"embeddable":true,"href":"https:\/\/ptmsrl.com\/de\/wp-json\/wp\/v2\/media\/9435"}],"wp:attachment":[{"href":"https:\/\/ptmsrl.com\/de\/wp-json\/wp\/v2\/media?parent=2000"}],"wp:term":[{"taxonomy":"product_brand","embeddable":true,"href":"https:\/\/ptmsrl.com\/de\/wp-json\/wp\/v2\/product_brand?post=2000"},{"taxonomy":"product_cat","embeddable":true,"href":"https:\/\/ptmsrl.com\/de\/wp-json\/wp\/v2\/product_cat?post=2000"},{"taxonomy":"product_tag","embeddable":true,"href":"https:\/\/ptmsrl.com\/de\/wp-json\/wp\/v2\/product_tag?post=2000"}],"curies":[{"name":"wp","href":"https:\/\/api.w.org\/{rel}","templated":true}]}}