{"id":2013,"date":"2018-09-06T11:48:01","date_gmt":"2018-10-11T15:50:42","guid":{"rendered":"https:\/\/ptmsrl.com\/?post_type=product&#038;p=2013"},"modified":"2019-07-19T17:28:17","modified_gmt":"2019-07-19T15:28:17","slug":"as210","status":"publish","type":"product","link":"https:\/\/ptmsrl.com\/de\/prodotto\/as210\/","title":{"rendered":"AS210"},"content":{"rendered":"<ul>\n<li>50 Rezepten<\/li>\n<li>1 Komponente pro Rezept<\/li>\n<li>Automatische oder manuelle Entleerung<\/li>\n<li>Verbindung mit Drucker (auf Wunsch)<\/li>\n<li>Automatische oder Manuelle Nullstellung<\/li>\n<li>\u00dcberpr\u00fcfung der Produktintegrit\u00e4t<\/li>\n<li>Z\u00e4hlbare oder endlose Zyklen<\/li>\n<li>Ladungsstart durch externen Eingang<\/li>\n<li>Entleerungsstart durch externen Eingang<\/li>\n<li>Nullstellung durch externen Eingang<\/li>\n<li>Pause durch externen Eingang<\/li>\n<li>Nullstellung vom Zyklus durch externen Eingang<\/li>\n<li>Manueller oder automatischer Produktfall, f\u00fcr jedes Rezept einstellbar<\/li>\n<li>Zykluszeiten f\u00fcr jedes rezept ver\u00e4nderbar<\/li>\n<li>M\u00f6glichkeit, die Rezepte zu nennen<\/li>\n<li>Kalibrierung durch nominale Werte der Sensoren<\/li>\n<li>Kalibrierung durch Sensorentabelle<\/li>\n<li>Kalibrierung durch Mustergewicht<\/li>\n<li>Berechnung der ausgef\u00fchrten Zyklen, mit Mittelwerten der Verbrauchen f\u00fcr jedes Rezept<\/li>\n<li>T\u00e4gliche Verbrauchen f\u00fcr jedes Rezept<\/li>\n<li>Tabelle der von der Waage bei der Ausf\u00fchrung der Zyklen festgestellten Fehler<\/li>\n<li>System zur \u00dcberladungskontrolle<\/li>\n<li>Mehrspraching<\/li>\n<li>Garantie\u00fcberwachung<\/li>\n<\/ul>\n","protected":false},"excerpt":{"rendered":"<h3>Industrieller Wiegecomputer<\/h3>\n<p align=\"justify\">Der Wiegecomputer AS210 wurde zur Wiegung und Dosierung bei automatischen Verpackungssystemen entwickelt. Das Ger\u00e4t ist in einem Kleinen plastichen Geh\u00e4use eingebaut, und ist mit selbstwiederherstellbaren Sicherungen zum Schutz gegen Versorgungsumpolungen und \u00dcberstrom ausgestattet. Als Folge ist es zum Einbau in einem elektrischen Schaltschrank geeignet. Der Wiegecomputer AS210 ist mit Doppeldisplay ausgestattet: einem hintenbeleuchteten LCD Display zur Anzeige von Men\u00fcs und laufenden Vorg\u00e4ngen, und einem hochbeleuchtetem LED Display mit 6 Digits zur Anzeige von Gewichten. Der Wiegecomputer AS210 kann die Ladung der Komponente und die Entleerung kontrollieren, Produktfall, Alarm f\u00fcr Produktintegrit\u00e4t und &#8211; Mangel, so wie andere Funktionen bedienen.<\/p>\n<p align=\"justify\">Wie alle PTM-Waagen ist der Wiegecomputer AS210 mit mehrsprachigem System, Garantie\u00fcberwachung und Registrierung von Datum und Uhrzeit von m\u00f6glichen \u00dcberladungen ausgestattet.<\/p>\n","protected":false},"featured_media":4601,"template":"","meta":{"inline_featured_image":false},"product_brand":[],"product_cat":[153],"product_tag":[],"class_list":{"0":"post-2013","1":"product","2":"type-product","3":"status-publish","4":"has-post-thumbnail","6":"product_cat-linie-as","8":"first","9":"instock","10":"downloadable","11":"shipping-taxable","12":"product-type-simple"},"yoast_head":"<!-- This site is optimized with the Yoast SEO plugin v25.3 - https:\/\/yoast.com\/wordpress\/plugins\/seo\/ -->\n<title>PTM Srl | AS210<\/title>\n<meta name=\"robots\" content=\"index, follow, max-snippet:-1, max-image-preview:large, max-video-preview:-1\" \/>\n<link rel=\"canonical\" href=\"https:\/\/ptmsrl.com\/de\/prodotto\/as210\/\" \/>\n<meta property=\"og:locale\" content=\"de_DE\" \/>\n<meta property=\"og:type\" content=\"article\" \/>\n<meta property=\"og:title\" content=\"PTM Srl | AS210\" \/>\n<meta property=\"og:description\" content=\"Industrieller Wiegecomputer Der Wiegecomputer AS210 wurde zur Wiegung und Dosierung bei automatischen Verpackungssystemen entwickelt. Das Ger\u00e4t ist in einem Kleinen plastichen Geh\u00e4use eingebaut, und ist mit selbstwiederherstellbaren Sicherungen zum Schutz gegen Versorgungsumpolungen und \u00dcberstrom ausgestattet. Als Folge ist es zum Einbau in einem elektrischen Schaltschrank geeignet. Der Wiegecomputer AS210 ist mit Doppeldisplay ausgestattet: einem hintenbeleuchteten LCD Display zur Anzeige von Men\u00fcs und laufenden Vorg\u00e4ngen, und einem hochbeleuchtetem LED Display mit 6 Digits zur Anzeige von Gewichten. Der Wiegecomputer AS210 kann die Ladung der Komponente und die Entleerung kontrollieren, Produktfall, Alarm f\u00fcr Produktintegrit\u00e4t und - Mangel, so wie andere Funktionen bedienen. Wie alle PTM-Waagen ist der Wiegecomputer AS210 mit mehrsprachigem System, Garantie\u00fcberwachung und Registrierung von Datum und Uhrzeit von m\u00f6glichen \u00dcberladungen ausgestattet.\" \/>\n<meta property=\"og:url\" content=\"https:\/\/ptmsrl.com\/de\/prodotto\/as210\/\" \/>\n<meta property=\"og:site_name\" content=\"PTM Srl\" \/>\n<meta property=\"article:publisher\" content=\"https:\/\/www.facebook.com\/believingintechnology\/\" \/>\n<meta property=\"article:modified_time\" content=\"2019-07-19T15:28:17+00:00\" \/>\n<meta property=\"og:image\" content=\"https:\/\/ptmsrl.com\/wp-content\/uploads\/2018\/09\/AS.jpg\" \/>\n\t<meta property=\"og:image:width\" content=\"1024\" \/>\n\t<meta property=\"og:image:height\" content=\"1024\" \/>\n\t<meta property=\"og:image:type\" content=\"image\/jpeg\" \/>\n<meta name=\"twitter:card\" content=\"summary_large_image\" \/>\n<meta name=\"twitter:site\" content=\"@ptm\" \/>\n<meta name=\"twitter:label1\" content=\"Gesch\u00e4tzte Lesezeit\" \/>\n\t<meta name=\"twitter:data1\" content=\"1\u00a0Minute\" \/>\n<script type=\"application\/ld+json\" class=\"yoast-schema-graph\">{\"@context\":\"https:\/\/schema.org\",\"@graph\":[{\"@type\":\"WebPage\",\"@id\":\"https:\/\/ptmsrl.com\/de\/prodotto\/as210\/\",\"url\":\"https:\/\/ptmsrl.com\/de\/prodotto\/as210\/\",\"name\":\"PTM Srl | AS210\",\"isPartOf\":{\"@id\":\"https:\/\/ptmsrl.com\/#website\"},\"primaryImageOfPage\":{\"@id\":\"https:\/\/ptmsrl.com\/de\/prodotto\/as210\/#primaryimage\"},\"image\":{\"@id\":\"https:\/\/ptmsrl.com\/de\/prodotto\/as210\/#primaryimage\"},\"thumbnailUrl\":\"https:\/\/ptmsrl.com\/wp-content\/uploads\/2018\/09\/AS.jpg\",\"datePublished\":\"2018-10-11T15:50:42+00:00\",\"dateModified\":\"2019-07-19T15:28:17+00:00\",\"breadcrumb\":{\"@id\":\"https:\/\/ptmsrl.com\/de\/prodotto\/as210\/#breadcrumb\"},\"inLanguage\":\"de\",\"potentialAction\":[{\"@type\":\"ReadAction\",\"target\":[\"https:\/\/ptmsrl.com\/de\/prodotto\/as210\/\"]}]},{\"@type\":\"ImageObject\",\"inLanguage\":\"de\",\"@id\":\"https:\/\/ptmsrl.com\/de\/prodotto\/as210\/#primaryimage\",\"url\":\"https:\/\/ptmsrl.com\/wp-content\/uploads\/2018\/09\/AS.jpg\",\"contentUrl\":\"https:\/\/ptmsrl.com\/wp-content\/uploads\/2018\/09\/AS.jpg\",\"width\":1024,\"height\":1024,\"caption\":\"as\"},{\"@type\":\"BreadcrumbList\",\"@id\":\"https:\/\/ptmsrl.com\/de\/prodotto\/as210\/#breadcrumb\",\"itemListElement\":[{\"@type\":\"ListItem\",\"position\":1,\"name\":\"Home\",\"item\":\"https:\/\/ptmsrl.com\/de\/\"},{\"@type\":\"ListItem\",\"position\":2,\"name\":\"Shop\",\"item\":\"https:\/\/ptmsrl.com\/shop\/\"},{\"@type\":\"ListItem\",\"position\":3,\"name\":\"AS210\"}]},{\"@type\":\"WebSite\",\"@id\":\"https:\/\/ptmsrl.com\/#website\",\"url\":\"https:\/\/ptmsrl.com\/\",\"name\":\"PTM Srl\",\"description\":\"\u041c\u042b \u041f\u0420\u041e\u0418\u0417\u0412\u041e\u0414\u0418\u041c \u041a\u0410\u0427\u0415\u0421\u0422\u0412\u041e, \u041a\u041e\u0422\u041e\u0420\u041e\u0415 \u0418\u041c\u0415\u0415\u0422 \u041e\u0421\u041e\u0411\u042b\u0419 \u0412\u0415\u0421\",\"publisher\":{\"@id\":\"https:\/\/ptmsrl.com\/#organization\"},\"potentialAction\":[{\"@type\":\"SearchAction\",\"target\":{\"@type\":\"EntryPoint\",\"urlTemplate\":\"https:\/\/ptmsrl.com\/?s={search_term_string}\"},\"query-input\":{\"@type\":\"PropertyValueSpecification\",\"valueRequired\":true,\"valueName\":\"search_term_string\"}}],\"inLanguage\":\"de\"},{\"@type\":\"Organization\",\"@id\":\"https:\/\/ptmsrl.com\/#organization\",\"name\":\"PTM srl\",\"url\":\"https:\/\/ptmsrl.com\/\",\"logo\":{\"@type\":\"ImageObject\",\"inLanguage\":\"de\",\"@id\":\"https:\/\/ptmsrl.com\/#\/schema\/logo\/image\/\",\"url\":\"https:\/\/ptmsrl.com\/wp-content\/uploads\/2018\/10\/LOGO-PTM.png\",\"contentUrl\":\"https:\/\/ptmsrl.com\/wp-content\/uploads\/2018\/10\/LOGO-PTM.png\",\"width\":1000,\"height\":500,\"caption\":\"PTM srl\"},\"image\":{\"@id\":\"https:\/\/ptmsrl.com\/#\/schema\/logo\/image\/\"},\"sameAs\":[\"https:\/\/www.facebook.com\/believingintechnology\/\",\"https:\/\/x.com\/ptm\",\"https:\/\/www.linkedin.com\/company\/ptm-s-r-l\/\",\"https:\/\/www.youtube.com\/channel\/UCPSOS0MaR-4jDkAD3HkAC7A\"]}]}<\/script>\n<!-- \/ Yoast SEO plugin. -->","yoast_head_json":{"title":"PTM Srl | AS210","robots":{"index":"index","follow":"follow","max-snippet":"max-snippet:-1","max-image-preview":"max-image-preview:large","max-video-preview":"max-video-preview:-1"},"canonical":"https:\/\/ptmsrl.com\/de\/prodotto\/as210\/","og_locale":"de_DE","og_type":"article","og_title":"PTM Srl | AS210","og_description":"Industrieller Wiegecomputer Der Wiegecomputer AS210 wurde zur Wiegung und Dosierung bei automatischen Verpackungssystemen entwickelt. Das Ger\u00e4t ist in einem Kleinen plastichen Geh\u00e4use eingebaut, und ist mit selbstwiederherstellbaren Sicherungen zum Schutz gegen Versorgungsumpolungen und \u00dcberstrom ausgestattet. Als Folge ist es zum Einbau in einem elektrischen Schaltschrank geeignet. Der Wiegecomputer AS210 ist mit Doppeldisplay ausgestattet: einem hintenbeleuchteten LCD Display zur Anzeige von Men\u00fcs und laufenden Vorg\u00e4ngen, und einem hochbeleuchtetem LED Display mit 6 Digits zur Anzeige von Gewichten. Der Wiegecomputer AS210 kann die Ladung der Komponente und die Entleerung kontrollieren, Produktfall, Alarm f\u00fcr Produktintegrit\u00e4t und - Mangel, so wie andere Funktionen bedienen. Wie alle PTM-Waagen ist der Wiegecomputer AS210 mit mehrsprachigem System, Garantie\u00fcberwachung und Registrierung von Datum und Uhrzeit von m\u00f6glichen \u00dcberladungen ausgestattet.","og_url":"https:\/\/ptmsrl.com\/de\/prodotto\/as210\/","og_site_name":"PTM Srl","article_publisher":"https:\/\/www.facebook.com\/believingintechnology\/","article_modified_time":"2019-07-19T15:28:17+00:00","og_image":[{"width":1024,"height":1024,"url":"https:\/\/ptmsrl.com\/wp-content\/uploads\/2018\/09\/AS.jpg","type":"image\/jpeg"}],"twitter_card":"summary_large_image","twitter_site":"@ptm","twitter_misc":{"Gesch\u00e4tzte Lesezeit":"1\u00a0Minute"},"schema":{"@context":"https:\/\/schema.org","@graph":[{"@type":"WebPage","@id":"https:\/\/ptmsrl.com\/de\/prodotto\/as210\/","url":"https:\/\/ptmsrl.com\/de\/prodotto\/as210\/","name":"PTM Srl | AS210","isPartOf":{"@id":"https:\/\/ptmsrl.com\/#website"},"primaryImageOfPage":{"@id":"https:\/\/ptmsrl.com\/de\/prodotto\/as210\/#primaryimage"},"image":{"@id":"https:\/\/ptmsrl.com\/de\/prodotto\/as210\/#primaryimage"},"thumbnailUrl":"https:\/\/ptmsrl.com\/wp-content\/uploads\/2018\/09\/AS.jpg","datePublished":"2018-10-11T15:50:42+00:00","dateModified":"2019-07-19T15:28:17+00:00","breadcrumb":{"@id":"https:\/\/ptmsrl.com\/de\/prodotto\/as210\/#breadcrumb"},"inLanguage":"de","potentialAction":[{"@type":"ReadAction","target":["https:\/\/ptmsrl.com\/de\/prodotto\/as210\/"]}]},{"@type":"ImageObject","inLanguage":"de","@id":"https:\/\/ptmsrl.com\/de\/prodotto\/as210\/#primaryimage","url":"https:\/\/ptmsrl.com\/wp-content\/uploads\/2018\/09\/AS.jpg","contentUrl":"https:\/\/ptmsrl.com\/wp-content\/uploads\/2018\/09\/AS.jpg","width":1024,"height":1024,"caption":"as"},{"@type":"BreadcrumbList","@id":"https:\/\/ptmsrl.com\/de\/prodotto\/as210\/#breadcrumb","itemListElement":[{"@type":"ListItem","position":1,"name":"Home","item":"https:\/\/ptmsrl.com\/de\/"},{"@type":"ListItem","position":2,"name":"Shop","item":"https:\/\/ptmsrl.com\/shop\/"},{"@type":"ListItem","position":3,"name":"AS210"}]},{"@type":"WebSite","@id":"https:\/\/ptmsrl.com\/#website","url":"https:\/\/ptmsrl.com\/","name":"PTM Srl","description":"\u041c\u042b \u041f\u0420\u041e\u0418\u0417\u0412\u041e\u0414\u0418\u041c \u041a\u0410\u0427\u0415\u0421\u0422\u0412\u041e, \u041a\u041e\u0422\u041e\u0420\u041e\u0415 \u0418\u041c\u0415\u0415\u0422 \u041e\u0421\u041e\u0411\u042b\u0419 \u0412\u0415\u0421","publisher":{"@id":"https:\/\/ptmsrl.com\/#organization"},"potentialAction":[{"@type":"SearchAction","target":{"@type":"EntryPoint","urlTemplate":"https:\/\/ptmsrl.com\/?s={search_term_string}"},"query-input":{"@type":"PropertyValueSpecification","valueRequired":true,"valueName":"search_term_string"}}],"inLanguage":"de"},{"@type":"Organization","@id":"https:\/\/ptmsrl.com\/#organization","name":"PTM srl","url":"https:\/\/ptmsrl.com\/","logo":{"@type":"ImageObject","inLanguage":"de","@id":"https:\/\/ptmsrl.com\/#\/schema\/logo\/image\/","url":"https:\/\/ptmsrl.com\/wp-content\/uploads\/2018\/10\/LOGO-PTM.png","contentUrl":"https:\/\/ptmsrl.com\/wp-content\/uploads\/2018\/10\/LOGO-PTM.png","width":1000,"height":500,"caption":"PTM srl"},"image":{"@id":"https:\/\/ptmsrl.com\/#\/schema\/logo\/image\/"},"sameAs":["https:\/\/www.facebook.com\/believingintechnology\/","https:\/\/x.com\/ptm","https:\/\/www.linkedin.com\/company\/ptm-s-r-l\/","https:\/\/www.youtube.com\/channel\/UCPSOS0MaR-4jDkAD3HkAC7A"]}]}},"_links":{"self":[{"href":"https:\/\/ptmsrl.com\/de\/wp-json\/wp\/v2\/product\/2013","targetHints":{"allow":["GET"]}}],"collection":[{"href":"https:\/\/ptmsrl.com\/de\/wp-json\/wp\/v2\/product"}],"about":[{"href":"https:\/\/ptmsrl.com\/de\/wp-json\/wp\/v2\/types\/product"}],"wp:featuredmedia":[{"embeddable":true,"href":"https:\/\/ptmsrl.com\/de\/wp-json\/wp\/v2\/media\/4601"}],"wp:attachment":[{"href":"https:\/\/ptmsrl.com\/de\/wp-json\/wp\/v2\/media?parent=2013"}],"wp:term":[{"taxonomy":"product_brand","embeddable":true,"href":"https:\/\/ptmsrl.com\/de\/wp-json\/wp\/v2\/product_brand?post=2013"},{"taxonomy":"product_cat","embeddable":true,"href":"https:\/\/ptmsrl.com\/de\/wp-json\/wp\/v2\/product_cat?post=2013"},{"taxonomy":"product_tag","embeddable":true,"href":"https:\/\/ptmsrl.com\/de\/wp-json\/wp\/v2\/product_tag?post=2013"}],"curies":[{"name":"wp","href":"https:\/\/api.w.org\/{rel}","templated":true}]}}