{"id":2046,"date":"2018-09-06T15:09:44","date_gmt":"2018-10-12T10:43:46","guid":{"rendered":"https:\/\/ptmsrl.com\/?post_type=product&#038;p=2046"},"modified":"2019-07-23T10:03:41","modified_gmt":"2019-07-23T08:03:41","slug":"linea-twin","status":"publish","type":"product","link":"https:\/\/ptmsrl.com\/de\/prodotto\/linea-twin\/","title":{"rendered":"Linea Twin"},"content":{"rendered":"","protected":false},"excerpt":{"rendered":"<h3>Dosier-und Wiegecomputer f\u00fcr silos<\/h3>\n<p align=\"justify\">Diese Wiegecomputer wurden zur \u00dcberwachung von Gewicht und Dosierungsoperaionen in Siloanlagen entwickelt.<\/p>\n<p align=\"justify\">Sie sind mit den folgenden Eigenshaften ausgestattet sind: interaktiver graphischer Schnittstelle, Steckern mit goldenen Kontakten, Stecker zur Verbindung von Zubeh\u00f6ren, Aluminiumheh\u00e4use, Schutz gegen Versorgungsumpolungen dank selbstwiederherstellbaren Sicherung. Die Serie besteht aus 3 Modellen: SC1500 TOP. TWIN BASE und TWIN.<\/p>\n<p><strong>SC1500 TOP<\/strong><\/p>\n<p align=\"justify\">Der Wiegecomputer SC1500 TOP kontrolliert das Gewicht eines einzigen Silos, und kann einen Alarm aktivieren, im Fall das Gewicht h\u00f6her als die maximale Grenze oder niedriger als die minimale Grenze ist (beide Grenzen k\u00f6nnen \u00fcber Tastatur eingestellt werden). Das Ger\u00e4t kann auch die folgenden Funktionen bedienen: Programmierung der Dosierung (Ladung\/Ausladung), Verwaltung von Produktfallmenge und -Zeit, Visualisierung der Anzahl der ausgef\u00fchrten Ladungen, Speicherung von t\u00e4glichen und gesamten Addierungen vom dosierten Material, Kontrolle von Relais zur Bedienung der elektrischen Motoren. Der Wiegecomputer SC1500 TOP besitzt zwei Eing\u00e4nge: davon dient der erste zur Aktivierung der Dosierung, w\u00e4hrend der zweite zur Nullstellung des Gewichts.<\/p>\n<p><strong>TWIN BASE<\/strong><\/p>\n<p align=\"justify\">Der Wiegecomputer TWIN BASE kontrolliert das Gewicht von zwei Silos gleichzeiting, mit einstellbaren Grenzen vom minimalen Gewicht. Im Fall das Gewicht h\u00f6her als die maximale Grenze oder niedriger als die minimale Grenze ist, wird ein Alarm eingeschaltet.<\/p>\n<p><strong>TWIN<\/strong><\/p>\n<p align=\"justify\">Der Wiegecomputer TWIN kontrolliert das Gewicht von zwei Silos gleichzeiting, und kann einen Alarm aktivieren, im Fall das Gewicht h\u00f6her als die maximale Grenze oder niedriger als die minimale Grenze zumindest in einem der zwei Silos ist (beide Grenzen k\u00f6nnen \u00fcber Tastatur eingestellt werden). Das Ger\u00e4t kann auch die folgenden Funktionen bedienen: Programmierung der Dosierung (Ladung\/Ausladung), Verwaltung von Produktfallmenge und -Zeit, Visualisierung der Anzahl der ausgef\u00fchrten Ladungen, Speicherung von t\u00e4glichen und gesamten Addierungen vom dosierten Material, Kontrolle von Relais zur Bedienung der elektrischen Motoren. Der Wiegecomputer TWIN besitzt zwei Eing\u00e4nge: davon dient der erste zur Aktivierung der Dosierung, sowie drei Ausg\u00e4ngen, von denen zwei zur Aktivierung der Siloschnecken dienen, w\u00e4hrend der dritte den Alarm vom minimalen Niveau des Beh\u00e4lters bedient.<\/p>\n<p align=\"justify\">Wie alle PTM-Waagen ist die TWIN-SC1500 TOP Serie mit mehrsprachigem System, Garantie\u00fcberwachung und Registrierung von Datum und Uhrzeit von m\u00f6glichen \u00dcberladungen ausgestattet.<\/p>\n","protected":false},"featured_media":14424,"template":"","meta":{"inline_featured_image":false},"product_brand":[],"product_cat":[158],"product_tag":[],"class_list":{"0":"post-2046","1":"product","2":"type-product","3":"status-publish","4":"has-post-thumbnail","6":"product_cat-benutzerdefinierte-loesungen","8":"first","9":"instock","10":"downloadable","11":"shipping-taxable","12":"product-type-simple"},"yoast_head":"<!-- This site is optimized with the Yoast SEO plugin v25.3 - https:\/\/yoast.com\/wordpress\/plugins\/seo\/ -->\n<title>PTM Srl | Linea Twin<\/title>\n<meta name=\"robots\" content=\"index, follow, max-snippet:-1, max-image-preview:large, max-video-preview:-1\" \/>\n<link rel=\"canonical\" href=\"https:\/\/ptmsrl.com\/de\/prodotto\/linea-twin\/\" \/>\n<meta property=\"og:locale\" content=\"de_DE\" \/>\n<meta property=\"og:type\" content=\"article\" \/>\n<meta property=\"og:title\" content=\"PTM Srl | Linea Twin\" \/>\n<meta property=\"og:description\" content=\"Dosier-und Wiegecomputer f\u00fcr silos Diese Wiegecomputer wurden zur \u00dcberwachung von Gewicht und Dosierungsoperaionen in Siloanlagen entwickelt. Sie sind mit den folgenden Eigenshaften ausgestattet sind: interaktiver graphischer Schnittstelle, Steckern mit goldenen Kontakten, Stecker zur Verbindung von Zubeh\u00f6ren, Aluminiumheh\u00e4use, Schutz gegen Versorgungsumpolungen dank selbstwiederherstellbaren Sicherung. Die Serie besteht aus 3 Modellen: SC1500 TOP. TWIN BASE und TWIN. SC1500 TOP Der Wiegecomputer SC1500 TOP kontrolliert das Gewicht eines einzigen Silos, und kann einen Alarm aktivieren, im Fall das Gewicht h\u00f6her als die maximale Grenze oder niedriger als die minimale Grenze ist (beide Grenzen k\u00f6nnen \u00fcber Tastatur eingestellt werden). Das Ger\u00e4t kann auch die folgenden Funktionen bedienen: Programmierung der Dosierung (Ladung\/Ausladung), Verwaltung von Produktfallmenge und -Zeit, Visualisierung der Anzahl der ausgef\u00fchrten Ladungen, Speicherung von t\u00e4glichen und gesamten Addierungen vom dosierten Material, Kontrolle von Relais zur Bedienung der elektrischen Motoren. Der Wiegecomputer SC1500 TOP besitzt zwei Eing\u00e4nge: davon dient der erste zur Aktivierung der Dosierung, w\u00e4hrend der zweite zur Nullstellung des Gewichts. TWIN BASE Der Wiegecomputer TWIN BASE kontrolliert das Gewicht von zwei Silos gleichzeiting, mit einstellbaren Grenzen vom minimalen Gewicht. Im Fall das Gewicht h\u00f6her als die maximale Grenze oder niedriger als die minimale Grenze ist, wird ein Alarm eingeschaltet. TWIN Der Wiegecomputer TWIN kontrolliert das Gewicht von zwei Silos gleichzeiting, und kann einen Alarm aktivieren, im Fall das Gewicht h\u00f6her als die maximale Grenze oder niedriger als die minimale Grenze zumindest in einem der zwei Silos ist (beide Grenzen k\u00f6nnen \u00fcber Tastatur eingestellt werden). Das Ger\u00e4t kann auch die folgenden Funktionen bedienen: Programmierung der Dosierung (Ladung\/Ausladung), Verwaltung von Produktfallmenge und -Zeit, Visualisierung der Anzahl der ausgef\u00fchrten Ladungen, Speicherung von t\u00e4glichen und gesamten Addierungen vom dosierten Material, Kontrolle von Relais zur Bedienung der elektrischen Motoren. Der Wiegecomputer TWIN besitzt zwei Eing\u00e4nge: davon dient der erste zur Aktivierung der Dosierung, sowie drei Ausg\u00e4ngen, von denen zwei zur Aktivierung der Siloschnecken dienen, w\u00e4hrend der dritte den Alarm vom minimalen Niveau des Beh\u00e4lters bedient. Wie alle PTM-Waagen ist die TWIN-SC1500 TOP Serie mit mehrsprachigem System, Garantie\u00fcberwachung und Registrierung von Datum und Uhrzeit von m\u00f6glichen \u00dcberladungen ausgestattet.\" \/>\n<meta property=\"og:url\" content=\"https:\/\/ptmsrl.com\/de\/prodotto\/linea-twin\/\" \/>\n<meta property=\"og:site_name\" content=\"PTM Srl\" \/>\n<meta property=\"article:publisher\" content=\"https:\/\/www.facebook.com\/believingintechnology\/\" \/>\n<meta property=\"article:modified_time\" content=\"2019-07-23T08:03:41+00:00\" \/>\n<meta property=\"og:image\" content=\"https:\/\/ptmsrl.com\/wp-content\/uploads\/2018\/09\/Twin.jpg\" \/>\n\t<meta property=\"og:image:width\" content=\"1024\" \/>\n\t<meta property=\"og:image:height\" content=\"1024\" \/>\n\t<meta property=\"og:image:type\" content=\"image\/jpeg\" \/>\n<meta name=\"twitter:card\" content=\"summary_large_image\" \/>\n<meta name=\"twitter:site\" content=\"@ptm\" \/>\n<script type=\"application\/ld+json\" class=\"yoast-schema-graph\">{\"@context\":\"https:\/\/schema.org\",\"@graph\":[{\"@type\":\"WebPage\",\"@id\":\"https:\/\/ptmsrl.com\/de\/prodotto\/linea-twin\/\",\"url\":\"https:\/\/ptmsrl.com\/de\/prodotto\/linea-twin\/\",\"name\":\"PTM Srl | Linea Twin\",\"isPartOf\":{\"@id\":\"https:\/\/ptmsrl.com\/#website\"},\"primaryImageOfPage\":{\"@id\":\"https:\/\/ptmsrl.com\/de\/prodotto\/linea-twin\/#primaryimage\"},\"image\":{\"@id\":\"https:\/\/ptmsrl.com\/de\/prodotto\/linea-twin\/#primaryimage\"},\"thumbnailUrl\":\"https:\/\/ptmsrl.com\/wp-content\/uploads\/2018\/09\/Twin.jpg\",\"datePublished\":\"2018-10-12T10:43:46+00:00\",\"dateModified\":\"2019-07-23T08:03:41+00:00\",\"breadcrumb\":{\"@id\":\"https:\/\/ptmsrl.com\/de\/prodotto\/linea-twin\/#breadcrumb\"},\"inLanguage\":\"de\",\"potentialAction\":[{\"@type\":\"ReadAction\",\"target\":[\"https:\/\/ptmsrl.com\/de\/prodotto\/linea-twin\/\"]}]},{\"@type\":\"ImageObject\",\"inLanguage\":\"de\",\"@id\":\"https:\/\/ptmsrl.com\/de\/prodotto\/linea-twin\/#primaryimage\",\"url\":\"https:\/\/ptmsrl.com\/wp-content\/uploads\/2018\/09\/Twin.jpg\",\"contentUrl\":\"https:\/\/ptmsrl.com\/wp-content\/uploads\/2018\/09\/Twin.jpg\",\"width\":1024,\"height\":1024,\"caption\":\"twin\"},{\"@type\":\"BreadcrumbList\",\"@id\":\"https:\/\/ptmsrl.com\/de\/prodotto\/linea-twin\/#breadcrumb\",\"itemListElement\":[{\"@type\":\"ListItem\",\"position\":1,\"name\":\"Home\",\"item\":\"https:\/\/ptmsrl.com\/de\/\"},{\"@type\":\"ListItem\",\"position\":2,\"name\":\"Shop\",\"item\":\"https:\/\/ptmsrl.com\/shop\/\"},{\"@type\":\"ListItem\",\"position\":3,\"name\":\"Linea Twin\"}]},{\"@type\":\"WebSite\",\"@id\":\"https:\/\/ptmsrl.com\/#website\",\"url\":\"https:\/\/ptmsrl.com\/\",\"name\":\"PTM Srl\",\"description\":\"\u041c\u042b \u041f\u0420\u041e\u0418\u0417\u0412\u041e\u0414\u0418\u041c \u041a\u0410\u0427\u0415\u0421\u0422\u0412\u041e, \u041a\u041e\u0422\u041e\u0420\u041e\u0415 \u0418\u041c\u0415\u0415\u0422 \u041e\u0421\u041e\u0411\u042b\u0419 \u0412\u0415\u0421\",\"publisher\":{\"@id\":\"https:\/\/ptmsrl.com\/#organization\"},\"potentialAction\":[{\"@type\":\"SearchAction\",\"target\":{\"@type\":\"EntryPoint\",\"urlTemplate\":\"https:\/\/ptmsrl.com\/?s={search_term_string}\"},\"query-input\":{\"@type\":\"PropertyValueSpecification\",\"valueRequired\":true,\"valueName\":\"search_term_string\"}}],\"inLanguage\":\"de\"},{\"@type\":\"Organization\",\"@id\":\"https:\/\/ptmsrl.com\/#organization\",\"name\":\"PTM srl\",\"url\":\"https:\/\/ptmsrl.com\/\",\"logo\":{\"@type\":\"ImageObject\",\"inLanguage\":\"de\",\"@id\":\"https:\/\/ptmsrl.com\/#\/schema\/logo\/image\/\",\"url\":\"https:\/\/ptmsrl.com\/wp-content\/uploads\/2018\/10\/LOGO-PTM.png\",\"contentUrl\":\"https:\/\/ptmsrl.com\/wp-content\/uploads\/2018\/10\/LOGO-PTM.png\",\"width\":1000,\"height\":500,\"caption\":\"PTM srl\"},\"image\":{\"@id\":\"https:\/\/ptmsrl.com\/#\/schema\/logo\/image\/\"},\"sameAs\":[\"https:\/\/www.facebook.com\/believingintechnology\/\",\"https:\/\/x.com\/ptm\",\"https:\/\/www.linkedin.com\/company\/ptm-s-r-l\/\",\"https:\/\/www.youtube.com\/channel\/UCPSOS0MaR-4jDkAD3HkAC7A\"]}]}<\/script>\n<!-- \/ Yoast SEO plugin. -->","yoast_head_json":{"title":"PTM Srl | Linea Twin","robots":{"index":"index","follow":"follow","max-snippet":"max-snippet:-1","max-image-preview":"max-image-preview:large","max-video-preview":"max-video-preview:-1"},"canonical":"https:\/\/ptmsrl.com\/de\/prodotto\/linea-twin\/","og_locale":"de_DE","og_type":"article","og_title":"PTM Srl | Linea Twin","og_description":"Dosier-und Wiegecomputer f\u00fcr silos Diese Wiegecomputer wurden zur \u00dcberwachung von Gewicht und Dosierungsoperaionen in Siloanlagen entwickelt. Sie sind mit den folgenden Eigenshaften ausgestattet sind: interaktiver graphischer Schnittstelle, Steckern mit goldenen Kontakten, Stecker zur Verbindung von Zubeh\u00f6ren, Aluminiumheh\u00e4use, Schutz gegen Versorgungsumpolungen dank selbstwiederherstellbaren Sicherung. Die Serie besteht aus 3 Modellen: SC1500 TOP. TWIN BASE und TWIN. SC1500 TOP Der Wiegecomputer SC1500 TOP kontrolliert das Gewicht eines einzigen Silos, und kann einen Alarm aktivieren, im Fall das Gewicht h\u00f6her als die maximale Grenze oder niedriger als die minimale Grenze ist (beide Grenzen k\u00f6nnen \u00fcber Tastatur eingestellt werden). Das Ger\u00e4t kann auch die folgenden Funktionen bedienen: Programmierung der Dosierung (Ladung\/Ausladung), Verwaltung von Produktfallmenge und -Zeit, Visualisierung der Anzahl der ausgef\u00fchrten Ladungen, Speicherung von t\u00e4glichen und gesamten Addierungen vom dosierten Material, Kontrolle von Relais zur Bedienung der elektrischen Motoren. Der Wiegecomputer SC1500 TOP besitzt zwei Eing\u00e4nge: davon dient der erste zur Aktivierung der Dosierung, w\u00e4hrend der zweite zur Nullstellung des Gewichts. TWIN BASE Der Wiegecomputer TWIN BASE kontrolliert das Gewicht von zwei Silos gleichzeiting, mit einstellbaren Grenzen vom minimalen Gewicht. Im Fall das Gewicht h\u00f6her als die maximale Grenze oder niedriger als die minimale Grenze ist, wird ein Alarm eingeschaltet. TWIN Der Wiegecomputer TWIN kontrolliert das Gewicht von zwei Silos gleichzeiting, und kann einen Alarm aktivieren, im Fall das Gewicht h\u00f6her als die maximale Grenze oder niedriger als die minimale Grenze zumindest in einem der zwei Silos ist (beide Grenzen k\u00f6nnen \u00fcber Tastatur eingestellt werden). Das Ger\u00e4t kann auch die folgenden Funktionen bedienen: Programmierung der Dosierung (Ladung\/Ausladung), Verwaltung von Produktfallmenge und -Zeit, Visualisierung der Anzahl der ausgef\u00fchrten Ladungen, Speicherung von t\u00e4glichen und gesamten Addierungen vom dosierten Material, Kontrolle von Relais zur Bedienung der elektrischen Motoren. Der Wiegecomputer TWIN besitzt zwei Eing\u00e4nge: davon dient der erste zur Aktivierung der Dosierung, sowie drei Ausg\u00e4ngen, von denen zwei zur Aktivierung der Siloschnecken dienen, w\u00e4hrend der dritte den Alarm vom minimalen Niveau des Beh\u00e4lters bedient. Wie alle PTM-Waagen ist die TWIN-SC1500 TOP Serie mit mehrsprachigem System, Garantie\u00fcberwachung und Registrierung von Datum und Uhrzeit von m\u00f6glichen \u00dcberladungen ausgestattet.","og_url":"https:\/\/ptmsrl.com\/de\/prodotto\/linea-twin\/","og_site_name":"PTM Srl","article_publisher":"https:\/\/www.facebook.com\/believingintechnology\/","article_modified_time":"2019-07-23T08:03:41+00:00","og_image":[{"width":1024,"height":1024,"url":"https:\/\/ptmsrl.com\/wp-content\/uploads\/2018\/09\/Twin.jpg","type":"image\/jpeg"}],"twitter_card":"summary_large_image","twitter_site":"@ptm","schema":{"@context":"https:\/\/schema.org","@graph":[{"@type":"WebPage","@id":"https:\/\/ptmsrl.com\/de\/prodotto\/linea-twin\/","url":"https:\/\/ptmsrl.com\/de\/prodotto\/linea-twin\/","name":"PTM Srl | Linea Twin","isPartOf":{"@id":"https:\/\/ptmsrl.com\/#website"},"primaryImageOfPage":{"@id":"https:\/\/ptmsrl.com\/de\/prodotto\/linea-twin\/#primaryimage"},"image":{"@id":"https:\/\/ptmsrl.com\/de\/prodotto\/linea-twin\/#primaryimage"},"thumbnailUrl":"https:\/\/ptmsrl.com\/wp-content\/uploads\/2018\/09\/Twin.jpg","datePublished":"2018-10-12T10:43:46+00:00","dateModified":"2019-07-23T08:03:41+00:00","breadcrumb":{"@id":"https:\/\/ptmsrl.com\/de\/prodotto\/linea-twin\/#breadcrumb"},"inLanguage":"de","potentialAction":[{"@type":"ReadAction","target":["https:\/\/ptmsrl.com\/de\/prodotto\/linea-twin\/"]}]},{"@type":"ImageObject","inLanguage":"de","@id":"https:\/\/ptmsrl.com\/de\/prodotto\/linea-twin\/#primaryimage","url":"https:\/\/ptmsrl.com\/wp-content\/uploads\/2018\/09\/Twin.jpg","contentUrl":"https:\/\/ptmsrl.com\/wp-content\/uploads\/2018\/09\/Twin.jpg","width":1024,"height":1024,"caption":"twin"},{"@type":"BreadcrumbList","@id":"https:\/\/ptmsrl.com\/de\/prodotto\/linea-twin\/#breadcrumb","itemListElement":[{"@type":"ListItem","position":1,"name":"Home","item":"https:\/\/ptmsrl.com\/de\/"},{"@type":"ListItem","position":2,"name":"Shop","item":"https:\/\/ptmsrl.com\/shop\/"},{"@type":"ListItem","position":3,"name":"Linea Twin"}]},{"@type":"WebSite","@id":"https:\/\/ptmsrl.com\/#website","url":"https:\/\/ptmsrl.com\/","name":"PTM Srl","description":"\u041c\u042b \u041f\u0420\u041e\u0418\u0417\u0412\u041e\u0414\u0418\u041c \u041a\u0410\u0427\u0415\u0421\u0422\u0412\u041e, \u041a\u041e\u0422\u041e\u0420\u041e\u0415 \u0418\u041c\u0415\u0415\u0422 \u041e\u0421\u041e\u0411\u042b\u0419 \u0412\u0415\u0421","publisher":{"@id":"https:\/\/ptmsrl.com\/#organization"},"potentialAction":[{"@type":"SearchAction","target":{"@type":"EntryPoint","urlTemplate":"https:\/\/ptmsrl.com\/?s={search_term_string}"},"query-input":{"@type":"PropertyValueSpecification","valueRequired":true,"valueName":"search_term_string"}}],"inLanguage":"de"},{"@type":"Organization","@id":"https:\/\/ptmsrl.com\/#organization","name":"PTM srl","url":"https:\/\/ptmsrl.com\/","logo":{"@type":"ImageObject","inLanguage":"de","@id":"https:\/\/ptmsrl.com\/#\/schema\/logo\/image\/","url":"https:\/\/ptmsrl.com\/wp-content\/uploads\/2018\/10\/LOGO-PTM.png","contentUrl":"https:\/\/ptmsrl.com\/wp-content\/uploads\/2018\/10\/LOGO-PTM.png","width":1000,"height":500,"caption":"PTM srl"},"image":{"@id":"https:\/\/ptmsrl.com\/#\/schema\/logo\/image\/"},"sameAs":["https:\/\/www.facebook.com\/believingintechnology\/","https:\/\/x.com\/ptm","https:\/\/www.linkedin.com\/company\/ptm-s-r-l\/","https:\/\/www.youtube.com\/channel\/UCPSOS0MaR-4jDkAD3HkAC7A"]}]}},"_links":{"self":[{"href":"https:\/\/ptmsrl.com\/de\/wp-json\/wp\/v2\/product\/2046","targetHints":{"allow":["GET"]}}],"collection":[{"href":"https:\/\/ptmsrl.com\/de\/wp-json\/wp\/v2\/product"}],"about":[{"href":"https:\/\/ptmsrl.com\/de\/wp-json\/wp\/v2\/types\/product"}],"wp:featuredmedia":[{"embeddable":true,"href":"https:\/\/ptmsrl.com\/de\/wp-json\/wp\/v2\/media\/14424"}],"wp:attachment":[{"href":"https:\/\/ptmsrl.com\/de\/wp-json\/wp\/v2\/media?parent=2046"}],"wp:term":[{"taxonomy":"product_brand","embeddable":true,"href":"https:\/\/ptmsrl.com\/de\/wp-json\/wp\/v2\/product_brand?post=2046"},{"taxonomy":"product_cat","embeddable":true,"href":"https:\/\/ptmsrl.com\/de\/wp-json\/wp\/v2\/product_cat?post=2046"},{"taxonomy":"product_tag","embeddable":true,"href":"https:\/\/ptmsrl.com\/de\/wp-json\/wp\/v2\/product_tag?post=2046"}],"curies":[{"name":"wp","href":"https:\/\/api.w.org\/{rel}","templated":true}]}}