{"id":22294,"date":"2023-07-04T12:49:48","date_gmt":"2023-07-04T10:49:49","guid":{"rendered":"https:\/\/ptmsrl.com\/?post_type=product&#038;p=22294"},"modified":"2023-07-04T12:51:33","modified_gmt":"2023-07-04T10:51:33","slug":"as111","status":"publish","type":"product","link":"https:\/\/ptmsrl.com\/de\/prodotto\/as111\/","title":{"rendered":"AS111"},"content":{"rendered":"","protected":false},"excerpt":{"rendered":"<h3><strong>Industrielle Wiegecomputer<\/strong><\/h3>\n<p align=\"justify\">Die Wiegecomputer <strong>AS110-122<\/strong> wurden zur Wiegung bei industriellen Anlagen entwickelt. Sie sind in einem kleinen plastischen Geh\u00e4use eingebaut, und sind mit selbstwiederherstellbaren Sicherungen zum Schutz gegen Versorgungsumpolungen und \u00dcberstrom ausgestattet. Als Folge sind sie zum Einbau in einem elektrischen Schaltschrank geeignet. Die Serie <strong>AS110 &#8211; 122<\/strong> ist mit Doppeldisplay ausgestattet: einem hintenbeleuchteten LCD Display zur Anzeige von Men\u00fcs und Gewichten, und einem hochbeleuchtetem LED Display mit 6 Digits zur Anzeige nur von Gewichten. Diese elektronischen Ger\u00e4te k\u00f6nnen 4 einstellbare Schwellerelais bedienen. Die Versionen <strong>AS111 und AS122<\/strong> haben einen bzw. zwei 4-20 mA (oder 0-20mA) Stromausg\u00e4nge, galvanisch getrennt.<\/p>\n<p align=\"justify\">Die Wiegecomputer der Serie <strong>AS110 &#8211; 122<\/strong> sind auch mit <strong>mehrsprachigem System<\/strong>, Garantie\u00fcberwachung und Registrierung von Datum und Uhrzeit von m\u00f6glichen \u00dcberladungen ausgestattet.<\/p>\n","protected":false},"featured_media":22300,"template":"","meta":{"inline_featured_image":false},"product_brand":[],"product_cat":[153],"product_tag":[],"class_list":{"0":"post-22294","1":"product","2":"type-product","3":"status-publish","4":"has-post-thumbnail","6":"product_cat-linie-as","8":"first","9":"instock","10":"downloadable","11":"shipping-taxable","12":"product-type-simple"},"yoast_head":"<!-- This site is optimized with the Yoast SEO plugin v25.3 - https:\/\/yoast.com\/wordpress\/plugins\/seo\/ -->\n<title>PTM Srl | AS111<\/title>\n<meta name=\"robots\" content=\"index, follow, max-snippet:-1, max-image-preview:large, max-video-preview:-1\" \/>\n<link rel=\"canonical\" href=\"https:\/\/ptmsrl.com\/de\/prodotto\/as111\/\" \/>\n<meta property=\"og:locale\" content=\"de_DE\" \/>\n<meta property=\"og:type\" content=\"article\" \/>\n<meta property=\"og:title\" content=\"PTM Srl | AS111\" \/>\n<meta property=\"og:description\" content=\"Industrielle Wiegecomputer Die Wiegecomputer AS110-122 wurden zur Wiegung bei industriellen Anlagen entwickelt. Sie sind in einem kleinen plastischen Geh\u00e4use eingebaut, und sind mit selbstwiederherstellbaren Sicherungen zum Schutz gegen Versorgungsumpolungen und \u00dcberstrom ausgestattet. Als Folge sind sie zum Einbau in einem elektrischen Schaltschrank geeignet. Die Serie AS110 - 122 ist mit Doppeldisplay ausgestattet: einem hintenbeleuchteten LCD Display zur Anzeige von Men\u00fcs und Gewichten, und einem hochbeleuchtetem LED Display mit 6 Digits zur Anzeige nur von Gewichten. Diese elektronischen Ger\u00e4te k\u00f6nnen 4 einstellbare Schwellerelais bedienen. Die Versionen AS111 und AS122 haben einen bzw. zwei 4-20 mA (oder 0-20mA) Stromausg\u00e4nge, galvanisch getrennt. Die Wiegecomputer der Serie AS110 - 122 sind auch mit mehrsprachigem System, Garantie\u00fcberwachung und Registrierung von Datum und Uhrzeit von m\u00f6glichen \u00dcberladungen ausgestattet.\" \/>\n<meta property=\"og:url\" content=\"https:\/\/ptmsrl.com\/de\/prodotto\/as111\/\" \/>\n<meta property=\"og:site_name\" content=\"PTM Srl\" \/>\n<meta property=\"article:publisher\" content=\"https:\/\/www.facebook.com\/believingintechnology\/\" \/>\n<meta property=\"article:modified_time\" content=\"2023-07-04T10:51:33+00:00\" \/>\n<meta property=\"og:image\" content=\"https:\/\/ptmsrl.com\/wp-content\/uploads\/2018\/09\/AS.jpg\" \/>\n\t<meta property=\"og:image:width\" content=\"1024\" \/>\n\t<meta property=\"og:image:height\" content=\"1024\" \/>\n\t<meta property=\"og:image:type\" content=\"image\/jpeg\" \/>\n<meta name=\"twitter:card\" content=\"summary_large_image\" \/>\n<meta name=\"twitter:site\" content=\"@ptm\" \/>\n<script type=\"application\/ld+json\" class=\"yoast-schema-graph\">{\"@context\":\"https:\/\/schema.org\",\"@graph\":[{\"@type\":\"WebPage\",\"@id\":\"https:\/\/ptmsrl.com\/de\/prodotto\/as111\/\",\"url\":\"https:\/\/ptmsrl.com\/de\/prodotto\/as111\/\",\"name\":\"PTM Srl | AS111\",\"isPartOf\":{\"@id\":\"https:\/\/ptmsrl.com\/#website\"},\"primaryImageOfPage\":{\"@id\":\"https:\/\/ptmsrl.com\/de\/prodotto\/as111\/#primaryimage\"},\"image\":{\"@id\":\"https:\/\/ptmsrl.com\/de\/prodotto\/as111\/#primaryimage\"},\"thumbnailUrl\":\"https:\/\/ptmsrl.com\/wp-content\/uploads\/2018\/09\/AS.jpg\",\"datePublished\":\"2023-07-04T10:49:49+00:00\",\"dateModified\":\"2023-07-04T10:51:33+00:00\",\"breadcrumb\":{\"@id\":\"https:\/\/ptmsrl.com\/de\/prodotto\/as111\/#breadcrumb\"},\"inLanguage\":\"de\",\"potentialAction\":[{\"@type\":\"ReadAction\",\"target\":[\"https:\/\/ptmsrl.com\/de\/prodotto\/as111\/\"]}]},{\"@type\":\"ImageObject\",\"inLanguage\":\"de\",\"@id\":\"https:\/\/ptmsrl.com\/de\/prodotto\/as111\/#primaryimage\",\"url\":\"https:\/\/ptmsrl.com\/wp-content\/uploads\/2018\/09\/AS.jpg\",\"contentUrl\":\"https:\/\/ptmsrl.com\/wp-content\/uploads\/2018\/09\/AS.jpg\",\"width\":1024,\"height\":1024,\"caption\":\"as\"},{\"@type\":\"BreadcrumbList\",\"@id\":\"https:\/\/ptmsrl.com\/de\/prodotto\/as111\/#breadcrumb\",\"itemListElement\":[{\"@type\":\"ListItem\",\"position\":1,\"name\":\"Home\",\"item\":\"https:\/\/ptmsrl.com\/de\/\"},{\"@type\":\"ListItem\",\"position\":2,\"name\":\"Shop\",\"item\":\"https:\/\/ptmsrl.com\/shop\/\"},{\"@type\":\"ListItem\",\"position\":3,\"name\":\"AS111\"}]},{\"@type\":\"WebSite\",\"@id\":\"https:\/\/ptmsrl.com\/#website\",\"url\":\"https:\/\/ptmsrl.com\/\",\"name\":\"PTM Srl\",\"description\":\"\u041c\u042b \u041f\u0420\u041e\u0418\u0417\u0412\u041e\u0414\u0418\u041c \u041a\u0410\u0427\u0415\u0421\u0422\u0412\u041e, \u041a\u041e\u0422\u041e\u0420\u041e\u0415 \u0418\u041c\u0415\u0415\u0422 \u041e\u0421\u041e\u0411\u042b\u0419 \u0412\u0415\u0421\",\"publisher\":{\"@id\":\"https:\/\/ptmsrl.com\/#organization\"},\"potentialAction\":[{\"@type\":\"SearchAction\",\"target\":{\"@type\":\"EntryPoint\",\"urlTemplate\":\"https:\/\/ptmsrl.com\/?s={search_term_string}\"},\"query-input\":{\"@type\":\"PropertyValueSpecification\",\"valueRequired\":true,\"valueName\":\"search_term_string\"}}],\"inLanguage\":\"de\"},{\"@type\":\"Organization\",\"@id\":\"https:\/\/ptmsrl.com\/#organization\",\"name\":\"PTM srl\",\"url\":\"https:\/\/ptmsrl.com\/\",\"logo\":{\"@type\":\"ImageObject\",\"inLanguage\":\"de\",\"@id\":\"https:\/\/ptmsrl.com\/#\/schema\/logo\/image\/\",\"url\":\"https:\/\/ptmsrl.com\/wp-content\/uploads\/2018\/10\/LOGO-PTM.png\",\"contentUrl\":\"https:\/\/ptmsrl.com\/wp-content\/uploads\/2018\/10\/LOGO-PTM.png\",\"width\":1000,\"height\":500,\"caption\":\"PTM srl\"},\"image\":{\"@id\":\"https:\/\/ptmsrl.com\/#\/schema\/logo\/image\/\"},\"sameAs\":[\"https:\/\/www.facebook.com\/believingintechnology\/\",\"https:\/\/x.com\/ptm\",\"https:\/\/www.linkedin.com\/company\/ptm-s-r-l\/\",\"https:\/\/www.youtube.com\/channel\/UCPSOS0MaR-4jDkAD3HkAC7A\"]}]}<\/script>\n<!-- \/ Yoast SEO plugin. -->","yoast_head_json":{"title":"PTM Srl | AS111","robots":{"index":"index","follow":"follow","max-snippet":"max-snippet:-1","max-image-preview":"max-image-preview:large","max-video-preview":"max-video-preview:-1"},"canonical":"https:\/\/ptmsrl.com\/de\/prodotto\/as111\/","og_locale":"de_DE","og_type":"article","og_title":"PTM Srl | AS111","og_description":"Industrielle Wiegecomputer Die Wiegecomputer AS110-122 wurden zur Wiegung bei industriellen Anlagen entwickelt. Sie sind in einem kleinen plastischen Geh\u00e4use eingebaut, und sind mit selbstwiederherstellbaren Sicherungen zum Schutz gegen Versorgungsumpolungen und \u00dcberstrom ausgestattet. Als Folge sind sie zum Einbau in einem elektrischen Schaltschrank geeignet. Die Serie AS110 - 122 ist mit Doppeldisplay ausgestattet: einem hintenbeleuchteten LCD Display zur Anzeige von Men\u00fcs und Gewichten, und einem hochbeleuchtetem LED Display mit 6 Digits zur Anzeige nur von Gewichten. Diese elektronischen Ger\u00e4te k\u00f6nnen 4 einstellbare Schwellerelais bedienen. Die Versionen AS111 und AS122 haben einen bzw. zwei 4-20 mA (oder 0-20mA) Stromausg\u00e4nge, galvanisch getrennt. Die Wiegecomputer der Serie AS110 - 122 sind auch mit mehrsprachigem System, Garantie\u00fcberwachung und Registrierung von Datum und Uhrzeit von m\u00f6glichen \u00dcberladungen ausgestattet.","og_url":"https:\/\/ptmsrl.com\/de\/prodotto\/as111\/","og_site_name":"PTM Srl","article_publisher":"https:\/\/www.facebook.com\/believingintechnology\/","article_modified_time":"2023-07-04T10:51:33+00:00","og_image":[{"width":1024,"height":1024,"url":"https:\/\/ptmsrl.com\/wp-content\/uploads\/2018\/09\/AS.jpg","type":"image\/jpeg"}],"twitter_card":"summary_large_image","twitter_site":"@ptm","schema":{"@context":"https:\/\/schema.org","@graph":[{"@type":"WebPage","@id":"https:\/\/ptmsrl.com\/de\/prodotto\/as111\/","url":"https:\/\/ptmsrl.com\/de\/prodotto\/as111\/","name":"PTM Srl | AS111","isPartOf":{"@id":"https:\/\/ptmsrl.com\/#website"},"primaryImageOfPage":{"@id":"https:\/\/ptmsrl.com\/de\/prodotto\/as111\/#primaryimage"},"image":{"@id":"https:\/\/ptmsrl.com\/de\/prodotto\/as111\/#primaryimage"},"thumbnailUrl":"https:\/\/ptmsrl.com\/wp-content\/uploads\/2018\/09\/AS.jpg","datePublished":"2023-07-04T10:49:49+00:00","dateModified":"2023-07-04T10:51:33+00:00","breadcrumb":{"@id":"https:\/\/ptmsrl.com\/de\/prodotto\/as111\/#breadcrumb"},"inLanguage":"de","potentialAction":[{"@type":"ReadAction","target":["https:\/\/ptmsrl.com\/de\/prodotto\/as111\/"]}]},{"@type":"ImageObject","inLanguage":"de","@id":"https:\/\/ptmsrl.com\/de\/prodotto\/as111\/#primaryimage","url":"https:\/\/ptmsrl.com\/wp-content\/uploads\/2018\/09\/AS.jpg","contentUrl":"https:\/\/ptmsrl.com\/wp-content\/uploads\/2018\/09\/AS.jpg","width":1024,"height":1024,"caption":"as"},{"@type":"BreadcrumbList","@id":"https:\/\/ptmsrl.com\/de\/prodotto\/as111\/#breadcrumb","itemListElement":[{"@type":"ListItem","position":1,"name":"Home","item":"https:\/\/ptmsrl.com\/de\/"},{"@type":"ListItem","position":2,"name":"Shop","item":"https:\/\/ptmsrl.com\/shop\/"},{"@type":"ListItem","position":3,"name":"AS111"}]},{"@type":"WebSite","@id":"https:\/\/ptmsrl.com\/#website","url":"https:\/\/ptmsrl.com\/","name":"PTM Srl","description":"\u041c\u042b \u041f\u0420\u041e\u0418\u0417\u0412\u041e\u0414\u0418\u041c \u041a\u0410\u0427\u0415\u0421\u0422\u0412\u041e, \u041a\u041e\u0422\u041e\u0420\u041e\u0415 \u0418\u041c\u0415\u0415\u0422 \u041e\u0421\u041e\u0411\u042b\u0419 \u0412\u0415\u0421","publisher":{"@id":"https:\/\/ptmsrl.com\/#organization"},"potentialAction":[{"@type":"SearchAction","target":{"@type":"EntryPoint","urlTemplate":"https:\/\/ptmsrl.com\/?s={search_term_string}"},"query-input":{"@type":"PropertyValueSpecification","valueRequired":true,"valueName":"search_term_string"}}],"inLanguage":"de"},{"@type":"Organization","@id":"https:\/\/ptmsrl.com\/#organization","name":"PTM srl","url":"https:\/\/ptmsrl.com\/","logo":{"@type":"ImageObject","inLanguage":"de","@id":"https:\/\/ptmsrl.com\/#\/schema\/logo\/image\/","url":"https:\/\/ptmsrl.com\/wp-content\/uploads\/2018\/10\/LOGO-PTM.png","contentUrl":"https:\/\/ptmsrl.com\/wp-content\/uploads\/2018\/10\/LOGO-PTM.png","width":1000,"height":500,"caption":"PTM srl"},"image":{"@id":"https:\/\/ptmsrl.com\/#\/schema\/logo\/image\/"},"sameAs":["https:\/\/www.facebook.com\/believingintechnology\/","https:\/\/x.com\/ptm","https:\/\/www.linkedin.com\/company\/ptm-s-r-l\/","https:\/\/www.youtube.com\/channel\/UCPSOS0MaR-4jDkAD3HkAC7A"]}]}},"_links":{"self":[{"href":"https:\/\/ptmsrl.com\/de\/wp-json\/wp\/v2\/product\/22294","targetHints":{"allow":["GET"]}}],"collection":[{"href":"https:\/\/ptmsrl.com\/de\/wp-json\/wp\/v2\/product"}],"about":[{"href":"https:\/\/ptmsrl.com\/de\/wp-json\/wp\/v2\/types\/product"}],"wp:featuredmedia":[{"embeddable":true,"href":"https:\/\/ptmsrl.com\/de\/wp-json\/wp\/v2\/media\/22300"}],"wp:attachment":[{"href":"https:\/\/ptmsrl.com\/de\/wp-json\/wp\/v2\/media?parent=22294"}],"wp:term":[{"taxonomy":"product_brand","embeddable":true,"href":"https:\/\/ptmsrl.com\/de\/wp-json\/wp\/v2\/product_brand?post=22294"},{"taxonomy":"product_cat","embeddable":true,"href":"https:\/\/ptmsrl.com\/de\/wp-json\/wp\/v2\/product_cat?post=22294"},{"taxonomy":"product_tag","embeddable":true,"href":"https:\/\/ptmsrl.com\/de\/wp-json\/wp\/v2\/product_tag?post=22294"}],"curies":[{"name":"wp","href":"https:\/\/api.w.org\/{rel}","templated":true}]}}