{"id":2256,"date":"2018-09-06T16:13:03","date_gmt":"2018-10-22T10:17:21","guid":{"rendered":"https:\/\/ptmsrl.com\/?post_type=product&#038;p=2256"},"modified":"2019-07-22T16:14:18","modified_gmt":"2019-07-22T14:14:18","slug":"wxs","status":"publish","type":"product","link":"https:\/\/ptmsrl.com\/de\/prodotto\/wxs\/","title":{"rendered":"WXs"},"content":{"rendered":"<ul>\n<li>Brutto Gewicht<\/li>\n<li>Netto Gewicht<\/li>\n<li>Tara<\/li>\n<li>Zulassung<\/li>\n<\/ul>\n","protected":false},"excerpt":{"rendered":"<h3><strong>P.0.-Wiegeeinrichtung<\/strong><\/h3>\n<p align=\"justify\">Die Wiegeeinrichtung P.O. darf ausschliesslich als Bestandteil von nicht-automatischen Waagen verwendet werden. Jede weitere Verwendung gilt als missbr\u00e4uchlich. Die Waagen, die im eichpflichtigen Verkehr verwendet werden, m\u00fcssen den f\u00fcr den Aufstellort geltenden Bestimmungen \u00fcber Wiegen und Sicherheit entsprechen. Das Wiegesystem P.O. ist ein Messverst\u00e4rker f\u00fcr den Anschluss an Wiegesensoren und handels\u00fcblichen Waagen. Das Sensorensignal wird verst\u00e4rkt und digital umwandelt. Jede weitere Verarbeitungsphase erfolgt digital durch einen Mikroprozessor. Die vordere Folie besteht aus Qualit\u00e4tsmaterial und ist f\u00fcr den Einsatz im Au\u00dfenbereich geeignet.<\/p>\n","protected":false},"featured_media":14456,"template":"","meta":{"inline_featured_image":false},"product_brand":[],"product_cat":[158],"product_tag":[],"class_list":{"0":"post-2256","1":"product","2":"type-product","3":"status-publish","4":"has-post-thumbnail","6":"product_cat-benutzerdefinierte-loesungen","8":"first","9":"instock","10":"downloadable","11":"shipping-taxable","12":"product-type-simple"},"yoast_head":"<!-- This site is optimized with the Yoast SEO plugin v25.3 - https:\/\/yoast.com\/wordpress\/plugins\/seo\/ -->\n<title>PTM Srl | WXs<\/title>\n<meta name=\"robots\" content=\"index, follow, max-snippet:-1, max-image-preview:large, max-video-preview:-1\" \/>\n<link rel=\"canonical\" href=\"https:\/\/ptmsrl.com\/de\/prodotto\/wxs\/\" \/>\n<meta property=\"og:locale\" content=\"de_DE\" \/>\n<meta property=\"og:type\" content=\"article\" \/>\n<meta property=\"og:title\" content=\"PTM Srl | WXs\" \/>\n<meta property=\"og:description\" content=\"P.0.-Wiegeeinrichtung Die Wiegeeinrichtung P.O. darf ausschliesslich als Bestandteil von nicht-automatischen Waagen verwendet werden. Jede weitere Verwendung gilt als missbr\u00e4uchlich. Die Waagen, die im eichpflichtigen Verkehr verwendet werden, m\u00fcssen den f\u00fcr den Aufstellort geltenden Bestimmungen \u00fcber Wiegen und Sicherheit entsprechen. Das Wiegesystem P.O. ist ein Messverst\u00e4rker f\u00fcr den Anschluss an Wiegesensoren und handels\u00fcblichen Waagen. Das Sensorensignal wird verst\u00e4rkt und digital umwandelt. Jede weitere Verarbeitungsphase erfolgt digital durch einen Mikroprozessor. Die vordere Folie besteht aus Qualit\u00e4tsmaterial und ist f\u00fcr den Einsatz im Au\u00dfenbereich geeignet.\" \/>\n<meta property=\"og:url\" content=\"https:\/\/ptmsrl.com\/de\/prodotto\/wxs\/\" \/>\n<meta property=\"og:site_name\" content=\"PTM Srl\" \/>\n<meta property=\"article:publisher\" content=\"https:\/\/www.facebook.com\/believingintechnology\/\" \/>\n<meta property=\"article:modified_time\" content=\"2019-07-22T14:14:18+00:00\" \/>\n<meta property=\"og:image\" content=\"https:\/\/ptmsrl.com\/wp-content\/uploads\/2018\/09\/WX20.jpg\" \/>\n\t<meta property=\"og:image:width\" content=\"1024\" \/>\n\t<meta property=\"og:image:height\" content=\"1024\" \/>\n\t<meta property=\"og:image:type\" content=\"image\/jpeg\" \/>\n<meta name=\"twitter:card\" content=\"summary_large_image\" \/>\n<meta name=\"twitter:site\" content=\"@ptm\" \/>\n<script type=\"application\/ld+json\" class=\"yoast-schema-graph\">{\"@context\":\"https:\/\/schema.org\",\"@graph\":[{\"@type\":\"WebPage\",\"@id\":\"https:\/\/ptmsrl.com\/de\/prodotto\/wxs\/\",\"url\":\"https:\/\/ptmsrl.com\/de\/prodotto\/wxs\/\",\"name\":\"PTM Srl | WXs\",\"isPartOf\":{\"@id\":\"https:\/\/ptmsrl.com\/#website\"},\"primaryImageOfPage\":{\"@id\":\"https:\/\/ptmsrl.com\/de\/prodotto\/wxs\/#primaryimage\"},\"image\":{\"@id\":\"https:\/\/ptmsrl.com\/de\/prodotto\/wxs\/#primaryimage\"},\"thumbnailUrl\":\"https:\/\/ptmsrl.com\/wp-content\/uploads\/2018\/09\/WX20.jpg\",\"datePublished\":\"2018-10-22T10:17:21+00:00\",\"dateModified\":\"2019-07-22T14:14:18+00:00\",\"breadcrumb\":{\"@id\":\"https:\/\/ptmsrl.com\/de\/prodotto\/wxs\/#breadcrumb\"},\"inLanguage\":\"de\",\"potentialAction\":[{\"@type\":\"ReadAction\",\"target\":[\"https:\/\/ptmsrl.com\/de\/prodotto\/wxs\/\"]}]},{\"@type\":\"ImageObject\",\"inLanguage\":\"de\",\"@id\":\"https:\/\/ptmsrl.com\/de\/prodotto\/wxs\/#primaryimage\",\"url\":\"https:\/\/ptmsrl.com\/wp-content\/uploads\/2018\/09\/WX20.jpg\",\"contentUrl\":\"https:\/\/ptmsrl.com\/wp-content\/uploads\/2018\/09\/WX20.jpg\",\"width\":1024,\"height\":1024,\"caption\":\"wx20\"},{\"@type\":\"BreadcrumbList\",\"@id\":\"https:\/\/ptmsrl.com\/de\/prodotto\/wxs\/#breadcrumb\",\"itemListElement\":[{\"@type\":\"ListItem\",\"position\":1,\"name\":\"Home\",\"item\":\"https:\/\/ptmsrl.com\/de\/\"},{\"@type\":\"ListItem\",\"position\":2,\"name\":\"Shop\",\"item\":\"https:\/\/ptmsrl.com\/shop\/\"},{\"@type\":\"ListItem\",\"position\":3,\"name\":\"WXs\"}]},{\"@type\":\"WebSite\",\"@id\":\"https:\/\/ptmsrl.com\/#website\",\"url\":\"https:\/\/ptmsrl.com\/\",\"name\":\"PTM Srl\",\"description\":\"\u041c\u042b \u041f\u0420\u041e\u0418\u0417\u0412\u041e\u0414\u0418\u041c \u041a\u0410\u0427\u0415\u0421\u0422\u0412\u041e, \u041a\u041e\u0422\u041e\u0420\u041e\u0415 \u0418\u041c\u0415\u0415\u0422 \u041e\u0421\u041e\u0411\u042b\u0419 \u0412\u0415\u0421\",\"publisher\":{\"@id\":\"https:\/\/ptmsrl.com\/#organization\"},\"potentialAction\":[{\"@type\":\"SearchAction\",\"target\":{\"@type\":\"EntryPoint\",\"urlTemplate\":\"https:\/\/ptmsrl.com\/?s={search_term_string}\"},\"query-input\":{\"@type\":\"PropertyValueSpecification\",\"valueRequired\":true,\"valueName\":\"search_term_string\"}}],\"inLanguage\":\"de\"},{\"@type\":\"Organization\",\"@id\":\"https:\/\/ptmsrl.com\/#organization\",\"name\":\"PTM srl\",\"url\":\"https:\/\/ptmsrl.com\/\",\"logo\":{\"@type\":\"ImageObject\",\"inLanguage\":\"de\",\"@id\":\"https:\/\/ptmsrl.com\/#\/schema\/logo\/image\/\",\"url\":\"https:\/\/ptmsrl.com\/wp-content\/uploads\/2018\/10\/LOGO-PTM.png\",\"contentUrl\":\"https:\/\/ptmsrl.com\/wp-content\/uploads\/2018\/10\/LOGO-PTM.png\",\"width\":1000,\"height\":500,\"caption\":\"PTM srl\"},\"image\":{\"@id\":\"https:\/\/ptmsrl.com\/#\/schema\/logo\/image\/\"},\"sameAs\":[\"https:\/\/www.facebook.com\/believingintechnology\/\",\"https:\/\/x.com\/ptm\",\"https:\/\/www.linkedin.com\/company\/ptm-s-r-l\/\",\"https:\/\/www.youtube.com\/channel\/UCPSOS0MaR-4jDkAD3HkAC7A\"]}]}<\/script>\n<!-- \/ Yoast SEO plugin. -->","yoast_head_json":{"title":"PTM Srl | WXs","robots":{"index":"index","follow":"follow","max-snippet":"max-snippet:-1","max-image-preview":"max-image-preview:large","max-video-preview":"max-video-preview:-1"},"canonical":"https:\/\/ptmsrl.com\/de\/prodotto\/wxs\/","og_locale":"de_DE","og_type":"article","og_title":"PTM Srl | WXs","og_description":"P.0.-Wiegeeinrichtung Die Wiegeeinrichtung P.O. darf ausschliesslich als Bestandteil von nicht-automatischen Waagen verwendet werden. Jede weitere Verwendung gilt als missbr\u00e4uchlich. Die Waagen, die im eichpflichtigen Verkehr verwendet werden, m\u00fcssen den f\u00fcr den Aufstellort geltenden Bestimmungen \u00fcber Wiegen und Sicherheit entsprechen. Das Wiegesystem P.O. ist ein Messverst\u00e4rker f\u00fcr den Anschluss an Wiegesensoren und handels\u00fcblichen Waagen. Das Sensorensignal wird verst\u00e4rkt und digital umwandelt. Jede weitere Verarbeitungsphase erfolgt digital durch einen Mikroprozessor. Die vordere Folie besteht aus Qualit\u00e4tsmaterial und ist f\u00fcr den Einsatz im Au\u00dfenbereich geeignet.","og_url":"https:\/\/ptmsrl.com\/de\/prodotto\/wxs\/","og_site_name":"PTM Srl","article_publisher":"https:\/\/www.facebook.com\/believingintechnology\/","article_modified_time":"2019-07-22T14:14:18+00:00","og_image":[{"width":1024,"height":1024,"url":"https:\/\/ptmsrl.com\/wp-content\/uploads\/2018\/09\/WX20.jpg","type":"image\/jpeg"}],"twitter_card":"summary_large_image","twitter_site":"@ptm","schema":{"@context":"https:\/\/schema.org","@graph":[{"@type":"WebPage","@id":"https:\/\/ptmsrl.com\/de\/prodotto\/wxs\/","url":"https:\/\/ptmsrl.com\/de\/prodotto\/wxs\/","name":"PTM Srl | WXs","isPartOf":{"@id":"https:\/\/ptmsrl.com\/#website"},"primaryImageOfPage":{"@id":"https:\/\/ptmsrl.com\/de\/prodotto\/wxs\/#primaryimage"},"image":{"@id":"https:\/\/ptmsrl.com\/de\/prodotto\/wxs\/#primaryimage"},"thumbnailUrl":"https:\/\/ptmsrl.com\/wp-content\/uploads\/2018\/09\/WX20.jpg","datePublished":"2018-10-22T10:17:21+00:00","dateModified":"2019-07-22T14:14:18+00:00","breadcrumb":{"@id":"https:\/\/ptmsrl.com\/de\/prodotto\/wxs\/#breadcrumb"},"inLanguage":"de","potentialAction":[{"@type":"ReadAction","target":["https:\/\/ptmsrl.com\/de\/prodotto\/wxs\/"]}]},{"@type":"ImageObject","inLanguage":"de","@id":"https:\/\/ptmsrl.com\/de\/prodotto\/wxs\/#primaryimage","url":"https:\/\/ptmsrl.com\/wp-content\/uploads\/2018\/09\/WX20.jpg","contentUrl":"https:\/\/ptmsrl.com\/wp-content\/uploads\/2018\/09\/WX20.jpg","width":1024,"height":1024,"caption":"wx20"},{"@type":"BreadcrumbList","@id":"https:\/\/ptmsrl.com\/de\/prodotto\/wxs\/#breadcrumb","itemListElement":[{"@type":"ListItem","position":1,"name":"Home","item":"https:\/\/ptmsrl.com\/de\/"},{"@type":"ListItem","position":2,"name":"Shop","item":"https:\/\/ptmsrl.com\/shop\/"},{"@type":"ListItem","position":3,"name":"WXs"}]},{"@type":"WebSite","@id":"https:\/\/ptmsrl.com\/#website","url":"https:\/\/ptmsrl.com\/","name":"PTM Srl","description":"\u041c\u042b \u041f\u0420\u041e\u0418\u0417\u0412\u041e\u0414\u0418\u041c \u041a\u0410\u0427\u0415\u0421\u0422\u0412\u041e, \u041a\u041e\u0422\u041e\u0420\u041e\u0415 \u0418\u041c\u0415\u0415\u0422 \u041e\u0421\u041e\u0411\u042b\u0419 \u0412\u0415\u0421","publisher":{"@id":"https:\/\/ptmsrl.com\/#organization"},"potentialAction":[{"@type":"SearchAction","target":{"@type":"EntryPoint","urlTemplate":"https:\/\/ptmsrl.com\/?s={search_term_string}"},"query-input":{"@type":"PropertyValueSpecification","valueRequired":true,"valueName":"search_term_string"}}],"inLanguage":"de"},{"@type":"Organization","@id":"https:\/\/ptmsrl.com\/#organization","name":"PTM srl","url":"https:\/\/ptmsrl.com\/","logo":{"@type":"ImageObject","inLanguage":"de","@id":"https:\/\/ptmsrl.com\/#\/schema\/logo\/image\/","url":"https:\/\/ptmsrl.com\/wp-content\/uploads\/2018\/10\/LOGO-PTM.png","contentUrl":"https:\/\/ptmsrl.com\/wp-content\/uploads\/2018\/10\/LOGO-PTM.png","width":1000,"height":500,"caption":"PTM srl"},"image":{"@id":"https:\/\/ptmsrl.com\/#\/schema\/logo\/image\/"},"sameAs":["https:\/\/www.facebook.com\/believingintechnology\/","https:\/\/x.com\/ptm","https:\/\/www.linkedin.com\/company\/ptm-s-r-l\/","https:\/\/www.youtube.com\/channel\/UCPSOS0MaR-4jDkAD3HkAC7A"]}]}},"_links":{"self":[{"href":"https:\/\/ptmsrl.com\/de\/wp-json\/wp\/v2\/product\/2256","targetHints":{"allow":["GET"]}}],"collection":[{"href":"https:\/\/ptmsrl.com\/de\/wp-json\/wp\/v2\/product"}],"about":[{"href":"https:\/\/ptmsrl.com\/de\/wp-json\/wp\/v2\/types\/product"}],"wp:featuredmedia":[{"embeddable":true,"href":"https:\/\/ptmsrl.com\/de\/wp-json\/wp\/v2\/media\/14456"}],"wp:attachment":[{"href":"https:\/\/ptmsrl.com\/de\/wp-json\/wp\/v2\/media?parent=2256"}],"wp:term":[{"taxonomy":"product_brand","embeddable":true,"href":"https:\/\/ptmsrl.com\/de\/wp-json\/wp\/v2\/product_brand?post=2256"},{"taxonomy":"product_cat","embeddable":true,"href":"https:\/\/ptmsrl.com\/de\/wp-json\/wp\/v2\/product_cat?post=2256"},{"taxonomy":"product_tag","embeddable":true,"href":"https:\/\/ptmsrl.com\/de\/wp-json\/wp\/v2\/product_tag?post=2256"}],"curies":[{"name":"wp","href":"https:\/\/api.w.org\/{rel}","templated":true}]}}