{"id":2288,"date":"2018-09-06T16:48:49","date_gmt":"2018-10-22T13:50:37","guid":{"rendered":"https:\/\/ptmsrl.com\/?post_type=product&#038;p=2288"},"modified":"2019-07-22T16:47:51","modified_gmt":"2019-07-22T14:47:51","slug":"tc10","status":"publish","type":"product","link":"https:\/\/ptmsrl.com\/de\/prodotto\/tc10\/","title":{"rendered":"TC10"},"content":{"rendered":"<ul>\n<li>User-Friendly Leitung<\/li>\n<li>Automatische und manuelle Arbeitsweise<\/li>\n<li>Ideal f\u00fcr die Messer von futtermischwagen<\/li>\n<li>Steuerung von den Unterbrechung- Arbeitszeiten der Ausg\u00e4ngen<\/li>\n<li>Steuerung von der Gesamtarbeitszeit in automatischen Modus<\/li>\n<li>Speicherung vom Arbeitsstand an die Abschaltung vom Wiegecomputer<\/li>\n<\/ul>\n","protected":false},"excerpt":{"rendered":"<h3><strong>Elektronische Einrichtung zur zeitgesteuerten Steuerung von zwei Ausg\u00e4nge<\/strong><\/h3>\n<p align=\"justify\">Elektronische Einrichtung zur zeitgesteuerten Steuerung von zwei Ausg\u00e4nge, ideal f\u00fcr Anwendungen wie z.B. die Steuerung von Messern der Futtermischwagen.<br \/>\nDer Wiegecomputer TC10 ist mit einem Display LED 16 Segmente und 6 Digits ausger\u00fcstet. Das Display hat h\u00f6he Lumineszenz und Helligkeit, die Steckverbindungen sind bei mit Goldkontakten ausgestattet. Weitere Merkmale sind \u00dcberspannungsschutz und Verpolungschutz am Eingang der Versorgungsspannung durch eine elektronische \u00dcberstromsicherung.<br \/>\nDer Wiegecomputer kann in automatischen oder manuellen Modus arbeiten. Insbesondere kann man im automatischen Modus die gesamte Arbeitszeit und die Arbeit- und Unterbrechungszeiten der Ausg\u00e4ngen einstellen.<\/p>\n","protected":false},"featured_media":14482,"template":"","meta":{"inline_featured_image":false},"product_brand":[],"product_cat":[158],"product_tag":[],"class_list":{"0":"post-2288","1":"product","2":"type-product","3":"status-publish","4":"has-post-thumbnail","6":"product_cat-benutzerdefinierte-loesungen","8":"first","9":"instock","10":"downloadable","11":"shipping-taxable","12":"product-type-simple"},"yoast_head":"<!-- This site is optimized with the Yoast SEO plugin v25.3 - https:\/\/yoast.com\/wordpress\/plugins\/seo\/ -->\n<title>PTM Srl | TC10<\/title>\n<meta name=\"robots\" content=\"index, follow, max-snippet:-1, max-image-preview:large, max-video-preview:-1\" \/>\n<link rel=\"canonical\" href=\"https:\/\/ptmsrl.com\/de\/prodotto\/tc10\/\" \/>\n<meta property=\"og:locale\" content=\"de_DE\" \/>\n<meta property=\"og:type\" content=\"article\" \/>\n<meta property=\"og:title\" content=\"PTM Srl | TC10\" \/>\n<meta property=\"og:description\" content=\"Elektronische Einrichtung zur zeitgesteuerten Steuerung von zwei Ausg\u00e4nge Elektronische Einrichtung zur zeitgesteuerten Steuerung von zwei Ausg\u00e4nge, ideal f\u00fcr Anwendungen wie z.B. die Steuerung von Messern der Futtermischwagen. Der Wiegecomputer TC10 ist mit einem Display LED 16 Segmente und 6 Digits ausger\u00fcstet. Das Display hat h\u00f6he Lumineszenz und Helligkeit, die Steckverbindungen sind bei mit Goldkontakten ausgestattet. Weitere Merkmale sind \u00dcberspannungsschutz und Verpolungschutz am Eingang der Versorgungsspannung durch eine elektronische \u00dcberstromsicherung. Der Wiegecomputer kann in automatischen oder manuellen Modus arbeiten. Insbesondere kann man im automatischen Modus die gesamte Arbeitszeit und die Arbeit- und Unterbrechungszeiten der Ausg\u00e4ngen einstellen.\" \/>\n<meta property=\"og:url\" content=\"https:\/\/ptmsrl.com\/de\/prodotto\/tc10\/\" \/>\n<meta property=\"og:site_name\" content=\"PTM Srl\" \/>\n<meta property=\"article:publisher\" content=\"https:\/\/www.facebook.com\/believingintechnology\/\" \/>\n<meta property=\"article:modified_time\" content=\"2019-07-22T14:47:51+00:00\" \/>\n<meta property=\"og:image\" content=\"https:\/\/ptmsrl.com\/wp-content\/uploads\/2018\/09\/TC-10-scFGCETC100001.jpg\" \/>\n\t<meta property=\"og:image:width\" content=\"1024\" \/>\n\t<meta property=\"og:image:height\" content=\"1024\" \/>\n\t<meta property=\"og:image:type\" content=\"image\/jpeg\" \/>\n<meta name=\"twitter:card\" content=\"summary_large_image\" \/>\n<meta name=\"twitter:site\" content=\"@ptm\" \/>\n<script type=\"application\/ld+json\" class=\"yoast-schema-graph\">{\"@context\":\"https:\/\/schema.org\",\"@graph\":[{\"@type\":\"WebPage\",\"@id\":\"https:\/\/ptmsrl.com\/de\/prodotto\/tc10\/\",\"url\":\"https:\/\/ptmsrl.com\/de\/prodotto\/tc10\/\",\"name\":\"PTM Srl | TC10\",\"isPartOf\":{\"@id\":\"https:\/\/ptmsrl.com\/#website\"},\"primaryImageOfPage\":{\"@id\":\"https:\/\/ptmsrl.com\/de\/prodotto\/tc10\/#primaryimage\"},\"image\":{\"@id\":\"https:\/\/ptmsrl.com\/de\/prodotto\/tc10\/#primaryimage\"},\"thumbnailUrl\":\"https:\/\/ptmsrl.com\/wp-content\/uploads\/2018\/09\/TC-10-scFGCETC100001.jpg\",\"datePublished\":\"2018-10-22T13:50:37+00:00\",\"dateModified\":\"2019-07-22T14:47:51+00:00\",\"breadcrumb\":{\"@id\":\"https:\/\/ptmsrl.com\/de\/prodotto\/tc10\/#breadcrumb\"},\"inLanguage\":\"de\",\"potentialAction\":[{\"@type\":\"ReadAction\",\"target\":[\"https:\/\/ptmsrl.com\/de\/prodotto\/tc10\/\"]}]},{\"@type\":\"ImageObject\",\"inLanguage\":\"de\",\"@id\":\"https:\/\/ptmsrl.com\/de\/prodotto\/tc10\/#primaryimage\",\"url\":\"https:\/\/ptmsrl.com\/wp-content\/uploads\/2018\/09\/TC-10-scFGCETC100001.jpg\",\"contentUrl\":\"https:\/\/ptmsrl.com\/wp-content\/uploads\/2018\/09\/TC-10-scFGCETC100001.jpg\",\"width\":1024,\"height\":1024,\"caption\":\"tc-10-scfgcetc100001\"},{\"@type\":\"BreadcrumbList\",\"@id\":\"https:\/\/ptmsrl.com\/de\/prodotto\/tc10\/#breadcrumb\",\"itemListElement\":[{\"@type\":\"ListItem\",\"position\":1,\"name\":\"Home\",\"item\":\"https:\/\/ptmsrl.com\/de\/\"},{\"@type\":\"ListItem\",\"position\":2,\"name\":\"Shop\",\"item\":\"https:\/\/ptmsrl.com\/shop\/\"},{\"@type\":\"ListItem\",\"position\":3,\"name\":\"TC10\"}]},{\"@type\":\"WebSite\",\"@id\":\"https:\/\/ptmsrl.com\/#website\",\"url\":\"https:\/\/ptmsrl.com\/\",\"name\":\"PTM Srl\",\"description\":\"\u041c\u042b \u041f\u0420\u041e\u0418\u0417\u0412\u041e\u0414\u0418\u041c \u041a\u0410\u0427\u0415\u0421\u0422\u0412\u041e, \u041a\u041e\u0422\u041e\u0420\u041e\u0415 \u0418\u041c\u0415\u0415\u0422 \u041e\u0421\u041e\u0411\u042b\u0419 \u0412\u0415\u0421\",\"publisher\":{\"@id\":\"https:\/\/ptmsrl.com\/#organization\"},\"potentialAction\":[{\"@type\":\"SearchAction\",\"target\":{\"@type\":\"EntryPoint\",\"urlTemplate\":\"https:\/\/ptmsrl.com\/?s={search_term_string}\"},\"query-input\":{\"@type\":\"PropertyValueSpecification\",\"valueRequired\":true,\"valueName\":\"search_term_string\"}}],\"inLanguage\":\"de\"},{\"@type\":\"Organization\",\"@id\":\"https:\/\/ptmsrl.com\/#organization\",\"name\":\"PTM srl\",\"url\":\"https:\/\/ptmsrl.com\/\",\"logo\":{\"@type\":\"ImageObject\",\"inLanguage\":\"de\",\"@id\":\"https:\/\/ptmsrl.com\/#\/schema\/logo\/image\/\",\"url\":\"https:\/\/ptmsrl.com\/wp-content\/uploads\/2018\/10\/LOGO-PTM.png\",\"contentUrl\":\"https:\/\/ptmsrl.com\/wp-content\/uploads\/2018\/10\/LOGO-PTM.png\",\"width\":1000,\"height\":500,\"caption\":\"PTM srl\"},\"image\":{\"@id\":\"https:\/\/ptmsrl.com\/#\/schema\/logo\/image\/\"},\"sameAs\":[\"https:\/\/www.facebook.com\/believingintechnology\/\",\"https:\/\/x.com\/ptm\",\"https:\/\/www.linkedin.com\/company\/ptm-s-r-l\/\",\"https:\/\/www.youtube.com\/channel\/UCPSOS0MaR-4jDkAD3HkAC7A\"]}]}<\/script>\n<!-- \/ Yoast SEO plugin. -->","yoast_head_json":{"title":"PTM Srl | TC10","robots":{"index":"index","follow":"follow","max-snippet":"max-snippet:-1","max-image-preview":"max-image-preview:large","max-video-preview":"max-video-preview:-1"},"canonical":"https:\/\/ptmsrl.com\/de\/prodotto\/tc10\/","og_locale":"de_DE","og_type":"article","og_title":"PTM Srl | TC10","og_description":"Elektronische Einrichtung zur zeitgesteuerten Steuerung von zwei Ausg\u00e4nge Elektronische Einrichtung zur zeitgesteuerten Steuerung von zwei Ausg\u00e4nge, ideal f\u00fcr Anwendungen wie z.B. die Steuerung von Messern der Futtermischwagen. Der Wiegecomputer TC10 ist mit einem Display LED 16 Segmente und 6 Digits ausger\u00fcstet. Das Display hat h\u00f6he Lumineszenz und Helligkeit, die Steckverbindungen sind bei mit Goldkontakten ausgestattet. Weitere Merkmale sind \u00dcberspannungsschutz und Verpolungschutz am Eingang der Versorgungsspannung durch eine elektronische \u00dcberstromsicherung. Der Wiegecomputer kann in automatischen oder manuellen Modus arbeiten. Insbesondere kann man im automatischen Modus die gesamte Arbeitszeit und die Arbeit- und Unterbrechungszeiten der Ausg\u00e4ngen einstellen.","og_url":"https:\/\/ptmsrl.com\/de\/prodotto\/tc10\/","og_site_name":"PTM Srl","article_publisher":"https:\/\/www.facebook.com\/believingintechnology\/","article_modified_time":"2019-07-22T14:47:51+00:00","og_image":[{"width":1024,"height":1024,"url":"https:\/\/ptmsrl.com\/wp-content\/uploads\/2018\/09\/TC-10-scFGCETC100001.jpg","type":"image\/jpeg"}],"twitter_card":"summary_large_image","twitter_site":"@ptm","schema":{"@context":"https:\/\/schema.org","@graph":[{"@type":"WebPage","@id":"https:\/\/ptmsrl.com\/de\/prodotto\/tc10\/","url":"https:\/\/ptmsrl.com\/de\/prodotto\/tc10\/","name":"PTM Srl | TC10","isPartOf":{"@id":"https:\/\/ptmsrl.com\/#website"},"primaryImageOfPage":{"@id":"https:\/\/ptmsrl.com\/de\/prodotto\/tc10\/#primaryimage"},"image":{"@id":"https:\/\/ptmsrl.com\/de\/prodotto\/tc10\/#primaryimage"},"thumbnailUrl":"https:\/\/ptmsrl.com\/wp-content\/uploads\/2018\/09\/TC-10-scFGCETC100001.jpg","datePublished":"2018-10-22T13:50:37+00:00","dateModified":"2019-07-22T14:47:51+00:00","breadcrumb":{"@id":"https:\/\/ptmsrl.com\/de\/prodotto\/tc10\/#breadcrumb"},"inLanguage":"de","potentialAction":[{"@type":"ReadAction","target":["https:\/\/ptmsrl.com\/de\/prodotto\/tc10\/"]}]},{"@type":"ImageObject","inLanguage":"de","@id":"https:\/\/ptmsrl.com\/de\/prodotto\/tc10\/#primaryimage","url":"https:\/\/ptmsrl.com\/wp-content\/uploads\/2018\/09\/TC-10-scFGCETC100001.jpg","contentUrl":"https:\/\/ptmsrl.com\/wp-content\/uploads\/2018\/09\/TC-10-scFGCETC100001.jpg","width":1024,"height":1024,"caption":"tc-10-scfgcetc100001"},{"@type":"BreadcrumbList","@id":"https:\/\/ptmsrl.com\/de\/prodotto\/tc10\/#breadcrumb","itemListElement":[{"@type":"ListItem","position":1,"name":"Home","item":"https:\/\/ptmsrl.com\/de\/"},{"@type":"ListItem","position":2,"name":"Shop","item":"https:\/\/ptmsrl.com\/shop\/"},{"@type":"ListItem","position":3,"name":"TC10"}]},{"@type":"WebSite","@id":"https:\/\/ptmsrl.com\/#website","url":"https:\/\/ptmsrl.com\/","name":"PTM Srl","description":"\u041c\u042b \u041f\u0420\u041e\u0418\u0417\u0412\u041e\u0414\u0418\u041c \u041a\u0410\u0427\u0415\u0421\u0422\u0412\u041e, \u041a\u041e\u0422\u041e\u0420\u041e\u0415 \u0418\u041c\u0415\u0415\u0422 \u041e\u0421\u041e\u0411\u042b\u0419 \u0412\u0415\u0421","publisher":{"@id":"https:\/\/ptmsrl.com\/#organization"},"potentialAction":[{"@type":"SearchAction","target":{"@type":"EntryPoint","urlTemplate":"https:\/\/ptmsrl.com\/?s={search_term_string}"},"query-input":{"@type":"PropertyValueSpecification","valueRequired":true,"valueName":"search_term_string"}}],"inLanguage":"de"},{"@type":"Organization","@id":"https:\/\/ptmsrl.com\/#organization","name":"PTM srl","url":"https:\/\/ptmsrl.com\/","logo":{"@type":"ImageObject","inLanguage":"de","@id":"https:\/\/ptmsrl.com\/#\/schema\/logo\/image\/","url":"https:\/\/ptmsrl.com\/wp-content\/uploads\/2018\/10\/LOGO-PTM.png","contentUrl":"https:\/\/ptmsrl.com\/wp-content\/uploads\/2018\/10\/LOGO-PTM.png","width":1000,"height":500,"caption":"PTM srl"},"image":{"@id":"https:\/\/ptmsrl.com\/#\/schema\/logo\/image\/"},"sameAs":["https:\/\/www.facebook.com\/believingintechnology\/","https:\/\/x.com\/ptm","https:\/\/www.linkedin.com\/company\/ptm-s-r-l\/","https:\/\/www.youtube.com\/channel\/UCPSOS0MaR-4jDkAD3HkAC7A"]}]}},"_links":{"self":[{"href":"https:\/\/ptmsrl.com\/de\/wp-json\/wp\/v2\/product\/2288","targetHints":{"allow":["GET"]}}],"collection":[{"href":"https:\/\/ptmsrl.com\/de\/wp-json\/wp\/v2\/product"}],"about":[{"href":"https:\/\/ptmsrl.com\/de\/wp-json\/wp\/v2\/types\/product"}],"wp:featuredmedia":[{"embeddable":true,"href":"https:\/\/ptmsrl.com\/de\/wp-json\/wp\/v2\/media\/14482"}],"wp:attachment":[{"href":"https:\/\/ptmsrl.com\/de\/wp-json\/wp\/v2\/media?parent=2288"}],"wp:term":[{"taxonomy":"product_brand","embeddable":true,"href":"https:\/\/ptmsrl.com\/de\/wp-json\/wp\/v2\/product_brand?post=2288"},{"taxonomy":"product_cat","embeddable":true,"href":"https:\/\/ptmsrl.com\/de\/wp-json\/wp\/v2\/product_cat?post=2288"},{"taxonomy":"product_tag","embeddable":true,"href":"https:\/\/ptmsrl.com\/de\/wp-json\/wp\/v2\/product_tag?post=2288"}],"curies":[{"name":"wp","href":"https:\/\/api.w.org\/{rel}","templated":true}]}}