{"id":2407,"date":"2018-09-07T09:35:57","date_gmt":"2018-10-25T08:04:35","guid":{"rendered":"https:\/\/ptmsrl.com\/?post_type=product&#038;p=2407"},"modified":"2025-05-26T15:10:18","modified_gmt":"2025-05-26T13:10:18","slug":"npk2","status":"publish","type":"product","link":"https:\/\/ptmsrl.com\/de\/prodotto\/npk2\/","title":{"rendered":"NPK2"},"content":{"rendered":"<ul>\n<li>Online Messung der N\u00e4hrstoffe<\/li>\n<li>Verwaltung von Kundennamen und Daten<\/li>\n<li>Anpassung der Messkurven durch mitgelieferte Software<\/li>\n<li>Speicherung der Messergebnisse und m\u00f6glicher Ausdruck<\/li>\n<\/ul>\n","protected":false},"excerpt":{"rendered":"<p>Der Artikel ist nicht mehr in Produktion.<br \/>\nIm folgenden Link geben wir das aktuellste Produktionsprodukt mit den gleichen Funktionen an.<br \/>\n<a href=\"https:\/\/ptmsrl.com\/de\/prodotto\/npk3\/\" target=\"Blank\" class=\"button primary is-primary is-medium\"  >\n\t\t<span>NPK3<\/span>\n\t<\/a>\n\n<hr>\n<h3><strong>Messger\u00e4t zur Inhaltsstoffmessung von G\u00fclle<\/strong><\/h3>\n<p aling=\"justify\">Der Fertimeter NPK2 wird zur Bestimmung des N\u00e4hrstoffinhaltes von G\u00fclle verwendet. Die Messeinheit kann fest an einer Maschine verbaut werden oder mit Akku und Handsonde auch als mobiles Ger\u00e4t verwendet werden.<\/p>\n<p aling=\"justify\">Durch eintauchen der Sonde in die G\u00fclle, werden direkt anhand der Leitf\u00e4higkeit folgende Inhaltsstoffe ermittelt: TKN \u2013 Gesamtstickstoff, N-NH4 \u2013 Ammoniumstickstoff, P2O2 \u2013 Phosphor und K2O \u2013 Kali. F\u00fcr Standard-G\u00fclle sind auf dem Messger\u00e4t verschiedene Kurven eingerichtet. Durch die mitgelieferten Software \u201eFertiData\u201c k\u00f6nnen anhand von Vergleichsmessungen neue angepasste Kurven berechnet und eingelesen werden.\n<\/p>\n<p aling=\"justify\">Um f\u00fcr jeden Einsatz die passende Sonde zu haben, k\u00f6nnen drei unterschiedliche Modelle ausgew\u00e4hlt werden: gro\u00dfe Handsonde mit Haltegriff, Fasseinbausonde und Laborsonde.<\/p>\n","protected":false},"featured_media":9998,"template":"","meta":{"inline_featured_image":false},"product_brand":[],"product_cat":[512],"product_tag":[],"class_list":{"0":"post-2407","1":"product","2":"type-product","3":"status-publish","4":"has-post-thumbnail","6":"product_cat-aktualisieren-sie-ihr-produkt-de-analyse","8":"first","9":"instock","10":"downloadable","11":"shipping-taxable","12":"product-type-simple"},"yoast_head":"<!-- This site is optimized with the Yoast SEO plugin v25.3 - https:\/\/yoast.com\/wordpress\/plugins\/seo\/ -->\n<title>PTM Srl | NPK2<\/title>\n<meta name=\"robots\" content=\"index, follow, max-snippet:-1, max-image-preview:large, max-video-preview:-1\" \/>\n<link rel=\"canonical\" href=\"https:\/\/ptmsrl.com\/de\/prodotto\/npk2\/\" \/>\n<meta property=\"og:locale\" content=\"de_DE\" \/>\n<meta property=\"og:type\" content=\"article\" \/>\n<meta property=\"og:title\" content=\"PTM Srl | NPK2\" \/>\n<meta property=\"og:description\" content=\"Der Artikel ist nicht mehr in Produktion. Im folgenden Link geben wir das aktuellste Produktionsprodukt mit den gleichen Funktionen an.   Messger\u00e4t zur Inhaltsstoffmessung von G\u00fclle Der Fertimeter NPK2 wird zur Bestimmung des N\u00e4hrstoffinhaltes von G\u00fclle verwendet. Die Messeinheit kann fest an einer Maschine verbaut werden oder mit Akku und Handsonde auch als mobiles Ger\u00e4t verwendet werden.  Durch eintauchen der Sonde in die G\u00fclle, werden direkt anhand der Leitf\u00e4higkeit folgende Inhaltsstoffe ermittelt: TKN \u2013 Gesamtstickstoff, N-NH4 \u2013 Ammoniumstickstoff, P2O2 \u2013 Phosphor und K2O \u2013 Kali. F\u00fcr Standard-G\u00fclle sind auf dem Messger\u00e4t verschiedene Kurven eingerichtet. Durch die mitgelieferten Software \u201eFertiData\u201c k\u00f6nnen anhand von Vergleichsmessungen neue angepasste Kurven berechnet und eingelesen werden.  Um f\u00fcr jeden Einsatz die passende Sonde zu haben, k\u00f6nnen drei unterschiedliche Modelle ausgew\u00e4hlt werden: gro\u00dfe Handsonde mit Haltegriff, Fasseinbausonde und Laborsonde.\" \/>\n<meta property=\"og:url\" content=\"https:\/\/ptmsrl.com\/de\/prodotto\/npk2\/\" \/>\n<meta property=\"og:site_name\" content=\"PTM Srl\" \/>\n<meta property=\"article:publisher\" content=\"https:\/\/www.facebook.com\/believingintechnology\/\" \/>\n<meta property=\"article:modified_time\" content=\"2025-05-26T13:10:18+00:00\" \/>\n<meta property=\"og:image\" content=\"https:\/\/ptmsrl.com\/wp-content\/uploads\/2018\/09\/NPK2.jpg\" \/>\n\t<meta property=\"og:image:width\" content=\"1024\" \/>\n\t<meta property=\"og:image:height\" content=\"1024\" \/>\n\t<meta property=\"og:image:type\" content=\"image\/jpeg\" \/>\n<meta name=\"twitter:card\" content=\"summary_large_image\" \/>\n<meta name=\"twitter:site\" content=\"@ptm\" \/>\n<meta name=\"twitter:label1\" content=\"Gesch\u00e4tzte Lesezeit\" \/>\n\t<meta name=\"twitter:data1\" content=\"1\u00a0Minute\" \/>\n<script type=\"application\/ld+json\" class=\"yoast-schema-graph\">{\"@context\":\"https:\/\/schema.org\",\"@graph\":[{\"@type\":\"WebPage\",\"@id\":\"https:\/\/ptmsrl.com\/de\/prodotto\/npk2\/\",\"url\":\"https:\/\/ptmsrl.com\/de\/prodotto\/npk2\/\",\"name\":\"PTM Srl | NPK2\",\"isPartOf\":{\"@id\":\"https:\/\/ptmsrl.com\/#website\"},\"primaryImageOfPage\":{\"@id\":\"https:\/\/ptmsrl.com\/de\/prodotto\/npk2\/#primaryimage\"},\"image\":{\"@id\":\"https:\/\/ptmsrl.com\/de\/prodotto\/npk2\/#primaryimage\"},\"thumbnailUrl\":\"https:\/\/ptmsrl.com\/wp-content\/uploads\/2018\/09\/NPK2.jpg\",\"datePublished\":\"2018-10-25T08:04:35+00:00\",\"dateModified\":\"2025-05-26T13:10:18+00:00\",\"breadcrumb\":{\"@id\":\"https:\/\/ptmsrl.com\/de\/prodotto\/npk2\/#breadcrumb\"},\"inLanguage\":\"de\",\"potentialAction\":[{\"@type\":\"ReadAction\",\"target\":[\"https:\/\/ptmsrl.com\/de\/prodotto\/npk2\/\"]}]},{\"@type\":\"ImageObject\",\"inLanguage\":\"de\",\"@id\":\"https:\/\/ptmsrl.com\/de\/prodotto\/npk2\/#primaryimage\",\"url\":\"https:\/\/ptmsrl.com\/wp-content\/uploads\/2018\/09\/NPK2.jpg\",\"contentUrl\":\"https:\/\/ptmsrl.com\/wp-content\/uploads\/2018\/09\/NPK2.jpg\",\"width\":1024,\"height\":1024,\"caption\":\"npk2\"},{\"@type\":\"BreadcrumbList\",\"@id\":\"https:\/\/ptmsrl.com\/de\/prodotto\/npk2\/#breadcrumb\",\"itemListElement\":[{\"@type\":\"ListItem\",\"position\":1,\"name\":\"Home\",\"item\":\"https:\/\/ptmsrl.com\/de\/\"},{\"@type\":\"ListItem\",\"position\":2,\"name\":\"Shop\",\"item\":\"https:\/\/ptmsrl.com\/shop\/\"},{\"@type\":\"ListItem\",\"position\":3,\"name\":\"NPK2\"}]},{\"@type\":\"WebSite\",\"@id\":\"https:\/\/ptmsrl.com\/#website\",\"url\":\"https:\/\/ptmsrl.com\/\",\"name\":\"PTM Srl\",\"description\":\"\u041c\u042b \u041f\u0420\u041e\u0418\u0417\u0412\u041e\u0414\u0418\u041c \u041a\u0410\u0427\u0415\u0421\u0422\u0412\u041e, \u041a\u041e\u0422\u041e\u0420\u041e\u0415 \u0418\u041c\u0415\u0415\u0422 \u041e\u0421\u041e\u0411\u042b\u0419 \u0412\u0415\u0421\",\"publisher\":{\"@id\":\"https:\/\/ptmsrl.com\/#organization\"},\"potentialAction\":[{\"@type\":\"SearchAction\",\"target\":{\"@type\":\"EntryPoint\",\"urlTemplate\":\"https:\/\/ptmsrl.com\/?s={search_term_string}\"},\"query-input\":{\"@type\":\"PropertyValueSpecification\",\"valueRequired\":true,\"valueName\":\"search_term_string\"}}],\"inLanguage\":\"de\"},{\"@type\":\"Organization\",\"@id\":\"https:\/\/ptmsrl.com\/#organization\",\"name\":\"PTM srl\",\"url\":\"https:\/\/ptmsrl.com\/\",\"logo\":{\"@type\":\"ImageObject\",\"inLanguage\":\"de\",\"@id\":\"https:\/\/ptmsrl.com\/#\/schema\/logo\/image\/\",\"url\":\"https:\/\/ptmsrl.com\/wp-content\/uploads\/2018\/10\/LOGO-PTM.png\",\"contentUrl\":\"https:\/\/ptmsrl.com\/wp-content\/uploads\/2018\/10\/LOGO-PTM.png\",\"width\":1000,\"height\":500,\"caption\":\"PTM srl\"},\"image\":{\"@id\":\"https:\/\/ptmsrl.com\/#\/schema\/logo\/image\/\"},\"sameAs\":[\"https:\/\/www.facebook.com\/believingintechnology\/\",\"https:\/\/x.com\/ptm\",\"https:\/\/www.linkedin.com\/company\/ptm-s-r-l\/\",\"https:\/\/www.youtube.com\/channel\/UCPSOS0MaR-4jDkAD3HkAC7A\"]}]}<\/script>\n<!-- \/ Yoast SEO plugin. -->","yoast_head_json":{"title":"PTM Srl | NPK2","robots":{"index":"index","follow":"follow","max-snippet":"max-snippet:-1","max-image-preview":"max-image-preview:large","max-video-preview":"max-video-preview:-1"},"canonical":"https:\/\/ptmsrl.com\/de\/prodotto\/npk2\/","og_locale":"de_DE","og_type":"article","og_title":"PTM Srl | NPK2","og_description":"Der Artikel ist nicht mehr in Produktion. Im folgenden Link geben wir das aktuellste Produktionsprodukt mit den gleichen Funktionen an.   Messger\u00e4t zur Inhaltsstoffmessung von G\u00fclle Der Fertimeter NPK2 wird zur Bestimmung des N\u00e4hrstoffinhaltes von G\u00fclle verwendet. Die Messeinheit kann fest an einer Maschine verbaut werden oder mit Akku und Handsonde auch als mobiles Ger\u00e4t verwendet werden.  Durch eintauchen der Sonde in die G\u00fclle, werden direkt anhand der Leitf\u00e4higkeit folgende Inhaltsstoffe ermittelt: TKN \u2013 Gesamtstickstoff, N-NH4 \u2013 Ammoniumstickstoff, P2O2 \u2013 Phosphor und K2O \u2013 Kali. F\u00fcr Standard-G\u00fclle sind auf dem Messger\u00e4t verschiedene Kurven eingerichtet. Durch die mitgelieferten Software \u201eFertiData\u201c k\u00f6nnen anhand von Vergleichsmessungen neue angepasste Kurven berechnet und eingelesen werden.  Um f\u00fcr jeden Einsatz die passende Sonde zu haben, k\u00f6nnen drei unterschiedliche Modelle ausgew\u00e4hlt werden: gro\u00dfe Handsonde mit Haltegriff, Fasseinbausonde und Laborsonde.","og_url":"https:\/\/ptmsrl.com\/de\/prodotto\/npk2\/","og_site_name":"PTM Srl","article_publisher":"https:\/\/www.facebook.com\/believingintechnology\/","article_modified_time":"2025-05-26T13:10:18+00:00","og_image":[{"width":1024,"height":1024,"url":"https:\/\/ptmsrl.com\/wp-content\/uploads\/2018\/09\/NPK2.jpg","type":"image\/jpeg"}],"twitter_card":"summary_large_image","twitter_site":"@ptm","twitter_misc":{"Gesch\u00e4tzte Lesezeit":"1\u00a0Minute"},"schema":{"@context":"https:\/\/schema.org","@graph":[{"@type":"WebPage","@id":"https:\/\/ptmsrl.com\/de\/prodotto\/npk2\/","url":"https:\/\/ptmsrl.com\/de\/prodotto\/npk2\/","name":"PTM Srl | NPK2","isPartOf":{"@id":"https:\/\/ptmsrl.com\/#website"},"primaryImageOfPage":{"@id":"https:\/\/ptmsrl.com\/de\/prodotto\/npk2\/#primaryimage"},"image":{"@id":"https:\/\/ptmsrl.com\/de\/prodotto\/npk2\/#primaryimage"},"thumbnailUrl":"https:\/\/ptmsrl.com\/wp-content\/uploads\/2018\/09\/NPK2.jpg","datePublished":"2018-10-25T08:04:35+00:00","dateModified":"2025-05-26T13:10:18+00:00","breadcrumb":{"@id":"https:\/\/ptmsrl.com\/de\/prodotto\/npk2\/#breadcrumb"},"inLanguage":"de","potentialAction":[{"@type":"ReadAction","target":["https:\/\/ptmsrl.com\/de\/prodotto\/npk2\/"]}]},{"@type":"ImageObject","inLanguage":"de","@id":"https:\/\/ptmsrl.com\/de\/prodotto\/npk2\/#primaryimage","url":"https:\/\/ptmsrl.com\/wp-content\/uploads\/2018\/09\/NPK2.jpg","contentUrl":"https:\/\/ptmsrl.com\/wp-content\/uploads\/2018\/09\/NPK2.jpg","width":1024,"height":1024,"caption":"npk2"},{"@type":"BreadcrumbList","@id":"https:\/\/ptmsrl.com\/de\/prodotto\/npk2\/#breadcrumb","itemListElement":[{"@type":"ListItem","position":1,"name":"Home","item":"https:\/\/ptmsrl.com\/de\/"},{"@type":"ListItem","position":2,"name":"Shop","item":"https:\/\/ptmsrl.com\/shop\/"},{"@type":"ListItem","position":3,"name":"NPK2"}]},{"@type":"WebSite","@id":"https:\/\/ptmsrl.com\/#website","url":"https:\/\/ptmsrl.com\/","name":"PTM Srl","description":"\u041c\u042b \u041f\u0420\u041e\u0418\u0417\u0412\u041e\u0414\u0418\u041c \u041a\u0410\u0427\u0415\u0421\u0422\u0412\u041e, \u041a\u041e\u0422\u041e\u0420\u041e\u0415 \u0418\u041c\u0415\u0415\u0422 \u041e\u0421\u041e\u0411\u042b\u0419 \u0412\u0415\u0421","publisher":{"@id":"https:\/\/ptmsrl.com\/#organization"},"potentialAction":[{"@type":"SearchAction","target":{"@type":"EntryPoint","urlTemplate":"https:\/\/ptmsrl.com\/?s={search_term_string}"},"query-input":{"@type":"PropertyValueSpecification","valueRequired":true,"valueName":"search_term_string"}}],"inLanguage":"de"},{"@type":"Organization","@id":"https:\/\/ptmsrl.com\/#organization","name":"PTM srl","url":"https:\/\/ptmsrl.com\/","logo":{"@type":"ImageObject","inLanguage":"de","@id":"https:\/\/ptmsrl.com\/#\/schema\/logo\/image\/","url":"https:\/\/ptmsrl.com\/wp-content\/uploads\/2018\/10\/LOGO-PTM.png","contentUrl":"https:\/\/ptmsrl.com\/wp-content\/uploads\/2018\/10\/LOGO-PTM.png","width":1000,"height":500,"caption":"PTM srl"},"image":{"@id":"https:\/\/ptmsrl.com\/#\/schema\/logo\/image\/"},"sameAs":["https:\/\/www.facebook.com\/believingintechnology\/","https:\/\/x.com\/ptm","https:\/\/www.linkedin.com\/company\/ptm-s-r-l\/","https:\/\/www.youtube.com\/channel\/UCPSOS0MaR-4jDkAD3HkAC7A"]}]}},"_links":{"self":[{"href":"https:\/\/ptmsrl.com\/de\/wp-json\/wp\/v2\/product\/2407","targetHints":{"allow":["GET"]}}],"collection":[{"href":"https:\/\/ptmsrl.com\/de\/wp-json\/wp\/v2\/product"}],"about":[{"href":"https:\/\/ptmsrl.com\/de\/wp-json\/wp\/v2\/types\/product"}],"wp:featuredmedia":[{"embeddable":true,"href":"https:\/\/ptmsrl.com\/de\/wp-json\/wp\/v2\/media\/9998"}],"wp:attachment":[{"href":"https:\/\/ptmsrl.com\/de\/wp-json\/wp\/v2\/media?parent=2407"}],"wp:term":[{"taxonomy":"product_brand","embeddable":true,"href":"https:\/\/ptmsrl.com\/de\/wp-json\/wp\/v2\/product_brand?post=2407"},{"taxonomy":"product_cat","embeddable":true,"href":"https:\/\/ptmsrl.com\/de\/wp-json\/wp\/v2\/product_cat?post=2407"},{"taxonomy":"product_tag","embeddable":true,"href":"https:\/\/ptmsrl.com\/de\/wp-json\/wp\/v2\/product_tag?post=2407"}],"curies":[{"name":"wp","href":"https:\/\/api.w.org\/{rel}","templated":true}]}}