{"id":2428,"date":"2018-10-24T12:20:20","date_gmt":"2018-10-25T08:28:17","guid":{"rendered":"https:\/\/ptmsrl.com\/?post_type=product&#038;p=2428"},"modified":"2020-07-13T18:21:45","modified_gmt":"2020-07-13T16:21:45","slug":"npk3","status":"publish","type":"product","link":"https:\/\/ptmsrl.com\/de\/prodotto\/npk3\/","title":{"rendered":"NPK3"},"content":{"rendered":"<ul>\n<li>Online Messung mit Temperaturkompensation folgender Parameter in kg\/m\u00b3:<br \/>\n&#8211; TKN Gesamtstickstoff<br \/>\n&#8211; NNH4 Ammoniumstickstoff<br \/>\n&#8211; P 205 &#8211; Phosphor<br \/>\n&#8211; K 20 &#8211; Kali<\/li>\n<li>Kalibrierungen f\u00fcr unterschiedliche G\u00fcllesorten m\u00f6glich<\/li>\n<li>Kundendatenbank<\/li>\n<li>Datenspeicherung und \u00dcbertragung per USB<\/li>\n<li>Ausdruck m\u00f6glich<\/li>\n<li>Justage per Software<\/li>\n<li>Akkubetriebf\u00fcr bis zu 20 Arbeitsstunden<\/li>\n<\/ul>\n","protected":false},"excerpt":{"rendered":"<h3><strong>EMessger\u00e4t zur Inhaltsstoffmessung von G\u00fclle<\/strong><\/h3>\n<p align=\"justify\">Der Fertimeter NPK 3 ist ein Messger\u00e4t zur Online Messung von Inhatsstoffen in der G\u00fclle. Mit dem Fertimeter NPK 3 ist es m\u00f6glich, jederzeit die richtige Menge an N\u00e4hrstoffen auszubringen und somit die Natur und Umwelt zu schonen bei optimaler Versorgung der Pflanzen.<\/p>\n","protected":false},"featured_media":24287,"template":"","meta":{"inline_featured_image":false},"product_brand":[],"product_cat":[163],"product_tag":[],"class_list":{"0":"post-2428","1":"product","2":"type-product","3":"status-publish","4":"has-post-thumbnail","6":"product_cat-analyse","8":"first","9":"instock","10":"downloadable","11":"shipping-taxable","12":"product-type-simple"},"yoast_head":"<!-- This site is optimized with the Yoast SEO plugin v25.3 - https:\/\/yoast.com\/wordpress\/plugins\/seo\/ -->\n<title>PTM Srl | NPK3<\/title>\n<meta name=\"robots\" content=\"index, follow, max-snippet:-1, max-image-preview:large, max-video-preview:-1\" \/>\n<link rel=\"canonical\" href=\"https:\/\/ptmsrl.com\/de\/prodotto\/npk3\/\" \/>\n<meta property=\"og:locale\" content=\"de_DE\" \/>\n<meta property=\"og:type\" content=\"article\" \/>\n<meta property=\"og:title\" content=\"PTM Srl | NPK3\" \/>\n<meta property=\"og:description\" content=\"EMessger\u00e4t zur Inhaltsstoffmessung von G\u00fclle  Der Fertimeter NPK 3 ist ein Messger\u00e4t zur Online Messung von Inhatsstoffen in der G\u00fclle. Mit dem Fertimeter NPK 3 ist es m\u00f6glich, jederzeit die richtige Menge an N\u00e4hrstoffen auszubringen und somit die Natur und Umwelt zu schonen bei optimaler Versorgung der Pflanzen.\" \/>\n<meta property=\"og:url\" content=\"https:\/\/ptmsrl.com\/de\/prodotto\/npk3\/\" \/>\n<meta property=\"og:site_name\" content=\"PTM Srl\" \/>\n<meta property=\"article:publisher\" content=\"https:\/\/www.facebook.com\/believingintechnology\/\" \/>\n<meta property=\"article:modified_time\" content=\"2020-07-13T16:21:45+00:00\" \/>\n<meta property=\"og:image\" content=\"https:\/\/ptmsrl.com\/wp-content\/uploads\/2018\/10\/NPK3-1.jpg\" \/>\n\t<meta property=\"og:image:width\" content=\"1024\" \/>\n\t<meta property=\"og:image:height\" content=\"1024\" \/>\n\t<meta property=\"og:image:type\" content=\"image\/jpeg\" \/>\n<meta name=\"twitter:card\" content=\"summary_large_image\" \/>\n<meta name=\"twitter:site\" content=\"@ptm\" \/>\n<script type=\"application\/ld+json\" class=\"yoast-schema-graph\">{\"@context\":\"https:\/\/schema.org\",\"@graph\":[{\"@type\":\"WebPage\",\"@id\":\"https:\/\/ptmsrl.com\/de\/prodotto\/npk3\/\",\"url\":\"https:\/\/ptmsrl.com\/de\/prodotto\/npk3\/\",\"name\":\"PTM Srl | NPK3\",\"isPartOf\":{\"@id\":\"https:\/\/ptmsrl.com\/#website\"},\"primaryImageOfPage\":{\"@id\":\"https:\/\/ptmsrl.com\/de\/prodotto\/npk3\/#primaryimage\"},\"image\":{\"@id\":\"https:\/\/ptmsrl.com\/de\/prodotto\/npk3\/#primaryimage\"},\"thumbnailUrl\":\"https:\/\/ptmsrl.com\/wp-content\/uploads\/2018\/10\/centralina-fertidata-npk3-ptmsrl.jpg\",\"datePublished\":\"2018-10-25T08:28:17+00:00\",\"dateModified\":\"2020-07-13T16:21:45+00:00\",\"breadcrumb\":{\"@id\":\"https:\/\/ptmsrl.com\/de\/prodotto\/npk3\/#breadcrumb\"},\"inLanguage\":\"de\",\"potentialAction\":[{\"@type\":\"ReadAction\",\"target\":[\"https:\/\/ptmsrl.com\/de\/prodotto\/npk3\/\"]}]},{\"@type\":\"ImageObject\",\"inLanguage\":\"de\",\"@id\":\"https:\/\/ptmsrl.com\/de\/prodotto\/npk3\/#primaryimage\",\"url\":\"https:\/\/ptmsrl.com\/wp-content\/uploads\/2018\/10\/centralina-fertidata-npk3-ptmsrl.jpg\",\"contentUrl\":\"https:\/\/ptmsrl.com\/wp-content\/uploads\/2018\/10\/centralina-fertidata-npk3-ptmsrl.jpg\",\"width\":1024,\"height\":1024},{\"@type\":\"BreadcrumbList\",\"@id\":\"https:\/\/ptmsrl.com\/de\/prodotto\/npk3\/#breadcrumb\",\"itemListElement\":[{\"@type\":\"ListItem\",\"position\":1,\"name\":\"Home\",\"item\":\"https:\/\/ptmsrl.com\/de\/\"},{\"@type\":\"ListItem\",\"position\":2,\"name\":\"Shop\",\"item\":\"https:\/\/ptmsrl.com\/shop\/\"},{\"@type\":\"ListItem\",\"position\":3,\"name\":\"NPK3\"}]},{\"@type\":\"WebSite\",\"@id\":\"https:\/\/ptmsrl.com\/#website\",\"url\":\"https:\/\/ptmsrl.com\/\",\"name\":\"PTM Srl\",\"description\":\"\u041c\u042b \u041f\u0420\u041e\u0418\u0417\u0412\u041e\u0414\u0418\u041c \u041a\u0410\u0427\u0415\u0421\u0422\u0412\u041e, \u041a\u041e\u0422\u041e\u0420\u041e\u0415 \u0418\u041c\u0415\u0415\u0422 \u041e\u0421\u041e\u0411\u042b\u0419 \u0412\u0415\u0421\",\"publisher\":{\"@id\":\"https:\/\/ptmsrl.com\/#organization\"},\"potentialAction\":[{\"@type\":\"SearchAction\",\"target\":{\"@type\":\"EntryPoint\",\"urlTemplate\":\"https:\/\/ptmsrl.com\/?s={search_term_string}\"},\"query-input\":{\"@type\":\"PropertyValueSpecification\",\"valueRequired\":true,\"valueName\":\"search_term_string\"}}],\"inLanguage\":\"de\"},{\"@type\":\"Organization\",\"@id\":\"https:\/\/ptmsrl.com\/#organization\",\"name\":\"PTM srl\",\"url\":\"https:\/\/ptmsrl.com\/\",\"logo\":{\"@type\":\"ImageObject\",\"inLanguage\":\"de\",\"@id\":\"https:\/\/ptmsrl.com\/#\/schema\/logo\/image\/\",\"url\":\"https:\/\/ptmsrl.com\/wp-content\/uploads\/2018\/10\/LOGO-PTM.png\",\"contentUrl\":\"https:\/\/ptmsrl.com\/wp-content\/uploads\/2018\/10\/LOGO-PTM.png\",\"width\":1000,\"height\":500,\"caption\":\"PTM srl\"},\"image\":{\"@id\":\"https:\/\/ptmsrl.com\/#\/schema\/logo\/image\/\"},\"sameAs\":[\"https:\/\/www.facebook.com\/believingintechnology\/\",\"https:\/\/x.com\/ptm\",\"https:\/\/www.linkedin.com\/company\/ptm-s-r-l\/\",\"https:\/\/www.youtube.com\/channel\/UCPSOS0MaR-4jDkAD3HkAC7A\"]}]}<\/script>\n<!-- \/ Yoast SEO plugin. -->","yoast_head_json":{"title":"PTM Srl | NPK3","robots":{"index":"index","follow":"follow","max-snippet":"max-snippet:-1","max-image-preview":"max-image-preview:large","max-video-preview":"max-video-preview:-1"},"canonical":"https:\/\/ptmsrl.com\/de\/prodotto\/npk3\/","og_locale":"de_DE","og_type":"article","og_title":"PTM Srl | NPK3","og_description":"EMessger\u00e4t zur Inhaltsstoffmessung von G\u00fclle  Der Fertimeter NPK 3 ist ein Messger\u00e4t zur Online Messung von Inhatsstoffen in der G\u00fclle. Mit dem Fertimeter NPK 3 ist es m\u00f6glich, jederzeit die richtige Menge an N\u00e4hrstoffen auszubringen und somit die Natur und Umwelt zu schonen bei optimaler Versorgung der Pflanzen.","og_url":"https:\/\/ptmsrl.com\/de\/prodotto\/npk3\/","og_site_name":"PTM Srl","article_publisher":"https:\/\/www.facebook.com\/believingintechnology\/","article_modified_time":"2020-07-13T16:21:45+00:00","og_image":[{"width":1024,"height":1024,"url":"https:\/\/ptmsrl.com\/wp-content\/uploads\/2018\/10\/NPK3-1.jpg","type":"image\/jpeg"}],"twitter_card":"summary_large_image","twitter_site":"@ptm","schema":{"@context":"https:\/\/schema.org","@graph":[{"@type":"WebPage","@id":"https:\/\/ptmsrl.com\/de\/prodotto\/npk3\/","url":"https:\/\/ptmsrl.com\/de\/prodotto\/npk3\/","name":"PTM Srl | NPK3","isPartOf":{"@id":"https:\/\/ptmsrl.com\/#website"},"primaryImageOfPage":{"@id":"https:\/\/ptmsrl.com\/de\/prodotto\/npk3\/#primaryimage"},"image":{"@id":"https:\/\/ptmsrl.com\/de\/prodotto\/npk3\/#primaryimage"},"thumbnailUrl":"https:\/\/ptmsrl.com\/wp-content\/uploads\/2018\/10\/centralina-fertidata-npk3-ptmsrl.jpg","datePublished":"2018-10-25T08:28:17+00:00","dateModified":"2020-07-13T16:21:45+00:00","breadcrumb":{"@id":"https:\/\/ptmsrl.com\/de\/prodotto\/npk3\/#breadcrumb"},"inLanguage":"de","potentialAction":[{"@type":"ReadAction","target":["https:\/\/ptmsrl.com\/de\/prodotto\/npk3\/"]}]},{"@type":"ImageObject","inLanguage":"de","@id":"https:\/\/ptmsrl.com\/de\/prodotto\/npk3\/#primaryimage","url":"https:\/\/ptmsrl.com\/wp-content\/uploads\/2018\/10\/centralina-fertidata-npk3-ptmsrl.jpg","contentUrl":"https:\/\/ptmsrl.com\/wp-content\/uploads\/2018\/10\/centralina-fertidata-npk3-ptmsrl.jpg","width":1024,"height":1024},{"@type":"BreadcrumbList","@id":"https:\/\/ptmsrl.com\/de\/prodotto\/npk3\/#breadcrumb","itemListElement":[{"@type":"ListItem","position":1,"name":"Home","item":"https:\/\/ptmsrl.com\/de\/"},{"@type":"ListItem","position":2,"name":"Shop","item":"https:\/\/ptmsrl.com\/shop\/"},{"@type":"ListItem","position":3,"name":"NPK3"}]},{"@type":"WebSite","@id":"https:\/\/ptmsrl.com\/#website","url":"https:\/\/ptmsrl.com\/","name":"PTM Srl","description":"\u041c\u042b \u041f\u0420\u041e\u0418\u0417\u0412\u041e\u0414\u0418\u041c \u041a\u0410\u0427\u0415\u0421\u0422\u0412\u041e, \u041a\u041e\u0422\u041e\u0420\u041e\u0415 \u0418\u041c\u0415\u0415\u0422 \u041e\u0421\u041e\u0411\u042b\u0419 \u0412\u0415\u0421","publisher":{"@id":"https:\/\/ptmsrl.com\/#organization"},"potentialAction":[{"@type":"SearchAction","target":{"@type":"EntryPoint","urlTemplate":"https:\/\/ptmsrl.com\/?s={search_term_string}"},"query-input":{"@type":"PropertyValueSpecification","valueRequired":true,"valueName":"search_term_string"}}],"inLanguage":"de"},{"@type":"Organization","@id":"https:\/\/ptmsrl.com\/#organization","name":"PTM srl","url":"https:\/\/ptmsrl.com\/","logo":{"@type":"ImageObject","inLanguage":"de","@id":"https:\/\/ptmsrl.com\/#\/schema\/logo\/image\/","url":"https:\/\/ptmsrl.com\/wp-content\/uploads\/2018\/10\/LOGO-PTM.png","contentUrl":"https:\/\/ptmsrl.com\/wp-content\/uploads\/2018\/10\/LOGO-PTM.png","width":1000,"height":500,"caption":"PTM srl"},"image":{"@id":"https:\/\/ptmsrl.com\/#\/schema\/logo\/image\/"},"sameAs":["https:\/\/www.facebook.com\/believingintechnology\/","https:\/\/x.com\/ptm","https:\/\/www.linkedin.com\/company\/ptm-s-r-l\/","https:\/\/www.youtube.com\/channel\/UCPSOS0MaR-4jDkAD3HkAC7A"]}]}},"_links":{"self":[{"href":"https:\/\/ptmsrl.com\/de\/wp-json\/wp\/v2\/product\/2428","targetHints":{"allow":["GET"]}}],"collection":[{"href":"https:\/\/ptmsrl.com\/de\/wp-json\/wp\/v2\/product"}],"about":[{"href":"https:\/\/ptmsrl.com\/de\/wp-json\/wp\/v2\/types\/product"}],"wp:featuredmedia":[{"embeddable":true,"href":"https:\/\/ptmsrl.com\/de\/wp-json\/wp\/v2\/media\/24287"}],"wp:attachment":[{"href":"https:\/\/ptmsrl.com\/de\/wp-json\/wp\/v2\/media?parent=2428"}],"wp:term":[{"taxonomy":"product_brand","embeddable":true,"href":"https:\/\/ptmsrl.com\/de\/wp-json\/wp\/v2\/product_brand?post=2428"},{"taxonomy":"product_cat","embeddable":true,"href":"https:\/\/ptmsrl.com\/de\/wp-json\/wp\/v2\/product_cat?post=2428"},{"taxonomy":"product_tag","embeddable":true,"href":"https:\/\/ptmsrl.com\/de\/wp-json\/wp\/v2\/product_tag?post=2428"}],"curies":[{"name":"wp","href":"https:\/\/api.w.org\/{rel}","templated":true}]}}