{"id":24655,"date":"2024-05-09T10:48:24","date_gmt":"2024-05-09T08:48:24","guid":{"rendered":"https:\/\/ptmsrl.com\/?post_type=product&#038;p=24655"},"modified":"2024-05-29T10:31:25","modified_gmt":"2024-05-29T08:31:25","slug":"pd10-20-com-series","status":"publish","type":"product","link":"https:\/\/ptmsrl.com\/de\/prodotto\/pd10-20-com-series\/","title":{"rendered":"PD10-20\/COM SERIES"},"content":{"rendered":"","protected":false},"excerpt":{"rendered":"<h4>Die Steuerger\u00e4te PD10 SERIES, PD20 SERIES und PDCOM SERIES wurden speziell f\u00fcr das industrielle Wiegen entwickelt.<br \/>\nSie sind mit Protokollen und Analogausg\u00e4ngen f\u00fcr den Anschluss an die SPS ausgestattet. Dar\u00fcber hinaus k\u00f6nnen sie mit Repeater-Anzeigen und anderem Zubeh\u00f6r ausgestattet werden.<\/h4>\n<p><strong>Die Steuerger\u00e4te PD10 SERIES und PD20 SERIES<\/strong> wandeln das Ausgangsgewicht um 4-20 mA (oder 0-20 mA) um.<br \/>\nBei der PD20 SERIES sind die beiden Gewichtswerte per Tastatur w\u00e4hlbar. Die PDCOM SERIES konvertiert den Gewichtswert am Ausgang Can-Bus. Sie k\u00f6nnen f\u00fcr die Montage auf Omega\/DIN-Balken mit Vorder- oder R\u00fcckseite oder in einem wasserdichten Geh\u00e4use verwendet werden. Anschluss von 1 oder 2 Sensorgruppen und Anzeige des auf dem alphanumerischen LCD-Display ermittelten Gewichts. Teillasten k\u00f6nnen an jeder Waage durchgef\u00fchrt werden, indem das Gewicht visuell erkannt wird.<\/p>\n","protected":false},"featured_media":24664,"template":"","meta":{"inline_featured_image":false},"product_brand":[],"product_cat":[156],"product_tag":[],"class_list":{"0":"post-24655","1":"product","2":"type-product","3":"status-publish","4":"has-post-thumbnail","6":"product_cat-pd-series","8":"first","9":"instock","10":"shipping-taxable","11":"product-type-simple"},"yoast_head":"<!-- This site is optimized with the Yoast SEO plugin v25.3 - https:\/\/yoast.com\/wordpress\/plugins\/seo\/ -->\n<title>PTM Srl | PD10-20\/COM SERIES<\/title>\n<meta name=\"robots\" content=\"index, follow, max-snippet:-1, max-image-preview:large, max-video-preview:-1\" \/>\n<link rel=\"canonical\" href=\"https:\/\/ptmsrl.com\/de\/prodotto\/pd10-20-com-series\/\" \/>\n<meta property=\"og:locale\" content=\"de_DE\" \/>\n<meta property=\"og:type\" content=\"article\" \/>\n<meta property=\"og:title\" content=\"PTM Srl | PD10-20\/COM SERIES\" \/>\n<meta property=\"og:description\" content=\"Die Steuerger\u00e4te PD10 SERIES, PD20 SERIES und PDCOM SERIES wurden speziell f\u00fcr das industrielle Wiegen entwickelt.  Sie sind mit Protokollen und Analogausg\u00e4ngen f\u00fcr den Anschluss an die SPS ausgestattet. Dar\u00fcber hinaus k\u00f6nnen sie mit Repeater-Anzeigen und anderem Zubeh\u00f6r ausgestattet werden.  Die Steuerger\u00e4te PD10 SERIES und PD20 SERIES wandeln das Ausgangsgewicht um 4-20 mA (oder 0-20 mA) um.  Bei der PD20 SERIES sind die beiden Gewichtswerte per Tastatur w\u00e4hlbar. Die PDCOM SERIES konvertiert den Gewichtswert am Ausgang Can-Bus. Sie k\u00f6nnen f\u00fcr die Montage auf Omega\/DIN-Balken mit Vorder- oder R\u00fcckseite oder in einem wasserdichten Geh\u00e4use verwendet werden. Anschluss von 1 oder 2 Sensorgruppen und Anzeige des auf dem alphanumerischen LCD-Display ermittelten Gewichts. Teillasten k\u00f6nnen an jeder Waage durchgef\u00fchrt werden, indem das Gewicht visuell erkannt wird.\" \/>\n<meta property=\"og:url\" content=\"https:\/\/ptmsrl.com\/de\/prodotto\/pd10-20-com-series\/\" \/>\n<meta property=\"og:site_name\" content=\"PTM Srl\" \/>\n<meta property=\"article:publisher\" content=\"https:\/\/www.facebook.com\/believingintechnology\/\" \/>\n<meta property=\"article:modified_time\" content=\"2024-05-29T08:31:25+00:00\" \/>\n<meta property=\"og:image\" content=\"https:\/\/ptmsrl.com\/wp-content\/uploads\/2024\/05\/centralina-industriale-ptm-pd-10-20-com-series.jpg\" \/>\n\t<meta property=\"og:image:width\" content=\"1024\" \/>\n\t<meta property=\"og:image:height\" content=\"1024\" \/>\n\t<meta property=\"og:image:type\" content=\"image\/jpeg\" \/>\n<meta name=\"twitter:card\" content=\"summary_large_image\" \/>\n<meta name=\"twitter:site\" content=\"@ptm\" \/>\n<meta name=\"twitter:label1\" content=\"Gesch\u00e4tzte Lesezeit\" \/>\n\t<meta name=\"twitter:data1\" content=\"1\u00a0Minute\" \/>\n<script type=\"application\/ld+json\" class=\"yoast-schema-graph\">{\"@context\":\"https:\/\/schema.org\",\"@graph\":[{\"@type\":\"WebPage\",\"@id\":\"https:\/\/ptmsrl.com\/de\/prodotto\/pd10-20-com-series\/\",\"url\":\"https:\/\/ptmsrl.com\/de\/prodotto\/pd10-20-com-series\/\",\"name\":\"PTM Srl | PD10-20\/COM SERIES\",\"isPartOf\":{\"@id\":\"https:\/\/ptmsrl.com\/#website\"},\"primaryImageOfPage\":{\"@id\":\"https:\/\/ptmsrl.com\/de\/prodotto\/pd10-20-com-series\/#primaryimage\"},\"image\":{\"@id\":\"https:\/\/ptmsrl.com\/de\/prodotto\/pd10-20-com-series\/#primaryimage\"},\"thumbnailUrl\":\"https:\/\/ptmsrl.com\/wp-content\/uploads\/2024\/05\/centralina-industriale-ptm-pd-10-20-com-series.jpg\",\"datePublished\":\"2024-05-09T08:48:24+00:00\",\"dateModified\":\"2024-05-29T08:31:25+00:00\",\"breadcrumb\":{\"@id\":\"https:\/\/ptmsrl.com\/de\/prodotto\/pd10-20-com-series\/#breadcrumb\"},\"inLanguage\":\"de\",\"potentialAction\":[{\"@type\":\"ReadAction\",\"target\":[\"https:\/\/ptmsrl.com\/de\/prodotto\/pd10-20-com-series\/\"]}]},{\"@type\":\"ImageObject\",\"inLanguage\":\"de\",\"@id\":\"https:\/\/ptmsrl.com\/de\/prodotto\/pd10-20-com-series\/#primaryimage\",\"url\":\"https:\/\/ptmsrl.com\/wp-content\/uploads\/2024\/05\/centralina-industriale-ptm-pd-10-20-com-series.jpg\",\"contentUrl\":\"https:\/\/ptmsrl.com\/wp-content\/uploads\/2024\/05\/centralina-industriale-ptm-pd-10-20-com-series.jpg\",\"width\":1024,\"height\":1024},{\"@type\":\"BreadcrumbList\",\"@id\":\"https:\/\/ptmsrl.com\/de\/prodotto\/pd10-20-com-series\/#breadcrumb\",\"itemListElement\":[{\"@type\":\"ListItem\",\"position\":1,\"name\":\"Home\",\"item\":\"https:\/\/ptmsrl.com\/de\/\"},{\"@type\":\"ListItem\",\"position\":2,\"name\":\"Shop\",\"item\":\"https:\/\/ptmsrl.com\/shop\/\"},{\"@type\":\"ListItem\",\"position\":3,\"name\":\"PD10-20\/COM SERIES\"}]},{\"@type\":\"WebSite\",\"@id\":\"https:\/\/ptmsrl.com\/#website\",\"url\":\"https:\/\/ptmsrl.com\/\",\"name\":\"PTM Srl\",\"description\":\"\u041c\u042b \u041f\u0420\u041e\u0418\u0417\u0412\u041e\u0414\u0418\u041c \u041a\u0410\u0427\u0415\u0421\u0422\u0412\u041e, \u041a\u041e\u0422\u041e\u0420\u041e\u0415 \u0418\u041c\u0415\u0415\u0422 \u041e\u0421\u041e\u0411\u042b\u0419 \u0412\u0415\u0421\",\"publisher\":{\"@id\":\"https:\/\/ptmsrl.com\/#organization\"},\"potentialAction\":[{\"@type\":\"SearchAction\",\"target\":{\"@type\":\"EntryPoint\",\"urlTemplate\":\"https:\/\/ptmsrl.com\/?s={search_term_string}\"},\"query-input\":{\"@type\":\"PropertyValueSpecification\",\"valueRequired\":true,\"valueName\":\"search_term_string\"}}],\"inLanguage\":\"de\"},{\"@type\":\"Organization\",\"@id\":\"https:\/\/ptmsrl.com\/#organization\",\"name\":\"PTM srl\",\"url\":\"https:\/\/ptmsrl.com\/\",\"logo\":{\"@type\":\"ImageObject\",\"inLanguage\":\"de\",\"@id\":\"https:\/\/ptmsrl.com\/#\/schema\/logo\/image\/\",\"url\":\"https:\/\/ptmsrl.com\/wp-content\/uploads\/2018\/10\/LOGO-PTM.png\",\"contentUrl\":\"https:\/\/ptmsrl.com\/wp-content\/uploads\/2018\/10\/LOGO-PTM.png\",\"width\":1000,\"height\":500,\"caption\":\"PTM srl\"},\"image\":{\"@id\":\"https:\/\/ptmsrl.com\/#\/schema\/logo\/image\/\"},\"sameAs\":[\"https:\/\/www.facebook.com\/believingintechnology\/\",\"https:\/\/x.com\/ptm\",\"https:\/\/www.linkedin.com\/company\/ptm-s-r-l\/\",\"https:\/\/www.youtube.com\/channel\/UCPSOS0MaR-4jDkAD3HkAC7A\"]}]}<\/script>\n<!-- \/ Yoast SEO plugin. -->","yoast_head_json":{"title":"PTM Srl | PD10-20\/COM SERIES","robots":{"index":"index","follow":"follow","max-snippet":"max-snippet:-1","max-image-preview":"max-image-preview:large","max-video-preview":"max-video-preview:-1"},"canonical":"https:\/\/ptmsrl.com\/de\/prodotto\/pd10-20-com-series\/","og_locale":"de_DE","og_type":"article","og_title":"PTM Srl | PD10-20\/COM SERIES","og_description":"Die Steuerger\u00e4te PD10 SERIES, PD20 SERIES und PDCOM SERIES wurden speziell f\u00fcr das industrielle Wiegen entwickelt.  Sie sind mit Protokollen und Analogausg\u00e4ngen f\u00fcr den Anschluss an die SPS ausgestattet. Dar\u00fcber hinaus k\u00f6nnen sie mit Repeater-Anzeigen und anderem Zubeh\u00f6r ausgestattet werden.  Die Steuerger\u00e4te PD10 SERIES und PD20 SERIES wandeln das Ausgangsgewicht um 4-20 mA (oder 0-20 mA) um.  Bei der PD20 SERIES sind die beiden Gewichtswerte per Tastatur w\u00e4hlbar. Die PDCOM SERIES konvertiert den Gewichtswert am Ausgang Can-Bus. Sie k\u00f6nnen f\u00fcr die Montage auf Omega\/DIN-Balken mit Vorder- oder R\u00fcckseite oder in einem wasserdichten Geh\u00e4use verwendet werden. Anschluss von 1 oder 2 Sensorgruppen und Anzeige des auf dem alphanumerischen LCD-Display ermittelten Gewichts. Teillasten k\u00f6nnen an jeder Waage durchgef\u00fchrt werden, indem das Gewicht visuell erkannt wird.","og_url":"https:\/\/ptmsrl.com\/de\/prodotto\/pd10-20-com-series\/","og_site_name":"PTM Srl","article_publisher":"https:\/\/www.facebook.com\/believingintechnology\/","article_modified_time":"2024-05-29T08:31:25+00:00","og_image":[{"width":1024,"height":1024,"url":"https:\/\/ptmsrl.com\/wp-content\/uploads\/2024\/05\/centralina-industriale-ptm-pd-10-20-com-series.jpg","type":"image\/jpeg"}],"twitter_card":"summary_large_image","twitter_site":"@ptm","twitter_misc":{"Gesch\u00e4tzte Lesezeit":"1\u00a0Minute"},"schema":{"@context":"https:\/\/schema.org","@graph":[{"@type":"WebPage","@id":"https:\/\/ptmsrl.com\/de\/prodotto\/pd10-20-com-series\/","url":"https:\/\/ptmsrl.com\/de\/prodotto\/pd10-20-com-series\/","name":"PTM Srl | PD10-20\/COM SERIES","isPartOf":{"@id":"https:\/\/ptmsrl.com\/#website"},"primaryImageOfPage":{"@id":"https:\/\/ptmsrl.com\/de\/prodotto\/pd10-20-com-series\/#primaryimage"},"image":{"@id":"https:\/\/ptmsrl.com\/de\/prodotto\/pd10-20-com-series\/#primaryimage"},"thumbnailUrl":"https:\/\/ptmsrl.com\/wp-content\/uploads\/2024\/05\/centralina-industriale-ptm-pd-10-20-com-series.jpg","datePublished":"2024-05-09T08:48:24+00:00","dateModified":"2024-05-29T08:31:25+00:00","breadcrumb":{"@id":"https:\/\/ptmsrl.com\/de\/prodotto\/pd10-20-com-series\/#breadcrumb"},"inLanguage":"de","potentialAction":[{"@type":"ReadAction","target":["https:\/\/ptmsrl.com\/de\/prodotto\/pd10-20-com-series\/"]}]},{"@type":"ImageObject","inLanguage":"de","@id":"https:\/\/ptmsrl.com\/de\/prodotto\/pd10-20-com-series\/#primaryimage","url":"https:\/\/ptmsrl.com\/wp-content\/uploads\/2024\/05\/centralina-industriale-ptm-pd-10-20-com-series.jpg","contentUrl":"https:\/\/ptmsrl.com\/wp-content\/uploads\/2024\/05\/centralina-industriale-ptm-pd-10-20-com-series.jpg","width":1024,"height":1024},{"@type":"BreadcrumbList","@id":"https:\/\/ptmsrl.com\/de\/prodotto\/pd10-20-com-series\/#breadcrumb","itemListElement":[{"@type":"ListItem","position":1,"name":"Home","item":"https:\/\/ptmsrl.com\/de\/"},{"@type":"ListItem","position":2,"name":"Shop","item":"https:\/\/ptmsrl.com\/shop\/"},{"@type":"ListItem","position":3,"name":"PD10-20\/COM SERIES"}]},{"@type":"WebSite","@id":"https:\/\/ptmsrl.com\/#website","url":"https:\/\/ptmsrl.com\/","name":"PTM Srl","description":"\u041c\u042b \u041f\u0420\u041e\u0418\u0417\u0412\u041e\u0414\u0418\u041c \u041a\u0410\u0427\u0415\u0421\u0422\u0412\u041e, \u041a\u041e\u0422\u041e\u0420\u041e\u0415 \u0418\u041c\u0415\u0415\u0422 \u041e\u0421\u041e\u0411\u042b\u0419 \u0412\u0415\u0421","publisher":{"@id":"https:\/\/ptmsrl.com\/#organization"},"potentialAction":[{"@type":"SearchAction","target":{"@type":"EntryPoint","urlTemplate":"https:\/\/ptmsrl.com\/?s={search_term_string}"},"query-input":{"@type":"PropertyValueSpecification","valueRequired":true,"valueName":"search_term_string"}}],"inLanguage":"de"},{"@type":"Organization","@id":"https:\/\/ptmsrl.com\/#organization","name":"PTM srl","url":"https:\/\/ptmsrl.com\/","logo":{"@type":"ImageObject","inLanguage":"de","@id":"https:\/\/ptmsrl.com\/#\/schema\/logo\/image\/","url":"https:\/\/ptmsrl.com\/wp-content\/uploads\/2018\/10\/LOGO-PTM.png","contentUrl":"https:\/\/ptmsrl.com\/wp-content\/uploads\/2018\/10\/LOGO-PTM.png","width":1000,"height":500,"caption":"PTM srl"},"image":{"@id":"https:\/\/ptmsrl.com\/#\/schema\/logo\/image\/"},"sameAs":["https:\/\/www.facebook.com\/believingintechnology\/","https:\/\/x.com\/ptm","https:\/\/www.linkedin.com\/company\/ptm-s-r-l\/","https:\/\/www.youtube.com\/channel\/UCPSOS0MaR-4jDkAD3HkAC7A"]}]}},"_links":{"self":[{"href":"https:\/\/ptmsrl.com\/de\/wp-json\/wp\/v2\/product\/24655","targetHints":{"allow":["GET"]}}],"collection":[{"href":"https:\/\/ptmsrl.com\/de\/wp-json\/wp\/v2\/product"}],"about":[{"href":"https:\/\/ptmsrl.com\/de\/wp-json\/wp\/v2\/types\/product"}],"wp:featuredmedia":[{"embeddable":true,"href":"https:\/\/ptmsrl.com\/de\/wp-json\/wp\/v2\/media\/24664"}],"wp:attachment":[{"href":"https:\/\/ptmsrl.com\/de\/wp-json\/wp\/v2\/media?parent=24655"}],"wp:term":[{"taxonomy":"product_brand","embeddable":true,"href":"https:\/\/ptmsrl.com\/de\/wp-json\/wp\/v2\/product_brand?post=24655"},{"taxonomy":"product_cat","embeddable":true,"href":"https:\/\/ptmsrl.com\/de\/wp-json\/wp\/v2\/product_cat?post=24655"},{"taxonomy":"product_tag","embeddable":true,"href":"https:\/\/ptmsrl.com\/de\/wp-json\/wp\/v2\/product_tag?post=24655"}],"curies":[{"name":"wp","href":"https:\/\/api.w.org\/{rel}","templated":true}]}}