{"id":2485,"date":"2018-09-07T12:01:37","date_gmt":"2018-10-25T10:20:43","guid":{"rendered":"https:\/\/ptmsrl.com\/?post_type=product&#038;p=2485"},"modified":"2019-07-23T15:19:14","modified_gmt":"2019-07-23T13:19:14","slug":"tr61","status":"publish","type":"product","link":"https:\/\/ptmsrl.com\/de\/prodotto\/tr61\/","title":{"rendered":"TR61"},"content":{"rendered":"<div class=\"video video-fit mb\" style=\"padding-top:56.25%;\"><p><iframe loading=\"lazy\" title=\"PTM  S.r.l. - Unifeed (Automatic Components Loading)\" width=\"1020\" height=\"574\" src=\"https:\/\/www.youtube.com\/embed\/QLDf4X0FCI8?feature=oembed\" frameborder=\"0\" allow=\"accelerometer; autoplay; encrypted-media; gyroscope; picture-in-picture\" allowfullscreen><\/iframe><\/p>\n<\/div>\n","protected":false},"excerpt":{"rendered":"<h3><strong>Empfangsplatine f\u00fcr die Kontrolle der automatischen Dosierung von den Silo Komponenten<\/strong><\/h3>\n<p>Das System TR61 ist ein Zubeh\u00f6r f\u00fcr <strong>die Wireless Kommunikation f\u00fcr die Kontrolle der automatischen Dosierung<\/strong> der Komponenten, die in den Silos w\u00e4hrend der Ladung im Unifeed Futtermischwagen gelagert sind.<\/p>\n<p>Das System besteht aus den folgenden Elementen:<\/p>\n<ul>\n<li>TR61 Empfangsplatine mit externed RF Antenne<\/li>\n<li>Relaisplatine<\/li>\n<\/ul>\n<p>Das System ben\u00f6tigt den TR60 Sender, der verbunden mit dem Wiegecomputer ist, <strong>das Empfangsmodul TR61 verarbeitet das Signal und es sendet die F\u00fchrungen zu die Relais-Platine; die Relais-Platine aktiviert und deaktiviert<\/strong> die Anwender angeschlossen an Silo.<\/p>\n<p>Im System ist es m\u00f6glich bis 3 Gruppen von TR61 zu verwenden; und jede Gruppe kann von 12 bis 44 Ausg\u00e4nge steuern.<\/p>\n","protected":false},"featured_media":10196,"template":"","meta":{"inline_featured_image":false},"product_brand":[],"product_cat":[165],"product_tag":[],"class_list":{"0":"post-2485","1":"product","2":"type-product","3":"status-publish","4":"has-post-thumbnail","6":"product_cat-multilink-zubehoer","8":"first","9":"instock","10":"downloadable","11":"shipping-taxable","12":"product-type-simple"},"yoast_head":"<!-- This site is optimized with the Yoast SEO plugin v25.3 - https:\/\/yoast.com\/wordpress\/plugins\/seo\/ -->\n<title>PTM Srl | TR61<\/title>\n<meta name=\"robots\" content=\"index, follow, max-snippet:-1, max-image-preview:large, max-video-preview:-1\" \/>\n<link rel=\"canonical\" href=\"https:\/\/ptmsrl.com\/de\/prodotto\/tr61\/\" \/>\n<meta property=\"og:locale\" content=\"de_DE\" \/>\n<meta property=\"og:type\" content=\"article\" \/>\n<meta property=\"og:title\" content=\"PTM Srl | TR61\" \/>\n<meta property=\"og:description\" content=\"Empfangsplatine f\u00fcr die Kontrolle der automatischen Dosierung von den Silo Komponenten Das System TR61 ist ein Zubeh\u00f6r f\u00fcr die Wireless Kommunikation f\u00fcr die Kontrolle der automatischen Dosierung der Komponenten, die in den Silos w\u00e4hrend der Ladung im Unifeed Futtermischwagen gelagert sind.  Das System besteht aus den folgenden Elementen:   TR61 Empfangsplatine mit externed RF Antenne  Relaisplatine  Das System ben\u00f6tigt den TR60 Sender, der verbunden mit dem Wiegecomputer ist, das Empfangsmodul TR61 verarbeitet das Signal und es sendet die F\u00fchrungen zu die Relais-Platine; die Relais-Platine aktiviert und deaktiviert die Anwender angeschlossen an Silo.  Im System ist es m\u00f6glich bis 3 Gruppen von TR61 zu verwenden; und jede Gruppe kann von 12 bis 44 Ausg\u00e4nge steuern.\" \/>\n<meta property=\"og:url\" content=\"https:\/\/ptmsrl.com\/de\/prodotto\/tr61\/\" \/>\n<meta property=\"og:site_name\" content=\"PTM Srl\" \/>\n<meta property=\"article:publisher\" content=\"https:\/\/www.facebook.com\/believingintechnology\/\" \/>\n<meta property=\"article:modified_time\" content=\"2019-07-23T13:19:14+00:00\" \/>\n<meta property=\"og:image\" content=\"https:\/\/ptmsrl.com\/wp-content\/uploads\/2018\/09\/TR61-schede-1.jpg\" \/>\n\t<meta property=\"og:image:width\" content=\"1024\" \/>\n\t<meta property=\"og:image:height\" content=\"1024\" \/>\n\t<meta property=\"og:image:type\" content=\"image\/jpeg\" \/>\n<meta name=\"twitter:card\" content=\"summary_large_image\" \/>\n<meta name=\"twitter:site\" content=\"@ptm\" \/>\n<script type=\"application\/ld+json\" class=\"yoast-schema-graph\">{\"@context\":\"https:\/\/schema.org\",\"@graph\":[{\"@type\":\"WebPage\",\"@id\":\"https:\/\/ptmsrl.com\/de\/prodotto\/tr61\/\",\"url\":\"https:\/\/ptmsrl.com\/de\/prodotto\/tr61\/\",\"name\":\"PTM Srl | TR61\",\"isPartOf\":{\"@id\":\"https:\/\/ptmsrl.com\/#website\"},\"primaryImageOfPage\":{\"@id\":\"https:\/\/ptmsrl.com\/de\/prodotto\/tr61\/#primaryimage\"},\"image\":{\"@id\":\"https:\/\/ptmsrl.com\/de\/prodotto\/tr61\/#primaryimage\"},\"thumbnailUrl\":\"https:\/\/ptmsrl.com\/wp-content\/uploads\/2018\/09\/TR61-schede-1.jpg\",\"datePublished\":\"2018-10-25T10:20:43+00:00\",\"dateModified\":\"2019-07-23T13:19:14+00:00\",\"breadcrumb\":{\"@id\":\"https:\/\/ptmsrl.com\/de\/prodotto\/tr61\/#breadcrumb\"},\"inLanguage\":\"de\",\"potentialAction\":[{\"@type\":\"ReadAction\",\"target\":[\"https:\/\/ptmsrl.com\/de\/prodotto\/tr61\/\"]}]},{\"@type\":\"ImageObject\",\"inLanguage\":\"de\",\"@id\":\"https:\/\/ptmsrl.com\/de\/prodotto\/tr61\/#primaryimage\",\"url\":\"https:\/\/ptmsrl.com\/wp-content\/uploads\/2018\/09\/TR61-schede-1.jpg\",\"contentUrl\":\"https:\/\/ptmsrl.com\/wp-content\/uploads\/2018\/09\/TR61-schede-1.jpg\",\"width\":1024,\"height\":1024,\"caption\":\"tr61-schede\"},{\"@type\":\"BreadcrumbList\",\"@id\":\"https:\/\/ptmsrl.com\/de\/prodotto\/tr61\/#breadcrumb\",\"itemListElement\":[{\"@type\":\"ListItem\",\"position\":1,\"name\":\"Home\",\"item\":\"https:\/\/ptmsrl.com\/de\/\"},{\"@type\":\"ListItem\",\"position\":2,\"name\":\"Shop\",\"item\":\"https:\/\/ptmsrl.com\/shop\/\"},{\"@type\":\"ListItem\",\"position\":3,\"name\":\"TR61\"}]},{\"@type\":\"WebSite\",\"@id\":\"https:\/\/ptmsrl.com\/#website\",\"url\":\"https:\/\/ptmsrl.com\/\",\"name\":\"PTM Srl\",\"description\":\"\u041c\u042b \u041f\u0420\u041e\u0418\u0417\u0412\u041e\u0414\u0418\u041c \u041a\u0410\u0427\u0415\u0421\u0422\u0412\u041e, \u041a\u041e\u0422\u041e\u0420\u041e\u0415 \u0418\u041c\u0415\u0415\u0422 \u041e\u0421\u041e\u0411\u042b\u0419 \u0412\u0415\u0421\",\"publisher\":{\"@id\":\"https:\/\/ptmsrl.com\/#organization\"},\"potentialAction\":[{\"@type\":\"SearchAction\",\"target\":{\"@type\":\"EntryPoint\",\"urlTemplate\":\"https:\/\/ptmsrl.com\/?s={search_term_string}\"},\"query-input\":{\"@type\":\"PropertyValueSpecification\",\"valueRequired\":true,\"valueName\":\"search_term_string\"}}],\"inLanguage\":\"de\"},{\"@type\":\"Organization\",\"@id\":\"https:\/\/ptmsrl.com\/#organization\",\"name\":\"PTM srl\",\"url\":\"https:\/\/ptmsrl.com\/\",\"logo\":{\"@type\":\"ImageObject\",\"inLanguage\":\"de\",\"@id\":\"https:\/\/ptmsrl.com\/#\/schema\/logo\/image\/\",\"url\":\"https:\/\/ptmsrl.com\/wp-content\/uploads\/2018\/10\/LOGO-PTM.png\",\"contentUrl\":\"https:\/\/ptmsrl.com\/wp-content\/uploads\/2018\/10\/LOGO-PTM.png\",\"width\":1000,\"height\":500,\"caption\":\"PTM srl\"},\"image\":{\"@id\":\"https:\/\/ptmsrl.com\/#\/schema\/logo\/image\/\"},\"sameAs\":[\"https:\/\/www.facebook.com\/believingintechnology\/\",\"https:\/\/x.com\/ptm\",\"https:\/\/www.linkedin.com\/company\/ptm-s-r-l\/\",\"https:\/\/www.youtube.com\/channel\/UCPSOS0MaR-4jDkAD3HkAC7A\"]}]}<\/script>\n<!-- \/ Yoast SEO plugin. -->","yoast_head_json":{"title":"PTM Srl | TR61","robots":{"index":"index","follow":"follow","max-snippet":"max-snippet:-1","max-image-preview":"max-image-preview:large","max-video-preview":"max-video-preview:-1"},"canonical":"https:\/\/ptmsrl.com\/de\/prodotto\/tr61\/","og_locale":"de_DE","og_type":"article","og_title":"PTM Srl | TR61","og_description":"Empfangsplatine f\u00fcr die Kontrolle der automatischen Dosierung von den Silo Komponenten Das System TR61 ist ein Zubeh\u00f6r f\u00fcr die Wireless Kommunikation f\u00fcr die Kontrolle der automatischen Dosierung der Komponenten, die in den Silos w\u00e4hrend der Ladung im Unifeed Futtermischwagen gelagert sind.  Das System besteht aus den folgenden Elementen:   TR61 Empfangsplatine mit externed RF Antenne  Relaisplatine  Das System ben\u00f6tigt den TR60 Sender, der verbunden mit dem Wiegecomputer ist, das Empfangsmodul TR61 verarbeitet das Signal und es sendet die F\u00fchrungen zu die Relais-Platine; die Relais-Platine aktiviert und deaktiviert die Anwender angeschlossen an Silo.  Im System ist es m\u00f6glich bis 3 Gruppen von TR61 zu verwenden; und jede Gruppe kann von 12 bis 44 Ausg\u00e4nge steuern.","og_url":"https:\/\/ptmsrl.com\/de\/prodotto\/tr61\/","og_site_name":"PTM Srl","article_publisher":"https:\/\/www.facebook.com\/believingintechnology\/","article_modified_time":"2019-07-23T13:19:14+00:00","og_image":[{"width":1024,"height":1024,"url":"https:\/\/ptmsrl.com\/wp-content\/uploads\/2018\/09\/TR61-schede-1.jpg","type":"image\/jpeg"}],"twitter_card":"summary_large_image","twitter_site":"@ptm","schema":{"@context":"https:\/\/schema.org","@graph":[{"@type":"WebPage","@id":"https:\/\/ptmsrl.com\/de\/prodotto\/tr61\/","url":"https:\/\/ptmsrl.com\/de\/prodotto\/tr61\/","name":"PTM Srl | TR61","isPartOf":{"@id":"https:\/\/ptmsrl.com\/#website"},"primaryImageOfPage":{"@id":"https:\/\/ptmsrl.com\/de\/prodotto\/tr61\/#primaryimage"},"image":{"@id":"https:\/\/ptmsrl.com\/de\/prodotto\/tr61\/#primaryimage"},"thumbnailUrl":"https:\/\/ptmsrl.com\/wp-content\/uploads\/2018\/09\/TR61-schede-1.jpg","datePublished":"2018-10-25T10:20:43+00:00","dateModified":"2019-07-23T13:19:14+00:00","breadcrumb":{"@id":"https:\/\/ptmsrl.com\/de\/prodotto\/tr61\/#breadcrumb"},"inLanguage":"de","potentialAction":[{"@type":"ReadAction","target":["https:\/\/ptmsrl.com\/de\/prodotto\/tr61\/"]}]},{"@type":"ImageObject","inLanguage":"de","@id":"https:\/\/ptmsrl.com\/de\/prodotto\/tr61\/#primaryimage","url":"https:\/\/ptmsrl.com\/wp-content\/uploads\/2018\/09\/TR61-schede-1.jpg","contentUrl":"https:\/\/ptmsrl.com\/wp-content\/uploads\/2018\/09\/TR61-schede-1.jpg","width":1024,"height":1024,"caption":"tr61-schede"},{"@type":"BreadcrumbList","@id":"https:\/\/ptmsrl.com\/de\/prodotto\/tr61\/#breadcrumb","itemListElement":[{"@type":"ListItem","position":1,"name":"Home","item":"https:\/\/ptmsrl.com\/de\/"},{"@type":"ListItem","position":2,"name":"Shop","item":"https:\/\/ptmsrl.com\/shop\/"},{"@type":"ListItem","position":3,"name":"TR61"}]},{"@type":"WebSite","@id":"https:\/\/ptmsrl.com\/#website","url":"https:\/\/ptmsrl.com\/","name":"PTM Srl","description":"\u041c\u042b \u041f\u0420\u041e\u0418\u0417\u0412\u041e\u0414\u0418\u041c \u041a\u0410\u0427\u0415\u0421\u0422\u0412\u041e, \u041a\u041e\u0422\u041e\u0420\u041e\u0415 \u0418\u041c\u0415\u0415\u0422 \u041e\u0421\u041e\u0411\u042b\u0419 \u0412\u0415\u0421","publisher":{"@id":"https:\/\/ptmsrl.com\/#organization"},"potentialAction":[{"@type":"SearchAction","target":{"@type":"EntryPoint","urlTemplate":"https:\/\/ptmsrl.com\/?s={search_term_string}"},"query-input":{"@type":"PropertyValueSpecification","valueRequired":true,"valueName":"search_term_string"}}],"inLanguage":"de"},{"@type":"Organization","@id":"https:\/\/ptmsrl.com\/#organization","name":"PTM srl","url":"https:\/\/ptmsrl.com\/","logo":{"@type":"ImageObject","inLanguage":"de","@id":"https:\/\/ptmsrl.com\/#\/schema\/logo\/image\/","url":"https:\/\/ptmsrl.com\/wp-content\/uploads\/2018\/10\/LOGO-PTM.png","contentUrl":"https:\/\/ptmsrl.com\/wp-content\/uploads\/2018\/10\/LOGO-PTM.png","width":1000,"height":500,"caption":"PTM srl"},"image":{"@id":"https:\/\/ptmsrl.com\/#\/schema\/logo\/image\/"},"sameAs":["https:\/\/www.facebook.com\/believingintechnology\/","https:\/\/x.com\/ptm","https:\/\/www.linkedin.com\/company\/ptm-s-r-l\/","https:\/\/www.youtube.com\/channel\/UCPSOS0MaR-4jDkAD3HkAC7A"]}]}},"_links":{"self":[{"href":"https:\/\/ptmsrl.com\/de\/wp-json\/wp\/v2\/product\/2485","targetHints":{"allow":["GET"]}}],"collection":[{"href":"https:\/\/ptmsrl.com\/de\/wp-json\/wp\/v2\/product"}],"about":[{"href":"https:\/\/ptmsrl.com\/de\/wp-json\/wp\/v2\/types\/product"}],"wp:featuredmedia":[{"embeddable":true,"href":"https:\/\/ptmsrl.com\/de\/wp-json\/wp\/v2\/media\/10196"}],"wp:attachment":[{"href":"https:\/\/ptmsrl.com\/de\/wp-json\/wp\/v2\/media?parent=2485"}],"wp:term":[{"taxonomy":"product_brand","embeddable":true,"href":"https:\/\/ptmsrl.com\/de\/wp-json\/wp\/v2\/product_brand?post=2485"},{"taxonomy":"product_cat","embeddable":true,"href":"https:\/\/ptmsrl.com\/de\/wp-json\/wp\/v2\/product_cat?post=2485"},{"taxonomy":"product_tag","embeddable":true,"href":"https:\/\/ptmsrl.com\/de\/wp-json\/wp\/v2\/product_tag?post=2485"}],"curies":[{"name":"wp","href":"https:\/\/api.w.org\/{rel}","templated":true}]}}