{"id":2523,"date":"2018-09-07T14:42:16","date_gmt":"2018-10-25T14:46:32","guid":{"rendered":"https:\/\/ptmsrl.com\/?post_type=product&#038;p=2523"},"modified":"2019-07-25T17:45:00","modified_gmt":"2019-07-25T15:45:00","slug":"big-display-rf","status":"publish","type":"product","link":"https:\/\/ptmsrl.com\/de\/prodotto\/big-display-rf\/","title":{"rendered":"Big Display RF"},"content":{"rendered":"<ul>\n<li>Display lesbar bis zu 100 Metern entfernt<\/li>\n<li>Display lesbar auch im offenen Gebiet, beim starken Licht<\/li>\n<li>Adjustierung der Lichtst\u00e4rke gem\u00e4\u00df des Raumlichts<\/li>\n<li>INOX Geh\u00e4use, kann extreme Bedingungen ertragen<\/li>\n<li>Kompatibel mit allen PTM Wiegecomputern<\/li>\n<li>Drahtlose Kommunikation oder \u00fcber CAN-BUS m\u00f6glich<\/li>\n<li>Verbindung mit nicht-PTM Ger\u00e4ten m\u00f6glich (nach vorheriger Anfrage \u00fcber das Kommunikationsprotokoll)<\/li>\n<\/ul>\n","protected":false},"excerpt":{"rendered":"<h3><strong>Zusatzanzeige mit gro\u00dfen Ziffern, vollkommen lesbar unter irgendeiner Bedingung von Raumlicht<\/strong><\/h3>\n<p align=\"justify\">Dieses Display wurde zur Fernanzeige des vom Wiegecomputer erfassten Gewichts, bis zu 100 Metern.<\/p>\n<p align=\"justify\">BIG DISPLAY ist sowohl <strong>mit numerischen als auch mit alphanumerischen Zeichnen<\/strong> verf\u00fcgbar; das Ger\u00e4t ist mit einem <strong>Metallgeh\u00e4use<\/strong> ausgestattet, das extreme Bedingungen ertragen kann, und mit einem optischen Filter, um die Werte auf dem Display auch beim starken Licht gut zu lesen. Das Display verwendet hochbeleuchtete LEDs mit 6-Segmenten, und ist mit der automatischen Adjustierung der Lichtst\u00e4rke gem\u00e4\u00df des Raumlichts gekennzeichnet.<\/p>\n<p align=\"justify\">Dieses Display kann mit allen PTM Wiegecomputern kommunizieren, wird mit 220V durch das Stromnetz versorgt, und erlaubt die Verwendung eines Anschlusskabels zum Wiegecomputer, das bis zu 100 Meter lang sein kann.<br \/>\nAuf Wunsch kann auch <strong>drahtlose oder CANBUS<\/strong> Kommunikation angeboten werden, sowie die Kommunikation durch verschiedene Protokollen, um das Display auch mit anderen Ger\u00e4ten in Verbindung zu setzen.<\/p>\n","protected":false},"featured_media":9941,"template":"","meta":{"inline_featured_image":false},"product_brand":[],"product_cat":[167],"product_tag":[],"class_list":{"0":"post-2523","1":"product","2":"type-product","3":"status-publish","4":"has-post-thumbnail","6":"product_cat-standardzubehoer","8":"first","9":"instock","10":"downloadable","11":"shipping-taxable","12":"product-type-simple"},"yoast_head":"<!-- This site is optimized with the Yoast SEO plugin v25.3 - https:\/\/yoast.com\/wordpress\/plugins\/seo\/ -->\n<title>PTM Srl | Big Display RF<\/title>\n<meta name=\"robots\" content=\"index, follow, max-snippet:-1, max-image-preview:large, max-video-preview:-1\" \/>\n<link rel=\"canonical\" href=\"https:\/\/ptmsrl.com\/de\/prodotto\/big-display-rf\/\" \/>\n<meta property=\"og:locale\" content=\"de_DE\" \/>\n<meta property=\"og:type\" content=\"article\" \/>\n<meta property=\"og:title\" content=\"PTM Srl | Big Display RF\" \/>\n<meta property=\"og:description\" content=\"Zusatzanzeige mit gro\u00dfen Ziffern, vollkommen lesbar unter irgendeiner Bedingung von Raumlicht Dieses Display wurde zur Fernanzeige des vom Wiegecomputer erfassten Gewichts, bis zu 100 Metern.  BIG DISPLAY ist sowohl mit numerischen als auch mit alphanumerischen Zeichnen verf\u00fcgbar; das Ger\u00e4t ist mit einem Metallgeh\u00e4use ausgestattet, das extreme Bedingungen ertragen kann, und mit einem optischen Filter, um die Werte auf dem Display auch beim starken Licht gut zu lesen. Das Display verwendet hochbeleuchtete LEDs mit 6-Segmenten, und ist mit der automatischen Adjustierung der Lichtst\u00e4rke gem\u00e4\u00df des Raumlichts gekennzeichnet.  Dieses Display kann mit allen PTM Wiegecomputern kommunizieren, wird mit 220V durch das Stromnetz versorgt, und erlaubt die Verwendung eines Anschlusskabels zum Wiegecomputer, das bis zu 100 Meter lang sein kann. Auf Wunsch kann auch drahtlose oder CANBUS Kommunikation angeboten werden, sowie die Kommunikation durch verschiedene Protokollen, um das Display auch mit anderen Ger\u00e4ten in Verbindung zu setzen.\" \/>\n<meta property=\"og:url\" content=\"https:\/\/ptmsrl.com\/de\/prodotto\/big-display-rf\/\" \/>\n<meta property=\"og:site_name\" content=\"PTM Srl\" \/>\n<meta property=\"article:publisher\" content=\"https:\/\/www.facebook.com\/believingintechnology\/\" \/>\n<meta property=\"article:modified_time\" content=\"2019-07-25T15:45:00+00:00\" \/>\n<meta property=\"og:image\" content=\"https:\/\/ptmsrl.com\/wp-content\/uploads\/2018\/09\/Big-display_rev2.jpg\" \/>\n\t<meta property=\"og:image:width\" content=\"865\" \/>\n\t<meta property=\"og:image:height\" content=\"768\" \/>\n\t<meta property=\"og:image:type\" content=\"image\/jpeg\" \/>\n<meta name=\"twitter:card\" content=\"summary_large_image\" \/>\n<meta name=\"twitter:site\" content=\"@ptm\" \/>\n<script type=\"application\/ld+json\" class=\"yoast-schema-graph\">{\"@context\":\"https:\/\/schema.org\",\"@graph\":[{\"@type\":\"WebPage\",\"@id\":\"https:\/\/ptmsrl.com\/de\/prodotto\/big-display-rf\/\",\"url\":\"https:\/\/ptmsrl.com\/de\/prodotto\/big-display-rf\/\",\"name\":\"PTM Srl | Big Display RF\",\"isPartOf\":{\"@id\":\"https:\/\/ptmsrl.com\/#website\"},\"primaryImageOfPage\":{\"@id\":\"https:\/\/ptmsrl.com\/de\/prodotto\/big-display-rf\/#primaryimage\"},\"image\":{\"@id\":\"https:\/\/ptmsrl.com\/de\/prodotto\/big-display-rf\/#primaryimage\"},\"thumbnailUrl\":\"https:\/\/ptmsrl.com\/wp-content\/uploads\/2018\/09\/Big-display_rev2.jpg\",\"datePublished\":\"2018-10-25T14:46:32+00:00\",\"dateModified\":\"2019-07-25T15:45:00+00:00\",\"breadcrumb\":{\"@id\":\"https:\/\/ptmsrl.com\/de\/prodotto\/big-display-rf\/#breadcrumb\"},\"inLanguage\":\"de\",\"potentialAction\":[{\"@type\":\"ReadAction\",\"target\":[\"https:\/\/ptmsrl.com\/de\/prodotto\/big-display-rf\/\"]}]},{\"@type\":\"ImageObject\",\"inLanguage\":\"de\",\"@id\":\"https:\/\/ptmsrl.com\/de\/prodotto\/big-display-rf\/#primaryimage\",\"url\":\"https:\/\/ptmsrl.com\/wp-content\/uploads\/2018\/09\/Big-display_rev2.jpg\",\"contentUrl\":\"https:\/\/ptmsrl.com\/wp-content\/uploads\/2018\/09\/Big-display_rev2.jpg\",\"width\":865,\"height\":768,\"caption\":\"????????????????????????????????????\"},{\"@type\":\"BreadcrumbList\",\"@id\":\"https:\/\/ptmsrl.com\/de\/prodotto\/big-display-rf\/#breadcrumb\",\"itemListElement\":[{\"@type\":\"ListItem\",\"position\":1,\"name\":\"Home\",\"item\":\"https:\/\/ptmsrl.com\/de\/\"},{\"@type\":\"ListItem\",\"position\":2,\"name\":\"Shop\",\"item\":\"https:\/\/ptmsrl.com\/shop\/\"},{\"@type\":\"ListItem\",\"position\":3,\"name\":\"Big Display RF\"}]},{\"@type\":\"WebSite\",\"@id\":\"https:\/\/ptmsrl.com\/#website\",\"url\":\"https:\/\/ptmsrl.com\/\",\"name\":\"PTM Srl\",\"description\":\"\u041c\u042b \u041f\u0420\u041e\u0418\u0417\u0412\u041e\u0414\u0418\u041c \u041a\u0410\u0427\u0415\u0421\u0422\u0412\u041e, \u041a\u041e\u0422\u041e\u0420\u041e\u0415 \u0418\u041c\u0415\u0415\u0422 \u041e\u0421\u041e\u0411\u042b\u0419 \u0412\u0415\u0421\",\"publisher\":{\"@id\":\"https:\/\/ptmsrl.com\/#organization\"},\"potentialAction\":[{\"@type\":\"SearchAction\",\"target\":{\"@type\":\"EntryPoint\",\"urlTemplate\":\"https:\/\/ptmsrl.com\/?s={search_term_string}\"},\"query-input\":{\"@type\":\"PropertyValueSpecification\",\"valueRequired\":true,\"valueName\":\"search_term_string\"}}],\"inLanguage\":\"de\"},{\"@type\":\"Organization\",\"@id\":\"https:\/\/ptmsrl.com\/#organization\",\"name\":\"PTM srl\",\"url\":\"https:\/\/ptmsrl.com\/\",\"logo\":{\"@type\":\"ImageObject\",\"inLanguage\":\"de\",\"@id\":\"https:\/\/ptmsrl.com\/#\/schema\/logo\/image\/\",\"url\":\"https:\/\/ptmsrl.com\/wp-content\/uploads\/2018\/10\/LOGO-PTM.png\",\"contentUrl\":\"https:\/\/ptmsrl.com\/wp-content\/uploads\/2018\/10\/LOGO-PTM.png\",\"width\":1000,\"height\":500,\"caption\":\"PTM srl\"},\"image\":{\"@id\":\"https:\/\/ptmsrl.com\/#\/schema\/logo\/image\/\"},\"sameAs\":[\"https:\/\/www.facebook.com\/believingintechnology\/\",\"https:\/\/x.com\/ptm\",\"https:\/\/www.linkedin.com\/company\/ptm-s-r-l\/\",\"https:\/\/www.youtube.com\/channel\/UCPSOS0MaR-4jDkAD3HkAC7A\"]}]}<\/script>\n<!-- \/ Yoast SEO plugin. -->","yoast_head_json":{"title":"PTM Srl | Big Display RF","robots":{"index":"index","follow":"follow","max-snippet":"max-snippet:-1","max-image-preview":"max-image-preview:large","max-video-preview":"max-video-preview:-1"},"canonical":"https:\/\/ptmsrl.com\/de\/prodotto\/big-display-rf\/","og_locale":"de_DE","og_type":"article","og_title":"PTM Srl | Big Display RF","og_description":"Zusatzanzeige mit gro\u00dfen Ziffern, vollkommen lesbar unter irgendeiner Bedingung von Raumlicht Dieses Display wurde zur Fernanzeige des vom Wiegecomputer erfassten Gewichts, bis zu 100 Metern.  BIG DISPLAY ist sowohl mit numerischen als auch mit alphanumerischen Zeichnen verf\u00fcgbar; das Ger\u00e4t ist mit einem Metallgeh\u00e4use ausgestattet, das extreme Bedingungen ertragen kann, und mit einem optischen Filter, um die Werte auf dem Display auch beim starken Licht gut zu lesen. Das Display verwendet hochbeleuchtete LEDs mit 6-Segmenten, und ist mit der automatischen Adjustierung der Lichtst\u00e4rke gem\u00e4\u00df des Raumlichts gekennzeichnet.  Dieses Display kann mit allen PTM Wiegecomputern kommunizieren, wird mit 220V durch das Stromnetz versorgt, und erlaubt die Verwendung eines Anschlusskabels zum Wiegecomputer, das bis zu 100 Meter lang sein kann. Auf Wunsch kann auch drahtlose oder CANBUS Kommunikation angeboten werden, sowie die Kommunikation durch verschiedene Protokollen, um das Display auch mit anderen Ger\u00e4ten in Verbindung zu setzen.","og_url":"https:\/\/ptmsrl.com\/de\/prodotto\/big-display-rf\/","og_site_name":"PTM Srl","article_publisher":"https:\/\/www.facebook.com\/believingintechnology\/","article_modified_time":"2019-07-25T15:45:00+00:00","og_image":[{"width":865,"height":768,"url":"https:\/\/ptmsrl.com\/wp-content\/uploads\/2018\/09\/Big-display_rev2.jpg","type":"image\/jpeg"}],"twitter_card":"summary_large_image","twitter_site":"@ptm","schema":{"@context":"https:\/\/schema.org","@graph":[{"@type":"WebPage","@id":"https:\/\/ptmsrl.com\/de\/prodotto\/big-display-rf\/","url":"https:\/\/ptmsrl.com\/de\/prodotto\/big-display-rf\/","name":"PTM Srl | Big Display RF","isPartOf":{"@id":"https:\/\/ptmsrl.com\/#website"},"primaryImageOfPage":{"@id":"https:\/\/ptmsrl.com\/de\/prodotto\/big-display-rf\/#primaryimage"},"image":{"@id":"https:\/\/ptmsrl.com\/de\/prodotto\/big-display-rf\/#primaryimage"},"thumbnailUrl":"https:\/\/ptmsrl.com\/wp-content\/uploads\/2018\/09\/Big-display_rev2.jpg","datePublished":"2018-10-25T14:46:32+00:00","dateModified":"2019-07-25T15:45:00+00:00","breadcrumb":{"@id":"https:\/\/ptmsrl.com\/de\/prodotto\/big-display-rf\/#breadcrumb"},"inLanguage":"de","potentialAction":[{"@type":"ReadAction","target":["https:\/\/ptmsrl.com\/de\/prodotto\/big-display-rf\/"]}]},{"@type":"ImageObject","inLanguage":"de","@id":"https:\/\/ptmsrl.com\/de\/prodotto\/big-display-rf\/#primaryimage","url":"https:\/\/ptmsrl.com\/wp-content\/uploads\/2018\/09\/Big-display_rev2.jpg","contentUrl":"https:\/\/ptmsrl.com\/wp-content\/uploads\/2018\/09\/Big-display_rev2.jpg","width":865,"height":768,"caption":"????????????????????????????????????"},{"@type":"BreadcrumbList","@id":"https:\/\/ptmsrl.com\/de\/prodotto\/big-display-rf\/#breadcrumb","itemListElement":[{"@type":"ListItem","position":1,"name":"Home","item":"https:\/\/ptmsrl.com\/de\/"},{"@type":"ListItem","position":2,"name":"Shop","item":"https:\/\/ptmsrl.com\/shop\/"},{"@type":"ListItem","position":3,"name":"Big Display RF"}]},{"@type":"WebSite","@id":"https:\/\/ptmsrl.com\/#website","url":"https:\/\/ptmsrl.com\/","name":"PTM Srl","description":"\u041c\u042b \u041f\u0420\u041e\u0418\u0417\u0412\u041e\u0414\u0418\u041c \u041a\u0410\u0427\u0415\u0421\u0422\u0412\u041e, \u041a\u041e\u0422\u041e\u0420\u041e\u0415 \u0418\u041c\u0415\u0415\u0422 \u041e\u0421\u041e\u0411\u042b\u0419 \u0412\u0415\u0421","publisher":{"@id":"https:\/\/ptmsrl.com\/#organization"},"potentialAction":[{"@type":"SearchAction","target":{"@type":"EntryPoint","urlTemplate":"https:\/\/ptmsrl.com\/?s={search_term_string}"},"query-input":{"@type":"PropertyValueSpecification","valueRequired":true,"valueName":"search_term_string"}}],"inLanguage":"de"},{"@type":"Organization","@id":"https:\/\/ptmsrl.com\/#organization","name":"PTM srl","url":"https:\/\/ptmsrl.com\/","logo":{"@type":"ImageObject","inLanguage":"de","@id":"https:\/\/ptmsrl.com\/#\/schema\/logo\/image\/","url":"https:\/\/ptmsrl.com\/wp-content\/uploads\/2018\/10\/LOGO-PTM.png","contentUrl":"https:\/\/ptmsrl.com\/wp-content\/uploads\/2018\/10\/LOGO-PTM.png","width":1000,"height":500,"caption":"PTM srl"},"image":{"@id":"https:\/\/ptmsrl.com\/#\/schema\/logo\/image\/"},"sameAs":["https:\/\/www.facebook.com\/believingintechnology\/","https:\/\/x.com\/ptm","https:\/\/www.linkedin.com\/company\/ptm-s-r-l\/","https:\/\/www.youtube.com\/channel\/UCPSOS0MaR-4jDkAD3HkAC7A"]}]}},"_links":{"self":[{"href":"https:\/\/ptmsrl.com\/de\/wp-json\/wp\/v2\/product\/2523","targetHints":{"allow":["GET"]}}],"collection":[{"href":"https:\/\/ptmsrl.com\/de\/wp-json\/wp\/v2\/product"}],"about":[{"href":"https:\/\/ptmsrl.com\/de\/wp-json\/wp\/v2\/types\/product"}],"wp:featuredmedia":[{"embeddable":true,"href":"https:\/\/ptmsrl.com\/de\/wp-json\/wp\/v2\/media\/9941"}],"wp:attachment":[{"href":"https:\/\/ptmsrl.com\/de\/wp-json\/wp\/v2\/media?parent=2523"}],"wp:term":[{"taxonomy":"product_brand","embeddable":true,"href":"https:\/\/ptmsrl.com\/de\/wp-json\/wp\/v2\/product_brand?post=2523"},{"taxonomy":"product_cat","embeddable":true,"href":"https:\/\/ptmsrl.com\/de\/wp-json\/wp\/v2\/product_cat?post=2523"},{"taxonomy":"product_tag","embeddable":true,"href":"https:\/\/ptmsrl.com\/de\/wp-json\/wp\/v2\/product_tag?post=2523"}],"curies":[{"name":"wp","href":"https:\/\/api.w.org\/{rel}","templated":true}]}}