{"id":25355,"date":"2024-09-23T12:06:49","date_gmt":"2024-09-23T10:06:50","guid":{"rendered":"https:\/\/ptmsrl.com\/?post_type=product&#038;p=25355"},"modified":"2024-09-25T17:11:05","modified_gmt":"2024-09-25T15:11:05","slug":"twin-tac-300-series","status":"publish","type":"product","link":"https:\/\/ptmsrl.com\/de\/prodotto\/twin-tac-300-series\/","title":{"rendered":"Twin Tac 300 Series"},"content":{"rendered":"<ul>\n<li>Gesamtgewicht<\/li>\n<li>Teilgewicht<\/li>\n<li>Ma\u00dfeinheit in St\u00fcck statt Kilogramm<\/li>\n<li>Alarm<\/li>\n<\/ul>\n","protected":false},"excerpt":{"rendered":"<h3>Die TWIN TAC 300 SERIE ist eine Steuereinheit mit St\u00fcckz\u00e4hlwaagen-\/Tierz\u00e4hlfunktionen, mit zwei unterschiedlichen Abschnitten P1 und P2, die unabh\u00e4ngig voneinander arbeiten k\u00f6nnen.<br \/>\nDie Steuereinheit ist mit einem Grafikdisplay ausgestattet, das alle verf\u00fcgbaren Funktionen anzeigt und die M\u00f6glichkeit bietet, die ersten Kalibrierungen durchzuf\u00fchren und alle Wiegevorg\u00e4nge zu verfolgen.<\/h3>\n<p>Nachdem dem ermittelten Gewicht eine St\u00fcckzahl zugeordnet wurde, verwendet das System die St\u00fcckzahl und nicht das Gewicht als Ma\u00dfeinheit.<br \/>\nIm W\u00c4GEMODUS wird der leere Objektbeh\u00e4lter positioniert.<br \/>\nDie Tara wird auf Null zur\u00fcckgesetzt und die Anzahl der Objekte, die das Probengewicht bilden, wird in den Beh\u00e4lter geladen.<br \/>\nDurch Dr\u00fccken der Taste \u201eM1 oder M2\u201c an der Bedieneinheit best\u00e4tigen Sie die normalerweise angezeigte Zahl 100 als Probennummer.<br \/>\nNach jeder Ladung k\u00f6nnen wir entscheiden, ob wir anhalten und die Station wechseln, mit derselben fortfahren oder mit der Stopptaste anhalten m\u00f6chten.<\/p>\n","protected":false},"featured_media":25366,"template":"","meta":{"inline_featured_image":false},"product_brand":[],"product_cat":[158],"product_tag":[],"class_list":{"0":"post-25355","1":"product","2":"type-product","3":"status-publish","4":"has-post-thumbnail","6":"product_cat-benutzerdefinierte-loesungen","8":"first","9":"instock","10":"downloadable","11":"shipping-taxable","12":"product-type-simple"},"yoast_head":"<!-- This site is optimized with the Yoast SEO plugin v25.3 - https:\/\/yoast.com\/wordpress\/plugins\/seo\/ -->\n<title>PTM Srl | Twin Tac 300 Series<\/title>\n<meta name=\"robots\" content=\"index, follow, max-snippet:-1, max-image-preview:large, max-video-preview:-1\" \/>\n<link rel=\"canonical\" href=\"https:\/\/ptmsrl.com\/de\/prodotto\/twin-tac-300-series\/\" \/>\n<meta property=\"og:locale\" content=\"de_DE\" \/>\n<meta property=\"og:type\" content=\"article\" \/>\n<meta property=\"og:title\" content=\"PTM Srl | Twin Tac 300 Series\" \/>\n<meta property=\"og:description\" content=\"Die TWIN TAC 300 SERIE ist eine Steuereinheit mit St\u00fcckz\u00e4hlwaagen-\/Tierz\u00e4hlfunktionen, mit zwei unterschiedlichen Abschnitten P1 und P2, die unabh\u00e4ngig voneinander arbeiten k\u00f6nnen. Die Steuereinheit ist mit einem Grafikdisplay ausgestattet, das alle verf\u00fcgbaren Funktionen anzeigt und die M\u00f6glichkeit bietet, die ersten Kalibrierungen durchzuf\u00fchren und alle Wiegevorg\u00e4nge zu verfolgen.  Nachdem dem ermittelten Gewicht eine St\u00fcckzahl zugeordnet wurde, verwendet das System die St\u00fcckzahl und nicht das Gewicht als Ma\u00dfeinheit.  Im W\u00c4GEMODUS wird der leere Objektbeh\u00e4lter positioniert. Die Tara wird auf Null zur\u00fcckgesetzt und die Anzahl der Objekte, die das Probengewicht bilden, wird in den Beh\u00e4lter geladen.  Durch Dr\u00fccken der Taste \u201eM1 oder M2\u201c an der Bedieneinheit best\u00e4tigen Sie die normalerweise angezeigte Zahl 100 als Probennummer.  Nach jeder Ladung k\u00f6nnen wir entscheiden, ob wir anhalten und die Station wechseln, mit derselben fortfahren oder mit der Stopptaste anhalten m\u00f6chten.\" \/>\n<meta property=\"og:url\" content=\"https:\/\/ptmsrl.com\/de\/prodotto\/twin-tac-300-series\/\" \/>\n<meta property=\"og:site_name\" content=\"PTM Srl\" \/>\n<meta property=\"article:publisher\" content=\"https:\/\/www.facebook.com\/believingintechnology\/\" \/>\n<meta property=\"article:modified_time\" content=\"2024-09-25T15:11:05+00:00\" \/>\n<meta property=\"og:image\" content=\"https:\/\/ptmsrl.com\/wp-content\/uploads\/2024\/09\/PTM-TWIN-TAC-300-SERIES-Centralina-soluzioni-custom.jpg\" \/>\n\t<meta property=\"og:image:width\" content=\"800\" \/>\n\t<meta property=\"og:image:height\" content=\"800\" \/>\n\t<meta property=\"og:image:type\" content=\"image\/jpeg\" \/>\n<meta name=\"twitter:card\" content=\"summary_large_image\" \/>\n<meta name=\"twitter:site\" content=\"@ptm\" \/>\n<meta name=\"twitter:label1\" content=\"Gesch\u00e4tzte Lesezeit\" \/>\n\t<meta name=\"twitter:data1\" content=\"1\u00a0Minute\" \/>\n<script type=\"application\/ld+json\" class=\"yoast-schema-graph\">{\"@context\":\"https:\/\/schema.org\",\"@graph\":[{\"@type\":\"WebPage\",\"@id\":\"https:\/\/ptmsrl.com\/de\/prodotto\/twin-tac-300-series\/\",\"url\":\"https:\/\/ptmsrl.com\/de\/prodotto\/twin-tac-300-series\/\",\"name\":\"PTM Srl | Twin Tac 300 Series\",\"isPartOf\":{\"@id\":\"https:\/\/ptmsrl.com\/#website\"},\"primaryImageOfPage\":{\"@id\":\"https:\/\/ptmsrl.com\/de\/prodotto\/twin-tac-300-series\/#primaryimage\"},\"image\":{\"@id\":\"https:\/\/ptmsrl.com\/de\/prodotto\/twin-tac-300-series\/#primaryimage\"},\"thumbnailUrl\":\"https:\/\/ptmsrl.com\/wp-content\/uploads\/2024\/09\/PTM-TWIN-TAC-300-SERIES-Centralina-soluzioni-custom.jpg\",\"datePublished\":\"2024-09-23T10:06:50+00:00\",\"dateModified\":\"2024-09-25T15:11:05+00:00\",\"breadcrumb\":{\"@id\":\"https:\/\/ptmsrl.com\/de\/prodotto\/twin-tac-300-series\/#breadcrumb\"},\"inLanguage\":\"de\",\"potentialAction\":[{\"@type\":\"ReadAction\",\"target\":[\"https:\/\/ptmsrl.com\/de\/prodotto\/twin-tac-300-series\/\"]}]},{\"@type\":\"ImageObject\",\"inLanguage\":\"de\",\"@id\":\"https:\/\/ptmsrl.com\/de\/prodotto\/twin-tac-300-series\/#primaryimage\",\"url\":\"https:\/\/ptmsrl.com\/wp-content\/uploads\/2024\/09\/PTM-TWIN-TAC-300-SERIES-Centralina-soluzioni-custom.jpg\",\"contentUrl\":\"https:\/\/ptmsrl.com\/wp-content\/uploads\/2024\/09\/PTM-TWIN-TAC-300-SERIES-Centralina-soluzioni-custom.jpg\",\"width\":800,\"height\":800},{\"@type\":\"BreadcrumbList\",\"@id\":\"https:\/\/ptmsrl.com\/de\/prodotto\/twin-tac-300-series\/#breadcrumb\",\"itemListElement\":[{\"@type\":\"ListItem\",\"position\":1,\"name\":\"Home\",\"item\":\"https:\/\/ptmsrl.com\/de\/\"},{\"@type\":\"ListItem\",\"position\":2,\"name\":\"Shop\",\"item\":\"https:\/\/ptmsrl.com\/shop\/\"},{\"@type\":\"ListItem\",\"position\":3,\"name\":\"Twin Tac 300 Series\"}]},{\"@type\":\"WebSite\",\"@id\":\"https:\/\/ptmsrl.com\/#website\",\"url\":\"https:\/\/ptmsrl.com\/\",\"name\":\"PTM Srl\",\"description\":\"\u041c\u042b \u041f\u0420\u041e\u0418\u0417\u0412\u041e\u0414\u0418\u041c \u041a\u0410\u0427\u0415\u0421\u0422\u0412\u041e, \u041a\u041e\u0422\u041e\u0420\u041e\u0415 \u0418\u041c\u0415\u0415\u0422 \u041e\u0421\u041e\u0411\u042b\u0419 \u0412\u0415\u0421\",\"publisher\":{\"@id\":\"https:\/\/ptmsrl.com\/#organization\"},\"potentialAction\":[{\"@type\":\"SearchAction\",\"target\":{\"@type\":\"EntryPoint\",\"urlTemplate\":\"https:\/\/ptmsrl.com\/?s={search_term_string}\"},\"query-input\":{\"@type\":\"PropertyValueSpecification\",\"valueRequired\":true,\"valueName\":\"search_term_string\"}}],\"inLanguage\":\"de\"},{\"@type\":\"Organization\",\"@id\":\"https:\/\/ptmsrl.com\/#organization\",\"name\":\"PTM srl\",\"url\":\"https:\/\/ptmsrl.com\/\",\"logo\":{\"@type\":\"ImageObject\",\"inLanguage\":\"de\",\"@id\":\"https:\/\/ptmsrl.com\/#\/schema\/logo\/image\/\",\"url\":\"https:\/\/ptmsrl.com\/wp-content\/uploads\/2018\/10\/LOGO-PTM.png\",\"contentUrl\":\"https:\/\/ptmsrl.com\/wp-content\/uploads\/2018\/10\/LOGO-PTM.png\",\"width\":1000,\"height\":500,\"caption\":\"PTM srl\"},\"image\":{\"@id\":\"https:\/\/ptmsrl.com\/#\/schema\/logo\/image\/\"},\"sameAs\":[\"https:\/\/www.facebook.com\/believingintechnology\/\",\"https:\/\/x.com\/ptm\",\"https:\/\/www.linkedin.com\/company\/ptm-s-r-l\/\",\"https:\/\/www.youtube.com\/channel\/UCPSOS0MaR-4jDkAD3HkAC7A\"]}]}<\/script>\n<!-- \/ Yoast SEO plugin. -->","yoast_head_json":{"title":"PTM Srl | Twin Tac 300 Series","robots":{"index":"index","follow":"follow","max-snippet":"max-snippet:-1","max-image-preview":"max-image-preview:large","max-video-preview":"max-video-preview:-1"},"canonical":"https:\/\/ptmsrl.com\/de\/prodotto\/twin-tac-300-series\/","og_locale":"de_DE","og_type":"article","og_title":"PTM Srl | Twin Tac 300 Series","og_description":"Die TWIN TAC 300 SERIE ist eine Steuereinheit mit St\u00fcckz\u00e4hlwaagen-\/Tierz\u00e4hlfunktionen, mit zwei unterschiedlichen Abschnitten P1 und P2, die unabh\u00e4ngig voneinander arbeiten k\u00f6nnen. Die Steuereinheit ist mit einem Grafikdisplay ausgestattet, das alle verf\u00fcgbaren Funktionen anzeigt und die M\u00f6glichkeit bietet, die ersten Kalibrierungen durchzuf\u00fchren und alle Wiegevorg\u00e4nge zu verfolgen.  Nachdem dem ermittelten Gewicht eine St\u00fcckzahl zugeordnet wurde, verwendet das System die St\u00fcckzahl und nicht das Gewicht als Ma\u00dfeinheit.  Im W\u00c4GEMODUS wird der leere Objektbeh\u00e4lter positioniert. Die Tara wird auf Null zur\u00fcckgesetzt und die Anzahl der Objekte, die das Probengewicht bilden, wird in den Beh\u00e4lter geladen.  Durch Dr\u00fccken der Taste \u201eM1 oder M2\u201c an der Bedieneinheit best\u00e4tigen Sie die normalerweise angezeigte Zahl 100 als Probennummer.  Nach jeder Ladung k\u00f6nnen wir entscheiden, ob wir anhalten und die Station wechseln, mit derselben fortfahren oder mit der Stopptaste anhalten m\u00f6chten.","og_url":"https:\/\/ptmsrl.com\/de\/prodotto\/twin-tac-300-series\/","og_site_name":"PTM Srl","article_publisher":"https:\/\/www.facebook.com\/believingintechnology\/","article_modified_time":"2024-09-25T15:11:05+00:00","og_image":[{"width":800,"height":800,"url":"https:\/\/ptmsrl.com\/wp-content\/uploads\/2024\/09\/PTM-TWIN-TAC-300-SERIES-Centralina-soluzioni-custom.jpg","type":"image\/jpeg"}],"twitter_card":"summary_large_image","twitter_site":"@ptm","twitter_misc":{"Gesch\u00e4tzte Lesezeit":"1\u00a0Minute"},"schema":{"@context":"https:\/\/schema.org","@graph":[{"@type":"WebPage","@id":"https:\/\/ptmsrl.com\/de\/prodotto\/twin-tac-300-series\/","url":"https:\/\/ptmsrl.com\/de\/prodotto\/twin-tac-300-series\/","name":"PTM Srl | Twin Tac 300 Series","isPartOf":{"@id":"https:\/\/ptmsrl.com\/#website"},"primaryImageOfPage":{"@id":"https:\/\/ptmsrl.com\/de\/prodotto\/twin-tac-300-series\/#primaryimage"},"image":{"@id":"https:\/\/ptmsrl.com\/de\/prodotto\/twin-tac-300-series\/#primaryimage"},"thumbnailUrl":"https:\/\/ptmsrl.com\/wp-content\/uploads\/2024\/09\/PTM-TWIN-TAC-300-SERIES-Centralina-soluzioni-custom.jpg","datePublished":"2024-09-23T10:06:50+00:00","dateModified":"2024-09-25T15:11:05+00:00","breadcrumb":{"@id":"https:\/\/ptmsrl.com\/de\/prodotto\/twin-tac-300-series\/#breadcrumb"},"inLanguage":"de","potentialAction":[{"@type":"ReadAction","target":["https:\/\/ptmsrl.com\/de\/prodotto\/twin-tac-300-series\/"]}]},{"@type":"ImageObject","inLanguage":"de","@id":"https:\/\/ptmsrl.com\/de\/prodotto\/twin-tac-300-series\/#primaryimage","url":"https:\/\/ptmsrl.com\/wp-content\/uploads\/2024\/09\/PTM-TWIN-TAC-300-SERIES-Centralina-soluzioni-custom.jpg","contentUrl":"https:\/\/ptmsrl.com\/wp-content\/uploads\/2024\/09\/PTM-TWIN-TAC-300-SERIES-Centralina-soluzioni-custom.jpg","width":800,"height":800},{"@type":"BreadcrumbList","@id":"https:\/\/ptmsrl.com\/de\/prodotto\/twin-tac-300-series\/#breadcrumb","itemListElement":[{"@type":"ListItem","position":1,"name":"Home","item":"https:\/\/ptmsrl.com\/de\/"},{"@type":"ListItem","position":2,"name":"Shop","item":"https:\/\/ptmsrl.com\/shop\/"},{"@type":"ListItem","position":3,"name":"Twin Tac 300 Series"}]},{"@type":"WebSite","@id":"https:\/\/ptmsrl.com\/#website","url":"https:\/\/ptmsrl.com\/","name":"PTM Srl","description":"\u041c\u042b \u041f\u0420\u041e\u0418\u0417\u0412\u041e\u0414\u0418\u041c \u041a\u0410\u0427\u0415\u0421\u0422\u0412\u041e, \u041a\u041e\u0422\u041e\u0420\u041e\u0415 \u0418\u041c\u0415\u0415\u0422 \u041e\u0421\u041e\u0411\u042b\u0419 \u0412\u0415\u0421","publisher":{"@id":"https:\/\/ptmsrl.com\/#organization"},"potentialAction":[{"@type":"SearchAction","target":{"@type":"EntryPoint","urlTemplate":"https:\/\/ptmsrl.com\/?s={search_term_string}"},"query-input":{"@type":"PropertyValueSpecification","valueRequired":true,"valueName":"search_term_string"}}],"inLanguage":"de"},{"@type":"Organization","@id":"https:\/\/ptmsrl.com\/#organization","name":"PTM srl","url":"https:\/\/ptmsrl.com\/","logo":{"@type":"ImageObject","inLanguage":"de","@id":"https:\/\/ptmsrl.com\/#\/schema\/logo\/image\/","url":"https:\/\/ptmsrl.com\/wp-content\/uploads\/2018\/10\/LOGO-PTM.png","contentUrl":"https:\/\/ptmsrl.com\/wp-content\/uploads\/2018\/10\/LOGO-PTM.png","width":1000,"height":500,"caption":"PTM srl"},"image":{"@id":"https:\/\/ptmsrl.com\/#\/schema\/logo\/image\/"},"sameAs":["https:\/\/www.facebook.com\/believingintechnology\/","https:\/\/x.com\/ptm","https:\/\/www.linkedin.com\/company\/ptm-s-r-l\/","https:\/\/www.youtube.com\/channel\/UCPSOS0MaR-4jDkAD3HkAC7A"]}]}},"_links":{"self":[{"href":"https:\/\/ptmsrl.com\/de\/wp-json\/wp\/v2\/product\/25355","targetHints":{"allow":["GET"]}}],"collection":[{"href":"https:\/\/ptmsrl.com\/de\/wp-json\/wp\/v2\/product"}],"about":[{"href":"https:\/\/ptmsrl.com\/de\/wp-json\/wp\/v2\/types\/product"}],"wp:featuredmedia":[{"embeddable":true,"href":"https:\/\/ptmsrl.com\/de\/wp-json\/wp\/v2\/media\/25366"}],"wp:attachment":[{"href":"https:\/\/ptmsrl.com\/de\/wp-json\/wp\/v2\/media?parent=25355"}],"wp:term":[{"taxonomy":"product_brand","embeddable":true,"href":"https:\/\/ptmsrl.com\/de\/wp-json\/wp\/v2\/product_brand?post=25355"},{"taxonomy":"product_cat","embeddable":true,"href":"https:\/\/ptmsrl.com\/de\/wp-json\/wp\/v2\/product_cat?post=25355"},{"taxonomy":"product_tag","embeddable":true,"href":"https:\/\/ptmsrl.com\/de\/wp-json\/wp\/v2\/product_tag?post=25355"}],"curies":[{"name":"wp","href":"https:\/\/api.w.org\/{rel}","templated":true}]}}