{"id":2538,"date":"2018-09-07T15:03:34","date_gmt":"2018-10-25T15:42:27","guid":{"rendered":"https:\/\/ptmsrl.com\/?post_type=product&#038;p=2538"},"modified":"2019-07-26T10:06:52","modified_gmt":"2019-07-26T08:06:52","slug":"av65","status":"publish","type":"product","link":"https:\/\/ptmsrl.com\/de\/prodotto\/av65\/","title":{"rendered":"AV65"},"content":{"rendered":"<ul>\n<li>Display mit Funk-Kommunikation<\/li>\n<li>Reichweite bis 50 m.<\/li>\n<li>Bis zu 4 Systemen gleichzeitig \u00fcber Funk kontrolliert, dank 4 verf\u00fcgbarer Kan\u00e4le<\/li>\n<li>Ladeger\u00e4t mit der Batterie vom Schlepper verbunden oder Ladeger\u00e4t mit Stromnetz verbunden (optional)<\/li>\n<li>Doppeldisplay<\/li>\n<li>\u00dcberwachung der Hauptfunktionen bei den Wiegecomputern ADVANCE &#8211; EVOLUTION<\/li>\n<li>Einstellbare Parameter zur Funk\u00fcbertragung<\/li>\n<\/ul>\n<p>FUNKTIONSTASTEN:<\/p>\n<ul>\n<li>9 Funktionstasten zur Bedienung von personalisierbaren Funktionen<\/li>\n<li>4 proportionale Ausg\u00e4nge<\/li>\n<li>Bis 24 Ausg\u00e4nge f\u00fcr jedes Handger\u00e4t verf\u00fcgbar<\/li>\n<li>Bis 3 Drive 8 Platinen f\u00fcr die Potenzausg\u00e4nge, mit der Waage durch Multilink verbunden<\/li>\n<li>Bis 4 Ausg\u00e4nge \u00fcber jede Taste aktivierbar<\/li>\n<li>4 unterschiedliche Funktionsweisen auf allen Tasten verf\u00fcgbar<\/li>\n<li>Auswahl unter 5 Ausgangstypen<\/li>\n<li>Max. 5A Strom f\u00fcr dei Ausg\u00e4nge<\/li>\n<li>Extreme Vielseitigkeit f\u00fcr vielf\u00e4ltigen Anwendungen<\/li>\n<li>M\u00f6glichkeit, 6 Eing\u00e4nge \u00fcber Proximty-Sensoren, externe Tasten \/ Mikroschalter<\/li>\n<li>Anzeige der aktiven Funktionen<\/li>\n<\/ul>\n","protected":false},"excerpt":{"rendered":"<h3><strong>RF-Zusatzanzeige, zur Fernbedienung des Wiegesystemes<\/strong><\/h3>\n<p align=\"justify\">Die AV65 ist eine Fernanzeige zur Fernbedienung der Funktionen f\u00fcr alle Wiegecomputer der Serie ADVANCE und EVOLUTION.<br \/>\nSie hat ein stabiles Kunststoffgeh\u00e4use und ist mit integriertem Sender\/Empf\u00e4nger, zwei Displays (einem hinterleuchteten LCD Display und einem hellen LED Display mit 6 Segmenten) ausgestattet. Bei der Verwendung der Zusatzanzeige AV65 an einem Wiegecomputer, erm\u00f6glicht sie dem Bediener eine gewisse Mobilit\u00e4t. Er kontrolliert und bedient die Waage aus der Distanz, ohne seinen Arbeitsplatz verlassen zu m\u00fcssen.<\/p>\n<p align=\"justify\">Mit den verf\u00fcgbaren 9 Funktionstasten k\u00f6nnen bis zu 24 Ausg\u00e4ngen bedient werden. Die Bedienung von spezifischen Operationen (z.B. Band Drehrichtung, Stutzfu\u00df AUF\/AB, etc\u2026). Jeder Funktionstaste k\u00f6nnte mit bis zu 4 Ausg\u00e4nge gleichzeitig assoziiert werden; zur besseren \u00dcbersicht, werden\u00a0die aktiven Funktionen auf dem alphanumerischen LCD Display angezeigt.<\/p>\n<p align=\"justify\">Die AV65 kann f\u00fcr vielf\u00e4ltige Anwendungen verwendet werden. Mit der entsprechenden Software und Parametern kann das System auf viele Anwendungen konfiguriert werden. Die Bedienersicherheit ist durch die einstellbare Wartezeit, die Sperrung von gef\u00e4hrlichen Gegenfunktionen und die Erh\u00f6hung der Sichtkontrolle seitens des Bedieners durch LED Leuchten, die die Aktivierung einer Funktion anzeigen, gew\u00e4hrleistet.<\/p>\n<p align=\"justify\">Die RF-Bedienung kann bei einer Reichweite von 50 Metern bis zu 4 verschiedenen Maschinen gleichzeitig zu kontrollieren.<br \/>\nDie Bediener\u00f6berfl\u00e4che ist mehrsprachig und mit einem System zur Garantie\u00fcberwachung ausgestattet.<\/p>\n","protected":false},"featured_media":14740,"template":"","meta":{"inline_featured_image":false},"product_brand":[],"product_cat":[167],"product_tag":[],"class_list":{"0":"post-2538","1":"product","2":"type-product","3":"status-publish","4":"has-post-thumbnail","6":"product_cat-standardzubehoer","8":"first","9":"instock","10":"downloadable","11":"shipping-taxable","12":"product-type-simple"},"yoast_head":"<!-- This site is optimized with the Yoast SEO plugin v25.3 - https:\/\/yoast.com\/wordpress\/plugins\/seo\/ -->\n<title>PTM Srl | AV65<\/title>\n<meta name=\"robots\" content=\"index, follow, max-snippet:-1, max-image-preview:large, max-video-preview:-1\" \/>\n<link rel=\"canonical\" href=\"https:\/\/ptmsrl.com\/de\/prodotto\/av65\/\" \/>\n<meta property=\"og:locale\" content=\"de_DE\" \/>\n<meta property=\"og:type\" content=\"article\" \/>\n<meta property=\"og:title\" content=\"PTM Srl | AV65\" \/>\n<meta property=\"og:description\" content=\"RF-Zusatzanzeige, zur Fernbedienung des Wiegesystemes Die AV65 ist eine Fernanzeige zur Fernbedienung der Funktionen f\u00fcr alle Wiegecomputer der Serie ADVANCE und EVOLUTION. Sie hat ein stabiles Kunststoffgeh\u00e4use und ist mit integriertem Sender\/Empf\u00e4nger, zwei Displays (einem hinterleuchteten LCD Display und einem hellen LED Display mit 6 Segmenten) ausgestattet. Bei der Verwendung der Zusatzanzeige AV65 an einem Wiegecomputer, erm\u00f6glicht sie dem Bediener eine gewisse Mobilit\u00e4t. Er kontrolliert und bedient die Waage aus der Distanz, ohne seinen Arbeitsplatz verlassen zu m\u00fcssen.  Mit den verf\u00fcgbaren 9 Funktionstasten k\u00f6nnen bis zu 24 Ausg\u00e4ngen bedient werden. Die Bedienung von spezifischen Operationen (z.B. Band Drehrichtung, Stutzfu\u00df AUF\/AB, etc\u2026). Jeder Funktionstaste k\u00f6nnte mit bis zu 4 Ausg\u00e4nge gleichzeitig assoziiert werden; zur besseren \u00dcbersicht, werden\u00a0die aktiven Funktionen auf dem alphanumerischen LCD Display angezeigt.  Die AV65 kann f\u00fcr vielf\u00e4ltige Anwendungen verwendet werden. Mit der entsprechenden Software und Parametern kann das System auf viele Anwendungen konfiguriert werden. Die Bedienersicherheit ist durch die einstellbare Wartezeit, die Sperrung von gef\u00e4hrlichen Gegenfunktionen und die Erh\u00f6hung der Sichtkontrolle seitens des Bedieners durch LED Leuchten, die die Aktivierung einer Funktion anzeigen, gew\u00e4hrleistet.  Die RF-Bedienung kann bei einer Reichweite von 50 Metern bis zu 4 verschiedenen Maschinen gleichzeitig zu kontrollieren. Die Bediener\u00f6berfl\u00e4che ist mehrsprachig und mit einem System zur Garantie\u00fcberwachung ausgestattet.\" \/>\n<meta property=\"og:url\" content=\"https:\/\/ptmsrl.com\/de\/prodotto\/av65\/\" \/>\n<meta property=\"og:site_name\" content=\"PTM Srl\" \/>\n<meta property=\"article:publisher\" content=\"https:\/\/www.facebook.com\/believingintechnology\/\" \/>\n<meta property=\"article:modified_time\" content=\"2019-07-26T08:06:52+00:00\" \/>\n<meta property=\"og:image\" content=\"https:\/\/ptmsrl.com\/wp-content\/uploads\/2018\/09\/AV-65-GENERICO-FGDISPLAV650.jpg\" \/>\n\t<meta property=\"og:image:width\" content=\"1024\" \/>\n\t<meta property=\"og:image:height\" content=\"1024\" \/>\n\t<meta property=\"og:image:type\" content=\"image\/jpeg\" \/>\n<meta name=\"twitter:card\" content=\"summary_large_image\" \/>\n<meta name=\"twitter:site\" content=\"@ptm\" \/>\n<meta name=\"twitter:label1\" content=\"Gesch\u00e4tzte Lesezeit\" \/>\n\t<meta name=\"twitter:data1\" content=\"1\u00a0Minute\" \/>\n<script type=\"application\/ld+json\" class=\"yoast-schema-graph\">{\"@context\":\"https:\/\/schema.org\",\"@graph\":[{\"@type\":\"WebPage\",\"@id\":\"https:\/\/ptmsrl.com\/de\/prodotto\/av65\/\",\"url\":\"https:\/\/ptmsrl.com\/de\/prodotto\/av65\/\",\"name\":\"PTM Srl | AV65\",\"isPartOf\":{\"@id\":\"https:\/\/ptmsrl.com\/#website\"},\"primaryImageOfPage\":{\"@id\":\"https:\/\/ptmsrl.com\/de\/prodotto\/av65\/#primaryimage\"},\"image\":{\"@id\":\"https:\/\/ptmsrl.com\/de\/prodotto\/av65\/#primaryimage\"},\"thumbnailUrl\":\"https:\/\/ptmsrl.com\/wp-content\/uploads\/2018\/09\/AV-65-GENERICO-FGDISPLAV650.jpg\",\"datePublished\":\"2018-10-25T15:42:27+00:00\",\"dateModified\":\"2019-07-26T08:06:52+00:00\",\"breadcrumb\":{\"@id\":\"https:\/\/ptmsrl.com\/de\/prodotto\/av65\/#breadcrumb\"},\"inLanguage\":\"de\",\"potentialAction\":[{\"@type\":\"ReadAction\",\"target\":[\"https:\/\/ptmsrl.com\/de\/prodotto\/av65\/\"]}]},{\"@type\":\"ImageObject\",\"inLanguage\":\"de\",\"@id\":\"https:\/\/ptmsrl.com\/de\/prodotto\/av65\/#primaryimage\",\"url\":\"https:\/\/ptmsrl.com\/wp-content\/uploads\/2018\/09\/AV-65-GENERICO-FGDISPLAV650.jpg\",\"contentUrl\":\"https:\/\/ptmsrl.com\/wp-content\/uploads\/2018\/09\/AV-65-GENERICO-FGDISPLAV650.jpg\",\"width\":1024,\"height\":1024,\"caption\":\"av-65-generico-fgdisplav650\"},{\"@type\":\"BreadcrumbList\",\"@id\":\"https:\/\/ptmsrl.com\/de\/prodotto\/av65\/#breadcrumb\",\"itemListElement\":[{\"@type\":\"ListItem\",\"position\":1,\"name\":\"Home\",\"item\":\"https:\/\/ptmsrl.com\/de\/\"},{\"@type\":\"ListItem\",\"position\":2,\"name\":\"Shop\",\"item\":\"https:\/\/ptmsrl.com\/shop\/\"},{\"@type\":\"ListItem\",\"position\":3,\"name\":\"AV65\"}]},{\"@type\":\"WebSite\",\"@id\":\"https:\/\/ptmsrl.com\/#website\",\"url\":\"https:\/\/ptmsrl.com\/\",\"name\":\"PTM Srl\",\"description\":\"\u041c\u042b \u041f\u0420\u041e\u0418\u0417\u0412\u041e\u0414\u0418\u041c \u041a\u0410\u0427\u0415\u0421\u0422\u0412\u041e, \u041a\u041e\u0422\u041e\u0420\u041e\u0415 \u0418\u041c\u0415\u0415\u0422 \u041e\u0421\u041e\u0411\u042b\u0419 \u0412\u0415\u0421\",\"publisher\":{\"@id\":\"https:\/\/ptmsrl.com\/#organization\"},\"potentialAction\":[{\"@type\":\"SearchAction\",\"target\":{\"@type\":\"EntryPoint\",\"urlTemplate\":\"https:\/\/ptmsrl.com\/?s={search_term_string}\"},\"query-input\":{\"@type\":\"PropertyValueSpecification\",\"valueRequired\":true,\"valueName\":\"search_term_string\"}}],\"inLanguage\":\"de\"},{\"@type\":\"Organization\",\"@id\":\"https:\/\/ptmsrl.com\/#organization\",\"name\":\"PTM srl\",\"url\":\"https:\/\/ptmsrl.com\/\",\"logo\":{\"@type\":\"ImageObject\",\"inLanguage\":\"de\",\"@id\":\"https:\/\/ptmsrl.com\/#\/schema\/logo\/image\/\",\"url\":\"https:\/\/ptmsrl.com\/wp-content\/uploads\/2018\/10\/LOGO-PTM.png\",\"contentUrl\":\"https:\/\/ptmsrl.com\/wp-content\/uploads\/2018\/10\/LOGO-PTM.png\",\"width\":1000,\"height\":500,\"caption\":\"PTM srl\"},\"image\":{\"@id\":\"https:\/\/ptmsrl.com\/#\/schema\/logo\/image\/\"},\"sameAs\":[\"https:\/\/www.facebook.com\/believingintechnology\/\",\"https:\/\/x.com\/ptm\",\"https:\/\/www.linkedin.com\/company\/ptm-s-r-l\/\",\"https:\/\/www.youtube.com\/channel\/UCPSOS0MaR-4jDkAD3HkAC7A\"]}]}<\/script>\n<!-- \/ Yoast SEO plugin. -->","yoast_head_json":{"title":"PTM Srl | AV65","robots":{"index":"index","follow":"follow","max-snippet":"max-snippet:-1","max-image-preview":"max-image-preview:large","max-video-preview":"max-video-preview:-1"},"canonical":"https:\/\/ptmsrl.com\/de\/prodotto\/av65\/","og_locale":"de_DE","og_type":"article","og_title":"PTM Srl | AV65","og_description":"RF-Zusatzanzeige, zur Fernbedienung des Wiegesystemes Die AV65 ist eine Fernanzeige zur Fernbedienung der Funktionen f\u00fcr alle Wiegecomputer der Serie ADVANCE und EVOLUTION. Sie hat ein stabiles Kunststoffgeh\u00e4use und ist mit integriertem Sender\/Empf\u00e4nger, zwei Displays (einem hinterleuchteten LCD Display und einem hellen LED Display mit 6 Segmenten) ausgestattet. Bei der Verwendung der Zusatzanzeige AV65 an einem Wiegecomputer, erm\u00f6glicht sie dem Bediener eine gewisse Mobilit\u00e4t. Er kontrolliert und bedient die Waage aus der Distanz, ohne seinen Arbeitsplatz verlassen zu m\u00fcssen.  Mit den verf\u00fcgbaren 9 Funktionstasten k\u00f6nnen bis zu 24 Ausg\u00e4ngen bedient werden. Die Bedienung von spezifischen Operationen (z.B. Band Drehrichtung, Stutzfu\u00df AUF\/AB, etc\u2026). Jeder Funktionstaste k\u00f6nnte mit bis zu 4 Ausg\u00e4nge gleichzeitig assoziiert werden; zur besseren \u00dcbersicht, werden\u00a0die aktiven Funktionen auf dem alphanumerischen LCD Display angezeigt.  Die AV65 kann f\u00fcr vielf\u00e4ltige Anwendungen verwendet werden. Mit der entsprechenden Software und Parametern kann das System auf viele Anwendungen konfiguriert werden. Die Bedienersicherheit ist durch die einstellbare Wartezeit, die Sperrung von gef\u00e4hrlichen Gegenfunktionen und die Erh\u00f6hung der Sichtkontrolle seitens des Bedieners durch LED Leuchten, die die Aktivierung einer Funktion anzeigen, gew\u00e4hrleistet.  Die RF-Bedienung kann bei einer Reichweite von 50 Metern bis zu 4 verschiedenen Maschinen gleichzeitig zu kontrollieren. Die Bediener\u00f6berfl\u00e4che ist mehrsprachig und mit einem System zur Garantie\u00fcberwachung ausgestattet.","og_url":"https:\/\/ptmsrl.com\/de\/prodotto\/av65\/","og_site_name":"PTM Srl","article_publisher":"https:\/\/www.facebook.com\/believingintechnology\/","article_modified_time":"2019-07-26T08:06:52+00:00","og_image":[{"width":1024,"height":1024,"url":"https:\/\/ptmsrl.com\/wp-content\/uploads\/2018\/09\/AV-65-GENERICO-FGDISPLAV650.jpg","type":"image\/jpeg"}],"twitter_card":"summary_large_image","twitter_site":"@ptm","twitter_misc":{"Gesch\u00e4tzte Lesezeit":"1\u00a0Minute"},"schema":{"@context":"https:\/\/schema.org","@graph":[{"@type":"WebPage","@id":"https:\/\/ptmsrl.com\/de\/prodotto\/av65\/","url":"https:\/\/ptmsrl.com\/de\/prodotto\/av65\/","name":"PTM Srl | AV65","isPartOf":{"@id":"https:\/\/ptmsrl.com\/#website"},"primaryImageOfPage":{"@id":"https:\/\/ptmsrl.com\/de\/prodotto\/av65\/#primaryimage"},"image":{"@id":"https:\/\/ptmsrl.com\/de\/prodotto\/av65\/#primaryimage"},"thumbnailUrl":"https:\/\/ptmsrl.com\/wp-content\/uploads\/2018\/09\/AV-65-GENERICO-FGDISPLAV650.jpg","datePublished":"2018-10-25T15:42:27+00:00","dateModified":"2019-07-26T08:06:52+00:00","breadcrumb":{"@id":"https:\/\/ptmsrl.com\/de\/prodotto\/av65\/#breadcrumb"},"inLanguage":"de","potentialAction":[{"@type":"ReadAction","target":["https:\/\/ptmsrl.com\/de\/prodotto\/av65\/"]}]},{"@type":"ImageObject","inLanguage":"de","@id":"https:\/\/ptmsrl.com\/de\/prodotto\/av65\/#primaryimage","url":"https:\/\/ptmsrl.com\/wp-content\/uploads\/2018\/09\/AV-65-GENERICO-FGDISPLAV650.jpg","contentUrl":"https:\/\/ptmsrl.com\/wp-content\/uploads\/2018\/09\/AV-65-GENERICO-FGDISPLAV650.jpg","width":1024,"height":1024,"caption":"av-65-generico-fgdisplav650"},{"@type":"BreadcrumbList","@id":"https:\/\/ptmsrl.com\/de\/prodotto\/av65\/#breadcrumb","itemListElement":[{"@type":"ListItem","position":1,"name":"Home","item":"https:\/\/ptmsrl.com\/de\/"},{"@type":"ListItem","position":2,"name":"Shop","item":"https:\/\/ptmsrl.com\/shop\/"},{"@type":"ListItem","position":3,"name":"AV65"}]},{"@type":"WebSite","@id":"https:\/\/ptmsrl.com\/#website","url":"https:\/\/ptmsrl.com\/","name":"PTM Srl","description":"\u041c\u042b \u041f\u0420\u041e\u0418\u0417\u0412\u041e\u0414\u0418\u041c \u041a\u0410\u0427\u0415\u0421\u0422\u0412\u041e, \u041a\u041e\u0422\u041e\u0420\u041e\u0415 \u0418\u041c\u0415\u0415\u0422 \u041e\u0421\u041e\u0411\u042b\u0419 \u0412\u0415\u0421","publisher":{"@id":"https:\/\/ptmsrl.com\/#organization"},"potentialAction":[{"@type":"SearchAction","target":{"@type":"EntryPoint","urlTemplate":"https:\/\/ptmsrl.com\/?s={search_term_string}"},"query-input":{"@type":"PropertyValueSpecification","valueRequired":true,"valueName":"search_term_string"}}],"inLanguage":"de"},{"@type":"Organization","@id":"https:\/\/ptmsrl.com\/#organization","name":"PTM srl","url":"https:\/\/ptmsrl.com\/","logo":{"@type":"ImageObject","inLanguage":"de","@id":"https:\/\/ptmsrl.com\/#\/schema\/logo\/image\/","url":"https:\/\/ptmsrl.com\/wp-content\/uploads\/2018\/10\/LOGO-PTM.png","contentUrl":"https:\/\/ptmsrl.com\/wp-content\/uploads\/2018\/10\/LOGO-PTM.png","width":1000,"height":500,"caption":"PTM srl"},"image":{"@id":"https:\/\/ptmsrl.com\/#\/schema\/logo\/image\/"},"sameAs":["https:\/\/www.facebook.com\/believingintechnology\/","https:\/\/x.com\/ptm","https:\/\/www.linkedin.com\/company\/ptm-s-r-l\/","https:\/\/www.youtube.com\/channel\/UCPSOS0MaR-4jDkAD3HkAC7A"]}]}},"_links":{"self":[{"href":"https:\/\/ptmsrl.com\/de\/wp-json\/wp\/v2\/product\/2538","targetHints":{"allow":["GET"]}}],"collection":[{"href":"https:\/\/ptmsrl.com\/de\/wp-json\/wp\/v2\/product"}],"about":[{"href":"https:\/\/ptmsrl.com\/de\/wp-json\/wp\/v2\/types\/product"}],"wp:featuredmedia":[{"embeddable":true,"href":"https:\/\/ptmsrl.com\/de\/wp-json\/wp\/v2\/media\/14740"}],"wp:attachment":[{"href":"https:\/\/ptmsrl.com\/de\/wp-json\/wp\/v2\/media?parent=2538"}],"wp:term":[{"taxonomy":"product_brand","embeddable":true,"href":"https:\/\/ptmsrl.com\/de\/wp-json\/wp\/v2\/product_brand?post=2538"},{"taxonomy":"product_cat","embeddable":true,"href":"https:\/\/ptmsrl.com\/de\/wp-json\/wp\/v2\/product_cat?post=2538"},{"taxonomy":"product_tag","embeddable":true,"href":"https:\/\/ptmsrl.com\/de\/wp-json\/wp\/v2\/product_tag?post=2538"}],"curies":[{"name":"wp","href":"https:\/\/api.w.org\/{rel}","templated":true}]}}