{"id":2546,"date":"2018-09-07T15:19:11","date_gmt":"2018-10-25T16:18:46","guid":{"rendered":"https:\/\/ptmsrl.com\/?post_type=product&#038;p=2546"},"modified":"2019-07-23T09:15:22","modified_gmt":"2019-07-23T07:15:22","slug":"telerf","status":"publish","type":"product","link":"https:\/\/ptmsrl.com\/de\/prodotto\/telerf\/","title":{"rendered":"Telerf"},"content":{"rendered":"<ul>\n<li>Programmierung von personalisierten Funktionen m\u00f6glich<\/li>\n<li>Hohe Vielseitigkeit f\u00fcr mehrere Anwendungen (Strohschneider, Strohgebl\u00e4se, Futtermischwagen,\u00a0Rundballenpresse, S\u00e4maschine, Wasserwagen, Kr\u00e4ne, Plattformen\u2026)<\/li>\n<li>6 Eing\u00e4nge aus Proximity-Sensoren, externen Tasten oder Mikroschalter verf\u00fcgbar<\/li>\n<li>Reichweite bis 50 mt. \u00fcber Funk (in freiem Feld)<\/li>\n<li>Intuitive Tastatur mit personalisierten Symbolen<\/li>\n<li>Ergonomisches Geh\u00e4use<\/li>\n<li>Befestigungshalterung verf\u00fcgbar<\/li>\n<li>Nottaste zur sofortigen Unterbrechung der gesteuerten Vorg\u00e4nge<\/li>\n<li>Ventilschutz gegen Kurzschl\u00fcsse<\/li>\n<li>Festigkeit gegen starke mechanische Belastungen<\/li>\n<li>Standartbatterien<\/li>\n<li>Ein Zusatzsensor \u00fcberwacht ob der Bediener das TELERF in der Hand h\u00e4lt<\/li>\n<\/ul>\n","protected":false},"excerpt":{"rendered":"<h3><strong>Handterminal zur Steuerung und Automatisierung<\/strong><\/h3>\n<p align=\"justify\">Das TELERF Handterminal wurde als L\u00f6sung zur Fernsteuerung und -Automatisierung \u00fcber Funk- oder Kabelkommunikation entwickelt. Es k\u00f6nnen, <strong>unterschiedliche<\/strong> elektrische, elektrohydraulische, elektromechanische, usw. <strong>Funktionen und Ger\u00e4te<\/strong> gesteuert werden.\u00a0Das TELERF erm\u00f6glicht die direkte \u00dcberwachung von Vorg\u00e4ngen an Landmaschinen (Strohschneider, Strohgebl\u00e4se, Futtermischwagen, Rundballenpresse, S\u00e4maschine, Wasserwagen, Kr\u00e4ne, Plattformen\u2026), indem sie die Kontakte, welche mit einem bestimmten Vorgang assoziiert sind, direkt steuert. Zur besseren \u00dcbersicht werden alle <strong>laufenden Vorg\u00e4nge und aktive Funktionen<\/strong> auf dem alphanumerischen <strong>LCD Display<\/strong> angezeigt.\u00a0Das TELE-RF ist f\u00fcr die Steuerung von maximal 28 Ausg\u00e4ngen vorbereitet, von denen 4 proportional und 4 Relaiskontakte sind. Damit k\u00f6nnen sowohl On\/off Funktionen sowie auch proportional regelbare Aktionen gesteuert werden.<\/p>\n<p align=\"justify\">Durch seine unbegrenzten und vielf\u00e4ltigen Kombinationen und Konfigurationen ist dieses Ger\u00e4t f\u00fcr viele verschiedene Anwendungen geeignet. Die Funkversion erm\u00f6glicht die Steuerung von Maschinen mit einer Reichweite von mehr als 50 m. Die Kabelversion gew\u00e4hrleistet eine h\u00f6here Bedienersicherheit bei Anlagen, wo sich gef\u00e4hrliche und bewegliche mechanische Teile befinden.<\/p>\n","protected":false},"featured_media":10496,"template":"","meta":{"inline_featured_image":false},"product_brand":[],"product_cat":[158],"product_tag":[],"class_list":{"0":"post-2546","1":"product","2":"type-product","3":"status-publish","4":"has-post-thumbnail","6":"product_cat-benutzerdefinierte-loesungen","8":"first","9":"instock","10":"downloadable","11":"shipping-taxable","12":"product-type-simple"},"yoast_head":"<!-- This site is optimized with the Yoast SEO plugin v25.3 - https:\/\/yoast.com\/wordpress\/plugins\/seo\/ -->\n<title>PTM Srl | Telerf<\/title>\n<meta name=\"robots\" content=\"index, follow, max-snippet:-1, max-image-preview:large, max-video-preview:-1\" \/>\n<link rel=\"canonical\" href=\"https:\/\/ptmsrl.com\/de\/prodotto\/telerf\/\" \/>\n<meta property=\"og:locale\" content=\"de_DE\" \/>\n<meta property=\"og:type\" content=\"article\" \/>\n<meta property=\"og:title\" content=\"PTM Srl | Telerf\" \/>\n<meta property=\"og:description\" content=\"Handterminal zur Steuerung und Automatisierung Das TELERF Handterminal wurde als L\u00f6sung zur Fernsteuerung und -Automatisierung \u00fcber Funk- oder Kabelkommunikation entwickelt. Es k\u00f6nnen, unterschiedliche elektrische, elektrohydraulische, elektromechanische, usw. Funktionen und Ger\u00e4te gesteuert werden.\u00a0Das TELERF erm\u00f6glicht die direkte \u00dcberwachung von Vorg\u00e4ngen an Landmaschinen (Strohschneider, Strohgebl\u00e4se, Futtermischwagen, Rundballenpresse, S\u00e4maschine, Wasserwagen, Kr\u00e4ne, Plattformen\u2026), indem sie die Kontakte, welche mit einem bestimmten Vorgang assoziiert sind, direkt steuert. Zur besseren \u00dcbersicht werden alle laufenden Vorg\u00e4nge und aktive Funktionen auf dem alphanumerischen LCD Display angezeigt.\u00a0Das TELE-RF ist f\u00fcr die Steuerung von maximal 28 Ausg\u00e4ngen vorbereitet, von denen 4 proportional und 4 Relaiskontakte sind. Damit k\u00f6nnen sowohl On\/off Funktionen sowie auch proportional regelbare Aktionen gesteuert werden.  Durch seine unbegrenzten und vielf\u00e4ltigen Kombinationen und Konfigurationen ist dieses Ger\u00e4t f\u00fcr viele verschiedene Anwendungen geeignet. Die Funkversion erm\u00f6glicht die Steuerung von Maschinen mit einer Reichweite von mehr als 50 m. Die Kabelversion gew\u00e4hrleistet eine h\u00f6here Bedienersicherheit bei Anlagen, wo sich gef\u00e4hrliche und bewegliche mechanische Teile befinden.\" \/>\n<meta property=\"og:url\" content=\"https:\/\/ptmsrl.com\/de\/prodotto\/telerf\/\" \/>\n<meta property=\"og:site_name\" content=\"PTM Srl\" \/>\n<meta property=\"article:publisher\" content=\"https:\/\/www.facebook.com\/believingintechnology\/\" \/>\n<meta property=\"article:modified_time\" content=\"2019-07-23T07:15:22+00:00\" \/>\n<meta property=\"og:image\" content=\"https:\/\/ptmsrl.com\/wp-content\/uploads\/2018\/09\/Telerf2_image.jpg\" \/>\n\t<meta property=\"og:image:width\" content=\"1024\" \/>\n\t<meta property=\"og:image:height\" content=\"1024\" \/>\n\t<meta property=\"og:image:type\" content=\"image\/jpeg\" \/>\n<meta name=\"twitter:card\" content=\"summary_large_image\" \/>\n<meta name=\"twitter:site\" content=\"@ptm\" \/>\n<script type=\"application\/ld+json\" class=\"yoast-schema-graph\">{\"@context\":\"https:\/\/schema.org\",\"@graph\":[{\"@type\":\"WebPage\",\"@id\":\"https:\/\/ptmsrl.com\/de\/prodotto\/telerf\/\",\"url\":\"https:\/\/ptmsrl.com\/de\/prodotto\/telerf\/\",\"name\":\"PTM Srl | Telerf\",\"isPartOf\":{\"@id\":\"https:\/\/ptmsrl.com\/#website\"},\"primaryImageOfPage\":{\"@id\":\"https:\/\/ptmsrl.com\/de\/prodotto\/telerf\/#primaryimage\"},\"image\":{\"@id\":\"https:\/\/ptmsrl.com\/de\/prodotto\/telerf\/#primaryimage\"},\"thumbnailUrl\":\"https:\/\/ptmsrl.com\/wp-content\/uploads\/2018\/09\/Telerf2_image.jpg\",\"datePublished\":\"2018-10-25T16:18:46+00:00\",\"dateModified\":\"2019-07-23T07:15:22+00:00\",\"breadcrumb\":{\"@id\":\"https:\/\/ptmsrl.com\/de\/prodotto\/telerf\/#breadcrumb\"},\"inLanguage\":\"de\",\"potentialAction\":[{\"@type\":\"ReadAction\",\"target\":[\"https:\/\/ptmsrl.com\/de\/prodotto\/telerf\/\"]}]},{\"@type\":\"ImageObject\",\"inLanguage\":\"de\",\"@id\":\"https:\/\/ptmsrl.com\/de\/prodotto\/telerf\/#primaryimage\",\"url\":\"https:\/\/ptmsrl.com\/wp-content\/uploads\/2018\/09\/Telerf2_image.jpg\",\"contentUrl\":\"https:\/\/ptmsrl.com\/wp-content\/uploads\/2018\/09\/Telerf2_image.jpg\",\"width\":1024,\"height\":1024,\"caption\":\"telerf2_image\"},{\"@type\":\"BreadcrumbList\",\"@id\":\"https:\/\/ptmsrl.com\/de\/prodotto\/telerf\/#breadcrumb\",\"itemListElement\":[{\"@type\":\"ListItem\",\"position\":1,\"name\":\"Home\",\"item\":\"https:\/\/ptmsrl.com\/de\/\"},{\"@type\":\"ListItem\",\"position\":2,\"name\":\"Shop\",\"item\":\"https:\/\/ptmsrl.com\/shop\/\"},{\"@type\":\"ListItem\",\"position\":3,\"name\":\"Telerf\"}]},{\"@type\":\"WebSite\",\"@id\":\"https:\/\/ptmsrl.com\/#website\",\"url\":\"https:\/\/ptmsrl.com\/\",\"name\":\"PTM Srl\",\"description\":\"\u041c\u042b \u041f\u0420\u041e\u0418\u0417\u0412\u041e\u0414\u0418\u041c \u041a\u0410\u0427\u0415\u0421\u0422\u0412\u041e, \u041a\u041e\u0422\u041e\u0420\u041e\u0415 \u0418\u041c\u0415\u0415\u0422 \u041e\u0421\u041e\u0411\u042b\u0419 \u0412\u0415\u0421\",\"publisher\":{\"@id\":\"https:\/\/ptmsrl.com\/#organization\"},\"potentialAction\":[{\"@type\":\"SearchAction\",\"target\":{\"@type\":\"EntryPoint\",\"urlTemplate\":\"https:\/\/ptmsrl.com\/?s={search_term_string}\"},\"query-input\":{\"@type\":\"PropertyValueSpecification\",\"valueRequired\":true,\"valueName\":\"search_term_string\"}}],\"inLanguage\":\"de\"},{\"@type\":\"Organization\",\"@id\":\"https:\/\/ptmsrl.com\/#organization\",\"name\":\"PTM srl\",\"url\":\"https:\/\/ptmsrl.com\/\",\"logo\":{\"@type\":\"ImageObject\",\"inLanguage\":\"de\",\"@id\":\"https:\/\/ptmsrl.com\/#\/schema\/logo\/image\/\",\"url\":\"https:\/\/ptmsrl.com\/wp-content\/uploads\/2018\/10\/LOGO-PTM.png\",\"contentUrl\":\"https:\/\/ptmsrl.com\/wp-content\/uploads\/2018\/10\/LOGO-PTM.png\",\"width\":1000,\"height\":500,\"caption\":\"PTM srl\"},\"image\":{\"@id\":\"https:\/\/ptmsrl.com\/#\/schema\/logo\/image\/\"},\"sameAs\":[\"https:\/\/www.facebook.com\/believingintechnology\/\",\"https:\/\/x.com\/ptm\",\"https:\/\/www.linkedin.com\/company\/ptm-s-r-l\/\",\"https:\/\/www.youtube.com\/channel\/UCPSOS0MaR-4jDkAD3HkAC7A\"]}]}<\/script>\n<!-- \/ Yoast SEO plugin. -->","yoast_head_json":{"title":"PTM Srl | Telerf","robots":{"index":"index","follow":"follow","max-snippet":"max-snippet:-1","max-image-preview":"max-image-preview:large","max-video-preview":"max-video-preview:-1"},"canonical":"https:\/\/ptmsrl.com\/de\/prodotto\/telerf\/","og_locale":"de_DE","og_type":"article","og_title":"PTM Srl | Telerf","og_description":"Handterminal zur Steuerung und Automatisierung Das TELERF Handterminal wurde als L\u00f6sung zur Fernsteuerung und -Automatisierung \u00fcber Funk- oder Kabelkommunikation entwickelt. Es k\u00f6nnen, unterschiedliche elektrische, elektrohydraulische, elektromechanische, usw. Funktionen und Ger\u00e4te gesteuert werden.\u00a0Das TELERF erm\u00f6glicht die direkte \u00dcberwachung von Vorg\u00e4ngen an Landmaschinen (Strohschneider, Strohgebl\u00e4se, Futtermischwagen, Rundballenpresse, S\u00e4maschine, Wasserwagen, Kr\u00e4ne, Plattformen\u2026), indem sie die Kontakte, welche mit einem bestimmten Vorgang assoziiert sind, direkt steuert. Zur besseren \u00dcbersicht werden alle laufenden Vorg\u00e4nge und aktive Funktionen auf dem alphanumerischen LCD Display angezeigt.\u00a0Das TELE-RF ist f\u00fcr die Steuerung von maximal 28 Ausg\u00e4ngen vorbereitet, von denen 4 proportional und 4 Relaiskontakte sind. Damit k\u00f6nnen sowohl On\/off Funktionen sowie auch proportional regelbare Aktionen gesteuert werden.  Durch seine unbegrenzten und vielf\u00e4ltigen Kombinationen und Konfigurationen ist dieses Ger\u00e4t f\u00fcr viele verschiedene Anwendungen geeignet. Die Funkversion erm\u00f6glicht die Steuerung von Maschinen mit einer Reichweite von mehr als 50 m. Die Kabelversion gew\u00e4hrleistet eine h\u00f6here Bedienersicherheit bei Anlagen, wo sich gef\u00e4hrliche und bewegliche mechanische Teile befinden.","og_url":"https:\/\/ptmsrl.com\/de\/prodotto\/telerf\/","og_site_name":"PTM Srl","article_publisher":"https:\/\/www.facebook.com\/believingintechnology\/","article_modified_time":"2019-07-23T07:15:22+00:00","og_image":[{"width":1024,"height":1024,"url":"https:\/\/ptmsrl.com\/wp-content\/uploads\/2018\/09\/Telerf2_image.jpg","type":"image\/jpeg"}],"twitter_card":"summary_large_image","twitter_site":"@ptm","schema":{"@context":"https:\/\/schema.org","@graph":[{"@type":"WebPage","@id":"https:\/\/ptmsrl.com\/de\/prodotto\/telerf\/","url":"https:\/\/ptmsrl.com\/de\/prodotto\/telerf\/","name":"PTM Srl | Telerf","isPartOf":{"@id":"https:\/\/ptmsrl.com\/#website"},"primaryImageOfPage":{"@id":"https:\/\/ptmsrl.com\/de\/prodotto\/telerf\/#primaryimage"},"image":{"@id":"https:\/\/ptmsrl.com\/de\/prodotto\/telerf\/#primaryimage"},"thumbnailUrl":"https:\/\/ptmsrl.com\/wp-content\/uploads\/2018\/09\/Telerf2_image.jpg","datePublished":"2018-10-25T16:18:46+00:00","dateModified":"2019-07-23T07:15:22+00:00","breadcrumb":{"@id":"https:\/\/ptmsrl.com\/de\/prodotto\/telerf\/#breadcrumb"},"inLanguage":"de","potentialAction":[{"@type":"ReadAction","target":["https:\/\/ptmsrl.com\/de\/prodotto\/telerf\/"]}]},{"@type":"ImageObject","inLanguage":"de","@id":"https:\/\/ptmsrl.com\/de\/prodotto\/telerf\/#primaryimage","url":"https:\/\/ptmsrl.com\/wp-content\/uploads\/2018\/09\/Telerf2_image.jpg","contentUrl":"https:\/\/ptmsrl.com\/wp-content\/uploads\/2018\/09\/Telerf2_image.jpg","width":1024,"height":1024,"caption":"telerf2_image"},{"@type":"BreadcrumbList","@id":"https:\/\/ptmsrl.com\/de\/prodotto\/telerf\/#breadcrumb","itemListElement":[{"@type":"ListItem","position":1,"name":"Home","item":"https:\/\/ptmsrl.com\/de\/"},{"@type":"ListItem","position":2,"name":"Shop","item":"https:\/\/ptmsrl.com\/shop\/"},{"@type":"ListItem","position":3,"name":"Telerf"}]},{"@type":"WebSite","@id":"https:\/\/ptmsrl.com\/#website","url":"https:\/\/ptmsrl.com\/","name":"PTM Srl","description":"\u041c\u042b \u041f\u0420\u041e\u0418\u0417\u0412\u041e\u0414\u0418\u041c \u041a\u0410\u0427\u0415\u0421\u0422\u0412\u041e, \u041a\u041e\u0422\u041e\u0420\u041e\u0415 \u0418\u041c\u0415\u0415\u0422 \u041e\u0421\u041e\u0411\u042b\u0419 \u0412\u0415\u0421","publisher":{"@id":"https:\/\/ptmsrl.com\/#organization"},"potentialAction":[{"@type":"SearchAction","target":{"@type":"EntryPoint","urlTemplate":"https:\/\/ptmsrl.com\/?s={search_term_string}"},"query-input":{"@type":"PropertyValueSpecification","valueRequired":true,"valueName":"search_term_string"}}],"inLanguage":"de"},{"@type":"Organization","@id":"https:\/\/ptmsrl.com\/#organization","name":"PTM srl","url":"https:\/\/ptmsrl.com\/","logo":{"@type":"ImageObject","inLanguage":"de","@id":"https:\/\/ptmsrl.com\/#\/schema\/logo\/image\/","url":"https:\/\/ptmsrl.com\/wp-content\/uploads\/2018\/10\/LOGO-PTM.png","contentUrl":"https:\/\/ptmsrl.com\/wp-content\/uploads\/2018\/10\/LOGO-PTM.png","width":1000,"height":500,"caption":"PTM srl"},"image":{"@id":"https:\/\/ptmsrl.com\/#\/schema\/logo\/image\/"},"sameAs":["https:\/\/www.facebook.com\/believingintechnology\/","https:\/\/x.com\/ptm","https:\/\/www.linkedin.com\/company\/ptm-s-r-l\/","https:\/\/www.youtube.com\/channel\/UCPSOS0MaR-4jDkAD3HkAC7A"]}]}},"_links":{"self":[{"href":"https:\/\/ptmsrl.com\/de\/wp-json\/wp\/v2\/product\/2546","targetHints":{"allow":["GET"]}}],"collection":[{"href":"https:\/\/ptmsrl.com\/de\/wp-json\/wp\/v2\/product"}],"about":[{"href":"https:\/\/ptmsrl.com\/de\/wp-json\/wp\/v2\/types\/product"}],"wp:featuredmedia":[{"embeddable":true,"href":"https:\/\/ptmsrl.com\/de\/wp-json\/wp\/v2\/media\/10496"}],"wp:attachment":[{"href":"https:\/\/ptmsrl.com\/de\/wp-json\/wp\/v2\/media?parent=2546"}],"wp:term":[{"taxonomy":"product_brand","embeddable":true,"href":"https:\/\/ptmsrl.com\/de\/wp-json\/wp\/v2\/product_brand?post=2546"},{"taxonomy":"product_cat","embeddable":true,"href":"https:\/\/ptmsrl.com\/de\/wp-json\/wp\/v2\/product_cat?post=2546"},{"taxonomy":"product_tag","embeddable":true,"href":"https:\/\/ptmsrl.com\/de\/wp-json\/wp\/v2\/product_tag?post=2546"}],"curies":[{"name":"wp","href":"https:\/\/api.w.org\/{rel}","templated":true}]}}