{"id":2552,"date":"2018-09-07T15:50:18","date_gmt":"2018-10-26T08:43:02","guid":{"rendered":"https:\/\/ptmsrl.com\/?post_type=product&#038;p=2552"},"modified":"2019-07-22T17:04:03","modified_gmt":"2019-07-22T15:04:03","slug":"telerf-spanditore-adv-dribble","status":"publish","type":"product","link":"https:\/\/ptmsrl.com\/de\/prodotto\/telerf-spanditore-adv-dribble\/","title":{"rendered":"Telerf Spanditore ADV Dribble"},"content":{"rendered":"","protected":false},"excerpt":{"rendered":"<h3><strong>Das System wird zur Leitung der hydraulischen Steuerungen von Arbeitsmaschinen verwendet.<\/strong><\/h3>\n<p align=\"justify\">Diese elektronische erm\u00f6glicht die Verwaltung bis zu 28 Ausg\u00e4nge, 4 von denen durch Relais gesteuert und 14 Eing\u00e4nge. Die Ausg\u00e4nge k\u00f6nnen spezifischen hydraulischen Ventile mit einer Stromst\u00e4rke auf einzeln Kanal Max 6A f\u00fcr insgesamt 40A Max aktivieren. Das System besteht aus einer auf Arbeitsmaschine montierten Steuereinheit und aus einem mit Farb-Display und RF-\u00dcbertragung ausgestatten Graphischen Handheld; der Handheld verf\u00fcgt \u00fcber eine Custom Tastatur, die die Hydraulikfunktionen steuert.<br \/>\nDie hydraulischen Funktionen k\u00f6nnen Abschnitte des Verteilers \u00f6ffnen und schlie\u00dfen, die Hydraulikmotoren und andere damit verbundene Funktionen aktivieren. M\u00f6glichkeit einige Ein- \/ Ausg\u00e4nge durch bestimmte Einstellungen des Palmtops zu \u00e4ndern. M\u00f6glichkeit eine eigene Software anzufordern um spezifische hydraulische Funktionen zu steuern. Der Beh\u00e4lter des Palmtops ist aus Acetalharz, ein Material, das UV-Strahlen, Temperatur\u00e4nderungen und eine Vielzahl von Chemikalien, einschlie\u00dflich vieler L\u00f6sungsmittel, widerstehen kann.<\/p>\n","protected":false},"featured_media":10130,"template":"","meta":{"inline_featured_image":false},"product_brand":[],"product_cat":[158],"product_tag":[],"class_list":{"0":"post-2552","1":"product","2":"type-product","3":"status-publish","4":"has-post-thumbnail","6":"product_cat-benutzerdefinierte-loesungen","8":"first","9":"instock","10":"downloadable","11":"shipping-taxable","12":"product-type-simple"},"yoast_head":"<!-- This site is optimized with the Yoast SEO plugin v25.3 - https:\/\/yoast.com\/wordpress\/plugins\/seo\/ -->\n<title>PTM Srl | Telerf Spanditore ADV Dribble<\/title>\n<meta name=\"robots\" content=\"index, follow, max-snippet:-1, max-image-preview:large, max-video-preview:-1\" \/>\n<link rel=\"canonical\" href=\"https:\/\/ptmsrl.com\/de\/prodotto\/telerf-spanditore-adv-dribble\/\" \/>\n<meta property=\"og:locale\" content=\"de_DE\" \/>\n<meta property=\"og:type\" content=\"article\" \/>\n<meta property=\"og:title\" content=\"PTM Srl | Telerf Spanditore ADV Dribble\" \/>\n<meta property=\"og:description\" content=\"Das System wird zur Leitung der hydraulischen Steuerungen von Arbeitsmaschinen verwendet. Diese elektronische erm\u00f6glicht die Verwaltung bis zu 28 Ausg\u00e4nge, 4 von denen durch Relais gesteuert und 14 Eing\u00e4nge. Die Ausg\u00e4nge k\u00f6nnen spezifischen hydraulischen Ventile mit einer Stromst\u00e4rke auf einzeln Kanal Max 6A f\u00fcr insgesamt 40A Max aktivieren. Das System besteht aus einer auf Arbeitsmaschine montierten Steuereinheit und aus einem mit Farb-Display und RF-\u00dcbertragung ausgestatten Graphischen Handheld; der Handheld verf\u00fcgt \u00fcber eine Custom Tastatur, die die Hydraulikfunktionen steuert. Die hydraulischen Funktionen k\u00f6nnen Abschnitte des Verteilers \u00f6ffnen und schlie\u00dfen, die Hydraulikmotoren und andere damit verbundene Funktionen aktivieren. M\u00f6glichkeit einige Ein- \/ Ausg\u00e4nge durch bestimmte Einstellungen des Palmtops zu \u00e4ndern. M\u00f6glichkeit eine eigene Software anzufordern um spezifische hydraulische Funktionen zu steuern. Der Beh\u00e4lter des Palmtops ist aus Acetalharz, ein Material, das UV-Strahlen, Temperatur\u00e4nderungen und eine Vielzahl von Chemikalien, einschlie\u00dflich vieler L\u00f6sungsmittel, widerstehen kann.\" \/>\n<meta property=\"og:url\" content=\"https:\/\/ptmsrl.com\/de\/prodotto\/telerf-spanditore-adv-dribble\/\" \/>\n<meta property=\"og:site_name\" content=\"PTM Srl\" \/>\n<meta property=\"article:publisher\" content=\"https:\/\/www.facebook.com\/believingintechnology\/\" \/>\n<meta property=\"article:modified_time\" content=\"2019-07-22T15:04:03+00:00\" \/>\n<meta property=\"og:image\" content=\"https:\/\/ptmsrl.com\/wp-content\/uploads\/2018\/09\/VISION-SPANDI-LIQUAME-FGDISPLIQ001.jpg\" \/>\n\t<meta property=\"og:image:width\" content=\"1024\" \/>\n\t<meta property=\"og:image:height\" content=\"1024\" \/>\n\t<meta property=\"og:image:type\" content=\"image\/jpeg\" \/>\n<meta name=\"twitter:card\" content=\"summary_large_image\" \/>\n<meta name=\"twitter:site\" content=\"@ptm\" \/>\n<script type=\"application\/ld+json\" class=\"yoast-schema-graph\">{\"@context\":\"https:\/\/schema.org\",\"@graph\":[{\"@type\":\"WebPage\",\"@id\":\"https:\/\/ptmsrl.com\/de\/prodotto\/telerf-spanditore-adv-dribble\/\",\"url\":\"https:\/\/ptmsrl.com\/de\/prodotto\/telerf-spanditore-adv-dribble\/\",\"name\":\"PTM Srl | Telerf Spanditore ADV Dribble\",\"isPartOf\":{\"@id\":\"https:\/\/ptmsrl.com\/#website\"},\"primaryImageOfPage\":{\"@id\":\"https:\/\/ptmsrl.com\/de\/prodotto\/telerf-spanditore-adv-dribble\/#primaryimage\"},\"image\":{\"@id\":\"https:\/\/ptmsrl.com\/de\/prodotto\/telerf-spanditore-adv-dribble\/#primaryimage\"},\"thumbnailUrl\":\"https:\/\/ptmsrl.com\/wp-content\/uploads\/2018\/09\/VISION-SPANDI-LIQUAME-FGDISPLIQ001.jpg\",\"datePublished\":\"2018-10-26T08:43:02+00:00\",\"dateModified\":\"2019-07-22T15:04:03+00:00\",\"breadcrumb\":{\"@id\":\"https:\/\/ptmsrl.com\/de\/prodotto\/telerf-spanditore-adv-dribble\/#breadcrumb\"},\"inLanguage\":\"de\",\"potentialAction\":[{\"@type\":\"ReadAction\",\"target\":[\"https:\/\/ptmsrl.com\/de\/prodotto\/telerf-spanditore-adv-dribble\/\"]}]},{\"@type\":\"ImageObject\",\"inLanguage\":\"de\",\"@id\":\"https:\/\/ptmsrl.com\/de\/prodotto\/telerf-spanditore-adv-dribble\/#primaryimage\",\"url\":\"https:\/\/ptmsrl.com\/wp-content\/uploads\/2018\/09\/VISION-SPANDI-LIQUAME-FGDISPLIQ001.jpg\",\"contentUrl\":\"https:\/\/ptmsrl.com\/wp-content\/uploads\/2018\/09\/VISION-SPANDI-LIQUAME-FGDISPLIQ001.jpg\",\"width\":1024,\"height\":1024,\"caption\":\"vision-spandi-liquame-fgdispliq001\"},{\"@type\":\"BreadcrumbList\",\"@id\":\"https:\/\/ptmsrl.com\/de\/prodotto\/telerf-spanditore-adv-dribble\/#breadcrumb\",\"itemListElement\":[{\"@type\":\"ListItem\",\"position\":1,\"name\":\"Home\",\"item\":\"https:\/\/ptmsrl.com\/de\/\"},{\"@type\":\"ListItem\",\"position\":2,\"name\":\"Shop\",\"item\":\"https:\/\/ptmsrl.com\/shop\/\"},{\"@type\":\"ListItem\",\"position\":3,\"name\":\"Telerf Spanditore ADV Dribble\"}]},{\"@type\":\"WebSite\",\"@id\":\"https:\/\/ptmsrl.com\/#website\",\"url\":\"https:\/\/ptmsrl.com\/\",\"name\":\"PTM Srl\",\"description\":\"\u041c\u042b \u041f\u0420\u041e\u0418\u0417\u0412\u041e\u0414\u0418\u041c \u041a\u0410\u0427\u0415\u0421\u0422\u0412\u041e, \u041a\u041e\u0422\u041e\u0420\u041e\u0415 \u0418\u041c\u0415\u0415\u0422 \u041e\u0421\u041e\u0411\u042b\u0419 \u0412\u0415\u0421\",\"publisher\":{\"@id\":\"https:\/\/ptmsrl.com\/#organization\"},\"potentialAction\":[{\"@type\":\"SearchAction\",\"target\":{\"@type\":\"EntryPoint\",\"urlTemplate\":\"https:\/\/ptmsrl.com\/?s={search_term_string}\"},\"query-input\":{\"@type\":\"PropertyValueSpecification\",\"valueRequired\":true,\"valueName\":\"search_term_string\"}}],\"inLanguage\":\"de\"},{\"@type\":\"Organization\",\"@id\":\"https:\/\/ptmsrl.com\/#organization\",\"name\":\"PTM srl\",\"url\":\"https:\/\/ptmsrl.com\/\",\"logo\":{\"@type\":\"ImageObject\",\"inLanguage\":\"de\",\"@id\":\"https:\/\/ptmsrl.com\/#\/schema\/logo\/image\/\",\"url\":\"https:\/\/ptmsrl.com\/wp-content\/uploads\/2018\/10\/LOGO-PTM.png\",\"contentUrl\":\"https:\/\/ptmsrl.com\/wp-content\/uploads\/2018\/10\/LOGO-PTM.png\",\"width\":1000,\"height\":500,\"caption\":\"PTM srl\"},\"image\":{\"@id\":\"https:\/\/ptmsrl.com\/#\/schema\/logo\/image\/\"},\"sameAs\":[\"https:\/\/www.facebook.com\/believingintechnology\/\",\"https:\/\/x.com\/ptm\",\"https:\/\/www.linkedin.com\/company\/ptm-s-r-l\/\",\"https:\/\/www.youtube.com\/channel\/UCPSOS0MaR-4jDkAD3HkAC7A\"]}]}<\/script>\n<!-- \/ Yoast SEO plugin. -->","yoast_head_json":{"title":"PTM Srl | Telerf Spanditore ADV Dribble","robots":{"index":"index","follow":"follow","max-snippet":"max-snippet:-1","max-image-preview":"max-image-preview:large","max-video-preview":"max-video-preview:-1"},"canonical":"https:\/\/ptmsrl.com\/de\/prodotto\/telerf-spanditore-adv-dribble\/","og_locale":"de_DE","og_type":"article","og_title":"PTM Srl | Telerf Spanditore ADV Dribble","og_description":"Das System wird zur Leitung der hydraulischen Steuerungen von Arbeitsmaschinen verwendet. Diese elektronische erm\u00f6glicht die Verwaltung bis zu 28 Ausg\u00e4nge, 4 von denen durch Relais gesteuert und 14 Eing\u00e4nge. Die Ausg\u00e4nge k\u00f6nnen spezifischen hydraulischen Ventile mit einer Stromst\u00e4rke auf einzeln Kanal Max 6A f\u00fcr insgesamt 40A Max aktivieren. Das System besteht aus einer auf Arbeitsmaschine montierten Steuereinheit und aus einem mit Farb-Display und RF-\u00dcbertragung ausgestatten Graphischen Handheld; der Handheld verf\u00fcgt \u00fcber eine Custom Tastatur, die die Hydraulikfunktionen steuert. Die hydraulischen Funktionen k\u00f6nnen Abschnitte des Verteilers \u00f6ffnen und schlie\u00dfen, die Hydraulikmotoren und andere damit verbundene Funktionen aktivieren. M\u00f6glichkeit einige Ein- \/ Ausg\u00e4nge durch bestimmte Einstellungen des Palmtops zu \u00e4ndern. M\u00f6glichkeit eine eigene Software anzufordern um spezifische hydraulische Funktionen zu steuern. Der Beh\u00e4lter des Palmtops ist aus Acetalharz, ein Material, das UV-Strahlen, Temperatur\u00e4nderungen und eine Vielzahl von Chemikalien, einschlie\u00dflich vieler L\u00f6sungsmittel, widerstehen kann.","og_url":"https:\/\/ptmsrl.com\/de\/prodotto\/telerf-spanditore-adv-dribble\/","og_site_name":"PTM Srl","article_publisher":"https:\/\/www.facebook.com\/believingintechnology\/","article_modified_time":"2019-07-22T15:04:03+00:00","og_image":[{"width":1024,"height":1024,"url":"https:\/\/ptmsrl.com\/wp-content\/uploads\/2018\/09\/VISION-SPANDI-LIQUAME-FGDISPLIQ001.jpg","type":"image\/jpeg"}],"twitter_card":"summary_large_image","twitter_site":"@ptm","schema":{"@context":"https:\/\/schema.org","@graph":[{"@type":"WebPage","@id":"https:\/\/ptmsrl.com\/de\/prodotto\/telerf-spanditore-adv-dribble\/","url":"https:\/\/ptmsrl.com\/de\/prodotto\/telerf-spanditore-adv-dribble\/","name":"PTM Srl | Telerf Spanditore ADV Dribble","isPartOf":{"@id":"https:\/\/ptmsrl.com\/#website"},"primaryImageOfPage":{"@id":"https:\/\/ptmsrl.com\/de\/prodotto\/telerf-spanditore-adv-dribble\/#primaryimage"},"image":{"@id":"https:\/\/ptmsrl.com\/de\/prodotto\/telerf-spanditore-adv-dribble\/#primaryimage"},"thumbnailUrl":"https:\/\/ptmsrl.com\/wp-content\/uploads\/2018\/09\/VISION-SPANDI-LIQUAME-FGDISPLIQ001.jpg","datePublished":"2018-10-26T08:43:02+00:00","dateModified":"2019-07-22T15:04:03+00:00","breadcrumb":{"@id":"https:\/\/ptmsrl.com\/de\/prodotto\/telerf-spanditore-adv-dribble\/#breadcrumb"},"inLanguage":"de","potentialAction":[{"@type":"ReadAction","target":["https:\/\/ptmsrl.com\/de\/prodotto\/telerf-spanditore-adv-dribble\/"]}]},{"@type":"ImageObject","inLanguage":"de","@id":"https:\/\/ptmsrl.com\/de\/prodotto\/telerf-spanditore-adv-dribble\/#primaryimage","url":"https:\/\/ptmsrl.com\/wp-content\/uploads\/2018\/09\/VISION-SPANDI-LIQUAME-FGDISPLIQ001.jpg","contentUrl":"https:\/\/ptmsrl.com\/wp-content\/uploads\/2018\/09\/VISION-SPANDI-LIQUAME-FGDISPLIQ001.jpg","width":1024,"height":1024,"caption":"vision-spandi-liquame-fgdispliq001"},{"@type":"BreadcrumbList","@id":"https:\/\/ptmsrl.com\/de\/prodotto\/telerf-spanditore-adv-dribble\/#breadcrumb","itemListElement":[{"@type":"ListItem","position":1,"name":"Home","item":"https:\/\/ptmsrl.com\/de\/"},{"@type":"ListItem","position":2,"name":"Shop","item":"https:\/\/ptmsrl.com\/shop\/"},{"@type":"ListItem","position":3,"name":"Telerf Spanditore ADV Dribble"}]},{"@type":"WebSite","@id":"https:\/\/ptmsrl.com\/#website","url":"https:\/\/ptmsrl.com\/","name":"PTM Srl","description":"\u041c\u042b \u041f\u0420\u041e\u0418\u0417\u0412\u041e\u0414\u0418\u041c \u041a\u0410\u0427\u0415\u0421\u0422\u0412\u041e, \u041a\u041e\u0422\u041e\u0420\u041e\u0415 \u0418\u041c\u0415\u0415\u0422 \u041e\u0421\u041e\u0411\u042b\u0419 \u0412\u0415\u0421","publisher":{"@id":"https:\/\/ptmsrl.com\/#organization"},"potentialAction":[{"@type":"SearchAction","target":{"@type":"EntryPoint","urlTemplate":"https:\/\/ptmsrl.com\/?s={search_term_string}"},"query-input":{"@type":"PropertyValueSpecification","valueRequired":true,"valueName":"search_term_string"}}],"inLanguage":"de"},{"@type":"Organization","@id":"https:\/\/ptmsrl.com\/#organization","name":"PTM srl","url":"https:\/\/ptmsrl.com\/","logo":{"@type":"ImageObject","inLanguage":"de","@id":"https:\/\/ptmsrl.com\/#\/schema\/logo\/image\/","url":"https:\/\/ptmsrl.com\/wp-content\/uploads\/2018\/10\/LOGO-PTM.png","contentUrl":"https:\/\/ptmsrl.com\/wp-content\/uploads\/2018\/10\/LOGO-PTM.png","width":1000,"height":500,"caption":"PTM srl"},"image":{"@id":"https:\/\/ptmsrl.com\/#\/schema\/logo\/image\/"},"sameAs":["https:\/\/www.facebook.com\/believingintechnology\/","https:\/\/x.com\/ptm","https:\/\/www.linkedin.com\/company\/ptm-s-r-l\/","https:\/\/www.youtube.com\/channel\/UCPSOS0MaR-4jDkAD3HkAC7A"]}]}},"_links":{"self":[{"href":"https:\/\/ptmsrl.com\/de\/wp-json\/wp\/v2\/product\/2552","targetHints":{"allow":["GET"]}}],"collection":[{"href":"https:\/\/ptmsrl.com\/de\/wp-json\/wp\/v2\/product"}],"about":[{"href":"https:\/\/ptmsrl.com\/de\/wp-json\/wp\/v2\/types\/product"}],"wp:featuredmedia":[{"embeddable":true,"href":"https:\/\/ptmsrl.com\/de\/wp-json\/wp\/v2\/media\/10130"}],"wp:attachment":[{"href":"https:\/\/ptmsrl.com\/de\/wp-json\/wp\/v2\/media?parent=2552"}],"wp:term":[{"taxonomy":"product_brand","embeddable":true,"href":"https:\/\/ptmsrl.com\/de\/wp-json\/wp\/v2\/product_brand?post=2552"},{"taxonomy":"product_cat","embeddable":true,"href":"https:\/\/ptmsrl.com\/de\/wp-json\/wp\/v2\/product_cat?post=2552"},{"taxonomy":"product_tag","embeddable":true,"href":"https:\/\/ptmsrl.com\/de\/wp-json\/wp\/v2\/product_tag?post=2552"}],"curies":[{"name":"wp","href":"https:\/\/api.w.org\/{rel}","templated":true}]}}