{"id":2576,"date":"2018-09-07T16:43:33","date_gmt":"2018-10-26T10:42:51","guid":{"rendered":"https:\/\/ptmsrl.com\/?post_type=product&#038;p=2576"},"modified":"2019-07-26T10:47:42","modified_gmt":"2019-07-26T08:47:42","slug":"wiegedreieck-wd-2-1-b","status":"publish","type":"product","link":"https:\/\/ptmsrl.com\/de\/prodotto\/wiegedreieck-wd-2-1-b\/","title":{"rendered":"Wiegedreieck WD 2.1-B"},"content":{"rendered":"<ul>\n<li>Angepasst auf g\u00e4ngige Bogballe Streuer<\/li>\n<li>Exakte Wiegung<\/li>\n<li>Optimale Ladungsmenge<\/li>\n<li>Kompakte Bauweise<\/li>\n<li>Einfach Kontrolle<\/li>\n<li>Flexibilit\u00e4t<\/li>\n<li>Kosteng\u00fcnstig<\/li>\n<li>Passt auf alle Kat II Ger\u00e4te<\/li>\n<li>Kontrolliert ausgebrachte Menge<\/li>\n<li>Erleichtert Einstellen des D\u00fcngestreuers, S\u00e4maschine, Futtermischer etc.<\/li>\n<\/ul>\n","protected":false},"excerpt":{"rendered":"<h3 align=\"justify\">Dreipunktwaage zur einfachen Montage zwischen Schlepper und Anbauger\u00e4t.<\/h3>\n<p align=\"justify\">Das Wiegedreieck wurde entwickelt, um das Wiegen von Dreipunktger\u00e4ten an Schleppern an der Front- und Heckhydraulik zu erm\u00f6glichen. \u201eplugh &amp; weigh\u201c Anbauger\u00e4te wie D\u00fcngerstreuer, Fronttank, Transportkisten, Blockschneider, Futtermischer, etc. k\u00f6nnen werkzeuglos in k\u00fcrzester Zeit angekoppelt und verwogen werden. Die M\u00f6glichkeit an der Dreipunkthydraulik zu verwiegen erm\u00f6glicht es vorhandene Ger\u00e4te und Arbeitsabl\u00e4ufe zu optimieren und bewusst mit knappen teuren Betriebs- und D\u00fcngemitteln umzugehen. Die Konstruktion wurde mit Blick auf eine m\u00f6glichst geringe Schwerpunktverlagerung des Anbauger\u00e4ts und einem gro\u00dfen Freiraum f\u00fcr die Gelenkwelle optimiert.<\/p>\n","protected":false},"featured_media":14791,"template":"","meta":{"inline_featured_image":false},"product_brand":[],"product_cat":[167],"product_tag":[],"class_list":{"0":"post-2576","1":"product","2":"type-product","3":"status-publish","4":"has-post-thumbnail","6":"product_cat-standardzubehoer","8":"first","9":"instock","10":"downloadable","11":"shipping-taxable","12":"product-type-simple"},"yoast_head":"<!-- This site is optimized with the Yoast SEO plugin v25.3 - https:\/\/yoast.com\/wordpress\/plugins\/seo\/ -->\n<title>PTM Srl | Wiegedreieck WD 2.1-B<\/title>\n<meta name=\"robots\" content=\"index, follow, max-snippet:-1, max-image-preview:large, max-video-preview:-1\" \/>\n<link rel=\"canonical\" href=\"https:\/\/ptmsrl.com\/de\/prodotto\/wiegedreieck-wd-2-1-b\/\" \/>\n<meta property=\"og:locale\" content=\"de_DE\" \/>\n<meta property=\"og:type\" content=\"article\" \/>\n<meta property=\"og:title\" content=\"PTM Srl | Wiegedreieck WD 2.1-B\" \/>\n<meta property=\"og:description\" content=\"Dreipunktwaage zur einfachen Montage zwischen Schlepper und Anbauger\u00e4t.  Das Wiegedreieck wurde entwickelt, um das Wiegen von Dreipunktger\u00e4ten an Schleppern an der Front- und Heckhydraulik zu erm\u00f6glichen. \u201eplugh &amp; weigh\u201c Anbauger\u00e4te wie D\u00fcngerstreuer, Fronttank, Transportkisten, Blockschneider, Futtermischer, etc. k\u00f6nnen werkzeuglos in k\u00fcrzester Zeit angekoppelt und verwogen werden. Die M\u00f6glichkeit an der Dreipunkthydraulik zu verwiegen erm\u00f6glicht es vorhandene Ger\u00e4te und Arbeitsabl\u00e4ufe zu optimieren und bewusst mit knappen teuren Betriebs- und D\u00fcngemitteln umzugehen. Die Konstruktion wurde mit Blick auf eine m\u00f6glichst geringe Schwerpunktverlagerung des Anbauger\u00e4ts und einem gro\u00dfen Freiraum f\u00fcr die Gelenkwelle optimiert.\" \/>\n<meta property=\"og:url\" content=\"https:\/\/ptmsrl.com\/de\/prodotto\/wiegedreieck-wd-2-1-b\/\" \/>\n<meta property=\"og:site_name\" content=\"PTM Srl\" \/>\n<meta property=\"article:publisher\" content=\"https:\/\/www.facebook.com\/believingintechnology\/\" \/>\n<meta property=\"article:modified_time\" content=\"2019-07-26T08:47:42+00:00\" \/>\n<meta property=\"og:image\" content=\"https:\/\/ptmsrl.com\/wp-content\/uploads\/2018\/09\/PESA-3-PUNTI-WD-2.jpg\" \/>\n\t<meta property=\"og:image:width\" content=\"1024\" \/>\n\t<meta property=\"og:image:height\" content=\"1024\" \/>\n\t<meta property=\"og:image:type\" content=\"image\/jpeg\" \/>\n<meta name=\"twitter:card\" content=\"summary_large_image\" \/>\n<meta name=\"twitter:site\" content=\"@ptm\" \/>\n<script type=\"application\/ld+json\" class=\"yoast-schema-graph\">{\"@context\":\"https:\/\/schema.org\",\"@graph\":[{\"@type\":\"WebPage\",\"@id\":\"https:\/\/ptmsrl.com\/de\/prodotto\/wiegedreieck-wd-2-1-b\/\",\"url\":\"https:\/\/ptmsrl.com\/de\/prodotto\/wiegedreieck-wd-2-1-b\/\",\"name\":\"PTM Srl | Wiegedreieck WD 2.1-B\",\"isPartOf\":{\"@id\":\"https:\/\/ptmsrl.com\/#website\"},\"primaryImageOfPage\":{\"@id\":\"https:\/\/ptmsrl.com\/de\/prodotto\/wiegedreieck-wd-2-1-b\/#primaryimage\"},\"image\":{\"@id\":\"https:\/\/ptmsrl.com\/de\/prodotto\/wiegedreieck-wd-2-1-b\/#primaryimage\"},\"thumbnailUrl\":\"https:\/\/ptmsrl.com\/wp-content\/uploads\/2018\/09\/PESA-3-PUNTI-WD-2.jpg\",\"datePublished\":\"2018-10-26T10:42:51+00:00\",\"dateModified\":\"2019-07-26T08:47:42+00:00\",\"breadcrumb\":{\"@id\":\"https:\/\/ptmsrl.com\/de\/prodotto\/wiegedreieck-wd-2-1-b\/#breadcrumb\"},\"inLanguage\":\"de\",\"potentialAction\":[{\"@type\":\"ReadAction\",\"target\":[\"https:\/\/ptmsrl.com\/de\/prodotto\/wiegedreieck-wd-2-1-b\/\"]}]},{\"@type\":\"ImageObject\",\"inLanguage\":\"de\",\"@id\":\"https:\/\/ptmsrl.com\/de\/prodotto\/wiegedreieck-wd-2-1-b\/#primaryimage\",\"url\":\"https:\/\/ptmsrl.com\/wp-content\/uploads\/2018\/09\/PESA-3-PUNTI-WD-2.jpg\",\"contentUrl\":\"https:\/\/ptmsrl.com\/wp-content\/uploads\/2018\/09\/PESA-3-PUNTI-WD-2.jpg\",\"width\":1024,\"height\":1024,\"caption\":\"pesa-3-punti-wd-2\"},{\"@type\":\"BreadcrumbList\",\"@id\":\"https:\/\/ptmsrl.com\/de\/prodotto\/wiegedreieck-wd-2-1-b\/#breadcrumb\",\"itemListElement\":[{\"@type\":\"ListItem\",\"position\":1,\"name\":\"Home\",\"item\":\"https:\/\/ptmsrl.com\/de\/\"},{\"@type\":\"ListItem\",\"position\":2,\"name\":\"Shop\",\"item\":\"https:\/\/ptmsrl.com\/shop\/\"},{\"@type\":\"ListItem\",\"position\":3,\"name\":\"Wiegedreieck WD 2.1-B\"}]},{\"@type\":\"WebSite\",\"@id\":\"https:\/\/ptmsrl.com\/#website\",\"url\":\"https:\/\/ptmsrl.com\/\",\"name\":\"PTM Srl\",\"description\":\"\u041c\u042b \u041f\u0420\u041e\u0418\u0417\u0412\u041e\u0414\u0418\u041c \u041a\u0410\u0427\u0415\u0421\u0422\u0412\u041e, \u041a\u041e\u0422\u041e\u0420\u041e\u0415 \u0418\u041c\u0415\u0415\u0422 \u041e\u0421\u041e\u0411\u042b\u0419 \u0412\u0415\u0421\",\"publisher\":{\"@id\":\"https:\/\/ptmsrl.com\/#organization\"},\"potentialAction\":[{\"@type\":\"SearchAction\",\"target\":{\"@type\":\"EntryPoint\",\"urlTemplate\":\"https:\/\/ptmsrl.com\/?s={search_term_string}\"},\"query-input\":{\"@type\":\"PropertyValueSpecification\",\"valueRequired\":true,\"valueName\":\"search_term_string\"}}],\"inLanguage\":\"de\"},{\"@type\":\"Organization\",\"@id\":\"https:\/\/ptmsrl.com\/#organization\",\"name\":\"PTM srl\",\"url\":\"https:\/\/ptmsrl.com\/\",\"logo\":{\"@type\":\"ImageObject\",\"inLanguage\":\"de\",\"@id\":\"https:\/\/ptmsrl.com\/#\/schema\/logo\/image\/\",\"url\":\"https:\/\/ptmsrl.com\/wp-content\/uploads\/2018\/10\/LOGO-PTM.png\",\"contentUrl\":\"https:\/\/ptmsrl.com\/wp-content\/uploads\/2018\/10\/LOGO-PTM.png\",\"width\":1000,\"height\":500,\"caption\":\"PTM srl\"},\"image\":{\"@id\":\"https:\/\/ptmsrl.com\/#\/schema\/logo\/image\/\"},\"sameAs\":[\"https:\/\/www.facebook.com\/believingintechnology\/\",\"https:\/\/x.com\/ptm\",\"https:\/\/www.linkedin.com\/company\/ptm-s-r-l\/\",\"https:\/\/www.youtube.com\/channel\/UCPSOS0MaR-4jDkAD3HkAC7A\"]}]}<\/script>\n<!-- \/ Yoast SEO plugin. -->","yoast_head_json":{"title":"PTM Srl | Wiegedreieck WD 2.1-B","robots":{"index":"index","follow":"follow","max-snippet":"max-snippet:-1","max-image-preview":"max-image-preview:large","max-video-preview":"max-video-preview:-1"},"canonical":"https:\/\/ptmsrl.com\/de\/prodotto\/wiegedreieck-wd-2-1-b\/","og_locale":"de_DE","og_type":"article","og_title":"PTM Srl | Wiegedreieck WD 2.1-B","og_description":"Dreipunktwaage zur einfachen Montage zwischen Schlepper und Anbauger\u00e4t.  Das Wiegedreieck wurde entwickelt, um das Wiegen von Dreipunktger\u00e4ten an Schleppern an der Front- und Heckhydraulik zu erm\u00f6glichen. \u201eplugh &amp; weigh\u201c Anbauger\u00e4te wie D\u00fcngerstreuer, Fronttank, Transportkisten, Blockschneider, Futtermischer, etc. k\u00f6nnen werkzeuglos in k\u00fcrzester Zeit angekoppelt und verwogen werden. Die M\u00f6glichkeit an der Dreipunkthydraulik zu verwiegen erm\u00f6glicht es vorhandene Ger\u00e4te und Arbeitsabl\u00e4ufe zu optimieren und bewusst mit knappen teuren Betriebs- und D\u00fcngemitteln umzugehen. Die Konstruktion wurde mit Blick auf eine m\u00f6glichst geringe Schwerpunktverlagerung des Anbauger\u00e4ts und einem gro\u00dfen Freiraum f\u00fcr die Gelenkwelle optimiert.","og_url":"https:\/\/ptmsrl.com\/de\/prodotto\/wiegedreieck-wd-2-1-b\/","og_site_name":"PTM Srl","article_publisher":"https:\/\/www.facebook.com\/believingintechnology\/","article_modified_time":"2019-07-26T08:47:42+00:00","og_image":[{"width":1024,"height":1024,"url":"https:\/\/ptmsrl.com\/wp-content\/uploads\/2018\/09\/PESA-3-PUNTI-WD-2.jpg","type":"image\/jpeg"}],"twitter_card":"summary_large_image","twitter_site":"@ptm","schema":{"@context":"https:\/\/schema.org","@graph":[{"@type":"WebPage","@id":"https:\/\/ptmsrl.com\/de\/prodotto\/wiegedreieck-wd-2-1-b\/","url":"https:\/\/ptmsrl.com\/de\/prodotto\/wiegedreieck-wd-2-1-b\/","name":"PTM Srl | Wiegedreieck WD 2.1-B","isPartOf":{"@id":"https:\/\/ptmsrl.com\/#website"},"primaryImageOfPage":{"@id":"https:\/\/ptmsrl.com\/de\/prodotto\/wiegedreieck-wd-2-1-b\/#primaryimage"},"image":{"@id":"https:\/\/ptmsrl.com\/de\/prodotto\/wiegedreieck-wd-2-1-b\/#primaryimage"},"thumbnailUrl":"https:\/\/ptmsrl.com\/wp-content\/uploads\/2018\/09\/PESA-3-PUNTI-WD-2.jpg","datePublished":"2018-10-26T10:42:51+00:00","dateModified":"2019-07-26T08:47:42+00:00","breadcrumb":{"@id":"https:\/\/ptmsrl.com\/de\/prodotto\/wiegedreieck-wd-2-1-b\/#breadcrumb"},"inLanguage":"de","potentialAction":[{"@type":"ReadAction","target":["https:\/\/ptmsrl.com\/de\/prodotto\/wiegedreieck-wd-2-1-b\/"]}]},{"@type":"ImageObject","inLanguage":"de","@id":"https:\/\/ptmsrl.com\/de\/prodotto\/wiegedreieck-wd-2-1-b\/#primaryimage","url":"https:\/\/ptmsrl.com\/wp-content\/uploads\/2018\/09\/PESA-3-PUNTI-WD-2.jpg","contentUrl":"https:\/\/ptmsrl.com\/wp-content\/uploads\/2018\/09\/PESA-3-PUNTI-WD-2.jpg","width":1024,"height":1024,"caption":"pesa-3-punti-wd-2"},{"@type":"BreadcrumbList","@id":"https:\/\/ptmsrl.com\/de\/prodotto\/wiegedreieck-wd-2-1-b\/#breadcrumb","itemListElement":[{"@type":"ListItem","position":1,"name":"Home","item":"https:\/\/ptmsrl.com\/de\/"},{"@type":"ListItem","position":2,"name":"Shop","item":"https:\/\/ptmsrl.com\/shop\/"},{"@type":"ListItem","position":3,"name":"Wiegedreieck WD 2.1-B"}]},{"@type":"WebSite","@id":"https:\/\/ptmsrl.com\/#website","url":"https:\/\/ptmsrl.com\/","name":"PTM Srl","description":"\u041c\u042b \u041f\u0420\u041e\u0418\u0417\u0412\u041e\u0414\u0418\u041c \u041a\u0410\u0427\u0415\u0421\u0422\u0412\u041e, \u041a\u041e\u0422\u041e\u0420\u041e\u0415 \u0418\u041c\u0415\u0415\u0422 \u041e\u0421\u041e\u0411\u042b\u0419 \u0412\u0415\u0421","publisher":{"@id":"https:\/\/ptmsrl.com\/#organization"},"potentialAction":[{"@type":"SearchAction","target":{"@type":"EntryPoint","urlTemplate":"https:\/\/ptmsrl.com\/?s={search_term_string}"},"query-input":{"@type":"PropertyValueSpecification","valueRequired":true,"valueName":"search_term_string"}}],"inLanguage":"de"},{"@type":"Organization","@id":"https:\/\/ptmsrl.com\/#organization","name":"PTM srl","url":"https:\/\/ptmsrl.com\/","logo":{"@type":"ImageObject","inLanguage":"de","@id":"https:\/\/ptmsrl.com\/#\/schema\/logo\/image\/","url":"https:\/\/ptmsrl.com\/wp-content\/uploads\/2018\/10\/LOGO-PTM.png","contentUrl":"https:\/\/ptmsrl.com\/wp-content\/uploads\/2018\/10\/LOGO-PTM.png","width":1000,"height":500,"caption":"PTM srl"},"image":{"@id":"https:\/\/ptmsrl.com\/#\/schema\/logo\/image\/"},"sameAs":["https:\/\/www.facebook.com\/believingintechnology\/","https:\/\/x.com\/ptm","https:\/\/www.linkedin.com\/company\/ptm-s-r-l\/","https:\/\/www.youtube.com\/channel\/UCPSOS0MaR-4jDkAD3HkAC7A"]}]}},"_links":{"self":[{"href":"https:\/\/ptmsrl.com\/de\/wp-json\/wp\/v2\/product\/2576","targetHints":{"allow":["GET"]}}],"collection":[{"href":"https:\/\/ptmsrl.com\/de\/wp-json\/wp\/v2\/product"}],"about":[{"href":"https:\/\/ptmsrl.com\/de\/wp-json\/wp\/v2\/types\/product"}],"wp:featuredmedia":[{"embeddable":true,"href":"https:\/\/ptmsrl.com\/de\/wp-json\/wp\/v2\/media\/14791"}],"wp:attachment":[{"href":"https:\/\/ptmsrl.com\/de\/wp-json\/wp\/v2\/media?parent=2576"}],"wp:term":[{"taxonomy":"product_brand","embeddable":true,"href":"https:\/\/ptmsrl.com\/de\/wp-json\/wp\/v2\/product_brand?post=2576"},{"taxonomy":"product_cat","embeddable":true,"href":"https:\/\/ptmsrl.com\/de\/wp-json\/wp\/v2\/product_cat?post=2576"},{"taxonomy":"product_tag","embeddable":true,"href":"https:\/\/ptmsrl.com\/de\/wp-json\/wp\/v2\/product_tag?post=2576"}],"curies":[{"name":"wp","href":"https:\/\/api.w.org\/{rel}","templated":true}]}}