{"id":2587,"date":"2018-09-07T16:47:11","date_gmt":"2018-10-26T12:46:47","guid":{"rendered":"https:\/\/ptmsrl.com\/?post_type=product&#038;p=2587"},"modified":"2019-07-22T17:14:43","modified_gmt":"2019-07-22T15:14:43","slug":"display-portatile-milk","status":"publish","type":"product","link":"https:\/\/ptmsrl.com\/de\/prodotto\/display-portatile-milk\/","title":{"rendered":"Display Portatile Milk"},"content":{"rendered":"<p>Wenn die Ausladungsfunktion nicht aktiv ist, ist es m\u00f6glich einigen Waageparametern einzustellen:<\/p>\n<ul>\n<li>Nullstellungszeit (Zehnten): dieser Wert ist in Zehnten. Es ist die Zeit, nach der das angezeigte Gewicht, wenn es stabil ist, auf Null gestellt wird, um mit einer neuen Ausladungsoperation zu starten.<\/li>\n<li>Mindestwert in der Wanne (Kg): Wenn das Gewicht ist niedriger als dieser Wert, wird die Ausladung nach einer eingestellten Zeit gesperrt. Das Display wird das Wort \u201cStop\u201d anzeigen.<\/li>\n<li>Mindestzeit der Wanne (Sekunden): es ist die Wartungszeit, bevor die Ausladungsphase zu stoppen.<\/li>\n<li>Ausladung: Automatisch\/Manuell.<\/li>\n<\/ul>\n","protected":false},"excerpt":{"rendered":"<p align=\"justify\">Das System besteht aus: Wiegecomputer MILK 200 und Handger\u00e4t mit Radio\u00fcbertragung.<br \/>\nEinrichtungszweck ist gekannte Mengen mit der Hilfe vom Display einzudosieren. Die Fl\u00fcssigkeiten zu verteilen sind im Tank enth\u00e4lt, dem mit der Wiegeeinrichtung Milk 200 ausgestattet ist.<\/p>\n<p align=\"justify\">Die Taste ON erm\u00f6glicht die Erfassung des effektiven Gewichtes von der eindosierten Milch, so wird die Arbeit des Z\u00fcchters erleichtert.<\/p>\n","protected":false},"featured_media":14607,"template":"","meta":{"inline_featured_image":false},"product_brand":[],"product_cat":[158],"product_tag":[],"class_list":{"0":"post-2587","1":"product","2":"type-product","3":"status-publish","4":"has-post-thumbnail","6":"product_cat-benutzerdefinierte-loesungen","8":"first","9":"instock","10":"downloadable","11":"shipping-taxable","12":"product-type-simple"},"yoast_head":"<!-- This site is optimized with the Yoast SEO plugin v25.3 - https:\/\/yoast.com\/wordpress\/plugins\/seo\/ -->\n<title>PTM Srl | Display Portatile Milk<\/title>\n<meta name=\"robots\" content=\"index, follow, max-snippet:-1, max-image-preview:large, max-video-preview:-1\" \/>\n<link rel=\"canonical\" href=\"https:\/\/ptmsrl.com\/de\/prodotto\/display-portatile-milk\/\" \/>\n<meta property=\"og:locale\" content=\"de_DE\" \/>\n<meta property=\"og:type\" content=\"article\" \/>\n<meta property=\"og:title\" content=\"PTM Srl | Display Portatile Milk\" \/>\n<meta property=\"og:description\" content=\"Das System besteht aus: Wiegecomputer MILK 200 und Handger\u00e4t mit Radio\u00fcbertragung. Einrichtungszweck ist gekannte Mengen mit der Hilfe vom Display einzudosieren. Die Fl\u00fcssigkeiten zu verteilen sind im Tank enth\u00e4lt, dem mit der Wiegeeinrichtung Milk 200 ausgestattet ist. Die Taste ON erm\u00f6glicht die Erfassung des effektiven Gewichtes von der eindosierten Milch, so wird die Arbeit des Z\u00fcchters erleichtert.\" \/>\n<meta property=\"og:url\" content=\"https:\/\/ptmsrl.com\/de\/prodotto\/display-portatile-milk\/\" \/>\n<meta property=\"og:site_name\" content=\"PTM Srl\" \/>\n<meta property=\"article:publisher\" content=\"https:\/\/www.facebook.com\/believingintechnology\/\" \/>\n<meta property=\"article:modified_time\" content=\"2019-07-22T15:14:43+00:00\" \/>\n<meta property=\"og:image\" content=\"https:\/\/ptmsrl.com\/wp-content\/uploads\/2018\/09\/Display-Portatile-per-Milk-200.jpg\" \/>\n\t<meta property=\"og:image:width\" content=\"1024\" \/>\n\t<meta property=\"og:image:height\" content=\"1024\" \/>\n\t<meta property=\"og:image:type\" content=\"image\/jpeg\" \/>\n<meta name=\"twitter:card\" content=\"summary_large_image\" \/>\n<meta name=\"twitter:site\" content=\"@ptm\" \/>\n<script type=\"application\/ld+json\" class=\"yoast-schema-graph\">{\"@context\":\"https:\/\/schema.org\",\"@graph\":[{\"@type\":\"WebPage\",\"@id\":\"https:\/\/ptmsrl.com\/de\/prodotto\/display-portatile-milk\/\",\"url\":\"https:\/\/ptmsrl.com\/de\/prodotto\/display-portatile-milk\/\",\"name\":\"PTM Srl | Display Portatile Milk\",\"isPartOf\":{\"@id\":\"https:\/\/ptmsrl.com\/#website\"},\"primaryImageOfPage\":{\"@id\":\"https:\/\/ptmsrl.com\/de\/prodotto\/display-portatile-milk\/#primaryimage\"},\"image\":{\"@id\":\"https:\/\/ptmsrl.com\/de\/prodotto\/display-portatile-milk\/#primaryimage\"},\"thumbnailUrl\":\"https:\/\/ptmsrl.com\/wp-content\/uploads\/2018\/09\/Display-Portatile-per-Milk-200.jpg\",\"datePublished\":\"2018-10-26T12:46:47+00:00\",\"dateModified\":\"2019-07-22T15:14:43+00:00\",\"breadcrumb\":{\"@id\":\"https:\/\/ptmsrl.com\/de\/prodotto\/display-portatile-milk\/#breadcrumb\"},\"inLanguage\":\"de\",\"potentialAction\":[{\"@type\":\"ReadAction\",\"target\":[\"https:\/\/ptmsrl.com\/de\/prodotto\/display-portatile-milk\/\"]}]},{\"@type\":\"ImageObject\",\"inLanguage\":\"de\",\"@id\":\"https:\/\/ptmsrl.com\/de\/prodotto\/display-portatile-milk\/#primaryimage\",\"url\":\"https:\/\/ptmsrl.com\/wp-content\/uploads\/2018\/09\/Display-Portatile-per-Milk-200.jpg\",\"contentUrl\":\"https:\/\/ptmsrl.com\/wp-content\/uploads\/2018\/09\/Display-Portatile-per-Milk-200.jpg\",\"width\":1024,\"height\":1024,\"caption\":\"display-portatile-per-milk-200\"},{\"@type\":\"BreadcrumbList\",\"@id\":\"https:\/\/ptmsrl.com\/de\/prodotto\/display-portatile-milk\/#breadcrumb\",\"itemListElement\":[{\"@type\":\"ListItem\",\"position\":1,\"name\":\"Home\",\"item\":\"https:\/\/ptmsrl.com\/de\/\"},{\"@type\":\"ListItem\",\"position\":2,\"name\":\"Shop\",\"item\":\"https:\/\/ptmsrl.com\/shop\/\"},{\"@type\":\"ListItem\",\"position\":3,\"name\":\"Display Portatile Milk\"}]},{\"@type\":\"WebSite\",\"@id\":\"https:\/\/ptmsrl.com\/#website\",\"url\":\"https:\/\/ptmsrl.com\/\",\"name\":\"PTM Srl\",\"description\":\"\u041c\u042b \u041f\u0420\u041e\u0418\u0417\u0412\u041e\u0414\u0418\u041c \u041a\u0410\u0427\u0415\u0421\u0422\u0412\u041e, \u041a\u041e\u0422\u041e\u0420\u041e\u0415 \u0418\u041c\u0415\u0415\u0422 \u041e\u0421\u041e\u0411\u042b\u0419 \u0412\u0415\u0421\",\"publisher\":{\"@id\":\"https:\/\/ptmsrl.com\/#organization\"},\"potentialAction\":[{\"@type\":\"SearchAction\",\"target\":{\"@type\":\"EntryPoint\",\"urlTemplate\":\"https:\/\/ptmsrl.com\/?s={search_term_string}\"},\"query-input\":{\"@type\":\"PropertyValueSpecification\",\"valueRequired\":true,\"valueName\":\"search_term_string\"}}],\"inLanguage\":\"de\"},{\"@type\":\"Organization\",\"@id\":\"https:\/\/ptmsrl.com\/#organization\",\"name\":\"PTM srl\",\"url\":\"https:\/\/ptmsrl.com\/\",\"logo\":{\"@type\":\"ImageObject\",\"inLanguage\":\"de\",\"@id\":\"https:\/\/ptmsrl.com\/#\/schema\/logo\/image\/\",\"url\":\"https:\/\/ptmsrl.com\/wp-content\/uploads\/2018\/10\/LOGO-PTM.png\",\"contentUrl\":\"https:\/\/ptmsrl.com\/wp-content\/uploads\/2018\/10\/LOGO-PTM.png\",\"width\":1000,\"height\":500,\"caption\":\"PTM srl\"},\"image\":{\"@id\":\"https:\/\/ptmsrl.com\/#\/schema\/logo\/image\/\"},\"sameAs\":[\"https:\/\/www.facebook.com\/believingintechnology\/\",\"https:\/\/x.com\/ptm\",\"https:\/\/www.linkedin.com\/company\/ptm-s-r-l\/\",\"https:\/\/www.youtube.com\/channel\/UCPSOS0MaR-4jDkAD3HkAC7A\"]}]}<\/script>\n<!-- \/ Yoast SEO plugin. -->","yoast_head_json":{"title":"PTM Srl | Display Portatile Milk","robots":{"index":"index","follow":"follow","max-snippet":"max-snippet:-1","max-image-preview":"max-image-preview:large","max-video-preview":"max-video-preview:-1"},"canonical":"https:\/\/ptmsrl.com\/de\/prodotto\/display-portatile-milk\/","og_locale":"de_DE","og_type":"article","og_title":"PTM Srl | Display Portatile Milk","og_description":"Das System besteht aus: Wiegecomputer MILK 200 und Handger\u00e4t mit Radio\u00fcbertragung. Einrichtungszweck ist gekannte Mengen mit der Hilfe vom Display einzudosieren. Die Fl\u00fcssigkeiten zu verteilen sind im Tank enth\u00e4lt, dem mit der Wiegeeinrichtung Milk 200 ausgestattet ist. Die Taste ON erm\u00f6glicht die Erfassung des effektiven Gewichtes von der eindosierten Milch, so wird die Arbeit des Z\u00fcchters erleichtert.","og_url":"https:\/\/ptmsrl.com\/de\/prodotto\/display-portatile-milk\/","og_site_name":"PTM Srl","article_publisher":"https:\/\/www.facebook.com\/believingintechnology\/","article_modified_time":"2019-07-22T15:14:43+00:00","og_image":[{"width":1024,"height":1024,"url":"https:\/\/ptmsrl.com\/wp-content\/uploads\/2018\/09\/Display-Portatile-per-Milk-200.jpg","type":"image\/jpeg"}],"twitter_card":"summary_large_image","twitter_site":"@ptm","schema":{"@context":"https:\/\/schema.org","@graph":[{"@type":"WebPage","@id":"https:\/\/ptmsrl.com\/de\/prodotto\/display-portatile-milk\/","url":"https:\/\/ptmsrl.com\/de\/prodotto\/display-portatile-milk\/","name":"PTM Srl | Display Portatile Milk","isPartOf":{"@id":"https:\/\/ptmsrl.com\/#website"},"primaryImageOfPage":{"@id":"https:\/\/ptmsrl.com\/de\/prodotto\/display-portatile-milk\/#primaryimage"},"image":{"@id":"https:\/\/ptmsrl.com\/de\/prodotto\/display-portatile-milk\/#primaryimage"},"thumbnailUrl":"https:\/\/ptmsrl.com\/wp-content\/uploads\/2018\/09\/Display-Portatile-per-Milk-200.jpg","datePublished":"2018-10-26T12:46:47+00:00","dateModified":"2019-07-22T15:14:43+00:00","breadcrumb":{"@id":"https:\/\/ptmsrl.com\/de\/prodotto\/display-portatile-milk\/#breadcrumb"},"inLanguage":"de","potentialAction":[{"@type":"ReadAction","target":["https:\/\/ptmsrl.com\/de\/prodotto\/display-portatile-milk\/"]}]},{"@type":"ImageObject","inLanguage":"de","@id":"https:\/\/ptmsrl.com\/de\/prodotto\/display-portatile-milk\/#primaryimage","url":"https:\/\/ptmsrl.com\/wp-content\/uploads\/2018\/09\/Display-Portatile-per-Milk-200.jpg","contentUrl":"https:\/\/ptmsrl.com\/wp-content\/uploads\/2018\/09\/Display-Portatile-per-Milk-200.jpg","width":1024,"height":1024,"caption":"display-portatile-per-milk-200"},{"@type":"BreadcrumbList","@id":"https:\/\/ptmsrl.com\/de\/prodotto\/display-portatile-milk\/#breadcrumb","itemListElement":[{"@type":"ListItem","position":1,"name":"Home","item":"https:\/\/ptmsrl.com\/de\/"},{"@type":"ListItem","position":2,"name":"Shop","item":"https:\/\/ptmsrl.com\/shop\/"},{"@type":"ListItem","position":3,"name":"Display Portatile Milk"}]},{"@type":"WebSite","@id":"https:\/\/ptmsrl.com\/#website","url":"https:\/\/ptmsrl.com\/","name":"PTM Srl","description":"\u041c\u042b \u041f\u0420\u041e\u0418\u0417\u0412\u041e\u0414\u0418\u041c \u041a\u0410\u0427\u0415\u0421\u0422\u0412\u041e, \u041a\u041e\u0422\u041e\u0420\u041e\u0415 \u0418\u041c\u0415\u0415\u0422 \u041e\u0421\u041e\u0411\u042b\u0419 \u0412\u0415\u0421","publisher":{"@id":"https:\/\/ptmsrl.com\/#organization"},"potentialAction":[{"@type":"SearchAction","target":{"@type":"EntryPoint","urlTemplate":"https:\/\/ptmsrl.com\/?s={search_term_string}"},"query-input":{"@type":"PropertyValueSpecification","valueRequired":true,"valueName":"search_term_string"}}],"inLanguage":"de"},{"@type":"Organization","@id":"https:\/\/ptmsrl.com\/#organization","name":"PTM srl","url":"https:\/\/ptmsrl.com\/","logo":{"@type":"ImageObject","inLanguage":"de","@id":"https:\/\/ptmsrl.com\/#\/schema\/logo\/image\/","url":"https:\/\/ptmsrl.com\/wp-content\/uploads\/2018\/10\/LOGO-PTM.png","contentUrl":"https:\/\/ptmsrl.com\/wp-content\/uploads\/2018\/10\/LOGO-PTM.png","width":1000,"height":500,"caption":"PTM srl"},"image":{"@id":"https:\/\/ptmsrl.com\/#\/schema\/logo\/image\/"},"sameAs":["https:\/\/www.facebook.com\/believingintechnology\/","https:\/\/x.com\/ptm","https:\/\/www.linkedin.com\/company\/ptm-s-r-l\/","https:\/\/www.youtube.com\/channel\/UCPSOS0MaR-4jDkAD3HkAC7A"]}]}},"_links":{"self":[{"href":"https:\/\/ptmsrl.com\/de\/wp-json\/wp\/v2\/product\/2587","targetHints":{"allow":["GET"]}}],"collection":[{"href":"https:\/\/ptmsrl.com\/de\/wp-json\/wp\/v2\/product"}],"about":[{"href":"https:\/\/ptmsrl.com\/de\/wp-json\/wp\/v2\/types\/product"}],"wp:featuredmedia":[{"embeddable":true,"href":"https:\/\/ptmsrl.com\/de\/wp-json\/wp\/v2\/media\/14607"}],"wp:attachment":[{"href":"https:\/\/ptmsrl.com\/de\/wp-json\/wp\/v2\/media?parent=2587"}],"wp:term":[{"taxonomy":"product_brand","embeddable":true,"href":"https:\/\/ptmsrl.com\/de\/wp-json\/wp\/v2\/product_brand?post=2587"},{"taxonomy":"product_cat","embeddable":true,"href":"https:\/\/ptmsrl.com\/de\/wp-json\/wp\/v2\/product_cat?post=2587"},{"taxonomy":"product_tag","embeddable":true,"href":"https:\/\/ptmsrl.com\/de\/wp-json\/wp\/v2\/product_tag?post=2587"}],"curies":[{"name":"wp","href":"https:\/\/api.w.org\/{rel}","templated":true}]}}