{"id":27350,"date":"2026-03-23T09:56:54","date_gmt":"2026-03-23T08:56:55","guid":{"rendered":"https:\/\/ptmsrl.com\/?post_type=product&#038;p=27350"},"modified":"2026-03-23T11:46:07","modified_gmt":"2026-03-23T10:46:07","slug":"advance-iso-feed","status":"publish","type":"product","link":"https:\/\/ptmsrl.com\/de\/prodotto\/advance-iso-feed\/","title":{"rendered":"Advance ISO FEED"},"content":{"rendered":"<ul>\n<li>Intuitive Grafik<\/li>\n<li>Benutzerfreundliches alphanumerisches Tastenfeld<\/li>\n<li>Multilink-System<\/li>\n<li>ISOBUS-Protokoll<\/li>\n<\/ul>\n","protected":false},"excerpt":{"rendered":"<h2 align=\"justify\">Isobus-Elektroniksteuerger\u00e4t f\u00fcr Unifeed-Mischwagen.<\/h2>\n<h3><strong>Das ISO FEED Steuerger\u00e4t ist f\u00fcr die Verwaltung der Be- und Entladevorg\u00e4nge von Unifeed-Mischwagen mit Isobus-System optimiert.<\/strong><\/h3>\n<p align=\"justify\">Diese Elektronik erm\u00f6glicht die Programmierung und Verwaltung von bis zu 144 Rezepten mit maximal 96 Komponenten, davon 28 je Rezept. Sie sind mit einem gro\u00dfen 5,7-Zoll-Grafikdisplay und einer benutzerfreundlichen Tastatur ausgestattet. Dank eines intuitiven Navigationsmen\u00fcs werden Programmierung und Ausf\u00fchrung von Rezepten zu einfachen und unmittelbaren Vorg\u00e4ngen. Das Steuerger\u00e4t kann mit PTM Management verbunden werden.<\/p>\n<p align=\"justify\">\u00dcber das Peripherieanschlusssystem &#8222;PTM Multilink&#8220; ist die gleichzeitige Verbindung verschiedener optionaler Ger\u00e4te m\u00f6glich (z. B. Drucker, AV45, AV75, AV85, zus\u00e4tzliche Relaisplatinen f\u00fcr Topcut-Verwaltung, Mixer usw.). Das Steuerger\u00e4t verf\u00fcgt \u00fcber vergoldete Kontakte, einen Anschluss f\u00fcr optionale Ger\u00e4te, ein Aluminiumgeh\u00e4use sowie Schutz gegen Versorgungsspannungsumkehr und \u00dcberstr\u00f6me durch selbstr\u00fcckstellende Sicherungen.<\/p>\n","protected":false},"featured_media":27359,"template":"","meta":{"inline_featured_image":false},"product_brand":[],"product_cat":[144],"product_tag":[],"class_list":{"0":"post-27350","1":"product","2":"type-product","3":"status-publish","4":"has-post-thumbnail","6":"product_cat-linie-advance","8":"first","9":"instock","10":"downloadable","11":"shipping-taxable","12":"product-type-simple"},"yoast_head":"<!-- This site is optimized with the Yoast SEO plugin v25.3 - https:\/\/yoast.com\/wordpress\/plugins\/seo\/ -->\n<title>PTM Srl | Advance ISO FEED<\/title>\n<meta name=\"robots\" content=\"index, follow, max-snippet:-1, max-image-preview:large, max-video-preview:-1\" \/>\n<link rel=\"canonical\" href=\"https:\/\/ptmsrl.com\/de\/prodotto\/advance-iso-feed\/\" \/>\n<meta property=\"og:locale\" content=\"de_DE\" \/>\n<meta property=\"og:type\" content=\"article\" \/>\n<meta property=\"og:title\" content=\"PTM Srl | Advance ISO FEED\" \/>\n<meta property=\"og:description\" content=\"Isobus-Elektroniksteuerger\u00e4t f\u00fcr Unifeed-Mischwagen. Das ISO FEED Steuerger\u00e4t ist f\u00fcr die Verwaltung der Be- und Entladevorg\u00e4nge von Unifeed-Mischwagen mit Isobus-System optimiert. Diese Elektronik erm\u00f6glicht die Programmierung und Verwaltung von bis zu 144 Rezepten mit maximal 96 Komponenten, davon 28 je Rezept. Sie sind mit einem gro\u00dfen 5,7-Zoll-Grafikdisplay und einer benutzerfreundlichen Tastatur ausgestattet. Dank eines intuitiven Navigationsmen\u00fcs werden Programmierung und Ausf\u00fchrung von Rezepten zu einfachen und unmittelbaren Vorg\u00e4ngen. Das Steuerger\u00e4t kann mit PTM Management verbunden werden. \u00dcber das Peripherieanschlusssystem &quot;PTM Multilink&quot; ist die gleichzeitige Verbindung verschiedener optionaler Ger\u00e4te m\u00f6glich (z. B. Drucker, AV45, AV75, AV85, zus\u00e4tzliche Relaisplatinen f\u00fcr Topcut-Verwaltung, Mixer usw.). Das Steuerger\u00e4t verf\u00fcgt \u00fcber vergoldete Kontakte, einen Anschluss f\u00fcr optionale Ger\u00e4te, ein Aluminiumgeh\u00e4use sowie Schutz gegen Versorgungsspannungsumkehr und \u00dcberstr\u00f6me durch selbstr\u00fcckstellende Sicherungen.\" \/>\n<meta property=\"og:url\" content=\"https:\/\/ptmsrl.com\/de\/prodotto\/advance-iso-feed\/\" \/>\n<meta property=\"og:site_name\" content=\"PTM Srl\" \/>\n<meta property=\"article:publisher\" content=\"https:\/\/www.facebook.com\/believingintechnology\/\" \/>\n<meta property=\"article:modified_time\" content=\"2026-03-23T10:46:07+00:00\" \/>\n<meta property=\"og:image\" content=\"https:\/\/ptmsrl.com\/wp-content\/uploads\/2026\/03\/advance-iso-feed-ptm-srl-isobus.jpg\" \/>\n\t<meta property=\"og:image:width\" content=\"1024\" \/>\n\t<meta property=\"og:image:height\" content=\"1024\" \/>\n\t<meta property=\"og:image:type\" content=\"image\/jpeg\" \/>\n<meta name=\"twitter:card\" content=\"summary_large_image\" \/>\n<meta name=\"twitter:site\" content=\"@ptm\" \/>\n<meta name=\"twitter:label1\" content=\"Gesch\u00e4tzte Lesezeit\" \/>\n\t<meta name=\"twitter:data1\" content=\"1\u00a0Minute\" \/>\n<script type=\"application\/ld+json\" class=\"yoast-schema-graph\">{\"@context\":\"https:\/\/schema.org\",\"@graph\":[{\"@type\":\"WebPage\",\"@id\":\"https:\/\/ptmsrl.com\/de\/prodotto\/advance-iso-feed\/\",\"url\":\"https:\/\/ptmsrl.com\/de\/prodotto\/advance-iso-feed\/\",\"name\":\"PTM Srl | Advance ISO FEED\",\"isPartOf\":{\"@id\":\"https:\/\/ptmsrl.com\/#website\"},\"primaryImageOfPage\":{\"@id\":\"https:\/\/ptmsrl.com\/de\/prodotto\/advance-iso-feed\/#primaryimage\"},\"image\":{\"@id\":\"https:\/\/ptmsrl.com\/de\/prodotto\/advance-iso-feed\/#primaryimage\"},\"thumbnailUrl\":\"https:\/\/ptmsrl.com\/wp-content\/uploads\/2026\/03\/advance-iso-feed-ptm-srl-isobus.jpg\",\"datePublished\":\"2026-03-23T08:56:55+00:00\",\"dateModified\":\"2026-03-23T10:46:07+00:00\",\"breadcrumb\":{\"@id\":\"https:\/\/ptmsrl.com\/de\/prodotto\/advance-iso-feed\/#breadcrumb\"},\"inLanguage\":\"de\",\"potentialAction\":[{\"@type\":\"ReadAction\",\"target\":[\"https:\/\/ptmsrl.com\/de\/prodotto\/advance-iso-feed\/\"]}]},{\"@type\":\"ImageObject\",\"inLanguage\":\"de\",\"@id\":\"https:\/\/ptmsrl.com\/de\/prodotto\/advance-iso-feed\/#primaryimage\",\"url\":\"https:\/\/ptmsrl.com\/wp-content\/uploads\/2026\/03\/advance-iso-feed-ptm-srl-isobus.jpg\",\"contentUrl\":\"https:\/\/ptmsrl.com\/wp-content\/uploads\/2026\/03\/advance-iso-feed-ptm-srl-isobus.jpg\",\"width\":1024,\"height\":1024},{\"@type\":\"BreadcrumbList\",\"@id\":\"https:\/\/ptmsrl.com\/de\/prodotto\/advance-iso-feed\/#breadcrumb\",\"itemListElement\":[{\"@type\":\"ListItem\",\"position\":1,\"name\":\"Home\",\"item\":\"https:\/\/ptmsrl.com\/de\/\"},{\"@type\":\"ListItem\",\"position\":2,\"name\":\"Shop\",\"item\":\"https:\/\/ptmsrl.com\/shop\/\"},{\"@type\":\"ListItem\",\"position\":3,\"name\":\"Advance ISO FEED\"}]},{\"@type\":\"WebSite\",\"@id\":\"https:\/\/ptmsrl.com\/#website\",\"url\":\"https:\/\/ptmsrl.com\/\",\"name\":\"PTM Srl\",\"description\":\"\u041c\u042b \u041f\u0420\u041e\u0418\u0417\u0412\u041e\u0414\u0418\u041c \u041a\u0410\u0427\u0415\u0421\u0422\u0412\u041e, \u041a\u041e\u0422\u041e\u0420\u041e\u0415 \u0418\u041c\u0415\u0415\u0422 \u041e\u0421\u041e\u0411\u042b\u0419 \u0412\u0415\u0421\",\"publisher\":{\"@id\":\"https:\/\/ptmsrl.com\/#organization\"},\"potentialAction\":[{\"@type\":\"SearchAction\",\"target\":{\"@type\":\"EntryPoint\",\"urlTemplate\":\"https:\/\/ptmsrl.com\/?s={search_term_string}\"},\"query-input\":{\"@type\":\"PropertyValueSpecification\",\"valueRequired\":true,\"valueName\":\"search_term_string\"}}],\"inLanguage\":\"de\"},{\"@type\":\"Organization\",\"@id\":\"https:\/\/ptmsrl.com\/#organization\",\"name\":\"PTM srl\",\"url\":\"https:\/\/ptmsrl.com\/\",\"logo\":{\"@type\":\"ImageObject\",\"inLanguage\":\"de\",\"@id\":\"https:\/\/ptmsrl.com\/#\/schema\/logo\/image\/\",\"url\":\"https:\/\/ptmsrl.com\/wp-content\/uploads\/2018\/10\/LOGO-PTM.png\",\"contentUrl\":\"https:\/\/ptmsrl.com\/wp-content\/uploads\/2018\/10\/LOGO-PTM.png\",\"width\":1000,\"height\":500,\"caption\":\"PTM srl\"},\"image\":{\"@id\":\"https:\/\/ptmsrl.com\/#\/schema\/logo\/image\/\"},\"sameAs\":[\"https:\/\/www.facebook.com\/believingintechnology\/\",\"https:\/\/x.com\/ptm\",\"https:\/\/www.linkedin.com\/company\/ptm-s-r-l\/\",\"https:\/\/www.youtube.com\/channel\/UCPSOS0MaR-4jDkAD3HkAC7A\"]}]}<\/script>\n<!-- \/ Yoast SEO plugin. -->","yoast_head_json":{"title":"PTM Srl | Advance ISO FEED","robots":{"index":"index","follow":"follow","max-snippet":"max-snippet:-1","max-image-preview":"max-image-preview:large","max-video-preview":"max-video-preview:-1"},"canonical":"https:\/\/ptmsrl.com\/de\/prodotto\/advance-iso-feed\/","og_locale":"de_DE","og_type":"article","og_title":"PTM Srl | Advance ISO FEED","og_description":"Isobus-Elektroniksteuerger\u00e4t f\u00fcr Unifeed-Mischwagen. Das ISO FEED Steuerger\u00e4t ist f\u00fcr die Verwaltung der Be- und Entladevorg\u00e4nge von Unifeed-Mischwagen mit Isobus-System optimiert. Diese Elektronik erm\u00f6glicht die Programmierung und Verwaltung von bis zu 144 Rezepten mit maximal 96 Komponenten, davon 28 je Rezept. Sie sind mit einem gro\u00dfen 5,7-Zoll-Grafikdisplay und einer benutzerfreundlichen Tastatur ausgestattet. Dank eines intuitiven Navigationsmen\u00fcs werden Programmierung und Ausf\u00fchrung von Rezepten zu einfachen und unmittelbaren Vorg\u00e4ngen. Das Steuerger\u00e4t kann mit PTM Management verbunden werden. \u00dcber das Peripherieanschlusssystem \"PTM Multilink\" ist die gleichzeitige Verbindung verschiedener optionaler Ger\u00e4te m\u00f6glich (z. B. Drucker, AV45, AV75, AV85, zus\u00e4tzliche Relaisplatinen f\u00fcr Topcut-Verwaltung, Mixer usw.). Das Steuerger\u00e4t verf\u00fcgt \u00fcber vergoldete Kontakte, einen Anschluss f\u00fcr optionale Ger\u00e4te, ein Aluminiumgeh\u00e4use sowie Schutz gegen Versorgungsspannungsumkehr und \u00dcberstr\u00f6me durch selbstr\u00fcckstellende Sicherungen.","og_url":"https:\/\/ptmsrl.com\/de\/prodotto\/advance-iso-feed\/","og_site_name":"PTM Srl","article_publisher":"https:\/\/www.facebook.com\/believingintechnology\/","article_modified_time":"2026-03-23T10:46:07+00:00","og_image":[{"width":1024,"height":1024,"url":"https:\/\/ptmsrl.com\/wp-content\/uploads\/2026\/03\/advance-iso-feed-ptm-srl-isobus.jpg","type":"image\/jpeg"}],"twitter_card":"summary_large_image","twitter_site":"@ptm","twitter_misc":{"Gesch\u00e4tzte Lesezeit":"1\u00a0Minute"},"schema":{"@context":"https:\/\/schema.org","@graph":[{"@type":"WebPage","@id":"https:\/\/ptmsrl.com\/de\/prodotto\/advance-iso-feed\/","url":"https:\/\/ptmsrl.com\/de\/prodotto\/advance-iso-feed\/","name":"PTM Srl | Advance ISO FEED","isPartOf":{"@id":"https:\/\/ptmsrl.com\/#website"},"primaryImageOfPage":{"@id":"https:\/\/ptmsrl.com\/de\/prodotto\/advance-iso-feed\/#primaryimage"},"image":{"@id":"https:\/\/ptmsrl.com\/de\/prodotto\/advance-iso-feed\/#primaryimage"},"thumbnailUrl":"https:\/\/ptmsrl.com\/wp-content\/uploads\/2026\/03\/advance-iso-feed-ptm-srl-isobus.jpg","datePublished":"2026-03-23T08:56:55+00:00","dateModified":"2026-03-23T10:46:07+00:00","breadcrumb":{"@id":"https:\/\/ptmsrl.com\/de\/prodotto\/advance-iso-feed\/#breadcrumb"},"inLanguage":"de","potentialAction":[{"@type":"ReadAction","target":["https:\/\/ptmsrl.com\/de\/prodotto\/advance-iso-feed\/"]}]},{"@type":"ImageObject","inLanguage":"de","@id":"https:\/\/ptmsrl.com\/de\/prodotto\/advance-iso-feed\/#primaryimage","url":"https:\/\/ptmsrl.com\/wp-content\/uploads\/2026\/03\/advance-iso-feed-ptm-srl-isobus.jpg","contentUrl":"https:\/\/ptmsrl.com\/wp-content\/uploads\/2026\/03\/advance-iso-feed-ptm-srl-isobus.jpg","width":1024,"height":1024},{"@type":"BreadcrumbList","@id":"https:\/\/ptmsrl.com\/de\/prodotto\/advance-iso-feed\/#breadcrumb","itemListElement":[{"@type":"ListItem","position":1,"name":"Home","item":"https:\/\/ptmsrl.com\/de\/"},{"@type":"ListItem","position":2,"name":"Shop","item":"https:\/\/ptmsrl.com\/shop\/"},{"@type":"ListItem","position":3,"name":"Advance ISO FEED"}]},{"@type":"WebSite","@id":"https:\/\/ptmsrl.com\/#website","url":"https:\/\/ptmsrl.com\/","name":"PTM Srl","description":"\u041c\u042b \u041f\u0420\u041e\u0418\u0417\u0412\u041e\u0414\u0418\u041c \u041a\u0410\u0427\u0415\u0421\u0422\u0412\u041e, \u041a\u041e\u0422\u041e\u0420\u041e\u0415 \u0418\u041c\u0415\u0415\u0422 \u041e\u0421\u041e\u0411\u042b\u0419 \u0412\u0415\u0421","publisher":{"@id":"https:\/\/ptmsrl.com\/#organization"},"potentialAction":[{"@type":"SearchAction","target":{"@type":"EntryPoint","urlTemplate":"https:\/\/ptmsrl.com\/?s={search_term_string}"},"query-input":{"@type":"PropertyValueSpecification","valueRequired":true,"valueName":"search_term_string"}}],"inLanguage":"de"},{"@type":"Organization","@id":"https:\/\/ptmsrl.com\/#organization","name":"PTM srl","url":"https:\/\/ptmsrl.com\/","logo":{"@type":"ImageObject","inLanguage":"de","@id":"https:\/\/ptmsrl.com\/#\/schema\/logo\/image\/","url":"https:\/\/ptmsrl.com\/wp-content\/uploads\/2018\/10\/LOGO-PTM.png","contentUrl":"https:\/\/ptmsrl.com\/wp-content\/uploads\/2018\/10\/LOGO-PTM.png","width":1000,"height":500,"caption":"PTM srl"},"image":{"@id":"https:\/\/ptmsrl.com\/#\/schema\/logo\/image\/"},"sameAs":["https:\/\/www.facebook.com\/believingintechnology\/","https:\/\/x.com\/ptm","https:\/\/www.linkedin.com\/company\/ptm-s-r-l\/","https:\/\/www.youtube.com\/channel\/UCPSOS0MaR-4jDkAD3HkAC7A"]}]}},"_links":{"self":[{"href":"https:\/\/ptmsrl.com\/de\/wp-json\/wp\/v2\/product\/27350","targetHints":{"allow":["GET"]}}],"collection":[{"href":"https:\/\/ptmsrl.com\/de\/wp-json\/wp\/v2\/product"}],"about":[{"href":"https:\/\/ptmsrl.com\/de\/wp-json\/wp\/v2\/types\/product"}],"wp:featuredmedia":[{"embeddable":true,"href":"https:\/\/ptmsrl.com\/de\/wp-json\/wp\/v2\/media\/27359"}],"wp:attachment":[{"href":"https:\/\/ptmsrl.com\/de\/wp-json\/wp\/v2\/media?parent=27350"}],"wp:term":[{"taxonomy":"product_brand","embeddable":true,"href":"https:\/\/ptmsrl.com\/de\/wp-json\/wp\/v2\/product_brand?post=27350"},{"taxonomy":"product_cat","embeddable":true,"href":"https:\/\/ptmsrl.com\/de\/wp-json\/wp\/v2\/product_cat?post=27350"},{"taxonomy":"product_tag","embeddable":true,"href":"https:\/\/ptmsrl.com\/de\/wp-json\/wp\/v2\/product_tag?post=27350"}],"curies":[{"name":"wp","href":"https:\/\/api.w.org\/{rel}","templated":true}]}}