{"id":2752,"date":"2018-09-07T17:37:22","date_gmt":"2018-10-29T15:01:09","guid":{"rendered":"https:\/\/ptmsrl.com\/?post_type=product&#038;p=2752"},"modified":"2022-07-25T11:26:31","modified_gmt":"2022-07-25T09:26:31","slug":"ptm-management","status":"publish","type":"product","link":"https:\/\/ptmsrl.com\/de\/prodotto\/ptm-management\/","title":{"rendered":"PTM Management"},"content":{"rendered":"<ul>\n<li>SOFTWARE IMMER AKTUALISIERT: Aktualisierungen und Verbesserungen am Programm werden automatisch durchgef\u00fchrt, es ist nicht mehr notwendig, Software-Update-CDs anzufordern.<\/li>\n<li>SCHNELLER SERVICE: PTM ist in der Lage, direkt aufs Account des Kunden einzugreifen, um Probleme zu l\u00f6sen.<\/li>\n<li>VERRINGERUNG VON UNTERBRECHUNGEN UND VIRUSIMMUNIT\u00c4T: Das CLOUD-System beseitigt alle Probleme der Inkompatibilit\u00e4t der auf dem PC installierten Software und auch Viren und Hardwarebr\u00fcche werden nicht mehr Unterbrechungen der Arbeitsprozesse verursachen.<\/li>\n<li>SICHERHEIT UND DATENSCHUTZ: Die Sicherheit ist gew\u00e4hrleistet weil die Daten auf einem gesch\u00fctzten System sich befinden, 24 Stunden am Tag \u00fcberwacht werden und eine t\u00e4gliche Datensicherung durchgef\u00fchrt wird.<\/li>\n<\/ul>\n","protected":false},"excerpt":{"rendered":"<h3><strong>Software Cloud<\/strong><\/h3>\n<p>Software zum Precision Feeding: Fortgeschrittenes Management f\u00fcr die Erstellung und Programmierung von Rezepten f\u00fcr die Tierf\u00fctterung.<br \/>\nDie Anwendungen und Funktionen dieser Software befinden sich auf einem Server und werden ins Netzwerk durch Cloud-Plattform verteilt.<\/p>\n<ul>\n<li>Reaktionsschneller Bildschirm<\/li>\n<li>Aktualisierte Berichte zum leichteren Lesen<\/li>\n<li>Neue Diagrammen f\u00fcr Rezepte, einfach und intuitive<\/li>\n<li>DRY: Trockenmasseverwaltung<\/li>\n<li>IOFC: Ertrag abz\u00fcglich Lebensmittelkosten<\/li>\n<li>API: f\u00fcr Software von Drittanbietern<\/li>\n<li>Live-Chat, um direkt an unsere Techniker um Online-Support zu bitten<\/li>\n<\/ul>\n<p>Die Software ist in den folgenden Versionen erh\u00e4ltlich:<\/p>\n<ul>\n<li>STANDARD Standardverwaltung von Rezepten, Komponenten, Programmierung und Datenarchiv.<\/li>\n<li>PROFESSIONAL Verwaltung von Rezepten, zus\u00e4tzliche Verwaltung der Trockenmasse, Lagermenge, Kosten und Produktion.<\/li>\n<li>PREMIUM Vollprogramm, besteht aus: STANDARD + PROFESSIONAL + KUNDENLISTE + Verwaltung der Lieferungen.<\/li>\n<\/ul>\n","protected":false},"featured_media":20594,"template":"","meta":{"inline_featured_image":false},"product_brand":[],"product_cat":[184],"product_tag":[],"class_list":{"0":"post-2752","1":"product","2":"type-product","3":"status-publish","4":"has-post-thumbnail","6":"product_cat-verwaltungssoftware","8":"first","9":"instock","10":"downloadable","11":"shipping-taxable","12":"product-type-simple"},"yoast_head":"<!-- This site is optimized with the Yoast SEO plugin v25.3 - https:\/\/yoast.com\/wordpress\/plugins\/seo\/ -->\n<title>PTM Srl | PTM Management<\/title>\n<meta name=\"robots\" content=\"index, follow, max-snippet:-1, max-image-preview:large, max-video-preview:-1\" \/>\n<link rel=\"canonical\" href=\"https:\/\/ptmsrl.com\/de\/prodotto\/ptm-management\/\" \/>\n<meta property=\"og:locale\" content=\"de_DE\" \/>\n<meta property=\"og:type\" content=\"article\" \/>\n<meta property=\"og:title\" content=\"PTM Srl | PTM Management\" \/>\n<meta property=\"og:description\" content=\"Software Cloud Software zum Precision Feeding: Fortgeschrittenes Management f\u00fcr die Erstellung und Programmierung von Rezepten f\u00fcr die Tierf\u00fctterung. Die Anwendungen und Funktionen dieser Software befinden sich auf einem Server und werden ins Netzwerk durch Cloud-Plattform verteilt.   Reaktionsschneller Bildschirm  Aktualisierte Berichte zum leichteren Lesen  Neue Diagrammen f\u00fcr Rezepte, einfach und intuitive  DRY: Trockenmasseverwaltung  IOFC: Ertrag abz\u00fcglich Lebensmittelkosten  API: f\u00fcr Software von Drittanbietern  Live-Chat, um direkt an unsere Techniker um Online-Support zu bitten  Die Software ist in den folgenden Versionen erh\u00e4ltlich:   STANDARD Standardverwaltung von Rezepten, Komponenten, Programmierung und Datenarchiv.  PROFESSIONAL Verwaltung von Rezepten, zus\u00e4tzliche Verwaltung der Trockenmasse, Lagermenge, Kosten und Produktion.  PREMIUM Vollprogramm, besteht aus: STANDARD + PROFESSIONAL + KUNDENLISTE + Verwaltung der Lieferungen.\" \/>\n<meta property=\"og:url\" content=\"https:\/\/ptmsrl.com\/de\/prodotto\/ptm-management\/\" \/>\n<meta property=\"og:site_name\" content=\"PTM Srl\" \/>\n<meta property=\"article:publisher\" content=\"https:\/\/www.facebook.com\/believingintechnology\/\" \/>\n<meta property=\"article:modified_time\" content=\"2022-07-25T09:26:31+00:00\" \/>\n<meta property=\"og:image\" content=\"https:\/\/ptmsrl.com\/wp-content\/uploads\/2018\/09\/ptm-management-software-cloud-dedicato-al-precision-feeding.jpg\" \/>\n\t<meta property=\"og:image:width\" content=\"1200\" \/>\n\t<meta property=\"og:image:height\" content=\"1200\" \/>\n\t<meta property=\"og:image:type\" content=\"image\/jpeg\" \/>\n<meta name=\"twitter:card\" content=\"summary_large_image\" \/>\n<meta name=\"twitter:site\" content=\"@ptm\" \/>\n<meta name=\"twitter:label1\" content=\"Gesch\u00e4tzte Lesezeit\" \/>\n\t<meta name=\"twitter:data1\" content=\"1\u00a0Minute\" \/>\n<script type=\"application\/ld+json\" class=\"yoast-schema-graph\">{\"@context\":\"https:\/\/schema.org\",\"@graph\":[{\"@type\":\"WebPage\",\"@id\":\"https:\/\/ptmsrl.com\/de\/prodotto\/ptm-management\/\",\"url\":\"https:\/\/ptmsrl.com\/de\/prodotto\/ptm-management\/\",\"name\":\"PTM Srl | PTM Management\",\"isPartOf\":{\"@id\":\"https:\/\/ptmsrl.com\/#website\"},\"primaryImageOfPage\":{\"@id\":\"https:\/\/ptmsrl.com\/de\/prodotto\/ptm-management\/#primaryimage\"},\"image\":{\"@id\":\"https:\/\/ptmsrl.com\/de\/prodotto\/ptm-management\/#primaryimage\"},\"thumbnailUrl\":\"https:\/\/ptmsrl.com\/wp-content\/uploads\/2018\/09\/ptm-management-software-cloud-dedicato-al-precision-feeding.jpg\",\"datePublished\":\"2018-10-29T15:01:09+00:00\",\"dateModified\":\"2022-07-25T09:26:31+00:00\",\"breadcrumb\":{\"@id\":\"https:\/\/ptmsrl.com\/de\/prodotto\/ptm-management\/#breadcrumb\"},\"inLanguage\":\"de\",\"potentialAction\":[{\"@type\":\"ReadAction\",\"target\":[\"https:\/\/ptmsrl.com\/de\/prodotto\/ptm-management\/\"]}]},{\"@type\":\"ImageObject\",\"inLanguage\":\"de\",\"@id\":\"https:\/\/ptmsrl.com\/de\/prodotto\/ptm-management\/#primaryimage\",\"url\":\"https:\/\/ptmsrl.com\/wp-content\/uploads\/2018\/09\/ptm-management-software-cloud-dedicato-al-precision-feeding.jpg\",\"contentUrl\":\"https:\/\/ptmsrl.com\/wp-content\/uploads\/2018\/09\/ptm-management-software-cloud-dedicato-al-precision-feeding.jpg\",\"width\":1200,\"height\":1200,\"caption\":\"ptm-management-software-cloud-dedicato-al-precision-feeding\"},{\"@type\":\"BreadcrumbList\",\"@id\":\"https:\/\/ptmsrl.com\/de\/prodotto\/ptm-management\/#breadcrumb\",\"itemListElement\":[{\"@type\":\"ListItem\",\"position\":1,\"name\":\"Home\",\"item\":\"https:\/\/ptmsrl.com\/de\/\"},{\"@type\":\"ListItem\",\"position\":2,\"name\":\"Shop\",\"item\":\"https:\/\/ptmsrl.com\/shop\/\"},{\"@type\":\"ListItem\",\"position\":3,\"name\":\"PTM Management\"}]},{\"@type\":\"WebSite\",\"@id\":\"https:\/\/ptmsrl.com\/#website\",\"url\":\"https:\/\/ptmsrl.com\/\",\"name\":\"PTM Srl\",\"description\":\"\u041c\u042b \u041f\u0420\u041e\u0418\u0417\u0412\u041e\u0414\u0418\u041c \u041a\u0410\u0427\u0415\u0421\u0422\u0412\u041e, \u041a\u041e\u0422\u041e\u0420\u041e\u0415 \u0418\u041c\u0415\u0415\u0422 \u041e\u0421\u041e\u0411\u042b\u0419 \u0412\u0415\u0421\",\"publisher\":{\"@id\":\"https:\/\/ptmsrl.com\/#organization\"},\"potentialAction\":[{\"@type\":\"SearchAction\",\"target\":{\"@type\":\"EntryPoint\",\"urlTemplate\":\"https:\/\/ptmsrl.com\/?s={search_term_string}\"},\"query-input\":{\"@type\":\"PropertyValueSpecification\",\"valueRequired\":true,\"valueName\":\"search_term_string\"}}],\"inLanguage\":\"de\"},{\"@type\":\"Organization\",\"@id\":\"https:\/\/ptmsrl.com\/#organization\",\"name\":\"PTM srl\",\"url\":\"https:\/\/ptmsrl.com\/\",\"logo\":{\"@type\":\"ImageObject\",\"inLanguage\":\"de\",\"@id\":\"https:\/\/ptmsrl.com\/#\/schema\/logo\/image\/\",\"url\":\"https:\/\/ptmsrl.com\/wp-content\/uploads\/2018\/10\/LOGO-PTM.png\",\"contentUrl\":\"https:\/\/ptmsrl.com\/wp-content\/uploads\/2018\/10\/LOGO-PTM.png\",\"width\":1000,\"height\":500,\"caption\":\"PTM srl\"},\"image\":{\"@id\":\"https:\/\/ptmsrl.com\/#\/schema\/logo\/image\/\"},\"sameAs\":[\"https:\/\/www.facebook.com\/believingintechnology\/\",\"https:\/\/x.com\/ptm\",\"https:\/\/www.linkedin.com\/company\/ptm-s-r-l\/\",\"https:\/\/www.youtube.com\/channel\/UCPSOS0MaR-4jDkAD3HkAC7A\"]}]}<\/script>\n<!-- \/ Yoast SEO plugin. -->","yoast_head_json":{"title":"PTM Srl | PTM Management","robots":{"index":"index","follow":"follow","max-snippet":"max-snippet:-1","max-image-preview":"max-image-preview:large","max-video-preview":"max-video-preview:-1"},"canonical":"https:\/\/ptmsrl.com\/de\/prodotto\/ptm-management\/","og_locale":"de_DE","og_type":"article","og_title":"PTM Srl | PTM Management","og_description":"Software Cloud Software zum Precision Feeding: Fortgeschrittenes Management f\u00fcr die Erstellung und Programmierung von Rezepten f\u00fcr die Tierf\u00fctterung. Die Anwendungen und Funktionen dieser Software befinden sich auf einem Server und werden ins Netzwerk durch Cloud-Plattform verteilt.   Reaktionsschneller Bildschirm  Aktualisierte Berichte zum leichteren Lesen  Neue Diagrammen f\u00fcr Rezepte, einfach und intuitive  DRY: Trockenmasseverwaltung  IOFC: Ertrag abz\u00fcglich Lebensmittelkosten  API: f\u00fcr Software von Drittanbietern  Live-Chat, um direkt an unsere Techniker um Online-Support zu bitten  Die Software ist in den folgenden Versionen erh\u00e4ltlich:   STANDARD Standardverwaltung von Rezepten, Komponenten, Programmierung und Datenarchiv.  PROFESSIONAL Verwaltung von Rezepten, zus\u00e4tzliche Verwaltung der Trockenmasse, Lagermenge, Kosten und Produktion.  PREMIUM Vollprogramm, besteht aus: STANDARD + PROFESSIONAL + KUNDENLISTE + Verwaltung der Lieferungen.","og_url":"https:\/\/ptmsrl.com\/de\/prodotto\/ptm-management\/","og_site_name":"PTM Srl","article_publisher":"https:\/\/www.facebook.com\/believingintechnology\/","article_modified_time":"2022-07-25T09:26:31+00:00","og_image":[{"width":1200,"height":1200,"url":"https:\/\/ptmsrl.com\/wp-content\/uploads\/2018\/09\/ptm-management-software-cloud-dedicato-al-precision-feeding.jpg","type":"image\/jpeg"}],"twitter_card":"summary_large_image","twitter_site":"@ptm","twitter_misc":{"Gesch\u00e4tzte Lesezeit":"1\u00a0Minute"},"schema":{"@context":"https:\/\/schema.org","@graph":[{"@type":"WebPage","@id":"https:\/\/ptmsrl.com\/de\/prodotto\/ptm-management\/","url":"https:\/\/ptmsrl.com\/de\/prodotto\/ptm-management\/","name":"PTM Srl | PTM Management","isPartOf":{"@id":"https:\/\/ptmsrl.com\/#website"},"primaryImageOfPage":{"@id":"https:\/\/ptmsrl.com\/de\/prodotto\/ptm-management\/#primaryimage"},"image":{"@id":"https:\/\/ptmsrl.com\/de\/prodotto\/ptm-management\/#primaryimage"},"thumbnailUrl":"https:\/\/ptmsrl.com\/wp-content\/uploads\/2018\/09\/ptm-management-software-cloud-dedicato-al-precision-feeding.jpg","datePublished":"2018-10-29T15:01:09+00:00","dateModified":"2022-07-25T09:26:31+00:00","breadcrumb":{"@id":"https:\/\/ptmsrl.com\/de\/prodotto\/ptm-management\/#breadcrumb"},"inLanguage":"de","potentialAction":[{"@type":"ReadAction","target":["https:\/\/ptmsrl.com\/de\/prodotto\/ptm-management\/"]}]},{"@type":"ImageObject","inLanguage":"de","@id":"https:\/\/ptmsrl.com\/de\/prodotto\/ptm-management\/#primaryimage","url":"https:\/\/ptmsrl.com\/wp-content\/uploads\/2018\/09\/ptm-management-software-cloud-dedicato-al-precision-feeding.jpg","contentUrl":"https:\/\/ptmsrl.com\/wp-content\/uploads\/2018\/09\/ptm-management-software-cloud-dedicato-al-precision-feeding.jpg","width":1200,"height":1200,"caption":"ptm-management-software-cloud-dedicato-al-precision-feeding"},{"@type":"BreadcrumbList","@id":"https:\/\/ptmsrl.com\/de\/prodotto\/ptm-management\/#breadcrumb","itemListElement":[{"@type":"ListItem","position":1,"name":"Home","item":"https:\/\/ptmsrl.com\/de\/"},{"@type":"ListItem","position":2,"name":"Shop","item":"https:\/\/ptmsrl.com\/shop\/"},{"@type":"ListItem","position":3,"name":"PTM Management"}]},{"@type":"WebSite","@id":"https:\/\/ptmsrl.com\/#website","url":"https:\/\/ptmsrl.com\/","name":"PTM Srl","description":"\u041c\u042b \u041f\u0420\u041e\u0418\u0417\u0412\u041e\u0414\u0418\u041c \u041a\u0410\u0427\u0415\u0421\u0422\u0412\u041e, \u041a\u041e\u0422\u041e\u0420\u041e\u0415 \u0418\u041c\u0415\u0415\u0422 \u041e\u0421\u041e\u0411\u042b\u0419 \u0412\u0415\u0421","publisher":{"@id":"https:\/\/ptmsrl.com\/#organization"},"potentialAction":[{"@type":"SearchAction","target":{"@type":"EntryPoint","urlTemplate":"https:\/\/ptmsrl.com\/?s={search_term_string}"},"query-input":{"@type":"PropertyValueSpecification","valueRequired":true,"valueName":"search_term_string"}}],"inLanguage":"de"},{"@type":"Organization","@id":"https:\/\/ptmsrl.com\/#organization","name":"PTM srl","url":"https:\/\/ptmsrl.com\/","logo":{"@type":"ImageObject","inLanguage":"de","@id":"https:\/\/ptmsrl.com\/#\/schema\/logo\/image\/","url":"https:\/\/ptmsrl.com\/wp-content\/uploads\/2018\/10\/LOGO-PTM.png","contentUrl":"https:\/\/ptmsrl.com\/wp-content\/uploads\/2018\/10\/LOGO-PTM.png","width":1000,"height":500,"caption":"PTM srl"},"image":{"@id":"https:\/\/ptmsrl.com\/#\/schema\/logo\/image\/"},"sameAs":["https:\/\/www.facebook.com\/believingintechnology\/","https:\/\/x.com\/ptm","https:\/\/www.linkedin.com\/company\/ptm-s-r-l\/","https:\/\/www.youtube.com\/channel\/UCPSOS0MaR-4jDkAD3HkAC7A"]}]}},"_links":{"self":[{"href":"https:\/\/ptmsrl.com\/de\/wp-json\/wp\/v2\/product\/2752","targetHints":{"allow":["GET"]}}],"collection":[{"href":"https:\/\/ptmsrl.com\/de\/wp-json\/wp\/v2\/product"}],"about":[{"href":"https:\/\/ptmsrl.com\/de\/wp-json\/wp\/v2\/types\/product"}],"wp:featuredmedia":[{"embeddable":true,"href":"https:\/\/ptmsrl.com\/de\/wp-json\/wp\/v2\/media\/20594"}],"wp:attachment":[{"href":"https:\/\/ptmsrl.com\/de\/wp-json\/wp\/v2\/media?parent=2752"}],"wp:term":[{"taxonomy":"product_brand","embeddable":true,"href":"https:\/\/ptmsrl.com\/de\/wp-json\/wp\/v2\/product_brand?post=2752"},{"taxonomy":"product_cat","embeddable":true,"href":"https:\/\/ptmsrl.com\/de\/wp-json\/wp\/v2\/product_cat?post=2752"},{"taxonomy":"product_tag","embeddable":true,"href":"https:\/\/ptmsrl.com\/de\/wp-json\/wp\/v2\/product_tag?post=2752"}],"curies":[{"name":"wp","href":"https:\/\/api.w.org\/{rel}","templated":true}]}}