{"id":2762,"date":"2018-09-07T17:49:51","date_gmt":"2018-10-29T15:34:02","guid":{"rendered":"https:\/\/ptmsrl.com\/?post_type=product&#038;p=2762"},"modified":"2022-07-25T11:26:16","modified_gmt":"2022-07-25T09:26:16","slug":"super-data-mix","status":"publish","type":"product","link":"https:\/\/ptmsrl.com\/de\/prodotto\/super-data-mix\/","title":{"rendered":"Super Data Mix"},"content":{"rendered":"<ul>\n<li>Kompatibilit\u00e4t mit Windows Xp, Windows Vista und Windows 7,8,10.<\/li>\n<li>Anmeldeverfahren, das online durchgef\u00fchrt werden kann.<\/li>\n<li>Daten\u00fcbertragung auf dem Wiegecomputer \u00fcber USB.<\/li>\n<li>Verwaltung bis 99 Karten gleichzeitig.<\/li>\n<li>Verwaltung vom Alarmprozent bei Ladungen und Ausladungen.<\/li>\n<li>Beim Arbeiten mit USB-Speicher ist es m\u00f6glich, die Funktion von Datenbackup zu verwenden und damit den Datenverlust im Fall von Besch\u00e4digung des USB-Speichers zu vermeiden;<\/li>\n<li>Datenexportierung in eine Excel- oder Textdatei.<\/li>\n<li>150 Rezepte, die eingestellt werden k\u00f6nnen, mit der M\u00f6glichkeit, 30<\/li>\n<li>Komponenten f\u00fcr jedes von ihnen einzuf\u00fcgen.<\/li>\n<li>Beim Arbeiten mit USB-Stick, wird die Backup-Funktion f\u00fcr die Datenwiederherstellung aktiviert<\/li>\n<li>M\u00f6glichkeit, die zu ladende Menge zu \u00e4ndern, indem die zu ladende Menge der einzelnen<\/li>\n<li>Komponenten oder des gesamten Rezept nach Prozentsatz ge\u00e4ndert wird<\/li>\n<li>Grafische Darstellung des Verteilungsprozentsatzes der einzelnen Komponente bei der Programmierung der Rezepte<\/li>\n<li>Verwaltung des prozentualen Anteils von Trockenmasse pro jede Komponente, mit entsprechendem N\u00e4hrwert und Kost (pro Kg)<\/li>\n<li>Verarbeitung der Kosten der Rezepte<\/li>\n<li>Verarbeitung der Kosten jeder einzelnen Operation<\/li>\n<li>Verwaltung der Kosten der Arbeitskraft<\/li>\n<li>Verwaltung vom Milchpreis<\/li>\n<li>Verrechnung vom Ertrag und Preisvorteil des Rezeptes<\/li>\n<li>Grafische Darstellung der Kostenentwicklung<\/li>\n<li>Verwaltung einer Kundendatenbank<\/li>\n<li>M\u00f6glichkeit, die verschiedenen Lieferungen mit Menge und Ankunftsdatum der Ware zu registrieren<\/li>\n<li>Verwaltung eines gemeinsamen Lagers und aller einzelnen Lager der verschiedenen Kunden, mit entsprechender Einstellung der Alarmmengen<\/li>\n<li>Verwaltung der Daten \u00fcber die Au\u00dfentemperatur<\/li>\n<li>Verwaltung eines Ladungsarchivs, mit M\u00f6glichkeit, eine spezifische Operation zu suchen und das<\/li>\n<li>Detail dieser Operation zu visualisieren<\/li>\n<li>M\u00f6glichkeit, Berichte f\u00fcr eine oder mehrere Operationen im Ladungsarchiv auszudrucken; es ist m\u00f6glich, die folgenden Berichte auszudrucken:\u00a0VOLLST\u00c4NDIGER BERICHT \/ MINIMALBERICHT \/ VERBRAUCHENBERICT \/ OPERATIONSLISTE \/ BERICHT \u00dcBER DIE ARBEITSZEIT JEDER OPERATION \/ LISTE DER GELADENEN REZEPTKOMPONENTEN \/ LISTE DER GELADENEN REZEPTKOMPONENTEN MIT DEN ENTSPRECHENDEN TROCKENMASSEWERTEN<\/li>\n<li>Verwaltung eines Ausladungsarchivs, mit M\u00f6glichkeit, eine spezifische Operation zu suchen und die hergestellte Milchmenge einzugeben<\/li>\n<li>M\u00f6glichkeit, die folgenden Ausladungsberichte f\u00fcr jede Operation zu exportieren und auszudrucken:\u00a0VOLLST\u00c4NDIGER BERICHT \/ MINIMALBERICHT \/ OPERATIONSLISTE \/ BERICHT \u00dcBER DIE ARBEITSZEIT JEDER OPERATION BERICHT \u00dcBER DIE MILCHPRODUKTION<\/li>\n<li>Anzeige der Partialmengen, die f\u00fcr jeden Wagen zu laden sind<\/li>\n<li>M\u00f6glichkeit, der technischen PTM-Abteilung die Database zur Probleml\u00f6sung zu senden<\/li>\n<li>M\u00f6glichkeit, die Kundendatabase auszutauschen, zu komprimieren oder als Backup zu speichern<\/li>\n<li>M\u00f6glichkeit, ein RF-\u00dcbertragungsger\u00e4t einzubauen, um die Daten zwischen PC und Wiegecomputer \u00fcber Funk (ZigBee-Technologie) zu \u00fcbertragen<\/li>\n<\/ul>\n","protected":false},"excerpt":{"rendered":"<h3><strong>Software<\/strong><\/h3>\n<p align=\"justify\">Software zur \u00dcbertragung von Informationen von den Wiegecomputern Graphic Super USB und Advance Super USB zum PC und umgekehrt, \u00fcber USB-Speicher.<\/p>\n","protected":false},"featured_media":20587,"template":"","meta":{"inline_featured_image":false},"product_brand":[],"product_cat":[184],"product_tag":[],"class_list":{"0":"post-2762","1":"product","2":"type-product","3":"status-publish","4":"has-post-thumbnail","6":"product_cat-verwaltungssoftware","8":"first","9":"instock","10":"downloadable","11":"shipping-taxable","12":"product-type-simple"},"yoast_head":"<!-- This site is optimized with the Yoast SEO plugin v25.3 - https:\/\/yoast.com\/wordpress\/plugins\/seo\/ -->\n<title>PTM Srl | Super Data Mix<\/title>\n<meta name=\"robots\" content=\"index, follow, max-snippet:-1, max-image-preview:large, max-video-preview:-1\" \/>\n<link rel=\"canonical\" href=\"https:\/\/ptmsrl.com\/de\/prodotto\/super-data-mix\/\" \/>\n<meta property=\"og:locale\" content=\"de_DE\" \/>\n<meta property=\"og:type\" content=\"article\" \/>\n<meta property=\"og:title\" content=\"PTM Srl | Super Data Mix\" \/>\n<meta property=\"og:description\" content=\"Software Software zur \u00dcbertragung von Informationen von den Wiegecomputern Graphic Super USB und Advance Super USB zum PC und umgekehrt, \u00fcber USB-Speicher.\" \/>\n<meta property=\"og:url\" content=\"https:\/\/ptmsrl.com\/de\/prodotto\/super-data-mix\/\" \/>\n<meta property=\"og:site_name\" content=\"PTM Srl\" \/>\n<meta property=\"article:publisher\" content=\"https:\/\/www.facebook.com\/believingintechnology\/\" \/>\n<meta property=\"article:modified_time\" content=\"2022-07-25T09:26:16+00:00\" \/>\n<meta property=\"og:image\" content=\"https:\/\/ptmsrl.com\/wp-content\/uploads\/2018\/09\/ptm-super-data-mix-software-per-trasmettere-informazioni.jpg\" \/>\n\t<meta property=\"og:image:width\" content=\"1200\" \/>\n\t<meta property=\"og:image:height\" content=\"1200\" \/>\n\t<meta property=\"og:image:type\" content=\"image\/jpeg\" \/>\n<meta name=\"twitter:card\" content=\"summary_large_image\" \/>\n<meta name=\"twitter:site\" content=\"@ptm\" \/>\n<meta name=\"twitter:label1\" content=\"Gesch\u00e4tzte Lesezeit\" \/>\n\t<meta name=\"twitter:data1\" content=\"2\u00a0Minuten\" \/>\n<script type=\"application\/ld+json\" class=\"yoast-schema-graph\">{\"@context\":\"https:\/\/schema.org\",\"@graph\":[{\"@type\":\"WebPage\",\"@id\":\"https:\/\/ptmsrl.com\/de\/prodotto\/super-data-mix\/\",\"url\":\"https:\/\/ptmsrl.com\/de\/prodotto\/super-data-mix\/\",\"name\":\"PTM Srl | Super Data Mix\",\"isPartOf\":{\"@id\":\"https:\/\/ptmsrl.com\/#website\"},\"primaryImageOfPage\":{\"@id\":\"https:\/\/ptmsrl.com\/de\/prodotto\/super-data-mix\/#primaryimage\"},\"image\":{\"@id\":\"https:\/\/ptmsrl.com\/de\/prodotto\/super-data-mix\/#primaryimage\"},\"thumbnailUrl\":\"https:\/\/ptmsrl.com\/wp-content\/uploads\/2018\/09\/ptm-super-data-mix-software-per-trasmettere-informazioni.jpg\",\"datePublished\":\"2018-10-29T15:34:02+00:00\",\"dateModified\":\"2022-07-25T09:26:16+00:00\",\"breadcrumb\":{\"@id\":\"https:\/\/ptmsrl.com\/de\/prodotto\/super-data-mix\/#breadcrumb\"},\"inLanguage\":\"de\",\"potentialAction\":[{\"@type\":\"ReadAction\",\"target\":[\"https:\/\/ptmsrl.com\/de\/prodotto\/super-data-mix\/\"]}]},{\"@type\":\"ImageObject\",\"inLanguage\":\"de\",\"@id\":\"https:\/\/ptmsrl.com\/de\/prodotto\/super-data-mix\/#primaryimage\",\"url\":\"https:\/\/ptmsrl.com\/wp-content\/uploads\/2018\/09\/ptm-super-data-mix-software-per-trasmettere-informazioni.jpg\",\"contentUrl\":\"https:\/\/ptmsrl.com\/wp-content\/uploads\/2018\/09\/ptm-super-data-mix-software-per-trasmettere-informazioni.jpg\",\"width\":1200,\"height\":1200,\"caption\":\"ptm-super-data-mix-software-per-trasmettere-informazioni\"},{\"@type\":\"BreadcrumbList\",\"@id\":\"https:\/\/ptmsrl.com\/de\/prodotto\/super-data-mix\/#breadcrumb\",\"itemListElement\":[{\"@type\":\"ListItem\",\"position\":1,\"name\":\"Home\",\"item\":\"https:\/\/ptmsrl.com\/de\/\"},{\"@type\":\"ListItem\",\"position\":2,\"name\":\"Shop\",\"item\":\"https:\/\/ptmsrl.com\/shop\/\"},{\"@type\":\"ListItem\",\"position\":3,\"name\":\"Super Data Mix\"}]},{\"@type\":\"WebSite\",\"@id\":\"https:\/\/ptmsrl.com\/#website\",\"url\":\"https:\/\/ptmsrl.com\/\",\"name\":\"PTM Srl\",\"description\":\"\u041c\u042b \u041f\u0420\u041e\u0418\u0417\u0412\u041e\u0414\u0418\u041c \u041a\u0410\u0427\u0415\u0421\u0422\u0412\u041e, \u041a\u041e\u0422\u041e\u0420\u041e\u0415 \u0418\u041c\u0415\u0415\u0422 \u041e\u0421\u041e\u0411\u042b\u0419 \u0412\u0415\u0421\",\"publisher\":{\"@id\":\"https:\/\/ptmsrl.com\/#organization\"},\"potentialAction\":[{\"@type\":\"SearchAction\",\"target\":{\"@type\":\"EntryPoint\",\"urlTemplate\":\"https:\/\/ptmsrl.com\/?s={search_term_string}\"},\"query-input\":{\"@type\":\"PropertyValueSpecification\",\"valueRequired\":true,\"valueName\":\"search_term_string\"}}],\"inLanguage\":\"de\"},{\"@type\":\"Organization\",\"@id\":\"https:\/\/ptmsrl.com\/#organization\",\"name\":\"PTM srl\",\"url\":\"https:\/\/ptmsrl.com\/\",\"logo\":{\"@type\":\"ImageObject\",\"inLanguage\":\"de\",\"@id\":\"https:\/\/ptmsrl.com\/#\/schema\/logo\/image\/\",\"url\":\"https:\/\/ptmsrl.com\/wp-content\/uploads\/2018\/10\/LOGO-PTM.png\",\"contentUrl\":\"https:\/\/ptmsrl.com\/wp-content\/uploads\/2018\/10\/LOGO-PTM.png\",\"width\":1000,\"height\":500,\"caption\":\"PTM srl\"},\"image\":{\"@id\":\"https:\/\/ptmsrl.com\/#\/schema\/logo\/image\/\"},\"sameAs\":[\"https:\/\/www.facebook.com\/believingintechnology\/\",\"https:\/\/x.com\/ptm\",\"https:\/\/www.linkedin.com\/company\/ptm-s-r-l\/\",\"https:\/\/www.youtube.com\/channel\/UCPSOS0MaR-4jDkAD3HkAC7A\"]}]}<\/script>\n<!-- \/ Yoast SEO plugin. -->","yoast_head_json":{"title":"PTM Srl | Super Data Mix","robots":{"index":"index","follow":"follow","max-snippet":"max-snippet:-1","max-image-preview":"max-image-preview:large","max-video-preview":"max-video-preview:-1"},"canonical":"https:\/\/ptmsrl.com\/de\/prodotto\/super-data-mix\/","og_locale":"de_DE","og_type":"article","og_title":"PTM Srl | Super Data Mix","og_description":"Software Software zur \u00dcbertragung von Informationen von den Wiegecomputern Graphic Super USB und Advance Super USB zum PC und umgekehrt, \u00fcber USB-Speicher.","og_url":"https:\/\/ptmsrl.com\/de\/prodotto\/super-data-mix\/","og_site_name":"PTM Srl","article_publisher":"https:\/\/www.facebook.com\/believingintechnology\/","article_modified_time":"2022-07-25T09:26:16+00:00","og_image":[{"width":1200,"height":1200,"url":"https:\/\/ptmsrl.com\/wp-content\/uploads\/2018\/09\/ptm-super-data-mix-software-per-trasmettere-informazioni.jpg","type":"image\/jpeg"}],"twitter_card":"summary_large_image","twitter_site":"@ptm","twitter_misc":{"Gesch\u00e4tzte Lesezeit":"2\u00a0Minuten"},"schema":{"@context":"https:\/\/schema.org","@graph":[{"@type":"WebPage","@id":"https:\/\/ptmsrl.com\/de\/prodotto\/super-data-mix\/","url":"https:\/\/ptmsrl.com\/de\/prodotto\/super-data-mix\/","name":"PTM Srl | Super Data Mix","isPartOf":{"@id":"https:\/\/ptmsrl.com\/#website"},"primaryImageOfPage":{"@id":"https:\/\/ptmsrl.com\/de\/prodotto\/super-data-mix\/#primaryimage"},"image":{"@id":"https:\/\/ptmsrl.com\/de\/prodotto\/super-data-mix\/#primaryimage"},"thumbnailUrl":"https:\/\/ptmsrl.com\/wp-content\/uploads\/2018\/09\/ptm-super-data-mix-software-per-trasmettere-informazioni.jpg","datePublished":"2018-10-29T15:34:02+00:00","dateModified":"2022-07-25T09:26:16+00:00","breadcrumb":{"@id":"https:\/\/ptmsrl.com\/de\/prodotto\/super-data-mix\/#breadcrumb"},"inLanguage":"de","potentialAction":[{"@type":"ReadAction","target":["https:\/\/ptmsrl.com\/de\/prodotto\/super-data-mix\/"]}]},{"@type":"ImageObject","inLanguage":"de","@id":"https:\/\/ptmsrl.com\/de\/prodotto\/super-data-mix\/#primaryimage","url":"https:\/\/ptmsrl.com\/wp-content\/uploads\/2018\/09\/ptm-super-data-mix-software-per-trasmettere-informazioni.jpg","contentUrl":"https:\/\/ptmsrl.com\/wp-content\/uploads\/2018\/09\/ptm-super-data-mix-software-per-trasmettere-informazioni.jpg","width":1200,"height":1200,"caption":"ptm-super-data-mix-software-per-trasmettere-informazioni"},{"@type":"BreadcrumbList","@id":"https:\/\/ptmsrl.com\/de\/prodotto\/super-data-mix\/#breadcrumb","itemListElement":[{"@type":"ListItem","position":1,"name":"Home","item":"https:\/\/ptmsrl.com\/de\/"},{"@type":"ListItem","position":2,"name":"Shop","item":"https:\/\/ptmsrl.com\/shop\/"},{"@type":"ListItem","position":3,"name":"Super Data Mix"}]},{"@type":"WebSite","@id":"https:\/\/ptmsrl.com\/#website","url":"https:\/\/ptmsrl.com\/","name":"PTM Srl","description":"\u041c\u042b \u041f\u0420\u041e\u0418\u0417\u0412\u041e\u0414\u0418\u041c \u041a\u0410\u0427\u0415\u0421\u0422\u0412\u041e, \u041a\u041e\u0422\u041e\u0420\u041e\u0415 \u0418\u041c\u0415\u0415\u0422 \u041e\u0421\u041e\u0411\u042b\u0419 \u0412\u0415\u0421","publisher":{"@id":"https:\/\/ptmsrl.com\/#organization"},"potentialAction":[{"@type":"SearchAction","target":{"@type":"EntryPoint","urlTemplate":"https:\/\/ptmsrl.com\/?s={search_term_string}"},"query-input":{"@type":"PropertyValueSpecification","valueRequired":true,"valueName":"search_term_string"}}],"inLanguage":"de"},{"@type":"Organization","@id":"https:\/\/ptmsrl.com\/#organization","name":"PTM srl","url":"https:\/\/ptmsrl.com\/","logo":{"@type":"ImageObject","inLanguage":"de","@id":"https:\/\/ptmsrl.com\/#\/schema\/logo\/image\/","url":"https:\/\/ptmsrl.com\/wp-content\/uploads\/2018\/10\/LOGO-PTM.png","contentUrl":"https:\/\/ptmsrl.com\/wp-content\/uploads\/2018\/10\/LOGO-PTM.png","width":1000,"height":500,"caption":"PTM srl"},"image":{"@id":"https:\/\/ptmsrl.com\/#\/schema\/logo\/image\/"},"sameAs":["https:\/\/www.facebook.com\/believingintechnology\/","https:\/\/x.com\/ptm","https:\/\/www.linkedin.com\/company\/ptm-s-r-l\/","https:\/\/www.youtube.com\/channel\/UCPSOS0MaR-4jDkAD3HkAC7A"]}]}},"_links":{"self":[{"href":"https:\/\/ptmsrl.com\/de\/wp-json\/wp\/v2\/product\/2762","targetHints":{"allow":["GET"]}}],"collection":[{"href":"https:\/\/ptmsrl.com\/de\/wp-json\/wp\/v2\/product"}],"about":[{"href":"https:\/\/ptmsrl.com\/de\/wp-json\/wp\/v2\/types\/product"}],"wp:featuredmedia":[{"embeddable":true,"href":"https:\/\/ptmsrl.com\/de\/wp-json\/wp\/v2\/media\/20587"}],"wp:attachment":[{"href":"https:\/\/ptmsrl.com\/de\/wp-json\/wp\/v2\/media?parent=2762"}],"wp:term":[{"taxonomy":"product_brand","embeddable":true,"href":"https:\/\/ptmsrl.com\/de\/wp-json\/wp\/v2\/product_brand?post=2762"},{"taxonomy":"product_cat","embeddable":true,"href":"https:\/\/ptmsrl.com\/de\/wp-json\/wp\/v2\/product_cat?post=2762"},{"taxonomy":"product_tag","embeddable":true,"href":"https:\/\/ptmsrl.com\/de\/wp-json\/wp\/v2\/product_tag?post=2762"}],"curies":[{"name":"wp","href":"https:\/\/api.w.org\/{rel}","templated":true}]}}