{"id":2784,"date":"2018-09-10T09:37:55","date_gmt":"2018-10-29T16:17:22","guid":{"rendered":"https:\/\/ptmsrl.com\/?post_type=product&#038;p=2784"},"modified":"2022-07-25T11:25:55","modified_gmt":"2022-07-25T09:25:55","slug":"bio-mix","status":"publish","type":"product","link":"https:\/\/ptmsrl.com\/de\/prodotto\/bio-mix\/","title":{"rendered":"Bio Mix"},"content":{"rendered":"<p>Die Software Biomix in Verbindung mit den Wiegecomputer ADVANCE BIO USB, ADVANCE BIO USB TWIN und BioMemory bietet die folgenden M\u00f6glichkeiten an:<\/p>\n<ul>\n<li>M\u00f6glichkeit mit 3 verschiedenen Ladungsweisen zu arbeiten und auszuw\u00e4hlen: Manuelle Ladung, Rezeptladung oder Manuelle Ladung+Rezeptladung<\/li>\n<li>M\u00f6glichkeit von 20 bis 80 Rezepte zu verwalten<\/li>\n<li>M\u00f6glichkeit bis 20 Komponenten f\u00fcr jede Rezept zu verwalten<\/li>\n<li>M\u00f6glichkeit bis 20 Komponenten in manuell zu verwalten<\/li>\n<li>Mehrsprachig<\/li>\n<li>M\u00f6glichkeit %-Abweichungen auf dem Gesamtwert zu laden jedes Rezeptes durchzuf\u00fchren<\/li>\n<li>Graphische Darstellung der Prozent der verschiedenen Komponenten aufzuteilen<\/li>\n<li>M\u00f6glichkeit eine oder mehrere Komponenten als G\u00fclle zu programmieren<\/li>\n<li>M\u00f6glichkeit eine Menge von G\u00fclle manuell einzugeben<\/li>\n<li>Daten\u00fcbertragung von Wiegecomputer an PC dank USB-Pendrive<\/li>\n<li>Backup-Verwaltung der Arbeitsdaten durch USB-Pendrive<\/li>\n<li>M\u00f6glichkeit mehrere Anlagen gleichzeitig zu verwalten<\/li>\n<li>Einstellung einer Komponenteliste mit der M\u00f6glichkeit den Kost\/kg einzugeben<\/li>\n<li>Lagerverwaltung und einfache Darstellung der verf\u00fcgbaren Mengen<\/li>\n<li>Alarmfunktion einstellbar bez\u00fcglich einer minimalen Grenze vom Lager<\/li>\n<li>M\u00f6glichkeit der Daten direkt in Excel \u00fcberzutragen<\/li>\n<li>M\u00f6glichkeit die Daten per E-Mail zu senden<\/li>\n<li>M\u00f6glichkeit das Database-Backup durchzuf\u00fchren<\/li>\n<li>M\u00f6glichkeit die Kosten jeder Komponente zu verwalten<\/li>\n<li>M\u00f6glichkeit den Verkaufspreis von 1 Gas m3 einzugeben<\/li>\n<li>M\u00f6glichkeit den Verkaufspreis von 1 Kw, gezogen von der Gas-Verbrennung, einzugeben<\/li>\n<li>M\u00f6glichkeit die Menge vom produzierten Gas und seinen Verkaufspreis pro m3 einzugeben, um die automatische Rechnung der Gewinnungen und das Verh\u00e4ltnis der Gewinnungen\/Kosten zu rechnen.<\/li>\n<\/ul>\n","protected":false},"excerpt":{"rendered":"<h3 align=\"justify\"><strong>Software f\u00fcr die Verwaltung der Biogasanlagen durch die Bedienung der Wiegecomputer der \u201eBio\u201c Reihe<\/strong><\/h3>\n<p align=\"justify\">Dank der Erfahrung von PTM f\u00fcr die Produktionsverwaltung vom Biogas, wurde die Software Biomix entwickelt.<br \/>\nDurch diese Software ist es m\u00f6glich, eine deutliche und zuverl\u00e4ssige Darstellung der Komponentenmenge, die in dem Fermenter f\u00fcr die Biogasproduktion geladen wird, zu kriegen (um Zeitverschwendung zu vermeiden). Man kann die ankommenden Informationen, um die Gas- und Kw-Produktion als Grundlage f\u00fcr die Berechnung der einzelnen Rezepte zu verwalten und zu \u00fcberwachen.<\/p>\n","protected":false},"featured_media":20580,"template":"","meta":{"inline_featured_image":false},"product_brand":[],"product_cat":[184],"product_tag":[],"class_list":{"0":"post-2784","1":"product","2":"type-product","3":"status-publish","4":"has-post-thumbnail","6":"product_cat-verwaltungssoftware","8":"first","9":"instock","10":"downloadable","11":"shipping-taxable","12":"product-type-simple"},"yoast_head":"<!-- This site is optimized with the Yoast SEO plugin v25.3 - https:\/\/yoast.com\/wordpress\/plugins\/seo\/ -->\n<title>PTM Srl | Bio Mix<\/title>\n<meta name=\"robots\" content=\"index, follow, max-snippet:-1, max-image-preview:large, max-video-preview:-1\" \/>\n<link rel=\"canonical\" href=\"https:\/\/ptmsrl.com\/de\/prodotto\/bio-mix\/\" \/>\n<meta property=\"og:locale\" content=\"de_DE\" \/>\n<meta property=\"og:type\" content=\"article\" \/>\n<meta property=\"og:title\" content=\"PTM Srl | Bio Mix\" \/>\n<meta property=\"og:description\" content=\"Software f\u00fcr die Verwaltung der Biogasanlagen durch die Bedienung der Wiegecomputer der \u201eBio\u201c Reihe Dank der Erfahrung von PTM f\u00fcr die Produktionsverwaltung vom Biogas, wurde die Software Biomix entwickelt. Durch diese Software ist es m\u00f6glich, eine deutliche und zuverl\u00e4ssige Darstellung der Komponentenmenge, die in dem Fermenter f\u00fcr die Biogasproduktion geladen wird, zu kriegen (um Zeitverschwendung zu vermeiden). Man kann die ankommenden Informationen, um die Gas- und Kw-Produktion als Grundlage f\u00fcr die Berechnung der einzelnen Rezepte zu verwalten und zu \u00fcberwachen.\" \/>\n<meta property=\"og:url\" content=\"https:\/\/ptmsrl.com\/de\/prodotto\/bio-mix\/\" \/>\n<meta property=\"og:site_name\" content=\"PTM Srl\" \/>\n<meta property=\"article:publisher\" content=\"https:\/\/www.facebook.com\/believingintechnology\/\" \/>\n<meta property=\"article:modified_time\" content=\"2022-07-25T09:25:55+00:00\" \/>\n<meta property=\"og:image\" content=\"https:\/\/ptmsrl.com\/wp-content\/uploads\/2018\/09\/ptm-biomix-software-per-la-gestione-di-impianti-biogas.jpg\" \/>\n\t<meta property=\"og:image:width\" content=\"1200\" \/>\n\t<meta property=\"og:image:height\" content=\"1200\" \/>\n\t<meta property=\"og:image:type\" content=\"image\/jpeg\" \/>\n<meta name=\"twitter:card\" content=\"summary_large_image\" \/>\n<meta name=\"twitter:site\" content=\"@ptm\" \/>\n<meta name=\"twitter:label1\" content=\"Gesch\u00e4tzte Lesezeit\" \/>\n\t<meta name=\"twitter:data1\" content=\"1\u00a0Minute\" \/>\n<script type=\"application\/ld+json\" class=\"yoast-schema-graph\">{\"@context\":\"https:\/\/schema.org\",\"@graph\":[{\"@type\":\"WebPage\",\"@id\":\"https:\/\/ptmsrl.com\/de\/prodotto\/bio-mix\/\",\"url\":\"https:\/\/ptmsrl.com\/de\/prodotto\/bio-mix\/\",\"name\":\"PTM Srl | Bio Mix\",\"isPartOf\":{\"@id\":\"https:\/\/ptmsrl.com\/#website\"},\"primaryImageOfPage\":{\"@id\":\"https:\/\/ptmsrl.com\/de\/prodotto\/bio-mix\/#primaryimage\"},\"image\":{\"@id\":\"https:\/\/ptmsrl.com\/de\/prodotto\/bio-mix\/#primaryimage\"},\"thumbnailUrl\":\"https:\/\/ptmsrl.com\/wp-content\/uploads\/2018\/09\/ptm-biomix-software-per-la-gestione-di-impianti-biogas.jpg\",\"datePublished\":\"2018-10-29T16:17:22+00:00\",\"dateModified\":\"2022-07-25T09:25:55+00:00\",\"breadcrumb\":{\"@id\":\"https:\/\/ptmsrl.com\/de\/prodotto\/bio-mix\/#breadcrumb\"},\"inLanguage\":\"de\",\"potentialAction\":[{\"@type\":\"ReadAction\",\"target\":[\"https:\/\/ptmsrl.com\/de\/prodotto\/bio-mix\/\"]}]},{\"@type\":\"ImageObject\",\"inLanguage\":\"de\",\"@id\":\"https:\/\/ptmsrl.com\/de\/prodotto\/bio-mix\/#primaryimage\",\"url\":\"https:\/\/ptmsrl.com\/wp-content\/uploads\/2018\/09\/ptm-biomix-software-per-la-gestione-di-impianti-biogas.jpg\",\"contentUrl\":\"https:\/\/ptmsrl.com\/wp-content\/uploads\/2018\/09\/ptm-biomix-software-per-la-gestione-di-impianti-biogas.jpg\",\"width\":1200,\"height\":1200,\"caption\":\"ptm-biomix-software-per-la-gestione-di-impianti-biogas\"},{\"@type\":\"BreadcrumbList\",\"@id\":\"https:\/\/ptmsrl.com\/de\/prodotto\/bio-mix\/#breadcrumb\",\"itemListElement\":[{\"@type\":\"ListItem\",\"position\":1,\"name\":\"Home\",\"item\":\"https:\/\/ptmsrl.com\/de\/\"},{\"@type\":\"ListItem\",\"position\":2,\"name\":\"Shop\",\"item\":\"https:\/\/ptmsrl.com\/shop\/\"},{\"@type\":\"ListItem\",\"position\":3,\"name\":\"Bio Mix\"}]},{\"@type\":\"WebSite\",\"@id\":\"https:\/\/ptmsrl.com\/#website\",\"url\":\"https:\/\/ptmsrl.com\/\",\"name\":\"PTM Srl\",\"description\":\"\u041c\u042b \u041f\u0420\u041e\u0418\u0417\u0412\u041e\u0414\u0418\u041c \u041a\u0410\u0427\u0415\u0421\u0422\u0412\u041e, \u041a\u041e\u0422\u041e\u0420\u041e\u0415 \u0418\u041c\u0415\u0415\u0422 \u041e\u0421\u041e\u0411\u042b\u0419 \u0412\u0415\u0421\",\"publisher\":{\"@id\":\"https:\/\/ptmsrl.com\/#organization\"},\"potentialAction\":[{\"@type\":\"SearchAction\",\"target\":{\"@type\":\"EntryPoint\",\"urlTemplate\":\"https:\/\/ptmsrl.com\/?s={search_term_string}\"},\"query-input\":{\"@type\":\"PropertyValueSpecification\",\"valueRequired\":true,\"valueName\":\"search_term_string\"}}],\"inLanguage\":\"de\"},{\"@type\":\"Organization\",\"@id\":\"https:\/\/ptmsrl.com\/#organization\",\"name\":\"PTM srl\",\"url\":\"https:\/\/ptmsrl.com\/\",\"logo\":{\"@type\":\"ImageObject\",\"inLanguage\":\"de\",\"@id\":\"https:\/\/ptmsrl.com\/#\/schema\/logo\/image\/\",\"url\":\"https:\/\/ptmsrl.com\/wp-content\/uploads\/2018\/10\/LOGO-PTM.png\",\"contentUrl\":\"https:\/\/ptmsrl.com\/wp-content\/uploads\/2018\/10\/LOGO-PTM.png\",\"width\":1000,\"height\":500,\"caption\":\"PTM srl\"},\"image\":{\"@id\":\"https:\/\/ptmsrl.com\/#\/schema\/logo\/image\/\"},\"sameAs\":[\"https:\/\/www.facebook.com\/believingintechnology\/\",\"https:\/\/x.com\/ptm\",\"https:\/\/www.linkedin.com\/company\/ptm-s-r-l\/\",\"https:\/\/www.youtube.com\/channel\/UCPSOS0MaR-4jDkAD3HkAC7A\"]}]}<\/script>\n<!-- \/ Yoast SEO plugin. -->","yoast_head_json":{"title":"PTM Srl | Bio Mix","robots":{"index":"index","follow":"follow","max-snippet":"max-snippet:-1","max-image-preview":"max-image-preview:large","max-video-preview":"max-video-preview:-1"},"canonical":"https:\/\/ptmsrl.com\/de\/prodotto\/bio-mix\/","og_locale":"de_DE","og_type":"article","og_title":"PTM Srl | Bio Mix","og_description":"Software f\u00fcr die Verwaltung der Biogasanlagen durch die Bedienung der Wiegecomputer der \u201eBio\u201c Reihe Dank der Erfahrung von PTM f\u00fcr die Produktionsverwaltung vom Biogas, wurde die Software Biomix entwickelt. Durch diese Software ist es m\u00f6glich, eine deutliche und zuverl\u00e4ssige Darstellung der Komponentenmenge, die in dem Fermenter f\u00fcr die Biogasproduktion geladen wird, zu kriegen (um Zeitverschwendung zu vermeiden). Man kann die ankommenden Informationen, um die Gas- und Kw-Produktion als Grundlage f\u00fcr die Berechnung der einzelnen Rezepte zu verwalten und zu \u00fcberwachen.","og_url":"https:\/\/ptmsrl.com\/de\/prodotto\/bio-mix\/","og_site_name":"PTM Srl","article_publisher":"https:\/\/www.facebook.com\/believingintechnology\/","article_modified_time":"2022-07-25T09:25:55+00:00","og_image":[{"width":1200,"height":1200,"url":"https:\/\/ptmsrl.com\/wp-content\/uploads\/2018\/09\/ptm-biomix-software-per-la-gestione-di-impianti-biogas.jpg","type":"image\/jpeg"}],"twitter_card":"summary_large_image","twitter_site":"@ptm","twitter_misc":{"Gesch\u00e4tzte Lesezeit":"1\u00a0Minute"},"schema":{"@context":"https:\/\/schema.org","@graph":[{"@type":"WebPage","@id":"https:\/\/ptmsrl.com\/de\/prodotto\/bio-mix\/","url":"https:\/\/ptmsrl.com\/de\/prodotto\/bio-mix\/","name":"PTM Srl | Bio Mix","isPartOf":{"@id":"https:\/\/ptmsrl.com\/#website"},"primaryImageOfPage":{"@id":"https:\/\/ptmsrl.com\/de\/prodotto\/bio-mix\/#primaryimage"},"image":{"@id":"https:\/\/ptmsrl.com\/de\/prodotto\/bio-mix\/#primaryimage"},"thumbnailUrl":"https:\/\/ptmsrl.com\/wp-content\/uploads\/2018\/09\/ptm-biomix-software-per-la-gestione-di-impianti-biogas.jpg","datePublished":"2018-10-29T16:17:22+00:00","dateModified":"2022-07-25T09:25:55+00:00","breadcrumb":{"@id":"https:\/\/ptmsrl.com\/de\/prodotto\/bio-mix\/#breadcrumb"},"inLanguage":"de","potentialAction":[{"@type":"ReadAction","target":["https:\/\/ptmsrl.com\/de\/prodotto\/bio-mix\/"]}]},{"@type":"ImageObject","inLanguage":"de","@id":"https:\/\/ptmsrl.com\/de\/prodotto\/bio-mix\/#primaryimage","url":"https:\/\/ptmsrl.com\/wp-content\/uploads\/2018\/09\/ptm-biomix-software-per-la-gestione-di-impianti-biogas.jpg","contentUrl":"https:\/\/ptmsrl.com\/wp-content\/uploads\/2018\/09\/ptm-biomix-software-per-la-gestione-di-impianti-biogas.jpg","width":1200,"height":1200,"caption":"ptm-biomix-software-per-la-gestione-di-impianti-biogas"},{"@type":"BreadcrumbList","@id":"https:\/\/ptmsrl.com\/de\/prodotto\/bio-mix\/#breadcrumb","itemListElement":[{"@type":"ListItem","position":1,"name":"Home","item":"https:\/\/ptmsrl.com\/de\/"},{"@type":"ListItem","position":2,"name":"Shop","item":"https:\/\/ptmsrl.com\/shop\/"},{"@type":"ListItem","position":3,"name":"Bio Mix"}]},{"@type":"WebSite","@id":"https:\/\/ptmsrl.com\/#website","url":"https:\/\/ptmsrl.com\/","name":"PTM Srl","description":"\u041c\u042b \u041f\u0420\u041e\u0418\u0417\u0412\u041e\u0414\u0418\u041c \u041a\u0410\u0427\u0415\u0421\u0422\u0412\u041e, \u041a\u041e\u0422\u041e\u0420\u041e\u0415 \u0418\u041c\u0415\u0415\u0422 \u041e\u0421\u041e\u0411\u042b\u0419 \u0412\u0415\u0421","publisher":{"@id":"https:\/\/ptmsrl.com\/#organization"},"potentialAction":[{"@type":"SearchAction","target":{"@type":"EntryPoint","urlTemplate":"https:\/\/ptmsrl.com\/?s={search_term_string}"},"query-input":{"@type":"PropertyValueSpecification","valueRequired":true,"valueName":"search_term_string"}}],"inLanguage":"de"},{"@type":"Organization","@id":"https:\/\/ptmsrl.com\/#organization","name":"PTM srl","url":"https:\/\/ptmsrl.com\/","logo":{"@type":"ImageObject","inLanguage":"de","@id":"https:\/\/ptmsrl.com\/#\/schema\/logo\/image\/","url":"https:\/\/ptmsrl.com\/wp-content\/uploads\/2018\/10\/LOGO-PTM.png","contentUrl":"https:\/\/ptmsrl.com\/wp-content\/uploads\/2018\/10\/LOGO-PTM.png","width":1000,"height":500,"caption":"PTM srl"},"image":{"@id":"https:\/\/ptmsrl.com\/#\/schema\/logo\/image\/"},"sameAs":["https:\/\/www.facebook.com\/believingintechnology\/","https:\/\/x.com\/ptm","https:\/\/www.linkedin.com\/company\/ptm-s-r-l\/","https:\/\/www.youtube.com\/channel\/UCPSOS0MaR-4jDkAD3HkAC7A"]}]}},"_links":{"self":[{"href":"https:\/\/ptmsrl.com\/de\/wp-json\/wp\/v2\/product\/2784","targetHints":{"allow":["GET"]}}],"collection":[{"href":"https:\/\/ptmsrl.com\/de\/wp-json\/wp\/v2\/product"}],"about":[{"href":"https:\/\/ptmsrl.com\/de\/wp-json\/wp\/v2\/types\/product"}],"wp:featuredmedia":[{"embeddable":true,"href":"https:\/\/ptmsrl.com\/de\/wp-json\/wp\/v2\/media\/20580"}],"wp:attachment":[{"href":"https:\/\/ptmsrl.com\/de\/wp-json\/wp\/v2\/media?parent=2784"}],"wp:term":[{"taxonomy":"product_brand","embeddable":true,"href":"https:\/\/ptmsrl.com\/de\/wp-json\/wp\/v2\/product_brand?post=2784"},{"taxonomy":"product_cat","embeddable":true,"href":"https:\/\/ptmsrl.com\/de\/wp-json\/wp\/v2\/product_cat?post=2784"},{"taxonomy":"product_tag","embeddable":true,"href":"https:\/\/ptmsrl.com\/de\/wp-json\/wp\/v2\/product_tag?post=2784"}],"curies":[{"name":"wp","href":"https:\/\/api.w.org\/{rel}","templated":true}]}}