{"id":2808,"date":"2018-09-10T09:50:09","date_gmt":"2018-10-29T16:32:43","guid":{"rendered":"https:\/\/ptmsrl.com\/?post_type=product&#038;p=2808"},"modified":"2022-07-25T11:25:40","modified_gmt":"2022-07-25T09:25:40","slug":"milk-trogoli","status":"publish","type":"product","link":"https:\/\/ptmsrl.com\/de\/prodotto\/milk-trogoli\/","title":{"rendered":"Milk Trogoli"},"content":{"rendered":"","protected":false},"excerpt":{"rendered":"<h3><strong>Milchverarbeitungsmaschine f\u00fcr Wei\u00dffleischk\u00e4lber<\/strong><\/h3>\n<p><strong>Milchverarbeitungsmaschine f\u00fcr Wei\u00dffleischk\u00e4lber<\/strong><\/p>\n<p>PTM plante diese Maschine f\u00fcr die K\u00e4lbermilchvorbereitung, um die Z\u00fcchterarbeiten zu erleichtern. Das ist ein Modularsystem f\u00fcr kleine, mittle und gro\u00dfe Z\u00fcchten. Die Anlage ist am PC verbunden, dem die Vorbereitung und Verteilung der Pulvermilch steuert. Das System kann auch im Stall und\/oder zu Hause und auch in PTM gestellt werden, so dass man die K\u00e4lberz\u00fcchtung mit Sicherheit und Freiheit folgen kann.<\/p>\n","protected":false},"featured_media":20573,"template":"","meta":{"inline_featured_image":false},"product_brand":[],"product_cat":[184],"product_tag":[],"class_list":{"0":"post-2808","1":"product","2":"type-product","3":"status-publish","4":"has-post-thumbnail","6":"product_cat-verwaltungssoftware","8":"first","9":"instock","10":"downloadable","11":"shipping-taxable","12":"product-type-simple"},"yoast_head":"<!-- This site is optimized with the Yoast SEO plugin v25.3 - https:\/\/yoast.com\/wordpress\/plugins\/seo\/ -->\n<title>PTM Srl | Milk Trogoli<\/title>\n<meta name=\"robots\" content=\"index, follow, max-snippet:-1, max-image-preview:large, max-video-preview:-1\" \/>\n<link rel=\"canonical\" href=\"https:\/\/ptmsrl.com\/de\/prodotto\/milk-trogoli\/\" \/>\n<meta property=\"og:locale\" content=\"de_DE\" \/>\n<meta property=\"og:type\" content=\"article\" \/>\n<meta property=\"og:title\" content=\"PTM Srl | Milk Trogoli\" \/>\n<meta property=\"og:description\" content=\"Milchverarbeitungsmaschine f\u00fcr Wei\u00dffleischk\u00e4lber Milchverarbeitungsmaschine f\u00fcr Wei\u00dffleischk\u00e4lber  PTM plante diese Maschine f\u00fcr die K\u00e4lbermilchvorbereitung, um die Z\u00fcchterarbeiten zu erleichtern. Das ist ein Modularsystem f\u00fcr kleine, mittle und gro\u00dfe Z\u00fcchten. Die Anlage ist am PC verbunden, dem die Vorbereitung und Verteilung der Pulvermilch steuert. Das System kann auch im Stall und\/oder zu Hause und auch in PTM gestellt werden, so dass man die K\u00e4lberz\u00fcchtung mit Sicherheit und Freiheit folgen kann.\" \/>\n<meta property=\"og:url\" content=\"https:\/\/ptmsrl.com\/de\/prodotto\/milk-trogoli\/\" \/>\n<meta property=\"og:site_name\" content=\"PTM Srl\" \/>\n<meta property=\"article:publisher\" content=\"https:\/\/www.facebook.com\/believingintechnology\/\" \/>\n<meta property=\"article:modified_time\" content=\"2022-07-25T09:25:40+00:00\" \/>\n<meta property=\"og:image\" content=\"https:\/\/ptmsrl.com\/wp-content\/uploads\/2018\/09\/ptm-milk-trogoli-macchina-preparazione-latte-per-vitelli-a-carne-bianca.jpg\" \/>\n\t<meta property=\"og:image:width\" content=\"1200\" \/>\n\t<meta property=\"og:image:height\" content=\"1200\" \/>\n\t<meta property=\"og:image:type\" content=\"image\/jpeg\" \/>\n<meta name=\"twitter:card\" content=\"summary_large_image\" \/>\n<meta name=\"twitter:site\" content=\"@ptm\" \/>\n<script type=\"application\/ld+json\" class=\"yoast-schema-graph\">{\"@context\":\"https:\/\/schema.org\",\"@graph\":[{\"@type\":\"WebPage\",\"@id\":\"https:\/\/ptmsrl.com\/de\/prodotto\/milk-trogoli\/\",\"url\":\"https:\/\/ptmsrl.com\/de\/prodotto\/milk-trogoli\/\",\"name\":\"PTM Srl | Milk Trogoli\",\"isPartOf\":{\"@id\":\"https:\/\/ptmsrl.com\/#website\"},\"primaryImageOfPage\":{\"@id\":\"https:\/\/ptmsrl.com\/de\/prodotto\/milk-trogoli\/#primaryimage\"},\"image\":{\"@id\":\"https:\/\/ptmsrl.com\/de\/prodotto\/milk-trogoli\/#primaryimage\"},\"thumbnailUrl\":\"https:\/\/ptmsrl.com\/wp-content\/uploads\/2018\/09\/ptm-milk-trogoli-macchina-preparazione-latte-per-vitelli-a-carne-bianca.jpg\",\"datePublished\":\"2018-10-29T16:32:43+00:00\",\"dateModified\":\"2022-07-25T09:25:40+00:00\",\"breadcrumb\":{\"@id\":\"https:\/\/ptmsrl.com\/de\/prodotto\/milk-trogoli\/#breadcrumb\"},\"inLanguage\":\"de\",\"potentialAction\":[{\"@type\":\"ReadAction\",\"target\":[\"https:\/\/ptmsrl.com\/de\/prodotto\/milk-trogoli\/\"]}]},{\"@type\":\"ImageObject\",\"inLanguage\":\"de\",\"@id\":\"https:\/\/ptmsrl.com\/de\/prodotto\/milk-trogoli\/#primaryimage\",\"url\":\"https:\/\/ptmsrl.com\/wp-content\/uploads\/2018\/09\/ptm-milk-trogoli-macchina-preparazione-latte-per-vitelli-a-carne-bianca.jpg\",\"contentUrl\":\"https:\/\/ptmsrl.com\/wp-content\/uploads\/2018\/09\/ptm-milk-trogoli-macchina-preparazione-latte-per-vitelli-a-carne-bianca.jpg\",\"width\":1200,\"height\":1200,\"caption\":\"ptm-milk-trogoli-macchina-preparazione-latte-per-vitelli-a-carne-bianca\"},{\"@type\":\"BreadcrumbList\",\"@id\":\"https:\/\/ptmsrl.com\/de\/prodotto\/milk-trogoli\/#breadcrumb\",\"itemListElement\":[{\"@type\":\"ListItem\",\"position\":1,\"name\":\"Home\",\"item\":\"https:\/\/ptmsrl.com\/de\/\"},{\"@type\":\"ListItem\",\"position\":2,\"name\":\"Shop\",\"item\":\"https:\/\/ptmsrl.com\/shop\/\"},{\"@type\":\"ListItem\",\"position\":3,\"name\":\"Milk Trogoli\"}]},{\"@type\":\"WebSite\",\"@id\":\"https:\/\/ptmsrl.com\/#website\",\"url\":\"https:\/\/ptmsrl.com\/\",\"name\":\"PTM Srl\",\"description\":\"\u041c\u042b \u041f\u0420\u041e\u0418\u0417\u0412\u041e\u0414\u0418\u041c \u041a\u0410\u0427\u0415\u0421\u0422\u0412\u041e, \u041a\u041e\u0422\u041e\u0420\u041e\u0415 \u0418\u041c\u0415\u0415\u0422 \u041e\u0421\u041e\u0411\u042b\u0419 \u0412\u0415\u0421\",\"publisher\":{\"@id\":\"https:\/\/ptmsrl.com\/#organization\"},\"potentialAction\":[{\"@type\":\"SearchAction\",\"target\":{\"@type\":\"EntryPoint\",\"urlTemplate\":\"https:\/\/ptmsrl.com\/?s={search_term_string}\"},\"query-input\":{\"@type\":\"PropertyValueSpecification\",\"valueRequired\":true,\"valueName\":\"search_term_string\"}}],\"inLanguage\":\"de\"},{\"@type\":\"Organization\",\"@id\":\"https:\/\/ptmsrl.com\/#organization\",\"name\":\"PTM srl\",\"url\":\"https:\/\/ptmsrl.com\/\",\"logo\":{\"@type\":\"ImageObject\",\"inLanguage\":\"de\",\"@id\":\"https:\/\/ptmsrl.com\/#\/schema\/logo\/image\/\",\"url\":\"https:\/\/ptmsrl.com\/wp-content\/uploads\/2018\/10\/LOGO-PTM.png\",\"contentUrl\":\"https:\/\/ptmsrl.com\/wp-content\/uploads\/2018\/10\/LOGO-PTM.png\",\"width\":1000,\"height\":500,\"caption\":\"PTM srl\"},\"image\":{\"@id\":\"https:\/\/ptmsrl.com\/#\/schema\/logo\/image\/\"},\"sameAs\":[\"https:\/\/www.facebook.com\/believingintechnology\/\",\"https:\/\/x.com\/ptm\",\"https:\/\/www.linkedin.com\/company\/ptm-s-r-l\/\",\"https:\/\/www.youtube.com\/channel\/UCPSOS0MaR-4jDkAD3HkAC7A\"]}]}<\/script>\n<!-- \/ Yoast SEO plugin. -->","yoast_head_json":{"title":"PTM Srl | Milk Trogoli","robots":{"index":"index","follow":"follow","max-snippet":"max-snippet:-1","max-image-preview":"max-image-preview:large","max-video-preview":"max-video-preview:-1"},"canonical":"https:\/\/ptmsrl.com\/de\/prodotto\/milk-trogoli\/","og_locale":"de_DE","og_type":"article","og_title":"PTM Srl | Milk Trogoli","og_description":"Milchverarbeitungsmaschine f\u00fcr Wei\u00dffleischk\u00e4lber Milchverarbeitungsmaschine f\u00fcr Wei\u00dffleischk\u00e4lber  PTM plante diese Maschine f\u00fcr die K\u00e4lbermilchvorbereitung, um die Z\u00fcchterarbeiten zu erleichtern. Das ist ein Modularsystem f\u00fcr kleine, mittle und gro\u00dfe Z\u00fcchten. Die Anlage ist am PC verbunden, dem die Vorbereitung und Verteilung der Pulvermilch steuert. Das System kann auch im Stall und\/oder zu Hause und auch in PTM gestellt werden, so dass man die K\u00e4lberz\u00fcchtung mit Sicherheit und Freiheit folgen kann.","og_url":"https:\/\/ptmsrl.com\/de\/prodotto\/milk-trogoli\/","og_site_name":"PTM Srl","article_publisher":"https:\/\/www.facebook.com\/believingintechnology\/","article_modified_time":"2022-07-25T09:25:40+00:00","og_image":[{"width":1200,"height":1200,"url":"https:\/\/ptmsrl.com\/wp-content\/uploads\/2018\/09\/ptm-milk-trogoli-macchina-preparazione-latte-per-vitelli-a-carne-bianca.jpg","type":"image\/jpeg"}],"twitter_card":"summary_large_image","twitter_site":"@ptm","schema":{"@context":"https:\/\/schema.org","@graph":[{"@type":"WebPage","@id":"https:\/\/ptmsrl.com\/de\/prodotto\/milk-trogoli\/","url":"https:\/\/ptmsrl.com\/de\/prodotto\/milk-trogoli\/","name":"PTM Srl | Milk Trogoli","isPartOf":{"@id":"https:\/\/ptmsrl.com\/#website"},"primaryImageOfPage":{"@id":"https:\/\/ptmsrl.com\/de\/prodotto\/milk-trogoli\/#primaryimage"},"image":{"@id":"https:\/\/ptmsrl.com\/de\/prodotto\/milk-trogoli\/#primaryimage"},"thumbnailUrl":"https:\/\/ptmsrl.com\/wp-content\/uploads\/2018\/09\/ptm-milk-trogoli-macchina-preparazione-latte-per-vitelli-a-carne-bianca.jpg","datePublished":"2018-10-29T16:32:43+00:00","dateModified":"2022-07-25T09:25:40+00:00","breadcrumb":{"@id":"https:\/\/ptmsrl.com\/de\/prodotto\/milk-trogoli\/#breadcrumb"},"inLanguage":"de","potentialAction":[{"@type":"ReadAction","target":["https:\/\/ptmsrl.com\/de\/prodotto\/milk-trogoli\/"]}]},{"@type":"ImageObject","inLanguage":"de","@id":"https:\/\/ptmsrl.com\/de\/prodotto\/milk-trogoli\/#primaryimage","url":"https:\/\/ptmsrl.com\/wp-content\/uploads\/2018\/09\/ptm-milk-trogoli-macchina-preparazione-latte-per-vitelli-a-carne-bianca.jpg","contentUrl":"https:\/\/ptmsrl.com\/wp-content\/uploads\/2018\/09\/ptm-milk-trogoli-macchina-preparazione-latte-per-vitelli-a-carne-bianca.jpg","width":1200,"height":1200,"caption":"ptm-milk-trogoli-macchina-preparazione-latte-per-vitelli-a-carne-bianca"},{"@type":"BreadcrumbList","@id":"https:\/\/ptmsrl.com\/de\/prodotto\/milk-trogoli\/#breadcrumb","itemListElement":[{"@type":"ListItem","position":1,"name":"Home","item":"https:\/\/ptmsrl.com\/de\/"},{"@type":"ListItem","position":2,"name":"Shop","item":"https:\/\/ptmsrl.com\/shop\/"},{"@type":"ListItem","position":3,"name":"Milk Trogoli"}]},{"@type":"WebSite","@id":"https:\/\/ptmsrl.com\/#website","url":"https:\/\/ptmsrl.com\/","name":"PTM Srl","description":"\u041c\u042b \u041f\u0420\u041e\u0418\u0417\u0412\u041e\u0414\u0418\u041c \u041a\u0410\u0427\u0415\u0421\u0422\u0412\u041e, \u041a\u041e\u0422\u041e\u0420\u041e\u0415 \u0418\u041c\u0415\u0415\u0422 \u041e\u0421\u041e\u0411\u042b\u0419 \u0412\u0415\u0421","publisher":{"@id":"https:\/\/ptmsrl.com\/#organization"},"potentialAction":[{"@type":"SearchAction","target":{"@type":"EntryPoint","urlTemplate":"https:\/\/ptmsrl.com\/?s={search_term_string}"},"query-input":{"@type":"PropertyValueSpecification","valueRequired":true,"valueName":"search_term_string"}}],"inLanguage":"de"},{"@type":"Organization","@id":"https:\/\/ptmsrl.com\/#organization","name":"PTM srl","url":"https:\/\/ptmsrl.com\/","logo":{"@type":"ImageObject","inLanguage":"de","@id":"https:\/\/ptmsrl.com\/#\/schema\/logo\/image\/","url":"https:\/\/ptmsrl.com\/wp-content\/uploads\/2018\/10\/LOGO-PTM.png","contentUrl":"https:\/\/ptmsrl.com\/wp-content\/uploads\/2018\/10\/LOGO-PTM.png","width":1000,"height":500,"caption":"PTM srl"},"image":{"@id":"https:\/\/ptmsrl.com\/#\/schema\/logo\/image\/"},"sameAs":["https:\/\/www.facebook.com\/believingintechnology\/","https:\/\/x.com\/ptm","https:\/\/www.linkedin.com\/company\/ptm-s-r-l\/","https:\/\/www.youtube.com\/channel\/UCPSOS0MaR-4jDkAD3HkAC7A"]}]}},"_links":{"self":[{"href":"https:\/\/ptmsrl.com\/de\/wp-json\/wp\/v2\/product\/2808","targetHints":{"allow":["GET"]}}],"collection":[{"href":"https:\/\/ptmsrl.com\/de\/wp-json\/wp\/v2\/product"}],"about":[{"href":"https:\/\/ptmsrl.com\/de\/wp-json\/wp\/v2\/types\/product"}],"wp:featuredmedia":[{"embeddable":true,"href":"https:\/\/ptmsrl.com\/de\/wp-json\/wp\/v2\/media\/20573"}],"wp:attachment":[{"href":"https:\/\/ptmsrl.com\/de\/wp-json\/wp\/v2\/media?parent=2808"}],"wp:term":[{"taxonomy":"product_brand","embeddable":true,"href":"https:\/\/ptmsrl.com\/de\/wp-json\/wp\/v2\/product_brand?post=2808"},{"taxonomy":"product_cat","embeddable":true,"href":"https:\/\/ptmsrl.com\/de\/wp-json\/wp\/v2\/product_cat?post=2808"},{"taxonomy":"product_tag","embeddable":true,"href":"https:\/\/ptmsrl.com\/de\/wp-json\/wp\/v2\/product_tag?post=2808"}],"curies":[{"name":"wp","href":"https:\/\/api.w.org\/{rel}","templated":true}]}}