{"id":2817,"date":"2018-09-10T10:02:23","date_gmt":"2018-11-28T16:54:01","guid":{"rendered":"https:\/\/ptmsrl.com\/?post_type=product&#038;p=2817"},"modified":"2022-07-25T11:25:27","modified_gmt":"2022-07-25T09:25:27","slug":"pig-autofeed","status":"publish","type":"product","link":"https:\/\/ptmsrl.com\/de\/prodotto\/pig-autofeed\/","title":{"rendered":"Pig Autofeed"},"content":{"rendered":"","protected":false},"excerpt":{"rendered":"<h3 align=\"justify\"><strong>Software f\u00fcr Schweinezucht, zur Daten\u00fcbertragung vom Steuerger\u00e4t PG 200 zum PC (und umgekehrt) \u00fcber serielle Schnittstelle<\/strong><\/h3>\n<p align=\"justify\">Die Software &#8222;Pig-Autofeed&#8220; wurde von PTM S.r.l. zur Erleichterung der Arbeit des Schweinez\u00fcchters konzipiert, geplant und realisiert. Diese Software verwaltet eine bzw.<br \/>\nzwei Wannen (auch &#8220; K\u00fcchen&#8220; genannt) die auch gleichzeitig im Betrieb sein k\u00f6nnen. Sie verwaltet die Mischungszeiten des Futters w\u00e4hrend und nach der Vorbereitung, und bevor es in die Vorbereitungswanne umgef\u00fcllt wird. Die Software steuert auch die Reinigung der Futterleitungen, \u00fcberpr\u00fcft den Lager der &#8222;Zutaten&#8220; in den Silos und liefert evtl. eine Alarmmeldung, wenn das Mindestniveau im Silo erreicht wird.<\/p>\n<p align=\"justify\">Dank dieser Software k\u00f6nnen auch die Tiere in den Boxen (mit entsprechenden Angaben \u00fcber Tiere und trockenes verbrauchtes Futter) verwaltet werden. Die Software signalisiert auch wenn das fl\u00fcssige Futter in einem Box nicht dosiert wird. Das defekte Ventil kann manuell \u00fcbersprungen werden, um die Futterverteilung zu beenden.<\/p>\n<p align=\"justify\">Zur Gew\u00e4hrleistung der h\u00f6chsten Sicherheit werden die Einstellungen des Zyklus zur Futtervorbereitung erhalten, auch wenn der Computer nicht korrekt ausgeschaltet bzw. wenn das &#8222;Pig- Autofeed&#8220;-Programm verlassen wird.<\/p>\n","protected":false},"featured_media":20566,"template":"","meta":{"inline_featured_image":false},"product_brand":[],"product_cat":[184],"product_tag":[],"class_list":{"0":"post-2817","1":"product","2":"type-product","3":"status-publish","4":"has-post-thumbnail","6":"product_cat-verwaltungssoftware","8":"first","9":"instock","10":"downloadable","11":"shipping-taxable","12":"product-type-simple"},"yoast_head":"<!-- This site is optimized with the Yoast SEO plugin v25.3 - https:\/\/yoast.com\/wordpress\/plugins\/seo\/ -->\n<title>PTM Srl | Pig Autofeed<\/title>\n<meta name=\"robots\" content=\"index, follow, max-snippet:-1, max-image-preview:large, max-video-preview:-1\" \/>\n<link rel=\"canonical\" href=\"https:\/\/ptmsrl.com\/de\/prodotto\/pig-autofeed\/\" \/>\n<meta property=\"og:locale\" content=\"de_DE\" \/>\n<meta property=\"og:type\" content=\"article\" \/>\n<meta property=\"og:title\" content=\"PTM Srl | Pig Autofeed\" \/>\n<meta property=\"og:description\" content=\"Software f\u00fcr Schweinezucht, zur Daten\u00fcbertragung vom Steuerger\u00e4t PG 200 zum PC (und umgekehrt) \u00fcber serielle Schnittstelle Die Software &quot;Pig-Autofeed&quot; wurde von PTM S.r.l. zur Erleichterung der Arbeit des Schweinez\u00fcchters konzipiert, geplant und realisiert. Diese Software verwaltet eine bzw. zwei Wannen (auch &quot; K\u00fcchen&quot; genannt) die auch gleichzeitig im Betrieb sein k\u00f6nnen. Sie verwaltet die Mischungszeiten des Futters w\u00e4hrend und nach der Vorbereitung, und bevor es in die Vorbereitungswanne umgef\u00fcllt wird. Die Software steuert auch die Reinigung der Futterleitungen, \u00fcberpr\u00fcft den Lager der &quot;Zutaten&quot; in den Silos und liefert evtl. eine Alarmmeldung, wenn das Mindestniveau im Silo erreicht wird. Dank dieser Software k\u00f6nnen auch die Tiere in den Boxen (mit entsprechenden Angaben \u00fcber Tiere und trockenes verbrauchtes Futter) verwaltet werden. Die Software signalisiert auch wenn das fl\u00fcssige Futter in einem Box nicht dosiert wird. Das defekte Ventil kann manuell \u00fcbersprungen werden, um die Futterverteilung zu beenden. Zur Gew\u00e4hrleistung der h\u00f6chsten Sicherheit werden die Einstellungen des Zyklus zur Futtervorbereitung erhalten, auch wenn der Computer nicht korrekt ausgeschaltet bzw. wenn das &quot;Pig- Autofeed&quot;-Programm verlassen wird.\" \/>\n<meta property=\"og:url\" content=\"https:\/\/ptmsrl.com\/de\/prodotto\/pig-autofeed\/\" \/>\n<meta property=\"og:site_name\" content=\"PTM Srl\" \/>\n<meta property=\"article:publisher\" content=\"https:\/\/www.facebook.com\/believingintechnology\/\" \/>\n<meta property=\"article:modified_time\" content=\"2022-07-25T09:25:27+00:00\" \/>\n<meta property=\"og:image\" content=\"https:\/\/ptmsrl.com\/wp-content\/uploads\/2018\/09\/ptm-pig-autofeed-software-per-allevamenti-suini.jpg\" \/>\n\t<meta property=\"og:image:width\" content=\"1200\" \/>\n\t<meta property=\"og:image:height\" content=\"1200\" \/>\n\t<meta property=\"og:image:type\" content=\"image\/jpeg\" \/>\n<meta name=\"twitter:card\" content=\"summary_large_image\" \/>\n<meta name=\"twitter:site\" content=\"@ptm\" \/>\n<script type=\"application\/ld+json\" class=\"yoast-schema-graph\">{\"@context\":\"https:\/\/schema.org\",\"@graph\":[{\"@type\":\"WebPage\",\"@id\":\"https:\/\/ptmsrl.com\/de\/prodotto\/pig-autofeed\/\",\"url\":\"https:\/\/ptmsrl.com\/de\/prodotto\/pig-autofeed\/\",\"name\":\"PTM Srl | Pig Autofeed\",\"isPartOf\":{\"@id\":\"https:\/\/ptmsrl.com\/#website\"},\"primaryImageOfPage\":{\"@id\":\"https:\/\/ptmsrl.com\/de\/prodotto\/pig-autofeed\/#primaryimage\"},\"image\":{\"@id\":\"https:\/\/ptmsrl.com\/de\/prodotto\/pig-autofeed\/#primaryimage\"},\"thumbnailUrl\":\"https:\/\/ptmsrl.com\/wp-content\/uploads\/2018\/09\/ptm-pig-autofeed-software-per-allevamenti-suini.jpg\",\"datePublished\":\"2018-11-28T16:54:01+00:00\",\"dateModified\":\"2022-07-25T09:25:27+00:00\",\"breadcrumb\":{\"@id\":\"https:\/\/ptmsrl.com\/de\/prodotto\/pig-autofeed\/#breadcrumb\"},\"inLanguage\":\"de\",\"potentialAction\":[{\"@type\":\"ReadAction\",\"target\":[\"https:\/\/ptmsrl.com\/de\/prodotto\/pig-autofeed\/\"]}]},{\"@type\":\"ImageObject\",\"inLanguage\":\"de\",\"@id\":\"https:\/\/ptmsrl.com\/de\/prodotto\/pig-autofeed\/#primaryimage\",\"url\":\"https:\/\/ptmsrl.com\/wp-content\/uploads\/2018\/09\/ptm-pig-autofeed-software-per-allevamenti-suini.jpg\",\"contentUrl\":\"https:\/\/ptmsrl.com\/wp-content\/uploads\/2018\/09\/ptm-pig-autofeed-software-per-allevamenti-suini.jpg\",\"width\":1200,\"height\":1200,\"caption\":\"ptm-pig-autofeed-software-per-allevamenti-suini\"},{\"@type\":\"BreadcrumbList\",\"@id\":\"https:\/\/ptmsrl.com\/de\/prodotto\/pig-autofeed\/#breadcrumb\",\"itemListElement\":[{\"@type\":\"ListItem\",\"position\":1,\"name\":\"Home\",\"item\":\"https:\/\/ptmsrl.com\/de\/\"},{\"@type\":\"ListItem\",\"position\":2,\"name\":\"Shop\",\"item\":\"https:\/\/ptmsrl.com\/shop\/\"},{\"@type\":\"ListItem\",\"position\":3,\"name\":\"Pig Autofeed\"}]},{\"@type\":\"WebSite\",\"@id\":\"https:\/\/ptmsrl.com\/#website\",\"url\":\"https:\/\/ptmsrl.com\/\",\"name\":\"PTM Srl\",\"description\":\"\u041c\u042b \u041f\u0420\u041e\u0418\u0417\u0412\u041e\u0414\u0418\u041c \u041a\u0410\u0427\u0415\u0421\u0422\u0412\u041e, \u041a\u041e\u0422\u041e\u0420\u041e\u0415 \u0418\u041c\u0415\u0415\u0422 \u041e\u0421\u041e\u0411\u042b\u0419 \u0412\u0415\u0421\",\"publisher\":{\"@id\":\"https:\/\/ptmsrl.com\/#organization\"},\"potentialAction\":[{\"@type\":\"SearchAction\",\"target\":{\"@type\":\"EntryPoint\",\"urlTemplate\":\"https:\/\/ptmsrl.com\/?s={search_term_string}\"},\"query-input\":{\"@type\":\"PropertyValueSpecification\",\"valueRequired\":true,\"valueName\":\"search_term_string\"}}],\"inLanguage\":\"de\"},{\"@type\":\"Organization\",\"@id\":\"https:\/\/ptmsrl.com\/#organization\",\"name\":\"PTM srl\",\"url\":\"https:\/\/ptmsrl.com\/\",\"logo\":{\"@type\":\"ImageObject\",\"inLanguage\":\"de\",\"@id\":\"https:\/\/ptmsrl.com\/#\/schema\/logo\/image\/\",\"url\":\"https:\/\/ptmsrl.com\/wp-content\/uploads\/2018\/10\/LOGO-PTM.png\",\"contentUrl\":\"https:\/\/ptmsrl.com\/wp-content\/uploads\/2018\/10\/LOGO-PTM.png\",\"width\":1000,\"height\":500,\"caption\":\"PTM srl\"},\"image\":{\"@id\":\"https:\/\/ptmsrl.com\/#\/schema\/logo\/image\/\"},\"sameAs\":[\"https:\/\/www.facebook.com\/believingintechnology\/\",\"https:\/\/x.com\/ptm\",\"https:\/\/www.linkedin.com\/company\/ptm-s-r-l\/\",\"https:\/\/www.youtube.com\/channel\/UCPSOS0MaR-4jDkAD3HkAC7A\"]}]}<\/script>\n<!-- \/ Yoast SEO plugin. -->","yoast_head_json":{"title":"PTM Srl | Pig Autofeed","robots":{"index":"index","follow":"follow","max-snippet":"max-snippet:-1","max-image-preview":"max-image-preview:large","max-video-preview":"max-video-preview:-1"},"canonical":"https:\/\/ptmsrl.com\/de\/prodotto\/pig-autofeed\/","og_locale":"de_DE","og_type":"article","og_title":"PTM Srl | Pig Autofeed","og_description":"Software f\u00fcr Schweinezucht, zur Daten\u00fcbertragung vom Steuerger\u00e4t PG 200 zum PC (und umgekehrt) \u00fcber serielle Schnittstelle Die Software \"Pig-Autofeed\" wurde von PTM S.r.l. zur Erleichterung der Arbeit des Schweinez\u00fcchters konzipiert, geplant und realisiert. Diese Software verwaltet eine bzw. zwei Wannen (auch \" K\u00fcchen\" genannt) die auch gleichzeitig im Betrieb sein k\u00f6nnen. Sie verwaltet die Mischungszeiten des Futters w\u00e4hrend und nach der Vorbereitung, und bevor es in die Vorbereitungswanne umgef\u00fcllt wird. Die Software steuert auch die Reinigung der Futterleitungen, \u00fcberpr\u00fcft den Lager der \"Zutaten\" in den Silos und liefert evtl. eine Alarmmeldung, wenn das Mindestniveau im Silo erreicht wird. Dank dieser Software k\u00f6nnen auch die Tiere in den Boxen (mit entsprechenden Angaben \u00fcber Tiere und trockenes verbrauchtes Futter) verwaltet werden. Die Software signalisiert auch wenn das fl\u00fcssige Futter in einem Box nicht dosiert wird. Das defekte Ventil kann manuell \u00fcbersprungen werden, um die Futterverteilung zu beenden. Zur Gew\u00e4hrleistung der h\u00f6chsten Sicherheit werden die Einstellungen des Zyklus zur Futtervorbereitung erhalten, auch wenn der Computer nicht korrekt ausgeschaltet bzw. wenn das \"Pig- Autofeed\"-Programm verlassen wird.","og_url":"https:\/\/ptmsrl.com\/de\/prodotto\/pig-autofeed\/","og_site_name":"PTM Srl","article_publisher":"https:\/\/www.facebook.com\/believingintechnology\/","article_modified_time":"2022-07-25T09:25:27+00:00","og_image":[{"width":1200,"height":1200,"url":"https:\/\/ptmsrl.com\/wp-content\/uploads\/2018\/09\/ptm-pig-autofeed-software-per-allevamenti-suini.jpg","type":"image\/jpeg"}],"twitter_card":"summary_large_image","twitter_site":"@ptm","schema":{"@context":"https:\/\/schema.org","@graph":[{"@type":"WebPage","@id":"https:\/\/ptmsrl.com\/de\/prodotto\/pig-autofeed\/","url":"https:\/\/ptmsrl.com\/de\/prodotto\/pig-autofeed\/","name":"PTM Srl | Pig Autofeed","isPartOf":{"@id":"https:\/\/ptmsrl.com\/#website"},"primaryImageOfPage":{"@id":"https:\/\/ptmsrl.com\/de\/prodotto\/pig-autofeed\/#primaryimage"},"image":{"@id":"https:\/\/ptmsrl.com\/de\/prodotto\/pig-autofeed\/#primaryimage"},"thumbnailUrl":"https:\/\/ptmsrl.com\/wp-content\/uploads\/2018\/09\/ptm-pig-autofeed-software-per-allevamenti-suini.jpg","datePublished":"2018-11-28T16:54:01+00:00","dateModified":"2022-07-25T09:25:27+00:00","breadcrumb":{"@id":"https:\/\/ptmsrl.com\/de\/prodotto\/pig-autofeed\/#breadcrumb"},"inLanguage":"de","potentialAction":[{"@type":"ReadAction","target":["https:\/\/ptmsrl.com\/de\/prodotto\/pig-autofeed\/"]}]},{"@type":"ImageObject","inLanguage":"de","@id":"https:\/\/ptmsrl.com\/de\/prodotto\/pig-autofeed\/#primaryimage","url":"https:\/\/ptmsrl.com\/wp-content\/uploads\/2018\/09\/ptm-pig-autofeed-software-per-allevamenti-suini.jpg","contentUrl":"https:\/\/ptmsrl.com\/wp-content\/uploads\/2018\/09\/ptm-pig-autofeed-software-per-allevamenti-suini.jpg","width":1200,"height":1200,"caption":"ptm-pig-autofeed-software-per-allevamenti-suini"},{"@type":"BreadcrumbList","@id":"https:\/\/ptmsrl.com\/de\/prodotto\/pig-autofeed\/#breadcrumb","itemListElement":[{"@type":"ListItem","position":1,"name":"Home","item":"https:\/\/ptmsrl.com\/de\/"},{"@type":"ListItem","position":2,"name":"Shop","item":"https:\/\/ptmsrl.com\/shop\/"},{"@type":"ListItem","position":3,"name":"Pig Autofeed"}]},{"@type":"WebSite","@id":"https:\/\/ptmsrl.com\/#website","url":"https:\/\/ptmsrl.com\/","name":"PTM Srl","description":"\u041c\u042b \u041f\u0420\u041e\u0418\u0417\u0412\u041e\u0414\u0418\u041c \u041a\u0410\u0427\u0415\u0421\u0422\u0412\u041e, \u041a\u041e\u0422\u041e\u0420\u041e\u0415 \u0418\u041c\u0415\u0415\u0422 \u041e\u0421\u041e\u0411\u042b\u0419 \u0412\u0415\u0421","publisher":{"@id":"https:\/\/ptmsrl.com\/#organization"},"potentialAction":[{"@type":"SearchAction","target":{"@type":"EntryPoint","urlTemplate":"https:\/\/ptmsrl.com\/?s={search_term_string}"},"query-input":{"@type":"PropertyValueSpecification","valueRequired":true,"valueName":"search_term_string"}}],"inLanguage":"de"},{"@type":"Organization","@id":"https:\/\/ptmsrl.com\/#organization","name":"PTM srl","url":"https:\/\/ptmsrl.com\/","logo":{"@type":"ImageObject","inLanguage":"de","@id":"https:\/\/ptmsrl.com\/#\/schema\/logo\/image\/","url":"https:\/\/ptmsrl.com\/wp-content\/uploads\/2018\/10\/LOGO-PTM.png","contentUrl":"https:\/\/ptmsrl.com\/wp-content\/uploads\/2018\/10\/LOGO-PTM.png","width":1000,"height":500,"caption":"PTM srl"},"image":{"@id":"https:\/\/ptmsrl.com\/#\/schema\/logo\/image\/"},"sameAs":["https:\/\/www.facebook.com\/believingintechnology\/","https:\/\/x.com\/ptm","https:\/\/www.linkedin.com\/company\/ptm-s-r-l\/","https:\/\/www.youtube.com\/channel\/UCPSOS0MaR-4jDkAD3HkAC7A"]}]}},"_links":{"self":[{"href":"https:\/\/ptmsrl.com\/de\/wp-json\/wp\/v2\/product\/2817","targetHints":{"allow":["GET"]}}],"collection":[{"href":"https:\/\/ptmsrl.com\/de\/wp-json\/wp\/v2\/product"}],"about":[{"href":"https:\/\/ptmsrl.com\/de\/wp-json\/wp\/v2\/types\/product"}],"wp:featuredmedia":[{"embeddable":true,"href":"https:\/\/ptmsrl.com\/de\/wp-json\/wp\/v2\/media\/20566"}],"wp:attachment":[{"href":"https:\/\/ptmsrl.com\/de\/wp-json\/wp\/v2\/media?parent=2817"}],"wp:term":[{"taxonomy":"product_brand","embeddable":true,"href":"https:\/\/ptmsrl.com\/de\/wp-json\/wp\/v2\/product_brand?post=2817"},{"taxonomy":"product_cat","embeddable":true,"href":"https:\/\/ptmsrl.com\/de\/wp-json\/wp\/v2\/product_cat?post=2817"},{"taxonomy":"product_tag","embeddable":true,"href":"https:\/\/ptmsrl.com\/de\/wp-json\/wp\/v2\/product_tag?post=2817"}],"curies":[{"name":"wp","href":"https:\/\/api.w.org\/{rel}","templated":true}]}}