{"id":3774,"date":"2018-09-10T10:31:43","date_gmt":"2018-09-10T08:31:43","guid":{"rendered":"https:\/\/ptmsrl.com\/prodotto\/app-my-wifi-scale\/"},"modified":"2020-07-14T11:35:53","modified_gmt":"2020-07-14T09:35:53","slug":"app-my-wifi-scale","status":"publish","type":"product","link":"https:\/\/ptmsrl.com\/de\/prodotto\/app-my-wifi-scale\/","title":{"rendered":"App My WiFi Scale"},"content":{"rendered":"<ul>\n<li>M\u00f6glichkeit, zahlreiche WiFi Scale Systemen zu visualisieren<\/li>\n<li>GESAMTGEWICHT mit einstellbaren Alarmgrenzen<\/li>\n<li>TEILGEWICHT<\/li>\n<li>BELADUNGSDURCHF\u00dcHRUNG von einer programmierten Menge<\/li>\n<li>ENTLADUNGSDURCHF\u00dcHRUNG von einer programmierten Menge<\/li>\n<li>Speicherung der Vorf\u00e4lle<\/li>\n<\/ul>\n","protected":false},"excerpt":{"rendered":"<h3 align=\"justify\"><strong>Die PTM-WiFiAPP zu Ihrer Waage<\/strong><\/h3>\n<h4 align=\"justify\">Die Anwendung <strong>MyWiFiScale<\/strong> erlaubt, die Wiegecomputer der <strong>WiFi Scale-Reihe<\/strong> durch WiFi anzuzeigen und \u00fcberzuwachen.<\/h4>\n<p align=\"justify\">Wifi Scale ist eine Wiegesystem mit WiFi Schnittstelle. Durch die App, verf\u00fcgbar f\u00fcr Smartphone und Tablet, ist es m\u00f6glich eine oder mehrere Wiegesysteme ( unten einem oder mehr WiFi Access Point) gleichzeitig zu kontrollieren und zu konfigurieren. Dank seiner Bedienflexibilit\u00e4t und \u2013Einfachheit darstellt das System Wifi Scale eine wirtschaftliche L\u00f6sung, die an verschiedenen Anwendungen geeignet ist.<\/p>\n<p align=\"justify\">AVAILABLE ON SMARTPHONES AND TABLETS FOR ANDROID SYSTEMS, THE APP COMMUNICATES THROUGH WIFI WITH THE WIFISCALE, FOR THIS REASON THE DATA CONNECTION WITH YOUR OPERATOR IS NOT REQUIRED.<\/p>\n","protected":false},"featured_media":9089,"template":"","meta":{"inline_featured_image":false},"product_brand":[],"product_cat":[187],"product_tag":[],"class_list":{"0":"post-3774","1":"product","2":"type-product","3":"status-publish","4":"has-post-thumbnail","6":"product_cat-app-de","8":"first","9":"instock","10":"downloadable","11":"shipping-taxable","12":"product-type-simple"},"yoast_head":"<!-- This site is optimized with the Yoast SEO plugin v25.3 - https:\/\/yoast.com\/wordpress\/plugins\/seo\/ -->\n<title>PTM Srl | App My WiFi Scale<\/title>\n<meta name=\"robots\" content=\"index, follow, max-snippet:-1, max-image-preview:large, max-video-preview:-1\" \/>\n<link rel=\"canonical\" href=\"https:\/\/ptmsrl.com\/de\/prodotto\/app-my-wifi-scale\/\" \/>\n<meta property=\"og:locale\" content=\"de_DE\" \/>\n<meta property=\"og:type\" content=\"article\" \/>\n<meta property=\"og:title\" content=\"PTM Srl | App My WiFi Scale\" \/>\n<meta property=\"og:description\" content=\"Die PTM-WiFiAPP zu Ihrer Waage Die Anwendung MyWiFiScale erlaubt, die Wiegecomputer der WiFi Scale-Reihe durch WiFi anzuzeigen und \u00fcberzuwachen. Wifi Scale ist eine Wiegesystem mit WiFi Schnittstelle. Durch die App, verf\u00fcgbar f\u00fcr Smartphone und Tablet, ist es m\u00f6glich eine oder mehrere Wiegesysteme ( unten einem oder mehr WiFi Access Point) gleichzeitig zu kontrollieren und zu konfigurieren. Dank seiner Bedienflexibilit\u00e4t und \u2013Einfachheit darstellt das System Wifi Scale eine wirtschaftliche L\u00f6sung, die an verschiedenen Anwendungen geeignet ist.  AVAILABLE ON SMARTPHONES AND TABLETS FOR ANDROID SYSTEMS, THE APP COMMUNICATES THROUGH WIFI WITH THE WIFISCALE, FOR THIS REASON THE DATA CONNECTION WITH YOUR OPERATOR IS NOT REQUIRED.\" \/>\n<meta property=\"og:url\" content=\"https:\/\/ptmsrl.com\/de\/prodotto\/app-my-wifi-scale\/\" \/>\n<meta property=\"og:site_name\" content=\"PTM Srl\" \/>\n<meta property=\"article:publisher\" content=\"https:\/\/www.facebook.com\/believingintechnology\/\" \/>\n<meta property=\"article:modified_time\" content=\"2020-07-14T09:35:53+00:00\" \/>\n<meta property=\"og:image\" content=\"https:\/\/ptmsrl.com\/wp-content\/uploads\/2018\/09\/ptm-app-my-wifi-scale-cover-1.jpg\" \/>\n\t<meta property=\"og:image:width\" content=\"1024\" \/>\n\t<meta property=\"og:image:height\" content=\"1024\" \/>\n\t<meta property=\"og:image:type\" content=\"image\/jpeg\" \/>\n<meta name=\"twitter:card\" content=\"summary_large_image\" \/>\n<meta name=\"twitter:site\" content=\"@ptm\" \/>\n<script type=\"application\/ld+json\" class=\"yoast-schema-graph\">{\"@context\":\"https:\/\/schema.org\",\"@graph\":[{\"@type\":\"WebPage\",\"@id\":\"https:\/\/ptmsrl.com\/de\/prodotto\/app-my-wifi-scale\/\",\"url\":\"https:\/\/ptmsrl.com\/de\/prodotto\/app-my-wifi-scale\/\",\"name\":\"PTM Srl | App My WiFi Scale\",\"isPartOf\":{\"@id\":\"https:\/\/ptmsrl.com\/#website\"},\"primaryImageOfPage\":{\"@id\":\"https:\/\/ptmsrl.com\/de\/prodotto\/app-my-wifi-scale\/#primaryimage\"},\"image\":{\"@id\":\"https:\/\/ptmsrl.com\/de\/prodotto\/app-my-wifi-scale\/#primaryimage\"},\"thumbnailUrl\":\"https:\/\/ptmsrl.com\/wp-content\/uploads\/2018\/09\/ptm-app-my-wifi-scale-cover-1.jpg\",\"datePublished\":\"2018-09-10T08:31:43+00:00\",\"dateModified\":\"2020-07-14T09:35:53+00:00\",\"breadcrumb\":{\"@id\":\"https:\/\/ptmsrl.com\/de\/prodotto\/app-my-wifi-scale\/#breadcrumb\"},\"inLanguage\":\"de\",\"potentialAction\":[{\"@type\":\"ReadAction\",\"target\":[\"https:\/\/ptmsrl.com\/de\/prodotto\/app-my-wifi-scale\/\"]}]},{\"@type\":\"ImageObject\",\"inLanguage\":\"de\",\"@id\":\"https:\/\/ptmsrl.com\/de\/prodotto\/app-my-wifi-scale\/#primaryimage\",\"url\":\"https:\/\/ptmsrl.com\/wp-content\/uploads\/2018\/09\/ptm-app-my-wifi-scale-cover-1.jpg\",\"contentUrl\":\"https:\/\/ptmsrl.com\/wp-content\/uploads\/2018\/09\/ptm-app-my-wifi-scale-cover-1.jpg\",\"width\":1024,\"height\":1024,\"caption\":\"ptm-app-my-wifi-scale-cover\"},{\"@type\":\"BreadcrumbList\",\"@id\":\"https:\/\/ptmsrl.com\/de\/prodotto\/app-my-wifi-scale\/#breadcrumb\",\"itemListElement\":[{\"@type\":\"ListItem\",\"position\":1,\"name\":\"Home\",\"item\":\"https:\/\/ptmsrl.com\/de\/\"},{\"@type\":\"ListItem\",\"position\":2,\"name\":\"Shop\",\"item\":\"https:\/\/ptmsrl.com\/shop\/\"},{\"@type\":\"ListItem\",\"position\":3,\"name\":\"App My WiFi Scale\"}]},{\"@type\":\"WebSite\",\"@id\":\"https:\/\/ptmsrl.com\/#website\",\"url\":\"https:\/\/ptmsrl.com\/\",\"name\":\"PTM Srl\",\"description\":\"\u041c\u042b \u041f\u0420\u041e\u0418\u0417\u0412\u041e\u0414\u0418\u041c \u041a\u0410\u0427\u0415\u0421\u0422\u0412\u041e, \u041a\u041e\u0422\u041e\u0420\u041e\u0415 \u0418\u041c\u0415\u0415\u0422 \u041e\u0421\u041e\u0411\u042b\u0419 \u0412\u0415\u0421\",\"publisher\":{\"@id\":\"https:\/\/ptmsrl.com\/#organization\"},\"potentialAction\":[{\"@type\":\"SearchAction\",\"target\":{\"@type\":\"EntryPoint\",\"urlTemplate\":\"https:\/\/ptmsrl.com\/?s={search_term_string}\"},\"query-input\":{\"@type\":\"PropertyValueSpecification\",\"valueRequired\":true,\"valueName\":\"search_term_string\"}}],\"inLanguage\":\"de\"},{\"@type\":\"Organization\",\"@id\":\"https:\/\/ptmsrl.com\/#organization\",\"name\":\"PTM srl\",\"url\":\"https:\/\/ptmsrl.com\/\",\"logo\":{\"@type\":\"ImageObject\",\"inLanguage\":\"de\",\"@id\":\"https:\/\/ptmsrl.com\/#\/schema\/logo\/image\/\",\"url\":\"https:\/\/ptmsrl.com\/wp-content\/uploads\/2018\/10\/LOGO-PTM.png\",\"contentUrl\":\"https:\/\/ptmsrl.com\/wp-content\/uploads\/2018\/10\/LOGO-PTM.png\",\"width\":1000,\"height\":500,\"caption\":\"PTM srl\"},\"image\":{\"@id\":\"https:\/\/ptmsrl.com\/#\/schema\/logo\/image\/\"},\"sameAs\":[\"https:\/\/www.facebook.com\/believingintechnology\/\",\"https:\/\/x.com\/ptm\",\"https:\/\/www.linkedin.com\/company\/ptm-s-r-l\/\",\"https:\/\/www.youtube.com\/channel\/UCPSOS0MaR-4jDkAD3HkAC7A\"]}]}<\/script>\n<!-- \/ Yoast SEO plugin. -->","yoast_head_json":{"title":"PTM Srl | App My WiFi Scale","robots":{"index":"index","follow":"follow","max-snippet":"max-snippet:-1","max-image-preview":"max-image-preview:large","max-video-preview":"max-video-preview:-1"},"canonical":"https:\/\/ptmsrl.com\/de\/prodotto\/app-my-wifi-scale\/","og_locale":"de_DE","og_type":"article","og_title":"PTM Srl | App My WiFi Scale","og_description":"Die PTM-WiFiAPP zu Ihrer Waage Die Anwendung MyWiFiScale erlaubt, die Wiegecomputer der WiFi Scale-Reihe durch WiFi anzuzeigen und \u00fcberzuwachen. Wifi Scale ist eine Wiegesystem mit WiFi Schnittstelle. Durch die App, verf\u00fcgbar f\u00fcr Smartphone und Tablet, ist es m\u00f6glich eine oder mehrere Wiegesysteme ( unten einem oder mehr WiFi Access Point) gleichzeitig zu kontrollieren und zu konfigurieren. Dank seiner Bedienflexibilit\u00e4t und \u2013Einfachheit darstellt das System Wifi Scale eine wirtschaftliche L\u00f6sung, die an verschiedenen Anwendungen geeignet ist.  AVAILABLE ON SMARTPHONES AND TABLETS FOR ANDROID SYSTEMS, THE APP COMMUNICATES THROUGH WIFI WITH THE WIFISCALE, FOR THIS REASON THE DATA CONNECTION WITH YOUR OPERATOR IS NOT REQUIRED.","og_url":"https:\/\/ptmsrl.com\/de\/prodotto\/app-my-wifi-scale\/","og_site_name":"PTM Srl","article_publisher":"https:\/\/www.facebook.com\/believingintechnology\/","article_modified_time":"2020-07-14T09:35:53+00:00","og_image":[{"width":1024,"height":1024,"url":"https:\/\/ptmsrl.com\/wp-content\/uploads\/2018\/09\/ptm-app-my-wifi-scale-cover-1.jpg","type":"image\/jpeg"}],"twitter_card":"summary_large_image","twitter_site":"@ptm","schema":{"@context":"https:\/\/schema.org","@graph":[{"@type":"WebPage","@id":"https:\/\/ptmsrl.com\/de\/prodotto\/app-my-wifi-scale\/","url":"https:\/\/ptmsrl.com\/de\/prodotto\/app-my-wifi-scale\/","name":"PTM Srl | App My WiFi Scale","isPartOf":{"@id":"https:\/\/ptmsrl.com\/#website"},"primaryImageOfPage":{"@id":"https:\/\/ptmsrl.com\/de\/prodotto\/app-my-wifi-scale\/#primaryimage"},"image":{"@id":"https:\/\/ptmsrl.com\/de\/prodotto\/app-my-wifi-scale\/#primaryimage"},"thumbnailUrl":"https:\/\/ptmsrl.com\/wp-content\/uploads\/2018\/09\/ptm-app-my-wifi-scale-cover-1.jpg","datePublished":"2018-09-10T08:31:43+00:00","dateModified":"2020-07-14T09:35:53+00:00","breadcrumb":{"@id":"https:\/\/ptmsrl.com\/de\/prodotto\/app-my-wifi-scale\/#breadcrumb"},"inLanguage":"de","potentialAction":[{"@type":"ReadAction","target":["https:\/\/ptmsrl.com\/de\/prodotto\/app-my-wifi-scale\/"]}]},{"@type":"ImageObject","inLanguage":"de","@id":"https:\/\/ptmsrl.com\/de\/prodotto\/app-my-wifi-scale\/#primaryimage","url":"https:\/\/ptmsrl.com\/wp-content\/uploads\/2018\/09\/ptm-app-my-wifi-scale-cover-1.jpg","contentUrl":"https:\/\/ptmsrl.com\/wp-content\/uploads\/2018\/09\/ptm-app-my-wifi-scale-cover-1.jpg","width":1024,"height":1024,"caption":"ptm-app-my-wifi-scale-cover"},{"@type":"BreadcrumbList","@id":"https:\/\/ptmsrl.com\/de\/prodotto\/app-my-wifi-scale\/#breadcrumb","itemListElement":[{"@type":"ListItem","position":1,"name":"Home","item":"https:\/\/ptmsrl.com\/de\/"},{"@type":"ListItem","position":2,"name":"Shop","item":"https:\/\/ptmsrl.com\/shop\/"},{"@type":"ListItem","position":3,"name":"App My WiFi Scale"}]},{"@type":"WebSite","@id":"https:\/\/ptmsrl.com\/#website","url":"https:\/\/ptmsrl.com\/","name":"PTM Srl","description":"\u041c\u042b \u041f\u0420\u041e\u0418\u0417\u0412\u041e\u0414\u0418\u041c \u041a\u0410\u0427\u0415\u0421\u0422\u0412\u041e, \u041a\u041e\u0422\u041e\u0420\u041e\u0415 \u0418\u041c\u0415\u0415\u0422 \u041e\u0421\u041e\u0411\u042b\u0419 \u0412\u0415\u0421","publisher":{"@id":"https:\/\/ptmsrl.com\/#organization"},"potentialAction":[{"@type":"SearchAction","target":{"@type":"EntryPoint","urlTemplate":"https:\/\/ptmsrl.com\/?s={search_term_string}"},"query-input":{"@type":"PropertyValueSpecification","valueRequired":true,"valueName":"search_term_string"}}],"inLanguage":"de"},{"@type":"Organization","@id":"https:\/\/ptmsrl.com\/#organization","name":"PTM srl","url":"https:\/\/ptmsrl.com\/","logo":{"@type":"ImageObject","inLanguage":"de","@id":"https:\/\/ptmsrl.com\/#\/schema\/logo\/image\/","url":"https:\/\/ptmsrl.com\/wp-content\/uploads\/2018\/10\/LOGO-PTM.png","contentUrl":"https:\/\/ptmsrl.com\/wp-content\/uploads\/2018\/10\/LOGO-PTM.png","width":1000,"height":500,"caption":"PTM srl"},"image":{"@id":"https:\/\/ptmsrl.com\/#\/schema\/logo\/image\/"},"sameAs":["https:\/\/www.facebook.com\/believingintechnology\/","https:\/\/x.com\/ptm","https:\/\/www.linkedin.com\/company\/ptm-s-r-l\/","https:\/\/www.youtube.com\/channel\/UCPSOS0MaR-4jDkAD3HkAC7A"]}]}},"_links":{"self":[{"href":"https:\/\/ptmsrl.com\/de\/wp-json\/wp\/v2\/product\/3774","targetHints":{"allow":["GET"]}}],"collection":[{"href":"https:\/\/ptmsrl.com\/de\/wp-json\/wp\/v2\/product"}],"about":[{"href":"https:\/\/ptmsrl.com\/de\/wp-json\/wp\/v2\/types\/product"}],"wp:featuredmedia":[{"embeddable":true,"href":"https:\/\/ptmsrl.com\/de\/wp-json\/wp\/v2\/media\/9089"}],"wp:attachment":[{"href":"https:\/\/ptmsrl.com\/de\/wp-json\/wp\/v2\/media?parent=3774"}],"wp:term":[{"taxonomy":"product_brand","embeddable":true,"href":"https:\/\/ptmsrl.com\/de\/wp-json\/wp\/v2\/product_brand?post=3774"},{"taxonomy":"product_cat","embeddable":true,"href":"https:\/\/ptmsrl.com\/de\/wp-json\/wp\/v2\/product_cat?post=3774"},{"taxonomy":"product_tag","embeddable":true,"href":"https:\/\/ptmsrl.com\/de\/wp-json\/wp\/v2\/product_tag?post=3774"}],"curies":[{"name":"wp","href":"https:\/\/api.w.org\/{rel}","templated":true}]}}