{"id":3781,"date":"2018-09-10T10:41:14","date_gmt":"2018-09-10T08:41:14","guid":{"rendered":"https:\/\/ptmsrl.com\/prodotto\/app-my-cab-control\/"},"modified":"2019-07-26T17:54:55","modified_gmt":"2019-07-26T15:54:55","slug":"app-my-cab-control","status":"publish","type":"product","link":"https:\/\/ptmsrl.com\/de\/prodotto\/app-my-cab-control\/","title":{"rendered":"App My Cab Control"},"content":{"rendered":"<ul>\n<li>Gesamtgewicht<\/li>\n<li>Partielles Gewicht<\/li>\n<li>Ausf\u00fchrung einer programmierten Ladung (eine Komponente)<\/li>\n<li>Ausf\u00fchrung einer programmierten Ausadung (eine Komponente)<\/li>\n<li>Speicherung aller Funktionen<\/li>\n<\/ul>\n","protected":false},"excerpt":{"rendered":"<h3 align=\"justify\"><strong>Die PTM-WiFiAPP zu Ihrer Waage<\/strong><\/h3>\n<h4 align=\"justify\">Die <strong>App MyCabControl<\/strong>, ideal f\u00fcr Futtermischwagen, erm\u00f6glicht durch eine WiFi Verbindung die Steuerung und Visualisierung von Wiegesystemen der <strong>WiFi-Scale Serie<\/strong>.<\/h4>\n<p align=\"justify\">Die <strong>App MyCabControl<\/strong> ist die Schnittstelle zwischen dem <strong>Wi-Fi-Scale Cab<\/strong> Wiegesystem und dem Benutzer. Es erm\u00f6glicht dem Benutzer die Gewichte anzusehen, Operationen durchzuf\u00fchren und alle verbundenen <strong>Wi-Fi Scale Cab<\/strong> Ger\u00e4te zu konfigurieren. Dank der <strong>Flexibilit\u00e4t und Benutzerfreundlichkeit<\/strong> ist das <strong>Wifi Scale System<\/strong> eine kosteng\u00fcnstige L\u00f6sung, die sich an die unterschiedlichsten Anwendungen anpasst.<\/p>\n<p align=\"justify\">VERF\u00dcGBAR AUF SMARTPHONE UND TABLET F\u00dcR ANDROID SYSTEME, KOMMUNIZIERT DIE APP VIA WLAN MIT WIFI SCALE. DAHER BEN\u00d6TIGT MAN KEINE DATENVERBINDUNG DES MOBILFUNKANBIETERS.<\/p>\n","protected":false},"featured_media":9155,"template":"","meta":{"inline_featured_image":false},"product_brand":[],"product_cat":[187],"product_tag":[],"class_list":{"0":"post-3781","1":"product","2":"type-product","3":"status-publish","4":"has-post-thumbnail","6":"product_cat-app-de","8":"first","9":"instock","10":"downloadable","11":"shipping-taxable","12":"product-type-simple"},"yoast_head":"<!-- This site is optimized with the Yoast SEO plugin v25.3 - https:\/\/yoast.com\/wordpress\/plugins\/seo\/ -->\n<title>PTM Srl | App My Cab Control<\/title>\n<meta name=\"robots\" content=\"index, follow, max-snippet:-1, max-image-preview:large, max-video-preview:-1\" \/>\n<link rel=\"canonical\" href=\"https:\/\/ptmsrl.com\/de\/prodotto\/app-my-cab-control\/\" \/>\n<meta property=\"og:locale\" content=\"de_DE\" \/>\n<meta property=\"og:type\" content=\"article\" \/>\n<meta property=\"og:title\" content=\"PTM Srl | App My Cab Control\" \/>\n<meta property=\"og:description\" content=\"Die PTM-WiFiAPP zu Ihrer Waage Die App MyCabControl, ideal f\u00fcr Futtermischwagen, erm\u00f6glicht durch eine WiFi Verbindung die Steuerung und Visualisierung von Wiegesystemen der WiFi-Scale Serie. Die App MyCabControl ist die Schnittstelle zwischen dem Wi-Fi-Scale Cab Wiegesystem und dem Benutzer. Es erm\u00f6glicht dem Benutzer die Gewichte anzusehen, Operationen durchzuf\u00fchren und alle verbundenen Wi-Fi Scale Cab Ger\u00e4te zu konfigurieren. Dank der Flexibilit\u00e4t und Benutzerfreundlichkeit ist das Wifi Scale System eine kosteng\u00fcnstige L\u00f6sung, die sich an die unterschiedlichsten Anwendungen anpasst.  VERF\u00dcGBAR AUF SMARTPHONE UND TABLET F\u00dcR ANDROID SYSTEME, KOMMUNIZIERT DIE APP VIA WLAN MIT WIFI SCALE. DAHER BEN\u00d6TIGT MAN KEINE DATENVERBINDUNG DES MOBILFUNKANBIETERS.\" \/>\n<meta property=\"og:url\" content=\"https:\/\/ptmsrl.com\/de\/prodotto\/app-my-cab-control\/\" \/>\n<meta property=\"og:site_name\" content=\"PTM Srl\" \/>\n<meta property=\"article:publisher\" content=\"https:\/\/www.facebook.com\/believingintechnology\/\" \/>\n<meta property=\"article:modified_time\" content=\"2019-07-26T15:54:55+00:00\" \/>\n<meta property=\"og:image\" content=\"https:\/\/ptmsrl.com\/wp-content\/uploads\/2018\/09\/ptm-my-cab-control-cover-1.jpg\" \/>\n\t<meta property=\"og:image:width\" content=\"1024\" \/>\n\t<meta property=\"og:image:height\" content=\"1024\" \/>\n\t<meta property=\"og:image:type\" content=\"image\/jpeg\" \/>\n<meta name=\"twitter:card\" content=\"summary_large_image\" \/>\n<meta name=\"twitter:site\" content=\"@ptm\" \/>\n<script type=\"application\/ld+json\" class=\"yoast-schema-graph\">{\"@context\":\"https:\/\/schema.org\",\"@graph\":[{\"@type\":\"WebPage\",\"@id\":\"https:\/\/ptmsrl.com\/de\/prodotto\/app-my-cab-control\/\",\"url\":\"https:\/\/ptmsrl.com\/de\/prodotto\/app-my-cab-control\/\",\"name\":\"PTM Srl | App My Cab Control\",\"isPartOf\":{\"@id\":\"https:\/\/ptmsrl.com\/#website\"},\"primaryImageOfPage\":{\"@id\":\"https:\/\/ptmsrl.com\/de\/prodotto\/app-my-cab-control\/#primaryimage\"},\"image\":{\"@id\":\"https:\/\/ptmsrl.com\/de\/prodotto\/app-my-cab-control\/#primaryimage\"},\"thumbnailUrl\":\"https:\/\/ptmsrl.com\/wp-content\/uploads\/2018\/09\/ptm-my-cab-control-cover-1.jpg\",\"datePublished\":\"2018-09-10T08:41:14+00:00\",\"dateModified\":\"2019-07-26T15:54:55+00:00\",\"breadcrumb\":{\"@id\":\"https:\/\/ptmsrl.com\/de\/prodotto\/app-my-cab-control\/#breadcrumb\"},\"inLanguage\":\"de\",\"potentialAction\":[{\"@type\":\"ReadAction\",\"target\":[\"https:\/\/ptmsrl.com\/de\/prodotto\/app-my-cab-control\/\"]}]},{\"@type\":\"ImageObject\",\"inLanguage\":\"de\",\"@id\":\"https:\/\/ptmsrl.com\/de\/prodotto\/app-my-cab-control\/#primaryimage\",\"url\":\"https:\/\/ptmsrl.com\/wp-content\/uploads\/2018\/09\/ptm-my-cab-control-cover-1.jpg\",\"contentUrl\":\"https:\/\/ptmsrl.com\/wp-content\/uploads\/2018\/09\/ptm-my-cab-control-cover-1.jpg\",\"width\":1024,\"height\":1024,\"caption\":\"ptm-my-cab-control-cover\"},{\"@type\":\"BreadcrumbList\",\"@id\":\"https:\/\/ptmsrl.com\/de\/prodotto\/app-my-cab-control\/#breadcrumb\",\"itemListElement\":[{\"@type\":\"ListItem\",\"position\":1,\"name\":\"Home\",\"item\":\"https:\/\/ptmsrl.com\/de\/\"},{\"@type\":\"ListItem\",\"position\":2,\"name\":\"Shop\",\"item\":\"https:\/\/ptmsrl.com\/shop\/\"},{\"@type\":\"ListItem\",\"position\":3,\"name\":\"App My Cab Control\"}]},{\"@type\":\"WebSite\",\"@id\":\"https:\/\/ptmsrl.com\/#website\",\"url\":\"https:\/\/ptmsrl.com\/\",\"name\":\"PTM Srl\",\"description\":\"\u041c\u042b \u041f\u0420\u041e\u0418\u0417\u0412\u041e\u0414\u0418\u041c \u041a\u0410\u0427\u0415\u0421\u0422\u0412\u041e, \u041a\u041e\u0422\u041e\u0420\u041e\u0415 \u0418\u041c\u0415\u0415\u0422 \u041e\u0421\u041e\u0411\u042b\u0419 \u0412\u0415\u0421\",\"publisher\":{\"@id\":\"https:\/\/ptmsrl.com\/#organization\"},\"potentialAction\":[{\"@type\":\"SearchAction\",\"target\":{\"@type\":\"EntryPoint\",\"urlTemplate\":\"https:\/\/ptmsrl.com\/?s={search_term_string}\"},\"query-input\":{\"@type\":\"PropertyValueSpecification\",\"valueRequired\":true,\"valueName\":\"search_term_string\"}}],\"inLanguage\":\"de\"},{\"@type\":\"Organization\",\"@id\":\"https:\/\/ptmsrl.com\/#organization\",\"name\":\"PTM srl\",\"url\":\"https:\/\/ptmsrl.com\/\",\"logo\":{\"@type\":\"ImageObject\",\"inLanguage\":\"de\",\"@id\":\"https:\/\/ptmsrl.com\/#\/schema\/logo\/image\/\",\"url\":\"https:\/\/ptmsrl.com\/wp-content\/uploads\/2018\/10\/LOGO-PTM.png\",\"contentUrl\":\"https:\/\/ptmsrl.com\/wp-content\/uploads\/2018\/10\/LOGO-PTM.png\",\"width\":1000,\"height\":500,\"caption\":\"PTM srl\"},\"image\":{\"@id\":\"https:\/\/ptmsrl.com\/#\/schema\/logo\/image\/\"},\"sameAs\":[\"https:\/\/www.facebook.com\/believingintechnology\/\",\"https:\/\/x.com\/ptm\",\"https:\/\/www.linkedin.com\/company\/ptm-s-r-l\/\",\"https:\/\/www.youtube.com\/channel\/UCPSOS0MaR-4jDkAD3HkAC7A\"]}]}<\/script>\n<!-- \/ Yoast SEO plugin. -->","yoast_head_json":{"title":"PTM Srl | App My Cab Control","robots":{"index":"index","follow":"follow","max-snippet":"max-snippet:-1","max-image-preview":"max-image-preview:large","max-video-preview":"max-video-preview:-1"},"canonical":"https:\/\/ptmsrl.com\/de\/prodotto\/app-my-cab-control\/","og_locale":"de_DE","og_type":"article","og_title":"PTM Srl | App My Cab Control","og_description":"Die PTM-WiFiAPP zu Ihrer Waage Die App MyCabControl, ideal f\u00fcr Futtermischwagen, erm\u00f6glicht durch eine WiFi Verbindung die Steuerung und Visualisierung von Wiegesystemen der WiFi-Scale Serie. Die App MyCabControl ist die Schnittstelle zwischen dem Wi-Fi-Scale Cab Wiegesystem und dem Benutzer. Es erm\u00f6glicht dem Benutzer die Gewichte anzusehen, Operationen durchzuf\u00fchren und alle verbundenen Wi-Fi Scale Cab Ger\u00e4te zu konfigurieren. Dank der Flexibilit\u00e4t und Benutzerfreundlichkeit ist das Wifi Scale System eine kosteng\u00fcnstige L\u00f6sung, die sich an die unterschiedlichsten Anwendungen anpasst.  VERF\u00dcGBAR AUF SMARTPHONE UND TABLET F\u00dcR ANDROID SYSTEME, KOMMUNIZIERT DIE APP VIA WLAN MIT WIFI SCALE. DAHER BEN\u00d6TIGT MAN KEINE DATENVERBINDUNG DES MOBILFUNKANBIETERS.","og_url":"https:\/\/ptmsrl.com\/de\/prodotto\/app-my-cab-control\/","og_site_name":"PTM Srl","article_publisher":"https:\/\/www.facebook.com\/believingintechnology\/","article_modified_time":"2019-07-26T15:54:55+00:00","og_image":[{"width":1024,"height":1024,"url":"https:\/\/ptmsrl.com\/wp-content\/uploads\/2018\/09\/ptm-my-cab-control-cover-1.jpg","type":"image\/jpeg"}],"twitter_card":"summary_large_image","twitter_site":"@ptm","schema":{"@context":"https:\/\/schema.org","@graph":[{"@type":"WebPage","@id":"https:\/\/ptmsrl.com\/de\/prodotto\/app-my-cab-control\/","url":"https:\/\/ptmsrl.com\/de\/prodotto\/app-my-cab-control\/","name":"PTM Srl | App My Cab Control","isPartOf":{"@id":"https:\/\/ptmsrl.com\/#website"},"primaryImageOfPage":{"@id":"https:\/\/ptmsrl.com\/de\/prodotto\/app-my-cab-control\/#primaryimage"},"image":{"@id":"https:\/\/ptmsrl.com\/de\/prodotto\/app-my-cab-control\/#primaryimage"},"thumbnailUrl":"https:\/\/ptmsrl.com\/wp-content\/uploads\/2018\/09\/ptm-my-cab-control-cover-1.jpg","datePublished":"2018-09-10T08:41:14+00:00","dateModified":"2019-07-26T15:54:55+00:00","breadcrumb":{"@id":"https:\/\/ptmsrl.com\/de\/prodotto\/app-my-cab-control\/#breadcrumb"},"inLanguage":"de","potentialAction":[{"@type":"ReadAction","target":["https:\/\/ptmsrl.com\/de\/prodotto\/app-my-cab-control\/"]}]},{"@type":"ImageObject","inLanguage":"de","@id":"https:\/\/ptmsrl.com\/de\/prodotto\/app-my-cab-control\/#primaryimage","url":"https:\/\/ptmsrl.com\/wp-content\/uploads\/2018\/09\/ptm-my-cab-control-cover-1.jpg","contentUrl":"https:\/\/ptmsrl.com\/wp-content\/uploads\/2018\/09\/ptm-my-cab-control-cover-1.jpg","width":1024,"height":1024,"caption":"ptm-my-cab-control-cover"},{"@type":"BreadcrumbList","@id":"https:\/\/ptmsrl.com\/de\/prodotto\/app-my-cab-control\/#breadcrumb","itemListElement":[{"@type":"ListItem","position":1,"name":"Home","item":"https:\/\/ptmsrl.com\/de\/"},{"@type":"ListItem","position":2,"name":"Shop","item":"https:\/\/ptmsrl.com\/shop\/"},{"@type":"ListItem","position":3,"name":"App My Cab Control"}]},{"@type":"WebSite","@id":"https:\/\/ptmsrl.com\/#website","url":"https:\/\/ptmsrl.com\/","name":"PTM Srl","description":"\u041c\u042b \u041f\u0420\u041e\u0418\u0417\u0412\u041e\u0414\u0418\u041c \u041a\u0410\u0427\u0415\u0421\u0422\u0412\u041e, \u041a\u041e\u0422\u041e\u0420\u041e\u0415 \u0418\u041c\u0415\u0415\u0422 \u041e\u0421\u041e\u0411\u042b\u0419 \u0412\u0415\u0421","publisher":{"@id":"https:\/\/ptmsrl.com\/#organization"},"potentialAction":[{"@type":"SearchAction","target":{"@type":"EntryPoint","urlTemplate":"https:\/\/ptmsrl.com\/?s={search_term_string}"},"query-input":{"@type":"PropertyValueSpecification","valueRequired":true,"valueName":"search_term_string"}}],"inLanguage":"de"},{"@type":"Organization","@id":"https:\/\/ptmsrl.com\/#organization","name":"PTM srl","url":"https:\/\/ptmsrl.com\/","logo":{"@type":"ImageObject","inLanguage":"de","@id":"https:\/\/ptmsrl.com\/#\/schema\/logo\/image\/","url":"https:\/\/ptmsrl.com\/wp-content\/uploads\/2018\/10\/LOGO-PTM.png","contentUrl":"https:\/\/ptmsrl.com\/wp-content\/uploads\/2018\/10\/LOGO-PTM.png","width":1000,"height":500,"caption":"PTM srl"},"image":{"@id":"https:\/\/ptmsrl.com\/#\/schema\/logo\/image\/"},"sameAs":["https:\/\/www.facebook.com\/believingintechnology\/","https:\/\/x.com\/ptm","https:\/\/www.linkedin.com\/company\/ptm-s-r-l\/","https:\/\/www.youtube.com\/channel\/UCPSOS0MaR-4jDkAD3HkAC7A"]}]}},"_links":{"self":[{"href":"https:\/\/ptmsrl.com\/de\/wp-json\/wp\/v2\/product\/3781","targetHints":{"allow":["GET"]}}],"collection":[{"href":"https:\/\/ptmsrl.com\/de\/wp-json\/wp\/v2\/product"}],"about":[{"href":"https:\/\/ptmsrl.com\/de\/wp-json\/wp\/v2\/types\/product"}],"wp:featuredmedia":[{"embeddable":true,"href":"https:\/\/ptmsrl.com\/de\/wp-json\/wp\/v2\/media\/9155"}],"wp:attachment":[{"href":"https:\/\/ptmsrl.com\/de\/wp-json\/wp\/v2\/media?parent=3781"}],"wp:term":[{"taxonomy":"product_brand","embeddable":true,"href":"https:\/\/ptmsrl.com\/de\/wp-json\/wp\/v2\/product_brand?post=3781"},{"taxonomy":"product_cat","embeddable":true,"href":"https:\/\/ptmsrl.com\/de\/wp-json\/wp\/v2\/product_cat?post=3781"},{"taxonomy":"product_tag","embeddable":true,"href":"https:\/\/ptmsrl.com\/de\/wp-json\/wp\/v2\/product_tag?post=3781"}],"curies":[{"name":"wp","href":"https:\/\/api.w.org\/{rel}","templated":true}]}}