{"id":3849,"date":"2018-09-10T11:55:36","date_gmt":"2018-09-10T09:55:36","guid":{"rendered":"https:\/\/ptmsrl.com\/prodotto\/5-0-tmo\/"},"modified":"2019-07-29T11:32:31","modified_gmt":"2019-07-29T09:32:31","slug":"5-0-tmo","status":"publish","type":"product","link":"https:\/\/ptmsrl.com\/de\/prodotto\/5-0-tmo\/","title":{"rendered":"5.0 TMO"},"content":{"rendered":"","protected":false},"excerpt":{"rendered":"<h3><strong>Wiegesensor mit Kapazit\u00e4t 5.000 Kg<\/strong><\/h3>\n<p align=\"justify\">Die Wiegesensoren der Serie Unifeed sind robuste Wiegesensoren, die f\u00fcr den Einsatz an Futtermischwagen ausgelegt sind. Die Sensoren sind bestens daf\u00fcr geeignet, um in feuchter Umgebung zu arbeiten. Durch die spezielle Abdichtung sind sie gegen bestimmten Einfl\u00fcsse unempfindlich. In dieser Produktreihe zeigt sich die \u00fcber 30-j\u00e4hrige Erfahrung im Bau von Wiegesensoren im mobilen Einsatz.<\/p>\n<p><strong>Elektrische verbindung von mehreren wiegesensoren in parallelschaltung<\/strong><\/p>\n<p align=\"justify\">Bei Verwendung von mehreren Wiegesensoren werden jeweils die Kabel mit derselben Farbe verbunden. Bei Verwendung von mehreren Wiegensensoren in Parallelschaltung ist die Nennbelastung gleich der Belastung der einzelnen Sensoren. Die Empfindlichkeit des Systems wird als Mittelwert der Empfindlichkeit der einzelnen Sensoren gerechnet. Auf eine angemessene Verteilung der Belastung auf die Sensoren pr\u00fcfen. Die Belastung jedes Sensors darf nicht die h\u00f6chst zul\u00e4ssige Belastung \u00fcberschreiten. Es empfiehlt sich mechanische Schutzvorrichtungen gegen \u00dcberlastung der Sensore vorzusehen.<\/p>\n<p><strong>kabell\u00e4nge und verbinder<\/strong><\/p>\n<p align=\"justify\">Die Sensoren k\u00f6nnen auf Kundenwunsch mit speziellen Kabell\u00e4ngen bestellt werden. Die im Katalog aufgef\u00fchrten Kabell\u00e4ngen sind Standardkabell\u00e4ngen. Auf Wunsch kann auch der Verbinder beigef\u00fcgt werden.<\/p>\n","protected":false},"featured_media":3846,"template":"","meta":{"inline_featured_image":false},"product_brand":[],"product_cat":[191],"product_tag":[],"class_list":{"0":"post-3849","1":"product","2":"type-product","3":"status-publish","4":"has-post-thumbnail","6":"product_cat-biegesensoren","8":"first","9":"instock","10":"downloadable","11":"shipping-taxable","12":"product-type-simple"},"yoast_head":"<!-- This site is optimized with the Yoast SEO plugin v25.3 - https:\/\/yoast.com\/wordpress\/plugins\/seo\/ -->\n<title>PTM Srl | 5.0 TMO<\/title>\n<meta name=\"robots\" content=\"index, follow, max-snippet:-1, max-image-preview:large, max-video-preview:-1\" \/>\n<link rel=\"canonical\" href=\"https:\/\/ptmsrl.com\/de\/prodotto\/5-0-tmo\/\" \/>\n<meta property=\"og:locale\" content=\"de_DE\" \/>\n<meta property=\"og:type\" content=\"article\" \/>\n<meta property=\"og:title\" content=\"PTM Srl | 5.0 TMO\" \/>\n<meta property=\"og:description\" content=\"Wiegesensor mit Kapazit\u00e4t 5.000 Kg Die Wiegesensoren der Serie Unifeed sind robuste Wiegesensoren, die f\u00fcr den Einsatz an Futtermischwagen ausgelegt sind. Die Sensoren sind bestens daf\u00fcr geeignet, um in feuchter Umgebung zu arbeiten. Durch die spezielle Abdichtung sind sie gegen bestimmten Einfl\u00fcsse unempfindlich. In dieser Produktreihe zeigt sich die \u00fcber 30-j\u00e4hrige Erfahrung im Bau von Wiegesensoren im mobilen Einsatz.  Elektrische verbindung von mehreren wiegesensoren in parallelschaltung Bei Verwendung von mehreren Wiegesensoren werden jeweils die Kabel mit derselben Farbe verbunden. Bei Verwendung von mehreren Wiegensensoren in Parallelschaltung ist die Nennbelastung gleich der Belastung der einzelnen Sensoren. Die Empfindlichkeit des Systems wird als Mittelwert der Empfindlichkeit der einzelnen Sensoren gerechnet. Auf eine angemessene Verteilung der Belastung auf die Sensoren pr\u00fcfen. Die Belastung jedes Sensors darf nicht die h\u00f6chst zul\u00e4ssige Belastung \u00fcberschreiten. Es empfiehlt sich mechanische Schutzvorrichtungen gegen \u00dcberlastung der Sensore vorzusehen.  kabell\u00e4nge und verbinder Die Sensoren k\u00f6nnen auf Kundenwunsch mit speziellen Kabell\u00e4ngen bestellt werden. Die im Katalog aufgef\u00fchrten Kabell\u00e4ngen sind Standardkabell\u00e4ngen. Auf Wunsch kann auch der Verbinder beigef\u00fcgt werden.\" \/>\n<meta property=\"og:url\" content=\"https:\/\/ptmsrl.com\/de\/prodotto\/5-0-tmo\/\" \/>\n<meta property=\"og:site_name\" content=\"PTM Srl\" \/>\n<meta property=\"article:publisher\" content=\"https:\/\/www.facebook.com\/believingintechnology\/\" \/>\n<meta property=\"article:modified_time\" content=\"2019-07-29T09:32:31+00:00\" \/>\n<meta property=\"og:image\" content=\"https:\/\/ptmsrl.com\/wp-content\/uploads\/2018\/09\/ptm-cella-a-flessione-5-0-TMO.jpg\" \/>\n\t<meta property=\"og:image:width\" content=\"1024\" \/>\n\t<meta property=\"og:image:height\" content=\"1024\" \/>\n\t<meta property=\"og:image:type\" content=\"image\/jpeg\" \/>\n<meta name=\"twitter:card\" content=\"summary_large_image\" \/>\n<meta name=\"twitter:site\" content=\"@ptm\" \/>\n<script type=\"application\/ld+json\" class=\"yoast-schema-graph\">{\"@context\":\"https:\/\/schema.org\",\"@graph\":[{\"@type\":\"WebPage\",\"@id\":\"https:\/\/ptmsrl.com\/de\/prodotto\/5-0-tmo\/\",\"url\":\"https:\/\/ptmsrl.com\/de\/prodotto\/5-0-tmo\/\",\"name\":\"PTM Srl | 5.0 TMO\",\"isPartOf\":{\"@id\":\"https:\/\/ptmsrl.com\/#website\"},\"primaryImageOfPage\":{\"@id\":\"https:\/\/ptmsrl.com\/de\/prodotto\/5-0-tmo\/#primaryimage\"},\"image\":{\"@id\":\"https:\/\/ptmsrl.com\/de\/prodotto\/5-0-tmo\/#primaryimage\"},\"thumbnailUrl\":\"https:\/\/ptmsrl.com\/wp-content\/uploads\/2018\/09\/ptm-cella-a-flessione-5-0-TMO.jpg\",\"datePublished\":\"2018-09-10T09:55:36+00:00\",\"dateModified\":\"2019-07-29T09:32:31+00:00\",\"breadcrumb\":{\"@id\":\"https:\/\/ptmsrl.com\/de\/prodotto\/5-0-tmo\/#breadcrumb\"},\"inLanguage\":\"de\",\"potentialAction\":[{\"@type\":\"ReadAction\",\"target\":[\"https:\/\/ptmsrl.com\/de\/prodotto\/5-0-tmo\/\"]}]},{\"@type\":\"ImageObject\",\"inLanguage\":\"de\",\"@id\":\"https:\/\/ptmsrl.com\/de\/prodotto\/5-0-tmo\/#primaryimage\",\"url\":\"https:\/\/ptmsrl.com\/wp-content\/uploads\/2018\/09\/ptm-cella-a-flessione-5-0-TMO.jpg\",\"contentUrl\":\"https:\/\/ptmsrl.com\/wp-content\/uploads\/2018\/09\/ptm-cella-a-flessione-5-0-TMO.jpg\",\"width\":1024,\"height\":1024,\"caption\":\"ptm-cella-a-flessione-5-0-tmo\"},{\"@type\":\"BreadcrumbList\",\"@id\":\"https:\/\/ptmsrl.com\/de\/prodotto\/5-0-tmo\/#breadcrumb\",\"itemListElement\":[{\"@type\":\"ListItem\",\"position\":1,\"name\":\"Home\",\"item\":\"https:\/\/ptmsrl.com\/de\/\"},{\"@type\":\"ListItem\",\"position\":2,\"name\":\"Shop\",\"item\":\"https:\/\/ptmsrl.com\/shop\/\"},{\"@type\":\"ListItem\",\"position\":3,\"name\":\"5.0 TMO\"}]},{\"@type\":\"WebSite\",\"@id\":\"https:\/\/ptmsrl.com\/#website\",\"url\":\"https:\/\/ptmsrl.com\/\",\"name\":\"PTM Srl\",\"description\":\"\u041c\u042b \u041f\u0420\u041e\u0418\u0417\u0412\u041e\u0414\u0418\u041c \u041a\u0410\u0427\u0415\u0421\u0422\u0412\u041e, \u041a\u041e\u0422\u041e\u0420\u041e\u0415 \u0418\u041c\u0415\u0415\u0422 \u041e\u0421\u041e\u0411\u042b\u0419 \u0412\u0415\u0421\",\"publisher\":{\"@id\":\"https:\/\/ptmsrl.com\/#organization\"},\"potentialAction\":[{\"@type\":\"SearchAction\",\"target\":{\"@type\":\"EntryPoint\",\"urlTemplate\":\"https:\/\/ptmsrl.com\/?s={search_term_string}\"},\"query-input\":{\"@type\":\"PropertyValueSpecification\",\"valueRequired\":true,\"valueName\":\"search_term_string\"}}],\"inLanguage\":\"de\"},{\"@type\":\"Organization\",\"@id\":\"https:\/\/ptmsrl.com\/#organization\",\"name\":\"PTM srl\",\"url\":\"https:\/\/ptmsrl.com\/\",\"logo\":{\"@type\":\"ImageObject\",\"inLanguage\":\"de\",\"@id\":\"https:\/\/ptmsrl.com\/#\/schema\/logo\/image\/\",\"url\":\"https:\/\/ptmsrl.com\/wp-content\/uploads\/2018\/10\/LOGO-PTM.png\",\"contentUrl\":\"https:\/\/ptmsrl.com\/wp-content\/uploads\/2018\/10\/LOGO-PTM.png\",\"width\":1000,\"height\":500,\"caption\":\"PTM srl\"},\"image\":{\"@id\":\"https:\/\/ptmsrl.com\/#\/schema\/logo\/image\/\"},\"sameAs\":[\"https:\/\/www.facebook.com\/believingintechnology\/\",\"https:\/\/x.com\/ptm\",\"https:\/\/www.linkedin.com\/company\/ptm-s-r-l\/\",\"https:\/\/www.youtube.com\/channel\/UCPSOS0MaR-4jDkAD3HkAC7A\"]}]}<\/script>\n<!-- \/ Yoast SEO plugin. -->","yoast_head_json":{"title":"PTM Srl | 5.0 TMO","robots":{"index":"index","follow":"follow","max-snippet":"max-snippet:-1","max-image-preview":"max-image-preview:large","max-video-preview":"max-video-preview:-1"},"canonical":"https:\/\/ptmsrl.com\/de\/prodotto\/5-0-tmo\/","og_locale":"de_DE","og_type":"article","og_title":"PTM Srl | 5.0 TMO","og_description":"Wiegesensor mit Kapazit\u00e4t 5.000 Kg Die Wiegesensoren der Serie Unifeed sind robuste Wiegesensoren, die f\u00fcr den Einsatz an Futtermischwagen ausgelegt sind. Die Sensoren sind bestens daf\u00fcr geeignet, um in feuchter Umgebung zu arbeiten. Durch die spezielle Abdichtung sind sie gegen bestimmten Einfl\u00fcsse unempfindlich. In dieser Produktreihe zeigt sich die \u00fcber 30-j\u00e4hrige Erfahrung im Bau von Wiegesensoren im mobilen Einsatz.  Elektrische verbindung von mehreren wiegesensoren in parallelschaltung Bei Verwendung von mehreren Wiegesensoren werden jeweils die Kabel mit derselben Farbe verbunden. Bei Verwendung von mehreren Wiegensensoren in Parallelschaltung ist die Nennbelastung gleich der Belastung der einzelnen Sensoren. Die Empfindlichkeit des Systems wird als Mittelwert der Empfindlichkeit der einzelnen Sensoren gerechnet. Auf eine angemessene Verteilung der Belastung auf die Sensoren pr\u00fcfen. Die Belastung jedes Sensors darf nicht die h\u00f6chst zul\u00e4ssige Belastung \u00fcberschreiten. Es empfiehlt sich mechanische Schutzvorrichtungen gegen \u00dcberlastung der Sensore vorzusehen.  kabell\u00e4nge und verbinder Die Sensoren k\u00f6nnen auf Kundenwunsch mit speziellen Kabell\u00e4ngen bestellt werden. Die im Katalog aufgef\u00fchrten Kabell\u00e4ngen sind Standardkabell\u00e4ngen. Auf Wunsch kann auch der Verbinder beigef\u00fcgt werden.","og_url":"https:\/\/ptmsrl.com\/de\/prodotto\/5-0-tmo\/","og_site_name":"PTM Srl","article_publisher":"https:\/\/www.facebook.com\/believingintechnology\/","article_modified_time":"2019-07-29T09:32:31+00:00","og_image":[{"width":1024,"height":1024,"url":"https:\/\/ptmsrl.com\/wp-content\/uploads\/2018\/09\/ptm-cella-a-flessione-5-0-TMO.jpg","type":"image\/jpeg"}],"twitter_card":"summary_large_image","twitter_site":"@ptm","schema":{"@context":"https:\/\/schema.org","@graph":[{"@type":"WebPage","@id":"https:\/\/ptmsrl.com\/de\/prodotto\/5-0-tmo\/","url":"https:\/\/ptmsrl.com\/de\/prodotto\/5-0-tmo\/","name":"PTM Srl | 5.0 TMO","isPartOf":{"@id":"https:\/\/ptmsrl.com\/#website"},"primaryImageOfPage":{"@id":"https:\/\/ptmsrl.com\/de\/prodotto\/5-0-tmo\/#primaryimage"},"image":{"@id":"https:\/\/ptmsrl.com\/de\/prodotto\/5-0-tmo\/#primaryimage"},"thumbnailUrl":"https:\/\/ptmsrl.com\/wp-content\/uploads\/2018\/09\/ptm-cella-a-flessione-5-0-TMO.jpg","datePublished":"2018-09-10T09:55:36+00:00","dateModified":"2019-07-29T09:32:31+00:00","breadcrumb":{"@id":"https:\/\/ptmsrl.com\/de\/prodotto\/5-0-tmo\/#breadcrumb"},"inLanguage":"de","potentialAction":[{"@type":"ReadAction","target":["https:\/\/ptmsrl.com\/de\/prodotto\/5-0-tmo\/"]}]},{"@type":"ImageObject","inLanguage":"de","@id":"https:\/\/ptmsrl.com\/de\/prodotto\/5-0-tmo\/#primaryimage","url":"https:\/\/ptmsrl.com\/wp-content\/uploads\/2018\/09\/ptm-cella-a-flessione-5-0-TMO.jpg","contentUrl":"https:\/\/ptmsrl.com\/wp-content\/uploads\/2018\/09\/ptm-cella-a-flessione-5-0-TMO.jpg","width":1024,"height":1024,"caption":"ptm-cella-a-flessione-5-0-tmo"},{"@type":"BreadcrumbList","@id":"https:\/\/ptmsrl.com\/de\/prodotto\/5-0-tmo\/#breadcrumb","itemListElement":[{"@type":"ListItem","position":1,"name":"Home","item":"https:\/\/ptmsrl.com\/de\/"},{"@type":"ListItem","position":2,"name":"Shop","item":"https:\/\/ptmsrl.com\/shop\/"},{"@type":"ListItem","position":3,"name":"5.0 TMO"}]},{"@type":"WebSite","@id":"https:\/\/ptmsrl.com\/#website","url":"https:\/\/ptmsrl.com\/","name":"PTM Srl","description":"\u041c\u042b \u041f\u0420\u041e\u0418\u0417\u0412\u041e\u0414\u0418\u041c \u041a\u0410\u0427\u0415\u0421\u0422\u0412\u041e, \u041a\u041e\u0422\u041e\u0420\u041e\u0415 \u0418\u041c\u0415\u0415\u0422 \u041e\u0421\u041e\u0411\u042b\u0419 \u0412\u0415\u0421","publisher":{"@id":"https:\/\/ptmsrl.com\/#organization"},"potentialAction":[{"@type":"SearchAction","target":{"@type":"EntryPoint","urlTemplate":"https:\/\/ptmsrl.com\/?s={search_term_string}"},"query-input":{"@type":"PropertyValueSpecification","valueRequired":true,"valueName":"search_term_string"}}],"inLanguage":"de"},{"@type":"Organization","@id":"https:\/\/ptmsrl.com\/#organization","name":"PTM srl","url":"https:\/\/ptmsrl.com\/","logo":{"@type":"ImageObject","inLanguage":"de","@id":"https:\/\/ptmsrl.com\/#\/schema\/logo\/image\/","url":"https:\/\/ptmsrl.com\/wp-content\/uploads\/2018\/10\/LOGO-PTM.png","contentUrl":"https:\/\/ptmsrl.com\/wp-content\/uploads\/2018\/10\/LOGO-PTM.png","width":1000,"height":500,"caption":"PTM srl"},"image":{"@id":"https:\/\/ptmsrl.com\/#\/schema\/logo\/image\/"},"sameAs":["https:\/\/www.facebook.com\/believingintechnology\/","https:\/\/x.com\/ptm","https:\/\/www.linkedin.com\/company\/ptm-s-r-l\/","https:\/\/www.youtube.com\/channel\/UCPSOS0MaR-4jDkAD3HkAC7A"]}]}},"_links":{"self":[{"href":"https:\/\/ptmsrl.com\/de\/wp-json\/wp\/v2\/product\/3849","targetHints":{"allow":["GET"]}}],"collection":[{"href":"https:\/\/ptmsrl.com\/de\/wp-json\/wp\/v2\/product"}],"about":[{"href":"https:\/\/ptmsrl.com\/de\/wp-json\/wp\/v2\/types\/product"}],"wp:featuredmedia":[{"embeddable":true,"href":"https:\/\/ptmsrl.com\/de\/wp-json\/wp\/v2\/media\/3846"}],"wp:attachment":[{"href":"https:\/\/ptmsrl.com\/de\/wp-json\/wp\/v2\/media?parent=3849"}],"wp:term":[{"taxonomy":"product_brand","embeddable":true,"href":"https:\/\/ptmsrl.com\/de\/wp-json\/wp\/v2\/product_brand?post=3849"},{"taxonomy":"product_cat","embeddable":true,"href":"https:\/\/ptmsrl.com\/de\/wp-json\/wp\/v2\/product_cat?post=3849"},{"taxonomy":"product_tag","embeddable":true,"href":"https:\/\/ptmsrl.com\/de\/wp-json\/wp\/v2\/product_tag?post=3849"}],"curies":[{"name":"wp","href":"https:\/\/api.w.org\/{rel}","templated":true}]}}