{"id":16347,"date":"2019-09-17T14:34:43","date_gmt":"2019-09-17T12:34:43","guid":{"rendered":"https:\/\/ptmsrl.com\/?page_id=16347"},"modified":"2024-06-25T12:23:17","modified_gmt":"2024-06-25T10:23:17","slug":"lista-dei-desideri","status":"publish","type":"page","link":"https:\/\/ptmsrl.com\/es\/lista-dei-desideri\/","title":{"rendered":"Lista dei desideri"},"content":{"rendered":"<div class=\"row\"  id=\"row-1520063884\">\n\n\t<div id=\"col-1124393922\" class=\"col small-12 large-12\"  >\n\t\t\t\t<div class=\"col-inner\"  >\n\t\t\t\n\t\t\t\n\t<div id=\"gap-1556675787\" class=\"gap-element clearfix\" style=\"display:block; height:auto;\">\n\t\t\n<style>\n#gap-1556675787 {\n  padding-top: 50px;\n}\n<\/style>\n\t<\/div>\n\t\n\n\n\n\n<form\n\tid=\"yith-wcwl-form\"\n\taction=\"https:\/\/ptmsrl.com\/es\/lista-dei-desideri\/\"\n\tmethod=\"post\"\n\tclass=\"woocommerce yith-wcwl-form wishlist-fragment\"\n\tdata-fragment-options=\"{&quot;per_page&quot;:5,&quot;current_page&quot;:1,&quot;pagination&quot;:&quot;no&quot;,&quot;wishlist_id&quot;:false,&quot;action_params&quot;:false,&quot;no_interactions&quot;:false,&quot;layout&quot;:&quot;&quot;,&quot;wishlist&quot;:false,&quot;is_default&quot;:true,&quot;is_custom_list&quot;:false,&quot;wishlist_token&quot;:&quot;&quot;,&quot;is_private&quot;:false,&quot;count&quot;:0,&quot;page_title&quot;:&quot;Mi lista de deseos en PTM&quot;,&quot;default_wishlsit_title&quot;:&quot;Mi lista de deseos en PTM&quot;,&quot;page_links&quot;:false,&quot;is_user_logged_in&quot;:false,&quot;is_user_owner&quot;:true,&quot;can_user_edit_title&quot;:false,&quot;show_price&quot;:false,&quot;show_dateadded&quot;:true,&quot;show_stock_status&quot;:false,&quot;show_add_to_cart&quot;:false,&quot;show_remove_product&quot;:true,&quot;add_to_cart_text&quot;:&quot;Aggiungi al carrello&quot;,&quot;show_ask_estimate_button&quot;:false,&quot;ask_estimate_url&quot;:&quot;&quot;,&quot;price_excl_tax&quot;:true,&quot;show_cb&quot;:false,&quot;show_quantity&quot;:false,&quot;show_variation&quot;:false,&quot;show_price_variations&quot;:false,&quot;show_update&quot;:false,&quot;enable_drag_n_drop&quot;:false,&quot;enable_add_all_to_cart&quot;:false,&quot;move_to_another_wishlist&quot;:false,&quot;repeat_remove_button&quot;:true,&quot;show_last_column&quot;:true,&quot;heading_icon&quot;:&quot;&lt;i class=\\&quot;fa heart-outline\\&quot;&gt;&lt;\\\/i&gt;&quot;,&quot;share_enabled&quot;:false,&quot;template_part&quot;:&quot;view&quot;,&quot;additional_info&quot;:false,&quot;available_multi_wishlist&quot;:false,&quot;form_action&quot;:&quot;https:\\\/\\\/ptmsrl.com\\\/es\\\/lista-dei-desideri\\\/&quot;,&quot;item&quot;:&quot;wishlist&quot;}\"\n>\n\n\t<!-- TITLE -->\n\t\t\t<div class=\"wishlist-title-container\">\n\t\t\t<div class=\"wishlist-title \">\n\t\t\t\t<h2>Mi lista de deseos en PTM<\/h2>\t\t\t\t\t\t\t<\/div>\n\t\t\t\t\t<\/div>\n\t\n\n<!-- WISHLIST TABLE -->\n<table\n\tclass=\"shop_table cart wishlist_table wishlist_view traditional responsive   \"\n\tdata-pagination=\"no\" data-per-page=\"5\" data-page=\"1\"\n\tdata-id=\"\" data-token=\"\">\n\n\t\n\t<thead>\n\t<tr>\n\t\t\n\t\t\t\t\t\t\t\t<th class=\"product-remove\">\n\t\t\t\t<span class=\"nobr\">\n\t\t\t\t\t\t\t\t\t<\/span>\n\t\t\t<\/th>\n\t\t\n\t\t<th class=\"product-thumbnail\"><\/th>\n\n\t\t<th class=\"product-name\">\n\t\t\t<span class=\"nobr\">\n\t\t\t\tNombre del producto\t\t\t<\/span>\n\t\t<\/th>\n\n\t\t\n\t\t\n\t\t\n\t\t\t\t\t\t\t\t<th class=\"product-add-to-cart\">\n\t\t\t\t<span class=\"nobr\">\n\t\t\t\t\t\t\t\t\t<\/span>\n\t\t\t<\/th>\n\t\t\n\t\t\t<\/tr>\n\t<\/thead>\n\n\t<tbody class=\"wishlist-items-wrapper\">\n\t\t\t<tr>\n\t\t\t\t\t\t<td colspan=\"4\" class=\"wishlist-empty\">No se han a\u00f1adido productos a la lista de deseos<\/td>\n\t\t<\/tr>\n\t\t\t<\/tbody>\n\n<\/table>\n\n<div class=\"yith_wcwl_wishlist_footer\">\n\t\n\n\t\n\n\t\n\t<\/div>\n\n<input type=\"hidden\" id=\"yith_wcwl_edit_wishlist\" name=\"yith_wcwl_edit_wishlist\" value=\"810d1cb277\" \/><input type=\"hidden\" name=\"_wp_http_referer\" value=\"\/es\/wp-json\/wp\/v2\/pages\/16347\" \/><input type=\"hidden\" value=\"\" name=\"wishlist_id\" id=\"wishlist_id\">\n\n\n<\/form>\n\n\n\n\n\t\t<\/div>\n\t\t\t\t\t<\/div>\n\n\t\n<\/div>\n<div class=\"container section-title-container\" ><h3 class=\"section-title section-title-normal\"><b><\/b><span class=\"section-title-main\" ><i class=\"icon-user-o\" ><\/i>Solicite informaci\u00f3n sobre los productos seleccionados<\/span><b><\/b><\/h3><\/div>\n<div class=\"row\"  id=\"row-1998475241\">\n\n\t<div id=\"col-1158998574\" class=\"col small-12 large-12\"  >\n\t\t\t\t<div class=\"col-inner\"  >\n\t\t\t\n\t\t\t\n\n<div class=\"wpcf7 no-js\" id=\"wpcf7-f25023-o1\" lang=\"en-US\" dir=\"ltr\" data-wpcf7-id=\"25023\">\n<div class=\"screen-reader-response\"><p role=\"status\" aria-live=\"polite\" aria-atomic=\"true\"><\/p> <ul><\/ul><\/div>\n<form action=\"\/es\/wp-json\/wp\/v2\/pages\/16347#wpcf7-f25023-o1\" method=\"post\" class=\"wpcf7-form init wpcf7-acceptance-as-validation\" aria-label=\"Contact form\" novalidate=\"novalidate\" data-status=\"init\">\n<div style=\"display: none;\">\n<input type=\"hidden\" name=\"_wpcf7\" value=\"25023\" \/>\n<input type=\"hidden\" name=\"_wpcf7_version\" value=\"6.0.6\" \/>\n<input type=\"hidden\" name=\"_wpcf7_locale\" value=\"en_US\" \/>\n<input type=\"hidden\" name=\"_wpcf7_unit_tag\" value=\"wpcf7-f25023-o1\" \/>\n<input type=\"hidden\" name=\"_wpcf7_container_post\" value=\"0\" \/>\n<input type=\"hidden\" name=\"_wpcf7_posted_data_hash\" value=\"\" \/>\n<input type=\"hidden\" name=\"_wpcf7_recaptcha_response\" value=\"\" \/>\n<\/div>\n<p><label><span class=\"wpcf7-form-control-wrap\" data-name=\"listadeidesideri\"><input size=\"40\" maxlength=\"400\" class=\"wpcf7-form-control wpcf7-text\" aria-invalid=\"false\" value=\"\" type=\"text\" name=\"listadeidesideri\" \/><\/span><\/label>\n<\/p>\n<p><label><span class=\"wpcf7-form-control-wrap\" data-name=\"nome\"><input size=\"40\" maxlength=\"400\" class=\"wpcf7-form-control wpcf7-text wpcf7-validates-as-required\" aria-required=\"true\" aria-invalid=\"false\" placeholder=\"Tu nombre...\" value=\"\" type=\"text\" name=\"nome\" \/><\/span><\/label>\n<\/p>\n<p><label><span class=\"wpcf7-form-control-wrap\" data-name=\"cognome\"><input size=\"40\" maxlength=\"400\" class=\"wpcf7-form-control wpcf7-text wpcf7-validates-as-required\" aria-required=\"true\" aria-invalid=\"false\" placeholder=\"Tu apellido...\" value=\"\" type=\"text\" name=\"cognome\" \/><\/span><\/label>\n<\/p>\n<p><label><span class=\"wpcf7-form-control-wrap\" data-name=\"email\"><input size=\"40\" maxlength=\"400\" class=\"wpcf7-form-control wpcf7-email wpcf7-validates-as-required wpcf7-text wpcf7-validates-as-email\" aria-required=\"true\" aria-invalid=\"false\" placeholder=\"Tu correo electr\u00f3nico...\" value=\"\" type=\"email\" name=\"email\" \/><\/span><\/label>\n<\/p>\n<p>Seleziona la tua area di interesse:<br \/>\n<span class=\"wpcf7-form-control-wrap\" data-name=\"area-di-interesse\"><select class=\"wpcf7-form-control wpcf7-select wpcf7-validates-as-required\" aria-required=\"true\" aria-invalid=\"false\" name=\"area-di-interesse\"><option value=\"\">&#8212;Please choose an option&#8212;<\/option><option value=\"Ganader\u00eda\">Ganader\u00eda<\/option><option value=\"Agricultura\">Agricultura<\/option><option value=\"Industria\">Industria<\/option><option value=\"Otros\">Otros<\/option><\/select><\/span>\n<\/p>\n<p><label><span class=\"wpcf7-form-control-wrap\" data-name=\"messaggio\"><textarea cols=\"40\" rows=\"10\" maxlength=\"2000\" class=\"wpcf7-form-control wpcf7-textarea\" aria-invalid=\"false\" placeholder=\"Su solicitud... (si ha seleccionado OTRO como \u00e1rea de inter\u00e9s, especifique aqu\u00ed su \u00e1rea de inter\u00e9s)\" name=\"messaggio\"><\/textarea><\/span><\/label>\n<\/p>\n<p><span class=\"wpcf7-form-control-wrap\" data-name=\"privacypolicy\"><span class=\"wpcf7-form-control wpcf7-acceptance\"><span class=\"wpcf7-list-item\"><label><input type=\"checkbox\" name=\"privacypolicy\" value=\"1\" aria-invalid=\"false\" \/><span class=\"wpcf7-list-item-label\">He le\u00eddo y doy mi consentimiento seg\u00fan la <a href=\"https:\/\/ptmsrl.com\/es\/privacy-policy\/\" target=\"_blank\">Pol\u00edtica de Privacidad<\/a>.<\/span><\/label><\/span><\/span><\/span>\n<\/p>\n<p><input class=\"wpcf7-form-control wpcf7-submit has-spinner button\" type=\"submit\" value=\"Enviar\" \/>\n<\/p>\n<p><script>\njQuery('.listadeidesideri').hide();\n<\/script>\n<\/p><div class=\"wpcf7-response-output\" aria-hidden=\"true\"><\/div>\n<\/form>\n<\/div>\n\n\t\t<\/div>\n\t\t\t\t\t<\/div>\n\n\t\n<\/div>\n","protected":false},"excerpt":{"rendered":"","protected":false},"author":1,"featured_media":0,"parent":0,"menu_order":0,"comment_status":"closed","ping_status":"closed","template":"page-blank.php","meta":{"inline_featured_image":false,"footnotes":""},"class_list":["post-16347","page","type-page","status-publish","hentry"],"yoast_head":"<!-- This site is optimized with the Yoast SEO plugin v25.3 - https:\/\/yoast.com\/wordpress\/plugins\/seo\/ -->\n<title>PTM Srl | Lista dei desideri<\/title>\n<meta name=\"robots\" content=\"index, follow, max-snippet:-1, max-image-preview:large, max-video-preview:-1\" \/>\n<link rel=\"canonical\" href=\"https:\/\/ptmsrl.com\/es\/lista-dei-desideri\/\" \/>\n<meta property=\"og:locale\" content=\"es_ES\" \/>\n<meta property=\"og:type\" content=\"article\" \/>\n<meta property=\"og:title\" content=\"PTM Srl | Lista dei desideri\" \/>\n<meta property=\"og:url\" content=\"https:\/\/ptmsrl.com\/es\/lista-dei-desideri\/\" \/>\n<meta property=\"og:site_name\" content=\"PTM Srl\" \/>\n<meta property=\"article:publisher\" content=\"https:\/\/www.facebook.com\/believingintechnology\/\" \/>\n<meta property=\"article:modified_time\" content=\"2024-06-25T10:23:17+00:00\" \/>\n<meta name=\"twitter:card\" content=\"summary_large_image\" \/>\n<meta name=\"twitter:site\" content=\"@ptm\" \/>\n<script type=\"application\/ld+json\" class=\"yoast-schema-graph\">{\"@context\":\"https:\/\/schema.org\",\"@graph\":[{\"@type\":\"WebPage\",\"@id\":\"https:\/\/ptmsrl.com\/es\/lista-dei-desideri\/\",\"url\":\"https:\/\/ptmsrl.com\/es\/lista-dei-desideri\/\",\"name\":\"PTM Srl | Lista dei desideri\",\"isPartOf\":{\"@id\":\"https:\/\/ptmsrl.com\/#website\"},\"datePublished\":\"2019-09-17T12:34:43+00:00\",\"dateModified\":\"2024-06-25T10:23:17+00:00\",\"breadcrumb\":{\"@id\":\"https:\/\/ptmsrl.com\/es\/lista-dei-desideri\/#breadcrumb\"},\"inLanguage\":\"es\",\"potentialAction\":[{\"@type\":\"ReadAction\",\"target\":[\"https:\/\/ptmsrl.com\/es\/lista-dei-desideri\/\"]}]},{\"@type\":\"BreadcrumbList\",\"@id\":\"https:\/\/ptmsrl.com\/es\/lista-dei-desideri\/#breadcrumb\",\"itemListElement\":[{\"@type\":\"ListItem\",\"position\":1,\"name\":\"Home\",\"item\":\"https:\/\/ptmsrl.com\/es\/\"},{\"@type\":\"ListItem\",\"position\":2,\"name\":\"Lista dei desideri\"}]},{\"@type\":\"WebSite\",\"@id\":\"https:\/\/ptmsrl.com\/#website\",\"url\":\"https:\/\/ptmsrl.com\/\",\"name\":\"PTM Srl\",\"description\":\"\u041c\u042b \u041f\u0420\u041e\u0418\u0417\u0412\u041e\u0414\u0418\u041c \u041a\u0410\u0427\u0415\u0421\u0422\u0412\u041e, \u041a\u041e\u0422\u041e\u0420\u041e\u0415 \u0418\u041c\u0415\u0415\u0422 \u041e\u0421\u041e\u0411\u042b\u0419 \u0412\u0415\u0421\",\"publisher\":{\"@id\":\"https:\/\/ptmsrl.com\/#organization\"},\"potentialAction\":[{\"@type\":\"SearchAction\",\"target\":{\"@type\":\"EntryPoint\",\"urlTemplate\":\"https:\/\/ptmsrl.com\/?s={search_term_string}\"},\"query-input\":{\"@type\":\"PropertyValueSpecification\",\"valueRequired\":true,\"valueName\":\"search_term_string\"}}],\"inLanguage\":\"es\"},{\"@type\":\"Organization\",\"@id\":\"https:\/\/ptmsrl.com\/#organization\",\"name\":\"PTM srl\",\"url\":\"https:\/\/ptmsrl.com\/\",\"logo\":{\"@type\":\"ImageObject\",\"inLanguage\":\"es\",\"@id\":\"https:\/\/ptmsrl.com\/#\/schema\/logo\/image\/\",\"url\":\"https:\/\/ptmsrl.com\/wp-content\/uploads\/2018\/10\/LOGO-PTM.png\",\"contentUrl\":\"https:\/\/ptmsrl.com\/wp-content\/uploads\/2018\/10\/LOGO-PTM.png\",\"width\":1000,\"height\":500,\"caption\":\"PTM srl\"},\"image\":{\"@id\":\"https:\/\/ptmsrl.com\/#\/schema\/logo\/image\/\"},\"sameAs\":[\"https:\/\/www.facebook.com\/believingintechnology\/\",\"https:\/\/x.com\/ptm\",\"https:\/\/www.linkedin.com\/company\/ptm-s-r-l\/\",\"https:\/\/www.youtube.com\/channel\/UCPSOS0MaR-4jDkAD3HkAC7A\"]}]}<\/script>\n<!-- \/ Yoast SEO plugin. -->","yoast_head_json":{"title":"PTM Srl | Lista dei desideri","robots":{"index":"index","follow":"follow","max-snippet":"max-snippet:-1","max-image-preview":"max-image-preview:large","max-video-preview":"max-video-preview:-1"},"canonical":"https:\/\/ptmsrl.com\/es\/lista-dei-desideri\/","og_locale":"es_ES","og_type":"article","og_title":"PTM Srl | Lista dei desideri","og_url":"https:\/\/ptmsrl.com\/es\/lista-dei-desideri\/","og_site_name":"PTM Srl","article_publisher":"https:\/\/www.facebook.com\/believingintechnology\/","article_modified_time":"2024-06-25T10:23:17+00:00","twitter_card":"summary_large_image","twitter_site":"@ptm","schema":{"@context":"https:\/\/schema.org","@graph":[{"@type":"WebPage","@id":"https:\/\/ptmsrl.com\/es\/lista-dei-desideri\/","url":"https:\/\/ptmsrl.com\/es\/lista-dei-desideri\/","name":"PTM Srl | Lista dei desideri","isPartOf":{"@id":"https:\/\/ptmsrl.com\/#website"},"datePublished":"2019-09-17T12:34:43+00:00","dateModified":"2024-06-25T10:23:17+00:00","breadcrumb":{"@id":"https:\/\/ptmsrl.com\/es\/lista-dei-desideri\/#breadcrumb"},"inLanguage":"es","potentialAction":[{"@type":"ReadAction","target":["https:\/\/ptmsrl.com\/es\/lista-dei-desideri\/"]}]},{"@type":"BreadcrumbList","@id":"https:\/\/ptmsrl.com\/es\/lista-dei-desideri\/#breadcrumb","itemListElement":[{"@type":"ListItem","position":1,"name":"Home","item":"https:\/\/ptmsrl.com\/es\/"},{"@type":"ListItem","position":2,"name":"Lista dei desideri"}]},{"@type":"WebSite","@id":"https:\/\/ptmsrl.com\/#website","url":"https:\/\/ptmsrl.com\/","name":"PTM Srl","description":"\u041c\u042b \u041f\u0420\u041e\u0418\u0417\u0412\u041e\u0414\u0418\u041c \u041a\u0410\u0427\u0415\u0421\u0422\u0412\u041e, \u041a\u041e\u0422\u041e\u0420\u041e\u0415 \u0418\u041c\u0415\u0415\u0422 \u041e\u0421\u041e\u0411\u042b\u0419 \u0412\u0415\u0421","publisher":{"@id":"https:\/\/ptmsrl.com\/#organization"},"potentialAction":[{"@type":"SearchAction","target":{"@type":"EntryPoint","urlTemplate":"https:\/\/ptmsrl.com\/?s={search_term_string}"},"query-input":{"@type":"PropertyValueSpecification","valueRequired":true,"valueName":"search_term_string"}}],"inLanguage":"es"},{"@type":"Organization","@id":"https:\/\/ptmsrl.com\/#organization","name":"PTM srl","url":"https:\/\/ptmsrl.com\/","logo":{"@type":"ImageObject","inLanguage":"es","@id":"https:\/\/ptmsrl.com\/#\/schema\/logo\/image\/","url":"https:\/\/ptmsrl.com\/wp-content\/uploads\/2018\/10\/LOGO-PTM.png","contentUrl":"https:\/\/ptmsrl.com\/wp-content\/uploads\/2018\/10\/LOGO-PTM.png","width":1000,"height":500,"caption":"PTM srl"},"image":{"@id":"https:\/\/ptmsrl.com\/#\/schema\/logo\/image\/"},"sameAs":["https:\/\/www.facebook.com\/believingintechnology\/","https:\/\/x.com\/ptm","https:\/\/www.linkedin.com\/company\/ptm-s-r-l\/","https:\/\/www.youtube.com\/channel\/UCPSOS0MaR-4jDkAD3HkAC7A"]}]}},"_links":{"self":[{"href":"https:\/\/ptmsrl.com\/es\/wp-json\/wp\/v2\/pages\/16347","targetHints":{"allow":["GET"]}}],"collection":[{"href":"https:\/\/ptmsrl.com\/es\/wp-json\/wp\/v2\/pages"}],"about":[{"href":"https:\/\/ptmsrl.com\/es\/wp-json\/wp\/v2\/types\/page"}],"author":[{"embeddable":true,"href":"https:\/\/ptmsrl.com\/es\/wp-json\/wp\/v2\/users\/1"}],"replies":[{"embeddable":true,"href":"https:\/\/ptmsrl.com\/es\/wp-json\/wp\/v2\/comments?post=16347"}],"version-history":[{"count":1,"href":"https:\/\/ptmsrl.com\/es\/wp-json\/wp\/v2\/pages\/16347\/revisions"}],"predecessor-version":[{"id":25028,"href":"https:\/\/ptmsrl.com\/es\/wp-json\/wp\/v2\/pages\/16347\/revisions\/25028"}],"wp:attachment":[{"href":"https:\/\/ptmsrl.com\/es\/wp-json\/wp\/v2\/media?parent=16347"}],"curies":[{"name":"wp","href":"https:\/\/api.w.org\/{rel}","templated":true}]}}