{"id":16641,"date":"2019-11-29T15:53:47","date_gmt":"2019-11-29T14:53:48","guid":{"rendered":"https:\/\/ptmsrl.com\/?post_type=product&#038;p=16641"},"modified":"2020-07-14T09:50:47","modified_gmt":"2020-07-14T07:50:47","slug":"isoscale-on-board","status":"publish","type":"product","link":"https:\/\/ptmsrl.com\/es\/prodotto\/isoscale-on-board\/","title":{"rendered":"Isoscale On Board"},"content":{"rendered":"<ul>\n<li>Compatible with all Isobus systems<\/li>\n<li>Weighing system for trailer, cereal transportation, etc.<\/li>\n<li>Total and partial weight visualization<\/li>\n<li>Overloads control system<\/li>\n<li>Easy calibration<\/li>\n<li>Multilanguage<\/li>\n<li>Humidity sensor, for dried matter measure(optional)<\/li>\n<\/ul>\n","protected":false},"excerpt":{"rendered":"<p align=\"justify\">El lenguaje Isobus permite la comunicaci\u00f3n entre diferentes tipos de tractores y m\u00e1quinas, aportando numerosas ventajas, incluido que no se necesita m\u00e1s de diferentes terminales por cada tipo de m\u00e1quina, sino est\u00e1 posible utilizar un sig\u00falo terminal universal que pueda ser conectado a m\u00e1quinas diferentes.<\/p>\n<p align=\"justify\">Gracias al sistema con pantalla \u00fanica, todos los accesorios Isobus conectados est\u00e1n accionados por la cabina del tractor. PTM ha desarollado diferentes sistemas Isobus seg\u00fan las necesitades del usuario.<\/p>\n<p align=\"justify\">\n","protected":false},"featured_media":16637,"template":"","meta":{"inline_featured_image":false},"product_brand":[],"product_cat":[334],"product_tag":[],"class_list":{"0":"post-16641","1":"product","2":"type-product","3":"status-publish","4":"has-post-thumbnail","6":"product_cat-isobus-es-basculas","8":"first","9":"instock","10":"downloadable","11":"shipping-taxable","12":"product-type-simple"},"yoast_head":"<!-- This site is optimized with the Yoast SEO plugin v25.3 - https:\/\/yoast.com\/wordpress\/plugins\/seo\/ -->\n<title>PTM Srl | Isoscale On Board<\/title>\n<meta name=\"robots\" content=\"index, follow, max-snippet:-1, max-image-preview:large, max-video-preview:-1\" \/>\n<link rel=\"canonical\" href=\"https:\/\/ptmsrl.com\/es\/prodotto\/isoscale-on-board\/\" \/>\n<meta property=\"og:locale\" content=\"es_ES\" \/>\n<meta property=\"og:type\" content=\"article\" \/>\n<meta property=\"og:title\" content=\"PTM Srl | Isoscale On Board\" \/>\n<meta property=\"og:description\" content=\"El lenguaje Isobus permite la comunicaci\u00f3n entre diferentes tipos de tractores y m\u00e1quinas, aportando numerosas ventajas, incluido que no se necesita m\u00e1s de diferentes terminales por cada tipo de m\u00e1quina, sino est\u00e1 posible utilizar un sig\u00falo terminal universal que pueda ser conectado a m\u00e1quinas diferentes. Gracias al sistema con pantalla \u00fanica, todos los accesorios Isobus conectados est\u00e1n accionados por la cabina del tractor. PTM ha desarollado diferentes sistemas Isobus seg\u00fan las necesitades del usuario.\" \/>\n<meta property=\"og:url\" content=\"https:\/\/ptmsrl.com\/es\/prodotto\/isoscale-on-board\/\" \/>\n<meta property=\"og:site_name\" content=\"PTM Srl\" \/>\n<meta property=\"article:publisher\" content=\"https:\/\/www.facebook.com\/believingintechnology\/\" \/>\n<meta property=\"article:modified_time\" content=\"2020-07-14T07:50:47+00:00\" \/>\n<meta property=\"og:image\" content=\"https:\/\/ptmsrl.com\/wp-content\/uploads\/2019\/11\/01_Isobus-on-board.jpg\" \/>\n\t<meta property=\"og:image:width\" content=\"705\" \/>\n\t<meta property=\"og:image:height\" content=\"600\" \/>\n\t<meta property=\"og:image:type\" content=\"image\/jpeg\" \/>\n<meta name=\"twitter:card\" content=\"summary_large_image\" \/>\n<meta name=\"twitter:site\" content=\"@ptm\" \/>\n<script type=\"application\/ld+json\" class=\"yoast-schema-graph\">{\"@context\":\"https:\/\/schema.org\",\"@graph\":[{\"@type\":\"WebPage\",\"@id\":\"https:\/\/ptmsrl.com\/es\/prodotto\/isoscale-on-board\/\",\"url\":\"https:\/\/ptmsrl.com\/es\/prodotto\/isoscale-on-board\/\",\"name\":\"PTM Srl | Isoscale On Board\",\"isPartOf\":{\"@id\":\"https:\/\/ptmsrl.com\/#website\"},\"primaryImageOfPage\":{\"@id\":\"https:\/\/ptmsrl.com\/es\/prodotto\/isoscale-on-board\/#primaryimage\"},\"image\":{\"@id\":\"https:\/\/ptmsrl.com\/es\/prodotto\/isoscale-on-board\/#primaryimage\"},\"thumbnailUrl\":\"https:\/\/ptmsrl.com\/wp-content\/uploads\/2019\/11\/01_Isobus-on-board.jpg\",\"datePublished\":\"2019-11-29T14:53:48+00:00\",\"dateModified\":\"2020-07-14T07:50:47+00:00\",\"breadcrumb\":{\"@id\":\"https:\/\/ptmsrl.com\/es\/prodotto\/isoscale-on-board\/#breadcrumb\"},\"inLanguage\":\"es\",\"potentialAction\":[{\"@type\":\"ReadAction\",\"target\":[\"https:\/\/ptmsrl.com\/es\/prodotto\/isoscale-on-board\/\"]}]},{\"@type\":\"ImageObject\",\"inLanguage\":\"es\",\"@id\":\"https:\/\/ptmsrl.com\/es\/prodotto\/isoscale-on-board\/#primaryimage\",\"url\":\"https:\/\/ptmsrl.com\/wp-content\/uploads\/2019\/11\/01_Isobus-on-board.jpg\",\"contentUrl\":\"https:\/\/ptmsrl.com\/wp-content\/uploads\/2019\/11\/01_Isobus-on-board.jpg\",\"width\":705,\"height\":600,\"caption\":\"01_isobus-on-board\"},{\"@type\":\"BreadcrumbList\",\"@id\":\"https:\/\/ptmsrl.com\/es\/prodotto\/isoscale-on-board\/#breadcrumb\",\"itemListElement\":[{\"@type\":\"ListItem\",\"position\":1,\"name\":\"Home\",\"item\":\"https:\/\/ptmsrl.com\/es\/\"},{\"@type\":\"ListItem\",\"position\":2,\"name\":\"Shop\",\"item\":\"https:\/\/ptmsrl.com\/shop\/\"},{\"@type\":\"ListItem\",\"position\":3,\"name\":\"Isoscale On Board\"}]},{\"@type\":\"WebSite\",\"@id\":\"https:\/\/ptmsrl.com\/#website\",\"url\":\"https:\/\/ptmsrl.com\/\",\"name\":\"PTM Srl\",\"description\":\"\u041c\u042b \u041f\u0420\u041e\u0418\u0417\u0412\u041e\u0414\u0418\u041c \u041a\u0410\u0427\u0415\u0421\u0422\u0412\u041e, \u041a\u041e\u0422\u041e\u0420\u041e\u0415 \u0418\u041c\u0415\u0415\u0422 \u041e\u0421\u041e\u0411\u042b\u0419 \u0412\u0415\u0421\",\"publisher\":{\"@id\":\"https:\/\/ptmsrl.com\/#organization\"},\"potentialAction\":[{\"@type\":\"SearchAction\",\"target\":{\"@type\":\"EntryPoint\",\"urlTemplate\":\"https:\/\/ptmsrl.com\/?s={search_term_string}\"},\"query-input\":{\"@type\":\"PropertyValueSpecification\",\"valueRequired\":true,\"valueName\":\"search_term_string\"}}],\"inLanguage\":\"es\"},{\"@type\":\"Organization\",\"@id\":\"https:\/\/ptmsrl.com\/#organization\",\"name\":\"PTM srl\",\"url\":\"https:\/\/ptmsrl.com\/\",\"logo\":{\"@type\":\"ImageObject\",\"inLanguage\":\"es\",\"@id\":\"https:\/\/ptmsrl.com\/#\/schema\/logo\/image\/\",\"url\":\"https:\/\/ptmsrl.com\/wp-content\/uploads\/2018\/10\/LOGO-PTM.png\",\"contentUrl\":\"https:\/\/ptmsrl.com\/wp-content\/uploads\/2018\/10\/LOGO-PTM.png\",\"width\":1000,\"height\":500,\"caption\":\"PTM srl\"},\"image\":{\"@id\":\"https:\/\/ptmsrl.com\/#\/schema\/logo\/image\/\"},\"sameAs\":[\"https:\/\/www.facebook.com\/believingintechnology\/\",\"https:\/\/x.com\/ptm\",\"https:\/\/www.linkedin.com\/company\/ptm-s-r-l\/\",\"https:\/\/www.youtube.com\/channel\/UCPSOS0MaR-4jDkAD3HkAC7A\"]}]}<\/script>\n<!-- \/ Yoast SEO plugin. -->","yoast_head_json":{"title":"PTM Srl | Isoscale On Board","robots":{"index":"index","follow":"follow","max-snippet":"max-snippet:-1","max-image-preview":"max-image-preview:large","max-video-preview":"max-video-preview:-1"},"canonical":"https:\/\/ptmsrl.com\/es\/prodotto\/isoscale-on-board\/","og_locale":"es_ES","og_type":"article","og_title":"PTM Srl | Isoscale On Board","og_description":"El lenguaje Isobus permite la comunicaci\u00f3n entre diferentes tipos de tractores y m\u00e1quinas, aportando numerosas ventajas, incluido que no se necesita m\u00e1s de diferentes terminales por cada tipo de m\u00e1quina, sino est\u00e1 posible utilizar un sig\u00falo terminal universal que pueda ser conectado a m\u00e1quinas diferentes. Gracias al sistema con pantalla \u00fanica, todos los accesorios Isobus conectados est\u00e1n accionados por la cabina del tractor. PTM ha desarollado diferentes sistemas Isobus seg\u00fan las necesitades del usuario.","og_url":"https:\/\/ptmsrl.com\/es\/prodotto\/isoscale-on-board\/","og_site_name":"PTM Srl","article_publisher":"https:\/\/www.facebook.com\/believingintechnology\/","article_modified_time":"2020-07-14T07:50:47+00:00","og_image":[{"width":705,"height":600,"url":"https:\/\/ptmsrl.com\/wp-content\/uploads\/2019\/11\/01_Isobus-on-board.jpg","type":"image\/jpeg"}],"twitter_card":"summary_large_image","twitter_site":"@ptm","schema":{"@context":"https:\/\/schema.org","@graph":[{"@type":"WebPage","@id":"https:\/\/ptmsrl.com\/es\/prodotto\/isoscale-on-board\/","url":"https:\/\/ptmsrl.com\/es\/prodotto\/isoscale-on-board\/","name":"PTM Srl | Isoscale On Board","isPartOf":{"@id":"https:\/\/ptmsrl.com\/#website"},"primaryImageOfPage":{"@id":"https:\/\/ptmsrl.com\/es\/prodotto\/isoscale-on-board\/#primaryimage"},"image":{"@id":"https:\/\/ptmsrl.com\/es\/prodotto\/isoscale-on-board\/#primaryimage"},"thumbnailUrl":"https:\/\/ptmsrl.com\/wp-content\/uploads\/2019\/11\/01_Isobus-on-board.jpg","datePublished":"2019-11-29T14:53:48+00:00","dateModified":"2020-07-14T07:50:47+00:00","breadcrumb":{"@id":"https:\/\/ptmsrl.com\/es\/prodotto\/isoscale-on-board\/#breadcrumb"},"inLanguage":"es","potentialAction":[{"@type":"ReadAction","target":["https:\/\/ptmsrl.com\/es\/prodotto\/isoscale-on-board\/"]}]},{"@type":"ImageObject","inLanguage":"es","@id":"https:\/\/ptmsrl.com\/es\/prodotto\/isoscale-on-board\/#primaryimage","url":"https:\/\/ptmsrl.com\/wp-content\/uploads\/2019\/11\/01_Isobus-on-board.jpg","contentUrl":"https:\/\/ptmsrl.com\/wp-content\/uploads\/2019\/11\/01_Isobus-on-board.jpg","width":705,"height":600,"caption":"01_isobus-on-board"},{"@type":"BreadcrumbList","@id":"https:\/\/ptmsrl.com\/es\/prodotto\/isoscale-on-board\/#breadcrumb","itemListElement":[{"@type":"ListItem","position":1,"name":"Home","item":"https:\/\/ptmsrl.com\/es\/"},{"@type":"ListItem","position":2,"name":"Shop","item":"https:\/\/ptmsrl.com\/shop\/"},{"@type":"ListItem","position":3,"name":"Isoscale On Board"}]},{"@type":"WebSite","@id":"https:\/\/ptmsrl.com\/#website","url":"https:\/\/ptmsrl.com\/","name":"PTM Srl","description":"\u041c\u042b \u041f\u0420\u041e\u0418\u0417\u0412\u041e\u0414\u0418\u041c \u041a\u0410\u0427\u0415\u0421\u0422\u0412\u041e, \u041a\u041e\u0422\u041e\u0420\u041e\u0415 \u0418\u041c\u0415\u0415\u0422 \u041e\u0421\u041e\u0411\u042b\u0419 \u0412\u0415\u0421","publisher":{"@id":"https:\/\/ptmsrl.com\/#organization"},"potentialAction":[{"@type":"SearchAction","target":{"@type":"EntryPoint","urlTemplate":"https:\/\/ptmsrl.com\/?s={search_term_string}"},"query-input":{"@type":"PropertyValueSpecification","valueRequired":true,"valueName":"search_term_string"}}],"inLanguage":"es"},{"@type":"Organization","@id":"https:\/\/ptmsrl.com\/#organization","name":"PTM srl","url":"https:\/\/ptmsrl.com\/","logo":{"@type":"ImageObject","inLanguage":"es","@id":"https:\/\/ptmsrl.com\/#\/schema\/logo\/image\/","url":"https:\/\/ptmsrl.com\/wp-content\/uploads\/2018\/10\/LOGO-PTM.png","contentUrl":"https:\/\/ptmsrl.com\/wp-content\/uploads\/2018\/10\/LOGO-PTM.png","width":1000,"height":500,"caption":"PTM srl"},"image":{"@id":"https:\/\/ptmsrl.com\/#\/schema\/logo\/image\/"},"sameAs":["https:\/\/www.facebook.com\/believingintechnology\/","https:\/\/x.com\/ptm","https:\/\/www.linkedin.com\/company\/ptm-s-r-l\/","https:\/\/www.youtube.com\/channel\/UCPSOS0MaR-4jDkAD3HkAC7A"]}]}},"_links":{"self":[{"href":"https:\/\/ptmsrl.com\/es\/wp-json\/wp\/v2\/product\/16641","targetHints":{"allow":["GET"]}}],"collection":[{"href":"https:\/\/ptmsrl.com\/es\/wp-json\/wp\/v2\/product"}],"about":[{"href":"https:\/\/ptmsrl.com\/es\/wp-json\/wp\/v2\/types\/product"}],"wp:featuredmedia":[{"embeddable":true,"href":"https:\/\/ptmsrl.com\/es\/wp-json\/wp\/v2\/media\/16637"}],"wp:attachment":[{"href":"https:\/\/ptmsrl.com\/es\/wp-json\/wp\/v2\/media?parent=16641"}],"wp:term":[{"taxonomy":"product_brand","embeddable":true,"href":"https:\/\/ptmsrl.com\/es\/wp-json\/wp\/v2\/product_brand?post=16641"},{"taxonomy":"product_cat","embeddable":true,"href":"https:\/\/ptmsrl.com\/es\/wp-json\/wp\/v2\/product_cat?post=16641"},{"taxonomy":"product_tag","embeddable":true,"href":"https:\/\/ptmsrl.com\/es\/wp-json\/wp\/v2\/product_tag?post=16641"}],"curies":[{"name":"wp","href":"https:\/\/api.w.org\/{rel}","templated":true}]}}