{"id":22351,"date":"2023-07-04T14:52:12","date_gmt":"2023-07-04T12:52:13","guid":{"rendered":"https:\/\/ptmsrl.com\/?post_type=product&#038;p=22351"},"modified":"2023-07-04T14:53:10","modified_gmt":"2023-07-04T12:53:10","slug":"gsa8","status":"publish","type":"product","link":"https:\/\/ptmsrl.com\/es\/prodotto\/gsa8\/","title":{"rendered":"GSA8"},"content":{"rendered":"<ul>\n<li>Memorizaci\u00f3n de 99 recetas y hasta 50 componentes para cada receta<\/li>\n<li>Gesti\u00f3n de las programaciones horarias para hacer una secuencia de recetas<\/li>\n<li>Gesti\u00f3n de los consumos para cada receta o para cada componente<\/li>\n<li>Gesti\u00f3n del almac\u00e9n de componentes<\/li>\n<li>Exportaci\u00f3n de los datos sobre USB (opcional)<\/li>\n<li>Colas manuales o autom\u00e1ticas para cada componente<\/li>\n<li>Posibilidad de modificar los tiempos del ciclo y de repeticiones c\u00edclicas de cada receta<\/li>\n<li>Dosificaci\u00f3n lenta y veloz<\/li>\n<li>Gesti\u00f3n de dos silos al mismo tiempo, del molino, del tornillo, de los vibradores, del mezclador, etc&#8230;<\/li>\n<li>Verificaci\u00f3n de las cantidades que efectivamente cargadas<\/li>\n<li>Posibilidad de carga manual para cada componente seg\u00fan el peso y seg\u00fan el tiempo<\/li>\n<li>Gesti\u00f3n de la carga de los aditivos<\/li>\n<li>Carga del componente individual (opcional)<\/li>\n<li>Vaciado y reseteo autom\u00e1tico o manual<\/li>\n<li>Inicio, reseteo, pausa de la carga programables por la centralita o por otro ingreso<\/li>\n<li>Posibilidad de nombrar las recetas y los componentes<\/li>\n<li>Posibilidad de programar el mapeo de las salidas<\/li>\n<li>Posibilidad de a\u00f1adir m\u00f3dulos I\/O adicionales<\/li>\n<li>Conexi\u00f3n con diferentes accesorios (es. impresora, display repetidor, etc)<\/li>\n<li>Sistema de controle de las sobrecargas<\/li>\n<li>Reloj interior y fecha<\/li>\n<li>Multi-idioma<\/li>\n<\/ul>\n","protected":false},"excerpt":{"rendered":"<h3 align=\"justify\"><strong>Las l\u00edneas GSA y GPA se componen de b\u00e1sculas de control y gesti\u00f3n eficientes y compactas, apropiadas para sistemas de molturaci\u00f3n, mezcla y dosificaci\u00f3n autom\u00e1tica\/manual.<br \/>\nEsta electr\u00f3nica permite de programar y gestionar hasta 99 recetas, con un m\u00e1ximo de 50 componentes.<\/strong><\/h3>\n<p align=\"justify\">Adem\u00e1s es posible el controle de cintas de transporte, molinos, bombas, mezcladores, vibradores, etc., as\u00ed como el vaciado autom\u00e1tico del tanque al final de la carga.<\/p>\n<p align=\"justify\">La programaci\u00f3n y la ejecuci\u00f3n de recetas muy complicadas se vuelven en simples y inmediatas gracias a una pantalla gr\u00e1fica grande y \u201cpanor\u00e1mica\u00bb, con un teclado de f\u00e1cil utilizaci\u00f3n y a un men\u00fa de navegaci\u00f3n simple e intuitivo.<\/p>\n<p align=\"justify\">La gesti\u00f3n de las recetas y la activaci\u00f3n de los motores puede ser activada y programada ya sea autom\u00e1ticamente o manualmente. Se puede implementar el sistema f\u00e1cilmente y puede ser equipado con un m\u00e1ximo de 124 contactos libres de potencial para el control de los motores , etc..<\/p>\n","protected":false},"featured_media":4577,"template":"","meta":{"inline_featured_image":false},"product_brand":[],"product_cat":[224],"product_tag":[],"class_list":{"0":"post-22351","1":"product","2":"type-product","3":"status-publish","4":"has-post-thumbnail","6":"product_cat-linea-gsa-gpa-es","8":"first","9":"instock","10":"downloadable","11":"shipping-taxable","12":"product-type-simple"},"yoast_head":"<!-- This site is optimized with the Yoast SEO plugin v25.3 - https:\/\/yoast.com\/wordpress\/plugins\/seo\/ -->\n<title>PTM Srl | GSA8<\/title>\n<meta name=\"robots\" content=\"index, follow, max-snippet:-1, max-image-preview:large, max-video-preview:-1\" \/>\n<link rel=\"canonical\" href=\"https:\/\/ptmsrl.com\/es\/prodotto\/gsa8\/\" \/>\n<meta property=\"og:locale\" content=\"es_ES\" \/>\n<meta property=\"og:type\" content=\"article\" \/>\n<meta property=\"og:title\" content=\"PTM Srl | GSA8\" \/>\n<meta property=\"og:description\" content=\"Las l\u00edneas GSA y GPA se componen de b\u00e1sculas de control y gesti\u00f3n eficientes y compactas, apropiadas para sistemas de molturaci\u00f3n, mezcla y dosificaci\u00f3n autom\u00e1tica\/manual. Esta electr\u00f3nica permite de programar y gestionar hasta 99 recetas, con un m\u00e1ximo de 50 componentes. Adem\u00e1s es posible el controle de cintas de transporte, molinos, bombas, mezcladores, vibradores, etc., as\u00ed como el vaciado autom\u00e1tico del tanque al final de la carga. La programaci\u00f3n y la ejecuci\u00f3n de recetas muy complicadas se vuelven en simples y inmediatas gracias a una pantalla gr\u00e1fica grande y \u201cpanor\u00e1mica&quot;, con un teclado de f\u00e1cil utilizaci\u00f3n y a un men\u00fa de navegaci\u00f3n simple e intuitivo. La gesti\u00f3n de las recetas y la activaci\u00f3n de los motores puede ser activada y programada ya sea autom\u00e1ticamente o manualmente. Se puede implementar el sistema f\u00e1cilmente y puede ser equipado con un m\u00e1ximo de 124 contactos libres de potencial para el control de los motores , etc..\" \/>\n<meta property=\"og:url\" content=\"https:\/\/ptmsrl.com\/es\/prodotto\/gsa8\/\" \/>\n<meta property=\"og:site_name\" content=\"PTM Srl\" \/>\n<meta property=\"article:publisher\" content=\"https:\/\/www.facebook.com\/believingintechnology\/\" \/>\n<meta property=\"article:modified_time\" content=\"2023-07-04T12:53:10+00:00\" \/>\n<meta property=\"og:image\" content=\"https:\/\/ptmsrl.com\/wp-content\/uploads\/2018\/09\/GSA-50-FGCEGSA50001.jpg\" \/>\n\t<meta property=\"og:image:width\" content=\"1024\" \/>\n\t<meta property=\"og:image:height\" content=\"1024\" \/>\n\t<meta property=\"og:image:type\" content=\"image\/jpeg\" \/>\n<meta name=\"twitter:card\" content=\"summary_large_image\" \/>\n<meta name=\"twitter:site\" content=\"@ptm\" \/>\n<meta name=\"twitter:label1\" content=\"Tiempo de lectura\" \/>\n\t<meta name=\"twitter:data1\" content=\"1 minuto\" \/>\n<script type=\"application\/ld+json\" class=\"yoast-schema-graph\">{\"@context\":\"https:\/\/schema.org\",\"@graph\":[{\"@type\":\"WebPage\",\"@id\":\"https:\/\/ptmsrl.com\/es\/prodotto\/gsa8\/\",\"url\":\"https:\/\/ptmsrl.com\/es\/prodotto\/gsa8\/\",\"name\":\"PTM Srl | GSA8\",\"isPartOf\":{\"@id\":\"https:\/\/ptmsrl.com\/#website\"},\"primaryImageOfPage\":{\"@id\":\"https:\/\/ptmsrl.com\/es\/prodotto\/gsa8\/#primaryimage\"},\"image\":{\"@id\":\"https:\/\/ptmsrl.com\/es\/prodotto\/gsa8\/#primaryimage\"},\"thumbnailUrl\":\"https:\/\/ptmsrl.com\/wp-content\/uploads\/2018\/09\/GSA-50-FGCEGSA50001.jpg\",\"datePublished\":\"2023-07-04T12:52:13+00:00\",\"dateModified\":\"2023-07-04T12:53:10+00:00\",\"breadcrumb\":{\"@id\":\"https:\/\/ptmsrl.com\/es\/prodotto\/gsa8\/#breadcrumb\"},\"inLanguage\":\"es\",\"potentialAction\":[{\"@type\":\"ReadAction\",\"target\":[\"https:\/\/ptmsrl.com\/es\/prodotto\/gsa8\/\"]}]},{\"@type\":\"ImageObject\",\"inLanguage\":\"es\",\"@id\":\"https:\/\/ptmsrl.com\/es\/prodotto\/gsa8\/#primaryimage\",\"url\":\"https:\/\/ptmsrl.com\/wp-content\/uploads\/2018\/09\/GSA-50-FGCEGSA50001.jpg\",\"contentUrl\":\"https:\/\/ptmsrl.com\/wp-content\/uploads\/2018\/09\/GSA-50-FGCEGSA50001.jpg\",\"width\":1024,\"height\":1024,\"caption\":\"gsa-50-fgcegsa50001\"},{\"@type\":\"BreadcrumbList\",\"@id\":\"https:\/\/ptmsrl.com\/es\/prodotto\/gsa8\/#breadcrumb\",\"itemListElement\":[{\"@type\":\"ListItem\",\"position\":1,\"name\":\"Home\",\"item\":\"https:\/\/ptmsrl.com\/es\/\"},{\"@type\":\"ListItem\",\"position\":2,\"name\":\"Shop\",\"item\":\"https:\/\/ptmsrl.com\/shop\/\"},{\"@type\":\"ListItem\",\"position\":3,\"name\":\"GSA8\"}]},{\"@type\":\"WebSite\",\"@id\":\"https:\/\/ptmsrl.com\/#website\",\"url\":\"https:\/\/ptmsrl.com\/\",\"name\":\"PTM Srl\",\"description\":\"\u041c\u042b \u041f\u0420\u041e\u0418\u0417\u0412\u041e\u0414\u0418\u041c \u041a\u0410\u0427\u0415\u0421\u0422\u0412\u041e, \u041a\u041e\u0422\u041e\u0420\u041e\u0415 \u0418\u041c\u0415\u0415\u0422 \u041e\u0421\u041e\u0411\u042b\u0419 \u0412\u0415\u0421\",\"publisher\":{\"@id\":\"https:\/\/ptmsrl.com\/#organization\"},\"potentialAction\":[{\"@type\":\"SearchAction\",\"target\":{\"@type\":\"EntryPoint\",\"urlTemplate\":\"https:\/\/ptmsrl.com\/?s={search_term_string}\"},\"query-input\":{\"@type\":\"PropertyValueSpecification\",\"valueRequired\":true,\"valueName\":\"search_term_string\"}}],\"inLanguage\":\"es\"},{\"@type\":\"Organization\",\"@id\":\"https:\/\/ptmsrl.com\/#organization\",\"name\":\"PTM srl\",\"url\":\"https:\/\/ptmsrl.com\/\",\"logo\":{\"@type\":\"ImageObject\",\"inLanguage\":\"es\",\"@id\":\"https:\/\/ptmsrl.com\/#\/schema\/logo\/image\/\",\"url\":\"https:\/\/ptmsrl.com\/wp-content\/uploads\/2018\/10\/LOGO-PTM.png\",\"contentUrl\":\"https:\/\/ptmsrl.com\/wp-content\/uploads\/2018\/10\/LOGO-PTM.png\",\"width\":1000,\"height\":500,\"caption\":\"PTM srl\"},\"image\":{\"@id\":\"https:\/\/ptmsrl.com\/#\/schema\/logo\/image\/\"},\"sameAs\":[\"https:\/\/www.facebook.com\/believingintechnology\/\",\"https:\/\/x.com\/ptm\",\"https:\/\/www.linkedin.com\/company\/ptm-s-r-l\/\",\"https:\/\/www.youtube.com\/channel\/UCPSOS0MaR-4jDkAD3HkAC7A\"]}]}<\/script>\n<!-- \/ Yoast SEO plugin. -->","yoast_head_json":{"title":"PTM Srl | GSA8","robots":{"index":"index","follow":"follow","max-snippet":"max-snippet:-1","max-image-preview":"max-image-preview:large","max-video-preview":"max-video-preview:-1"},"canonical":"https:\/\/ptmsrl.com\/es\/prodotto\/gsa8\/","og_locale":"es_ES","og_type":"article","og_title":"PTM Srl | GSA8","og_description":"Las l\u00edneas GSA y GPA se componen de b\u00e1sculas de control y gesti\u00f3n eficientes y compactas, apropiadas para sistemas de molturaci\u00f3n, mezcla y dosificaci\u00f3n autom\u00e1tica\/manual. Esta electr\u00f3nica permite de programar y gestionar hasta 99 recetas, con un m\u00e1ximo de 50 componentes. Adem\u00e1s es posible el controle de cintas de transporte, molinos, bombas, mezcladores, vibradores, etc., as\u00ed como el vaciado autom\u00e1tico del tanque al final de la carga. La programaci\u00f3n y la ejecuci\u00f3n de recetas muy complicadas se vuelven en simples y inmediatas gracias a una pantalla gr\u00e1fica grande y \u201cpanor\u00e1mica\", con un teclado de f\u00e1cil utilizaci\u00f3n y a un men\u00fa de navegaci\u00f3n simple e intuitivo. La gesti\u00f3n de las recetas y la activaci\u00f3n de los motores puede ser activada y programada ya sea autom\u00e1ticamente o manualmente. Se puede implementar el sistema f\u00e1cilmente y puede ser equipado con un m\u00e1ximo de 124 contactos libres de potencial para el control de los motores , etc..","og_url":"https:\/\/ptmsrl.com\/es\/prodotto\/gsa8\/","og_site_name":"PTM Srl","article_publisher":"https:\/\/www.facebook.com\/believingintechnology\/","article_modified_time":"2023-07-04T12:53:10+00:00","og_image":[{"width":1024,"height":1024,"url":"https:\/\/ptmsrl.com\/wp-content\/uploads\/2018\/09\/GSA-50-FGCEGSA50001.jpg","type":"image\/jpeg"}],"twitter_card":"summary_large_image","twitter_site":"@ptm","twitter_misc":{"Tiempo de lectura":"1 minuto"},"schema":{"@context":"https:\/\/schema.org","@graph":[{"@type":"WebPage","@id":"https:\/\/ptmsrl.com\/es\/prodotto\/gsa8\/","url":"https:\/\/ptmsrl.com\/es\/prodotto\/gsa8\/","name":"PTM Srl | GSA8","isPartOf":{"@id":"https:\/\/ptmsrl.com\/#website"},"primaryImageOfPage":{"@id":"https:\/\/ptmsrl.com\/es\/prodotto\/gsa8\/#primaryimage"},"image":{"@id":"https:\/\/ptmsrl.com\/es\/prodotto\/gsa8\/#primaryimage"},"thumbnailUrl":"https:\/\/ptmsrl.com\/wp-content\/uploads\/2018\/09\/GSA-50-FGCEGSA50001.jpg","datePublished":"2023-07-04T12:52:13+00:00","dateModified":"2023-07-04T12:53:10+00:00","breadcrumb":{"@id":"https:\/\/ptmsrl.com\/es\/prodotto\/gsa8\/#breadcrumb"},"inLanguage":"es","potentialAction":[{"@type":"ReadAction","target":["https:\/\/ptmsrl.com\/es\/prodotto\/gsa8\/"]}]},{"@type":"ImageObject","inLanguage":"es","@id":"https:\/\/ptmsrl.com\/es\/prodotto\/gsa8\/#primaryimage","url":"https:\/\/ptmsrl.com\/wp-content\/uploads\/2018\/09\/GSA-50-FGCEGSA50001.jpg","contentUrl":"https:\/\/ptmsrl.com\/wp-content\/uploads\/2018\/09\/GSA-50-FGCEGSA50001.jpg","width":1024,"height":1024,"caption":"gsa-50-fgcegsa50001"},{"@type":"BreadcrumbList","@id":"https:\/\/ptmsrl.com\/es\/prodotto\/gsa8\/#breadcrumb","itemListElement":[{"@type":"ListItem","position":1,"name":"Home","item":"https:\/\/ptmsrl.com\/es\/"},{"@type":"ListItem","position":2,"name":"Shop","item":"https:\/\/ptmsrl.com\/shop\/"},{"@type":"ListItem","position":3,"name":"GSA8"}]},{"@type":"WebSite","@id":"https:\/\/ptmsrl.com\/#website","url":"https:\/\/ptmsrl.com\/","name":"PTM Srl","description":"\u041c\u042b \u041f\u0420\u041e\u0418\u0417\u0412\u041e\u0414\u0418\u041c \u041a\u0410\u0427\u0415\u0421\u0422\u0412\u041e, \u041a\u041e\u0422\u041e\u0420\u041e\u0415 \u0418\u041c\u0415\u0415\u0422 \u041e\u0421\u041e\u0411\u042b\u0419 \u0412\u0415\u0421","publisher":{"@id":"https:\/\/ptmsrl.com\/#organization"},"potentialAction":[{"@type":"SearchAction","target":{"@type":"EntryPoint","urlTemplate":"https:\/\/ptmsrl.com\/?s={search_term_string}"},"query-input":{"@type":"PropertyValueSpecification","valueRequired":true,"valueName":"search_term_string"}}],"inLanguage":"es"},{"@type":"Organization","@id":"https:\/\/ptmsrl.com\/#organization","name":"PTM srl","url":"https:\/\/ptmsrl.com\/","logo":{"@type":"ImageObject","inLanguage":"es","@id":"https:\/\/ptmsrl.com\/#\/schema\/logo\/image\/","url":"https:\/\/ptmsrl.com\/wp-content\/uploads\/2018\/10\/LOGO-PTM.png","contentUrl":"https:\/\/ptmsrl.com\/wp-content\/uploads\/2018\/10\/LOGO-PTM.png","width":1000,"height":500,"caption":"PTM srl"},"image":{"@id":"https:\/\/ptmsrl.com\/#\/schema\/logo\/image\/"},"sameAs":["https:\/\/www.facebook.com\/believingintechnology\/","https:\/\/x.com\/ptm","https:\/\/www.linkedin.com\/company\/ptm-s-r-l\/","https:\/\/www.youtube.com\/channel\/UCPSOS0MaR-4jDkAD3HkAC7A"]}]}},"_links":{"self":[{"href":"https:\/\/ptmsrl.com\/es\/wp-json\/wp\/v2\/product\/22351","targetHints":{"allow":["GET"]}}],"collection":[{"href":"https:\/\/ptmsrl.com\/es\/wp-json\/wp\/v2\/product"}],"about":[{"href":"https:\/\/ptmsrl.com\/es\/wp-json\/wp\/v2\/types\/product"}],"wp:featuredmedia":[{"embeddable":true,"href":"https:\/\/ptmsrl.com\/es\/wp-json\/wp\/v2\/media\/4577"}],"wp:attachment":[{"href":"https:\/\/ptmsrl.com\/es\/wp-json\/wp\/v2\/media?parent=22351"}],"wp:term":[{"taxonomy":"product_brand","embeddable":true,"href":"https:\/\/ptmsrl.com\/es\/wp-json\/wp\/v2\/product_brand?post=22351"},{"taxonomy":"product_cat","embeddable":true,"href":"https:\/\/ptmsrl.com\/es\/wp-json\/wp\/v2\/product_cat?post=22351"},{"taxonomy":"product_tag","embeddable":true,"href":"https:\/\/ptmsrl.com\/es\/wp-json\/wp\/v2\/product_tag?post=22351"}],"curies":[{"name":"wp","href":"https:\/\/api.w.org\/{rel}","templated":true}]}}