{"id":22408,"date":"2023-07-12T15:29:20","date_gmt":"2023-07-12T13:29:22","guid":{"rendered":"https:\/\/ptmsrl.com\/?post_type=product&#038;p=22408"},"modified":"2025-03-31T17:58:56","modified_gmt":"2025-03-31T15:58:56","slug":"hl-30-series","status":"publish","type":"product","link":"https:\/\/ptmsrl.com\/es\/prodotto\/hl-30-series\/","title":{"rendered":"HL 30 SERIES"},"content":{"rendered":"<ul>\n<li>Pantalla LCD grafica con luminosidad autom\u00e1tica<\/li>\n<li>Facilidad de utilizo con iconos f\u00e1ciles y funcionales<\/li>\n<li>Caja s\u00f3lida de almunino pintado<\/li>\n<li>Conector optional sobre todos los modelos<\/li>\n<li>Personalizaci\u00f3n con logo cliente sobre la b\u00e1scula<\/li>\n<li>Sistema opcional \u00abPTM Multilink\u00bb<\/li>\n<\/ul>\n","protected":false},"excerpt":{"rendered":"<h3><strong>Bascula electr\u00f3nica por pesaje y dosificaci\u00f3n<\/strong><\/h3>\n<p align=\"justify\">Las B\u00e1sculas HL series representan la evoluci\u00f3n de la l\u00ednea HL que hace muchos a\u00f1os caracteriza a PTM en el mercado: amplia pantalla gr\u00e1fica, simplicidad y practicidad de utilizo son las nuevas principales caracter\u00edsticas de estas b\u00e1sculas.<\/p>\n<p align=\"justify\">Esta electr\u00f3nica permite programar hasta 50 recetas, con un m\u00e1ximo de 30 componentes y 30 descargas por receta. Las b\u00e1sculas HL Series tienen una amplia pantalla retroiluminada con LED que garantiza m\u00e1xima visibilidad al sol y tambi\u00e9n a la obscuridad, tambi\u00e9n a trav\u00e9s de la regulaci\u00f3n autom\u00e1tica de la luminosidad.<\/p>\n<p align=\"justify\">Gracias a un men\u00fa de navegaci\u00f3n intuitivo y a numerosos \u00edconos funcionales para reconocer cada operaci\u00f3n, la programaci\u00f3n y la ejecuci\u00f3n de las recetas se convierten en operaciones simples e inmediatas.<\/p>\n<p align=\"justify\">A trav\u00e9s del sistema de conexi\u00f3n \u00abPTM MULTILINK\u00bb y gracias al conector por los opcional siempre de serie sobre las b\u00e1sculas PTM es posible instalar y adjuntar de manera autom\u00e1tica cualquier accesorio soportado por la b\u00e1scula: no son necesarias instalaciones o configuraciones ya que el sistema funciona Plug &amp; Play.<\/p>\n","protected":false},"featured_media":8372,"template":"","meta":{"inline_featured_image":false},"product_brand":[],"product_cat":[482],"product_tag":[],"class_list":{"0":"post-22408","1":"product","2":"type-product","3":"status-publish","4":"has-post-thumbnail","6":"product_cat-hl-20-50-series-es","8":"first","9":"instock","10":"downloadable","11":"shipping-taxable","12":"product-type-simple"},"yoast_head":"<!-- This site is optimized with the Yoast SEO plugin v25.3 - https:\/\/yoast.com\/wordpress\/plugins\/seo\/ -->\n<title>PTM Srl | HL 30 SERIES<\/title>\n<meta name=\"robots\" content=\"index, follow, max-snippet:-1, max-image-preview:large, max-video-preview:-1\" \/>\n<link rel=\"canonical\" href=\"https:\/\/ptmsrl.com\/es\/prodotto\/hl-30-series\/\" \/>\n<meta property=\"og:locale\" content=\"es_ES\" \/>\n<meta property=\"og:type\" content=\"article\" \/>\n<meta property=\"og:title\" content=\"PTM Srl | HL 30 SERIES\" \/>\n<meta property=\"og:description\" content=\"Bascula electr\u00f3nica por pesaje y dosificaci\u00f3n Las B\u00e1sculas HL series representan la evoluci\u00f3n de la l\u00ednea HL que hace muchos a\u00f1os caracteriza a PTM en el mercado: amplia pantalla gr\u00e1fica, simplicidad y practicidad de utilizo son las nuevas principales caracter\u00edsticas de estas b\u00e1sculas. Esta electr\u00f3nica permite programar hasta 50 recetas, con un m\u00e1ximo de 30 componentes y 30 descargas por receta. Las b\u00e1sculas HL Series tienen una amplia pantalla retroiluminada con LED que garantiza m\u00e1xima visibilidad al sol y tambi\u00e9n a la obscuridad, tambi\u00e9n a trav\u00e9s de la regulaci\u00f3n autom\u00e1tica de la luminosidad. Gracias a un men\u00fa de navegaci\u00f3n intuitivo y a numerosos \u00edconos funcionales para reconocer cada operaci\u00f3n, la programaci\u00f3n y la ejecuci\u00f3n de las recetas se convierten en operaciones simples e inmediatas. A trav\u00e9s del sistema de conexi\u00f3n &quot;PTM MULTILINK&quot; y gracias al conector por los opcional siempre de serie sobre las b\u00e1sculas PTM es posible instalar y adjuntar de manera autom\u00e1tica cualquier accesorio soportado por la b\u00e1scula: no son necesarias instalaciones o configuraciones ya que el sistema funciona Plug &amp; Play.\" \/>\n<meta property=\"og:url\" content=\"https:\/\/ptmsrl.com\/es\/prodotto\/hl-30-series\/\" \/>\n<meta property=\"og:site_name\" content=\"PTM Srl\" \/>\n<meta property=\"article:publisher\" content=\"https:\/\/www.facebook.com\/believingintechnology\/\" \/>\n<meta property=\"article:modified_time\" content=\"2025-03-31T15:58:56+00:00\" \/>\n<meta property=\"og:image\" content=\"https:\/\/ptmsrl.com\/wp-content\/uploads\/2018\/10\/3_rev1-2.jpg\" \/>\n\t<meta property=\"og:image:width\" content=\"617\" \/>\n\t<meta property=\"og:image:height\" content=\"600\" \/>\n\t<meta property=\"og:image:type\" content=\"image\/jpeg\" \/>\n<meta name=\"twitter:card\" content=\"summary_large_image\" \/>\n<meta name=\"twitter:site\" content=\"@ptm\" \/>\n<meta name=\"twitter:label1\" content=\"Tiempo de lectura\" \/>\n\t<meta name=\"twitter:data1\" content=\"1 minuto\" \/>\n<script type=\"application\/ld+json\" class=\"yoast-schema-graph\">{\"@context\":\"https:\/\/schema.org\",\"@graph\":[{\"@type\":\"WebPage\",\"@id\":\"https:\/\/ptmsrl.com\/es\/prodotto\/hl-30-series\/\",\"url\":\"https:\/\/ptmsrl.com\/es\/prodotto\/hl-30-series\/\",\"name\":\"PTM Srl | HL 30 SERIES\",\"isPartOf\":{\"@id\":\"https:\/\/ptmsrl.com\/#website\"},\"primaryImageOfPage\":{\"@id\":\"https:\/\/ptmsrl.com\/es\/prodotto\/hl-30-series\/#primaryimage\"},\"image\":{\"@id\":\"https:\/\/ptmsrl.com\/es\/prodotto\/hl-30-series\/#primaryimage\"},\"thumbnailUrl\":\"https:\/\/ptmsrl.com\/wp-content\/uploads\/2018\/10\/3_rev1-2.jpg\",\"datePublished\":\"2023-07-12T13:29:22+00:00\",\"dateModified\":\"2025-03-31T15:58:56+00:00\",\"breadcrumb\":{\"@id\":\"https:\/\/ptmsrl.com\/es\/prodotto\/hl-30-series\/#breadcrumb\"},\"inLanguage\":\"es\",\"potentialAction\":[{\"@type\":\"ReadAction\",\"target\":[\"https:\/\/ptmsrl.com\/es\/prodotto\/hl-30-series\/\"]}]},{\"@type\":\"ImageObject\",\"inLanguage\":\"es\",\"@id\":\"https:\/\/ptmsrl.com\/es\/prodotto\/hl-30-series\/#primaryimage\",\"url\":\"https:\/\/ptmsrl.com\/wp-content\/uploads\/2018\/10\/3_rev1-2.jpg\",\"contentUrl\":\"https:\/\/ptmsrl.com\/wp-content\/uploads\/2018\/10\/3_rev1-2.jpg\",\"width\":617,\"height\":600,\"caption\":\"3_rev1\"},{\"@type\":\"BreadcrumbList\",\"@id\":\"https:\/\/ptmsrl.com\/es\/prodotto\/hl-30-series\/#breadcrumb\",\"itemListElement\":[{\"@type\":\"ListItem\",\"position\":1,\"name\":\"Home\",\"item\":\"https:\/\/ptmsrl.com\/es\/\"},{\"@type\":\"ListItem\",\"position\":2,\"name\":\"Shop\",\"item\":\"https:\/\/ptmsrl.com\/shop\/\"},{\"@type\":\"ListItem\",\"position\":3,\"name\":\"HL 30 SERIES\"}]},{\"@type\":\"WebSite\",\"@id\":\"https:\/\/ptmsrl.com\/#website\",\"url\":\"https:\/\/ptmsrl.com\/\",\"name\":\"PTM Srl\",\"description\":\"\u041c\u042b \u041f\u0420\u041e\u0418\u0417\u0412\u041e\u0414\u0418\u041c \u041a\u0410\u0427\u0415\u0421\u0422\u0412\u041e, \u041a\u041e\u0422\u041e\u0420\u041e\u0415 \u0418\u041c\u0415\u0415\u0422 \u041e\u0421\u041e\u0411\u042b\u0419 \u0412\u0415\u0421\",\"publisher\":{\"@id\":\"https:\/\/ptmsrl.com\/#organization\"},\"potentialAction\":[{\"@type\":\"SearchAction\",\"target\":{\"@type\":\"EntryPoint\",\"urlTemplate\":\"https:\/\/ptmsrl.com\/?s={search_term_string}\"},\"query-input\":{\"@type\":\"PropertyValueSpecification\",\"valueRequired\":true,\"valueName\":\"search_term_string\"}}],\"inLanguage\":\"es\"},{\"@type\":\"Organization\",\"@id\":\"https:\/\/ptmsrl.com\/#organization\",\"name\":\"PTM srl\",\"url\":\"https:\/\/ptmsrl.com\/\",\"logo\":{\"@type\":\"ImageObject\",\"inLanguage\":\"es\",\"@id\":\"https:\/\/ptmsrl.com\/#\/schema\/logo\/image\/\",\"url\":\"https:\/\/ptmsrl.com\/wp-content\/uploads\/2018\/10\/LOGO-PTM.png\",\"contentUrl\":\"https:\/\/ptmsrl.com\/wp-content\/uploads\/2018\/10\/LOGO-PTM.png\",\"width\":1000,\"height\":500,\"caption\":\"PTM srl\"},\"image\":{\"@id\":\"https:\/\/ptmsrl.com\/#\/schema\/logo\/image\/\"},\"sameAs\":[\"https:\/\/www.facebook.com\/believingintechnology\/\",\"https:\/\/x.com\/ptm\",\"https:\/\/www.linkedin.com\/company\/ptm-s-r-l\/\",\"https:\/\/www.youtube.com\/channel\/UCPSOS0MaR-4jDkAD3HkAC7A\"]}]}<\/script>\n<!-- \/ Yoast SEO plugin. -->","yoast_head_json":{"title":"PTM Srl | HL 30 SERIES","robots":{"index":"index","follow":"follow","max-snippet":"max-snippet:-1","max-image-preview":"max-image-preview:large","max-video-preview":"max-video-preview:-1"},"canonical":"https:\/\/ptmsrl.com\/es\/prodotto\/hl-30-series\/","og_locale":"es_ES","og_type":"article","og_title":"PTM Srl | HL 30 SERIES","og_description":"Bascula electr\u00f3nica por pesaje y dosificaci\u00f3n Las B\u00e1sculas HL series representan la evoluci\u00f3n de la l\u00ednea HL que hace muchos a\u00f1os caracteriza a PTM en el mercado: amplia pantalla gr\u00e1fica, simplicidad y practicidad de utilizo son las nuevas principales caracter\u00edsticas de estas b\u00e1sculas. Esta electr\u00f3nica permite programar hasta 50 recetas, con un m\u00e1ximo de 30 componentes y 30 descargas por receta. Las b\u00e1sculas HL Series tienen una amplia pantalla retroiluminada con LED que garantiza m\u00e1xima visibilidad al sol y tambi\u00e9n a la obscuridad, tambi\u00e9n a trav\u00e9s de la regulaci\u00f3n autom\u00e1tica de la luminosidad. Gracias a un men\u00fa de navegaci\u00f3n intuitivo y a numerosos \u00edconos funcionales para reconocer cada operaci\u00f3n, la programaci\u00f3n y la ejecuci\u00f3n de las recetas se convierten en operaciones simples e inmediatas. A trav\u00e9s del sistema de conexi\u00f3n \"PTM MULTILINK\" y gracias al conector por los opcional siempre de serie sobre las b\u00e1sculas PTM es posible instalar y adjuntar de manera autom\u00e1tica cualquier accesorio soportado por la b\u00e1scula: no son necesarias instalaciones o configuraciones ya que el sistema funciona Plug &amp; Play.","og_url":"https:\/\/ptmsrl.com\/es\/prodotto\/hl-30-series\/","og_site_name":"PTM Srl","article_publisher":"https:\/\/www.facebook.com\/believingintechnology\/","article_modified_time":"2025-03-31T15:58:56+00:00","og_image":[{"width":617,"height":600,"url":"https:\/\/ptmsrl.com\/wp-content\/uploads\/2018\/10\/3_rev1-2.jpg","type":"image\/jpeg"}],"twitter_card":"summary_large_image","twitter_site":"@ptm","twitter_misc":{"Tiempo de lectura":"1 minuto"},"schema":{"@context":"https:\/\/schema.org","@graph":[{"@type":"WebPage","@id":"https:\/\/ptmsrl.com\/es\/prodotto\/hl-30-series\/","url":"https:\/\/ptmsrl.com\/es\/prodotto\/hl-30-series\/","name":"PTM Srl | HL 30 SERIES","isPartOf":{"@id":"https:\/\/ptmsrl.com\/#website"},"primaryImageOfPage":{"@id":"https:\/\/ptmsrl.com\/es\/prodotto\/hl-30-series\/#primaryimage"},"image":{"@id":"https:\/\/ptmsrl.com\/es\/prodotto\/hl-30-series\/#primaryimage"},"thumbnailUrl":"https:\/\/ptmsrl.com\/wp-content\/uploads\/2018\/10\/3_rev1-2.jpg","datePublished":"2023-07-12T13:29:22+00:00","dateModified":"2025-03-31T15:58:56+00:00","breadcrumb":{"@id":"https:\/\/ptmsrl.com\/es\/prodotto\/hl-30-series\/#breadcrumb"},"inLanguage":"es","potentialAction":[{"@type":"ReadAction","target":["https:\/\/ptmsrl.com\/es\/prodotto\/hl-30-series\/"]}]},{"@type":"ImageObject","inLanguage":"es","@id":"https:\/\/ptmsrl.com\/es\/prodotto\/hl-30-series\/#primaryimage","url":"https:\/\/ptmsrl.com\/wp-content\/uploads\/2018\/10\/3_rev1-2.jpg","contentUrl":"https:\/\/ptmsrl.com\/wp-content\/uploads\/2018\/10\/3_rev1-2.jpg","width":617,"height":600,"caption":"3_rev1"},{"@type":"BreadcrumbList","@id":"https:\/\/ptmsrl.com\/es\/prodotto\/hl-30-series\/#breadcrumb","itemListElement":[{"@type":"ListItem","position":1,"name":"Home","item":"https:\/\/ptmsrl.com\/es\/"},{"@type":"ListItem","position":2,"name":"Shop","item":"https:\/\/ptmsrl.com\/shop\/"},{"@type":"ListItem","position":3,"name":"HL 30 SERIES"}]},{"@type":"WebSite","@id":"https:\/\/ptmsrl.com\/#website","url":"https:\/\/ptmsrl.com\/","name":"PTM Srl","description":"\u041c\u042b \u041f\u0420\u041e\u0418\u0417\u0412\u041e\u0414\u0418\u041c \u041a\u0410\u0427\u0415\u0421\u0422\u0412\u041e, \u041a\u041e\u0422\u041e\u0420\u041e\u0415 \u0418\u041c\u0415\u0415\u0422 \u041e\u0421\u041e\u0411\u042b\u0419 \u0412\u0415\u0421","publisher":{"@id":"https:\/\/ptmsrl.com\/#organization"},"potentialAction":[{"@type":"SearchAction","target":{"@type":"EntryPoint","urlTemplate":"https:\/\/ptmsrl.com\/?s={search_term_string}"},"query-input":{"@type":"PropertyValueSpecification","valueRequired":true,"valueName":"search_term_string"}}],"inLanguage":"es"},{"@type":"Organization","@id":"https:\/\/ptmsrl.com\/#organization","name":"PTM srl","url":"https:\/\/ptmsrl.com\/","logo":{"@type":"ImageObject","inLanguage":"es","@id":"https:\/\/ptmsrl.com\/#\/schema\/logo\/image\/","url":"https:\/\/ptmsrl.com\/wp-content\/uploads\/2018\/10\/LOGO-PTM.png","contentUrl":"https:\/\/ptmsrl.com\/wp-content\/uploads\/2018\/10\/LOGO-PTM.png","width":1000,"height":500,"caption":"PTM srl"},"image":{"@id":"https:\/\/ptmsrl.com\/#\/schema\/logo\/image\/"},"sameAs":["https:\/\/www.facebook.com\/believingintechnology\/","https:\/\/x.com\/ptm","https:\/\/www.linkedin.com\/company\/ptm-s-r-l\/","https:\/\/www.youtube.com\/channel\/UCPSOS0MaR-4jDkAD3HkAC7A"]}]}},"_links":{"self":[{"href":"https:\/\/ptmsrl.com\/es\/wp-json\/wp\/v2\/product\/22408","targetHints":{"allow":["GET"]}}],"collection":[{"href":"https:\/\/ptmsrl.com\/es\/wp-json\/wp\/v2\/product"}],"about":[{"href":"https:\/\/ptmsrl.com\/es\/wp-json\/wp\/v2\/types\/product"}],"wp:featuredmedia":[{"embeddable":true,"href":"https:\/\/ptmsrl.com\/es\/wp-json\/wp\/v2\/media\/8372"}],"wp:attachment":[{"href":"https:\/\/ptmsrl.com\/es\/wp-json\/wp\/v2\/media?parent=22408"}],"wp:term":[{"taxonomy":"product_brand","embeddable":true,"href":"https:\/\/ptmsrl.com\/es\/wp-json\/wp\/v2\/product_brand?post=22408"},{"taxonomy":"product_cat","embeddable":true,"href":"https:\/\/ptmsrl.com\/es\/wp-json\/wp\/v2\/product_cat?post=22408"},{"taxonomy":"product_tag","embeddable":true,"href":"https:\/\/ptmsrl.com\/es\/wp-json\/wp\/v2\/product_tag?post=22408"}],"curies":[{"name":"wp","href":"https:\/\/api.w.org\/{rel}","templated":true}]}}