{"id":22569,"date":"2023-07-27T18:00:01","date_gmt":"2023-07-27T16:00:02","guid":{"rendered":"https:\/\/ptmsrl.com\/?post_type=product&#038;p=22569"},"modified":"2023-07-27T18:13:13","modified_gmt":"2023-07-27T16:13:13","slug":"control-data","status":"publish","type":"product","link":"https:\/\/ptmsrl.com\/es\/prodotto\/control-data\/","title":{"rendered":"CONTROL DATA"},"content":{"rendered":"<p>La comunicaci\u00f3n se refiere a los principales datos relativos a la m\u00e1quina: el peso de los animales, la fecha y la hora de cada operaci\u00f3n, los transpondedores y el spray de selecci\u00f3n.<\/p>\n","protected":false},"excerpt":{"rendered":"<p>Software en nube que permite la transferencia y descarga de datos.<\/p>\n","protected":false},"featured_media":22579,"template":"","meta":{"inline_featured_image":false},"product_brand":[],"product_cat":[495,262],"product_tag":[],"class_list":{"0":"post-22569","1":"product","2":"type-product","3":"status-publish","4":"has-post-thumbnail","6":"product_cat-web-app-es-software-es","7":"product_cat-software-es","9":"first","10":"instock","11":"shipping-taxable","12":"product-type-simple"},"yoast_head":"<!-- This site is optimized with the Yoast SEO plugin v25.3 - https:\/\/yoast.com\/wordpress\/plugins\/seo\/ -->\n<title>PTM Srl | CONTROL DATA<\/title>\n<meta name=\"robots\" content=\"index, follow, max-snippet:-1, max-image-preview:large, max-video-preview:-1\" \/>\n<link rel=\"canonical\" href=\"https:\/\/ptmsrl.com\/es\/prodotto\/control-data\/\" \/>\n<meta property=\"og:locale\" content=\"es_ES\" \/>\n<meta property=\"og:type\" content=\"article\" \/>\n<meta property=\"og:title\" content=\"PTM Srl | CONTROL DATA\" \/>\n<meta property=\"og:description\" content=\"Software en nube que permite la transferencia y descarga de datos.\" \/>\n<meta property=\"og:url\" content=\"https:\/\/ptmsrl.com\/es\/prodotto\/control-data\/\" \/>\n<meta property=\"og:site_name\" content=\"PTM Srl\" \/>\n<meta property=\"article:publisher\" content=\"https:\/\/www.facebook.com\/believingintechnology\/\" \/>\n<meta property=\"article:modified_time\" content=\"2023-07-27T16:13:13+00:00\" \/>\n<meta property=\"og:image\" content=\"https:\/\/ptmsrl.com\/wp-content\/uploads\/2023\/07\/ptm-control-data.jpg\" \/>\n\t<meta property=\"og:image:width\" content=\"617\" \/>\n\t<meta property=\"og:image:height\" content=\"600\" \/>\n\t<meta property=\"og:image:type\" content=\"image\/jpeg\" \/>\n<meta name=\"twitter:card\" content=\"summary_large_image\" \/>\n<meta name=\"twitter:site\" content=\"@ptm\" \/>\n<meta name=\"twitter:label1\" content=\"Tiempo de lectura\" \/>\n\t<meta name=\"twitter:data1\" content=\"1 minuto\" \/>\n<script type=\"application\/ld+json\" class=\"yoast-schema-graph\">{\"@context\":\"https:\/\/schema.org\",\"@graph\":[{\"@type\":\"WebPage\",\"@id\":\"https:\/\/ptmsrl.com\/es\/prodotto\/control-data\/\",\"url\":\"https:\/\/ptmsrl.com\/es\/prodotto\/control-data\/\",\"name\":\"PTM Srl | CONTROL DATA\",\"isPartOf\":{\"@id\":\"https:\/\/ptmsrl.com\/#website\"},\"primaryImageOfPage\":{\"@id\":\"https:\/\/ptmsrl.com\/es\/prodotto\/control-data\/#primaryimage\"},\"image\":{\"@id\":\"https:\/\/ptmsrl.com\/es\/prodotto\/control-data\/#primaryimage\"},\"thumbnailUrl\":\"https:\/\/ptmsrl.com\/wp-content\/uploads\/2023\/07\/ptm-control-data.jpg\",\"datePublished\":\"2023-07-27T16:00:02+00:00\",\"dateModified\":\"2023-07-27T16:13:13+00:00\",\"breadcrumb\":{\"@id\":\"https:\/\/ptmsrl.com\/es\/prodotto\/control-data\/#breadcrumb\"},\"inLanguage\":\"es\",\"potentialAction\":[{\"@type\":\"ReadAction\",\"target\":[\"https:\/\/ptmsrl.com\/es\/prodotto\/control-data\/\"]}]},{\"@type\":\"ImageObject\",\"inLanguage\":\"es\",\"@id\":\"https:\/\/ptmsrl.com\/es\/prodotto\/control-data\/#primaryimage\",\"url\":\"https:\/\/ptmsrl.com\/wp-content\/uploads\/2023\/07\/ptm-control-data.jpg\",\"contentUrl\":\"https:\/\/ptmsrl.com\/wp-content\/uploads\/2023\/07\/ptm-control-data.jpg\",\"width\":617,\"height\":600,\"caption\":\"ptm-control-data\"},{\"@type\":\"BreadcrumbList\",\"@id\":\"https:\/\/ptmsrl.com\/es\/prodotto\/control-data\/#breadcrumb\",\"itemListElement\":[{\"@type\":\"ListItem\",\"position\":1,\"name\":\"Home\",\"item\":\"https:\/\/ptmsrl.com\/es\/\"},{\"@type\":\"ListItem\",\"position\":2,\"name\":\"Shop\",\"item\":\"https:\/\/ptmsrl.com\/shop\/\"},{\"@type\":\"ListItem\",\"position\":3,\"name\":\"CONTROL DATA\"}]},{\"@type\":\"WebSite\",\"@id\":\"https:\/\/ptmsrl.com\/#website\",\"url\":\"https:\/\/ptmsrl.com\/\",\"name\":\"PTM Srl\",\"description\":\"\u041c\u042b \u041f\u0420\u041e\u0418\u0417\u0412\u041e\u0414\u0418\u041c \u041a\u0410\u0427\u0415\u0421\u0422\u0412\u041e, \u041a\u041e\u0422\u041e\u0420\u041e\u0415 \u0418\u041c\u0415\u0415\u0422 \u041e\u0421\u041e\u0411\u042b\u0419 \u0412\u0415\u0421\",\"publisher\":{\"@id\":\"https:\/\/ptmsrl.com\/#organization\"},\"potentialAction\":[{\"@type\":\"SearchAction\",\"target\":{\"@type\":\"EntryPoint\",\"urlTemplate\":\"https:\/\/ptmsrl.com\/?s={search_term_string}\"},\"query-input\":{\"@type\":\"PropertyValueSpecification\",\"valueRequired\":true,\"valueName\":\"search_term_string\"}}],\"inLanguage\":\"es\"},{\"@type\":\"Organization\",\"@id\":\"https:\/\/ptmsrl.com\/#organization\",\"name\":\"PTM srl\",\"url\":\"https:\/\/ptmsrl.com\/\",\"logo\":{\"@type\":\"ImageObject\",\"inLanguage\":\"es\",\"@id\":\"https:\/\/ptmsrl.com\/#\/schema\/logo\/image\/\",\"url\":\"https:\/\/ptmsrl.com\/wp-content\/uploads\/2018\/10\/LOGO-PTM.png\",\"contentUrl\":\"https:\/\/ptmsrl.com\/wp-content\/uploads\/2018\/10\/LOGO-PTM.png\",\"width\":1000,\"height\":500,\"caption\":\"PTM srl\"},\"image\":{\"@id\":\"https:\/\/ptmsrl.com\/#\/schema\/logo\/image\/\"},\"sameAs\":[\"https:\/\/www.facebook.com\/believingintechnology\/\",\"https:\/\/x.com\/ptm\",\"https:\/\/www.linkedin.com\/company\/ptm-s-r-l\/\",\"https:\/\/www.youtube.com\/channel\/UCPSOS0MaR-4jDkAD3HkAC7A\"]}]}<\/script>\n<!-- \/ Yoast SEO plugin. -->","yoast_head_json":{"title":"PTM Srl | CONTROL DATA","robots":{"index":"index","follow":"follow","max-snippet":"max-snippet:-1","max-image-preview":"max-image-preview:large","max-video-preview":"max-video-preview:-1"},"canonical":"https:\/\/ptmsrl.com\/es\/prodotto\/control-data\/","og_locale":"es_ES","og_type":"article","og_title":"PTM Srl | CONTROL DATA","og_description":"Software en nube que permite la transferencia y descarga de datos.","og_url":"https:\/\/ptmsrl.com\/es\/prodotto\/control-data\/","og_site_name":"PTM Srl","article_publisher":"https:\/\/www.facebook.com\/believingintechnology\/","article_modified_time":"2023-07-27T16:13:13+00:00","og_image":[{"width":617,"height":600,"url":"https:\/\/ptmsrl.com\/wp-content\/uploads\/2023\/07\/ptm-control-data.jpg","type":"image\/jpeg"}],"twitter_card":"summary_large_image","twitter_site":"@ptm","twitter_misc":{"Tiempo de lectura":"1 minuto"},"schema":{"@context":"https:\/\/schema.org","@graph":[{"@type":"WebPage","@id":"https:\/\/ptmsrl.com\/es\/prodotto\/control-data\/","url":"https:\/\/ptmsrl.com\/es\/prodotto\/control-data\/","name":"PTM Srl | CONTROL DATA","isPartOf":{"@id":"https:\/\/ptmsrl.com\/#website"},"primaryImageOfPage":{"@id":"https:\/\/ptmsrl.com\/es\/prodotto\/control-data\/#primaryimage"},"image":{"@id":"https:\/\/ptmsrl.com\/es\/prodotto\/control-data\/#primaryimage"},"thumbnailUrl":"https:\/\/ptmsrl.com\/wp-content\/uploads\/2023\/07\/ptm-control-data.jpg","datePublished":"2023-07-27T16:00:02+00:00","dateModified":"2023-07-27T16:13:13+00:00","breadcrumb":{"@id":"https:\/\/ptmsrl.com\/es\/prodotto\/control-data\/#breadcrumb"},"inLanguage":"es","potentialAction":[{"@type":"ReadAction","target":["https:\/\/ptmsrl.com\/es\/prodotto\/control-data\/"]}]},{"@type":"ImageObject","inLanguage":"es","@id":"https:\/\/ptmsrl.com\/es\/prodotto\/control-data\/#primaryimage","url":"https:\/\/ptmsrl.com\/wp-content\/uploads\/2023\/07\/ptm-control-data.jpg","contentUrl":"https:\/\/ptmsrl.com\/wp-content\/uploads\/2023\/07\/ptm-control-data.jpg","width":617,"height":600,"caption":"ptm-control-data"},{"@type":"BreadcrumbList","@id":"https:\/\/ptmsrl.com\/es\/prodotto\/control-data\/#breadcrumb","itemListElement":[{"@type":"ListItem","position":1,"name":"Home","item":"https:\/\/ptmsrl.com\/es\/"},{"@type":"ListItem","position":2,"name":"Shop","item":"https:\/\/ptmsrl.com\/shop\/"},{"@type":"ListItem","position":3,"name":"CONTROL DATA"}]},{"@type":"WebSite","@id":"https:\/\/ptmsrl.com\/#website","url":"https:\/\/ptmsrl.com\/","name":"PTM Srl","description":"\u041c\u042b \u041f\u0420\u041e\u0418\u0417\u0412\u041e\u0414\u0418\u041c \u041a\u0410\u0427\u0415\u0421\u0422\u0412\u041e, \u041a\u041e\u0422\u041e\u0420\u041e\u0415 \u0418\u041c\u0415\u0415\u0422 \u041e\u0421\u041e\u0411\u042b\u0419 \u0412\u0415\u0421","publisher":{"@id":"https:\/\/ptmsrl.com\/#organization"},"potentialAction":[{"@type":"SearchAction","target":{"@type":"EntryPoint","urlTemplate":"https:\/\/ptmsrl.com\/?s={search_term_string}"},"query-input":{"@type":"PropertyValueSpecification","valueRequired":true,"valueName":"search_term_string"}}],"inLanguage":"es"},{"@type":"Organization","@id":"https:\/\/ptmsrl.com\/#organization","name":"PTM srl","url":"https:\/\/ptmsrl.com\/","logo":{"@type":"ImageObject","inLanguage":"es","@id":"https:\/\/ptmsrl.com\/#\/schema\/logo\/image\/","url":"https:\/\/ptmsrl.com\/wp-content\/uploads\/2018\/10\/LOGO-PTM.png","contentUrl":"https:\/\/ptmsrl.com\/wp-content\/uploads\/2018\/10\/LOGO-PTM.png","width":1000,"height":500,"caption":"PTM srl"},"image":{"@id":"https:\/\/ptmsrl.com\/#\/schema\/logo\/image\/"},"sameAs":["https:\/\/www.facebook.com\/believingintechnology\/","https:\/\/x.com\/ptm","https:\/\/www.linkedin.com\/company\/ptm-s-r-l\/","https:\/\/www.youtube.com\/channel\/UCPSOS0MaR-4jDkAD3HkAC7A"]}]}},"_links":{"self":[{"href":"https:\/\/ptmsrl.com\/es\/wp-json\/wp\/v2\/product\/22569","targetHints":{"allow":["GET"]}}],"collection":[{"href":"https:\/\/ptmsrl.com\/es\/wp-json\/wp\/v2\/product"}],"about":[{"href":"https:\/\/ptmsrl.com\/es\/wp-json\/wp\/v2\/types\/product"}],"wp:featuredmedia":[{"embeddable":true,"href":"https:\/\/ptmsrl.com\/es\/wp-json\/wp\/v2\/media\/22579"}],"wp:attachment":[{"href":"https:\/\/ptmsrl.com\/es\/wp-json\/wp\/v2\/media?parent=22569"}],"wp:term":[{"taxonomy":"product_brand","embeddable":true,"href":"https:\/\/ptmsrl.com\/es\/wp-json\/wp\/v2\/product_brand?post=22569"},{"taxonomy":"product_cat","embeddable":true,"href":"https:\/\/ptmsrl.com\/es\/wp-json\/wp\/v2\/product_cat?post=22569"},{"taxonomy":"product_tag","embeddable":true,"href":"https:\/\/ptmsrl.com\/es\/wp-json\/wp\/v2\/product_tag?post=22569"}],"curies":[{"name":"wp","href":"https:\/\/api.w.org\/{rel}","templated":true}]}}