{"id":25357,"date":"2024-09-23T12:06:49","date_gmt":"2024-09-23T10:06:50","guid":{"rendered":"https:\/\/ptmsrl.com\/?post_type=product&#038;p=25357"},"modified":"2024-09-25T17:19:03","modified_gmt":"2024-09-25T15:19:03","slug":"twin-tac-300-series","status":"publish","type":"product","link":"https:\/\/ptmsrl.com\/es\/prodotto\/twin-tac-300-series\/","title":{"rendered":"Twin Tac 300 Series"},"content":{"rendered":"<ul>\n<li>Peso Total<\/li>\n<li>Peso parcial<\/li>\n<li>Unidad de medida en piezas en lugar de kilogramos<\/li>\n<li>Alarma<\/li>\n<\/ul>\n","protected":false},"excerpt":{"rendered":"<h3>La TWIN TAC SERIE 300 es una unidad de control con funciones de b\u00e1scula cuentapiezas\/cuentaanimales, con dos secciones diferenciadas P1 y P2, que pueden funcionar de forma independiente.<br \/>\nLa centralita est\u00e1 equipada con una pantalla gr\u00e1fica que muestra todas las funciones disponibles y permite realizar las calibraciones iniciales y seguir todas las operaciones de pesaje.<\/h3>\n<p>Despu\u00e9s de asociar una cantidad de piezas con el peso detectado, el sistema utiliza las piezas en lugar del peso como unidad de medida.<br \/>\nEn el MODO PESAJE se posiciona el contenedor de objetos vac\u00edo.<br \/>\nLa tara se pone a cero y el n\u00famero de objetos que forman el peso de la muestra se carga en el contenedor.<br \/>\nPulsando la tecla \u201cM1 o M2\u201d en la unidad de control se confirma el n\u00famero 100 que normalmente se muestra como n\u00famero de muestra.<br \/>\nDespu\u00e9s de cada carga podremos decidir si parar y cambiar de estaci\u00f3n, continuar con la misma o parar con el bot\u00f3n de parada.<\/p>\n","protected":false},"featured_media":25369,"template":"","meta":{"inline_featured_image":false},"product_brand":[],"product_cat":[234],"product_tag":[],"class_list":{"0":"post-25357","1":"product","2":"type-product","3":"status-publish","4":"has-post-thumbnail","6":"product_cat-soluciones-personalizadas","8":"first","9":"instock","10":"downloadable","11":"shipping-taxable","12":"product-type-simple"},"yoast_head":"<!-- This site is optimized with the Yoast SEO plugin v25.3 - https:\/\/yoast.com\/wordpress\/plugins\/seo\/ -->\n<title>PTM Srl | Twin Tac 300 Series<\/title>\n<meta name=\"robots\" content=\"index, follow, max-snippet:-1, max-image-preview:large, max-video-preview:-1\" \/>\n<link rel=\"canonical\" href=\"https:\/\/ptmsrl.com\/es\/prodotto\/twin-tac-300-series\/\" \/>\n<meta property=\"og:locale\" content=\"es_ES\" \/>\n<meta property=\"og:type\" content=\"article\" \/>\n<meta property=\"og:title\" content=\"PTM Srl | Twin Tac 300 Series\" \/>\n<meta property=\"og:description\" content=\"La TWIN TAC SERIE 300 es una unidad de control con funciones de b\u00e1scula cuentapiezas\/cuentaanimales, con dos secciones diferenciadas P1 y P2, que pueden funcionar de forma independiente. La centralita est\u00e1 equipada con una pantalla gr\u00e1fica que muestra todas las funciones disponibles y permite realizar las calibraciones iniciales y seguir todas las operaciones de pesaje. Despu\u00e9s de asociar una cantidad de piezas con el peso detectado, el sistema utiliza las piezas en lugar del peso como unidad de medida. En el MODO PESAJE se posiciona el contenedor de objetos vac\u00edo. La tara se pone a cero y el n\u00famero de objetos que forman el peso de la muestra se carga en el contenedor. Pulsando la tecla \u201cM1 o M2\u201d en la unidad de control se confirma el n\u00famero 100 que normalmente se muestra como n\u00famero de muestra. Despu\u00e9s de cada carga podremos decidir si parar y cambiar de estaci\u00f3n, continuar con la misma o parar con el bot\u00f3n de parada.\" \/>\n<meta property=\"og:url\" content=\"https:\/\/ptmsrl.com\/es\/prodotto\/twin-tac-300-series\/\" \/>\n<meta property=\"og:site_name\" content=\"PTM Srl\" \/>\n<meta property=\"article:publisher\" content=\"https:\/\/www.facebook.com\/believingintechnology\/\" \/>\n<meta property=\"article:modified_time\" content=\"2024-09-25T15:19:03+00:00\" \/>\n<meta property=\"og:image\" content=\"https:\/\/ptmsrl.com\/wp-content\/uploads\/2024\/09\/PTM-TWIN-TAC-300-SERIES-Centralina-soluzioni-custom.jpg\" \/>\n\t<meta property=\"og:image:width\" content=\"800\" \/>\n\t<meta property=\"og:image:height\" content=\"800\" \/>\n\t<meta property=\"og:image:type\" content=\"image\/jpeg\" \/>\n<meta name=\"twitter:card\" content=\"summary_large_image\" \/>\n<meta name=\"twitter:site\" content=\"@ptm\" \/>\n<meta name=\"twitter:label1\" content=\"Tiempo de lectura\" \/>\n\t<meta name=\"twitter:data1\" content=\"1 minuto\" \/>\n<script type=\"application\/ld+json\" class=\"yoast-schema-graph\">{\"@context\":\"https:\/\/schema.org\",\"@graph\":[{\"@type\":\"WebPage\",\"@id\":\"https:\/\/ptmsrl.com\/es\/prodotto\/twin-tac-300-series\/\",\"url\":\"https:\/\/ptmsrl.com\/es\/prodotto\/twin-tac-300-series\/\",\"name\":\"PTM Srl | Twin Tac 300 Series\",\"isPartOf\":{\"@id\":\"https:\/\/ptmsrl.com\/#website\"},\"primaryImageOfPage\":{\"@id\":\"https:\/\/ptmsrl.com\/es\/prodotto\/twin-tac-300-series\/#primaryimage\"},\"image\":{\"@id\":\"https:\/\/ptmsrl.com\/es\/prodotto\/twin-tac-300-series\/#primaryimage\"},\"thumbnailUrl\":\"https:\/\/ptmsrl.com\/wp-content\/uploads\/2024\/09\/PTM-TWIN-TAC-300-SERIES-Centralina-soluzioni-custom.jpg\",\"datePublished\":\"2024-09-23T10:06:50+00:00\",\"dateModified\":\"2024-09-25T15:19:03+00:00\",\"breadcrumb\":{\"@id\":\"https:\/\/ptmsrl.com\/es\/prodotto\/twin-tac-300-series\/#breadcrumb\"},\"inLanguage\":\"es\",\"potentialAction\":[{\"@type\":\"ReadAction\",\"target\":[\"https:\/\/ptmsrl.com\/es\/prodotto\/twin-tac-300-series\/\"]}]},{\"@type\":\"ImageObject\",\"inLanguage\":\"es\",\"@id\":\"https:\/\/ptmsrl.com\/es\/prodotto\/twin-tac-300-series\/#primaryimage\",\"url\":\"https:\/\/ptmsrl.com\/wp-content\/uploads\/2024\/09\/PTM-TWIN-TAC-300-SERIES-Centralina-soluzioni-custom.jpg\",\"contentUrl\":\"https:\/\/ptmsrl.com\/wp-content\/uploads\/2024\/09\/PTM-TWIN-TAC-300-SERIES-Centralina-soluzioni-custom.jpg\",\"width\":800,\"height\":800},{\"@type\":\"BreadcrumbList\",\"@id\":\"https:\/\/ptmsrl.com\/es\/prodotto\/twin-tac-300-series\/#breadcrumb\",\"itemListElement\":[{\"@type\":\"ListItem\",\"position\":1,\"name\":\"Home\",\"item\":\"https:\/\/ptmsrl.com\/es\/\"},{\"@type\":\"ListItem\",\"position\":2,\"name\":\"Shop\",\"item\":\"https:\/\/ptmsrl.com\/shop\/\"},{\"@type\":\"ListItem\",\"position\":3,\"name\":\"Twin Tac 300 Series\"}]},{\"@type\":\"WebSite\",\"@id\":\"https:\/\/ptmsrl.com\/#website\",\"url\":\"https:\/\/ptmsrl.com\/\",\"name\":\"PTM Srl\",\"description\":\"\u041c\u042b \u041f\u0420\u041e\u0418\u0417\u0412\u041e\u0414\u0418\u041c \u041a\u0410\u0427\u0415\u0421\u0422\u0412\u041e, \u041a\u041e\u0422\u041e\u0420\u041e\u0415 \u0418\u041c\u0415\u0415\u0422 \u041e\u0421\u041e\u0411\u042b\u0419 \u0412\u0415\u0421\",\"publisher\":{\"@id\":\"https:\/\/ptmsrl.com\/#organization\"},\"potentialAction\":[{\"@type\":\"SearchAction\",\"target\":{\"@type\":\"EntryPoint\",\"urlTemplate\":\"https:\/\/ptmsrl.com\/?s={search_term_string}\"},\"query-input\":{\"@type\":\"PropertyValueSpecification\",\"valueRequired\":true,\"valueName\":\"search_term_string\"}}],\"inLanguage\":\"es\"},{\"@type\":\"Organization\",\"@id\":\"https:\/\/ptmsrl.com\/#organization\",\"name\":\"PTM srl\",\"url\":\"https:\/\/ptmsrl.com\/\",\"logo\":{\"@type\":\"ImageObject\",\"inLanguage\":\"es\",\"@id\":\"https:\/\/ptmsrl.com\/#\/schema\/logo\/image\/\",\"url\":\"https:\/\/ptmsrl.com\/wp-content\/uploads\/2018\/10\/LOGO-PTM.png\",\"contentUrl\":\"https:\/\/ptmsrl.com\/wp-content\/uploads\/2018\/10\/LOGO-PTM.png\",\"width\":1000,\"height\":500,\"caption\":\"PTM srl\"},\"image\":{\"@id\":\"https:\/\/ptmsrl.com\/#\/schema\/logo\/image\/\"},\"sameAs\":[\"https:\/\/www.facebook.com\/believingintechnology\/\",\"https:\/\/x.com\/ptm\",\"https:\/\/www.linkedin.com\/company\/ptm-s-r-l\/\",\"https:\/\/www.youtube.com\/channel\/UCPSOS0MaR-4jDkAD3HkAC7A\"]}]}<\/script>\n<!-- \/ Yoast SEO plugin. -->","yoast_head_json":{"title":"PTM Srl | Twin Tac 300 Series","robots":{"index":"index","follow":"follow","max-snippet":"max-snippet:-1","max-image-preview":"max-image-preview:large","max-video-preview":"max-video-preview:-1"},"canonical":"https:\/\/ptmsrl.com\/es\/prodotto\/twin-tac-300-series\/","og_locale":"es_ES","og_type":"article","og_title":"PTM Srl | Twin Tac 300 Series","og_description":"La TWIN TAC SERIE 300 es una unidad de control con funciones de b\u00e1scula cuentapiezas\/cuentaanimales, con dos secciones diferenciadas P1 y P2, que pueden funcionar de forma independiente. La centralita est\u00e1 equipada con una pantalla gr\u00e1fica que muestra todas las funciones disponibles y permite realizar las calibraciones iniciales y seguir todas las operaciones de pesaje. Despu\u00e9s de asociar una cantidad de piezas con el peso detectado, el sistema utiliza las piezas en lugar del peso como unidad de medida. En el MODO PESAJE se posiciona el contenedor de objetos vac\u00edo. La tara se pone a cero y el n\u00famero de objetos que forman el peso de la muestra se carga en el contenedor. Pulsando la tecla \u201cM1 o M2\u201d en la unidad de control se confirma el n\u00famero 100 que normalmente se muestra como n\u00famero de muestra. Despu\u00e9s de cada carga podremos decidir si parar y cambiar de estaci\u00f3n, continuar con la misma o parar con el bot\u00f3n de parada.","og_url":"https:\/\/ptmsrl.com\/es\/prodotto\/twin-tac-300-series\/","og_site_name":"PTM Srl","article_publisher":"https:\/\/www.facebook.com\/believingintechnology\/","article_modified_time":"2024-09-25T15:19:03+00:00","og_image":[{"width":800,"height":800,"url":"https:\/\/ptmsrl.com\/wp-content\/uploads\/2024\/09\/PTM-TWIN-TAC-300-SERIES-Centralina-soluzioni-custom.jpg","type":"image\/jpeg"}],"twitter_card":"summary_large_image","twitter_site":"@ptm","twitter_misc":{"Tiempo de lectura":"1 minuto"},"schema":{"@context":"https:\/\/schema.org","@graph":[{"@type":"WebPage","@id":"https:\/\/ptmsrl.com\/es\/prodotto\/twin-tac-300-series\/","url":"https:\/\/ptmsrl.com\/es\/prodotto\/twin-tac-300-series\/","name":"PTM Srl | Twin Tac 300 Series","isPartOf":{"@id":"https:\/\/ptmsrl.com\/#website"},"primaryImageOfPage":{"@id":"https:\/\/ptmsrl.com\/es\/prodotto\/twin-tac-300-series\/#primaryimage"},"image":{"@id":"https:\/\/ptmsrl.com\/es\/prodotto\/twin-tac-300-series\/#primaryimage"},"thumbnailUrl":"https:\/\/ptmsrl.com\/wp-content\/uploads\/2024\/09\/PTM-TWIN-TAC-300-SERIES-Centralina-soluzioni-custom.jpg","datePublished":"2024-09-23T10:06:50+00:00","dateModified":"2024-09-25T15:19:03+00:00","breadcrumb":{"@id":"https:\/\/ptmsrl.com\/es\/prodotto\/twin-tac-300-series\/#breadcrumb"},"inLanguage":"es","potentialAction":[{"@type":"ReadAction","target":["https:\/\/ptmsrl.com\/es\/prodotto\/twin-tac-300-series\/"]}]},{"@type":"ImageObject","inLanguage":"es","@id":"https:\/\/ptmsrl.com\/es\/prodotto\/twin-tac-300-series\/#primaryimage","url":"https:\/\/ptmsrl.com\/wp-content\/uploads\/2024\/09\/PTM-TWIN-TAC-300-SERIES-Centralina-soluzioni-custom.jpg","contentUrl":"https:\/\/ptmsrl.com\/wp-content\/uploads\/2024\/09\/PTM-TWIN-TAC-300-SERIES-Centralina-soluzioni-custom.jpg","width":800,"height":800},{"@type":"BreadcrumbList","@id":"https:\/\/ptmsrl.com\/es\/prodotto\/twin-tac-300-series\/#breadcrumb","itemListElement":[{"@type":"ListItem","position":1,"name":"Home","item":"https:\/\/ptmsrl.com\/es\/"},{"@type":"ListItem","position":2,"name":"Shop","item":"https:\/\/ptmsrl.com\/shop\/"},{"@type":"ListItem","position":3,"name":"Twin Tac 300 Series"}]},{"@type":"WebSite","@id":"https:\/\/ptmsrl.com\/#website","url":"https:\/\/ptmsrl.com\/","name":"PTM Srl","description":"\u041c\u042b \u041f\u0420\u041e\u0418\u0417\u0412\u041e\u0414\u0418\u041c \u041a\u0410\u0427\u0415\u0421\u0422\u0412\u041e, \u041a\u041e\u0422\u041e\u0420\u041e\u0415 \u0418\u041c\u0415\u0415\u0422 \u041e\u0421\u041e\u0411\u042b\u0419 \u0412\u0415\u0421","publisher":{"@id":"https:\/\/ptmsrl.com\/#organization"},"potentialAction":[{"@type":"SearchAction","target":{"@type":"EntryPoint","urlTemplate":"https:\/\/ptmsrl.com\/?s={search_term_string}"},"query-input":{"@type":"PropertyValueSpecification","valueRequired":true,"valueName":"search_term_string"}}],"inLanguage":"es"},{"@type":"Organization","@id":"https:\/\/ptmsrl.com\/#organization","name":"PTM srl","url":"https:\/\/ptmsrl.com\/","logo":{"@type":"ImageObject","inLanguage":"es","@id":"https:\/\/ptmsrl.com\/#\/schema\/logo\/image\/","url":"https:\/\/ptmsrl.com\/wp-content\/uploads\/2018\/10\/LOGO-PTM.png","contentUrl":"https:\/\/ptmsrl.com\/wp-content\/uploads\/2018\/10\/LOGO-PTM.png","width":1000,"height":500,"caption":"PTM srl"},"image":{"@id":"https:\/\/ptmsrl.com\/#\/schema\/logo\/image\/"},"sameAs":["https:\/\/www.facebook.com\/believingintechnology\/","https:\/\/x.com\/ptm","https:\/\/www.linkedin.com\/company\/ptm-s-r-l\/","https:\/\/www.youtube.com\/channel\/UCPSOS0MaR-4jDkAD3HkAC7A"]}]}},"_links":{"self":[{"href":"https:\/\/ptmsrl.com\/es\/wp-json\/wp\/v2\/product\/25357","targetHints":{"allow":["GET"]}}],"collection":[{"href":"https:\/\/ptmsrl.com\/es\/wp-json\/wp\/v2\/product"}],"about":[{"href":"https:\/\/ptmsrl.com\/es\/wp-json\/wp\/v2\/types\/product"}],"wp:featuredmedia":[{"embeddable":true,"href":"https:\/\/ptmsrl.com\/es\/wp-json\/wp\/v2\/media\/25369"}],"wp:attachment":[{"href":"https:\/\/ptmsrl.com\/es\/wp-json\/wp\/v2\/media?parent=25357"}],"wp:term":[{"taxonomy":"product_brand","embeddable":true,"href":"https:\/\/ptmsrl.com\/es\/wp-json\/wp\/v2\/product_brand?post=25357"},{"taxonomy":"product_cat","embeddable":true,"href":"https:\/\/ptmsrl.com\/es\/wp-json\/wp\/v2\/product_cat?post=25357"},{"taxonomy":"product_tag","embeddable":true,"href":"https:\/\/ptmsrl.com\/es\/wp-json\/wp\/v2\/product_tag?post=25357"}],"curies":[{"name":"wp","href":"https:\/\/api.w.org\/{rel}","templated":true}]}}