{"id":27352,"date":"2026-03-23T09:56:54","date_gmt":"2026-03-23T08:56:54","guid":{"rendered":"https:\/\/ptmsrl.com\/?post_type=product&#038;p=27352"},"modified":"2026-03-23T11:47:08","modified_gmt":"2026-03-23T10:47:08","slug":"advance-iso-feed","status":"publish","type":"product","link":"https:\/\/ptmsrl.com\/es\/prodotto\/advance-iso-feed\/","title":{"rendered":"Advance ISO FEED"},"content":{"rendered":"<ul>\n<li>Gr\u00e1fica intuitiva<\/li>\n<li>Teclado alfanum\u00e9rico de f\u00e1cil uso<\/li>\n<li>Sistema Multilink<\/li>\n<li>Protocolo ISOBUS<\/li>\n<\/ul>\n","protected":false},"excerpt":{"rendered":"<h2>Unidad electr\u00f3nica ISOBUS para carros mezcladores unifeed.<\/h2>\n<h3><strong>La unidad ISO FEED est\u00e1 optimizada para la gesti\u00f3n de las operaciones de carga y descarga de los carros mezcladores unifeed equipados con sistema ISOBUS.<\/strong><\/h3>\n<p>Esta electr\u00f3nica permite programar y gestionar hasta 144 raciones, con un m\u00e1ximo de 96 componentes, de los cuales 28 por cada raci\u00f3n. Est\u00e1 equipada con una pantalla gr\u00e1fica de 5,7 pulgadas y un teclado de f\u00e1cil uso. Gracias a un men\u00fa de navegaci\u00f3n intuitivo, la programaci\u00f3n y la ejecuci\u00f3n de las raciones se vuelven operaciones simples e inmediatas. La unidad puede integrarse con PTM Management.<\/p>\n<p>A trav\u00e9s del sistema de conexi\u00f3n de perif\u00e9ricos \u201cPTM Multilink\u201d es posible conectar simult\u00e1neamente diferentes opcionales (ej. impresora, AV45, AV75, AV85, tarjetas rel\u00e9 adicionales para la gesti\u00f3n del topcut, mezclador, etc.). La unidad dispone de contactos dorados, conector para la conexi\u00f3n de opcionales, carcasa de aluminio, protecci\u00f3n contra inversi\u00f3n de polaridad y sobrecorrientes con fusibles autorrearmables.<\/p>\n","protected":false},"featured_media":27362,"template":"","meta":{"inline_featured_image":false},"product_brand":[],"product_cat":[212],"product_tag":[],"class_list":{"0":"post-27352","1":"product","2":"type-product","3":"status-publish","4":"has-post-thumbnail","6":"product_cat-linea-advance-es","8":"first","9":"instock","10":"downloadable","11":"shipping-taxable","12":"product-type-simple"},"yoast_head":"<!-- This site is optimized with the Yoast SEO plugin v25.3 - https:\/\/yoast.com\/wordpress\/plugins\/seo\/ -->\n<title>PTM Srl | Advance ISO FEED<\/title>\n<meta name=\"robots\" content=\"index, follow, max-snippet:-1, max-image-preview:large, max-video-preview:-1\" \/>\n<link rel=\"canonical\" href=\"https:\/\/ptmsrl.com\/es\/prodotto\/advance-iso-feed\/\" \/>\n<meta property=\"og:locale\" content=\"es_ES\" \/>\n<meta property=\"og:type\" content=\"article\" \/>\n<meta property=\"og:title\" content=\"PTM Srl | Advance ISO FEED\" \/>\n<meta property=\"og:description\" content=\"Unidad electr\u00f3nica ISOBUS para carros mezcladores unifeed. La unidad ISO FEED est\u00e1 optimizada para la gesti\u00f3n de las operaciones de carga y descarga de los carros mezcladores unifeed equipados con sistema ISOBUS. Esta electr\u00f3nica permite programar y gestionar hasta 144 raciones, con un m\u00e1ximo de 96 componentes, de los cuales 28 por cada raci\u00f3n. Est\u00e1 equipada con una pantalla gr\u00e1fica de 5,7 pulgadas y un teclado de f\u00e1cil uso. Gracias a un men\u00fa de navegaci\u00f3n intuitivo, la programaci\u00f3n y la ejecuci\u00f3n de las raciones se vuelven operaciones simples e inmediatas. La unidad puede integrarse con PTM Management.  A trav\u00e9s del sistema de conexi\u00f3n de perif\u00e9ricos \u201cPTM Multilink\u201d es posible conectar simult\u00e1neamente diferentes opcionales (ej. impresora, AV45, AV75, AV85, tarjetas rel\u00e9 adicionales para la gesti\u00f3n del topcut, mezclador, etc.). La unidad dispone de contactos dorados, conector para la conexi\u00f3n de opcionales, carcasa de aluminio, protecci\u00f3n contra inversi\u00f3n de polaridad y sobrecorrientes con fusibles autorrearmables.\" \/>\n<meta property=\"og:url\" content=\"https:\/\/ptmsrl.com\/es\/prodotto\/advance-iso-feed\/\" \/>\n<meta property=\"og:site_name\" content=\"PTM Srl\" \/>\n<meta property=\"article:publisher\" content=\"https:\/\/www.facebook.com\/believingintechnology\/\" \/>\n<meta property=\"article:modified_time\" content=\"2026-03-23T10:47:08+00:00\" \/>\n<meta property=\"og:image\" content=\"https:\/\/ptmsrl.com\/wp-content\/uploads\/2026\/03\/advance-iso-feed-ptm-srl-isobus.jpg\" \/>\n\t<meta property=\"og:image:width\" content=\"1024\" \/>\n\t<meta property=\"og:image:height\" content=\"1024\" \/>\n\t<meta property=\"og:image:type\" content=\"image\/jpeg\" \/>\n<meta name=\"twitter:card\" content=\"summary_large_image\" \/>\n<meta name=\"twitter:site\" content=\"@ptm\" \/>\n<meta name=\"twitter:label1\" content=\"Tiempo de lectura\" \/>\n\t<meta name=\"twitter:data1\" content=\"1 minuto\" \/>\n<script type=\"application\/ld+json\" class=\"yoast-schema-graph\">{\"@context\":\"https:\/\/schema.org\",\"@graph\":[{\"@type\":\"WebPage\",\"@id\":\"https:\/\/ptmsrl.com\/es\/prodotto\/advance-iso-feed\/\",\"url\":\"https:\/\/ptmsrl.com\/es\/prodotto\/advance-iso-feed\/\",\"name\":\"PTM Srl | Advance ISO FEED\",\"isPartOf\":{\"@id\":\"https:\/\/ptmsrl.com\/#website\"},\"primaryImageOfPage\":{\"@id\":\"https:\/\/ptmsrl.com\/es\/prodotto\/advance-iso-feed\/#primaryimage\"},\"image\":{\"@id\":\"https:\/\/ptmsrl.com\/es\/prodotto\/advance-iso-feed\/#primaryimage\"},\"thumbnailUrl\":\"https:\/\/ptmsrl.com\/wp-content\/uploads\/2026\/03\/advance-iso-feed-ptm-srl-isobus.jpg\",\"datePublished\":\"2026-03-23T08:56:54+00:00\",\"dateModified\":\"2026-03-23T10:47:08+00:00\",\"breadcrumb\":{\"@id\":\"https:\/\/ptmsrl.com\/es\/prodotto\/advance-iso-feed\/#breadcrumb\"},\"inLanguage\":\"es\",\"potentialAction\":[{\"@type\":\"ReadAction\",\"target\":[\"https:\/\/ptmsrl.com\/es\/prodotto\/advance-iso-feed\/\"]}]},{\"@type\":\"ImageObject\",\"inLanguage\":\"es\",\"@id\":\"https:\/\/ptmsrl.com\/es\/prodotto\/advance-iso-feed\/#primaryimage\",\"url\":\"https:\/\/ptmsrl.com\/wp-content\/uploads\/2026\/03\/advance-iso-feed-ptm-srl-isobus.jpg\",\"contentUrl\":\"https:\/\/ptmsrl.com\/wp-content\/uploads\/2026\/03\/advance-iso-feed-ptm-srl-isobus.jpg\",\"width\":1024,\"height\":1024},{\"@type\":\"BreadcrumbList\",\"@id\":\"https:\/\/ptmsrl.com\/es\/prodotto\/advance-iso-feed\/#breadcrumb\",\"itemListElement\":[{\"@type\":\"ListItem\",\"position\":1,\"name\":\"Home\",\"item\":\"https:\/\/ptmsrl.com\/es\/\"},{\"@type\":\"ListItem\",\"position\":2,\"name\":\"Shop\",\"item\":\"https:\/\/ptmsrl.com\/shop\/\"},{\"@type\":\"ListItem\",\"position\":3,\"name\":\"Advance ISO FEED\"}]},{\"@type\":\"WebSite\",\"@id\":\"https:\/\/ptmsrl.com\/#website\",\"url\":\"https:\/\/ptmsrl.com\/\",\"name\":\"PTM Srl\",\"description\":\"\u041c\u042b \u041f\u0420\u041e\u0418\u0417\u0412\u041e\u0414\u0418\u041c \u041a\u0410\u0427\u0415\u0421\u0422\u0412\u041e, \u041a\u041e\u0422\u041e\u0420\u041e\u0415 \u0418\u041c\u0415\u0415\u0422 \u041e\u0421\u041e\u0411\u042b\u0419 \u0412\u0415\u0421\",\"publisher\":{\"@id\":\"https:\/\/ptmsrl.com\/#organization\"},\"potentialAction\":[{\"@type\":\"SearchAction\",\"target\":{\"@type\":\"EntryPoint\",\"urlTemplate\":\"https:\/\/ptmsrl.com\/?s={search_term_string}\"},\"query-input\":{\"@type\":\"PropertyValueSpecification\",\"valueRequired\":true,\"valueName\":\"search_term_string\"}}],\"inLanguage\":\"es\"},{\"@type\":\"Organization\",\"@id\":\"https:\/\/ptmsrl.com\/#organization\",\"name\":\"PTM srl\",\"url\":\"https:\/\/ptmsrl.com\/\",\"logo\":{\"@type\":\"ImageObject\",\"inLanguage\":\"es\",\"@id\":\"https:\/\/ptmsrl.com\/#\/schema\/logo\/image\/\",\"url\":\"https:\/\/ptmsrl.com\/wp-content\/uploads\/2018\/10\/LOGO-PTM.png\",\"contentUrl\":\"https:\/\/ptmsrl.com\/wp-content\/uploads\/2018\/10\/LOGO-PTM.png\",\"width\":1000,\"height\":500,\"caption\":\"PTM srl\"},\"image\":{\"@id\":\"https:\/\/ptmsrl.com\/#\/schema\/logo\/image\/\"},\"sameAs\":[\"https:\/\/www.facebook.com\/believingintechnology\/\",\"https:\/\/x.com\/ptm\",\"https:\/\/www.linkedin.com\/company\/ptm-s-r-l\/\",\"https:\/\/www.youtube.com\/channel\/UCPSOS0MaR-4jDkAD3HkAC7A\"]}]}<\/script>\n<!-- \/ Yoast SEO plugin. -->","yoast_head_json":{"title":"PTM Srl | Advance ISO FEED","robots":{"index":"index","follow":"follow","max-snippet":"max-snippet:-1","max-image-preview":"max-image-preview:large","max-video-preview":"max-video-preview:-1"},"canonical":"https:\/\/ptmsrl.com\/es\/prodotto\/advance-iso-feed\/","og_locale":"es_ES","og_type":"article","og_title":"PTM Srl | Advance ISO FEED","og_description":"Unidad electr\u00f3nica ISOBUS para carros mezcladores unifeed. La unidad ISO FEED est\u00e1 optimizada para la gesti\u00f3n de las operaciones de carga y descarga de los carros mezcladores unifeed equipados con sistema ISOBUS. Esta electr\u00f3nica permite programar y gestionar hasta 144 raciones, con un m\u00e1ximo de 96 componentes, de los cuales 28 por cada raci\u00f3n. Est\u00e1 equipada con una pantalla gr\u00e1fica de 5,7 pulgadas y un teclado de f\u00e1cil uso. Gracias a un men\u00fa de navegaci\u00f3n intuitivo, la programaci\u00f3n y la ejecuci\u00f3n de las raciones se vuelven operaciones simples e inmediatas. La unidad puede integrarse con PTM Management.  A trav\u00e9s del sistema de conexi\u00f3n de perif\u00e9ricos \u201cPTM Multilink\u201d es posible conectar simult\u00e1neamente diferentes opcionales (ej. impresora, AV45, AV75, AV85, tarjetas rel\u00e9 adicionales para la gesti\u00f3n del topcut, mezclador, etc.). La unidad dispone de contactos dorados, conector para la conexi\u00f3n de opcionales, carcasa de aluminio, protecci\u00f3n contra inversi\u00f3n de polaridad y sobrecorrientes con fusibles autorrearmables.","og_url":"https:\/\/ptmsrl.com\/es\/prodotto\/advance-iso-feed\/","og_site_name":"PTM Srl","article_publisher":"https:\/\/www.facebook.com\/believingintechnology\/","article_modified_time":"2026-03-23T10:47:08+00:00","og_image":[{"width":1024,"height":1024,"url":"https:\/\/ptmsrl.com\/wp-content\/uploads\/2026\/03\/advance-iso-feed-ptm-srl-isobus.jpg","type":"image\/jpeg"}],"twitter_card":"summary_large_image","twitter_site":"@ptm","twitter_misc":{"Tiempo de lectura":"1 minuto"},"schema":{"@context":"https:\/\/schema.org","@graph":[{"@type":"WebPage","@id":"https:\/\/ptmsrl.com\/es\/prodotto\/advance-iso-feed\/","url":"https:\/\/ptmsrl.com\/es\/prodotto\/advance-iso-feed\/","name":"PTM Srl | Advance ISO FEED","isPartOf":{"@id":"https:\/\/ptmsrl.com\/#website"},"primaryImageOfPage":{"@id":"https:\/\/ptmsrl.com\/es\/prodotto\/advance-iso-feed\/#primaryimage"},"image":{"@id":"https:\/\/ptmsrl.com\/es\/prodotto\/advance-iso-feed\/#primaryimage"},"thumbnailUrl":"https:\/\/ptmsrl.com\/wp-content\/uploads\/2026\/03\/advance-iso-feed-ptm-srl-isobus.jpg","datePublished":"2026-03-23T08:56:54+00:00","dateModified":"2026-03-23T10:47:08+00:00","breadcrumb":{"@id":"https:\/\/ptmsrl.com\/es\/prodotto\/advance-iso-feed\/#breadcrumb"},"inLanguage":"es","potentialAction":[{"@type":"ReadAction","target":["https:\/\/ptmsrl.com\/es\/prodotto\/advance-iso-feed\/"]}]},{"@type":"ImageObject","inLanguage":"es","@id":"https:\/\/ptmsrl.com\/es\/prodotto\/advance-iso-feed\/#primaryimage","url":"https:\/\/ptmsrl.com\/wp-content\/uploads\/2026\/03\/advance-iso-feed-ptm-srl-isobus.jpg","contentUrl":"https:\/\/ptmsrl.com\/wp-content\/uploads\/2026\/03\/advance-iso-feed-ptm-srl-isobus.jpg","width":1024,"height":1024},{"@type":"BreadcrumbList","@id":"https:\/\/ptmsrl.com\/es\/prodotto\/advance-iso-feed\/#breadcrumb","itemListElement":[{"@type":"ListItem","position":1,"name":"Home","item":"https:\/\/ptmsrl.com\/es\/"},{"@type":"ListItem","position":2,"name":"Shop","item":"https:\/\/ptmsrl.com\/shop\/"},{"@type":"ListItem","position":3,"name":"Advance ISO FEED"}]},{"@type":"WebSite","@id":"https:\/\/ptmsrl.com\/#website","url":"https:\/\/ptmsrl.com\/","name":"PTM Srl","description":"\u041c\u042b \u041f\u0420\u041e\u0418\u0417\u0412\u041e\u0414\u0418\u041c \u041a\u0410\u0427\u0415\u0421\u0422\u0412\u041e, \u041a\u041e\u0422\u041e\u0420\u041e\u0415 \u0418\u041c\u0415\u0415\u0422 \u041e\u0421\u041e\u0411\u042b\u0419 \u0412\u0415\u0421","publisher":{"@id":"https:\/\/ptmsrl.com\/#organization"},"potentialAction":[{"@type":"SearchAction","target":{"@type":"EntryPoint","urlTemplate":"https:\/\/ptmsrl.com\/?s={search_term_string}"},"query-input":{"@type":"PropertyValueSpecification","valueRequired":true,"valueName":"search_term_string"}}],"inLanguage":"es"},{"@type":"Organization","@id":"https:\/\/ptmsrl.com\/#organization","name":"PTM srl","url":"https:\/\/ptmsrl.com\/","logo":{"@type":"ImageObject","inLanguage":"es","@id":"https:\/\/ptmsrl.com\/#\/schema\/logo\/image\/","url":"https:\/\/ptmsrl.com\/wp-content\/uploads\/2018\/10\/LOGO-PTM.png","contentUrl":"https:\/\/ptmsrl.com\/wp-content\/uploads\/2018\/10\/LOGO-PTM.png","width":1000,"height":500,"caption":"PTM srl"},"image":{"@id":"https:\/\/ptmsrl.com\/#\/schema\/logo\/image\/"},"sameAs":["https:\/\/www.facebook.com\/believingintechnology\/","https:\/\/x.com\/ptm","https:\/\/www.linkedin.com\/company\/ptm-s-r-l\/","https:\/\/www.youtube.com\/channel\/UCPSOS0MaR-4jDkAD3HkAC7A"]}]}},"_links":{"self":[{"href":"https:\/\/ptmsrl.com\/es\/wp-json\/wp\/v2\/product\/27352","targetHints":{"allow":["GET"]}}],"collection":[{"href":"https:\/\/ptmsrl.com\/es\/wp-json\/wp\/v2\/product"}],"about":[{"href":"https:\/\/ptmsrl.com\/es\/wp-json\/wp\/v2\/types\/product"}],"wp:featuredmedia":[{"embeddable":true,"href":"https:\/\/ptmsrl.com\/es\/wp-json\/wp\/v2\/media\/27362"}],"wp:attachment":[{"href":"https:\/\/ptmsrl.com\/es\/wp-json\/wp\/v2\/media?parent=27352"}],"wp:term":[{"taxonomy":"product_brand","embeddable":true,"href":"https:\/\/ptmsrl.com\/es\/wp-json\/wp\/v2\/product_brand?post=27352"},{"taxonomy":"product_cat","embeddable":true,"href":"https:\/\/ptmsrl.com\/es\/wp-json\/wp\/v2\/product_cat?post=27352"},{"taxonomy":"product_tag","embeddable":true,"href":"https:\/\/ptmsrl.com\/es\/wp-json\/wp\/v2\/product_tag?post=27352"}],"curies":[{"name":"wp","href":"https:\/\/api.w.org\/{rel}","templated":true}]}}