{"id":4393,"date":"2018-09-05T15:24:42","date_gmt":"2018-09-05T13:24:42","guid":{"rendered":"https:\/\/ptmsrl.com\/prodotto\/advance-sp150-usb\/"},"modified":"2020-10-02T16:45:23","modified_gmt":"2020-10-02T14:45:23","slug":"advance-sp150-usb","status":"publish","type":"product","link":"https:\/\/ptmsrl.com\/es\/prodotto\/advance-sp150-usb\/","title":{"rendered":"Advance SP150 USB"},"content":{"rendered":"<ul>\n<li>Excelente visibilidad aunque si hay luz baja o intensa<\/li>\n<li>Gr\u00e1fica intuitiva<\/li>\n<li>Interfaz con men\u00fa en estilo windows<\/li>\n<li>Teclado pequeno alfanum\u00e9rico de facil utilizaci\u00f3n<\/li>\n<li>Vers\u00e1til y personalizable<\/li>\n<li>Sistema multilink<\/li>\n<\/ul>\n","protected":false},"excerpt":{"rendered":"<h3 align=\"justify\"><strong>Las b\u00e1sculas de esta l\u00ednea ADVANCE son espec\u00edficas para la gesti\u00f3n de las operaciones de carga y descarga de los frigor\u00edficos de leche, tanques, silos y pesadura est\u00e1tica y din\u00e1mica (ejes).<\/strong><\/h3>\n<p align=\"justify\">Tienen una pantalla gr\u00e1fica <strong>5.7 pulgadas<\/strong> y un teclado de f\u00e1cil utilizaci\u00f3n.<br \/>\nLa utilizaci\u00f3n es muy simple y immediata, gracias a <strong>un men\u00fa de navegaci\u00f3n intuitivo<\/strong>. A trav\u00e9s de un sistema de conexi\u00f3n de equipos perif\u00e9ricos \u201c<strong>PTM Multilink<\/strong>\u201d, es posible <strong>la conexi\u00f3n en simult\u00e1nea<\/strong> de diferentes accesorios (por ejemplo impresora, display repetidor, rel\u00e9 adicionales para la gesti\u00f3n de los motores, de los tornillos, etc.).<br \/>\nTodas las b\u00e1sculas de la l\u00ednea Advance disponen de contactes dorados, conector para la conexi\u00f3n de los accesorios, caja de aluminio, protecci\u00f3n contra las inversiones de alimentaci\u00f3n y contra las sobretensiones con fusibles autorregenerable.<\/p>\n","protected":false},"featured_media":4394,"template":"","meta":{"inline_featured_image":false},"product_brand":[],"product_cat":[212],"product_tag":[],"class_list":{"0":"post-4393","1":"product","2":"type-product","3":"status-publish","4":"has-post-thumbnail","6":"product_cat-linea-advance-es","8":"first","9":"instock","10":"downloadable","11":"shipping-taxable","12":"product-type-simple"},"yoast_head":"<!-- This site is optimized with the Yoast SEO plugin v25.3 - https:\/\/yoast.com\/wordpress\/plugins\/seo\/ -->\n<title>PTM Srl | Advance SP150 USB<\/title>\n<meta name=\"robots\" content=\"index, follow, max-snippet:-1, max-image-preview:large, max-video-preview:-1\" \/>\n<link rel=\"canonical\" href=\"https:\/\/ptmsrl.com\/es\/prodotto\/advance-sp150-usb\/\" \/>\n<meta property=\"og:locale\" content=\"es_ES\" \/>\n<meta property=\"og:type\" content=\"article\" \/>\n<meta property=\"og:title\" content=\"PTM Srl | Advance SP150 USB\" \/>\n<meta property=\"og:description\" content=\"Las b\u00e1sculas de esta l\u00ednea ADVANCE son espec\u00edficas para la gesti\u00f3n de las operaciones de carga y descarga de los frigor\u00edficos de leche, tanques, silos y pesadura est\u00e1tica y din\u00e1mica (ejes). Tienen una pantalla gr\u00e1fica 5.7 pulgadas y un teclado de f\u00e1cil utilizaci\u00f3n. La utilizaci\u00f3n es muy simple y immediata, gracias a un men\u00fa de navegaci\u00f3n intuitivo. A trav\u00e9s de un sistema de conexi\u00f3n de equipos perif\u00e9ricos \u201cPTM Multilink\u201d, es posible la conexi\u00f3n en simult\u00e1nea de diferentes accesorios (por ejemplo impresora, display repetidor, rel\u00e9 adicionales para la gesti\u00f3n de los motores, de los tornillos, etc.). Todas las b\u00e1sculas de la l\u00ednea Advance disponen de contactes dorados, conector para la conexi\u00f3n de los accesorios, caja de aluminio, protecci\u00f3n contra las inversiones de alimentaci\u00f3n y contra las sobretensiones con fusibles autorregenerable.\" \/>\n<meta property=\"og:url\" content=\"https:\/\/ptmsrl.com\/es\/prodotto\/advance-sp150-usb\/\" \/>\n<meta property=\"og:site_name\" content=\"PTM Srl\" \/>\n<meta property=\"article:publisher\" content=\"https:\/\/www.facebook.com\/believingintechnology\/\" \/>\n<meta property=\"article:modified_time\" content=\"2020-10-02T14:45:23+00:00\" \/>\n<meta property=\"og:image\" content=\"https:\/\/ptmsrl.com\/wp-content\/uploads\/2018\/09\/ADVANCE-SP150-FGCESP150001.jpg\" \/>\n\t<meta property=\"og:image:width\" content=\"1024\" \/>\n\t<meta property=\"og:image:height\" content=\"1024\" \/>\n\t<meta property=\"og:image:type\" content=\"image\/jpeg\" \/>\n<meta name=\"twitter:card\" content=\"summary_large_image\" \/>\n<meta name=\"twitter:site\" content=\"@ptm\" \/>\n<script type=\"application\/ld+json\" class=\"yoast-schema-graph\">{\"@context\":\"https:\/\/schema.org\",\"@graph\":[{\"@type\":\"WebPage\",\"@id\":\"https:\/\/ptmsrl.com\/es\/prodotto\/advance-sp150-usb\/\",\"url\":\"https:\/\/ptmsrl.com\/es\/prodotto\/advance-sp150-usb\/\",\"name\":\"PTM Srl | Advance SP150 USB\",\"isPartOf\":{\"@id\":\"https:\/\/ptmsrl.com\/#website\"},\"primaryImageOfPage\":{\"@id\":\"https:\/\/ptmsrl.com\/es\/prodotto\/advance-sp150-usb\/#primaryimage\"},\"image\":{\"@id\":\"https:\/\/ptmsrl.com\/es\/prodotto\/advance-sp150-usb\/#primaryimage\"},\"thumbnailUrl\":\"https:\/\/ptmsrl.com\/wp-content\/uploads\/2018\/09\/ADVANCE-SP150-FGCESP150001.jpg\",\"datePublished\":\"2018-09-05T13:24:42+00:00\",\"dateModified\":\"2020-10-02T14:45:23+00:00\",\"breadcrumb\":{\"@id\":\"https:\/\/ptmsrl.com\/es\/prodotto\/advance-sp150-usb\/#breadcrumb\"},\"inLanguage\":\"es\",\"potentialAction\":[{\"@type\":\"ReadAction\",\"target\":[\"https:\/\/ptmsrl.com\/es\/prodotto\/advance-sp150-usb\/\"]}]},{\"@type\":\"ImageObject\",\"inLanguage\":\"es\",\"@id\":\"https:\/\/ptmsrl.com\/es\/prodotto\/advance-sp150-usb\/#primaryimage\",\"url\":\"https:\/\/ptmsrl.com\/wp-content\/uploads\/2018\/09\/ADVANCE-SP150-FGCESP150001.jpg\",\"contentUrl\":\"https:\/\/ptmsrl.com\/wp-content\/uploads\/2018\/09\/ADVANCE-SP150-FGCESP150001.jpg\",\"width\":1024,\"height\":1024,\"caption\":\"advance-sp150-fgcesp150001\"},{\"@type\":\"BreadcrumbList\",\"@id\":\"https:\/\/ptmsrl.com\/es\/prodotto\/advance-sp150-usb\/#breadcrumb\",\"itemListElement\":[{\"@type\":\"ListItem\",\"position\":1,\"name\":\"Home\",\"item\":\"https:\/\/ptmsrl.com\/es\/\"},{\"@type\":\"ListItem\",\"position\":2,\"name\":\"Shop\",\"item\":\"https:\/\/ptmsrl.com\/shop\/\"},{\"@type\":\"ListItem\",\"position\":3,\"name\":\"Advance SP150 USB\"}]},{\"@type\":\"WebSite\",\"@id\":\"https:\/\/ptmsrl.com\/#website\",\"url\":\"https:\/\/ptmsrl.com\/\",\"name\":\"PTM Srl\",\"description\":\"\u041c\u042b \u041f\u0420\u041e\u0418\u0417\u0412\u041e\u0414\u0418\u041c \u041a\u0410\u0427\u0415\u0421\u0422\u0412\u041e, \u041a\u041e\u0422\u041e\u0420\u041e\u0415 \u0418\u041c\u0415\u0415\u0422 \u041e\u0421\u041e\u0411\u042b\u0419 \u0412\u0415\u0421\",\"publisher\":{\"@id\":\"https:\/\/ptmsrl.com\/#organization\"},\"potentialAction\":[{\"@type\":\"SearchAction\",\"target\":{\"@type\":\"EntryPoint\",\"urlTemplate\":\"https:\/\/ptmsrl.com\/?s={search_term_string}\"},\"query-input\":{\"@type\":\"PropertyValueSpecification\",\"valueRequired\":true,\"valueName\":\"search_term_string\"}}],\"inLanguage\":\"es\"},{\"@type\":\"Organization\",\"@id\":\"https:\/\/ptmsrl.com\/#organization\",\"name\":\"PTM srl\",\"url\":\"https:\/\/ptmsrl.com\/\",\"logo\":{\"@type\":\"ImageObject\",\"inLanguage\":\"es\",\"@id\":\"https:\/\/ptmsrl.com\/#\/schema\/logo\/image\/\",\"url\":\"https:\/\/ptmsrl.com\/wp-content\/uploads\/2018\/10\/LOGO-PTM.png\",\"contentUrl\":\"https:\/\/ptmsrl.com\/wp-content\/uploads\/2018\/10\/LOGO-PTM.png\",\"width\":1000,\"height\":500,\"caption\":\"PTM srl\"},\"image\":{\"@id\":\"https:\/\/ptmsrl.com\/#\/schema\/logo\/image\/\"},\"sameAs\":[\"https:\/\/www.facebook.com\/believingintechnology\/\",\"https:\/\/x.com\/ptm\",\"https:\/\/www.linkedin.com\/company\/ptm-s-r-l\/\",\"https:\/\/www.youtube.com\/channel\/UCPSOS0MaR-4jDkAD3HkAC7A\"]}]}<\/script>\n<!-- \/ Yoast SEO plugin. -->","yoast_head_json":{"title":"PTM Srl | Advance SP150 USB","robots":{"index":"index","follow":"follow","max-snippet":"max-snippet:-1","max-image-preview":"max-image-preview:large","max-video-preview":"max-video-preview:-1"},"canonical":"https:\/\/ptmsrl.com\/es\/prodotto\/advance-sp150-usb\/","og_locale":"es_ES","og_type":"article","og_title":"PTM Srl | Advance SP150 USB","og_description":"Las b\u00e1sculas de esta l\u00ednea ADVANCE son espec\u00edficas para la gesti\u00f3n de las operaciones de carga y descarga de los frigor\u00edficos de leche, tanques, silos y pesadura est\u00e1tica y din\u00e1mica (ejes). Tienen una pantalla gr\u00e1fica 5.7 pulgadas y un teclado de f\u00e1cil utilizaci\u00f3n. La utilizaci\u00f3n es muy simple y immediata, gracias a un men\u00fa de navegaci\u00f3n intuitivo. A trav\u00e9s de un sistema de conexi\u00f3n de equipos perif\u00e9ricos \u201cPTM Multilink\u201d, es posible la conexi\u00f3n en simult\u00e1nea de diferentes accesorios (por ejemplo impresora, display repetidor, rel\u00e9 adicionales para la gesti\u00f3n de los motores, de los tornillos, etc.). Todas las b\u00e1sculas de la l\u00ednea Advance disponen de contactes dorados, conector para la conexi\u00f3n de los accesorios, caja de aluminio, protecci\u00f3n contra las inversiones de alimentaci\u00f3n y contra las sobretensiones con fusibles autorregenerable.","og_url":"https:\/\/ptmsrl.com\/es\/prodotto\/advance-sp150-usb\/","og_site_name":"PTM Srl","article_publisher":"https:\/\/www.facebook.com\/believingintechnology\/","article_modified_time":"2020-10-02T14:45:23+00:00","og_image":[{"width":1024,"height":1024,"url":"https:\/\/ptmsrl.com\/wp-content\/uploads\/2018\/09\/ADVANCE-SP150-FGCESP150001.jpg","type":"image\/jpeg"}],"twitter_card":"summary_large_image","twitter_site":"@ptm","schema":{"@context":"https:\/\/schema.org","@graph":[{"@type":"WebPage","@id":"https:\/\/ptmsrl.com\/es\/prodotto\/advance-sp150-usb\/","url":"https:\/\/ptmsrl.com\/es\/prodotto\/advance-sp150-usb\/","name":"PTM Srl | Advance SP150 USB","isPartOf":{"@id":"https:\/\/ptmsrl.com\/#website"},"primaryImageOfPage":{"@id":"https:\/\/ptmsrl.com\/es\/prodotto\/advance-sp150-usb\/#primaryimage"},"image":{"@id":"https:\/\/ptmsrl.com\/es\/prodotto\/advance-sp150-usb\/#primaryimage"},"thumbnailUrl":"https:\/\/ptmsrl.com\/wp-content\/uploads\/2018\/09\/ADVANCE-SP150-FGCESP150001.jpg","datePublished":"2018-09-05T13:24:42+00:00","dateModified":"2020-10-02T14:45:23+00:00","breadcrumb":{"@id":"https:\/\/ptmsrl.com\/es\/prodotto\/advance-sp150-usb\/#breadcrumb"},"inLanguage":"es","potentialAction":[{"@type":"ReadAction","target":["https:\/\/ptmsrl.com\/es\/prodotto\/advance-sp150-usb\/"]}]},{"@type":"ImageObject","inLanguage":"es","@id":"https:\/\/ptmsrl.com\/es\/prodotto\/advance-sp150-usb\/#primaryimage","url":"https:\/\/ptmsrl.com\/wp-content\/uploads\/2018\/09\/ADVANCE-SP150-FGCESP150001.jpg","contentUrl":"https:\/\/ptmsrl.com\/wp-content\/uploads\/2018\/09\/ADVANCE-SP150-FGCESP150001.jpg","width":1024,"height":1024,"caption":"advance-sp150-fgcesp150001"},{"@type":"BreadcrumbList","@id":"https:\/\/ptmsrl.com\/es\/prodotto\/advance-sp150-usb\/#breadcrumb","itemListElement":[{"@type":"ListItem","position":1,"name":"Home","item":"https:\/\/ptmsrl.com\/es\/"},{"@type":"ListItem","position":2,"name":"Shop","item":"https:\/\/ptmsrl.com\/shop\/"},{"@type":"ListItem","position":3,"name":"Advance SP150 USB"}]},{"@type":"WebSite","@id":"https:\/\/ptmsrl.com\/#website","url":"https:\/\/ptmsrl.com\/","name":"PTM Srl","description":"\u041c\u042b \u041f\u0420\u041e\u0418\u0417\u0412\u041e\u0414\u0418\u041c \u041a\u0410\u0427\u0415\u0421\u0422\u0412\u041e, \u041a\u041e\u0422\u041e\u0420\u041e\u0415 \u0418\u041c\u0415\u0415\u0422 \u041e\u0421\u041e\u0411\u042b\u0419 \u0412\u0415\u0421","publisher":{"@id":"https:\/\/ptmsrl.com\/#organization"},"potentialAction":[{"@type":"SearchAction","target":{"@type":"EntryPoint","urlTemplate":"https:\/\/ptmsrl.com\/?s={search_term_string}"},"query-input":{"@type":"PropertyValueSpecification","valueRequired":true,"valueName":"search_term_string"}}],"inLanguage":"es"},{"@type":"Organization","@id":"https:\/\/ptmsrl.com\/#organization","name":"PTM srl","url":"https:\/\/ptmsrl.com\/","logo":{"@type":"ImageObject","inLanguage":"es","@id":"https:\/\/ptmsrl.com\/#\/schema\/logo\/image\/","url":"https:\/\/ptmsrl.com\/wp-content\/uploads\/2018\/10\/LOGO-PTM.png","contentUrl":"https:\/\/ptmsrl.com\/wp-content\/uploads\/2018\/10\/LOGO-PTM.png","width":1000,"height":500,"caption":"PTM srl"},"image":{"@id":"https:\/\/ptmsrl.com\/#\/schema\/logo\/image\/"},"sameAs":["https:\/\/www.facebook.com\/believingintechnology\/","https:\/\/x.com\/ptm","https:\/\/www.linkedin.com\/company\/ptm-s-r-l\/","https:\/\/www.youtube.com\/channel\/UCPSOS0MaR-4jDkAD3HkAC7A"]}]}},"_links":{"self":[{"href":"https:\/\/ptmsrl.com\/es\/wp-json\/wp\/v2\/product\/4393","targetHints":{"allow":["GET"]}}],"collection":[{"href":"https:\/\/ptmsrl.com\/es\/wp-json\/wp\/v2\/product"}],"about":[{"href":"https:\/\/ptmsrl.com\/es\/wp-json\/wp\/v2\/types\/product"}],"wp:featuredmedia":[{"embeddable":true,"href":"https:\/\/ptmsrl.com\/es\/wp-json\/wp\/v2\/media\/4394"}],"wp:attachment":[{"href":"https:\/\/ptmsrl.com\/es\/wp-json\/wp\/v2\/media?parent=4393"}],"wp:term":[{"taxonomy":"product_brand","embeddable":true,"href":"https:\/\/ptmsrl.com\/es\/wp-json\/wp\/v2\/product_brand?post=4393"},{"taxonomy":"product_cat","embeddable":true,"href":"https:\/\/ptmsrl.com\/es\/wp-json\/wp\/v2\/product_cat?post=4393"},{"taxonomy":"product_tag","embeddable":true,"href":"https:\/\/ptmsrl.com\/es\/wp-json\/wp\/v2\/product_tag?post=4393"}],"curies":[{"name":"wp","href":"https:\/\/api.w.org\/{rel}","templated":true}]}}