{"id":4458,"date":"2018-09-05T17:14:46","date_gmt":"2018-09-05T15:14:46","guid":{"rendered":"https:\/\/ptmsrl.com\/prodotto\/advance-bio-usb-bio-usb-twin\/"},"modified":"2019-07-17T09:33:31","modified_gmt":"2019-07-17T07:33:31","slug":"advance-bio-usb-bio-usb-twin","status":"publish","type":"product","link":"https:\/\/ptmsrl.com\/es\/prodotto\/advance-bio-usb-bio-usb-twin\/","title":{"rendered":"Advance Bio USB &#8211; Bio USB Twin"},"content":{"rendered":"","protected":false},"excerpt":{"rendered":"<ul>\n<li>B\u00e1scula para plantas de Biogas y industriales, que convierte el peso visualizado en una salida 4-20mA.<\/li>\n<li>Es posible conectar un m\u00f3dulo opcional que permite la salida del peso por medio del PROFIBUS.<\/li>\n<li>Por medio de un m\u00f3dulo Multilink adicional es posible controlar todas las funciones de ingresos y salidas disponibles.<\/li>\n<li>Por medio del sistema Multilink es posible visualizar los valores del peso de distancia, conectando las pantallas repetidoras por cable o RF.<\/li>\n<li>Posibilidad de efectuar desde 1 hasta 3 descargas automatizadas por medio de ingresos y salidas con la placa DRIVE 7.6.<\/li>\n<li>La versi\u00f3n TWIN tiene 2 ingresos separados que detectan el peso de dos grupos de sensores. Despu\u00e9s los 2 pesos detectados vienen sumados en un singolo peso total visualizado. En este caso los dos pesos ser\u00e1n convertidos en dos salidas separadas 4-20mA y\/o PROFIBUS.<\/li>\n<li>Posibilidad de memorizar 40 nombres de componentes.<\/li>\n<li>Modalidad Carga &gt; de las recetas posibilidad de memorizar hasta 80 recetas, cada una compuesta por 20 componentes. Adem\u00e1s, es posible efectuar las cargas programadas de las diferentes recetas mirando en la pantalla de la centralita la cantidad del d\u00eda que fue cargada.<\/li>\n<li>Modalidad Carga &gt; Manual posibilidad de programar una lista m\u00e1xima de 20 componentes y despu\u00e9s ser\u00e1 posible cargarlos libremente elegiendolos por la lista. La carga est\u00e1 libre de cualquier restricci\u00f3n de peso; as\u00ed ser\u00e1 posible cargar una cantidad deseada del componente y controlar sobre la pantalla de la centralita la cantidad del d\u00eda que fue cargada.<\/li>\n<li>Posibilidad de interfacer la centralita por PenDrive con el programa BioMix.<\/li>\n<li>Posibilidad de hacer impresiones dig\u00edtales en formato CSV de los consumos de los componentes, consumos diarios y de las operaciones de carga.<\/li>\n<li>Posibilidad de controlar la cantidad diaria en los componentes por m\u00e1x. 30 d\u00edas.<\/li>\n<li>Posibilidad de controlar el almac\u00e9n (cantidad consumida y disponibile para cada componente).<\/li>\n<\/ul>\n<p>&nbsp;<\/p>\n","protected":false},"featured_media":4459,"template":"","meta":{"inline_featured_image":false},"product_brand":[],"product_cat":[219],"product_tag":[],"class_list":{"0":"post-4458","1":"product","2":"type-product","3":"status-publish","4":"has-post-thumbnail","6":"product_cat-linea-advance-bio-es","8":"first","9":"instock","10":"downloadable","11":"shipping-taxable","12":"product-type-simple"},"yoast_head":"<!-- This site is optimized with the Yoast SEO plugin v25.3 - https:\/\/yoast.com\/wordpress\/plugins\/seo\/ -->\n<title>PTM Srl | Advance Bio USB - Bio USB Twin<\/title>\n<meta name=\"robots\" content=\"index, follow, max-snippet:-1, max-image-preview:large, max-video-preview:-1\" \/>\n<link rel=\"canonical\" href=\"https:\/\/ptmsrl.com\/es\/prodotto\/advance-bio-usb-bio-usb-twin\/\" \/>\n<meta property=\"og:locale\" content=\"es_ES\" \/>\n<meta property=\"og:type\" content=\"article\" \/>\n<meta property=\"og:title\" content=\"PTM Srl | Advance Bio USB - Bio USB Twin\" \/>\n<meta property=\"og:description\" content=\"B\u00e1scula para plantas de Biogas y industriales, que convierte el peso visualizado en una salida 4-20mA.  Es posible conectar un m\u00f3dulo opcional que permite la salida del peso por medio del PROFIBUS.  Por medio de un m\u00f3dulo Multilink adicional es posible controlar todas las funciones de ingresos y salidas disponibles.  Por medio del sistema Multilink es posible visualizar los valores del peso de distancia, conectando las pantallas repetidoras por cable o RF.  Posibilidad de efectuar desde 1 hasta 3 descargas automatizadas por medio de ingresos y salidas con la placa DRIVE 7.6.  La versi\u00f3n TWIN tiene 2 ingresos separados que detectan el peso de dos grupos de sensores. Despu\u00e9s los 2 pesos detectados vienen sumados en un singolo peso total visualizado. En este caso los dos pesos ser\u00e1n convertidos en dos salidas separadas 4-20mA y\/o PROFIBUS.  Posibilidad de memorizar 40 nombres de componentes.  Modalidad Carga &gt; de las recetas posibilidad de memorizar hasta 80 recetas, cada una compuesta por 20 componentes. Adem\u00e1s, es posible efectuar las cargas programadas de las diferentes recetas mirando en la pantalla de la centralita la cantidad del d\u00eda que fue cargada.  Modalidad Carga &gt; Manual posibilidad de programar una lista m\u00e1xima de 20 componentes y despu\u00e9s ser\u00e1 posible cargarlos libremente elegiendolos por la lista. La carga est\u00e1 libre de cualquier restricci\u00f3n de peso; as\u00ed ser\u00e1 posible cargar una cantidad deseada del componente y controlar sobre la pantalla de la centralita la cantidad del d\u00eda que fue cargada.  Posibilidad de interfacer la centralita por PenDrive con el programa BioMix.  Posibilidad de hacer impresiones dig\u00edtales en formato CSV de los consumos de los componentes, consumos diarios y de las operaciones de carga.  Posibilidad de controlar la cantidad diaria en los componentes por m\u00e1x. 30 d\u00edas.  Posibilidad de controlar el almac\u00e9n (cantidad consumida y disponibile para cada componente).  &nbsp;\" \/>\n<meta property=\"og:url\" content=\"https:\/\/ptmsrl.com\/es\/prodotto\/advance-bio-usb-bio-usb-twin\/\" \/>\n<meta property=\"og:site_name\" content=\"PTM Srl\" \/>\n<meta property=\"article:publisher\" content=\"https:\/\/www.facebook.com\/believingintechnology\/\" \/>\n<meta property=\"article:modified_time\" content=\"2019-07-17T07:33:31+00:00\" \/>\n<meta property=\"og:image\" content=\"https:\/\/ptmsrl.com\/wp-content\/uploads\/2018\/09\/Advance-Bio2.jpg\" \/>\n\t<meta property=\"og:image:width\" content=\"1024\" \/>\n\t<meta property=\"og:image:height\" content=\"1024\" \/>\n\t<meta property=\"og:image:type\" content=\"image\/jpeg\" \/>\n<meta name=\"twitter:card\" content=\"summary_large_image\" \/>\n<meta name=\"twitter:site\" content=\"@ptm\" \/>\n<script type=\"application\/ld+json\" class=\"yoast-schema-graph\">{\"@context\":\"https:\/\/schema.org\",\"@graph\":[{\"@type\":\"WebPage\",\"@id\":\"https:\/\/ptmsrl.com\/es\/prodotto\/advance-bio-usb-bio-usb-twin\/\",\"url\":\"https:\/\/ptmsrl.com\/es\/prodotto\/advance-bio-usb-bio-usb-twin\/\",\"name\":\"PTM Srl | Advance Bio USB - Bio USB Twin\",\"isPartOf\":{\"@id\":\"https:\/\/ptmsrl.com\/#website\"},\"primaryImageOfPage\":{\"@id\":\"https:\/\/ptmsrl.com\/es\/prodotto\/advance-bio-usb-bio-usb-twin\/#primaryimage\"},\"image\":{\"@id\":\"https:\/\/ptmsrl.com\/es\/prodotto\/advance-bio-usb-bio-usb-twin\/#primaryimage\"},\"thumbnailUrl\":\"https:\/\/ptmsrl.com\/wp-content\/uploads\/2018\/09\/Advance-Bio2.jpg\",\"datePublished\":\"2018-09-05T15:14:46+00:00\",\"dateModified\":\"2019-07-17T07:33:31+00:00\",\"breadcrumb\":{\"@id\":\"https:\/\/ptmsrl.com\/es\/prodotto\/advance-bio-usb-bio-usb-twin\/#breadcrumb\"},\"inLanguage\":\"es\",\"potentialAction\":[{\"@type\":\"ReadAction\",\"target\":[\"https:\/\/ptmsrl.com\/es\/prodotto\/advance-bio-usb-bio-usb-twin\/\"]}]},{\"@type\":\"ImageObject\",\"inLanguage\":\"es\",\"@id\":\"https:\/\/ptmsrl.com\/es\/prodotto\/advance-bio-usb-bio-usb-twin\/#primaryimage\",\"url\":\"https:\/\/ptmsrl.com\/wp-content\/uploads\/2018\/09\/Advance-Bio2.jpg\",\"contentUrl\":\"https:\/\/ptmsrl.com\/wp-content\/uploads\/2018\/09\/Advance-Bio2.jpg\",\"width\":1024,\"height\":1024,\"caption\":\"advance-bio2\"},{\"@type\":\"BreadcrumbList\",\"@id\":\"https:\/\/ptmsrl.com\/es\/prodotto\/advance-bio-usb-bio-usb-twin\/#breadcrumb\",\"itemListElement\":[{\"@type\":\"ListItem\",\"position\":1,\"name\":\"Home\",\"item\":\"https:\/\/ptmsrl.com\/es\/\"},{\"@type\":\"ListItem\",\"position\":2,\"name\":\"Shop\",\"item\":\"https:\/\/ptmsrl.com\/shop\/\"},{\"@type\":\"ListItem\",\"position\":3,\"name\":\"Advance Bio USB &#8211; Bio USB Twin\"}]},{\"@type\":\"WebSite\",\"@id\":\"https:\/\/ptmsrl.com\/#website\",\"url\":\"https:\/\/ptmsrl.com\/\",\"name\":\"PTM Srl\",\"description\":\"\u041c\u042b \u041f\u0420\u041e\u0418\u0417\u0412\u041e\u0414\u0418\u041c \u041a\u0410\u0427\u0415\u0421\u0422\u0412\u041e, \u041a\u041e\u0422\u041e\u0420\u041e\u0415 \u0418\u041c\u0415\u0415\u0422 \u041e\u0421\u041e\u0411\u042b\u0419 \u0412\u0415\u0421\",\"publisher\":{\"@id\":\"https:\/\/ptmsrl.com\/#organization\"},\"potentialAction\":[{\"@type\":\"SearchAction\",\"target\":{\"@type\":\"EntryPoint\",\"urlTemplate\":\"https:\/\/ptmsrl.com\/?s={search_term_string}\"},\"query-input\":{\"@type\":\"PropertyValueSpecification\",\"valueRequired\":true,\"valueName\":\"search_term_string\"}}],\"inLanguage\":\"es\"},{\"@type\":\"Organization\",\"@id\":\"https:\/\/ptmsrl.com\/#organization\",\"name\":\"PTM srl\",\"url\":\"https:\/\/ptmsrl.com\/\",\"logo\":{\"@type\":\"ImageObject\",\"inLanguage\":\"es\",\"@id\":\"https:\/\/ptmsrl.com\/#\/schema\/logo\/image\/\",\"url\":\"https:\/\/ptmsrl.com\/wp-content\/uploads\/2018\/10\/LOGO-PTM.png\",\"contentUrl\":\"https:\/\/ptmsrl.com\/wp-content\/uploads\/2018\/10\/LOGO-PTM.png\",\"width\":1000,\"height\":500,\"caption\":\"PTM srl\"},\"image\":{\"@id\":\"https:\/\/ptmsrl.com\/#\/schema\/logo\/image\/\"},\"sameAs\":[\"https:\/\/www.facebook.com\/believingintechnology\/\",\"https:\/\/x.com\/ptm\",\"https:\/\/www.linkedin.com\/company\/ptm-s-r-l\/\",\"https:\/\/www.youtube.com\/channel\/UCPSOS0MaR-4jDkAD3HkAC7A\"]}]}<\/script>\n<!-- \/ Yoast SEO plugin. -->","yoast_head_json":{"title":"PTM Srl | Advance Bio USB - Bio USB Twin","robots":{"index":"index","follow":"follow","max-snippet":"max-snippet:-1","max-image-preview":"max-image-preview:large","max-video-preview":"max-video-preview:-1"},"canonical":"https:\/\/ptmsrl.com\/es\/prodotto\/advance-bio-usb-bio-usb-twin\/","og_locale":"es_ES","og_type":"article","og_title":"PTM Srl | Advance Bio USB - Bio USB Twin","og_description":"B\u00e1scula para plantas de Biogas y industriales, que convierte el peso visualizado en una salida 4-20mA.  Es posible conectar un m\u00f3dulo opcional que permite la salida del peso por medio del PROFIBUS.  Por medio de un m\u00f3dulo Multilink adicional es posible controlar todas las funciones de ingresos y salidas disponibles.  Por medio del sistema Multilink es posible visualizar los valores del peso de distancia, conectando las pantallas repetidoras por cable o RF.  Posibilidad de efectuar desde 1 hasta 3 descargas automatizadas por medio de ingresos y salidas con la placa DRIVE 7.6.  La versi\u00f3n TWIN tiene 2 ingresos separados que detectan el peso de dos grupos de sensores. Despu\u00e9s los 2 pesos detectados vienen sumados en un singolo peso total visualizado. En este caso los dos pesos ser\u00e1n convertidos en dos salidas separadas 4-20mA y\/o PROFIBUS.  Posibilidad de memorizar 40 nombres de componentes.  Modalidad Carga &gt; de las recetas posibilidad de memorizar hasta 80 recetas, cada una compuesta por 20 componentes. Adem\u00e1s, es posible efectuar las cargas programadas de las diferentes recetas mirando en la pantalla de la centralita la cantidad del d\u00eda que fue cargada.  Modalidad Carga &gt; Manual posibilidad de programar una lista m\u00e1xima de 20 componentes y despu\u00e9s ser\u00e1 posible cargarlos libremente elegiendolos por la lista. La carga est\u00e1 libre de cualquier restricci\u00f3n de peso; as\u00ed ser\u00e1 posible cargar una cantidad deseada del componente y controlar sobre la pantalla de la centralita la cantidad del d\u00eda que fue cargada.  Posibilidad de interfacer la centralita por PenDrive con el programa BioMix.  Posibilidad de hacer impresiones dig\u00edtales en formato CSV de los consumos de los componentes, consumos diarios y de las operaciones de carga.  Posibilidad de controlar la cantidad diaria en los componentes por m\u00e1x. 30 d\u00edas.  Posibilidad de controlar el almac\u00e9n (cantidad consumida y disponibile para cada componente).  &nbsp;","og_url":"https:\/\/ptmsrl.com\/es\/prodotto\/advance-bio-usb-bio-usb-twin\/","og_site_name":"PTM Srl","article_publisher":"https:\/\/www.facebook.com\/believingintechnology\/","article_modified_time":"2019-07-17T07:33:31+00:00","og_image":[{"width":1024,"height":1024,"url":"https:\/\/ptmsrl.com\/wp-content\/uploads\/2018\/09\/Advance-Bio2.jpg","type":"image\/jpeg"}],"twitter_card":"summary_large_image","twitter_site":"@ptm","schema":{"@context":"https:\/\/schema.org","@graph":[{"@type":"WebPage","@id":"https:\/\/ptmsrl.com\/es\/prodotto\/advance-bio-usb-bio-usb-twin\/","url":"https:\/\/ptmsrl.com\/es\/prodotto\/advance-bio-usb-bio-usb-twin\/","name":"PTM Srl | Advance Bio USB - Bio USB Twin","isPartOf":{"@id":"https:\/\/ptmsrl.com\/#website"},"primaryImageOfPage":{"@id":"https:\/\/ptmsrl.com\/es\/prodotto\/advance-bio-usb-bio-usb-twin\/#primaryimage"},"image":{"@id":"https:\/\/ptmsrl.com\/es\/prodotto\/advance-bio-usb-bio-usb-twin\/#primaryimage"},"thumbnailUrl":"https:\/\/ptmsrl.com\/wp-content\/uploads\/2018\/09\/Advance-Bio2.jpg","datePublished":"2018-09-05T15:14:46+00:00","dateModified":"2019-07-17T07:33:31+00:00","breadcrumb":{"@id":"https:\/\/ptmsrl.com\/es\/prodotto\/advance-bio-usb-bio-usb-twin\/#breadcrumb"},"inLanguage":"es","potentialAction":[{"@type":"ReadAction","target":["https:\/\/ptmsrl.com\/es\/prodotto\/advance-bio-usb-bio-usb-twin\/"]}]},{"@type":"ImageObject","inLanguage":"es","@id":"https:\/\/ptmsrl.com\/es\/prodotto\/advance-bio-usb-bio-usb-twin\/#primaryimage","url":"https:\/\/ptmsrl.com\/wp-content\/uploads\/2018\/09\/Advance-Bio2.jpg","contentUrl":"https:\/\/ptmsrl.com\/wp-content\/uploads\/2018\/09\/Advance-Bio2.jpg","width":1024,"height":1024,"caption":"advance-bio2"},{"@type":"BreadcrumbList","@id":"https:\/\/ptmsrl.com\/es\/prodotto\/advance-bio-usb-bio-usb-twin\/#breadcrumb","itemListElement":[{"@type":"ListItem","position":1,"name":"Home","item":"https:\/\/ptmsrl.com\/es\/"},{"@type":"ListItem","position":2,"name":"Shop","item":"https:\/\/ptmsrl.com\/shop\/"},{"@type":"ListItem","position":3,"name":"Advance Bio USB &#8211; Bio USB Twin"}]},{"@type":"WebSite","@id":"https:\/\/ptmsrl.com\/#website","url":"https:\/\/ptmsrl.com\/","name":"PTM Srl","description":"\u041c\u042b \u041f\u0420\u041e\u0418\u0417\u0412\u041e\u0414\u0418\u041c \u041a\u0410\u0427\u0415\u0421\u0422\u0412\u041e, \u041a\u041e\u0422\u041e\u0420\u041e\u0415 \u0418\u041c\u0415\u0415\u0422 \u041e\u0421\u041e\u0411\u042b\u0419 \u0412\u0415\u0421","publisher":{"@id":"https:\/\/ptmsrl.com\/#organization"},"potentialAction":[{"@type":"SearchAction","target":{"@type":"EntryPoint","urlTemplate":"https:\/\/ptmsrl.com\/?s={search_term_string}"},"query-input":{"@type":"PropertyValueSpecification","valueRequired":true,"valueName":"search_term_string"}}],"inLanguage":"es"},{"@type":"Organization","@id":"https:\/\/ptmsrl.com\/#organization","name":"PTM srl","url":"https:\/\/ptmsrl.com\/","logo":{"@type":"ImageObject","inLanguage":"es","@id":"https:\/\/ptmsrl.com\/#\/schema\/logo\/image\/","url":"https:\/\/ptmsrl.com\/wp-content\/uploads\/2018\/10\/LOGO-PTM.png","contentUrl":"https:\/\/ptmsrl.com\/wp-content\/uploads\/2018\/10\/LOGO-PTM.png","width":1000,"height":500,"caption":"PTM srl"},"image":{"@id":"https:\/\/ptmsrl.com\/#\/schema\/logo\/image\/"},"sameAs":["https:\/\/www.facebook.com\/believingintechnology\/","https:\/\/x.com\/ptm","https:\/\/www.linkedin.com\/company\/ptm-s-r-l\/","https:\/\/www.youtube.com\/channel\/UCPSOS0MaR-4jDkAD3HkAC7A"]}]}},"_links":{"self":[{"href":"https:\/\/ptmsrl.com\/es\/wp-json\/wp\/v2\/product\/4458","targetHints":{"allow":["GET"]}}],"collection":[{"href":"https:\/\/ptmsrl.com\/es\/wp-json\/wp\/v2\/product"}],"about":[{"href":"https:\/\/ptmsrl.com\/es\/wp-json\/wp\/v2\/types\/product"}],"wp:featuredmedia":[{"embeddable":true,"href":"https:\/\/ptmsrl.com\/es\/wp-json\/wp\/v2\/media\/4459"}],"wp:attachment":[{"href":"https:\/\/ptmsrl.com\/es\/wp-json\/wp\/v2\/media?parent=4458"}],"wp:term":[{"taxonomy":"product_brand","embeddable":true,"href":"https:\/\/ptmsrl.com\/es\/wp-json\/wp\/v2\/product_brand?post=4458"},{"taxonomy":"product_cat","embeddable":true,"href":"https:\/\/ptmsrl.com\/es\/wp-json\/wp\/v2\/product_cat?post=4458"},{"taxonomy":"product_tag","embeddable":true,"href":"https:\/\/ptmsrl.com\/es\/wp-json\/wp\/v2\/product_tag?post=4458"}],"curies":[{"name":"wp","href":"https:\/\/api.w.org\/{rel}","templated":true}]}}