{"id":4486,"date":"2018-09-05T18:16:41","date_gmt":"2018-10-10T16:07:31","guid":{"rendered":"https:\/\/ptmsrl.com\/prodotto\/hl-10-hl-15\/"},"modified":"2023-07-18T11:40:34","modified_gmt":"2023-07-18T09:40:34","slug":"hl-10-hl-15","status":"publish","type":"product","link":"https:\/\/ptmsrl.com\/es\/prodotto\/hl-10-hl-15\/","title":{"rendered":"HL 10 &#8211; HL 15"},"content":{"rendered":"","protected":false},"excerpt":{"rendered":"<h3>B\u00e1sculas de pesaje indicadas para utilizaciones con dimensiones m\u00ednimas, c\u00f3modas y pr\u00e1cticas de instalar sobre los tractores<\/h3>\n<p>Las b\u00e1sculas HL10 y HL15 han sido projectadas para el pesaje en todos los casos de poco espacio a disposici\u00f3n para la instalaci\u00f3n de la misma, en efecto presentan m\u00ednimas dimensiones y notable simplicidad d&#8217;empleo.<\/p>\n<p>Est\u00e1n equipadas por un display con LED de 16 segmentos y 6 d\u00edgitos de elevadas luminosidad y visibilidad, conectores con contactos dorados, protecci\u00f3n contra las inversiones de alimentaci\u00f3n y las sobrecorrientes por fusibles con restablecimiento autom\u00e1tico. La versi\u00f3n HL10 permite la funci\u00f3n de peso total y parcial, la versi\u00f3n HL15 permite tambi\u00e9n de programar hasta 15 recetas y 20 componentes, de modalidad por animales o totales, con posibilidad de modificaci\u00f3n del nombre de la receta misma; el alarma para se\u00f1alar la fin de la carga puede ser integrado directamente en la b\u00e1scula, o con la sirena exterior.<\/p>\n<p>Las b\u00e1sculas est\u00e1n equipadas de sistema multi-idiomas, control garant\u00eda y detecci\u00f3n fecha y hora de eventuales sobracargas.<\/p>\n<p>El art\u00edculo est\u00e0 fuera de producci\u00f3n.<br \/>\nEn el siguiente enlace indicamos el producto m\u00e1s actualizado con las mismas funciones.<\/p>\n<a href=\"https:\/\/ptmsrl.com\/es\/prodotti\/centraline\/hl-10-15-series\/\" target=\"Blank\" class=\"button primary is-primary is-medium\"  >\n\t\t<span>HL 10-15 SERIES<\/span>\n\t<\/a>\n\n<p>&nbsp;<\/p>\n","protected":false},"featured_media":4489,"template":"","meta":{"inline_featured_image":false},"product_brand":[],"product_cat":[213,236],"product_tag":[],"class_list":{"0":"post-4486","1":"product","2":"type-product","3":"status-publish","4":"has-post-thumbnail","6":"product_cat-basculas","7":"product_cat-actualiza-tu-producto","9":"first","10":"instock","11":"downloadable","12":"shipping-taxable","13":"product-type-simple"},"yoast_head":"<!-- This site is optimized with the Yoast SEO plugin v25.3 - https:\/\/yoast.com\/wordpress\/plugins\/seo\/ -->\n<title>PTM Srl | HL 10 - HL 15<\/title>\n<meta name=\"robots\" content=\"index, follow, max-snippet:-1, max-image-preview:large, max-video-preview:-1\" \/>\n<link rel=\"canonical\" href=\"https:\/\/ptmsrl.com\/es\/prodotto\/hl-10-hl-15\/\" \/>\n<meta property=\"og:locale\" content=\"es_ES\" \/>\n<meta property=\"og:type\" content=\"article\" \/>\n<meta property=\"og:title\" content=\"PTM Srl | HL 10 - HL 15\" \/>\n<meta property=\"og:description\" content=\"B\u00e1sculas de pesaje indicadas para utilizaciones con dimensiones m\u00ednimas, c\u00f3modas y pr\u00e1cticas de instalar sobre los tractores Las b\u00e1sculas HL10 y HL15 han sido projectadas para el pesaje en todos los casos de poco espacio a disposici\u00f3n para la instalaci\u00f3n de la misma, en efecto presentan m\u00ednimas dimensiones y notable simplicidad d&#039;empleo.  Est\u00e1n equipadas por un display con LED de 16 segmentos y 6 d\u00edgitos de elevadas luminosidad y visibilidad, conectores con contactos dorados, protecci\u00f3n contra las inversiones de alimentaci\u00f3n y las sobrecorrientes por fusibles con restablecimiento autom\u00e1tico. La versi\u00f3n HL10 permite la funci\u00f3n de peso total y parcial, la versi\u00f3n HL15 permite tambi\u00e9n de programar hasta 15 recetas y 20 componentes, de modalidad por animales o totales, con posibilidad de modificaci\u00f3n del nombre de la receta misma; el alarma para se\u00f1alar la fin de la carga puede ser integrado directamente en la b\u00e1scula, o con la sirena exterior.  Las b\u00e1sculas est\u00e1n equipadas de sistema multi-idiomas, control garant\u00eda y detecci\u00f3n fecha y hora de eventuales sobracargas.  El art\u00edculo est\u00e0 fuera de producci\u00f3n. En el siguiente enlace indicamos el producto m\u00e1s actualizado con las mismas funciones.    &nbsp;\" \/>\n<meta property=\"og:url\" content=\"https:\/\/ptmsrl.com\/es\/prodotto\/hl-10-hl-15\/\" \/>\n<meta property=\"og:site_name\" content=\"PTM Srl\" \/>\n<meta property=\"article:publisher\" content=\"https:\/\/www.facebook.com\/believingintechnology\/\" \/>\n<meta property=\"article:modified_time\" content=\"2023-07-18T09:40:34+00:00\" \/>\n<meta property=\"og:image\" content=\"https:\/\/ptmsrl.com\/wp-content\/uploads\/2018\/09\/HL15-con-mascherina.jpg\" \/>\n\t<meta property=\"og:image:width\" content=\"1024\" \/>\n\t<meta property=\"og:image:height\" content=\"1024\" \/>\n\t<meta property=\"og:image:type\" content=\"image\/jpeg\" \/>\n<meta name=\"twitter:card\" content=\"summary_large_image\" \/>\n<meta name=\"twitter:site\" content=\"@ptm\" \/>\n<script type=\"application\/ld+json\" class=\"yoast-schema-graph\">{\"@context\":\"https:\/\/schema.org\",\"@graph\":[{\"@type\":\"WebPage\",\"@id\":\"https:\/\/ptmsrl.com\/es\/prodotto\/hl-10-hl-15\/\",\"url\":\"https:\/\/ptmsrl.com\/es\/prodotto\/hl-10-hl-15\/\",\"name\":\"PTM Srl | HL 10 - HL 15\",\"isPartOf\":{\"@id\":\"https:\/\/ptmsrl.com\/#website\"},\"primaryImageOfPage\":{\"@id\":\"https:\/\/ptmsrl.com\/es\/prodotto\/hl-10-hl-15\/#primaryimage\"},\"image\":{\"@id\":\"https:\/\/ptmsrl.com\/es\/prodotto\/hl-10-hl-15\/#primaryimage\"},\"thumbnailUrl\":\"https:\/\/ptmsrl.com\/wp-content\/uploads\/2018\/09\/HL15-con-mascherina.jpg\",\"datePublished\":\"2018-10-10T16:07:31+00:00\",\"dateModified\":\"2023-07-18T09:40:34+00:00\",\"breadcrumb\":{\"@id\":\"https:\/\/ptmsrl.com\/es\/prodotto\/hl-10-hl-15\/#breadcrumb\"},\"inLanguage\":\"es\",\"potentialAction\":[{\"@type\":\"ReadAction\",\"target\":[\"https:\/\/ptmsrl.com\/es\/prodotto\/hl-10-hl-15\/\"]}]},{\"@type\":\"ImageObject\",\"inLanguage\":\"es\",\"@id\":\"https:\/\/ptmsrl.com\/es\/prodotto\/hl-10-hl-15\/#primaryimage\",\"url\":\"https:\/\/ptmsrl.com\/wp-content\/uploads\/2018\/09\/HL15-con-mascherina.jpg\",\"contentUrl\":\"https:\/\/ptmsrl.com\/wp-content\/uploads\/2018\/09\/HL15-con-mascherina.jpg\",\"width\":1024,\"height\":1024,\"caption\":\"hl15-con-mascherina\"},{\"@type\":\"BreadcrumbList\",\"@id\":\"https:\/\/ptmsrl.com\/es\/prodotto\/hl-10-hl-15\/#breadcrumb\",\"itemListElement\":[{\"@type\":\"ListItem\",\"position\":1,\"name\":\"Home\",\"item\":\"https:\/\/ptmsrl.com\/es\/\"},{\"@type\":\"ListItem\",\"position\":2,\"name\":\"Shop\",\"item\":\"https:\/\/ptmsrl.com\/shop\/\"},{\"@type\":\"ListItem\",\"position\":3,\"name\":\"HL 10 &#8211; HL 15\"}]},{\"@type\":\"WebSite\",\"@id\":\"https:\/\/ptmsrl.com\/#website\",\"url\":\"https:\/\/ptmsrl.com\/\",\"name\":\"PTM Srl\",\"description\":\"\u041c\u042b \u041f\u0420\u041e\u0418\u0417\u0412\u041e\u0414\u0418\u041c \u041a\u0410\u0427\u0415\u0421\u0422\u0412\u041e, \u041a\u041e\u0422\u041e\u0420\u041e\u0415 \u0418\u041c\u0415\u0415\u0422 \u041e\u0421\u041e\u0411\u042b\u0419 \u0412\u0415\u0421\",\"publisher\":{\"@id\":\"https:\/\/ptmsrl.com\/#organization\"},\"potentialAction\":[{\"@type\":\"SearchAction\",\"target\":{\"@type\":\"EntryPoint\",\"urlTemplate\":\"https:\/\/ptmsrl.com\/?s={search_term_string}\"},\"query-input\":{\"@type\":\"PropertyValueSpecification\",\"valueRequired\":true,\"valueName\":\"search_term_string\"}}],\"inLanguage\":\"es\"},{\"@type\":\"Organization\",\"@id\":\"https:\/\/ptmsrl.com\/#organization\",\"name\":\"PTM srl\",\"url\":\"https:\/\/ptmsrl.com\/\",\"logo\":{\"@type\":\"ImageObject\",\"inLanguage\":\"es\",\"@id\":\"https:\/\/ptmsrl.com\/#\/schema\/logo\/image\/\",\"url\":\"https:\/\/ptmsrl.com\/wp-content\/uploads\/2018\/10\/LOGO-PTM.png\",\"contentUrl\":\"https:\/\/ptmsrl.com\/wp-content\/uploads\/2018\/10\/LOGO-PTM.png\",\"width\":1000,\"height\":500,\"caption\":\"PTM srl\"},\"image\":{\"@id\":\"https:\/\/ptmsrl.com\/#\/schema\/logo\/image\/\"},\"sameAs\":[\"https:\/\/www.facebook.com\/believingintechnology\/\",\"https:\/\/x.com\/ptm\",\"https:\/\/www.linkedin.com\/company\/ptm-s-r-l\/\",\"https:\/\/www.youtube.com\/channel\/UCPSOS0MaR-4jDkAD3HkAC7A\"]}]}<\/script>\n<!-- \/ Yoast SEO plugin. -->","yoast_head_json":{"title":"PTM Srl | HL 10 - HL 15","robots":{"index":"index","follow":"follow","max-snippet":"max-snippet:-1","max-image-preview":"max-image-preview:large","max-video-preview":"max-video-preview:-1"},"canonical":"https:\/\/ptmsrl.com\/es\/prodotto\/hl-10-hl-15\/","og_locale":"es_ES","og_type":"article","og_title":"PTM Srl | HL 10 - HL 15","og_description":"B\u00e1sculas de pesaje indicadas para utilizaciones con dimensiones m\u00ednimas, c\u00f3modas y pr\u00e1cticas de instalar sobre los tractores Las b\u00e1sculas HL10 y HL15 han sido projectadas para el pesaje en todos los casos de poco espacio a disposici\u00f3n para la instalaci\u00f3n de la misma, en efecto presentan m\u00ednimas dimensiones y notable simplicidad d'empleo.  Est\u00e1n equipadas por un display con LED de 16 segmentos y 6 d\u00edgitos de elevadas luminosidad y visibilidad, conectores con contactos dorados, protecci\u00f3n contra las inversiones de alimentaci\u00f3n y las sobrecorrientes por fusibles con restablecimiento autom\u00e1tico. La versi\u00f3n HL10 permite la funci\u00f3n de peso total y parcial, la versi\u00f3n HL15 permite tambi\u00e9n de programar hasta 15 recetas y 20 componentes, de modalidad por animales o totales, con posibilidad de modificaci\u00f3n del nombre de la receta misma; el alarma para se\u00f1alar la fin de la carga puede ser integrado directamente en la b\u00e1scula, o con la sirena exterior.  Las b\u00e1sculas est\u00e1n equipadas de sistema multi-idiomas, control garant\u00eda y detecci\u00f3n fecha y hora de eventuales sobracargas.  El art\u00edculo est\u00e0 fuera de producci\u00f3n. En el siguiente enlace indicamos el producto m\u00e1s actualizado con las mismas funciones.    &nbsp;","og_url":"https:\/\/ptmsrl.com\/es\/prodotto\/hl-10-hl-15\/","og_site_name":"PTM Srl","article_publisher":"https:\/\/www.facebook.com\/believingintechnology\/","article_modified_time":"2023-07-18T09:40:34+00:00","og_image":[{"width":1024,"height":1024,"url":"https:\/\/ptmsrl.com\/wp-content\/uploads\/2018\/09\/HL15-con-mascherina.jpg","type":"image\/jpeg"}],"twitter_card":"summary_large_image","twitter_site":"@ptm","schema":{"@context":"https:\/\/schema.org","@graph":[{"@type":"WebPage","@id":"https:\/\/ptmsrl.com\/es\/prodotto\/hl-10-hl-15\/","url":"https:\/\/ptmsrl.com\/es\/prodotto\/hl-10-hl-15\/","name":"PTM Srl | HL 10 - HL 15","isPartOf":{"@id":"https:\/\/ptmsrl.com\/#website"},"primaryImageOfPage":{"@id":"https:\/\/ptmsrl.com\/es\/prodotto\/hl-10-hl-15\/#primaryimage"},"image":{"@id":"https:\/\/ptmsrl.com\/es\/prodotto\/hl-10-hl-15\/#primaryimage"},"thumbnailUrl":"https:\/\/ptmsrl.com\/wp-content\/uploads\/2018\/09\/HL15-con-mascherina.jpg","datePublished":"2018-10-10T16:07:31+00:00","dateModified":"2023-07-18T09:40:34+00:00","breadcrumb":{"@id":"https:\/\/ptmsrl.com\/es\/prodotto\/hl-10-hl-15\/#breadcrumb"},"inLanguage":"es","potentialAction":[{"@type":"ReadAction","target":["https:\/\/ptmsrl.com\/es\/prodotto\/hl-10-hl-15\/"]}]},{"@type":"ImageObject","inLanguage":"es","@id":"https:\/\/ptmsrl.com\/es\/prodotto\/hl-10-hl-15\/#primaryimage","url":"https:\/\/ptmsrl.com\/wp-content\/uploads\/2018\/09\/HL15-con-mascherina.jpg","contentUrl":"https:\/\/ptmsrl.com\/wp-content\/uploads\/2018\/09\/HL15-con-mascherina.jpg","width":1024,"height":1024,"caption":"hl15-con-mascherina"},{"@type":"BreadcrumbList","@id":"https:\/\/ptmsrl.com\/es\/prodotto\/hl-10-hl-15\/#breadcrumb","itemListElement":[{"@type":"ListItem","position":1,"name":"Home","item":"https:\/\/ptmsrl.com\/es\/"},{"@type":"ListItem","position":2,"name":"Shop","item":"https:\/\/ptmsrl.com\/shop\/"},{"@type":"ListItem","position":3,"name":"HL 10 &#8211; HL 15"}]},{"@type":"WebSite","@id":"https:\/\/ptmsrl.com\/#website","url":"https:\/\/ptmsrl.com\/","name":"PTM Srl","description":"\u041c\u042b \u041f\u0420\u041e\u0418\u0417\u0412\u041e\u0414\u0418\u041c \u041a\u0410\u0427\u0415\u0421\u0422\u0412\u041e, \u041a\u041e\u0422\u041e\u0420\u041e\u0415 \u0418\u041c\u0415\u0415\u0422 \u041e\u0421\u041e\u0411\u042b\u0419 \u0412\u0415\u0421","publisher":{"@id":"https:\/\/ptmsrl.com\/#organization"},"potentialAction":[{"@type":"SearchAction","target":{"@type":"EntryPoint","urlTemplate":"https:\/\/ptmsrl.com\/?s={search_term_string}"},"query-input":{"@type":"PropertyValueSpecification","valueRequired":true,"valueName":"search_term_string"}}],"inLanguage":"es"},{"@type":"Organization","@id":"https:\/\/ptmsrl.com\/#organization","name":"PTM srl","url":"https:\/\/ptmsrl.com\/","logo":{"@type":"ImageObject","inLanguage":"es","@id":"https:\/\/ptmsrl.com\/#\/schema\/logo\/image\/","url":"https:\/\/ptmsrl.com\/wp-content\/uploads\/2018\/10\/LOGO-PTM.png","contentUrl":"https:\/\/ptmsrl.com\/wp-content\/uploads\/2018\/10\/LOGO-PTM.png","width":1000,"height":500,"caption":"PTM srl"},"image":{"@id":"https:\/\/ptmsrl.com\/#\/schema\/logo\/image\/"},"sameAs":["https:\/\/www.facebook.com\/believingintechnology\/","https:\/\/x.com\/ptm","https:\/\/www.linkedin.com\/company\/ptm-s-r-l\/","https:\/\/www.youtube.com\/channel\/UCPSOS0MaR-4jDkAD3HkAC7A"]}]}},"_links":{"self":[{"href":"https:\/\/ptmsrl.com\/es\/wp-json\/wp\/v2\/product\/4486","targetHints":{"allow":["GET"]}}],"collection":[{"href":"https:\/\/ptmsrl.com\/es\/wp-json\/wp\/v2\/product"}],"about":[{"href":"https:\/\/ptmsrl.com\/es\/wp-json\/wp\/v2\/types\/product"}],"wp:featuredmedia":[{"embeddable":true,"href":"https:\/\/ptmsrl.com\/es\/wp-json\/wp\/v2\/media\/4489"}],"wp:attachment":[{"href":"https:\/\/ptmsrl.com\/es\/wp-json\/wp\/v2\/media?parent=4486"}],"wp:term":[{"taxonomy":"product_brand","embeddable":true,"href":"https:\/\/ptmsrl.com\/es\/wp-json\/wp\/v2\/product_brand?post=4486"},{"taxonomy":"product_cat","embeddable":true,"href":"https:\/\/ptmsrl.com\/es\/wp-json\/wp\/v2\/product_cat?post=4486"},{"taxonomy":"product_tag","embeddable":true,"href":"https:\/\/ptmsrl.com\/es\/wp-json\/wp\/v2\/product_tag?post=4486"}],"curies":[{"name":"wp","href":"https:\/\/api.w.org\/{rel}","templated":true}]}}