{"id":4521,"date":"2018-09-06T09:28:53","date_gmt":"2018-09-06T07:28:53","guid":{"rendered":"https:\/\/ptmsrl.com\/prodotto\/hl-20-50\/"},"modified":"2023-07-18T11:49:09","modified_gmt":"2023-07-18T09:49:09","slug":"hl-20-hl-50","status":"publish","type":"product","link":"https:\/\/ptmsrl.com\/es\/prodotto\/hl-20-hl-50\/","title":{"rendered":"HL 20 &#8211; HL 50"},"content":{"rendered":"","protected":false},"excerpt":{"rendered":"<h3><strong>B\u00e1sculas de pasaje para operaciones de carga y descarga<\/strong><\/h3>\n<p>Las b\u00e1sculas de la serie HL20-50 han sido projectadas para automatizar las operaciones de carga y descarga, haciendolas simples y r\u00e1pidas.<\/p>\n<p align=\"justify\">La serie HL20-50 induje 5 modelos de b\u00e1sculas, de la m\u00e1s simple HL20 a la m\u00e1s completa HL50 TopCut; est\u00e1n todas equipadas de conectores con contactos dorados, conector para el enlace opcional, caja de alluminio, protecci\u00f3n contra contra las inversiones de alimentaci\u00f3n y las sobrecorrientes par fusibles con restablecimiento autom\u00e1tico; las b\u00e1sculas est\u00e1n equipadas por dos displays, uno LCD retroiluminado para la visualizaci\u00f3n de las informaciones sobre las diferentes operaciones, otro por led de 5 d\u00edgitos de elevadas luminosidad y visibilidad tambi\u00e9n a distancia, empleada para la visualizaci\u00f3n de los pesos. A todos los indicadores de la serie HL20-50 pueden ser conectados diferentes modelos de display repetidor, mandos a distancias, impresoras y otros accesorios.<\/p>\n<p align=\"justify\">Toda la gama est\u00e1 equipada de funciones de peso total,peso parcial y bloqueo del pesaje; los modelos HL30, HL50 y HL50 TopCut permiten tambi\u00e9n la programaci\u00f3n de las recetas de modalidad por animales por totales o por porcentajes, con posibilidad de modificaci\u00f3n del nombre de la receta y de los componentes, posibilidad de ejecutar variaciones en porcentajes de la cantidad total de cargar, memorizaci\u00f3n de las acumulaciones de las cantidades de material cargado y posibilidad de rec\u00e1lculo de los componentes de cargar. La b\u00e1scula HL50 TopCut permite la gesti\u00f3n de las contre-cuchillas para el corte del material presente al interior del carro unifeed.<\/p>\n<p align=\"justify\">Todas las b\u00e1sculas est\u00e1n equipadas de sistema multi-idiomas, control garant\u00eda y detecci\u00f3n fecha y hora de eventuales sobracargas.<\/p>\n<p>El art\u00edculo est\u00e0 fuera de producci\u00f3n.<br \/>\nEn el siguiente enlace indicamos el producto m\u00e1s actualizado con las mismas funciones.<\/p>\n<a href=\"https:\/\/ptmsrl.com\/es\/prodotti\/centraline\/hl-20-50-series\/\" target=\"Blank\" class=\"button primary is-primary is-medium\"  >\n\t\t<span>HL 20-50 SERIES<\/span>\n\t<\/a>\n\n","protected":false},"featured_media":4522,"template":"","meta":{"inline_featured_image":false},"product_brand":[],"product_cat":[213,236],"product_tag":[],"class_list":{"0":"post-4521","1":"product","2":"type-product","3":"status-publish","4":"has-post-thumbnail","6":"product_cat-basculas","7":"product_cat-actualiza-tu-producto","9":"first","10":"instock","11":"downloadable","12":"shipping-taxable","13":"product-type-simple"},"yoast_head":"<!-- This site is optimized with the Yoast SEO plugin v25.3 - https:\/\/yoast.com\/wordpress\/plugins\/seo\/ -->\n<title>PTM Srl | HL 20 - HL 50<\/title>\n<meta name=\"robots\" content=\"index, follow, max-snippet:-1, max-image-preview:large, max-video-preview:-1\" \/>\n<link rel=\"canonical\" href=\"https:\/\/ptmsrl.com\/es\/prodotto\/hl-20-hl-50\/\" \/>\n<meta property=\"og:locale\" content=\"es_ES\" \/>\n<meta property=\"og:type\" content=\"article\" \/>\n<meta property=\"og:title\" content=\"PTM Srl | HL 20 - HL 50\" \/>\n<meta property=\"og:description\" content=\"B\u00e1sculas de pasaje para operaciones de carga y descarga Las b\u00e1sculas de la serie HL20-50 han sido projectadas para automatizar las operaciones de carga y descarga, haciendolas simples y r\u00e1pidas. La serie HL20-50 induje 5 modelos de b\u00e1sculas, de la m\u00e1s simple HL20 a la m\u00e1s completa HL50 TopCut; est\u00e1n todas equipadas de conectores con contactos dorados, conector para el enlace opcional, caja de alluminio, protecci\u00f3n contra contra las inversiones de alimentaci\u00f3n y las sobrecorrientes par fusibles con restablecimiento autom\u00e1tico; las b\u00e1sculas est\u00e1n equipadas por dos displays, uno LCD retroiluminado para la visualizaci\u00f3n de las informaciones sobre las diferentes operaciones, otro por led de 5 d\u00edgitos de elevadas luminosidad y visibilidad tambi\u00e9n a distancia, empleada para la visualizaci\u00f3n de los pesos. A todos los indicadores de la serie HL20-50 pueden ser conectados diferentes modelos de display repetidor, mandos a distancias, impresoras y otros accesorios. Toda la gama est\u00e1 equipada de funciones de peso total,peso parcial y bloqueo del pesaje; los modelos HL30, HL50 y HL50 TopCut permiten tambi\u00e9n la programaci\u00f3n de las recetas de modalidad por animales por totales o por porcentajes, con posibilidad de modificaci\u00f3n del nombre de la receta y de los componentes, posibilidad de ejecutar variaciones en porcentajes de la cantidad total de cargar, memorizaci\u00f3n de las acumulaciones de las cantidades de material cargado y posibilidad de rec\u00e1lculo de los componentes de cargar. La b\u00e1scula HL50 TopCut permite la gesti\u00f3n de las contre-cuchillas para el corte del material presente al interior del carro unifeed. Todas las b\u00e1sculas est\u00e1n equipadas de sistema multi-idiomas, control garant\u00eda y detecci\u00f3n fecha y hora de eventuales sobracargas. El art\u00edculo est\u00e0 fuera de producci\u00f3n. En el siguiente enlace indicamos el producto m\u00e1s actualizado con las mismas funciones.\" \/>\n<meta property=\"og:url\" content=\"https:\/\/ptmsrl.com\/es\/prodotto\/hl-20-hl-50\/\" \/>\n<meta property=\"og:site_name\" content=\"PTM Srl\" \/>\n<meta property=\"article:publisher\" content=\"https:\/\/www.facebook.com\/believingintechnology\/\" \/>\n<meta property=\"article:modified_time\" content=\"2023-07-18T09:49:09+00:00\" \/>\n<meta property=\"og:image\" content=\"https:\/\/ptmsrl.com\/wp-content\/uploads\/2018\/09\/HL-20-FGCEHL200001.jpg\" \/>\n\t<meta property=\"og:image:width\" content=\"1024\" \/>\n\t<meta property=\"og:image:height\" content=\"1024\" \/>\n\t<meta property=\"og:image:type\" content=\"image\/jpeg\" \/>\n<meta name=\"twitter:card\" content=\"summary_large_image\" \/>\n<meta name=\"twitter:site\" content=\"@ptm\" \/>\n<script type=\"application\/ld+json\" class=\"yoast-schema-graph\">{\"@context\":\"https:\/\/schema.org\",\"@graph\":[{\"@type\":\"WebPage\",\"@id\":\"https:\/\/ptmsrl.com\/es\/prodotto\/hl-20-hl-50\/\",\"url\":\"https:\/\/ptmsrl.com\/es\/prodotto\/hl-20-hl-50\/\",\"name\":\"PTM Srl | HL 20 - HL 50\",\"isPartOf\":{\"@id\":\"https:\/\/ptmsrl.com\/#website\"},\"primaryImageOfPage\":{\"@id\":\"https:\/\/ptmsrl.com\/es\/prodotto\/hl-20-hl-50\/#primaryimage\"},\"image\":{\"@id\":\"https:\/\/ptmsrl.com\/es\/prodotto\/hl-20-hl-50\/#primaryimage\"},\"thumbnailUrl\":\"https:\/\/ptmsrl.com\/wp-content\/uploads\/2018\/09\/HL-20-FGCEHL200001.jpg\",\"datePublished\":\"2018-09-06T07:28:53+00:00\",\"dateModified\":\"2023-07-18T09:49:09+00:00\",\"breadcrumb\":{\"@id\":\"https:\/\/ptmsrl.com\/es\/prodotto\/hl-20-hl-50\/#breadcrumb\"},\"inLanguage\":\"es\",\"potentialAction\":[{\"@type\":\"ReadAction\",\"target\":[\"https:\/\/ptmsrl.com\/es\/prodotto\/hl-20-hl-50\/\"]}]},{\"@type\":\"ImageObject\",\"inLanguage\":\"es\",\"@id\":\"https:\/\/ptmsrl.com\/es\/prodotto\/hl-20-hl-50\/#primaryimage\",\"url\":\"https:\/\/ptmsrl.com\/wp-content\/uploads\/2018\/09\/HL-20-FGCEHL200001.jpg\",\"contentUrl\":\"https:\/\/ptmsrl.com\/wp-content\/uploads\/2018\/09\/HL-20-FGCEHL200001.jpg\",\"width\":1024,\"height\":1024,\"caption\":\"hl-20-fgcehl200001\"},{\"@type\":\"BreadcrumbList\",\"@id\":\"https:\/\/ptmsrl.com\/es\/prodotto\/hl-20-hl-50\/#breadcrumb\",\"itemListElement\":[{\"@type\":\"ListItem\",\"position\":1,\"name\":\"Home\",\"item\":\"https:\/\/ptmsrl.com\/es\/\"},{\"@type\":\"ListItem\",\"position\":2,\"name\":\"Shop\",\"item\":\"https:\/\/ptmsrl.com\/shop\/\"},{\"@type\":\"ListItem\",\"position\":3,\"name\":\"HL 20 &#8211; HL 50\"}]},{\"@type\":\"WebSite\",\"@id\":\"https:\/\/ptmsrl.com\/#website\",\"url\":\"https:\/\/ptmsrl.com\/\",\"name\":\"PTM Srl\",\"description\":\"\u041c\u042b \u041f\u0420\u041e\u0418\u0417\u0412\u041e\u0414\u0418\u041c \u041a\u0410\u0427\u0415\u0421\u0422\u0412\u041e, \u041a\u041e\u0422\u041e\u0420\u041e\u0415 \u0418\u041c\u0415\u0415\u0422 \u041e\u0421\u041e\u0411\u042b\u0419 \u0412\u0415\u0421\",\"publisher\":{\"@id\":\"https:\/\/ptmsrl.com\/#organization\"},\"potentialAction\":[{\"@type\":\"SearchAction\",\"target\":{\"@type\":\"EntryPoint\",\"urlTemplate\":\"https:\/\/ptmsrl.com\/?s={search_term_string}\"},\"query-input\":{\"@type\":\"PropertyValueSpecification\",\"valueRequired\":true,\"valueName\":\"search_term_string\"}}],\"inLanguage\":\"es\"},{\"@type\":\"Organization\",\"@id\":\"https:\/\/ptmsrl.com\/#organization\",\"name\":\"PTM srl\",\"url\":\"https:\/\/ptmsrl.com\/\",\"logo\":{\"@type\":\"ImageObject\",\"inLanguage\":\"es\",\"@id\":\"https:\/\/ptmsrl.com\/#\/schema\/logo\/image\/\",\"url\":\"https:\/\/ptmsrl.com\/wp-content\/uploads\/2018\/10\/LOGO-PTM.png\",\"contentUrl\":\"https:\/\/ptmsrl.com\/wp-content\/uploads\/2018\/10\/LOGO-PTM.png\",\"width\":1000,\"height\":500,\"caption\":\"PTM srl\"},\"image\":{\"@id\":\"https:\/\/ptmsrl.com\/#\/schema\/logo\/image\/\"},\"sameAs\":[\"https:\/\/www.facebook.com\/believingintechnology\/\",\"https:\/\/x.com\/ptm\",\"https:\/\/www.linkedin.com\/company\/ptm-s-r-l\/\",\"https:\/\/www.youtube.com\/channel\/UCPSOS0MaR-4jDkAD3HkAC7A\"]}]}<\/script>\n<!-- \/ Yoast SEO plugin. -->","yoast_head_json":{"title":"PTM Srl | HL 20 - HL 50","robots":{"index":"index","follow":"follow","max-snippet":"max-snippet:-1","max-image-preview":"max-image-preview:large","max-video-preview":"max-video-preview:-1"},"canonical":"https:\/\/ptmsrl.com\/es\/prodotto\/hl-20-hl-50\/","og_locale":"es_ES","og_type":"article","og_title":"PTM Srl | HL 20 - HL 50","og_description":"B\u00e1sculas de pasaje para operaciones de carga y descarga Las b\u00e1sculas de la serie HL20-50 han sido projectadas para automatizar las operaciones de carga y descarga, haciendolas simples y r\u00e1pidas. La serie HL20-50 induje 5 modelos de b\u00e1sculas, de la m\u00e1s simple HL20 a la m\u00e1s completa HL50 TopCut; est\u00e1n todas equipadas de conectores con contactos dorados, conector para el enlace opcional, caja de alluminio, protecci\u00f3n contra contra las inversiones de alimentaci\u00f3n y las sobrecorrientes par fusibles con restablecimiento autom\u00e1tico; las b\u00e1sculas est\u00e1n equipadas por dos displays, uno LCD retroiluminado para la visualizaci\u00f3n de las informaciones sobre las diferentes operaciones, otro por led de 5 d\u00edgitos de elevadas luminosidad y visibilidad tambi\u00e9n a distancia, empleada para la visualizaci\u00f3n de los pesos. A todos los indicadores de la serie HL20-50 pueden ser conectados diferentes modelos de display repetidor, mandos a distancias, impresoras y otros accesorios. Toda la gama est\u00e1 equipada de funciones de peso total,peso parcial y bloqueo del pesaje; los modelos HL30, HL50 y HL50 TopCut permiten tambi\u00e9n la programaci\u00f3n de las recetas de modalidad por animales por totales o por porcentajes, con posibilidad de modificaci\u00f3n del nombre de la receta y de los componentes, posibilidad de ejecutar variaciones en porcentajes de la cantidad total de cargar, memorizaci\u00f3n de las acumulaciones de las cantidades de material cargado y posibilidad de rec\u00e1lculo de los componentes de cargar. La b\u00e1scula HL50 TopCut permite la gesti\u00f3n de las contre-cuchillas para el corte del material presente al interior del carro unifeed. Todas las b\u00e1sculas est\u00e1n equipadas de sistema multi-idiomas, control garant\u00eda y detecci\u00f3n fecha y hora de eventuales sobracargas. El art\u00edculo est\u00e0 fuera de producci\u00f3n. En el siguiente enlace indicamos el producto m\u00e1s actualizado con las mismas funciones.","og_url":"https:\/\/ptmsrl.com\/es\/prodotto\/hl-20-hl-50\/","og_site_name":"PTM Srl","article_publisher":"https:\/\/www.facebook.com\/believingintechnology\/","article_modified_time":"2023-07-18T09:49:09+00:00","og_image":[{"width":1024,"height":1024,"url":"https:\/\/ptmsrl.com\/wp-content\/uploads\/2018\/09\/HL-20-FGCEHL200001.jpg","type":"image\/jpeg"}],"twitter_card":"summary_large_image","twitter_site":"@ptm","schema":{"@context":"https:\/\/schema.org","@graph":[{"@type":"WebPage","@id":"https:\/\/ptmsrl.com\/es\/prodotto\/hl-20-hl-50\/","url":"https:\/\/ptmsrl.com\/es\/prodotto\/hl-20-hl-50\/","name":"PTM Srl | HL 20 - HL 50","isPartOf":{"@id":"https:\/\/ptmsrl.com\/#website"},"primaryImageOfPage":{"@id":"https:\/\/ptmsrl.com\/es\/prodotto\/hl-20-hl-50\/#primaryimage"},"image":{"@id":"https:\/\/ptmsrl.com\/es\/prodotto\/hl-20-hl-50\/#primaryimage"},"thumbnailUrl":"https:\/\/ptmsrl.com\/wp-content\/uploads\/2018\/09\/HL-20-FGCEHL200001.jpg","datePublished":"2018-09-06T07:28:53+00:00","dateModified":"2023-07-18T09:49:09+00:00","breadcrumb":{"@id":"https:\/\/ptmsrl.com\/es\/prodotto\/hl-20-hl-50\/#breadcrumb"},"inLanguage":"es","potentialAction":[{"@type":"ReadAction","target":["https:\/\/ptmsrl.com\/es\/prodotto\/hl-20-hl-50\/"]}]},{"@type":"ImageObject","inLanguage":"es","@id":"https:\/\/ptmsrl.com\/es\/prodotto\/hl-20-hl-50\/#primaryimage","url":"https:\/\/ptmsrl.com\/wp-content\/uploads\/2018\/09\/HL-20-FGCEHL200001.jpg","contentUrl":"https:\/\/ptmsrl.com\/wp-content\/uploads\/2018\/09\/HL-20-FGCEHL200001.jpg","width":1024,"height":1024,"caption":"hl-20-fgcehl200001"},{"@type":"BreadcrumbList","@id":"https:\/\/ptmsrl.com\/es\/prodotto\/hl-20-hl-50\/#breadcrumb","itemListElement":[{"@type":"ListItem","position":1,"name":"Home","item":"https:\/\/ptmsrl.com\/es\/"},{"@type":"ListItem","position":2,"name":"Shop","item":"https:\/\/ptmsrl.com\/shop\/"},{"@type":"ListItem","position":3,"name":"HL 20 &#8211; HL 50"}]},{"@type":"WebSite","@id":"https:\/\/ptmsrl.com\/#website","url":"https:\/\/ptmsrl.com\/","name":"PTM Srl","description":"\u041c\u042b \u041f\u0420\u041e\u0418\u0417\u0412\u041e\u0414\u0418\u041c \u041a\u0410\u0427\u0415\u0421\u0422\u0412\u041e, \u041a\u041e\u0422\u041e\u0420\u041e\u0415 \u0418\u041c\u0415\u0415\u0422 \u041e\u0421\u041e\u0411\u042b\u0419 \u0412\u0415\u0421","publisher":{"@id":"https:\/\/ptmsrl.com\/#organization"},"potentialAction":[{"@type":"SearchAction","target":{"@type":"EntryPoint","urlTemplate":"https:\/\/ptmsrl.com\/?s={search_term_string}"},"query-input":{"@type":"PropertyValueSpecification","valueRequired":true,"valueName":"search_term_string"}}],"inLanguage":"es"},{"@type":"Organization","@id":"https:\/\/ptmsrl.com\/#organization","name":"PTM srl","url":"https:\/\/ptmsrl.com\/","logo":{"@type":"ImageObject","inLanguage":"es","@id":"https:\/\/ptmsrl.com\/#\/schema\/logo\/image\/","url":"https:\/\/ptmsrl.com\/wp-content\/uploads\/2018\/10\/LOGO-PTM.png","contentUrl":"https:\/\/ptmsrl.com\/wp-content\/uploads\/2018\/10\/LOGO-PTM.png","width":1000,"height":500,"caption":"PTM srl"},"image":{"@id":"https:\/\/ptmsrl.com\/#\/schema\/logo\/image\/"},"sameAs":["https:\/\/www.facebook.com\/believingintechnology\/","https:\/\/x.com\/ptm","https:\/\/www.linkedin.com\/company\/ptm-s-r-l\/","https:\/\/www.youtube.com\/channel\/UCPSOS0MaR-4jDkAD3HkAC7A"]}]}},"_links":{"self":[{"href":"https:\/\/ptmsrl.com\/es\/wp-json\/wp\/v2\/product\/4521","targetHints":{"allow":["GET"]}}],"collection":[{"href":"https:\/\/ptmsrl.com\/es\/wp-json\/wp\/v2\/product"}],"about":[{"href":"https:\/\/ptmsrl.com\/es\/wp-json\/wp\/v2\/types\/product"}],"wp:featuredmedia":[{"embeddable":true,"href":"https:\/\/ptmsrl.com\/es\/wp-json\/wp\/v2\/media\/4522"}],"wp:attachment":[{"href":"https:\/\/ptmsrl.com\/es\/wp-json\/wp\/v2\/media?parent=4521"}],"wp:term":[{"taxonomy":"product_brand","embeddable":true,"href":"https:\/\/ptmsrl.com\/es\/wp-json\/wp\/v2\/product_brand?post=4521"},{"taxonomy":"product_cat","embeddable":true,"href":"https:\/\/ptmsrl.com\/es\/wp-json\/wp\/v2\/product_cat?post=4521"},{"taxonomy":"product_tag","embeddable":true,"href":"https:\/\/ptmsrl.com\/es\/wp-json\/wp\/v2\/product_tag?post=4521"}],"curies":[{"name":"wp","href":"https:\/\/api.w.org\/{rel}","templated":true}]}}