{"id":4527,"date":"2018-09-06T10:01:03","date_gmt":"2018-09-06T08:01:03","guid":{"rendered":"https:\/\/ptmsrl.com\/prodotto\/hl-1s-hl-2s\/"},"modified":"2024-07-01T13:09:10","modified_gmt":"2024-07-01T11:09:10","slug":"hl-1s","status":"publish","type":"product","link":"https:\/\/ptmsrl.com\/es\/prodotto\/hl-1s\/","title":{"rendered":"HL 1S"},"content":{"rendered":"","protected":false},"excerpt":{"rendered":"<p>El art\u00edculo est\u00e0 fuera de producci\u00f3n.<br \/>\nEn el siguiente enlace indicamos el producto m\u00e1s actualizado con las mismas funciones.<\/p>\n<a href=\"https:\/\/ptmsrl.com\/es\/prodotti\/basculas\/hl-10-15-series-es\/\" target=\"Blank\" class=\"button primary is-primary is-medium\"  >\n\t\t<span>HL 10-15 SERIES<\/span>\n\t<\/a>\n\n<hr>\n<p align=\"justify\">The weighing indicators HL10 and HL15 have been developed to carry out weighing operations on systems where the space available to Install the scale is limited. They have small overall dimensions and are very easy to use. They are supplied with: high-luminescence high-visibility LED display with 16 segments and 6 digits, connectors with golden contacts, protection against power supply inversions and overcharge by means of auto-reset fuses.<\/p>\n<p align=\"justify\">The version HL10 allows to control the function of total and partial weight. The version HL15 also allows to set out up to 15 recipes and 20 components, according to animals or total weight, with the possibility to change the name of the recipe itself; the alarm to signal the end of the loading operation can be integrated in the weighing computer directly, or can be given by means of an external alarm. Both weighing indicators are supplied with multilanguage system, warranty control and storage of date and time of possible overloads.<\/p>\n<p align=\"justify\">Compared to the HL10 version, the HL1S \/ 2S weighing indicators also manage the components within the recipe: the HL1S scale manages a component while the HL2S scale manages two.<\/p>\n","protected":false},"featured_media":4528,"template":"","meta":{"inline_featured_image":false},"product_brand":[],"product_cat":[236],"product_tag":[],"class_list":{"0":"post-4527","1":"product","2":"type-product","3":"status-publish","4":"has-post-thumbnail","6":"product_cat-actualiza-tu-producto","8":"first","9":"instock","10":"downloadable","11":"shipping-taxable","12":"product-type-simple"},"yoast_head":"<!-- This site is optimized with the Yoast SEO plugin v25.3 - https:\/\/yoast.com\/wordpress\/plugins\/seo\/ -->\n<title>PTM Srl | HL 1S<\/title>\n<meta name=\"robots\" content=\"index, follow, max-snippet:-1, max-image-preview:large, max-video-preview:-1\" \/>\n<link rel=\"canonical\" href=\"https:\/\/ptmsrl.com\/es\/prodotto\/hl-1s\/\" \/>\n<meta property=\"og:locale\" content=\"es_ES\" \/>\n<meta property=\"og:type\" content=\"article\" \/>\n<meta property=\"og:title\" content=\"PTM Srl | HL 1S\" \/>\n<meta property=\"og:description\" content=\"El art\u00edculo est\u00e0 fuera de producci\u00f3n. En el siguiente enlace indicamos el producto m\u00e1s actualizado con las mismas funciones.     The weighing indicators HL10 and HL15 have been developed to carry out weighing operations on systems where the space available to Install the scale is limited. They have small overall dimensions and are very easy to use. They are supplied with: high-luminescence high-visibility LED display with 16 segments and 6 digits, connectors with golden contacts, protection against power supply inversions and overcharge by means of auto-reset fuses. The version HL10 allows to control the function of total and partial weight. The version HL15 also allows to set out up to 15 recipes and 20 components, according to animals or total weight, with the possibility to change the name of the recipe itself; the alarm to signal the end of the loading operation can be integrated in the weighing computer directly, or can be given by means of an external alarm. Both weighing indicators are supplied with multilanguage system, warranty control and storage of date and time of possible overloads. Compared to the HL10 version, the HL1S \/ 2S weighing indicators also manage the components within the recipe: the HL1S scale manages a component while the HL2S scale manages two.\" \/>\n<meta property=\"og:url\" content=\"https:\/\/ptmsrl.com\/es\/prodotto\/hl-1s\/\" \/>\n<meta property=\"og:site_name\" content=\"PTM Srl\" \/>\n<meta property=\"article:publisher\" content=\"https:\/\/www.facebook.com\/believingintechnology\/\" \/>\n<meta property=\"article:modified_time\" content=\"2024-07-01T11:09:10+00:00\" \/>\n<meta property=\"og:image\" content=\"https:\/\/ptmsrl.com\/wp-content\/uploads\/2018\/09\/ptm-HL-1S.jpg\" \/>\n\t<meta property=\"og:image:width\" content=\"1024\" \/>\n\t<meta property=\"og:image:height\" content=\"1024\" \/>\n\t<meta property=\"og:image:type\" content=\"image\/jpeg\" \/>\n<meta name=\"twitter:card\" content=\"summary_large_image\" \/>\n<meta name=\"twitter:site\" content=\"@ptm\" \/>\n<meta name=\"twitter:label1\" content=\"Tiempo de lectura\" \/>\n\t<meta name=\"twitter:data1\" content=\"1 minuto\" \/>\n<script type=\"application\/ld+json\" class=\"yoast-schema-graph\">{\"@context\":\"https:\/\/schema.org\",\"@graph\":[{\"@type\":\"WebPage\",\"@id\":\"https:\/\/ptmsrl.com\/es\/prodotto\/hl-1s\/\",\"url\":\"https:\/\/ptmsrl.com\/es\/prodotto\/hl-1s\/\",\"name\":\"PTM Srl | HL 1S\",\"isPartOf\":{\"@id\":\"https:\/\/ptmsrl.com\/#website\"},\"primaryImageOfPage\":{\"@id\":\"https:\/\/ptmsrl.com\/es\/prodotto\/hl-1s\/#primaryimage\"},\"image\":{\"@id\":\"https:\/\/ptmsrl.com\/es\/prodotto\/hl-1s\/#primaryimage\"},\"thumbnailUrl\":\"https:\/\/ptmsrl.com\/wp-content\/uploads\/2018\/09\/ptm-HL-1S.jpg\",\"datePublished\":\"2018-09-06T08:01:03+00:00\",\"dateModified\":\"2024-07-01T11:09:10+00:00\",\"breadcrumb\":{\"@id\":\"https:\/\/ptmsrl.com\/es\/prodotto\/hl-1s\/#breadcrumb\"},\"inLanguage\":\"es\",\"potentialAction\":[{\"@type\":\"ReadAction\",\"target\":[\"https:\/\/ptmsrl.com\/es\/prodotto\/hl-1s\/\"]}]},{\"@type\":\"ImageObject\",\"inLanguage\":\"es\",\"@id\":\"https:\/\/ptmsrl.com\/es\/prodotto\/hl-1s\/#primaryimage\",\"url\":\"https:\/\/ptmsrl.com\/wp-content\/uploads\/2018\/09\/ptm-HL-1S.jpg\",\"contentUrl\":\"https:\/\/ptmsrl.com\/wp-content\/uploads\/2018\/09\/ptm-HL-1S.jpg\",\"width\":1024,\"height\":1024,\"caption\":\"ptm-hl-1s\"},{\"@type\":\"BreadcrumbList\",\"@id\":\"https:\/\/ptmsrl.com\/es\/prodotto\/hl-1s\/#breadcrumb\",\"itemListElement\":[{\"@type\":\"ListItem\",\"position\":1,\"name\":\"Home\",\"item\":\"https:\/\/ptmsrl.com\/es\/\"},{\"@type\":\"ListItem\",\"position\":2,\"name\":\"Shop\",\"item\":\"https:\/\/ptmsrl.com\/shop\/\"},{\"@type\":\"ListItem\",\"position\":3,\"name\":\"HL 1S\"}]},{\"@type\":\"WebSite\",\"@id\":\"https:\/\/ptmsrl.com\/#website\",\"url\":\"https:\/\/ptmsrl.com\/\",\"name\":\"PTM Srl\",\"description\":\"\u041c\u042b \u041f\u0420\u041e\u0418\u0417\u0412\u041e\u0414\u0418\u041c \u041a\u0410\u0427\u0415\u0421\u0422\u0412\u041e, \u041a\u041e\u0422\u041e\u0420\u041e\u0415 \u0418\u041c\u0415\u0415\u0422 \u041e\u0421\u041e\u0411\u042b\u0419 \u0412\u0415\u0421\",\"publisher\":{\"@id\":\"https:\/\/ptmsrl.com\/#organization\"},\"potentialAction\":[{\"@type\":\"SearchAction\",\"target\":{\"@type\":\"EntryPoint\",\"urlTemplate\":\"https:\/\/ptmsrl.com\/?s={search_term_string}\"},\"query-input\":{\"@type\":\"PropertyValueSpecification\",\"valueRequired\":true,\"valueName\":\"search_term_string\"}}],\"inLanguage\":\"es\"},{\"@type\":\"Organization\",\"@id\":\"https:\/\/ptmsrl.com\/#organization\",\"name\":\"PTM srl\",\"url\":\"https:\/\/ptmsrl.com\/\",\"logo\":{\"@type\":\"ImageObject\",\"inLanguage\":\"es\",\"@id\":\"https:\/\/ptmsrl.com\/#\/schema\/logo\/image\/\",\"url\":\"https:\/\/ptmsrl.com\/wp-content\/uploads\/2018\/10\/LOGO-PTM.png\",\"contentUrl\":\"https:\/\/ptmsrl.com\/wp-content\/uploads\/2018\/10\/LOGO-PTM.png\",\"width\":1000,\"height\":500,\"caption\":\"PTM srl\"},\"image\":{\"@id\":\"https:\/\/ptmsrl.com\/#\/schema\/logo\/image\/\"},\"sameAs\":[\"https:\/\/www.facebook.com\/believingintechnology\/\",\"https:\/\/x.com\/ptm\",\"https:\/\/www.linkedin.com\/company\/ptm-s-r-l\/\",\"https:\/\/www.youtube.com\/channel\/UCPSOS0MaR-4jDkAD3HkAC7A\"]}]}<\/script>\n<!-- \/ Yoast SEO plugin. -->","yoast_head_json":{"title":"PTM Srl | HL 1S","robots":{"index":"index","follow":"follow","max-snippet":"max-snippet:-1","max-image-preview":"max-image-preview:large","max-video-preview":"max-video-preview:-1"},"canonical":"https:\/\/ptmsrl.com\/es\/prodotto\/hl-1s\/","og_locale":"es_ES","og_type":"article","og_title":"PTM Srl | HL 1S","og_description":"El art\u00edculo est\u00e0 fuera de producci\u00f3n. En el siguiente enlace indicamos el producto m\u00e1s actualizado con las mismas funciones.     The weighing indicators HL10 and HL15 have been developed to carry out weighing operations on systems where the space available to Install the scale is limited. They have small overall dimensions and are very easy to use. They are supplied with: high-luminescence high-visibility LED display with 16 segments and 6 digits, connectors with golden contacts, protection against power supply inversions and overcharge by means of auto-reset fuses. The version HL10 allows to control the function of total and partial weight. The version HL15 also allows to set out up to 15 recipes and 20 components, according to animals or total weight, with the possibility to change the name of the recipe itself; the alarm to signal the end of the loading operation can be integrated in the weighing computer directly, or can be given by means of an external alarm. Both weighing indicators are supplied with multilanguage system, warranty control and storage of date and time of possible overloads. Compared to the HL10 version, the HL1S \/ 2S weighing indicators also manage the components within the recipe: the HL1S scale manages a component while the HL2S scale manages two.","og_url":"https:\/\/ptmsrl.com\/es\/prodotto\/hl-1s\/","og_site_name":"PTM Srl","article_publisher":"https:\/\/www.facebook.com\/believingintechnology\/","article_modified_time":"2024-07-01T11:09:10+00:00","og_image":[{"width":1024,"height":1024,"url":"https:\/\/ptmsrl.com\/wp-content\/uploads\/2018\/09\/ptm-HL-1S.jpg","type":"image\/jpeg"}],"twitter_card":"summary_large_image","twitter_site":"@ptm","twitter_misc":{"Tiempo de lectura":"1 minuto"},"schema":{"@context":"https:\/\/schema.org","@graph":[{"@type":"WebPage","@id":"https:\/\/ptmsrl.com\/es\/prodotto\/hl-1s\/","url":"https:\/\/ptmsrl.com\/es\/prodotto\/hl-1s\/","name":"PTM Srl | HL 1S","isPartOf":{"@id":"https:\/\/ptmsrl.com\/#website"},"primaryImageOfPage":{"@id":"https:\/\/ptmsrl.com\/es\/prodotto\/hl-1s\/#primaryimage"},"image":{"@id":"https:\/\/ptmsrl.com\/es\/prodotto\/hl-1s\/#primaryimage"},"thumbnailUrl":"https:\/\/ptmsrl.com\/wp-content\/uploads\/2018\/09\/ptm-HL-1S.jpg","datePublished":"2018-09-06T08:01:03+00:00","dateModified":"2024-07-01T11:09:10+00:00","breadcrumb":{"@id":"https:\/\/ptmsrl.com\/es\/prodotto\/hl-1s\/#breadcrumb"},"inLanguage":"es","potentialAction":[{"@type":"ReadAction","target":["https:\/\/ptmsrl.com\/es\/prodotto\/hl-1s\/"]}]},{"@type":"ImageObject","inLanguage":"es","@id":"https:\/\/ptmsrl.com\/es\/prodotto\/hl-1s\/#primaryimage","url":"https:\/\/ptmsrl.com\/wp-content\/uploads\/2018\/09\/ptm-HL-1S.jpg","contentUrl":"https:\/\/ptmsrl.com\/wp-content\/uploads\/2018\/09\/ptm-HL-1S.jpg","width":1024,"height":1024,"caption":"ptm-hl-1s"},{"@type":"BreadcrumbList","@id":"https:\/\/ptmsrl.com\/es\/prodotto\/hl-1s\/#breadcrumb","itemListElement":[{"@type":"ListItem","position":1,"name":"Home","item":"https:\/\/ptmsrl.com\/es\/"},{"@type":"ListItem","position":2,"name":"Shop","item":"https:\/\/ptmsrl.com\/shop\/"},{"@type":"ListItem","position":3,"name":"HL 1S"}]},{"@type":"WebSite","@id":"https:\/\/ptmsrl.com\/#website","url":"https:\/\/ptmsrl.com\/","name":"PTM Srl","description":"\u041c\u042b \u041f\u0420\u041e\u0418\u0417\u0412\u041e\u0414\u0418\u041c \u041a\u0410\u0427\u0415\u0421\u0422\u0412\u041e, \u041a\u041e\u0422\u041e\u0420\u041e\u0415 \u0418\u041c\u0415\u0415\u0422 \u041e\u0421\u041e\u0411\u042b\u0419 \u0412\u0415\u0421","publisher":{"@id":"https:\/\/ptmsrl.com\/#organization"},"potentialAction":[{"@type":"SearchAction","target":{"@type":"EntryPoint","urlTemplate":"https:\/\/ptmsrl.com\/?s={search_term_string}"},"query-input":{"@type":"PropertyValueSpecification","valueRequired":true,"valueName":"search_term_string"}}],"inLanguage":"es"},{"@type":"Organization","@id":"https:\/\/ptmsrl.com\/#organization","name":"PTM srl","url":"https:\/\/ptmsrl.com\/","logo":{"@type":"ImageObject","inLanguage":"es","@id":"https:\/\/ptmsrl.com\/#\/schema\/logo\/image\/","url":"https:\/\/ptmsrl.com\/wp-content\/uploads\/2018\/10\/LOGO-PTM.png","contentUrl":"https:\/\/ptmsrl.com\/wp-content\/uploads\/2018\/10\/LOGO-PTM.png","width":1000,"height":500,"caption":"PTM srl"},"image":{"@id":"https:\/\/ptmsrl.com\/#\/schema\/logo\/image\/"},"sameAs":["https:\/\/www.facebook.com\/believingintechnology\/","https:\/\/x.com\/ptm","https:\/\/www.linkedin.com\/company\/ptm-s-r-l\/","https:\/\/www.youtube.com\/channel\/UCPSOS0MaR-4jDkAD3HkAC7A"]}]}},"_links":{"self":[{"href":"https:\/\/ptmsrl.com\/es\/wp-json\/wp\/v2\/product\/4527","targetHints":{"allow":["GET"]}}],"collection":[{"href":"https:\/\/ptmsrl.com\/es\/wp-json\/wp\/v2\/product"}],"about":[{"href":"https:\/\/ptmsrl.com\/es\/wp-json\/wp\/v2\/types\/product"}],"wp:featuredmedia":[{"embeddable":true,"href":"https:\/\/ptmsrl.com\/es\/wp-json\/wp\/v2\/media\/4528"}],"wp:attachment":[{"href":"https:\/\/ptmsrl.com\/es\/wp-json\/wp\/v2\/media?parent=4527"}],"wp:term":[{"taxonomy":"product_brand","embeddable":true,"href":"https:\/\/ptmsrl.com\/es\/wp-json\/wp\/v2\/product_brand?post=4527"},{"taxonomy":"product_cat","embeddable":true,"href":"https:\/\/ptmsrl.com\/es\/wp-json\/wp\/v2\/product_cat?post=4527"},{"taxonomy":"product_tag","embeddable":true,"href":"https:\/\/ptmsrl.com\/es\/wp-json\/wp\/v2\/product_tag?post=4527"}],"curies":[{"name":"wp","href":"https:\/\/api.w.org\/{rel}","templated":true}]}}