{"id":4618,"date":"2018-09-06T11:48:01","date_gmt":"2018-09-06T09:48:01","guid":{"rendered":"https:\/\/ptmsrl.com\/prodotto\/as210\/"},"modified":"2019-07-19T17:28:17","modified_gmt":"2019-07-19T15:28:17","slug":"as210","status":"publish","type":"product","link":"https:\/\/ptmsrl.com\/es\/prodotto\/as210\/","title":{"rendered":"AS210"},"content":{"rendered":"<ul>\n<li>50 F\u00f3rmulas<\/li>\n<li>1 Componente por f\u00f3rmula<\/li>\n<li>Vaciado autom\u00e1tico o manual<\/li>\n<li>Conexi\u00f3n a impresora (opcional)<\/li>\n<li>Puesta a cero autom\u00e1tica o manual<\/li>\n<li>Verificaci\u00f3n de la integridad del producto<\/li>\n<li>Ciclos numerables o infinidos<\/li>\n<li>Inicio del ingreso exterior de la carga<\/li>\n<li>Inicio del ingreso exterior del vaciado<\/li>\n<li>Puesta a cero del ingreso exterior<\/li>\n<li>Pausa del ingreso exterior<\/li>\n<li>Puesta a cero del ciclo del ingreso exterior<\/li>\n<li>Vuelos manuales o autom\u00e1ticos configurables en cada f\u00f3rmula<\/li>\n<li>Possibilidad de nombrar las f\u00f3rmulas<\/li>\n<li>Calibrado por valores de placa de los captores<\/li>\n<li>Calibrado por tabl\u00f3n de los captores<\/li>\n<li>Calibrado por peso muestra<\/li>\n<li>C\u00e1lculo de los ciclos ejecutados con medias de los consumos por f\u00f3rmula<\/li>\n<li>Consumos d\u00edarios por f\u00f3rmula<\/li>\n<li>Tabl\u00f3n de los errores advertidos de la b\u00e1scula en la esecuci\u00f3n de los ciclos<\/li>\n<li>Sistema de control de las sobrecargas<\/li>\n<li>Multi-idioma<\/li>\n<li>Control garant\u00eda<\/li>\n<\/ul>\n","protected":false},"excerpt":{"rendered":"<h3>B\u00e1scula industrial<\/h3>\n<p align=\"justify\">La b\u00e1scula AS210 ha sido projectada para el pesaje y la dosificaci\u00f3n para l\u00edneas de embalaje automaticas, construida dentro de un contenidor pl\u00e1stico de dimensiones reducidas y equipada por fusibles con restablecimiento autom\u00e1tico como protecci\u00f3n contra las inversiones de alimentaci\u00f3n y las sobrecorrientes, resultando adaptas a la instalaci\u00f3n en cuadro el\u00e9ctricos. La b\u00e1scula AS210 est\u00e1 equipada por doble display, un LCD retroiluminado para la visualizaci\u00f3n de los menus y de los procedimientos en curso y uno por LED con 6 d\u00edgitos de elvadas luminosidad y visibilidad, empleado para la visualizaci\u00f3n de los pesos. La b\u00e1scula AS210 prevee el controlo de la carga del componente, el vaciado, gestiona los pesos de vuelo, el alarma de integridad del producto, de falta componente y otras funciones.<\/p>\n<p align=\"justify\">Como todos los sistemas PTM, La b\u00e1scula de la s\u00e9rie AS210 est\u00e1 equipada de sistema multi-idiomas, control garant\u00eda y detecci\u00f3n fecha y hora de eventuales sobracargas.<\/p>\n","protected":false},"featured_media":4601,"template":"","meta":{"inline_featured_image":false},"product_brand":[],"product_cat":[227],"product_tag":[],"class_list":{"0":"post-4618","1":"product","2":"type-product","3":"status-publish","4":"has-post-thumbnail","6":"product_cat-linea-as-es","8":"first","9":"instock","10":"downloadable","11":"shipping-taxable","12":"product-type-simple"},"yoast_head":"<!-- This site is optimized with the Yoast SEO plugin v25.3 - https:\/\/yoast.com\/wordpress\/plugins\/seo\/ -->\n<title>PTM Srl | AS210<\/title>\n<meta name=\"robots\" content=\"index, follow, max-snippet:-1, max-image-preview:large, max-video-preview:-1\" \/>\n<link rel=\"canonical\" href=\"https:\/\/ptmsrl.com\/es\/prodotto\/as210\/\" \/>\n<meta property=\"og:locale\" content=\"es_ES\" \/>\n<meta property=\"og:type\" content=\"article\" \/>\n<meta property=\"og:title\" content=\"PTM Srl | AS210\" \/>\n<meta property=\"og:description\" content=\"B\u00e1scula industrial La b\u00e1scula AS210 ha sido projectada para el pesaje y la dosificaci\u00f3n para l\u00edneas de embalaje automaticas, construida dentro de un contenidor pl\u00e1stico de dimensiones reducidas y equipada por fusibles con restablecimiento autom\u00e1tico como protecci\u00f3n contra las inversiones de alimentaci\u00f3n y las sobrecorrientes, resultando adaptas a la instalaci\u00f3n en cuadro el\u00e9ctricos. La b\u00e1scula AS210 est\u00e1 equipada por doble display, un LCD retroiluminado para la visualizaci\u00f3n de los menus y de los procedimientos en curso y uno por LED con 6 d\u00edgitos de elvadas luminosidad y visibilidad, empleado para la visualizaci\u00f3n de los pesos. La b\u00e1scula AS210 prevee el controlo de la carga del componente, el vaciado, gestiona los pesos de vuelo, el alarma de integridad del producto, de falta componente y otras funciones. Como todos los sistemas PTM, La b\u00e1scula de la s\u00e9rie AS210 est\u00e1 equipada de sistema multi-idiomas, control garant\u00eda y detecci\u00f3n fecha y hora de eventuales sobracargas.\" \/>\n<meta property=\"og:url\" content=\"https:\/\/ptmsrl.com\/es\/prodotto\/as210\/\" \/>\n<meta property=\"og:site_name\" content=\"PTM Srl\" \/>\n<meta property=\"article:publisher\" content=\"https:\/\/www.facebook.com\/believingintechnology\/\" \/>\n<meta property=\"article:modified_time\" content=\"2019-07-19T15:28:17+00:00\" \/>\n<meta property=\"og:image\" content=\"https:\/\/ptmsrl.com\/wp-content\/uploads\/2018\/09\/AS.jpg\" \/>\n\t<meta property=\"og:image:width\" content=\"1024\" \/>\n\t<meta property=\"og:image:height\" content=\"1024\" \/>\n\t<meta property=\"og:image:type\" content=\"image\/jpeg\" \/>\n<meta name=\"twitter:card\" content=\"summary_large_image\" \/>\n<meta name=\"twitter:site\" content=\"@ptm\" \/>\n<meta name=\"twitter:label1\" content=\"Tiempo de lectura\" \/>\n\t<meta name=\"twitter:data1\" content=\"1 minuto\" \/>\n<script type=\"application\/ld+json\" class=\"yoast-schema-graph\">{\"@context\":\"https:\/\/schema.org\",\"@graph\":[{\"@type\":\"WebPage\",\"@id\":\"https:\/\/ptmsrl.com\/es\/prodotto\/as210\/\",\"url\":\"https:\/\/ptmsrl.com\/es\/prodotto\/as210\/\",\"name\":\"PTM Srl | AS210\",\"isPartOf\":{\"@id\":\"https:\/\/ptmsrl.com\/#website\"},\"primaryImageOfPage\":{\"@id\":\"https:\/\/ptmsrl.com\/es\/prodotto\/as210\/#primaryimage\"},\"image\":{\"@id\":\"https:\/\/ptmsrl.com\/es\/prodotto\/as210\/#primaryimage\"},\"thumbnailUrl\":\"https:\/\/ptmsrl.com\/wp-content\/uploads\/2018\/09\/AS.jpg\",\"datePublished\":\"2018-09-06T09:48:01+00:00\",\"dateModified\":\"2019-07-19T15:28:17+00:00\",\"breadcrumb\":{\"@id\":\"https:\/\/ptmsrl.com\/es\/prodotto\/as210\/#breadcrumb\"},\"inLanguage\":\"es\",\"potentialAction\":[{\"@type\":\"ReadAction\",\"target\":[\"https:\/\/ptmsrl.com\/es\/prodotto\/as210\/\"]}]},{\"@type\":\"ImageObject\",\"inLanguage\":\"es\",\"@id\":\"https:\/\/ptmsrl.com\/es\/prodotto\/as210\/#primaryimage\",\"url\":\"https:\/\/ptmsrl.com\/wp-content\/uploads\/2018\/09\/AS.jpg\",\"contentUrl\":\"https:\/\/ptmsrl.com\/wp-content\/uploads\/2018\/09\/AS.jpg\",\"width\":1024,\"height\":1024,\"caption\":\"as\"},{\"@type\":\"BreadcrumbList\",\"@id\":\"https:\/\/ptmsrl.com\/es\/prodotto\/as210\/#breadcrumb\",\"itemListElement\":[{\"@type\":\"ListItem\",\"position\":1,\"name\":\"Home\",\"item\":\"https:\/\/ptmsrl.com\/es\/\"},{\"@type\":\"ListItem\",\"position\":2,\"name\":\"Shop\",\"item\":\"https:\/\/ptmsrl.com\/shop\/\"},{\"@type\":\"ListItem\",\"position\":3,\"name\":\"AS210\"}]},{\"@type\":\"WebSite\",\"@id\":\"https:\/\/ptmsrl.com\/#website\",\"url\":\"https:\/\/ptmsrl.com\/\",\"name\":\"PTM Srl\",\"description\":\"\u041c\u042b \u041f\u0420\u041e\u0418\u0417\u0412\u041e\u0414\u0418\u041c \u041a\u0410\u0427\u0415\u0421\u0422\u0412\u041e, \u041a\u041e\u0422\u041e\u0420\u041e\u0415 \u0418\u041c\u0415\u0415\u0422 \u041e\u0421\u041e\u0411\u042b\u0419 \u0412\u0415\u0421\",\"publisher\":{\"@id\":\"https:\/\/ptmsrl.com\/#organization\"},\"potentialAction\":[{\"@type\":\"SearchAction\",\"target\":{\"@type\":\"EntryPoint\",\"urlTemplate\":\"https:\/\/ptmsrl.com\/?s={search_term_string}\"},\"query-input\":{\"@type\":\"PropertyValueSpecification\",\"valueRequired\":true,\"valueName\":\"search_term_string\"}}],\"inLanguage\":\"es\"},{\"@type\":\"Organization\",\"@id\":\"https:\/\/ptmsrl.com\/#organization\",\"name\":\"PTM srl\",\"url\":\"https:\/\/ptmsrl.com\/\",\"logo\":{\"@type\":\"ImageObject\",\"inLanguage\":\"es\",\"@id\":\"https:\/\/ptmsrl.com\/#\/schema\/logo\/image\/\",\"url\":\"https:\/\/ptmsrl.com\/wp-content\/uploads\/2018\/10\/LOGO-PTM.png\",\"contentUrl\":\"https:\/\/ptmsrl.com\/wp-content\/uploads\/2018\/10\/LOGO-PTM.png\",\"width\":1000,\"height\":500,\"caption\":\"PTM srl\"},\"image\":{\"@id\":\"https:\/\/ptmsrl.com\/#\/schema\/logo\/image\/\"},\"sameAs\":[\"https:\/\/www.facebook.com\/believingintechnology\/\",\"https:\/\/x.com\/ptm\",\"https:\/\/www.linkedin.com\/company\/ptm-s-r-l\/\",\"https:\/\/www.youtube.com\/channel\/UCPSOS0MaR-4jDkAD3HkAC7A\"]}]}<\/script>\n<!-- \/ Yoast SEO plugin. -->","yoast_head_json":{"title":"PTM Srl | AS210","robots":{"index":"index","follow":"follow","max-snippet":"max-snippet:-1","max-image-preview":"max-image-preview:large","max-video-preview":"max-video-preview:-1"},"canonical":"https:\/\/ptmsrl.com\/es\/prodotto\/as210\/","og_locale":"es_ES","og_type":"article","og_title":"PTM Srl | AS210","og_description":"B\u00e1scula industrial La b\u00e1scula AS210 ha sido projectada para el pesaje y la dosificaci\u00f3n para l\u00edneas de embalaje automaticas, construida dentro de un contenidor pl\u00e1stico de dimensiones reducidas y equipada por fusibles con restablecimiento autom\u00e1tico como protecci\u00f3n contra las inversiones de alimentaci\u00f3n y las sobrecorrientes, resultando adaptas a la instalaci\u00f3n en cuadro el\u00e9ctricos. La b\u00e1scula AS210 est\u00e1 equipada por doble display, un LCD retroiluminado para la visualizaci\u00f3n de los menus y de los procedimientos en curso y uno por LED con 6 d\u00edgitos de elvadas luminosidad y visibilidad, empleado para la visualizaci\u00f3n de los pesos. La b\u00e1scula AS210 prevee el controlo de la carga del componente, el vaciado, gestiona los pesos de vuelo, el alarma de integridad del producto, de falta componente y otras funciones. Como todos los sistemas PTM, La b\u00e1scula de la s\u00e9rie AS210 est\u00e1 equipada de sistema multi-idiomas, control garant\u00eda y detecci\u00f3n fecha y hora de eventuales sobracargas.","og_url":"https:\/\/ptmsrl.com\/es\/prodotto\/as210\/","og_site_name":"PTM Srl","article_publisher":"https:\/\/www.facebook.com\/believingintechnology\/","article_modified_time":"2019-07-19T15:28:17+00:00","og_image":[{"width":1024,"height":1024,"url":"https:\/\/ptmsrl.com\/wp-content\/uploads\/2018\/09\/AS.jpg","type":"image\/jpeg"}],"twitter_card":"summary_large_image","twitter_site":"@ptm","twitter_misc":{"Tiempo de lectura":"1 minuto"},"schema":{"@context":"https:\/\/schema.org","@graph":[{"@type":"WebPage","@id":"https:\/\/ptmsrl.com\/es\/prodotto\/as210\/","url":"https:\/\/ptmsrl.com\/es\/prodotto\/as210\/","name":"PTM Srl | AS210","isPartOf":{"@id":"https:\/\/ptmsrl.com\/#website"},"primaryImageOfPage":{"@id":"https:\/\/ptmsrl.com\/es\/prodotto\/as210\/#primaryimage"},"image":{"@id":"https:\/\/ptmsrl.com\/es\/prodotto\/as210\/#primaryimage"},"thumbnailUrl":"https:\/\/ptmsrl.com\/wp-content\/uploads\/2018\/09\/AS.jpg","datePublished":"2018-09-06T09:48:01+00:00","dateModified":"2019-07-19T15:28:17+00:00","breadcrumb":{"@id":"https:\/\/ptmsrl.com\/es\/prodotto\/as210\/#breadcrumb"},"inLanguage":"es","potentialAction":[{"@type":"ReadAction","target":["https:\/\/ptmsrl.com\/es\/prodotto\/as210\/"]}]},{"@type":"ImageObject","inLanguage":"es","@id":"https:\/\/ptmsrl.com\/es\/prodotto\/as210\/#primaryimage","url":"https:\/\/ptmsrl.com\/wp-content\/uploads\/2018\/09\/AS.jpg","contentUrl":"https:\/\/ptmsrl.com\/wp-content\/uploads\/2018\/09\/AS.jpg","width":1024,"height":1024,"caption":"as"},{"@type":"BreadcrumbList","@id":"https:\/\/ptmsrl.com\/es\/prodotto\/as210\/#breadcrumb","itemListElement":[{"@type":"ListItem","position":1,"name":"Home","item":"https:\/\/ptmsrl.com\/es\/"},{"@type":"ListItem","position":2,"name":"Shop","item":"https:\/\/ptmsrl.com\/shop\/"},{"@type":"ListItem","position":3,"name":"AS210"}]},{"@type":"WebSite","@id":"https:\/\/ptmsrl.com\/#website","url":"https:\/\/ptmsrl.com\/","name":"PTM Srl","description":"\u041c\u042b \u041f\u0420\u041e\u0418\u0417\u0412\u041e\u0414\u0418\u041c \u041a\u0410\u0427\u0415\u0421\u0422\u0412\u041e, \u041a\u041e\u0422\u041e\u0420\u041e\u0415 \u0418\u041c\u0415\u0415\u0422 \u041e\u0421\u041e\u0411\u042b\u0419 \u0412\u0415\u0421","publisher":{"@id":"https:\/\/ptmsrl.com\/#organization"},"potentialAction":[{"@type":"SearchAction","target":{"@type":"EntryPoint","urlTemplate":"https:\/\/ptmsrl.com\/?s={search_term_string}"},"query-input":{"@type":"PropertyValueSpecification","valueRequired":true,"valueName":"search_term_string"}}],"inLanguage":"es"},{"@type":"Organization","@id":"https:\/\/ptmsrl.com\/#organization","name":"PTM srl","url":"https:\/\/ptmsrl.com\/","logo":{"@type":"ImageObject","inLanguage":"es","@id":"https:\/\/ptmsrl.com\/#\/schema\/logo\/image\/","url":"https:\/\/ptmsrl.com\/wp-content\/uploads\/2018\/10\/LOGO-PTM.png","contentUrl":"https:\/\/ptmsrl.com\/wp-content\/uploads\/2018\/10\/LOGO-PTM.png","width":1000,"height":500,"caption":"PTM srl"},"image":{"@id":"https:\/\/ptmsrl.com\/#\/schema\/logo\/image\/"},"sameAs":["https:\/\/www.facebook.com\/believingintechnology\/","https:\/\/x.com\/ptm","https:\/\/www.linkedin.com\/company\/ptm-s-r-l\/","https:\/\/www.youtube.com\/channel\/UCPSOS0MaR-4jDkAD3HkAC7A"]}]}},"_links":{"self":[{"href":"https:\/\/ptmsrl.com\/es\/wp-json\/wp\/v2\/product\/4618","targetHints":{"allow":["GET"]}}],"collection":[{"href":"https:\/\/ptmsrl.com\/es\/wp-json\/wp\/v2\/product"}],"about":[{"href":"https:\/\/ptmsrl.com\/es\/wp-json\/wp\/v2\/types\/product"}],"wp:featuredmedia":[{"embeddable":true,"href":"https:\/\/ptmsrl.com\/es\/wp-json\/wp\/v2\/media\/4601"}],"wp:attachment":[{"href":"https:\/\/ptmsrl.com\/es\/wp-json\/wp\/v2\/media?parent=4618"}],"wp:term":[{"taxonomy":"product_brand","embeddable":true,"href":"https:\/\/ptmsrl.com\/es\/wp-json\/wp\/v2\/product_brand?post=4618"},{"taxonomy":"product_cat","embeddable":true,"href":"https:\/\/ptmsrl.com\/es\/wp-json\/wp\/v2\/product_cat?post=4618"},{"taxonomy":"product_tag","embeddable":true,"href":"https:\/\/ptmsrl.com\/es\/wp-json\/wp\/v2\/product_tag?post=4618"}],"curies":[{"name":"wp","href":"https:\/\/api.w.org\/{rel}","templated":true}]}}