{"id":4670,"date":"2018-09-06T15:09:44","date_gmt":"2018-10-12T09:38:52","guid":{"rendered":"https:\/\/ptmsrl.com\/prodotto\/linea-twin\/"},"modified":"2019-07-23T10:03:41","modified_gmt":"2019-07-23T08:03:41","slug":"linea-twin","status":"publish","type":"product","link":"https:\/\/ptmsrl.com\/es\/prodotto\/linea-twin\/","title":{"rendered":"Linea Twin"},"content":{"rendered":"","protected":false},"excerpt":{"rendered":"<h3>B\u00e1scula de pesaje y dosificaci\u00f3n para silos<\/h3>\n<p align=\"justify\">Estas b\u00e1sculas han sido ideadas para el control del peso y las operaciones de disificaci\u00f3n de los silos.<br \/>\nEt\u00e1n equipadas de gr\u00e1fica interactiva, conectores con contactos dorados, conector para la conexi\u00f3n optional, caja de alluminio, protecci\u00f3n contra eventuales inversiones de alimentaci\u00f3n por fusibles con restablecimiento autom\u00e1tico. La gama est\u00e1 formada por tre b\u00e1sculas: SC1500 TOP, TWIN BASE y TWIN.<\/p>\n<p><strong>SC1500 TOP<\/strong><\/p>\n<p align=\"justify\">La b\u00e1scula SC1500 TOP controla el peso de un silo, administra una alrma que se activa en caso de que sea superado el umbral m\u00e1ximo o se baje debajo del umbral m\u00ednimo, ambos programables del teclado, controla la programaci\u00f3n de la dosificaci\u00f3n \/carga\/descarga), gestiona la cantidad y el tempo de vuelo del producto, la visualizaci\u00f3n del numero de cargas ejecutadas, la memorizaci\u00f3n diaria y global de las acumulaciones del material dosificado y el control de los rel\u00e9s para el mando de los motores el\u00e9ctricos. La b\u00e1scula SC1500 TOP posee dos ingresos: uno para el activaci\u00f3n de la dosificaci\u00f3n y otro para la puesta a cero del peso.<\/p>\n<p><strong>TWIN BASE<\/strong><\/p>\n<p align=\"justify\">La b\u00e1scula TWIN BASE gestiona simult\u00e1neamente el peso de dos silos, con umbrales de m\u00e1ximo y de m\u00ednimo programables; si la cantidad de producto es superior al umbral m\u00e1ximo o inferior al m\u00ednimo, se activa una alarma.<\/p>\n<p><strong>TWIN<\/strong><\/p>\n<p align=\"justify\">La b\u00e1scula TWIN controla el peso del dos silos simult\u00e1neamente, administra una alarma que se activa en caso de que en al menos uno de los dos silos sea sobrado el umbral m\u00e1ximo o baje debajo del umbral m\u00ednimo, ambos libremente programables del teclado, controla la programaci\u00f3n de la dosificaci\u00f3n (carga\/descarga), gestiona la cantidad y el tiempo de vuelo del producto, la visualizaci\u00f3n del numero de cargas ejecutadas, la memorizaci\u00f3n d\u00edaria y global de las acumulaciones de material dosificado y el control de los rel\u00e9s para el manfo de los motores el\u00e9ctricos. La b\u00e1scula TWIN posee dos ingresos para el activaci\u00f3n de las dosificaciones y tres salidas, dos de las cuales sirven para el activaci\u00f3n de las c\u00f3cleas de los dos silos y la tercera para el alarma de nivel m\u00ednimo del tanque.<\/p>\n<p align=\"justify\">Como todas las b\u00e1sculas PTM, la gama SC1500 TOP &#8211; TWIN, est\u00e1 equipada de sistema multiidiomas, control garant\u00eda y detecci\u00f3n fecha y hora de eventuales sobrecargas.<\/p>\n","protected":false},"featured_media":4671,"template":"","meta":{"inline_featured_image":false},"product_brand":[],"product_cat":[234],"product_tag":[],"class_list":{"0":"post-4670","1":"product","2":"type-product","3":"status-publish","4":"has-post-thumbnail","6":"product_cat-soluciones-personalizadas","8":"first","9":"instock","10":"downloadable","11":"shipping-taxable","12":"product-type-simple"},"yoast_head":"<!-- This site is optimized with the Yoast SEO plugin v25.3 - https:\/\/yoast.com\/wordpress\/plugins\/seo\/ -->\n<title>PTM Srl | Linea Twin<\/title>\n<meta name=\"robots\" content=\"index, follow, max-snippet:-1, max-image-preview:large, max-video-preview:-1\" \/>\n<link rel=\"canonical\" href=\"https:\/\/ptmsrl.com\/es\/prodotto\/linea-twin\/\" \/>\n<meta property=\"og:locale\" content=\"es_ES\" \/>\n<meta property=\"og:type\" content=\"article\" \/>\n<meta property=\"og:title\" content=\"PTM Srl | Linea Twin\" \/>\n<meta property=\"og:description\" content=\"B\u00e1scula de pesaje y dosificaci\u00f3n para silos Estas b\u00e1sculas han sido ideadas para el control del peso y las operaciones de disificaci\u00f3n de los silos. Et\u00e1n equipadas de gr\u00e1fica interactiva, conectores con contactos dorados, conector para la conexi\u00f3n optional, caja de alluminio, protecci\u00f3n contra eventuales inversiones de alimentaci\u00f3n por fusibles con restablecimiento autom\u00e1tico. La gama est\u00e1 formada por tre b\u00e1sculas: SC1500 TOP, TWIN BASE y TWIN. SC1500 TOP La b\u00e1scula SC1500 TOP controla el peso de un silo, administra una alrma que se activa en caso de que sea superado el umbral m\u00e1ximo o se baje debajo del umbral m\u00ednimo, ambos programables del teclado, controla la programaci\u00f3n de la dosificaci\u00f3n \/carga\/descarga), gestiona la cantidad y el tempo de vuelo del producto, la visualizaci\u00f3n del numero de cargas ejecutadas, la memorizaci\u00f3n diaria y global de las acumulaciones del material dosificado y el control de los rel\u00e9s para el mando de los motores el\u00e9ctricos. La b\u00e1scula SC1500 TOP posee dos ingresos: uno para el activaci\u00f3n de la dosificaci\u00f3n y otro para la puesta a cero del peso. TWIN BASE La b\u00e1scula TWIN BASE gestiona simult\u00e1neamente el peso de dos silos, con umbrales de m\u00e1ximo y de m\u00ednimo programables; si la cantidad de producto es superior al umbral m\u00e1ximo o inferior al m\u00ednimo, se activa una alarma. TWIN La b\u00e1scula TWIN controla el peso del dos silos simult\u00e1neamente, administra una alarma que se activa en caso de que en al menos uno de los dos silos sea sobrado el umbral m\u00e1ximo o baje debajo del umbral m\u00ednimo, ambos libremente programables del teclado, controla la programaci\u00f3n de la dosificaci\u00f3n (carga\/descarga), gestiona la cantidad y el tiempo de vuelo del producto, la visualizaci\u00f3n del numero de cargas ejecutadas, la memorizaci\u00f3n d\u00edaria y global de las acumulaciones de material dosificado y el control de los rel\u00e9s para el manfo de los motores el\u00e9ctricos. La b\u00e1scula TWIN posee dos ingresos para el activaci\u00f3n de las dosificaciones y tres salidas, dos de las cuales sirven para el activaci\u00f3n de las c\u00f3cleas de los dos silos y la tercera para el alarma de nivel m\u00ednimo del tanque. Como todas las b\u00e1sculas PTM, la gama SC1500 TOP - TWIN, est\u00e1 equipada de sistema multiidiomas, control garant\u00eda y detecci\u00f3n fecha y hora de eventuales sobrecargas.\" \/>\n<meta property=\"og:url\" content=\"https:\/\/ptmsrl.com\/es\/prodotto\/linea-twin\/\" \/>\n<meta property=\"og:site_name\" content=\"PTM Srl\" \/>\n<meta property=\"article:publisher\" content=\"https:\/\/www.facebook.com\/believingintechnology\/\" \/>\n<meta property=\"article:modified_time\" content=\"2019-07-23T08:03:41+00:00\" \/>\n<meta property=\"og:image\" content=\"https:\/\/ptmsrl.com\/wp-content\/uploads\/2018\/09\/Twin.jpg\" \/>\n\t<meta property=\"og:image:width\" content=\"1024\" \/>\n\t<meta property=\"og:image:height\" content=\"1024\" \/>\n\t<meta property=\"og:image:type\" content=\"image\/jpeg\" \/>\n<meta name=\"twitter:card\" content=\"summary_large_image\" \/>\n<meta name=\"twitter:site\" content=\"@ptm\" \/>\n<script type=\"application\/ld+json\" class=\"yoast-schema-graph\">{\"@context\":\"https:\/\/schema.org\",\"@graph\":[{\"@type\":\"WebPage\",\"@id\":\"https:\/\/ptmsrl.com\/es\/prodotto\/linea-twin\/\",\"url\":\"https:\/\/ptmsrl.com\/es\/prodotto\/linea-twin\/\",\"name\":\"PTM Srl | Linea Twin\",\"isPartOf\":{\"@id\":\"https:\/\/ptmsrl.com\/#website\"},\"primaryImageOfPage\":{\"@id\":\"https:\/\/ptmsrl.com\/es\/prodotto\/linea-twin\/#primaryimage\"},\"image\":{\"@id\":\"https:\/\/ptmsrl.com\/es\/prodotto\/linea-twin\/#primaryimage\"},\"thumbnailUrl\":\"https:\/\/ptmsrl.com\/wp-content\/uploads\/2018\/09\/Twin.jpg\",\"datePublished\":\"2018-10-12T09:38:52+00:00\",\"dateModified\":\"2019-07-23T08:03:41+00:00\",\"breadcrumb\":{\"@id\":\"https:\/\/ptmsrl.com\/es\/prodotto\/linea-twin\/#breadcrumb\"},\"inLanguage\":\"es\",\"potentialAction\":[{\"@type\":\"ReadAction\",\"target\":[\"https:\/\/ptmsrl.com\/es\/prodotto\/linea-twin\/\"]}]},{\"@type\":\"ImageObject\",\"inLanguage\":\"es\",\"@id\":\"https:\/\/ptmsrl.com\/es\/prodotto\/linea-twin\/#primaryimage\",\"url\":\"https:\/\/ptmsrl.com\/wp-content\/uploads\/2018\/09\/Twin.jpg\",\"contentUrl\":\"https:\/\/ptmsrl.com\/wp-content\/uploads\/2018\/09\/Twin.jpg\",\"width\":1024,\"height\":1024,\"caption\":\"twin\"},{\"@type\":\"BreadcrumbList\",\"@id\":\"https:\/\/ptmsrl.com\/es\/prodotto\/linea-twin\/#breadcrumb\",\"itemListElement\":[{\"@type\":\"ListItem\",\"position\":1,\"name\":\"Home\",\"item\":\"https:\/\/ptmsrl.com\/es\/\"},{\"@type\":\"ListItem\",\"position\":2,\"name\":\"Shop\",\"item\":\"https:\/\/ptmsrl.com\/shop\/\"},{\"@type\":\"ListItem\",\"position\":3,\"name\":\"Linea Twin\"}]},{\"@type\":\"WebSite\",\"@id\":\"https:\/\/ptmsrl.com\/#website\",\"url\":\"https:\/\/ptmsrl.com\/\",\"name\":\"PTM Srl\",\"description\":\"\u041c\u042b \u041f\u0420\u041e\u0418\u0417\u0412\u041e\u0414\u0418\u041c \u041a\u0410\u0427\u0415\u0421\u0422\u0412\u041e, \u041a\u041e\u0422\u041e\u0420\u041e\u0415 \u0418\u041c\u0415\u0415\u0422 \u041e\u0421\u041e\u0411\u042b\u0419 \u0412\u0415\u0421\",\"publisher\":{\"@id\":\"https:\/\/ptmsrl.com\/#organization\"},\"potentialAction\":[{\"@type\":\"SearchAction\",\"target\":{\"@type\":\"EntryPoint\",\"urlTemplate\":\"https:\/\/ptmsrl.com\/?s={search_term_string}\"},\"query-input\":{\"@type\":\"PropertyValueSpecification\",\"valueRequired\":true,\"valueName\":\"search_term_string\"}}],\"inLanguage\":\"es\"},{\"@type\":\"Organization\",\"@id\":\"https:\/\/ptmsrl.com\/#organization\",\"name\":\"PTM srl\",\"url\":\"https:\/\/ptmsrl.com\/\",\"logo\":{\"@type\":\"ImageObject\",\"inLanguage\":\"es\",\"@id\":\"https:\/\/ptmsrl.com\/#\/schema\/logo\/image\/\",\"url\":\"https:\/\/ptmsrl.com\/wp-content\/uploads\/2018\/10\/LOGO-PTM.png\",\"contentUrl\":\"https:\/\/ptmsrl.com\/wp-content\/uploads\/2018\/10\/LOGO-PTM.png\",\"width\":1000,\"height\":500,\"caption\":\"PTM srl\"},\"image\":{\"@id\":\"https:\/\/ptmsrl.com\/#\/schema\/logo\/image\/\"},\"sameAs\":[\"https:\/\/www.facebook.com\/believingintechnology\/\",\"https:\/\/x.com\/ptm\",\"https:\/\/www.linkedin.com\/company\/ptm-s-r-l\/\",\"https:\/\/www.youtube.com\/channel\/UCPSOS0MaR-4jDkAD3HkAC7A\"]}]}<\/script>\n<!-- \/ Yoast SEO plugin. -->","yoast_head_json":{"title":"PTM Srl | Linea Twin","robots":{"index":"index","follow":"follow","max-snippet":"max-snippet:-1","max-image-preview":"max-image-preview:large","max-video-preview":"max-video-preview:-1"},"canonical":"https:\/\/ptmsrl.com\/es\/prodotto\/linea-twin\/","og_locale":"es_ES","og_type":"article","og_title":"PTM Srl | Linea Twin","og_description":"B\u00e1scula de pesaje y dosificaci\u00f3n para silos Estas b\u00e1sculas han sido ideadas para el control del peso y las operaciones de disificaci\u00f3n de los silos. Et\u00e1n equipadas de gr\u00e1fica interactiva, conectores con contactos dorados, conector para la conexi\u00f3n optional, caja de alluminio, protecci\u00f3n contra eventuales inversiones de alimentaci\u00f3n por fusibles con restablecimiento autom\u00e1tico. La gama est\u00e1 formada por tre b\u00e1sculas: SC1500 TOP, TWIN BASE y TWIN. SC1500 TOP La b\u00e1scula SC1500 TOP controla el peso de un silo, administra una alrma que se activa en caso de que sea superado el umbral m\u00e1ximo o se baje debajo del umbral m\u00ednimo, ambos programables del teclado, controla la programaci\u00f3n de la dosificaci\u00f3n \/carga\/descarga), gestiona la cantidad y el tempo de vuelo del producto, la visualizaci\u00f3n del numero de cargas ejecutadas, la memorizaci\u00f3n diaria y global de las acumulaciones del material dosificado y el control de los rel\u00e9s para el mando de los motores el\u00e9ctricos. La b\u00e1scula SC1500 TOP posee dos ingresos: uno para el activaci\u00f3n de la dosificaci\u00f3n y otro para la puesta a cero del peso. TWIN BASE La b\u00e1scula TWIN BASE gestiona simult\u00e1neamente el peso de dos silos, con umbrales de m\u00e1ximo y de m\u00ednimo programables; si la cantidad de producto es superior al umbral m\u00e1ximo o inferior al m\u00ednimo, se activa una alarma. TWIN La b\u00e1scula TWIN controla el peso del dos silos simult\u00e1neamente, administra una alarma que se activa en caso de que en al menos uno de los dos silos sea sobrado el umbral m\u00e1ximo o baje debajo del umbral m\u00ednimo, ambos libremente programables del teclado, controla la programaci\u00f3n de la dosificaci\u00f3n (carga\/descarga), gestiona la cantidad y el tiempo de vuelo del producto, la visualizaci\u00f3n del numero de cargas ejecutadas, la memorizaci\u00f3n d\u00edaria y global de las acumulaciones de material dosificado y el control de los rel\u00e9s para el manfo de los motores el\u00e9ctricos. La b\u00e1scula TWIN posee dos ingresos para el activaci\u00f3n de las dosificaciones y tres salidas, dos de las cuales sirven para el activaci\u00f3n de las c\u00f3cleas de los dos silos y la tercera para el alarma de nivel m\u00ednimo del tanque. Como todas las b\u00e1sculas PTM, la gama SC1500 TOP - TWIN, est\u00e1 equipada de sistema multiidiomas, control garant\u00eda y detecci\u00f3n fecha y hora de eventuales sobrecargas.","og_url":"https:\/\/ptmsrl.com\/es\/prodotto\/linea-twin\/","og_site_name":"PTM Srl","article_publisher":"https:\/\/www.facebook.com\/believingintechnology\/","article_modified_time":"2019-07-23T08:03:41+00:00","og_image":[{"width":1024,"height":1024,"url":"https:\/\/ptmsrl.com\/wp-content\/uploads\/2018\/09\/Twin.jpg","type":"image\/jpeg"}],"twitter_card":"summary_large_image","twitter_site":"@ptm","schema":{"@context":"https:\/\/schema.org","@graph":[{"@type":"WebPage","@id":"https:\/\/ptmsrl.com\/es\/prodotto\/linea-twin\/","url":"https:\/\/ptmsrl.com\/es\/prodotto\/linea-twin\/","name":"PTM Srl | Linea Twin","isPartOf":{"@id":"https:\/\/ptmsrl.com\/#website"},"primaryImageOfPage":{"@id":"https:\/\/ptmsrl.com\/es\/prodotto\/linea-twin\/#primaryimage"},"image":{"@id":"https:\/\/ptmsrl.com\/es\/prodotto\/linea-twin\/#primaryimage"},"thumbnailUrl":"https:\/\/ptmsrl.com\/wp-content\/uploads\/2018\/09\/Twin.jpg","datePublished":"2018-10-12T09:38:52+00:00","dateModified":"2019-07-23T08:03:41+00:00","breadcrumb":{"@id":"https:\/\/ptmsrl.com\/es\/prodotto\/linea-twin\/#breadcrumb"},"inLanguage":"es","potentialAction":[{"@type":"ReadAction","target":["https:\/\/ptmsrl.com\/es\/prodotto\/linea-twin\/"]}]},{"@type":"ImageObject","inLanguage":"es","@id":"https:\/\/ptmsrl.com\/es\/prodotto\/linea-twin\/#primaryimage","url":"https:\/\/ptmsrl.com\/wp-content\/uploads\/2018\/09\/Twin.jpg","contentUrl":"https:\/\/ptmsrl.com\/wp-content\/uploads\/2018\/09\/Twin.jpg","width":1024,"height":1024,"caption":"twin"},{"@type":"BreadcrumbList","@id":"https:\/\/ptmsrl.com\/es\/prodotto\/linea-twin\/#breadcrumb","itemListElement":[{"@type":"ListItem","position":1,"name":"Home","item":"https:\/\/ptmsrl.com\/es\/"},{"@type":"ListItem","position":2,"name":"Shop","item":"https:\/\/ptmsrl.com\/shop\/"},{"@type":"ListItem","position":3,"name":"Linea Twin"}]},{"@type":"WebSite","@id":"https:\/\/ptmsrl.com\/#website","url":"https:\/\/ptmsrl.com\/","name":"PTM Srl","description":"\u041c\u042b \u041f\u0420\u041e\u0418\u0417\u0412\u041e\u0414\u0418\u041c \u041a\u0410\u0427\u0415\u0421\u0422\u0412\u041e, \u041a\u041e\u0422\u041e\u0420\u041e\u0415 \u0418\u041c\u0415\u0415\u0422 \u041e\u0421\u041e\u0411\u042b\u0419 \u0412\u0415\u0421","publisher":{"@id":"https:\/\/ptmsrl.com\/#organization"},"potentialAction":[{"@type":"SearchAction","target":{"@type":"EntryPoint","urlTemplate":"https:\/\/ptmsrl.com\/?s={search_term_string}"},"query-input":{"@type":"PropertyValueSpecification","valueRequired":true,"valueName":"search_term_string"}}],"inLanguage":"es"},{"@type":"Organization","@id":"https:\/\/ptmsrl.com\/#organization","name":"PTM srl","url":"https:\/\/ptmsrl.com\/","logo":{"@type":"ImageObject","inLanguage":"es","@id":"https:\/\/ptmsrl.com\/#\/schema\/logo\/image\/","url":"https:\/\/ptmsrl.com\/wp-content\/uploads\/2018\/10\/LOGO-PTM.png","contentUrl":"https:\/\/ptmsrl.com\/wp-content\/uploads\/2018\/10\/LOGO-PTM.png","width":1000,"height":500,"caption":"PTM srl"},"image":{"@id":"https:\/\/ptmsrl.com\/#\/schema\/logo\/image\/"},"sameAs":["https:\/\/www.facebook.com\/believingintechnology\/","https:\/\/x.com\/ptm","https:\/\/www.linkedin.com\/company\/ptm-s-r-l\/","https:\/\/www.youtube.com\/channel\/UCPSOS0MaR-4jDkAD3HkAC7A"]}]}},"_links":{"self":[{"href":"https:\/\/ptmsrl.com\/es\/wp-json\/wp\/v2\/product\/4670","targetHints":{"allow":["GET"]}}],"collection":[{"href":"https:\/\/ptmsrl.com\/es\/wp-json\/wp\/v2\/product"}],"about":[{"href":"https:\/\/ptmsrl.com\/es\/wp-json\/wp\/v2\/types\/product"}],"wp:featuredmedia":[{"embeddable":true,"href":"https:\/\/ptmsrl.com\/es\/wp-json\/wp\/v2\/media\/4671"}],"wp:attachment":[{"href":"https:\/\/ptmsrl.com\/es\/wp-json\/wp\/v2\/media?parent=4670"}],"wp:term":[{"taxonomy":"product_brand","embeddable":true,"href":"https:\/\/ptmsrl.com\/es\/wp-json\/wp\/v2\/product_brand?post=4670"},{"taxonomy":"product_cat","embeddable":true,"href":"https:\/\/ptmsrl.com\/es\/wp-json\/wp\/v2\/product_cat?post=4670"},{"taxonomy":"product_tag","embeddable":true,"href":"https:\/\/ptmsrl.com\/es\/wp-json\/wp\/v2\/product_tag?post=4670"}],"curies":[{"name":"wp","href":"https:\/\/api.w.org\/{rel}","templated":true}]}}