{"id":4895,"date":"2018-09-07T09:35:57","date_gmt":"2018-09-07T07:35:57","guid":{"rendered":"https:\/\/ptmsrl.com\/prodotto\/npk2\/"},"modified":"2025-05-26T15:13:52","modified_gmt":"2025-05-26T13:13:52","slug":"npk2","status":"publish","type":"product","link":"https:\/\/ptmsrl.com\/es\/prodotto\/npk2\/","title":{"rendered":"NPK2"},"content":{"rendered":"<ul>\n<li>Concentraci\u00f3n nutrientes en kg\/m3<\/li>\n<li>Imprenta adquisiciones<\/li>\n<li>Configuraci\u00f3n y lectura adquisiciones por medio del programa FertiData<\/li>\n<\/ul>\n","protected":false},"excerpt":{"rendered":"<p>El art\u00edculo est\u00e0 fuera de producci\u00f3n.<br \/>\nEn el siguiente enlace indicamos el producto m\u00e1s actualizado con las mismas funciones.<\/p>\n<a href=\"https:\/\/ptmsrl.com\/es\/prodotto\/npk3\/\" target=\"Blank\" class=\"button primary is-primary is-medium\"  >\n\t\t<span>Fertimeter NPK3<\/span>\n\t<\/a>\n\n<hr>\n<h3><strong>Sistema electr\u00f3nico para valorar la concentraci\u00f3n de nutrientes en el pur\u00edn zoot\u00e9cnico.<\/strong><\/h3>\n<p aling=\"justify\">La b\u00e1scula es empleada para medir la concentraci\u00f3n de nutrientes en los purines zoot\u00e9cnicos.<br \/>\nEl valor se obtiene por medio de una sonda que, a contacto con el pur\u00edn que se necesita an\u00e1lizar, permite el c\u00e1lculo de la concentraci\u00f3n de nitr\u00f3geno total (TKN), nitr\u00f3geno amoniacal (N-NH4), f\u00f3sforo (P2O5) y potasio (K2O).<\/p>\n<p aling=\"justify\">Por cada tipo de pur\u00edn se tiene que saber las 4 curvas de correlaci\u00f3n, o sea 4 gr\u00e1ficos que describen el v\u00ednculo entre la electroconductividad del pur\u00edn y la concentraci\u00f3n de los 4 nutrientes. La b\u00e1scula mide por medio de la sonda la electroconductividad del pur\u00edn y por medio de las curvas de correlaci\u00f3n obtiene la concentraci\u00f3n de los nutrientes.<\/p>\n<p aling=\"justify\">Est\u00e1n disponibles la versi\u00f3n port\u00e1til (con bater\u00edas) y la versi\u00f3n fija. Para esta b\u00e1scula hay a disposici\u00f3n 3 tipos de sonda: manual, para cisterna pur\u00edn y sondas peque\u00f1as para contenedores de laboratorio.<\/p>\n","protected":false},"featured_media":4896,"template":"","meta":{"inline_featured_image":false},"product_brand":[],"product_cat":[515],"product_tag":[],"class_list":{"0":"post-4895","1":"product","2":"type-product","3":"status-publish","4":"has-post-thumbnail","6":"product_cat-actualiza-tu-producto-es-analisis","8":"first","9":"instock","10":"downloadable","11":"shipping-taxable","12":"product-type-simple"},"yoast_head":"<!-- This site is optimized with the Yoast SEO plugin v25.3 - https:\/\/yoast.com\/wordpress\/plugins\/seo\/ -->\n<title>PTM Srl | NPK2<\/title>\n<meta name=\"robots\" content=\"index, follow, max-snippet:-1, max-image-preview:large, max-video-preview:-1\" \/>\n<link rel=\"canonical\" href=\"https:\/\/ptmsrl.com\/es\/prodotto\/npk2\/\" \/>\n<meta property=\"og:locale\" content=\"es_ES\" \/>\n<meta property=\"og:type\" content=\"article\" \/>\n<meta property=\"og:title\" content=\"PTM Srl | NPK2\" \/>\n<meta property=\"og:description\" content=\"El art\u00edculo est\u00e0 fuera de producci\u00f3n. En el siguiente enlace indicamos el producto m\u00e1s actualizado con las mismas funciones.     Sistema electr\u00f3nico para valorar la concentraci\u00f3n de nutrientes en el pur\u00edn zoot\u00e9cnico. La b\u00e1scula es empleada para medir la concentraci\u00f3n de nutrientes en los purines zoot\u00e9cnicos. El valor se obtiene por medio de una sonda que, a contacto con el pur\u00edn que se necesita an\u00e1lizar, permite el c\u00e1lculo de la concentraci\u00f3n de nitr\u00f3geno total (TKN), nitr\u00f3geno amoniacal (N-NH4), f\u00f3sforo (P2O5) y potasio (K2O).  Por cada tipo de pur\u00edn se tiene que saber las 4 curvas de correlaci\u00f3n, o sea 4 gr\u00e1ficos que describen el v\u00ednculo entre la electroconductividad del pur\u00edn y la concentraci\u00f3n de los 4 nutrientes. La b\u00e1scula mide por medio de la sonda la electroconductividad del pur\u00edn y por medio de las curvas de correlaci\u00f3n obtiene la concentraci\u00f3n de los nutrientes. Est\u00e1n disponibles la versi\u00f3n port\u00e1til (con bater\u00edas) y la versi\u00f3n fija. Para esta b\u00e1scula hay a disposici\u00f3n 3 tipos de sonda: manual, para cisterna pur\u00edn y sondas peque\u00f1as para contenedores de laboratorio.\" \/>\n<meta property=\"og:url\" content=\"https:\/\/ptmsrl.com\/es\/prodotto\/npk2\/\" \/>\n<meta property=\"og:site_name\" content=\"PTM Srl\" \/>\n<meta property=\"article:publisher\" content=\"https:\/\/www.facebook.com\/believingintechnology\/\" \/>\n<meta property=\"article:modified_time\" content=\"2025-05-26T13:13:52+00:00\" \/>\n<meta property=\"og:image\" content=\"https:\/\/ptmsrl.com\/wp-content\/uploads\/2018\/09\/NPK2.jpg\" \/>\n\t<meta property=\"og:image:width\" content=\"1024\" \/>\n\t<meta property=\"og:image:height\" content=\"1024\" \/>\n\t<meta property=\"og:image:type\" content=\"image\/jpeg\" \/>\n<meta name=\"twitter:card\" content=\"summary_large_image\" \/>\n<meta name=\"twitter:site\" content=\"@ptm\" \/>\n<meta name=\"twitter:label1\" content=\"Tiempo de lectura\" \/>\n\t<meta name=\"twitter:data1\" content=\"1 minuto\" \/>\n<script type=\"application\/ld+json\" class=\"yoast-schema-graph\">{\"@context\":\"https:\/\/schema.org\",\"@graph\":[{\"@type\":\"WebPage\",\"@id\":\"https:\/\/ptmsrl.com\/es\/prodotto\/npk2\/\",\"url\":\"https:\/\/ptmsrl.com\/es\/prodotto\/npk2\/\",\"name\":\"PTM Srl | NPK2\",\"isPartOf\":{\"@id\":\"https:\/\/ptmsrl.com\/#website\"},\"primaryImageOfPage\":{\"@id\":\"https:\/\/ptmsrl.com\/es\/prodotto\/npk2\/#primaryimage\"},\"image\":{\"@id\":\"https:\/\/ptmsrl.com\/es\/prodotto\/npk2\/#primaryimage\"},\"thumbnailUrl\":\"https:\/\/ptmsrl.com\/wp-content\/uploads\/2018\/09\/NPK2.jpg\",\"datePublished\":\"2018-09-07T07:35:57+00:00\",\"dateModified\":\"2025-05-26T13:13:52+00:00\",\"breadcrumb\":{\"@id\":\"https:\/\/ptmsrl.com\/es\/prodotto\/npk2\/#breadcrumb\"},\"inLanguage\":\"es\",\"potentialAction\":[{\"@type\":\"ReadAction\",\"target\":[\"https:\/\/ptmsrl.com\/es\/prodotto\/npk2\/\"]}]},{\"@type\":\"ImageObject\",\"inLanguage\":\"es\",\"@id\":\"https:\/\/ptmsrl.com\/es\/prodotto\/npk2\/#primaryimage\",\"url\":\"https:\/\/ptmsrl.com\/wp-content\/uploads\/2018\/09\/NPK2.jpg\",\"contentUrl\":\"https:\/\/ptmsrl.com\/wp-content\/uploads\/2018\/09\/NPK2.jpg\",\"width\":1024,\"height\":1024,\"caption\":\"npk2\"},{\"@type\":\"BreadcrumbList\",\"@id\":\"https:\/\/ptmsrl.com\/es\/prodotto\/npk2\/#breadcrumb\",\"itemListElement\":[{\"@type\":\"ListItem\",\"position\":1,\"name\":\"Home\",\"item\":\"https:\/\/ptmsrl.com\/es\/\"},{\"@type\":\"ListItem\",\"position\":2,\"name\":\"Shop\",\"item\":\"https:\/\/ptmsrl.com\/shop\/\"},{\"@type\":\"ListItem\",\"position\":3,\"name\":\"NPK2\"}]},{\"@type\":\"WebSite\",\"@id\":\"https:\/\/ptmsrl.com\/#website\",\"url\":\"https:\/\/ptmsrl.com\/\",\"name\":\"PTM Srl\",\"description\":\"\u041c\u042b \u041f\u0420\u041e\u0418\u0417\u0412\u041e\u0414\u0418\u041c \u041a\u0410\u0427\u0415\u0421\u0422\u0412\u041e, \u041a\u041e\u0422\u041e\u0420\u041e\u0415 \u0418\u041c\u0415\u0415\u0422 \u041e\u0421\u041e\u0411\u042b\u0419 \u0412\u0415\u0421\",\"publisher\":{\"@id\":\"https:\/\/ptmsrl.com\/#organization\"},\"potentialAction\":[{\"@type\":\"SearchAction\",\"target\":{\"@type\":\"EntryPoint\",\"urlTemplate\":\"https:\/\/ptmsrl.com\/?s={search_term_string}\"},\"query-input\":{\"@type\":\"PropertyValueSpecification\",\"valueRequired\":true,\"valueName\":\"search_term_string\"}}],\"inLanguage\":\"es\"},{\"@type\":\"Organization\",\"@id\":\"https:\/\/ptmsrl.com\/#organization\",\"name\":\"PTM srl\",\"url\":\"https:\/\/ptmsrl.com\/\",\"logo\":{\"@type\":\"ImageObject\",\"inLanguage\":\"es\",\"@id\":\"https:\/\/ptmsrl.com\/#\/schema\/logo\/image\/\",\"url\":\"https:\/\/ptmsrl.com\/wp-content\/uploads\/2018\/10\/LOGO-PTM.png\",\"contentUrl\":\"https:\/\/ptmsrl.com\/wp-content\/uploads\/2018\/10\/LOGO-PTM.png\",\"width\":1000,\"height\":500,\"caption\":\"PTM srl\"},\"image\":{\"@id\":\"https:\/\/ptmsrl.com\/#\/schema\/logo\/image\/\"},\"sameAs\":[\"https:\/\/www.facebook.com\/believingintechnology\/\",\"https:\/\/x.com\/ptm\",\"https:\/\/www.linkedin.com\/company\/ptm-s-r-l\/\",\"https:\/\/www.youtube.com\/channel\/UCPSOS0MaR-4jDkAD3HkAC7A\"]}]}<\/script>\n<!-- \/ Yoast SEO plugin. -->","yoast_head_json":{"title":"PTM Srl | NPK2","robots":{"index":"index","follow":"follow","max-snippet":"max-snippet:-1","max-image-preview":"max-image-preview:large","max-video-preview":"max-video-preview:-1"},"canonical":"https:\/\/ptmsrl.com\/es\/prodotto\/npk2\/","og_locale":"es_ES","og_type":"article","og_title":"PTM Srl | NPK2","og_description":"El art\u00edculo est\u00e0 fuera de producci\u00f3n. En el siguiente enlace indicamos el producto m\u00e1s actualizado con las mismas funciones.     Sistema electr\u00f3nico para valorar la concentraci\u00f3n de nutrientes en el pur\u00edn zoot\u00e9cnico. La b\u00e1scula es empleada para medir la concentraci\u00f3n de nutrientes en los purines zoot\u00e9cnicos. El valor se obtiene por medio de una sonda que, a contacto con el pur\u00edn que se necesita an\u00e1lizar, permite el c\u00e1lculo de la concentraci\u00f3n de nitr\u00f3geno total (TKN), nitr\u00f3geno amoniacal (N-NH4), f\u00f3sforo (P2O5) y potasio (K2O).  Por cada tipo de pur\u00edn se tiene que saber las 4 curvas de correlaci\u00f3n, o sea 4 gr\u00e1ficos que describen el v\u00ednculo entre la electroconductividad del pur\u00edn y la concentraci\u00f3n de los 4 nutrientes. La b\u00e1scula mide por medio de la sonda la electroconductividad del pur\u00edn y por medio de las curvas de correlaci\u00f3n obtiene la concentraci\u00f3n de los nutrientes. Est\u00e1n disponibles la versi\u00f3n port\u00e1til (con bater\u00edas) y la versi\u00f3n fija. Para esta b\u00e1scula hay a disposici\u00f3n 3 tipos de sonda: manual, para cisterna pur\u00edn y sondas peque\u00f1as para contenedores de laboratorio.","og_url":"https:\/\/ptmsrl.com\/es\/prodotto\/npk2\/","og_site_name":"PTM Srl","article_publisher":"https:\/\/www.facebook.com\/believingintechnology\/","article_modified_time":"2025-05-26T13:13:52+00:00","og_image":[{"width":1024,"height":1024,"url":"https:\/\/ptmsrl.com\/wp-content\/uploads\/2018\/09\/NPK2.jpg","type":"image\/jpeg"}],"twitter_card":"summary_large_image","twitter_site":"@ptm","twitter_misc":{"Tiempo de lectura":"1 minuto"},"schema":{"@context":"https:\/\/schema.org","@graph":[{"@type":"WebPage","@id":"https:\/\/ptmsrl.com\/es\/prodotto\/npk2\/","url":"https:\/\/ptmsrl.com\/es\/prodotto\/npk2\/","name":"PTM Srl | NPK2","isPartOf":{"@id":"https:\/\/ptmsrl.com\/#website"},"primaryImageOfPage":{"@id":"https:\/\/ptmsrl.com\/es\/prodotto\/npk2\/#primaryimage"},"image":{"@id":"https:\/\/ptmsrl.com\/es\/prodotto\/npk2\/#primaryimage"},"thumbnailUrl":"https:\/\/ptmsrl.com\/wp-content\/uploads\/2018\/09\/NPK2.jpg","datePublished":"2018-09-07T07:35:57+00:00","dateModified":"2025-05-26T13:13:52+00:00","breadcrumb":{"@id":"https:\/\/ptmsrl.com\/es\/prodotto\/npk2\/#breadcrumb"},"inLanguage":"es","potentialAction":[{"@type":"ReadAction","target":["https:\/\/ptmsrl.com\/es\/prodotto\/npk2\/"]}]},{"@type":"ImageObject","inLanguage":"es","@id":"https:\/\/ptmsrl.com\/es\/prodotto\/npk2\/#primaryimage","url":"https:\/\/ptmsrl.com\/wp-content\/uploads\/2018\/09\/NPK2.jpg","contentUrl":"https:\/\/ptmsrl.com\/wp-content\/uploads\/2018\/09\/NPK2.jpg","width":1024,"height":1024,"caption":"npk2"},{"@type":"BreadcrumbList","@id":"https:\/\/ptmsrl.com\/es\/prodotto\/npk2\/#breadcrumb","itemListElement":[{"@type":"ListItem","position":1,"name":"Home","item":"https:\/\/ptmsrl.com\/es\/"},{"@type":"ListItem","position":2,"name":"Shop","item":"https:\/\/ptmsrl.com\/shop\/"},{"@type":"ListItem","position":3,"name":"NPK2"}]},{"@type":"WebSite","@id":"https:\/\/ptmsrl.com\/#website","url":"https:\/\/ptmsrl.com\/","name":"PTM Srl","description":"\u041c\u042b \u041f\u0420\u041e\u0418\u0417\u0412\u041e\u0414\u0418\u041c \u041a\u0410\u0427\u0415\u0421\u0422\u0412\u041e, \u041a\u041e\u0422\u041e\u0420\u041e\u0415 \u0418\u041c\u0415\u0415\u0422 \u041e\u0421\u041e\u0411\u042b\u0419 \u0412\u0415\u0421","publisher":{"@id":"https:\/\/ptmsrl.com\/#organization"},"potentialAction":[{"@type":"SearchAction","target":{"@type":"EntryPoint","urlTemplate":"https:\/\/ptmsrl.com\/?s={search_term_string}"},"query-input":{"@type":"PropertyValueSpecification","valueRequired":true,"valueName":"search_term_string"}}],"inLanguage":"es"},{"@type":"Organization","@id":"https:\/\/ptmsrl.com\/#organization","name":"PTM srl","url":"https:\/\/ptmsrl.com\/","logo":{"@type":"ImageObject","inLanguage":"es","@id":"https:\/\/ptmsrl.com\/#\/schema\/logo\/image\/","url":"https:\/\/ptmsrl.com\/wp-content\/uploads\/2018\/10\/LOGO-PTM.png","contentUrl":"https:\/\/ptmsrl.com\/wp-content\/uploads\/2018\/10\/LOGO-PTM.png","width":1000,"height":500,"caption":"PTM srl"},"image":{"@id":"https:\/\/ptmsrl.com\/#\/schema\/logo\/image\/"},"sameAs":["https:\/\/www.facebook.com\/believingintechnology\/","https:\/\/x.com\/ptm","https:\/\/www.linkedin.com\/company\/ptm-s-r-l\/","https:\/\/www.youtube.com\/channel\/UCPSOS0MaR-4jDkAD3HkAC7A"]}]}},"_links":{"self":[{"href":"https:\/\/ptmsrl.com\/es\/wp-json\/wp\/v2\/product\/4895","targetHints":{"allow":["GET"]}}],"collection":[{"href":"https:\/\/ptmsrl.com\/es\/wp-json\/wp\/v2\/product"}],"about":[{"href":"https:\/\/ptmsrl.com\/es\/wp-json\/wp\/v2\/types\/product"}],"wp:featuredmedia":[{"embeddable":true,"href":"https:\/\/ptmsrl.com\/es\/wp-json\/wp\/v2\/media\/4896"}],"wp:attachment":[{"href":"https:\/\/ptmsrl.com\/es\/wp-json\/wp\/v2\/media?parent=4895"}],"wp:term":[{"taxonomy":"product_brand","embeddable":true,"href":"https:\/\/ptmsrl.com\/es\/wp-json\/wp\/v2\/product_brand?post=4895"},{"taxonomy":"product_cat","embeddable":true,"href":"https:\/\/ptmsrl.com\/es\/wp-json\/wp\/v2\/product_cat?post=4895"},{"taxonomy":"product_tag","embeddable":true,"href":"https:\/\/ptmsrl.com\/es\/wp-json\/wp\/v2\/product_tag?post=4895"}],"curies":[{"name":"wp","href":"https:\/\/api.w.org\/{rel}","templated":true}]}}