{"id":5017,"date":"2018-09-07T11:44:27","date_gmt":"2018-09-07T09:44:27","guid":{"rendered":"https:\/\/ptmsrl.com\/prodotto\/big-display-multilink\/"},"modified":"2019-07-23T15:16:27","modified_gmt":"2019-07-23T13:16:27","slug":"big-display-multilink","status":"publish","type":"product","link":"https:\/\/ptmsrl.com\/es\/prodotto\/big-display-multilink\/","title":{"rendered":"Big Display Multilink"},"content":{"rendered":"<ul>\n<li>Visibilidad del display hasta 100 m<\/li>\n<li>Pantalla visible incluso en ambientes abiertos con elevada luminosidad<\/li>\n<li>Ajuste de la luminosidad seg\u00fan la luz ambiental.<\/li>\n<li>Caja en ACERO IP68 resistente a condiciones extremas<\/li>\n<li>Compatible con todos los modelos de b\u00e1sculas PTM<\/li>\n<li>Posibilidad de comunicar con CAN-BUS o wireless<\/li>\n<li>Posibilidad de interfaz con dispositivos que no son PTM (previa demanda del protocolo de comunicaci\u00f3n)<\/li>\n<\/ul>\n","protected":false},"excerpt":{"rendered":"<h3><strong>Display repetidor con grandes cifras, visibilidad perfecta en todas las condiciones de luz ambiental<\/strong><\/h3>\n<p align=\"justify\">Este display ha sido disenado para la visualizaci\u00f3n del peso registrado por la b\u00e1scula a grandes distancias, hasta 100 metros.<\/p>\n<p align=\"justify\">El BIG DISPLAY est\u00e1 disponibile tanto con <strong>car\u00e1cteres n\u00famericos como con car\u00e1cteres alfan\u00famericos<\/strong>.<br \/>\nEl display tiene una <strong>caja met\u00e1lica IP68<\/strong>, resistente a condiciones extremas y el filtro \u00f3ptico para ser capaz de ver claramente los valores en la pantalla incluso en presencia de luz fuerte. El display ha sido equipado de LED con 6 d\u00edgitos con elevada luminosidad y visibilidad y tiene un ajuste autom\u00e1tico de brillo seg\u00fan la luz ambiental.<\/p>\n<p align=\"justify\">Este dispositivo puede comunicar con todas las b\u00e1sculas PTM, funciona con la alimentaci\u00f3n de la red el\u00e9ctrica 220 V y permite de utilizar un cable de conexi\u00f3n a la b\u00e1scula con una longitud hasta 30 m.<br \/>\nA demanda es posible ofrecer una <strong>comunicaci\u00f3n wireless<\/strong>, <strong>CAN-BUS<\/strong> o con otros protocolos de comunicaci\u00f3n diferentes para interconectar el display con otros dispositivos.<\/p>\n","protected":false},"featured_media":5018,"template":"","meta":{"inline_featured_image":false},"product_brand":[],"product_cat":[242],"product_tag":[],"class_list":{"0":"post-5017","1":"product","2":"type-product","3":"status-publish","4":"has-post-thumbnail","6":"product_cat-accessori-multilink-es","8":"first","9":"instock","10":"downloadable","11":"shipping-taxable","12":"product-type-simple"},"yoast_head":"<!-- This site is optimized with the Yoast SEO plugin v25.3 - https:\/\/yoast.com\/wordpress\/plugins\/seo\/ -->\n<title>PTM Srl | Big Display Multilink<\/title>\n<meta name=\"robots\" content=\"index, follow, max-snippet:-1, max-image-preview:large, max-video-preview:-1\" \/>\n<link rel=\"canonical\" href=\"https:\/\/ptmsrl.com\/es\/prodotto\/big-display-multilink\/\" \/>\n<meta property=\"og:locale\" content=\"es_ES\" \/>\n<meta property=\"og:type\" content=\"article\" \/>\n<meta property=\"og:title\" content=\"PTM Srl | Big Display Multilink\" \/>\n<meta property=\"og:description\" content=\"Display repetidor con grandes cifras, visibilidad perfecta en todas las condiciones de luz ambiental Este display ha sido disenado para la visualizaci\u00f3n del peso registrado por la b\u00e1scula a grandes distancias, hasta 100 metros.  El BIG DISPLAY est\u00e1 disponibile tanto con car\u00e1cteres n\u00famericos como con car\u00e1cteres alfan\u00famericos. El display tiene una caja met\u00e1lica IP68, resistente a condiciones extremas y el filtro \u00f3ptico para ser capaz de ver claramente los valores en la pantalla incluso en presencia de luz fuerte. El display ha sido equipado de LED con 6 d\u00edgitos con elevada luminosidad y visibilidad y tiene un ajuste autom\u00e1tico de brillo seg\u00fan la luz ambiental.  Este dispositivo puede comunicar con todas las b\u00e1sculas PTM, funciona con la alimentaci\u00f3n de la red el\u00e9ctrica 220 V y permite de utilizar un cable de conexi\u00f3n a la b\u00e1scula con una longitud hasta 30 m. A demanda es posible ofrecer una comunicaci\u00f3n wireless, CAN-BUS o con otros protocolos de comunicaci\u00f3n diferentes para interconectar el display con otros dispositivos.\" \/>\n<meta property=\"og:url\" content=\"https:\/\/ptmsrl.com\/es\/prodotto\/big-display-multilink\/\" \/>\n<meta property=\"og:site_name\" content=\"PTM Srl\" \/>\n<meta property=\"article:publisher\" content=\"https:\/\/www.facebook.com\/believingintechnology\/\" \/>\n<meta property=\"article:modified_time\" content=\"2019-07-23T13:16:27+00:00\" \/>\n<meta property=\"og:image\" content=\"https:\/\/ptmsrl.com\/wp-content\/uploads\/2018\/09\/big-display.jpg\" \/>\n\t<meta property=\"og:image:width\" content=\"1024\" \/>\n\t<meta property=\"og:image:height\" content=\"1024\" \/>\n\t<meta property=\"og:image:type\" content=\"image\/jpeg\" \/>\n<meta name=\"twitter:card\" content=\"summary_large_image\" \/>\n<meta name=\"twitter:site\" content=\"@ptm\" \/>\n<script type=\"application\/ld+json\" class=\"yoast-schema-graph\">{\"@context\":\"https:\/\/schema.org\",\"@graph\":[{\"@type\":\"WebPage\",\"@id\":\"https:\/\/ptmsrl.com\/es\/prodotto\/big-display-multilink\/\",\"url\":\"https:\/\/ptmsrl.com\/es\/prodotto\/big-display-multilink\/\",\"name\":\"PTM Srl | Big Display Multilink\",\"isPartOf\":{\"@id\":\"https:\/\/ptmsrl.com\/#website\"},\"primaryImageOfPage\":{\"@id\":\"https:\/\/ptmsrl.com\/es\/prodotto\/big-display-multilink\/#primaryimage\"},\"image\":{\"@id\":\"https:\/\/ptmsrl.com\/es\/prodotto\/big-display-multilink\/#primaryimage\"},\"thumbnailUrl\":\"https:\/\/ptmsrl.com\/wp-content\/uploads\/2018\/09\/big-display.jpg\",\"datePublished\":\"2018-09-07T09:44:27+00:00\",\"dateModified\":\"2019-07-23T13:16:27+00:00\",\"breadcrumb\":{\"@id\":\"https:\/\/ptmsrl.com\/es\/prodotto\/big-display-multilink\/#breadcrumb\"},\"inLanguage\":\"es\",\"potentialAction\":[{\"@type\":\"ReadAction\",\"target\":[\"https:\/\/ptmsrl.com\/es\/prodotto\/big-display-multilink\/\"]}]},{\"@type\":\"ImageObject\",\"inLanguage\":\"es\",\"@id\":\"https:\/\/ptmsrl.com\/es\/prodotto\/big-display-multilink\/#primaryimage\",\"url\":\"https:\/\/ptmsrl.com\/wp-content\/uploads\/2018\/09\/big-display.jpg\",\"contentUrl\":\"https:\/\/ptmsrl.com\/wp-content\/uploads\/2018\/09\/big-display.jpg\",\"width\":1024,\"height\":1024,\"caption\":\"big-display\"},{\"@type\":\"BreadcrumbList\",\"@id\":\"https:\/\/ptmsrl.com\/es\/prodotto\/big-display-multilink\/#breadcrumb\",\"itemListElement\":[{\"@type\":\"ListItem\",\"position\":1,\"name\":\"Home\",\"item\":\"https:\/\/ptmsrl.com\/es\/\"},{\"@type\":\"ListItem\",\"position\":2,\"name\":\"Shop\",\"item\":\"https:\/\/ptmsrl.com\/shop\/\"},{\"@type\":\"ListItem\",\"position\":3,\"name\":\"Big Display Multilink\"}]},{\"@type\":\"WebSite\",\"@id\":\"https:\/\/ptmsrl.com\/#website\",\"url\":\"https:\/\/ptmsrl.com\/\",\"name\":\"PTM Srl\",\"description\":\"\u041c\u042b \u041f\u0420\u041e\u0418\u0417\u0412\u041e\u0414\u0418\u041c \u041a\u0410\u0427\u0415\u0421\u0422\u0412\u041e, \u041a\u041e\u0422\u041e\u0420\u041e\u0415 \u0418\u041c\u0415\u0415\u0422 \u041e\u0421\u041e\u0411\u042b\u0419 \u0412\u0415\u0421\",\"publisher\":{\"@id\":\"https:\/\/ptmsrl.com\/#organization\"},\"potentialAction\":[{\"@type\":\"SearchAction\",\"target\":{\"@type\":\"EntryPoint\",\"urlTemplate\":\"https:\/\/ptmsrl.com\/?s={search_term_string}\"},\"query-input\":{\"@type\":\"PropertyValueSpecification\",\"valueRequired\":true,\"valueName\":\"search_term_string\"}}],\"inLanguage\":\"es\"},{\"@type\":\"Organization\",\"@id\":\"https:\/\/ptmsrl.com\/#organization\",\"name\":\"PTM srl\",\"url\":\"https:\/\/ptmsrl.com\/\",\"logo\":{\"@type\":\"ImageObject\",\"inLanguage\":\"es\",\"@id\":\"https:\/\/ptmsrl.com\/#\/schema\/logo\/image\/\",\"url\":\"https:\/\/ptmsrl.com\/wp-content\/uploads\/2018\/10\/LOGO-PTM.png\",\"contentUrl\":\"https:\/\/ptmsrl.com\/wp-content\/uploads\/2018\/10\/LOGO-PTM.png\",\"width\":1000,\"height\":500,\"caption\":\"PTM srl\"},\"image\":{\"@id\":\"https:\/\/ptmsrl.com\/#\/schema\/logo\/image\/\"},\"sameAs\":[\"https:\/\/www.facebook.com\/believingintechnology\/\",\"https:\/\/x.com\/ptm\",\"https:\/\/www.linkedin.com\/company\/ptm-s-r-l\/\",\"https:\/\/www.youtube.com\/channel\/UCPSOS0MaR-4jDkAD3HkAC7A\"]}]}<\/script>\n<!-- \/ Yoast SEO plugin. -->","yoast_head_json":{"title":"PTM Srl | Big Display Multilink","robots":{"index":"index","follow":"follow","max-snippet":"max-snippet:-1","max-image-preview":"max-image-preview:large","max-video-preview":"max-video-preview:-1"},"canonical":"https:\/\/ptmsrl.com\/es\/prodotto\/big-display-multilink\/","og_locale":"es_ES","og_type":"article","og_title":"PTM Srl | Big Display Multilink","og_description":"Display repetidor con grandes cifras, visibilidad perfecta en todas las condiciones de luz ambiental Este display ha sido disenado para la visualizaci\u00f3n del peso registrado por la b\u00e1scula a grandes distancias, hasta 100 metros.  El BIG DISPLAY est\u00e1 disponibile tanto con car\u00e1cteres n\u00famericos como con car\u00e1cteres alfan\u00famericos. El display tiene una caja met\u00e1lica IP68, resistente a condiciones extremas y el filtro \u00f3ptico para ser capaz de ver claramente los valores en la pantalla incluso en presencia de luz fuerte. El display ha sido equipado de LED con 6 d\u00edgitos con elevada luminosidad y visibilidad y tiene un ajuste autom\u00e1tico de brillo seg\u00fan la luz ambiental.  Este dispositivo puede comunicar con todas las b\u00e1sculas PTM, funciona con la alimentaci\u00f3n de la red el\u00e9ctrica 220 V y permite de utilizar un cable de conexi\u00f3n a la b\u00e1scula con una longitud hasta 30 m. A demanda es posible ofrecer una comunicaci\u00f3n wireless, CAN-BUS o con otros protocolos de comunicaci\u00f3n diferentes para interconectar el display con otros dispositivos.","og_url":"https:\/\/ptmsrl.com\/es\/prodotto\/big-display-multilink\/","og_site_name":"PTM Srl","article_publisher":"https:\/\/www.facebook.com\/believingintechnology\/","article_modified_time":"2019-07-23T13:16:27+00:00","og_image":[{"width":1024,"height":1024,"url":"https:\/\/ptmsrl.com\/wp-content\/uploads\/2018\/09\/big-display.jpg","type":"image\/jpeg"}],"twitter_card":"summary_large_image","twitter_site":"@ptm","schema":{"@context":"https:\/\/schema.org","@graph":[{"@type":"WebPage","@id":"https:\/\/ptmsrl.com\/es\/prodotto\/big-display-multilink\/","url":"https:\/\/ptmsrl.com\/es\/prodotto\/big-display-multilink\/","name":"PTM Srl | Big Display Multilink","isPartOf":{"@id":"https:\/\/ptmsrl.com\/#website"},"primaryImageOfPage":{"@id":"https:\/\/ptmsrl.com\/es\/prodotto\/big-display-multilink\/#primaryimage"},"image":{"@id":"https:\/\/ptmsrl.com\/es\/prodotto\/big-display-multilink\/#primaryimage"},"thumbnailUrl":"https:\/\/ptmsrl.com\/wp-content\/uploads\/2018\/09\/big-display.jpg","datePublished":"2018-09-07T09:44:27+00:00","dateModified":"2019-07-23T13:16:27+00:00","breadcrumb":{"@id":"https:\/\/ptmsrl.com\/es\/prodotto\/big-display-multilink\/#breadcrumb"},"inLanguage":"es","potentialAction":[{"@type":"ReadAction","target":["https:\/\/ptmsrl.com\/es\/prodotto\/big-display-multilink\/"]}]},{"@type":"ImageObject","inLanguage":"es","@id":"https:\/\/ptmsrl.com\/es\/prodotto\/big-display-multilink\/#primaryimage","url":"https:\/\/ptmsrl.com\/wp-content\/uploads\/2018\/09\/big-display.jpg","contentUrl":"https:\/\/ptmsrl.com\/wp-content\/uploads\/2018\/09\/big-display.jpg","width":1024,"height":1024,"caption":"big-display"},{"@type":"BreadcrumbList","@id":"https:\/\/ptmsrl.com\/es\/prodotto\/big-display-multilink\/#breadcrumb","itemListElement":[{"@type":"ListItem","position":1,"name":"Home","item":"https:\/\/ptmsrl.com\/es\/"},{"@type":"ListItem","position":2,"name":"Shop","item":"https:\/\/ptmsrl.com\/shop\/"},{"@type":"ListItem","position":3,"name":"Big Display Multilink"}]},{"@type":"WebSite","@id":"https:\/\/ptmsrl.com\/#website","url":"https:\/\/ptmsrl.com\/","name":"PTM Srl","description":"\u041c\u042b \u041f\u0420\u041e\u0418\u0417\u0412\u041e\u0414\u0418\u041c \u041a\u0410\u0427\u0415\u0421\u0422\u0412\u041e, \u041a\u041e\u0422\u041e\u0420\u041e\u0415 \u0418\u041c\u0415\u0415\u0422 \u041e\u0421\u041e\u0411\u042b\u0419 \u0412\u0415\u0421","publisher":{"@id":"https:\/\/ptmsrl.com\/#organization"},"potentialAction":[{"@type":"SearchAction","target":{"@type":"EntryPoint","urlTemplate":"https:\/\/ptmsrl.com\/?s={search_term_string}"},"query-input":{"@type":"PropertyValueSpecification","valueRequired":true,"valueName":"search_term_string"}}],"inLanguage":"es"},{"@type":"Organization","@id":"https:\/\/ptmsrl.com\/#organization","name":"PTM srl","url":"https:\/\/ptmsrl.com\/","logo":{"@type":"ImageObject","inLanguage":"es","@id":"https:\/\/ptmsrl.com\/#\/schema\/logo\/image\/","url":"https:\/\/ptmsrl.com\/wp-content\/uploads\/2018\/10\/LOGO-PTM.png","contentUrl":"https:\/\/ptmsrl.com\/wp-content\/uploads\/2018\/10\/LOGO-PTM.png","width":1000,"height":500,"caption":"PTM srl"},"image":{"@id":"https:\/\/ptmsrl.com\/#\/schema\/logo\/image\/"},"sameAs":["https:\/\/www.facebook.com\/believingintechnology\/","https:\/\/x.com\/ptm","https:\/\/www.linkedin.com\/company\/ptm-s-r-l\/","https:\/\/www.youtube.com\/channel\/UCPSOS0MaR-4jDkAD3HkAC7A"]}]}},"_links":{"self":[{"href":"https:\/\/ptmsrl.com\/es\/wp-json\/wp\/v2\/product\/5017","targetHints":{"allow":["GET"]}}],"collection":[{"href":"https:\/\/ptmsrl.com\/es\/wp-json\/wp\/v2\/product"}],"about":[{"href":"https:\/\/ptmsrl.com\/es\/wp-json\/wp\/v2\/types\/product"}],"wp:featuredmedia":[{"embeddable":true,"href":"https:\/\/ptmsrl.com\/es\/wp-json\/wp\/v2\/media\/5018"}],"wp:attachment":[{"href":"https:\/\/ptmsrl.com\/es\/wp-json\/wp\/v2\/media?parent=5017"}],"wp:term":[{"taxonomy":"product_brand","embeddable":true,"href":"https:\/\/ptmsrl.com\/es\/wp-json\/wp\/v2\/product_brand?post=5017"},{"taxonomy":"product_cat","embeddable":true,"href":"https:\/\/ptmsrl.com\/es\/wp-json\/wp\/v2\/product_cat?post=5017"},{"taxonomy":"product_tag","embeddable":true,"href":"https:\/\/ptmsrl.com\/es\/wp-json\/wp\/v2\/product_tag?post=5017"}],"curies":[{"name":"wp","href":"https:\/\/api.w.org\/{rel}","templated":true}]}}