{"id":5059,"date":"2018-09-07T12:09:05","date_gmt":"2018-09-07T10:09:05","guid":{"rendered":"https:\/\/ptmsrl.com\/prodotto\/wifi-scale-100\/"},"modified":"2020-07-14T11:28:59","modified_gmt":"2020-07-14T09:28:59","slug":"wifi-scale-100","status":"publish","type":"product","link":"https:\/\/ptmsrl.com\/es\/prodotto\/wifi-scale-100\/","title":{"rendered":"WiFi Scale 100"},"content":{"rendered":"<ul>\n<li>Posibilidad de visualizar m\u00faltiples sistemas WiFi Scale<\/li>\n<li>Peso TOTAL con Umbrales de alarma que puedes ser establecidos<\/li>\n<li>Peso PARCIAL<\/li>\n<li>Ejecuci\u00f3n de la CARGA de una cantidad programada<\/li>\n<li>Ejecuci\u00f3n de la DESCARGA de una cantidad programada<\/li>\n<li>Memorizaci\u00f3n y archivo acontecimientos<\/li>\n<\/ul>\n","protected":false},"excerpt":{"rendered":"<h3><strong>App Wifi para el control a distancia del sistema de pesaje<\/strong><\/h3>\n<h4>El aplicaci\u00f3n MyWiFiScale permite de visualizar y controlar por conexi\u00f3n WiFi los sistemas de pesaje de la serie WiFi Scale.<\/h4>\n<p align=\"justify\"><strong>Wifi Scale<\/strong> es un sistema de pesaje equipado por interfaz WiFi. Por el aplicaci\u00f3n disponible para Smartphone y tablet se puede controlar y configurar en el mismo tiempo uno o m\u00e1s sistemas de pesaje conectados a uno o m\u00e1s puntos de acceso Wifi.<br \/>\nGracias a su flexibilidad y su facilidad de empleo, el sistema <strong>Wifi Scale<\/strong> representa una soluci\u00f3n econ\u00f3mica que se adapta a las m\u00e1s variadas aplicaciones.<\/p>\n<p align=\"justify\">DISPONIBLE PARA SMARTPHONE Y TABLET PARA SISTEMAS ANDROID, EL APP COMUNICA POR WIFI CON LA WIFISCALE POR ESO NO EST\u00c1 PEDIDA UNA CONEXI\u00d3N DATOS CON SU PROVEEDOR TELEF\u00d3NICO.<\/p>\n","protected":false},"featured_media":5060,"template":"","meta":{"inline_featured_image":false},"product_brand":[],"product_cat":[234],"product_tag":[],"class_list":{"0":"post-5059","1":"product","2":"type-product","3":"status-publish","4":"has-post-thumbnail","6":"product_cat-soluciones-personalizadas","8":"first","9":"instock","10":"downloadable","11":"shipping-taxable","12":"product-type-simple"},"yoast_head":"<!-- This site is optimized with the Yoast SEO plugin v25.3 - https:\/\/yoast.com\/wordpress\/plugins\/seo\/ -->\n<title>PTM Srl | WiFi Scale 100<\/title>\n<meta name=\"robots\" content=\"index, follow, max-snippet:-1, max-image-preview:large, max-video-preview:-1\" \/>\n<link rel=\"canonical\" href=\"https:\/\/ptmsrl.com\/es\/prodotto\/wifi-scale-100\/\" \/>\n<meta property=\"og:locale\" content=\"es_ES\" \/>\n<meta property=\"og:type\" content=\"article\" \/>\n<meta property=\"og:title\" content=\"PTM Srl | WiFi Scale 100\" \/>\n<meta property=\"og:description\" content=\"App Wifi para el control a distancia del sistema de pesaje El aplicaci\u00f3n MyWiFiScale permite de visualizar y controlar por conexi\u00f3n WiFi los sistemas de pesaje de la serie WiFi Scale. Wifi Scale es un sistema de pesaje equipado por interfaz WiFi. Por el aplicaci\u00f3n disponible para Smartphone y tablet se puede controlar y configurar en el mismo tiempo uno o m\u00e1s sistemas de pesaje conectados a uno o m\u00e1s puntos de acceso Wifi. Gracias a su flexibilidad y su facilidad de empleo, el sistema Wifi Scale representa una soluci\u00f3n econ\u00f3mica que se adapta a las m\u00e1s variadas aplicaciones.  DISPONIBLE PARA SMARTPHONE Y TABLET PARA SISTEMAS ANDROID, EL APP COMUNICA POR WIFI CON LA WIFISCALE POR ESO NO EST\u00c1 PEDIDA UNA CONEXI\u00d3N DATOS CON SU PROVEEDOR TELEF\u00d3NICO.\" \/>\n<meta property=\"og:url\" content=\"https:\/\/ptmsrl.com\/es\/prodotto\/wifi-scale-100\/\" \/>\n<meta property=\"og:site_name\" content=\"PTM Srl\" \/>\n<meta property=\"article:publisher\" content=\"https:\/\/www.facebook.com\/believingintechnology\/\" \/>\n<meta property=\"article:modified_time\" content=\"2020-07-14T09:28:59+00:00\" \/>\n<meta property=\"og:image\" content=\"https:\/\/ptmsrl.com\/wp-content\/uploads\/2018\/09\/WiFi-Scale-100.jpg\" \/>\n\t<meta property=\"og:image:width\" content=\"1024\" \/>\n\t<meta property=\"og:image:height\" content=\"1024\" \/>\n\t<meta property=\"og:image:type\" content=\"image\/jpeg\" \/>\n<meta name=\"twitter:card\" content=\"summary_large_image\" \/>\n<meta name=\"twitter:site\" content=\"@ptm\" \/>\n<script type=\"application\/ld+json\" class=\"yoast-schema-graph\">{\"@context\":\"https:\/\/schema.org\",\"@graph\":[{\"@type\":\"WebPage\",\"@id\":\"https:\/\/ptmsrl.com\/es\/prodotto\/wifi-scale-100\/\",\"url\":\"https:\/\/ptmsrl.com\/es\/prodotto\/wifi-scale-100\/\",\"name\":\"PTM Srl | WiFi Scale 100\",\"isPartOf\":{\"@id\":\"https:\/\/ptmsrl.com\/#website\"},\"primaryImageOfPage\":{\"@id\":\"https:\/\/ptmsrl.com\/es\/prodotto\/wifi-scale-100\/#primaryimage\"},\"image\":{\"@id\":\"https:\/\/ptmsrl.com\/es\/prodotto\/wifi-scale-100\/#primaryimage\"},\"thumbnailUrl\":\"https:\/\/ptmsrl.com\/wp-content\/uploads\/2018\/09\/WiFi-Scale-100.jpg\",\"datePublished\":\"2018-09-07T10:09:05+00:00\",\"dateModified\":\"2020-07-14T09:28:59+00:00\",\"breadcrumb\":{\"@id\":\"https:\/\/ptmsrl.com\/es\/prodotto\/wifi-scale-100\/#breadcrumb\"},\"inLanguage\":\"es\",\"potentialAction\":[{\"@type\":\"ReadAction\",\"target\":[\"https:\/\/ptmsrl.com\/es\/prodotto\/wifi-scale-100\/\"]}]},{\"@type\":\"ImageObject\",\"inLanguage\":\"es\",\"@id\":\"https:\/\/ptmsrl.com\/es\/prodotto\/wifi-scale-100\/#primaryimage\",\"url\":\"https:\/\/ptmsrl.com\/wp-content\/uploads\/2018\/09\/WiFi-Scale-100.jpg\",\"contentUrl\":\"https:\/\/ptmsrl.com\/wp-content\/uploads\/2018\/09\/WiFi-Scale-100.jpg\",\"width\":1024,\"height\":1024,\"caption\":\"wifi-scale-100\"},{\"@type\":\"BreadcrumbList\",\"@id\":\"https:\/\/ptmsrl.com\/es\/prodotto\/wifi-scale-100\/#breadcrumb\",\"itemListElement\":[{\"@type\":\"ListItem\",\"position\":1,\"name\":\"Home\",\"item\":\"https:\/\/ptmsrl.com\/es\/\"},{\"@type\":\"ListItem\",\"position\":2,\"name\":\"Shop\",\"item\":\"https:\/\/ptmsrl.com\/shop\/\"},{\"@type\":\"ListItem\",\"position\":3,\"name\":\"WiFi Scale 100\"}]},{\"@type\":\"WebSite\",\"@id\":\"https:\/\/ptmsrl.com\/#website\",\"url\":\"https:\/\/ptmsrl.com\/\",\"name\":\"PTM Srl\",\"description\":\"\u041c\u042b \u041f\u0420\u041e\u0418\u0417\u0412\u041e\u0414\u0418\u041c \u041a\u0410\u0427\u0415\u0421\u0422\u0412\u041e, \u041a\u041e\u0422\u041e\u0420\u041e\u0415 \u0418\u041c\u0415\u0415\u0422 \u041e\u0421\u041e\u0411\u042b\u0419 \u0412\u0415\u0421\",\"publisher\":{\"@id\":\"https:\/\/ptmsrl.com\/#organization\"},\"potentialAction\":[{\"@type\":\"SearchAction\",\"target\":{\"@type\":\"EntryPoint\",\"urlTemplate\":\"https:\/\/ptmsrl.com\/?s={search_term_string}\"},\"query-input\":{\"@type\":\"PropertyValueSpecification\",\"valueRequired\":true,\"valueName\":\"search_term_string\"}}],\"inLanguage\":\"es\"},{\"@type\":\"Organization\",\"@id\":\"https:\/\/ptmsrl.com\/#organization\",\"name\":\"PTM srl\",\"url\":\"https:\/\/ptmsrl.com\/\",\"logo\":{\"@type\":\"ImageObject\",\"inLanguage\":\"es\",\"@id\":\"https:\/\/ptmsrl.com\/#\/schema\/logo\/image\/\",\"url\":\"https:\/\/ptmsrl.com\/wp-content\/uploads\/2018\/10\/LOGO-PTM.png\",\"contentUrl\":\"https:\/\/ptmsrl.com\/wp-content\/uploads\/2018\/10\/LOGO-PTM.png\",\"width\":1000,\"height\":500,\"caption\":\"PTM srl\"},\"image\":{\"@id\":\"https:\/\/ptmsrl.com\/#\/schema\/logo\/image\/\"},\"sameAs\":[\"https:\/\/www.facebook.com\/believingintechnology\/\",\"https:\/\/x.com\/ptm\",\"https:\/\/www.linkedin.com\/company\/ptm-s-r-l\/\",\"https:\/\/www.youtube.com\/channel\/UCPSOS0MaR-4jDkAD3HkAC7A\"]}]}<\/script>\n<!-- \/ Yoast SEO plugin. -->","yoast_head_json":{"title":"PTM Srl | WiFi Scale 100","robots":{"index":"index","follow":"follow","max-snippet":"max-snippet:-1","max-image-preview":"max-image-preview:large","max-video-preview":"max-video-preview:-1"},"canonical":"https:\/\/ptmsrl.com\/es\/prodotto\/wifi-scale-100\/","og_locale":"es_ES","og_type":"article","og_title":"PTM Srl | WiFi Scale 100","og_description":"App Wifi para el control a distancia del sistema de pesaje El aplicaci\u00f3n MyWiFiScale permite de visualizar y controlar por conexi\u00f3n WiFi los sistemas de pesaje de la serie WiFi Scale. Wifi Scale es un sistema de pesaje equipado por interfaz WiFi. Por el aplicaci\u00f3n disponible para Smartphone y tablet se puede controlar y configurar en el mismo tiempo uno o m\u00e1s sistemas de pesaje conectados a uno o m\u00e1s puntos de acceso Wifi. Gracias a su flexibilidad y su facilidad de empleo, el sistema Wifi Scale representa una soluci\u00f3n econ\u00f3mica que se adapta a las m\u00e1s variadas aplicaciones.  DISPONIBLE PARA SMARTPHONE Y TABLET PARA SISTEMAS ANDROID, EL APP COMUNICA POR WIFI CON LA WIFISCALE POR ESO NO EST\u00c1 PEDIDA UNA CONEXI\u00d3N DATOS CON SU PROVEEDOR TELEF\u00d3NICO.","og_url":"https:\/\/ptmsrl.com\/es\/prodotto\/wifi-scale-100\/","og_site_name":"PTM Srl","article_publisher":"https:\/\/www.facebook.com\/believingintechnology\/","article_modified_time":"2020-07-14T09:28:59+00:00","og_image":[{"width":1024,"height":1024,"url":"https:\/\/ptmsrl.com\/wp-content\/uploads\/2018\/09\/WiFi-Scale-100.jpg","type":"image\/jpeg"}],"twitter_card":"summary_large_image","twitter_site":"@ptm","schema":{"@context":"https:\/\/schema.org","@graph":[{"@type":"WebPage","@id":"https:\/\/ptmsrl.com\/es\/prodotto\/wifi-scale-100\/","url":"https:\/\/ptmsrl.com\/es\/prodotto\/wifi-scale-100\/","name":"PTM Srl | WiFi Scale 100","isPartOf":{"@id":"https:\/\/ptmsrl.com\/#website"},"primaryImageOfPage":{"@id":"https:\/\/ptmsrl.com\/es\/prodotto\/wifi-scale-100\/#primaryimage"},"image":{"@id":"https:\/\/ptmsrl.com\/es\/prodotto\/wifi-scale-100\/#primaryimage"},"thumbnailUrl":"https:\/\/ptmsrl.com\/wp-content\/uploads\/2018\/09\/WiFi-Scale-100.jpg","datePublished":"2018-09-07T10:09:05+00:00","dateModified":"2020-07-14T09:28:59+00:00","breadcrumb":{"@id":"https:\/\/ptmsrl.com\/es\/prodotto\/wifi-scale-100\/#breadcrumb"},"inLanguage":"es","potentialAction":[{"@type":"ReadAction","target":["https:\/\/ptmsrl.com\/es\/prodotto\/wifi-scale-100\/"]}]},{"@type":"ImageObject","inLanguage":"es","@id":"https:\/\/ptmsrl.com\/es\/prodotto\/wifi-scale-100\/#primaryimage","url":"https:\/\/ptmsrl.com\/wp-content\/uploads\/2018\/09\/WiFi-Scale-100.jpg","contentUrl":"https:\/\/ptmsrl.com\/wp-content\/uploads\/2018\/09\/WiFi-Scale-100.jpg","width":1024,"height":1024,"caption":"wifi-scale-100"},{"@type":"BreadcrumbList","@id":"https:\/\/ptmsrl.com\/es\/prodotto\/wifi-scale-100\/#breadcrumb","itemListElement":[{"@type":"ListItem","position":1,"name":"Home","item":"https:\/\/ptmsrl.com\/es\/"},{"@type":"ListItem","position":2,"name":"Shop","item":"https:\/\/ptmsrl.com\/shop\/"},{"@type":"ListItem","position":3,"name":"WiFi Scale 100"}]},{"@type":"WebSite","@id":"https:\/\/ptmsrl.com\/#website","url":"https:\/\/ptmsrl.com\/","name":"PTM Srl","description":"\u041c\u042b \u041f\u0420\u041e\u0418\u0417\u0412\u041e\u0414\u0418\u041c \u041a\u0410\u0427\u0415\u0421\u0422\u0412\u041e, \u041a\u041e\u0422\u041e\u0420\u041e\u0415 \u0418\u041c\u0415\u0415\u0422 \u041e\u0421\u041e\u0411\u042b\u0419 \u0412\u0415\u0421","publisher":{"@id":"https:\/\/ptmsrl.com\/#organization"},"potentialAction":[{"@type":"SearchAction","target":{"@type":"EntryPoint","urlTemplate":"https:\/\/ptmsrl.com\/?s={search_term_string}"},"query-input":{"@type":"PropertyValueSpecification","valueRequired":true,"valueName":"search_term_string"}}],"inLanguage":"es"},{"@type":"Organization","@id":"https:\/\/ptmsrl.com\/#organization","name":"PTM srl","url":"https:\/\/ptmsrl.com\/","logo":{"@type":"ImageObject","inLanguage":"es","@id":"https:\/\/ptmsrl.com\/#\/schema\/logo\/image\/","url":"https:\/\/ptmsrl.com\/wp-content\/uploads\/2018\/10\/LOGO-PTM.png","contentUrl":"https:\/\/ptmsrl.com\/wp-content\/uploads\/2018\/10\/LOGO-PTM.png","width":1000,"height":500,"caption":"PTM srl"},"image":{"@id":"https:\/\/ptmsrl.com\/#\/schema\/logo\/image\/"},"sameAs":["https:\/\/www.facebook.com\/believingintechnology\/","https:\/\/x.com\/ptm","https:\/\/www.linkedin.com\/company\/ptm-s-r-l\/","https:\/\/www.youtube.com\/channel\/UCPSOS0MaR-4jDkAD3HkAC7A"]}]}},"_links":{"self":[{"href":"https:\/\/ptmsrl.com\/es\/wp-json\/wp\/v2\/product\/5059","targetHints":{"allow":["GET"]}}],"collection":[{"href":"https:\/\/ptmsrl.com\/es\/wp-json\/wp\/v2\/product"}],"about":[{"href":"https:\/\/ptmsrl.com\/es\/wp-json\/wp\/v2\/types\/product"}],"wp:featuredmedia":[{"embeddable":true,"href":"https:\/\/ptmsrl.com\/es\/wp-json\/wp\/v2\/media\/5060"}],"wp:attachment":[{"href":"https:\/\/ptmsrl.com\/es\/wp-json\/wp\/v2\/media?parent=5059"}],"wp:term":[{"taxonomy":"product_brand","embeddable":true,"href":"https:\/\/ptmsrl.com\/es\/wp-json\/wp\/v2\/product_brand?post=5059"},{"taxonomy":"product_cat","embeddable":true,"href":"https:\/\/ptmsrl.com\/es\/wp-json\/wp\/v2\/product_cat?post=5059"},{"taxonomy":"product_tag","embeddable":true,"href":"https:\/\/ptmsrl.com\/es\/wp-json\/wp\/v2\/product_tag?post=5059"}],"curies":[{"name":"wp","href":"https:\/\/api.w.org\/{rel}","templated":true}]}}