{"id":5171,"date":"2018-09-07T15:03:34","date_gmt":"2018-09-07T13:03:34","guid":{"rendered":"https:\/\/ptmsrl.com\/prodotto\/av65\/"},"modified":"2019-07-25T17:02:49","modified_gmt":"2019-07-25T15:02:49","slug":"av65","status":"publish","type":"product","link":"https:\/\/ptmsrl.com\/es\/prodotto\/av65\/","title":{"rendered":"AV65"},"content":{"rendered":"<ul>\n<li>Display con comunicaci\u00f3n RF<\/li>\n<li>Distancia de utilizaci\u00f3n: hasta 50 metros<\/li>\n<li>Posibilidad de controlar via radio en el mismo tiempo hasta 4 sistemas (gracias a 4 canales disponible)<\/li>\n<li>Antena interna<\/li>\n<li>Soporte para la fijaci\u00f3n m\u00e1gnetico<\/li>\n<li>Cargador de la bater\u00eda conectado a la bater\u00eda del tractor<\/li>\n<li>Cargador de la bater\u00eda conectado a la red de electricidad (Opcional)<\/li>\n<li>Doble display<\/li>\n<li>Controle de las funciones principales de las b\u00e1sculas ADVANCE EVOLUTION<\/li>\n<li>Par\u00e1metros de transmisi\u00f3n radio-ajustable<\/li>\n<li>De f\u00e1cil mantenimiento (cajas de conexiones extra\u00edble)<\/li>\n<li>9 teclas para la activaci\u00f3n de los usos personalizados<\/li>\n<li>Posibilidad de personalizar las teclas<\/li>\n<li>Hasta 24 salidas disponibles para cada mando a distancia<\/li>\n<li>Hasta 3 placas Drive 8 para las salidas de potencia conectadas a la b\u00e1scula a trav\u00e9s de Multilink<\/li>\n<li>Posibilidad de activar hasta 4 salidas por cada tecla<\/li>\n<li>4 funciones diferentes disponibles para todas las teclas<\/li>\n<li>Posibilidad de elegir entre 5 diferentes salidas<\/li>\n<li>5A de corriente max. para las salidas<\/li>\n<li>Versatilidad para diferentes aplicaciones<\/li>\n<li>6 entradas disponibles para sensores de Proximidad, pulsadores externos o microconmutadores para el bloqueo\/sbloqueo del uso<\/li>\n<li>Dispositivo equipado de comunicaci\u00f3n por se\u0148al en radiofrecuencia<\/li>\n<li>Visualizaci\u00f3n de los usos activos<\/li>\n<\/ul>\n","protected":false},"excerpt":{"rendered":"<h3 align=\"justify\"><strong>Display repetidor de peso de radiofrecuencia, con mando a distancia del sistema de pesada y activaci\u00f3n de las funciones<\/strong><\/h3>\n<p align=\"justify\">Este dispositivo port\u00e1til esta pensado y dise\u00f1ado para el control en wireless del sistema de pesada y para la activaci\u00f3n de las funciones para todas las b\u00e1sculas de la l\u00ednea ADVANCE y EVOLUTION.<\/p>\n<p align=\"justify\">Est\u00e1 fabricado en material pl\u00e1stico con la antena integrada.<\/p>\n<p align=\"justify\"><strong>Doble display<\/strong> (un display LCD retroiluminado y \u00e9l otro con 6 d\u00edgitos con elevada luminiscencia y elevada visibilidad).<\/p>\n<p align=\"justify\">El AV65 permite de controlar a distancia el trabajo, as\u00ed el usuario no tiene que abandonar su posici\u00f3n y puede moverse libremente durante el uso.<br \/>\nEl dispositivo puede gestionar hasta 24 salidas, tiene 9 teclas que permiten la activaci\u00f3n directa de las operaciones especiales (por ejemplo rotaci\u00f3n banda, activaci\u00f3n contra-cuchillos, etc..). Cada tecla puede ser asociada con hasta 4 salidas en el mismo tiempo y para una mejor claridad, los mandos activos viene visualizados en el display LDC alfanum\u00e9rico.<\/p>\n<p align=\"justify\">Es posible utilizar esto dispositivo para diferentes sistemas y gracias al software integrado, es posible adaptar y programar el sistema seg\u00fan las necesidades programando los par\u00e1metros deseados en el mando a distancia.<br \/>\nAdem\u00e1s la seguridad del usuario est\u00e1 asegurada por: un tiempo de retraso programable, el bloqueo de los mandos contrarios potencialmente peligrosos y por el aumento del controle visible del usuario gracias a los led que se\u0148alan la activaci\u00f3n de una funci\u00f3n.<br \/>\nEl mando a distancia wireless permite de controlar 4 diferentes sistemas en el mismo tiempo y puede funcionar a una distancia m\u00e1xima de 50 m.<br \/>\nEl dispositivo ha sido equipado de sistema multi-idioma y control de la garant\u00eda.<\/p>\n","protected":false},"featured_media":5172,"template":"","meta":{"inline_featured_image":false},"product_brand":[],"product_cat":[248],"product_tag":[],"class_list":{"0":"post-5171","1":"product","2":"type-product","3":"status-publish","4":"has-post-thumbnail","6":"product_cat-accesorios-estandar","8":"first","9":"instock","10":"downloadable","11":"shipping-taxable","12":"product-type-simple"},"yoast_head":"<!-- This site is optimized with the Yoast SEO plugin v25.3 - https:\/\/yoast.com\/wordpress\/plugins\/seo\/ -->\n<title>PTM Srl | AV65<\/title>\n<meta name=\"robots\" content=\"index, follow, max-snippet:-1, max-image-preview:large, max-video-preview:-1\" \/>\n<link rel=\"canonical\" href=\"https:\/\/ptmsrl.com\/es\/prodotto\/av65\/\" \/>\n<meta property=\"og:locale\" content=\"es_ES\" \/>\n<meta property=\"og:type\" content=\"article\" \/>\n<meta property=\"og:title\" content=\"PTM Srl | AV65\" \/>\n<meta property=\"og:description\" content=\"Display repetidor de peso de radiofrecuencia, con mando a distancia del sistema de pesada y activaci\u00f3n de las funciones Este dispositivo port\u00e1til esta pensado y dise\u00f1ado para el control en wireless del sistema de pesada y para la activaci\u00f3n de las funciones para todas las b\u00e1sculas de la l\u00ednea ADVANCE y EVOLUTION. Est\u00e1 fabricado en material pl\u00e1stico con la antena integrada. Doble display (un display LCD retroiluminado y \u00e9l otro con 6 d\u00edgitos con elevada luminiscencia y elevada visibilidad). El AV65 permite de controlar a distancia el trabajo, as\u00ed el usuario no tiene que abandonar su posici\u00f3n y puede moverse libremente durante el uso. El dispositivo puede gestionar hasta 24 salidas, tiene 9 teclas que permiten la activaci\u00f3n directa de las operaciones especiales (por ejemplo rotaci\u00f3n banda, activaci\u00f3n contra-cuchillos, etc..). Cada tecla puede ser asociada con hasta 4 salidas en el mismo tiempo y para una mejor claridad, los mandos activos viene visualizados en el display LDC alfanum\u00e9rico.  Es posible utilizar esto dispositivo para diferentes sistemas y gracias al software integrado, es posible adaptar y programar el sistema seg\u00fan las necesidades programando los par\u00e1metros deseados en el mando a distancia. Adem\u00e1s la seguridad del usuario est\u00e1 asegurada por: un tiempo de retraso programable, el bloqueo de los mandos contrarios potencialmente peligrosos y por el aumento del controle visible del usuario gracias a los led que se\u0148alan la activaci\u00f3n de una funci\u00f3n. El mando a distancia wireless permite de controlar 4 diferentes sistemas en el mismo tiempo y puede funcionar a una distancia m\u00e1xima de 50 m. El dispositivo ha sido equipado de sistema multi-idioma y control de la garant\u00eda.\" \/>\n<meta property=\"og:url\" content=\"https:\/\/ptmsrl.com\/es\/prodotto\/av65\/\" \/>\n<meta property=\"og:site_name\" content=\"PTM Srl\" \/>\n<meta property=\"article:publisher\" content=\"https:\/\/www.facebook.com\/believingintechnology\/\" \/>\n<meta property=\"article:modified_time\" content=\"2019-07-25T15:02:49+00:00\" \/>\n<meta property=\"og:image\" content=\"https:\/\/ptmsrl.com\/wp-content\/uploads\/2018\/09\/AV-65-GENERICO-FGDISPLAV650.jpg\" \/>\n\t<meta property=\"og:image:width\" content=\"1024\" \/>\n\t<meta property=\"og:image:height\" content=\"1024\" \/>\n\t<meta property=\"og:image:type\" content=\"image\/jpeg\" \/>\n<meta name=\"twitter:card\" content=\"summary_large_image\" \/>\n<meta name=\"twitter:site\" content=\"@ptm\" \/>\n<meta name=\"twitter:label1\" content=\"Tiempo de lectura\" \/>\n\t<meta name=\"twitter:data1\" content=\"1 minuto\" \/>\n<script type=\"application\/ld+json\" class=\"yoast-schema-graph\">{\"@context\":\"https:\/\/schema.org\",\"@graph\":[{\"@type\":\"WebPage\",\"@id\":\"https:\/\/ptmsrl.com\/es\/prodotto\/av65\/\",\"url\":\"https:\/\/ptmsrl.com\/es\/prodotto\/av65\/\",\"name\":\"PTM Srl | AV65\",\"isPartOf\":{\"@id\":\"https:\/\/ptmsrl.com\/#website\"},\"primaryImageOfPage\":{\"@id\":\"https:\/\/ptmsrl.com\/es\/prodotto\/av65\/#primaryimage\"},\"image\":{\"@id\":\"https:\/\/ptmsrl.com\/es\/prodotto\/av65\/#primaryimage\"},\"thumbnailUrl\":\"https:\/\/ptmsrl.com\/wp-content\/uploads\/2018\/09\/AV-65-GENERICO-FGDISPLAV650.jpg\",\"datePublished\":\"2018-09-07T13:03:34+00:00\",\"dateModified\":\"2019-07-25T15:02:49+00:00\",\"breadcrumb\":{\"@id\":\"https:\/\/ptmsrl.com\/es\/prodotto\/av65\/#breadcrumb\"},\"inLanguage\":\"es\",\"potentialAction\":[{\"@type\":\"ReadAction\",\"target\":[\"https:\/\/ptmsrl.com\/es\/prodotto\/av65\/\"]}]},{\"@type\":\"ImageObject\",\"inLanguage\":\"es\",\"@id\":\"https:\/\/ptmsrl.com\/es\/prodotto\/av65\/#primaryimage\",\"url\":\"https:\/\/ptmsrl.com\/wp-content\/uploads\/2018\/09\/AV-65-GENERICO-FGDISPLAV650.jpg\",\"contentUrl\":\"https:\/\/ptmsrl.com\/wp-content\/uploads\/2018\/09\/AV-65-GENERICO-FGDISPLAV650.jpg\",\"width\":1024,\"height\":1024,\"caption\":\"av-65-generico-fgdisplav650\"},{\"@type\":\"BreadcrumbList\",\"@id\":\"https:\/\/ptmsrl.com\/es\/prodotto\/av65\/#breadcrumb\",\"itemListElement\":[{\"@type\":\"ListItem\",\"position\":1,\"name\":\"Home\",\"item\":\"https:\/\/ptmsrl.com\/es\/\"},{\"@type\":\"ListItem\",\"position\":2,\"name\":\"Shop\",\"item\":\"https:\/\/ptmsrl.com\/shop\/\"},{\"@type\":\"ListItem\",\"position\":3,\"name\":\"AV65\"}]},{\"@type\":\"WebSite\",\"@id\":\"https:\/\/ptmsrl.com\/#website\",\"url\":\"https:\/\/ptmsrl.com\/\",\"name\":\"PTM Srl\",\"description\":\"\u041c\u042b \u041f\u0420\u041e\u0418\u0417\u0412\u041e\u0414\u0418\u041c \u041a\u0410\u0427\u0415\u0421\u0422\u0412\u041e, \u041a\u041e\u0422\u041e\u0420\u041e\u0415 \u0418\u041c\u0415\u0415\u0422 \u041e\u0421\u041e\u0411\u042b\u0419 \u0412\u0415\u0421\",\"publisher\":{\"@id\":\"https:\/\/ptmsrl.com\/#organization\"},\"potentialAction\":[{\"@type\":\"SearchAction\",\"target\":{\"@type\":\"EntryPoint\",\"urlTemplate\":\"https:\/\/ptmsrl.com\/?s={search_term_string}\"},\"query-input\":{\"@type\":\"PropertyValueSpecification\",\"valueRequired\":true,\"valueName\":\"search_term_string\"}}],\"inLanguage\":\"es\"},{\"@type\":\"Organization\",\"@id\":\"https:\/\/ptmsrl.com\/#organization\",\"name\":\"PTM srl\",\"url\":\"https:\/\/ptmsrl.com\/\",\"logo\":{\"@type\":\"ImageObject\",\"inLanguage\":\"es\",\"@id\":\"https:\/\/ptmsrl.com\/#\/schema\/logo\/image\/\",\"url\":\"https:\/\/ptmsrl.com\/wp-content\/uploads\/2018\/10\/LOGO-PTM.png\",\"contentUrl\":\"https:\/\/ptmsrl.com\/wp-content\/uploads\/2018\/10\/LOGO-PTM.png\",\"width\":1000,\"height\":500,\"caption\":\"PTM srl\"},\"image\":{\"@id\":\"https:\/\/ptmsrl.com\/#\/schema\/logo\/image\/\"},\"sameAs\":[\"https:\/\/www.facebook.com\/believingintechnology\/\",\"https:\/\/x.com\/ptm\",\"https:\/\/www.linkedin.com\/company\/ptm-s-r-l\/\",\"https:\/\/www.youtube.com\/channel\/UCPSOS0MaR-4jDkAD3HkAC7A\"]}]}<\/script>\n<!-- \/ Yoast SEO plugin. -->","yoast_head_json":{"title":"PTM Srl | AV65","robots":{"index":"index","follow":"follow","max-snippet":"max-snippet:-1","max-image-preview":"max-image-preview:large","max-video-preview":"max-video-preview:-1"},"canonical":"https:\/\/ptmsrl.com\/es\/prodotto\/av65\/","og_locale":"es_ES","og_type":"article","og_title":"PTM Srl | AV65","og_description":"Display repetidor de peso de radiofrecuencia, con mando a distancia del sistema de pesada y activaci\u00f3n de las funciones Este dispositivo port\u00e1til esta pensado y dise\u00f1ado para el control en wireless del sistema de pesada y para la activaci\u00f3n de las funciones para todas las b\u00e1sculas de la l\u00ednea ADVANCE y EVOLUTION. Est\u00e1 fabricado en material pl\u00e1stico con la antena integrada. Doble display (un display LCD retroiluminado y \u00e9l otro con 6 d\u00edgitos con elevada luminiscencia y elevada visibilidad). El AV65 permite de controlar a distancia el trabajo, as\u00ed el usuario no tiene que abandonar su posici\u00f3n y puede moverse libremente durante el uso. El dispositivo puede gestionar hasta 24 salidas, tiene 9 teclas que permiten la activaci\u00f3n directa de las operaciones especiales (por ejemplo rotaci\u00f3n banda, activaci\u00f3n contra-cuchillos, etc..). Cada tecla puede ser asociada con hasta 4 salidas en el mismo tiempo y para una mejor claridad, los mandos activos viene visualizados en el display LDC alfanum\u00e9rico.  Es posible utilizar esto dispositivo para diferentes sistemas y gracias al software integrado, es posible adaptar y programar el sistema seg\u00fan las necesidades programando los par\u00e1metros deseados en el mando a distancia. Adem\u00e1s la seguridad del usuario est\u00e1 asegurada por: un tiempo de retraso programable, el bloqueo de los mandos contrarios potencialmente peligrosos y por el aumento del controle visible del usuario gracias a los led que se\u0148alan la activaci\u00f3n de una funci\u00f3n. El mando a distancia wireless permite de controlar 4 diferentes sistemas en el mismo tiempo y puede funcionar a una distancia m\u00e1xima de 50 m. El dispositivo ha sido equipado de sistema multi-idioma y control de la garant\u00eda.","og_url":"https:\/\/ptmsrl.com\/es\/prodotto\/av65\/","og_site_name":"PTM Srl","article_publisher":"https:\/\/www.facebook.com\/believingintechnology\/","article_modified_time":"2019-07-25T15:02:49+00:00","og_image":[{"width":1024,"height":1024,"url":"https:\/\/ptmsrl.com\/wp-content\/uploads\/2018\/09\/AV-65-GENERICO-FGDISPLAV650.jpg","type":"image\/jpeg"}],"twitter_card":"summary_large_image","twitter_site":"@ptm","twitter_misc":{"Tiempo de lectura":"1 minuto"},"schema":{"@context":"https:\/\/schema.org","@graph":[{"@type":"WebPage","@id":"https:\/\/ptmsrl.com\/es\/prodotto\/av65\/","url":"https:\/\/ptmsrl.com\/es\/prodotto\/av65\/","name":"PTM Srl | AV65","isPartOf":{"@id":"https:\/\/ptmsrl.com\/#website"},"primaryImageOfPage":{"@id":"https:\/\/ptmsrl.com\/es\/prodotto\/av65\/#primaryimage"},"image":{"@id":"https:\/\/ptmsrl.com\/es\/prodotto\/av65\/#primaryimage"},"thumbnailUrl":"https:\/\/ptmsrl.com\/wp-content\/uploads\/2018\/09\/AV-65-GENERICO-FGDISPLAV650.jpg","datePublished":"2018-09-07T13:03:34+00:00","dateModified":"2019-07-25T15:02:49+00:00","breadcrumb":{"@id":"https:\/\/ptmsrl.com\/es\/prodotto\/av65\/#breadcrumb"},"inLanguage":"es","potentialAction":[{"@type":"ReadAction","target":["https:\/\/ptmsrl.com\/es\/prodotto\/av65\/"]}]},{"@type":"ImageObject","inLanguage":"es","@id":"https:\/\/ptmsrl.com\/es\/prodotto\/av65\/#primaryimage","url":"https:\/\/ptmsrl.com\/wp-content\/uploads\/2018\/09\/AV-65-GENERICO-FGDISPLAV650.jpg","contentUrl":"https:\/\/ptmsrl.com\/wp-content\/uploads\/2018\/09\/AV-65-GENERICO-FGDISPLAV650.jpg","width":1024,"height":1024,"caption":"av-65-generico-fgdisplav650"},{"@type":"BreadcrumbList","@id":"https:\/\/ptmsrl.com\/es\/prodotto\/av65\/#breadcrumb","itemListElement":[{"@type":"ListItem","position":1,"name":"Home","item":"https:\/\/ptmsrl.com\/es\/"},{"@type":"ListItem","position":2,"name":"Shop","item":"https:\/\/ptmsrl.com\/shop\/"},{"@type":"ListItem","position":3,"name":"AV65"}]},{"@type":"WebSite","@id":"https:\/\/ptmsrl.com\/#website","url":"https:\/\/ptmsrl.com\/","name":"PTM Srl","description":"\u041c\u042b \u041f\u0420\u041e\u0418\u0417\u0412\u041e\u0414\u0418\u041c \u041a\u0410\u0427\u0415\u0421\u0422\u0412\u041e, \u041a\u041e\u0422\u041e\u0420\u041e\u0415 \u0418\u041c\u0415\u0415\u0422 \u041e\u0421\u041e\u0411\u042b\u0419 \u0412\u0415\u0421","publisher":{"@id":"https:\/\/ptmsrl.com\/#organization"},"potentialAction":[{"@type":"SearchAction","target":{"@type":"EntryPoint","urlTemplate":"https:\/\/ptmsrl.com\/?s={search_term_string}"},"query-input":{"@type":"PropertyValueSpecification","valueRequired":true,"valueName":"search_term_string"}}],"inLanguage":"es"},{"@type":"Organization","@id":"https:\/\/ptmsrl.com\/#organization","name":"PTM srl","url":"https:\/\/ptmsrl.com\/","logo":{"@type":"ImageObject","inLanguage":"es","@id":"https:\/\/ptmsrl.com\/#\/schema\/logo\/image\/","url":"https:\/\/ptmsrl.com\/wp-content\/uploads\/2018\/10\/LOGO-PTM.png","contentUrl":"https:\/\/ptmsrl.com\/wp-content\/uploads\/2018\/10\/LOGO-PTM.png","width":1000,"height":500,"caption":"PTM srl"},"image":{"@id":"https:\/\/ptmsrl.com\/#\/schema\/logo\/image\/"},"sameAs":["https:\/\/www.facebook.com\/believingintechnology\/","https:\/\/x.com\/ptm","https:\/\/www.linkedin.com\/company\/ptm-s-r-l\/","https:\/\/www.youtube.com\/channel\/UCPSOS0MaR-4jDkAD3HkAC7A"]}]}},"_links":{"self":[{"href":"https:\/\/ptmsrl.com\/es\/wp-json\/wp\/v2\/product\/5171","targetHints":{"allow":["GET"]}}],"collection":[{"href":"https:\/\/ptmsrl.com\/es\/wp-json\/wp\/v2\/product"}],"about":[{"href":"https:\/\/ptmsrl.com\/es\/wp-json\/wp\/v2\/types\/product"}],"wp:featuredmedia":[{"embeddable":true,"href":"https:\/\/ptmsrl.com\/es\/wp-json\/wp\/v2\/media\/5172"}],"wp:attachment":[{"href":"https:\/\/ptmsrl.com\/es\/wp-json\/wp\/v2\/media?parent=5171"}],"wp:term":[{"taxonomy":"product_brand","embeddable":true,"href":"https:\/\/ptmsrl.com\/es\/wp-json\/wp\/v2\/product_brand?post=5171"},{"taxonomy":"product_cat","embeddable":true,"href":"https:\/\/ptmsrl.com\/es\/wp-json\/wp\/v2\/product_cat?post=5171"},{"taxonomy":"product_tag","embeddable":true,"href":"https:\/\/ptmsrl.com\/es\/wp-json\/wp\/v2\/product_tag?post=5171"}],"curies":[{"name":"wp","href":"https:\/\/api.w.org\/{rel}","templated":true}]}}